{"id":308,"date":"2023-11-05T07:22:56","date_gmt":"2023-11-05T07:22:56","guid":{"rendered":"https:\/\/exceladvisor.org\/es\/encontrar-la-direccion-de-la-celda-2\/"},"modified":"2023-12-25T10:32:58","modified_gmt":"2023-12-25T10:32:58","slug":"encontrar-la-direccion-de-la-celda-2","status":"publish","type":"page","link":"https:\/\/exceladvisor.org\/es\/encontrar-la-direccion-de-la-celda-2\/","title":{"rendered":"Encontrar la direcci\u00f3n de la celda en lugar del valor"},"content":{"rendered":"<div class=\"excel-antes-del-contenido\" id=\"excel-4158066075\"><script type=\"text\/javascript\">\r\n\tatOptions = {\r\n\t\t'key' : 'c1158f160081d6540a8409e6925dab94',\r\n\t\t'format' : 'iframe',\r\n\t\t'height' : 250,\r\n\t\t'width' : 300,\r\n\t\t'params' : {}\r\n\t};\r\n<\/script>\r\n<script type=\"text\/javascript\" src=\"\/\/www.highperformanceformat.com\/c1158f160081d6540a8409e6925dab94\/invoke.js\"><\/script><\/div><p>En Excel, puede buscar una celda y, en lugar del valor de la celda, puede obtener su direcci\u00f3n de celda. Digamos que tiene el valor correspondiente en la celda B12. Con la f\u00f3rmula puedes tener la direcci\u00f3n B12, no su valor.<\/p>\n<p> Este tutorial analizar\u00e1 posibles formas de escribir una f\u00f3rmula para esto.<\/p>\n<h2 class=\"wp-block-heading\"> Obtener la direcci\u00f3n de la celda en lugar del valor (CELDA + \u00cdNDICE + COINCIDENCIA)<\/h2>\n<p> Siga los pasos a continuaci\u00f3n para escribir esta f\u00f3rmula:<\/p>\n<ol>\n<li> Primero, ingrese la funci\u00f3n CELDA en una celda y, en el primer argumento, especifique \u00abdirecci\u00f3n\u00bb como tipo_info. <br \/><img loading=\"lazy\" decoding=\"async\" title=\"1-obtener-direcci\u00f3n-celular\" src=\"https:\/\/exceladvisor.org\/wp-content\/uploads\/2023\/08\/1-obtenir-ladresse-cellulaire.png\" sizes=\"auto, \" srcset=\"\" alt=\"get-cell-address\" width=\"493\" height=\"177\"><\/li>\n<li> Despu\u00e9s de eso, en el segundo argumento, ingrese la funci\u00f3n \u00cdNDICE. <br \/><img loading=\"lazy\" decoding=\"async\" title=\"\u00cdndice de introducci\u00f3n de argumentos de 2 en segundos\" src=\"https:\/\/exceladvisor.org\/wp-content\/uploads\/2023\/08\/2-dans-le-deuxieme-argument-entrez-lindex.png\" sizes=\"auto, \" srcset=\"\" alt=\"in-second-argument-enter-index\" width=\"526\" height=\"179\"><\/li>\n<li> Luego, en el argumento de matriz del \u00cdNDICE, haga referencia a los nombres que tiene en la columna A. El rango ser\u00e1 A2:A1001. <br \/><img loading=\"lazy\" decoding=\"async\" title=\"Argumento-de-\u00edndice de 3 matrices\" src=\"https:\/\/exceladvisor.org\/wp-content\/uploads\/2023\/08\/3-arguments-de-tableau-dindex.png\" sizes=\"auto, \" srcset=\"\" alt=\"array-argument-of-index\" width=\"642\" height=\"207\"><\/li>\n<li> Ahora, en el segundo argumento del \u00cdNDICE, ingrese la funci\u00f3n COINCIDIR. <br \/><img loading=\"lazy\" decoding=\"async\" title=\"Funci\u00f3n de 4 entradas\" src=\"https:\/\/exceladvisor.org\/wp-content\/uploads\/2023\/08\/4-entrez-la-fonction-de-correspondance.png\" sizes=\"auto, \" srcset=\"\" alt=\"enter-match-function\" width=\"663\" height=\"229\"><\/li>\n<li> A partir de ah\u00ed, en COINCIDIR, especifique el valor de b\u00fasqueda en el argumento valor_b\u00fasqueda y haga referencia al rango A2:A1001 nuevamente en el argumento matriz_b\u00fasqueda. Y use 0 en el argumento [match_type] para realizar una coincidencia exacta. <br \/><img loading=\"lazy\" decoding=\"async\" title=\"5-coincidencias-especificar-el-valor-de-b\u00fasqueda\" src=\"https:\/\/exceladvisor.org\/wp-content\/uploads\/2023\/08\/5-match-specifiez-la-valeur-de-recherche.png\" sizes=\"auto, \" srcset=\"\" alt=\"match-specify-the-lookup-value\" width=\"762\" height=\"232\"><\/li>\n<li> Al final, ingrese el par\u00e9ntesis de cierre y presione Enter para obtener el resultado.<\/li>\n<\/ol>\n<p> Cuando presione Enter, devolver\u00e1 la direcci\u00f3n de celda del valor que busc\u00f3. <\/p>\n<div class=\"wp-block-image\">\n<figure class=\"aligncenter size-full is-resized\"><img loading=\"lazy\" decoding=\"async\" class=\"wp-image-80564\" src=\"https:\/\/exceladvisor.org\/wp-content\/uploads\/2023\/08\/6-adresse-de-cellule-obtenue.png\" sizes=\"auto, \" srcset=\"\" alt=\"direcci\u00f3n de celda resultante\" width=\"489\" height=\"383\"><\/figure>\n<\/div>\n<p> El nombre \u00abAlec Wright\u00bb est\u00e1 en la celda A5 y eso es lo que aparece en el resultado.<\/p>\n<pre class=\"wp-block-code\"> <code class=\"language-excel-formula\" lang=\"excel-formula\">=CELL(\"address\",INDEX(A2:A1001,MATCH(C1,A2:A1001,0)))<\/code><\/pre>\n<h2 class=\"wp-block-heading\"> \u00bfC\u00f3mo funciona esta f\u00f3rmula?<\/h2>\n<p> Para entender esta f\u00f3rmula, debes <strong>dividirla en tres partes,<\/strong> porque usamos tres funciones. <\/p>\n<div class=\"wp-block-image\">\n<figure class=\"aligncenter size-full is-resized\"><img loading=\"lazy\" decoding=\"async\" class=\"wp-image-80565\" src=\"https:\/\/exceladvisor.org\/wp-content\/uploads\/2023\/08\/7-cracher-la-formule-en-trois-parties.png\" sizes=\"auto, \" srcset=\"\" alt=\"escupir-la-f\u00f3rmula-de-tres-partes\" width=\"687\" height=\"116\"><\/figure>\n<\/div>\n<p> En la primera parte, tenemos la funci\u00f3n COINCIDIR que coincide con el valor de b\u00fasqueda del nombre de celda A2:A1001 y devuelve el n\u00famero de posici\u00f3n en el resultado. <\/p>\n<div class=\"wp-block-image\">\n<figure class=\"aligncenter size-full is-resized\"><img loading=\"lazy\" decoding=\"async\" class=\"wp-image-80566\" src=\"https:\/\/exceladvisor.org\/wp-content\/uploads\/2023\/08\/8-premiere-partie-a-une-fonction-de-correspondance.png\" sizes=\"auto, \" srcset=\"\" alt=\"la primera parte tiene una funci\u00f3n de coincidencia\" width=\"560\" height=\"135\"><\/figure>\n<\/div>\n<p> Despu\u00e9s de eso, INDEX toma este n\u00famero de posici\u00f3n de MACTH y obtiene el valor del rango en <sup>la cuarta<\/sup> posici\u00f3n. Esto significa la celda A5. <\/p>\n<div class=\"wp-block-image\">\n<figure class=\"aligncenter size-full is-resized\"><img loading=\"lazy\" decoding=\"async\" class=\"wp-image-80567\" src=\"https:\/\/exceladvisor.org\/wp-content\/uploads\/2023\/08\/Lindex-9-prend-la-position-apres-le-match.png\" sizes=\"auto, \" srcset=\"\" alt=\"\u00edndice-toma-posici\u00f3n-despu\u00e9s-del-partido\" width=\"341\" height=\"122\"><\/figure>\n<\/div>\n<div class=\"wp-block-group grey-note is-layout-constrained\">\n<div class=\"wp-block-group__inner-container\">\n<p> <strong>SECRETO<\/strong> : \u00cdNDICE devuelve el valor de la cuarta posici\u00f3n o celda A5 del rango en el ejemplo anterior. Pero \u00cdNDICE como funci\u00f3n devuelve dos valores diferentes. Uno es el valor de la celda (que puede ver arriba) y el segundo es la direcci\u00f3n de la celda donde se almacena el valor (A5). No puede ver ni obtener la direcci\u00f3n del celular como usuario, pero la funci\u00f3n CELL es lo suficientemente inteligente como para obtenerla y usarla. <\/p>\n<div class=\"wp-block-image\">\n<figure class=\"aligncenter size-full is-resized\"><img loading=\"lazy\" decoding=\"async\" class=\"wp-image-80568\" src=\"https:\/\/exceladvisor.org\/wp-content\/uploads\/2023\/08\/10-index-renvoie-la-valeur.png\" sizes=\"auto, \" srcset=\"\" alt=\"valor-rendimiento-\u00edndice\" width=\"731\" height=\"160\"><\/figure>\n<\/div>\n<\/div>\n<\/div>\n<p> En \u00faltima instancia, la funci\u00f3n CELL devuelve la direcci\u00f3n de la celda utilizando una referencia absoluta en el resultado. <\/p>\n<div class=\"wp-block-image\">\n<figure class=\"aligncenter size-full is-resized\"><img loading=\"lazy\" decoding=\"async\" class=\"wp-image-80569\" src=\"https:\/\/exceladvisor.org\/wp-content\/uploads\/2023\/08\/11-fonction-de-cellule-renvoie-ladresse-de-la-cellule.png\" sizes=\"auto, \" srcset=\"\" alt=\"funci\u00f3n-celda-devuelve-direcci\u00f3n-celda\" width=\"639\" height=\"257\"><\/figure>\n<\/div>\n<p> Si desea eliminar los signos de d\u00f3lar de la direcci\u00f3n del celular, puede usar SUSTITUIR. <\/p>\n<pre class=\"wp-block-code\"> <code class=\"language-excel-formula\" lang=\"excel-formula\">=SUBSTITUTE(CELL(\"address\",INDEX(A2:A1001,MATCH(C1,A2:A1001,0))),\"$\",\"\")<\/code><\/pre>\n<div class=\"wp-block-image\">\n<figure class=\"aligncenter size-full is-resized\"><img loading=\"lazy\" decoding=\"async\" class=\"wp-image-80570\" src=\"https:\/\/exceladvisor.org\/wp-content\/uploads\/2023\/08\/12-supprimer-le-signe-dollar-par-substitut.png\" sizes=\"auto, \" srcset=\"\" alt=\"eliminar-signo-de-d\u00f3lar-por-sustituir\" width=\"763\" height=\"229\"><\/figure>\n<\/div>\n<h2 class=\"wp-block-heading\"> Obtenga la direcci\u00f3n del celular usando DIRECCI\u00d3N + COINCIDIR<\/h2>\n<p> Hay otra forma de escribir una f\u00f3rmula para obtener la direcci\u00f3n de la celda. <\/p>\n<div class=\"wp-block-image\">\n<figure class=\"aligncenter size-full is-resized\"><img loading=\"lazy\" decoding=\"async\" class=\"wp-image-80571\" src=\"https:\/\/exceladvisor.org\/wp-content\/uploads\/2023\/08\/13-adresse-de-cellule-par-adresse-plus-correspondance.png\" sizes=\"auto, \" srcset=\"\" alt=\"direcci\u00f3n-celda-por-direcci\u00f3n-m\u00e1s-coincidencia\" width=\"749\" height=\"251\"><\/figure>\n<\/div>\n<pre class=\"wp-block-code\"> <code class=\"language-excel-formula\" lang=\"excel-formula\">=ADDRESS(MATCH(C1,A1:A1001,0),1)<\/code><\/pre>\n<p> Esta f\u00f3rmula funciona en dos partes: en la primera parte, tenemos la funci\u00f3n COINCIDIR para obtener el n\u00famero de posici\u00f3n de la celda donde tiene el valor de b\u00fasqueda. <\/p>\n<div class=\"wp-block-image\">\n<figure class=\"aligncenter size-full is-resized\"><img loading=\"lazy\" decoding=\"async\" class=\"wp-image-80572\" src=\"https:\/\/exceladvisor.org\/wp-content\/uploads\/2023\/08\/14-match-obtient-le-numero-de-position-de-la-cellule.png\" sizes=\"auto, \" srcset=\"\" alt=\"coincidencia-obtiene-posici\u00f3n-n\u00famero-de-celda\" width=\"527\" height=\"123\"><\/figure>\n<\/div>\n<p> Despu\u00e9s de eso, en la funci\u00f3n DIRECCI\u00d3N, tiene el n\u00famero devuelto por COINCIDIR (en el primer argumento), que es el argumento FILA para establecer el n\u00famero de fila.<\/p>\n<p> Y en el segundo argumento tenemos el n\u00famero de columna. <\/p>\n<div class=\"wp-block-image\">\n<figure class=\"aligncenter size-full is-resized\"><img loading=\"lazy\" decoding=\"async\" class=\"wp-image-80573\" src=\"https:\/\/exceladvisor.org\/wp-content\/uploads\/2023\/08\/15-fonction-dadresse-ont-un-numero-renvoye-par-correspondance.png\" sizes=\"auto, \" srcset=\"\" alt=\"direcci\u00f3n-funci\u00f3n-tener-n\u00famero-retorno-por-coincidencia\" width=\"433\" height=\"115\"><\/figure>\n<\/div>\n<p> La fila 5 y la columna 1 crean una direcci\u00f3n de celda A5.<\/p>\n<p> <strong>Recomendar: <sup>1er<\/sup> m\u00e9todo<\/strong> <\/p>\n<div class=\"gb-container gb-container-52dfcee1 gb-container-sample-file\">\n<h2 class=\"gb-headline gb-headline-e289c143 gb-headline-text gb-headline-4f7959c2\"> Obtener el archivo Excel<\/h2>\n<p> <a class=\"gb-button gb-button-e88d6bee gb-button-text gb-button-button1\" href=\"https:\/\/exceladvisor.org\/wp-content\/uploads\/2023\/08\/rechercher-ladresse-de-la-cellule.xlsx\" rel=\"nofollow\">Descargar<\/a><\/p>\n<\/div>\n<div class=\"gb-container gb-container-0df56012 gb-container-mt\"> <a class=\"gb-button gb-button-f9f432f4 gb-button-text gb-button-mt-button\" href=\"https:\/\/exceladvisor.org\/es\/formulas\/\">Lista de f\u00f3rmulas de Excel<\/a><\/p>\n<h2 class=\"gb-headline gb-headline-233444e8 gb-headline-text gb-headline-mt-heading\"> F\u00f3rmulas relacionadas <\/h2>\n<div class=\"gb-grid-wrapper gb-grid-wrapper-a16fa65c gb-grid-wrapper-mt-grid\">\n<div class=\"gb-grid-column gb-grid-column-50d07e0d\">\n<div class=\"gb-container gb-container-50d07e0d\">\n<ul>\n<li> <a href=\"https:\/\/exceladvisor.org\/es\/vlookup-varios-criterios\/\">BUSCARV con m\u00faltiples criterios en Excel<\/a><\/li>\n<li> <a href=\"https:\/\/exceladvisor.org\/es\/comodines-con-vlookup\/\">Comodines con BUSCARV en Excel<\/a><\/li>\n<li> <a href=\"https:\/\/exceladvisor.org\/es\/buscar-fechas-v\/\">BUSCARV Fechas (BUSCARV para una fecha a partir de datos)<\/a><\/li>\n<li> <a href=\"https:\/\/exceladvisor.org\/es\/encontrar-el-ultimo-valor-2\/\">Encuentra el \u00faltimo valor en una columna o fila<\/a><\/li>\n<li> <a href=\"https:\/\/exceladvisor.org\/es\/vlookup-desde-otra-hoja\/\">BUSCARV desde otra hoja (entre hojas)<\/a> <\/li>\n<\/ul>\n<\/div>\n<\/div>\n<div class=\"gb-grid-column gb-grid-column-5b4a0cf9\">\n<div class=\"gb-container gb-container-5b4a0cf9\"><\/div>\n<\/div>\n<\/div>\n<\/div>\n","protected":false},"excerpt":{"rendered":"<p>En Excel, puede buscar una celda y, en lugar del valor de la celda, puede obtener su direcci\u00f3n de celda. Digamos que tiene el valor correspondiente en la celda B12. Con la f\u00f3rmula puedes tener la direcci\u00f3n B12, no su valor. Este tutorial analizar\u00e1 posibles formas de escribir una f\u00f3rmula para esto. Obtener la direcci\u00f3n [&hellip;]<\/p>\n","protected":false},"author":1,"featured_media":0,"parent":0,"menu_order":0,"comment_status":"open","ping_status":"closed","template":"","meta":{"ub_ctt_via":"","footnotes":""},"class_list":["post-308","page","type-page","status-publish","hentry"],"featured_image_src":null,"yoast_head":"<!-- This site is optimized with the Yoast SEO plugin v25.4 - https:\/\/yoast.com\/wordpress\/plugins\/seo\/ -->\n<title>Encontrar la direcci\u00f3n de la celda en lugar del valor<\/title>\n<meta name=\"robots\" content=\"index, follow, max-snippet:-1, max-image-preview:large, max-video-preview:-1\" \/>\n<link rel=\"canonical\" href=\"https:\/\/exceladvisor.org\/es\/encontrar-la-direccion-de-la-celda-2\/\" \/>\n<meta property=\"og:locale\" content=\"es_ES\" \/>\n<meta property=\"og:type\" content=\"article\" \/>\n<meta property=\"og:title\" content=\"Encontrar la direcci\u00f3n de la celda en lugar del valor\" \/>\n<meta property=\"og:description\" content=\"En Excel, puede buscar una celda y, en lugar del valor de la celda, puede obtener su direcci\u00f3n de celda. Digamos que tiene el valor correspondiente en la celda B12. Con la f\u00f3rmula puedes tener la direcci\u00f3n B12, no su valor. Este tutorial analizar\u00e1 posibles formas de escribir una f\u00f3rmula para esto. Obtener la direcci\u00f3n [&hellip;]\" \/>\n<meta property=\"og:url\" content=\"https:\/\/exceladvisor.org\/es\/encontrar-la-direccion-de-la-celda-2\/\" \/>\n<meta property=\"og:site_name\" content=\"Excel Advisor\" \/>\n<meta property=\"article:modified_time\" content=\"2023-12-25T10:32:58+00:00\" \/>\n<meta property=\"og:image\" content=\"https:\/\/exceladvisor.org\/wp-content\/uploads\/2023\/08\/1-obtenir-ladresse-cellulaire.png\" \/>\n<meta name=\"twitter:card\" content=\"summary_large_image\" \/>\n<meta name=\"twitter:label1\" content=\"Tiempo de lectura\" \/>\n\t<meta name=\"twitter:data1\" content=\"3 minutos\" \/>\n<script type=\"application\/ld+json\" class=\"yoast-schema-graph\">{\"@context\":\"https:\/\/schema.org\",\"@graph\":[{\"@type\":\"WebPage\",\"@id\":\"https:\/\/exceladvisor.org\/es\/encontrar-la-direccion-de-la-celda-2\/\",\"url\":\"https:\/\/exceladvisor.org\/es\/encontrar-la-direccion-de-la-celda-2\/\",\"name\":\"Encontrar la direcci\u00f3n de la celda en lugar del valor\",\"isPartOf\":{\"@id\":\"https:\/\/exceladvisor.org\/es\/#website\"},\"primaryImageOfPage\":{\"@id\":\"https:\/\/exceladvisor.org\/es\/encontrar-la-direccion-de-la-celda-2\/#primaryimage\"},\"image\":{\"@id\":\"https:\/\/exceladvisor.org\/es\/encontrar-la-direccion-de-la-celda-2\/#primaryimage\"},\"thumbnailUrl\":\"https:\/\/exceladvisor.org\/wp-content\/uploads\/2023\/08\/1-obtenir-ladresse-cellulaire.png\",\"datePublished\":\"2023-11-05T07:22:56+00:00\",\"dateModified\":\"2023-12-25T10:32:58+00:00\",\"breadcrumb\":{\"@id\":\"https:\/\/exceladvisor.org\/es\/encontrar-la-direccion-de-la-celda-2\/#breadcrumb\"},\"inLanguage\":\"es\",\"potentialAction\":[{\"@type\":\"ReadAction\",\"target\":[\"https:\/\/exceladvisor.org\/es\/encontrar-la-direccion-de-la-celda-2\/\"]}]},{\"@type\":\"ImageObject\",\"inLanguage\":\"es\",\"@id\":\"https:\/\/exceladvisor.org\/es\/encontrar-la-direccion-de-la-celda-2\/#primaryimage\",\"url\":\"https:\/\/exceladvisor.org\/wp-content\/uploads\/2023\/08\/1-obtenir-ladresse-cellulaire.png\",\"contentUrl\":\"https:\/\/exceladvisor.org\/wp-content\/uploads\/2023\/08\/1-obtenir-ladresse-cellulaire.png\"},{\"@type\":\"BreadcrumbList\",\"@id\":\"https:\/\/exceladvisor.org\/es\/encontrar-la-direccion-de-la-celda-2\/#breadcrumb\",\"itemListElement\":[{\"@type\":\"ListItem\",\"position\":1,\"name\":\"Hogar\",\"item\":\"https:\/\/exceladvisor.org\/es\/\"},{\"@type\":\"ListItem\",\"position\":2,\"name\":\"Encontrar la direcci\u00f3n de la celda en lugar del valor\"}]},{\"@type\":\"WebSite\",\"@id\":\"https:\/\/exceladvisor.org\/es\/#website\",\"url\":\"https:\/\/exceladvisor.org\/es\/\",\"name\":\"Excel Advisor\",\"description\":\"Su gu\u00eda para la dominaci\u00f3n de datos!\",\"publisher\":{\"@id\":\"https:\/\/exceladvisor.org\/es\/#organization\"},\"potentialAction\":[{\"@type\":\"SearchAction\",\"target\":{\"@type\":\"EntryPoint\",\"urlTemplate\":\"https:\/\/exceladvisor.org\/es\/?s={search_term_string}\"},\"query-input\":{\"@type\":\"PropertyValueSpecification\",\"valueRequired\":true,\"valueName\":\"search_term_string\"}}],\"inLanguage\":\"es\"},{\"@type\":\"Organization\",\"@id\":\"https:\/\/exceladvisor.org\/es\/#organization\",\"name\":\"Excel Advisor\",\"url\":\"https:\/\/exceladvisor.org\/es\/\",\"logo\":{\"@type\":\"ImageObject\",\"inLanguage\":\"es\",\"@id\":\"https:\/\/exceladvisor.org\/es\/#\/schema\/logo\/image\/\",\"url\":\"https:\/\/exceladvisor.org\/es\/wp-content\/uploads\/2023\/12\/exceladvisor.org_.png\",\"contentUrl\":\"https:\/\/exceladvisor.org\/es\/wp-content\/uploads\/2023\/12\/exceladvisor.org_.png\",\"width\":105,\"height\":36,\"caption\":\"Excel Advisor\"},\"image\":{\"@id\":\"https:\/\/exceladvisor.org\/es\/#\/schema\/logo\/image\/\"}}]}<\/script>\n<!-- \/ Yoast SEO plugin. -->","yoast_head_json":{"title":"Encontrar la direcci\u00f3n de la celda en lugar del valor","robots":{"index":"index","follow":"follow","max-snippet":"max-snippet:-1","max-image-preview":"max-image-preview:large","max-video-preview":"max-video-preview:-1"},"canonical":"https:\/\/exceladvisor.org\/es\/encontrar-la-direccion-de-la-celda-2\/","og_locale":"es_ES","og_type":"article","og_title":"Encontrar la direcci\u00f3n de la celda en lugar del valor","og_description":"En Excel, puede buscar una celda y, en lugar del valor de la celda, puede obtener su direcci\u00f3n de celda. Digamos que tiene el valor correspondiente en la celda B12. Con la f\u00f3rmula puedes tener la direcci\u00f3n B12, no su valor. Este tutorial analizar\u00e1 posibles formas de escribir una f\u00f3rmula para esto. Obtener la direcci\u00f3n [&hellip;]","og_url":"https:\/\/exceladvisor.org\/es\/encontrar-la-direccion-de-la-celda-2\/","og_site_name":"Excel Advisor","article_modified_time":"2023-12-25T10:32:58+00:00","og_image":[{"url":"https:\/\/exceladvisor.org\/wp-content\/uploads\/2023\/08\/1-obtenir-ladresse-cellulaire.png","type":"","width":"","height":""}],"twitter_card":"summary_large_image","twitter_misc":{"Tiempo de lectura":"3 minutos"},"schema":{"@context":"https:\/\/schema.org","@graph":[{"@type":"WebPage","@id":"https:\/\/exceladvisor.org\/es\/encontrar-la-direccion-de-la-celda-2\/","url":"https:\/\/exceladvisor.org\/es\/encontrar-la-direccion-de-la-celda-2\/","name":"Encontrar la direcci\u00f3n de la celda en lugar del valor","isPartOf":{"@id":"https:\/\/exceladvisor.org\/es\/#website"},"primaryImageOfPage":{"@id":"https:\/\/exceladvisor.org\/es\/encontrar-la-direccion-de-la-celda-2\/#primaryimage"},"image":{"@id":"https:\/\/exceladvisor.org\/es\/encontrar-la-direccion-de-la-celda-2\/#primaryimage"},"thumbnailUrl":"https:\/\/exceladvisor.org\/wp-content\/uploads\/2023\/08\/1-obtenir-ladresse-cellulaire.png","datePublished":"2023-11-05T07:22:56+00:00","dateModified":"2023-12-25T10:32:58+00:00","breadcrumb":{"@id":"https:\/\/exceladvisor.org\/es\/encontrar-la-direccion-de-la-celda-2\/#breadcrumb"},"inLanguage":"es","potentialAction":[{"@type":"ReadAction","target":["https:\/\/exceladvisor.org\/es\/encontrar-la-direccion-de-la-celda-2\/"]}]},{"@type":"ImageObject","inLanguage":"es","@id":"https:\/\/exceladvisor.org\/es\/encontrar-la-direccion-de-la-celda-2\/#primaryimage","url":"https:\/\/exceladvisor.org\/wp-content\/uploads\/2023\/08\/1-obtenir-ladresse-cellulaire.png","contentUrl":"https:\/\/exceladvisor.org\/wp-content\/uploads\/2023\/08\/1-obtenir-ladresse-cellulaire.png"},{"@type":"BreadcrumbList","@id":"https:\/\/exceladvisor.org\/es\/encontrar-la-direccion-de-la-celda-2\/#breadcrumb","itemListElement":[{"@type":"ListItem","position":1,"name":"Hogar","item":"https:\/\/exceladvisor.org\/es\/"},{"@type":"ListItem","position":2,"name":"Encontrar la direcci\u00f3n de la celda en lugar del valor"}]},{"@type":"WebSite","@id":"https:\/\/exceladvisor.org\/es\/#website","url":"https:\/\/exceladvisor.org\/es\/","name":"Excel Advisor","description":"Su gu\u00eda para la dominaci\u00f3n de datos!","publisher":{"@id":"https:\/\/exceladvisor.org\/es\/#organization"},"potentialAction":[{"@type":"SearchAction","target":{"@type":"EntryPoint","urlTemplate":"https:\/\/exceladvisor.org\/es\/?s={search_term_string}"},"query-input":{"@type":"PropertyValueSpecification","valueRequired":true,"valueName":"search_term_string"}}],"inLanguage":"es"},{"@type":"Organization","@id":"https:\/\/exceladvisor.org\/es\/#organization","name":"Excel Advisor","url":"https:\/\/exceladvisor.org\/es\/","logo":{"@type":"ImageObject","inLanguage":"es","@id":"https:\/\/exceladvisor.org\/es\/#\/schema\/logo\/image\/","url":"https:\/\/exceladvisor.org\/es\/wp-content\/uploads\/2023\/12\/exceladvisor.org_.png","contentUrl":"https:\/\/exceladvisor.org\/es\/wp-content\/uploads\/2023\/12\/exceladvisor.org_.png","width":105,"height":36,"caption":"Excel Advisor"},"image":{"@id":"https:\/\/exceladvisor.org\/es\/#\/schema\/logo\/image\/"}}]}},"yoast_meta":{"yoast_wpseo_title":"","yoast_wpseo_metadesc":"","yoast_wpseo_canonical":""},"_links":{"self":[{"href":"https:\/\/exceladvisor.org\/es\/wp-json\/wp\/v2\/pages\/308","targetHints":{"allow":["GET"]}}],"collection":[{"href":"https:\/\/exceladvisor.org\/es\/wp-json\/wp\/v2\/pages"}],"about":[{"href":"https:\/\/exceladvisor.org\/es\/wp-json\/wp\/v2\/types\/page"}],"author":[{"embeddable":true,"href":"https:\/\/exceladvisor.org\/es\/wp-json\/wp\/v2\/users\/1"}],"replies":[{"embeddable":true,"href":"https:\/\/exceladvisor.org\/es\/wp-json\/wp\/v2\/comments?post=308"}],"version-history":[{"count":1,"href":"https:\/\/exceladvisor.org\/es\/wp-json\/wp\/v2\/pages\/308\/revisions"}],"predecessor-version":[{"id":1449,"href":"https:\/\/exceladvisor.org\/es\/wp-json\/wp\/v2\/pages\/308\/revisions\/1449"}],"wp:attachment":[{"href":"https:\/\/exceladvisor.org\/es\/wp-json\/wp\/v2\/media?parent=308"}],"curies":[{"name":"wp","href":"https:\/\/api.w.org\/{rel}","templated":true}]}}