{"id":309,"date":"2023-11-05T07:04:40","date_gmt":"2023-11-05T07:04:40","guid":{"rendered":"https:\/\/exceladvisor.org\/es\/cantidad-por-mes\/"},"modified":"2023-12-25T10:27:31","modified_gmt":"2023-12-25T10:27:31","slug":"cantidad-por-mes","status":"publish","type":"page","link":"https:\/\/exceladvisor.org\/es\/cantidad-por-mes\/","title":{"rendered":"\u00bfc\u00f3mo sumar los valores seg\u00fan los meses?"},"content":{"rendered":"<div class=\"excel-antes-del-contenido\" id=\"excel-2250886678\"><script type=\"text\/javascript\">\r\n\tatOptions = {\r\n\t\t'key' : 'c1158f160081d6540a8409e6925dab94',\r\n\t\t'format' : 'iframe',\r\n\t\t'height' : 250,\r\n\t\t'width' : 300,\r\n\t\t'params' : {}\r\n\t};\r\n<\/script>\r\n<script type=\"text\/javascript\" src=\"\/\/www.highperformanceformat.com\/c1158f160081d6540a8409e6925dab94\/invoke.js\"><\/script><\/div><p>Para sumar valores seg\u00fan el mes, cuando tenga fechas en una columna, puede usar SUMIFS o SUMPRODUCT. Con SUMIFS, puede hacer referencia a fechas que caen en un mes espec\u00edfico del a\u00f1o. Y con SUMPRODUCT, puedes sumar para un mes en particular, independientemente del a\u00f1o. <\/p>\n<div class=\"wp-block-image\">\n<figure class=\"aligncenter size-full is-resized\"><img loading=\"lazy\" decoding=\"async\" class=\"wp-image-80542\" src=\"https:\/\/exceladvisor.org\/wp-content\/uploads\/2023\/08\/1-somme-basee-sur-les-mois.png\" sizes=\"auto, \" srcset=\"\" alt=\"suma basada en meses\" width=\"686\" height=\"273\"><\/figure>\n<\/div>\n<p> Nuestros datos muestran fechas dentro de tres a\u00f1os, 2021, 2022 y 2023. Y usaremos ambas f\u00f3rmulas aqu\u00ed.<\/p>\n<h2 class=\"wp-block-heading\"> Utilice SUMIFS para sumar valores por meses de un a\u00f1o<\/h2>\n<p> Siga estos pasos para escribir esta f\u00f3rmula:<\/p>\n<ol type=\"1\">\n<li> Primero, en una celda, ingrese SUMIFS, luego en el primer argumento haga referencia al rango del cual desea obtener la suma.<\/li>\n<li> Despu\u00e9s de eso, en el segundo argumento (criteria_range1), especifica el rango donde tienes las fechas.<\/li>\n<li> Luego, en el tercer argumento (criterios), ingrese (\u201c&gt;=\u201d&amp;DATE(2022,1,1)) para especificar la fecha de inicio del mes.<\/li>\n<li> Ahora, en el rango de criterios 2, vuelva a hacer referencia al rango con fechas. Y en el criterio2, ingrese (\u201c&lt;=\u201d&amp;EOMONTH(\u201c01-Jan-2022\u201d,0)).<\/li>\n<li> Al final, escriba el par\u00e9ntesis de cierre y presione Entrar para obtener el resultado. <\/li>\n<\/ol>\n<div class=\"wp-block-image\">\n<figure class=\"aligncenter size-full is-resized\"><img loading=\"lazy\" decoding=\"async\" class=\"wp-image-80543\" src=\"https:\/\/exceladvisor.org\/wp-content\/uploads\/2023\/08\/2-sumifs-a-additionner-par-mois.png\" sizes=\"auto, \" srcset=\"\" alt=\"son-cantidad-por-mes\" width=\"724\" height=\"221\"><\/figure>\n<\/div>\n<p> Y una vez que le das enter te devuelve la suma de valores donde est\u00e1 la fecha en el mes de enero de 2022. <\/p>\n<div class=\"wp-block-image\">\n<figure class=\"aligncenter size-full is-resized\"><img loading=\"lazy\" decoding=\"async\" class=\"wp-image-80544\" src=\"https:\/\/exceladvisor.org\/wp-content\/uploads\/2023\/08\/3-somme-des-valeurs-selon-le-mois.png\" sizes=\"auto, \" srcset=\"\" alt=\"suma-de-valores-por-mes\" width=\"572\" height=\"302\"><\/figure>\n<\/div>\n<pre class=\"wp-block-code\"> <code class=\"language-excel-formula\" lang=\"excel-formula\">=SUMIFS(B2:B103,A2:A103,\"&gt;=\"&amp;DATE(2022,1,1),A2:A103,\"&lt;=\"&amp;EOMONTH(\"01-Jan-2022\",0))<\/code><\/pre>\n<h3 class=\"wp-block-heading\"> \u00bfC\u00f3mo funciona esta f\u00f3rmula?<\/h3>\n<p> Para entender esta f\u00f3rmula, es necesario dividirla en tres partes: <\/p>\n<div class=\"wp-block-image\">\n<figure class=\"aligncenter size-full is-resized\"><img loading=\"lazy\" decoding=\"async\" class=\"wp-image-80545\" src=\"https:\/\/exceladvisor.org\/wp-content\/uploads\/2023\/08\/4-formule-divisee-en-trois-parties.png\" sizes=\"auto, \" srcset=\"\" alt=\"f\u00f3rmula-dividida-en-tres-partes\" width=\"498\" height=\"162\"><\/figure>\n<\/div>\n<p> En la primera parte, especificaste el rango desde el cual necesitas obtener la suma. <\/p>\n<div class=\"wp-block-image\">\n<figure class=\"aligncenter size-full is-resized\"><img loading=\"lazy\" decoding=\"async\" class=\"wp-image-80546\" src=\"https:\/\/exceladvisor.org\/wp-content\/uploads\/2023\/08\/5-a-dabord-specifie-la-plage-pour-obtenir-la-somme.png\" sizes=\"auto, \" srcset=\"\" alt=\"primer rango especificado para obtener la suma\" width=\"692\" height=\"144\"><\/figure>\n<\/div>\n<p> En la segunda parte, hizo referencia al rango en el que tiene fechas y luego utiliz\u00f3 la funci\u00f3n FECHA para crear una fecha v\u00e1lida del 1 de enero de 2022.<\/p>\n<p> Con la funci\u00f3n FECHA, tambi\u00e9n usaste los operadores mayor e igual. Y cuando haces eso, le dice a SUMIFS que solo sume la fecha igual o mayor que el 1 de enero de 2022. <\/p>\n<div class=\"wp-block-image\">\n<figure class=\"aligncenter size-full is-resized\"><img loading=\"lazy\" decoding=\"async\" class=\"wp-image-80547\" src=\"https:\/\/exceladvisor.org\/wp-content\/uploads\/2023\/08\/6-specifie-la-plage-qui-a-des-dates.png\" sizes=\"auto, \" srcset=\"\" alt=\"especificado-el-rango-que-tiene-fechas\" width=\"578\" height=\"199\"><\/figure>\n<\/div>\n<p> En la parte 3, volvi\u00f3 a hacer referencia al rango de fechas.<\/p>\n<p> En los criterios, utiliz\u00f3 la funci\u00f3n EMES con fechas 01 de enero de 2022 y 0 como meses, que devuelve el \u00faltimo d\u00eda (fecha) de enero, 31 de enero de 2022. Junto con esto, tienes el operador menor que e igual.<\/p>\n<p> Esto le dice a SUMIF que sume los valores para fechas menores o iguales al 31 de enero de 2033. <\/p>\n<div class=\"wp-block-image\">\n<figure class=\"aligncenter size-full is-resized\"><img loading=\"lazy\" decoding=\"async\" class=\"wp-image-80548\" src=\"https:\/\/exceladvisor.org\/wp-content\/uploads\/2023\/08\/7-troisieme-partie-a-nouveau-renvoyee-a-la-plage-de-dates.png\" sizes=\"auto, \" srcset=\"\" alt=\"tercera parte-nuevamente-referida-hasta-fecha-rango\" width=\"514\" height=\"205\"><\/figure>\n<\/div>\n<p> Con los dos criterios anteriores, tiene un rango de fechas entre el 1 de enero de 2022 y el 31 de enero de 2022, y la f\u00f3rmula resumir\u00e1 todos los valores entre estas dos fechas.<\/p>\n<h2 class=\"wp-block-heading\"> SUMPRODUCT para sumar valores seg\u00fan el mes<\/h2>\n<p> Y si deseas sumar valores para un mes sin importar el a\u00f1o, puedes usar las funciones SUMAPRODUCTO y MES. <\/p>\n<div class=\"wp-block-image\">\n<figure class=\"aligncenter size-full is-resized\"><img loading=\"lazy\" decoding=\"async\" class=\"wp-image-80549\" src=\"https:\/\/exceladvisor.org\/wp-content\/uploads\/2023\/08\/8-sumproduct-a-somme-en-utilisant-le-mois.png\" sizes=\"auto, \" srcset=\"\" alt=\"sumaproducto-a-suma-usando-mes\" width=\"710\" height=\"221\"><\/figure>\n<\/div>\n<pre class=\"wp-block-code\"> <code class=\"language-excel-formula\" lang=\"excel-formula\">=SUMPRODUCT(B2:B103,--(MONTH(A2:A103)=1))<\/code><\/pre>\n<p> Utiliz\u00f3 la funci\u00f3n MES en esta f\u00f3rmula y se refiri\u00f3 a todo el rango de fechas. Despu\u00e9s de eso, pru\u00e9belo con 1, lo que significa verificar las fechas de enero. <\/p>\n<div class=\"wp-block-image\">\n<figure class=\"aligncenter size-full is-resized\"><img loading=\"lazy\" decoding=\"async\" class=\"wp-image-80550\" src=\"https:\/\/exceladvisor.org\/wp-content\/uploads\/2023\/08\/9-sommeproduit-et-mois-combines.png\" sizes=\"auto, \" srcset=\"\" alt=\"sumaproducto-y-mes-combinados\" width=\"683\" height=\"250\"><\/figure>\n<\/div>\n<p> Despu\u00e9s de eso tienes el doble signo menos para convertir VERDADERO a 1 y FALSO a 0. <\/p>\n<div class=\"wp-block-image\">\n<figure class=\"aligncenter size-full is-resized\"><img loading=\"lazy\" decoding=\"async\" class=\"wp-image-80551\" src=\"https:\/\/exceladvisor.org\/wp-content\/uploads\/2023\/08\/10-convertir-vrai-et-faux.png\" sizes=\"auto, \" srcset=\"\" alt=\"convertir-verdadero-y-falso\" width=\"550\" height=\"191\"><\/figure>\n<\/div>\n<p> Al final, SUMPRODUCT multiplica las dos tablas (Cantidad y 0-1) y te devuelve la suma de las fechas en las que el mes es enero. <\/p>\n<div class=\"wp-block-image\">\n<figure class=\"aligncenter size-full is-resized\"><img loading=\"lazy\" decoding=\"async\" class=\"wp-image-80552\" src=\"https:\/\/exceladvisor.org\/wp-content\/uploads\/2023\/08\/11-sumproduct-multiplie-les-deux-tableaux.png\" sizes=\"auto, \" srcset=\"\" alt=\"sumaproducto-multiplica-ambas-matrices\" width=\"549\" height=\"412\"><\/figure>\n<\/div>\n<div class=\"gb-container gb-container-52dfcee1 gb-container-sample-file\">\n<h2 class=\"gb-headline gb-headline-e289c143 gb-headline-text gb-headline-4f7959c2\"> Obtener el archivo Excel<\/h2>\n<p> <a class=\"gb-button gb-button-e88d6bee gb-button-text gb-button-button1\" href=\"https:\/\/exceladvisor.org\/wp-content\/uploads\/2023\/08\/mois-sumif.xlsx\" rel=\"nofollow\">Descargar<\/a><\/p>\n<\/div>\n<div class=\"gb-container gb-container-0df56012 gb-container-mt\"> <a class=\"gb-button gb-button-f9f432f4 gb-button-text gb-button-mt-button\" href=\"https:\/\/exceladvisor.org\/es\/formulas\/\">Lista de f\u00f3rmulas de Excel<\/a><\/p>\n<h2 class=\"gb-headline gb-headline-233444e8 gb-headline-text gb-headline-mt-heading\"> F\u00f3rmulas relacionadas <\/h2>\n<div class=\"gb-grid-wrapper gb-grid-wrapper-a16fa65c gb-grid-wrapper-mt-grid\">\n<div class=\"gb-grid-column gb-grid-column-50d07e0d\">\n<div class=\"gb-container gb-container-50d07e0d\">\n<ul>\n<li> <a href=\"https:\/\/exceladvisor.org\/es\/busquedasumif\/\">Combina BUSCARV con SUMAR.SI<\/a><\/li>\n<li> <a href=\"https:\/\/exceladvisor.org\/es\/suma-si-contiene\/\">Suma SI la celda contiene texto espec\u00edfico (SUMA SI texto parcial)<\/a><\/li>\n<li> <a href=\"https:\/\/exceladvisor.org\/es\/sumif-ano-2\/\">Suma de valores seg\u00fan a\u00f1o (SUMIF A\u00f1o)<\/a><\/li>\n<li> <a href=\"https:\/\/exceladvisor.org\/es\/suma-por-fecha\/\">SUMAR.SI por fecha (suma de valores en base a una fecha)<\/a><\/li>\n<li> <a href=\"https:\/\/exceladvisor.org\/es\/suma-si-no-esta-vacia-2\/\">SUMIF no vac\u00edo (valores de suma para celdas no vac\u00edas)<\/a> <\/li>\n<\/ul>\n<\/div>\n<\/div>\n<div class=\"gb-grid-column gb-grid-column-5b4a0cf9\">\n<div class=\"gb-container gb-container-5b4a0cf9\"><\/div>\n<\/div>\n<\/div>\n<\/div>\n","protected":false},"excerpt":{"rendered":"<p>Para sumar valores seg\u00fan el mes, cuando tenga fechas en una columna, puede usar SUMIFS o SUMPRODUCT. Con SUMIFS, puede hacer referencia a fechas que caen en un mes espec\u00edfico del a\u00f1o. Y con SUMPRODUCT, puedes sumar para un mes en particular, independientemente del a\u00f1o. Nuestros datos muestran fechas dentro de tres a\u00f1os, 2021, 2022 [&hellip;]<\/p>\n","protected":false},"author":1,"featured_media":0,"parent":0,"menu_order":0,"comment_status":"open","ping_status":"closed","template":"","meta":{"ub_ctt_via":"","footnotes":""},"class_list":["post-309","page","type-page","status-publish","hentry"],"featured_image_src":null,"yoast_head":"<!-- This site is optimized with the Yoast SEO plugin v25.4 - https:\/\/yoast.com\/wordpress\/plugins\/seo\/ -->\n<title>\u00bfc\u00f3mo sumar los valores seg\u00fan los meses?<\/title>\n<meta name=\"robots\" content=\"index, follow, max-snippet:-1, max-image-preview:large, max-video-preview:-1\" \/>\n<link rel=\"canonical\" href=\"https:\/\/exceladvisor.org\/es\/cantidad-por-mes\/\" \/>\n<meta property=\"og:locale\" content=\"es_ES\" \/>\n<meta property=\"og:type\" content=\"article\" \/>\n<meta property=\"og:title\" content=\"\u00bfc\u00f3mo sumar los valores seg\u00fan los meses?\" \/>\n<meta property=\"og:description\" content=\"Para sumar valores seg\u00fan el mes, cuando tenga fechas en una columna, puede usar SUMIFS o SUMPRODUCT. Con SUMIFS, puede hacer referencia a fechas que caen en un mes espec\u00edfico del a\u00f1o. Y con SUMPRODUCT, puedes sumar para un mes en particular, independientemente del a\u00f1o. Nuestros datos muestran fechas dentro de tres a\u00f1os, 2021, 2022 [&hellip;]\" \/>\n<meta property=\"og:url\" content=\"https:\/\/exceladvisor.org\/es\/cantidad-por-mes\/\" \/>\n<meta property=\"og:site_name\" content=\"Excel Advisor\" \/>\n<meta property=\"article:modified_time\" content=\"2023-12-25T10:27:31+00:00\" \/>\n<meta property=\"og:image\" content=\"https:\/\/exceladvisor.org\/wp-content\/uploads\/2023\/08\/1-somme-basee-sur-les-mois.png\" \/>\n<meta name=\"twitter:card\" content=\"summary_large_image\" \/>\n<meta name=\"twitter:label1\" content=\"Tiempo de lectura\" \/>\n\t<meta name=\"twitter:data1\" content=\"3 minutos\" \/>\n<script type=\"application\/ld+json\" class=\"yoast-schema-graph\">{\"@context\":\"https:\/\/schema.org\",\"@graph\":[{\"@type\":\"WebPage\",\"@id\":\"https:\/\/exceladvisor.org\/es\/cantidad-por-mes\/\",\"url\":\"https:\/\/exceladvisor.org\/es\/cantidad-por-mes\/\",\"name\":\"\u00bfc\u00f3mo sumar los valores seg\u00fan los meses?\",\"isPartOf\":{\"@id\":\"https:\/\/exceladvisor.org\/es\/#website\"},\"primaryImageOfPage\":{\"@id\":\"https:\/\/exceladvisor.org\/es\/cantidad-por-mes\/#primaryimage\"},\"image\":{\"@id\":\"https:\/\/exceladvisor.org\/es\/cantidad-por-mes\/#primaryimage\"},\"thumbnailUrl\":\"https:\/\/exceladvisor.org\/wp-content\/uploads\/2023\/08\/1-somme-basee-sur-les-mois.png\",\"datePublished\":\"2023-11-05T07:04:40+00:00\",\"dateModified\":\"2023-12-25T10:27:31+00:00\",\"breadcrumb\":{\"@id\":\"https:\/\/exceladvisor.org\/es\/cantidad-por-mes\/#breadcrumb\"},\"inLanguage\":\"es\",\"potentialAction\":[{\"@type\":\"ReadAction\",\"target\":[\"https:\/\/exceladvisor.org\/es\/cantidad-por-mes\/\"]}]},{\"@type\":\"ImageObject\",\"inLanguage\":\"es\",\"@id\":\"https:\/\/exceladvisor.org\/es\/cantidad-por-mes\/#primaryimage\",\"url\":\"https:\/\/exceladvisor.org\/wp-content\/uploads\/2023\/08\/1-somme-basee-sur-les-mois.png\",\"contentUrl\":\"https:\/\/exceladvisor.org\/wp-content\/uploads\/2023\/08\/1-somme-basee-sur-les-mois.png\"},{\"@type\":\"BreadcrumbList\",\"@id\":\"https:\/\/exceladvisor.org\/es\/cantidad-por-mes\/#breadcrumb\",\"itemListElement\":[{\"@type\":\"ListItem\",\"position\":1,\"name\":\"Hogar\",\"item\":\"https:\/\/exceladvisor.org\/es\/\"},{\"@type\":\"ListItem\",\"position\":2,\"name\":\"\u00bfc\u00f3mo sumar los valores seg\u00fan los meses?\"}]},{\"@type\":\"WebSite\",\"@id\":\"https:\/\/exceladvisor.org\/es\/#website\",\"url\":\"https:\/\/exceladvisor.org\/es\/\",\"name\":\"Excel Advisor\",\"description\":\"Su gu\u00eda para la dominaci\u00f3n de datos!\",\"publisher\":{\"@id\":\"https:\/\/exceladvisor.org\/es\/#organization\"},\"potentialAction\":[{\"@type\":\"SearchAction\",\"target\":{\"@type\":\"EntryPoint\",\"urlTemplate\":\"https:\/\/exceladvisor.org\/es\/?s={search_term_string}\"},\"query-input\":{\"@type\":\"PropertyValueSpecification\",\"valueRequired\":true,\"valueName\":\"search_term_string\"}}],\"inLanguage\":\"es\"},{\"@type\":\"Organization\",\"@id\":\"https:\/\/exceladvisor.org\/es\/#organization\",\"name\":\"Excel Advisor\",\"url\":\"https:\/\/exceladvisor.org\/es\/\",\"logo\":{\"@type\":\"ImageObject\",\"inLanguage\":\"es\",\"@id\":\"https:\/\/exceladvisor.org\/es\/#\/schema\/logo\/image\/\",\"url\":\"https:\/\/exceladvisor.org\/es\/wp-content\/uploads\/2023\/12\/exceladvisor.org_.png\",\"contentUrl\":\"https:\/\/exceladvisor.org\/es\/wp-content\/uploads\/2023\/12\/exceladvisor.org_.png\",\"width\":105,\"height\":36,\"caption\":\"Excel Advisor\"},\"image\":{\"@id\":\"https:\/\/exceladvisor.org\/es\/#\/schema\/logo\/image\/\"}}]}<\/script>\n<!-- \/ Yoast SEO plugin. -->","yoast_head_json":{"title":"\u00bfc\u00f3mo sumar los valores seg\u00fan los meses?","robots":{"index":"index","follow":"follow","max-snippet":"max-snippet:-1","max-image-preview":"max-image-preview:large","max-video-preview":"max-video-preview:-1"},"canonical":"https:\/\/exceladvisor.org\/es\/cantidad-por-mes\/","og_locale":"es_ES","og_type":"article","og_title":"\u00bfc\u00f3mo sumar los valores seg\u00fan los meses?","og_description":"Para sumar valores seg\u00fan el mes, cuando tenga fechas en una columna, puede usar SUMIFS o SUMPRODUCT. Con SUMIFS, puede hacer referencia a fechas que caen en un mes espec\u00edfico del a\u00f1o. Y con SUMPRODUCT, puedes sumar para un mes en particular, independientemente del a\u00f1o. Nuestros datos muestran fechas dentro de tres a\u00f1os, 2021, 2022 [&hellip;]","og_url":"https:\/\/exceladvisor.org\/es\/cantidad-por-mes\/","og_site_name":"Excel Advisor","article_modified_time":"2023-12-25T10:27:31+00:00","og_image":[{"url":"https:\/\/exceladvisor.org\/wp-content\/uploads\/2023\/08\/1-somme-basee-sur-les-mois.png","type":"","width":"","height":""}],"twitter_card":"summary_large_image","twitter_misc":{"Tiempo de lectura":"3 minutos"},"schema":{"@context":"https:\/\/schema.org","@graph":[{"@type":"WebPage","@id":"https:\/\/exceladvisor.org\/es\/cantidad-por-mes\/","url":"https:\/\/exceladvisor.org\/es\/cantidad-por-mes\/","name":"\u00bfc\u00f3mo sumar los valores seg\u00fan los meses?","isPartOf":{"@id":"https:\/\/exceladvisor.org\/es\/#website"},"primaryImageOfPage":{"@id":"https:\/\/exceladvisor.org\/es\/cantidad-por-mes\/#primaryimage"},"image":{"@id":"https:\/\/exceladvisor.org\/es\/cantidad-por-mes\/#primaryimage"},"thumbnailUrl":"https:\/\/exceladvisor.org\/wp-content\/uploads\/2023\/08\/1-somme-basee-sur-les-mois.png","datePublished":"2023-11-05T07:04:40+00:00","dateModified":"2023-12-25T10:27:31+00:00","breadcrumb":{"@id":"https:\/\/exceladvisor.org\/es\/cantidad-por-mes\/#breadcrumb"},"inLanguage":"es","potentialAction":[{"@type":"ReadAction","target":["https:\/\/exceladvisor.org\/es\/cantidad-por-mes\/"]}]},{"@type":"ImageObject","inLanguage":"es","@id":"https:\/\/exceladvisor.org\/es\/cantidad-por-mes\/#primaryimage","url":"https:\/\/exceladvisor.org\/wp-content\/uploads\/2023\/08\/1-somme-basee-sur-les-mois.png","contentUrl":"https:\/\/exceladvisor.org\/wp-content\/uploads\/2023\/08\/1-somme-basee-sur-les-mois.png"},{"@type":"BreadcrumbList","@id":"https:\/\/exceladvisor.org\/es\/cantidad-por-mes\/#breadcrumb","itemListElement":[{"@type":"ListItem","position":1,"name":"Hogar","item":"https:\/\/exceladvisor.org\/es\/"},{"@type":"ListItem","position":2,"name":"\u00bfc\u00f3mo sumar los valores seg\u00fan los meses?"}]},{"@type":"WebSite","@id":"https:\/\/exceladvisor.org\/es\/#website","url":"https:\/\/exceladvisor.org\/es\/","name":"Excel Advisor","description":"Su gu\u00eda para la dominaci\u00f3n de datos!","publisher":{"@id":"https:\/\/exceladvisor.org\/es\/#organization"},"potentialAction":[{"@type":"SearchAction","target":{"@type":"EntryPoint","urlTemplate":"https:\/\/exceladvisor.org\/es\/?s={search_term_string}"},"query-input":{"@type":"PropertyValueSpecification","valueRequired":true,"valueName":"search_term_string"}}],"inLanguage":"es"},{"@type":"Organization","@id":"https:\/\/exceladvisor.org\/es\/#organization","name":"Excel Advisor","url":"https:\/\/exceladvisor.org\/es\/","logo":{"@type":"ImageObject","inLanguage":"es","@id":"https:\/\/exceladvisor.org\/es\/#\/schema\/logo\/image\/","url":"https:\/\/exceladvisor.org\/es\/wp-content\/uploads\/2023\/12\/exceladvisor.org_.png","contentUrl":"https:\/\/exceladvisor.org\/es\/wp-content\/uploads\/2023\/12\/exceladvisor.org_.png","width":105,"height":36,"caption":"Excel Advisor"},"image":{"@id":"https:\/\/exceladvisor.org\/es\/#\/schema\/logo\/image\/"}}]}},"yoast_meta":{"yoast_wpseo_title":"","yoast_wpseo_metadesc":"","yoast_wpseo_canonical":""},"_links":{"self":[{"href":"https:\/\/exceladvisor.org\/es\/wp-json\/wp\/v2\/pages\/309","targetHints":{"allow":["GET"]}}],"collection":[{"href":"https:\/\/exceladvisor.org\/es\/wp-json\/wp\/v2\/pages"}],"about":[{"href":"https:\/\/exceladvisor.org\/es\/wp-json\/wp\/v2\/types\/page"}],"author":[{"embeddable":true,"href":"https:\/\/exceladvisor.org\/es\/wp-json\/wp\/v2\/users\/1"}],"replies":[{"embeddable":true,"href":"https:\/\/exceladvisor.org\/es\/wp-json\/wp\/v2\/comments?post=309"}],"version-history":[{"count":1,"href":"https:\/\/exceladvisor.org\/es\/wp-json\/wp\/v2\/pages\/309\/revisions"}],"predecessor-version":[{"id":1205,"href":"https:\/\/exceladvisor.org\/es\/wp-json\/wp\/v2\/pages\/309\/revisions\/1205"}],"wp:attachment":[{"href":"https:\/\/exceladvisor.org\/es\/wp-json\/wp\/v2\/media?parent=309"}],"curies":[{"name":"wp","href":"https:\/\/api.w.org\/{rel}","templated":true}]}}