{"id":310,"date":"2023-11-05T06:43:42","date_gmt":"2023-11-05T06:43:42","guid":{"rendered":"https:\/\/exceladvisor.org\/es\/margen-de-beneficio\/"},"modified":"2023-12-25T10:23:46","modified_gmt":"2023-12-25T10:23:46","slug":"margen-de-beneficio","status":"publish","type":"page","link":"https:\/\/exceladvisor.org\/es\/margen-de-beneficio\/","title":{"rendered":"\u00bfc\u00f3mo calcular el margen bruto en excel?"},"content":{"rendered":"<div class=\"excel-antes-del-contenido\" id=\"excel-500633630\"><script type=\"text\/javascript\">\r\n\tatOptions = {\r\n\t\t'key' : 'c1158f160081d6540a8409e6925dab94',\r\n\t\t'format' : 'iframe',\r\n\t\t'height' : 250,\r\n\t\t'width' : 300,\r\n\t\t'params' : {}\r\n\t};\r\n<\/script>\r\n<script type=\"text\/javascript\" src=\"\/\/www.highperformanceformat.com\/c1158f160081d6540a8409e6925dab94\/invoke.js\"><\/script><\/div><p>En Excel, si desea calcular el margen bruto (\u00edndice de margen de beneficio), necesita una f\u00f3rmula. Y en este tutorial aprenderemos a escribirlo. <\/p>\n<div class=\"wp-block-image\">\n<figure class=\"aligncenter size-full is-resized\"><img loading=\"lazy\" decoding=\"async\" class=\"wp-image-82445\" src=\"https:\/\/exceladvisor.org\/wp-content\/uploads\/2023\/08\/1-benefice-brut.png\" sizes=\"auto, \" srcset=\"\" alt=\"gran beneficio\" width=\"495\" height=\"331\"><\/figure>\n<\/div>\n<h2 class=\"wp-block-heading\"> Escribe la f\u00f3rmula para obtener la ganancia bruta (margen y ratio)<\/h2>\n<p> Estos son los pasos para escribir esta f\u00f3rmula:<\/p>\n<ol type=\"1\">\n<li> Primero, ingrese el operador igual (=) en una celda y escriba un par\u00e9ntesis inicial.<\/li>\n<li> Despu\u00e9s de eso, consulte la celda B1 donde tiene el volumen de negocios.<\/li>\n<li> A continuaci\u00f3n, ingrese el operador menos y consulte la secci\u00f3n Costos y Gastos (B2).<\/li>\n<li> Al final, ingrese el operador de divisi\u00f3n y consulte nuevamente la celda de ingresos. Y presione Enter para obtener el resultado. <\/li>\n<\/ol>\n<div class=\"wp-block-image\">\n<figure class=\"aligncenter size-full is-resized\"><img loading=\"lazy\" decoding=\"async\" class=\"wp-image-82446\" src=\"https:\/\/exceladvisor.org\/wp-content\/uploads\/2023\/08\/2-formules-pour-obtenir-un-benefice-brut.png\" sizes=\"auto, \" srcset=\"\" alt=\"formula-para-obtener-beneficio-bruto\" width=\"480\" height=\"296\"><\/figure>\n<\/div>\n<p> En el momento en que presiona Enter, devuelve el porcentaje de ganancia bruta en el resultado. <\/p>\n<div class=\"wp-block-image\">\n<figure class=\"aligncenter size-full is-resized\"><img loading=\"lazy\" decoding=\"async\" class=\"wp-image-82447\" src=\"https:\/\/exceladvisor.org\/wp-content\/uploads\/2023\/08\/3-benefices-bruts-generes.png\" sizes=\"auto, \" srcset=\"\" alt=\"resultado-bruto-resultado\" width=\"498\" height=\"310\"><\/figure>\n<\/div>\n<pre class=\"wp-block-code\"> <code class=\"language-excel-formula\" lang=\"excel-formula\">=(B1-B2)\/B1 =(Revenue \u2013 Cost) \/ Revenue<\/code><\/pre>\n<p> Tambi\u00e9n puede calcular la ganancia bruta en una celda y el margen en otra celda. <\/p>\n<div class=\"wp-block-image\">\n<figure class=\"aligncenter size-full is-resized\"><img loading=\"lazy\" decoding=\"async\" class=\"wp-image-82448\" src=\"https:\/\/exceladvisor.org\/wp-content\/uploads\/2023\/08\/4-benefice-brut-et-marge.png\" sizes=\"auto, \" srcset=\"\" alt=\"beneficio bruto y margen\" width=\"507\" height=\"309\"><\/figure>\n<\/div>\n<p> En el siguiente ejemplo, hemos separado los porcentajes de beneficio y margen de beneficio en dos celdas diferentes.<\/p>\n<h3 class=\"wp-block-heading\"> gran beneficio<\/h3>\n<pre class=\"wp-block-code\"> <code class=\"language-excel-formula\" lang=\"excel-formula\">=Revenue \u2013 Cost =B1-B2<\/code><\/pre>\n<h3 class=\"wp-block-heading\"> Margen bruto <\/h3>\n<pre class=\"wp-block-code\"> <code class=\"language-excel-formula\" lang=\"excel-formula\">= Gross Profit \/ Revenue =B3\/B1<\/code><\/pre>\n<div class=\"gb-container gb-container-52dfcee1 gb-container-sample-file\">\n<h2 class=\"gb-headline gb-headline-e289c143 gb-headline-text gb-headline-4f7959c2\"> Obtener el archivo Excel<\/h2>\n<p> <a class=\"gb-button gb-button-e88d6bee gb-button-text gb-button-button1\" href=\"https:\/\/exceladvisor.org\/wp-content\/uploads\/2023\/11\/benefice-brut.xlsx\" rel=\"nofollow\">Descargar<\/a><\/p>\n<\/div>\n<div class=\"gb-container gb-container-0df56012 gb-container-mt\"> <a class=\"gb-button gb-button-f9f432f4 gb-button-text gb-button-mt-button\" href=\"https:\/\/exceladvisor.org\/es\/formulas\/\">Lista de f\u00f3rmulas de Excel<\/a><\/p>\n<h2 class=\"gb-headline gb-headline-233444e8 gb-headline-text gb-headline-mt-heading\"> F\u00f3rmulas relacionadas <\/h2>\n<div class=\"gb-grid-wrapper gb-grid-wrapper-a16fa65c gb-grid-wrapper-mt-grid\">\n<div class=\"gb-grid-column gb-grid-column-50d07e0d\">\n<div class=\"gb-container gb-container-50d07e0d\">\n<ul>\n<li> <a href=\"https:\/\/exceladvisor.org\/es\/interes-compuesto\/\">Calcular el inter\u00e9s compuesto en Excel<\/a><\/li>\n<li> <a href=\"https:\/\/exceladvisor.org\/es\/interes-simple\/\">Calcular el inter\u00e9s simple en Excel<\/a><\/li>\n<li> <a href=\"https:\/\/exceladvisor.org\/es\/iva\/\">Calcular el IVA<\/a> <\/li>\n<\/ul>\n<\/div>\n<\/div>\n<div class=\"gb-grid-column gb-grid-column-5b4a0cf9\">\n<div class=\"gb-container gb-container-5b4a0cf9\"><\/div>\n<\/div>\n<\/div>\n<\/div>\n","protected":false},"excerpt":{"rendered":"<p>En Excel, si desea calcular el margen bruto (\u00edndice de margen de beneficio), necesita una f\u00f3rmula. Y en este tutorial aprenderemos a escribirlo. Escribe la f\u00f3rmula para obtener la ganancia bruta (margen y ratio) Estos son los pasos para escribir esta f\u00f3rmula: Primero, ingrese el operador igual (=) en una celda y escriba un par\u00e9ntesis [&hellip;]<\/p>\n","protected":false},"author":1,"featured_media":0,"parent":0,"menu_order":0,"comment_status":"open","ping_status":"closed","template":"","meta":{"ub_ctt_via":"","footnotes":""},"class_list":["post-310","page","type-page","status-publish","hentry"],"featured_image_src":null,"yoast_head":"<!-- This site is optimized with the Yoast SEO plugin v25.4 - https:\/\/yoast.com\/wordpress\/plugins\/seo\/ -->\n<title>\u00bfc\u00f3mo calcular el margen bruto en excel?<\/title>\n<meta name=\"robots\" content=\"index, follow, max-snippet:-1, max-image-preview:large, max-video-preview:-1\" \/>\n<link rel=\"canonical\" href=\"https:\/\/exceladvisor.org\/es\/margen-de-beneficio\/\" \/>\n<meta property=\"og:locale\" content=\"es_ES\" \/>\n<meta property=\"og:type\" content=\"article\" \/>\n<meta property=\"og:title\" content=\"\u00bfc\u00f3mo calcular el margen bruto en excel?\" \/>\n<meta property=\"og:description\" content=\"En Excel, si desea calcular el margen bruto (\u00edndice de margen de beneficio), necesita una f\u00f3rmula. Y en este tutorial aprenderemos a escribirlo. Escribe la f\u00f3rmula para obtener la ganancia bruta (margen y ratio) Estos son los pasos para escribir esta f\u00f3rmula: Primero, ingrese el operador igual (=) en una celda y escriba un par\u00e9ntesis [&hellip;]\" \/>\n<meta property=\"og:url\" content=\"https:\/\/exceladvisor.org\/es\/margen-de-beneficio\/\" \/>\n<meta property=\"og:site_name\" content=\"Excel Advisor\" \/>\n<meta property=\"article:modified_time\" content=\"2023-12-25T10:23:46+00:00\" \/>\n<meta property=\"og:image\" content=\"https:\/\/exceladvisor.org\/wp-content\/uploads\/2023\/08\/1-benefice-brut.png\" \/>\n<meta name=\"twitter:card\" content=\"summary_large_image\" \/>\n<meta name=\"twitter:label1\" content=\"Tiempo de lectura\" \/>\n\t<meta name=\"twitter:data1\" content=\"1 minuto\" \/>\n<script type=\"application\/ld+json\" class=\"yoast-schema-graph\">{\"@context\":\"https:\/\/schema.org\",\"@graph\":[{\"@type\":\"WebPage\",\"@id\":\"https:\/\/exceladvisor.org\/es\/margen-de-beneficio\/\",\"url\":\"https:\/\/exceladvisor.org\/es\/margen-de-beneficio\/\",\"name\":\"\u00bfc\u00f3mo calcular el margen bruto en excel?\",\"isPartOf\":{\"@id\":\"https:\/\/exceladvisor.org\/es\/#website\"},\"primaryImageOfPage\":{\"@id\":\"https:\/\/exceladvisor.org\/es\/margen-de-beneficio\/#primaryimage\"},\"image\":{\"@id\":\"https:\/\/exceladvisor.org\/es\/margen-de-beneficio\/#primaryimage\"},\"thumbnailUrl\":\"https:\/\/exceladvisor.org\/wp-content\/uploads\/2023\/08\/1-benefice-brut.png\",\"datePublished\":\"2023-11-05T06:43:42+00:00\",\"dateModified\":\"2023-12-25T10:23:46+00:00\",\"breadcrumb\":{\"@id\":\"https:\/\/exceladvisor.org\/es\/margen-de-beneficio\/#breadcrumb\"},\"inLanguage\":\"es\",\"potentialAction\":[{\"@type\":\"ReadAction\",\"target\":[\"https:\/\/exceladvisor.org\/es\/margen-de-beneficio\/\"]}]},{\"@type\":\"ImageObject\",\"inLanguage\":\"es\",\"@id\":\"https:\/\/exceladvisor.org\/es\/margen-de-beneficio\/#primaryimage\",\"url\":\"https:\/\/exceladvisor.org\/wp-content\/uploads\/2023\/08\/1-benefice-brut.png\",\"contentUrl\":\"https:\/\/exceladvisor.org\/wp-content\/uploads\/2023\/08\/1-benefice-brut.png\"},{\"@type\":\"BreadcrumbList\",\"@id\":\"https:\/\/exceladvisor.org\/es\/margen-de-beneficio\/#breadcrumb\",\"itemListElement\":[{\"@type\":\"ListItem\",\"position\":1,\"name\":\"Hogar\",\"item\":\"https:\/\/exceladvisor.org\/es\/\"},{\"@type\":\"ListItem\",\"position\":2,\"name\":\"\u00bfc\u00f3mo calcular el margen bruto en excel?\"}]},{\"@type\":\"WebSite\",\"@id\":\"https:\/\/exceladvisor.org\/es\/#website\",\"url\":\"https:\/\/exceladvisor.org\/es\/\",\"name\":\"Excel Advisor\",\"description\":\"Su gu\u00eda para la dominaci\u00f3n de datos!\",\"publisher\":{\"@id\":\"https:\/\/exceladvisor.org\/es\/#organization\"},\"potentialAction\":[{\"@type\":\"SearchAction\",\"target\":{\"@type\":\"EntryPoint\",\"urlTemplate\":\"https:\/\/exceladvisor.org\/es\/?s={search_term_string}\"},\"query-input\":{\"@type\":\"PropertyValueSpecification\",\"valueRequired\":true,\"valueName\":\"search_term_string\"}}],\"inLanguage\":\"es\"},{\"@type\":\"Organization\",\"@id\":\"https:\/\/exceladvisor.org\/es\/#organization\",\"name\":\"Excel Advisor\",\"url\":\"https:\/\/exceladvisor.org\/es\/\",\"logo\":{\"@type\":\"ImageObject\",\"inLanguage\":\"es\",\"@id\":\"https:\/\/exceladvisor.org\/es\/#\/schema\/logo\/image\/\",\"url\":\"https:\/\/exceladvisor.org\/es\/wp-content\/uploads\/2023\/12\/exceladvisor.org_.png\",\"contentUrl\":\"https:\/\/exceladvisor.org\/es\/wp-content\/uploads\/2023\/12\/exceladvisor.org_.png\",\"width\":105,\"height\":36,\"caption\":\"Excel Advisor\"},\"image\":{\"@id\":\"https:\/\/exceladvisor.org\/es\/#\/schema\/logo\/image\/\"}}]}<\/script>\n<!-- \/ Yoast SEO plugin. -->","yoast_head_json":{"title":"\u00bfc\u00f3mo calcular el margen bruto en excel?","robots":{"index":"index","follow":"follow","max-snippet":"max-snippet:-1","max-image-preview":"max-image-preview:large","max-video-preview":"max-video-preview:-1"},"canonical":"https:\/\/exceladvisor.org\/es\/margen-de-beneficio\/","og_locale":"es_ES","og_type":"article","og_title":"\u00bfc\u00f3mo calcular el margen bruto en excel?","og_description":"En Excel, si desea calcular el margen bruto (\u00edndice de margen de beneficio), necesita una f\u00f3rmula. Y en este tutorial aprenderemos a escribirlo. Escribe la f\u00f3rmula para obtener la ganancia bruta (margen y ratio) Estos son los pasos para escribir esta f\u00f3rmula: Primero, ingrese el operador igual (=) en una celda y escriba un par\u00e9ntesis [&hellip;]","og_url":"https:\/\/exceladvisor.org\/es\/margen-de-beneficio\/","og_site_name":"Excel Advisor","article_modified_time":"2023-12-25T10:23:46+00:00","og_image":[{"url":"https:\/\/exceladvisor.org\/wp-content\/uploads\/2023\/08\/1-benefice-brut.png","type":"","width":"","height":""}],"twitter_card":"summary_large_image","twitter_misc":{"Tiempo de lectura":"1 minuto"},"schema":{"@context":"https:\/\/schema.org","@graph":[{"@type":"WebPage","@id":"https:\/\/exceladvisor.org\/es\/margen-de-beneficio\/","url":"https:\/\/exceladvisor.org\/es\/margen-de-beneficio\/","name":"\u00bfc\u00f3mo calcular el margen bruto en excel?","isPartOf":{"@id":"https:\/\/exceladvisor.org\/es\/#website"},"primaryImageOfPage":{"@id":"https:\/\/exceladvisor.org\/es\/margen-de-beneficio\/#primaryimage"},"image":{"@id":"https:\/\/exceladvisor.org\/es\/margen-de-beneficio\/#primaryimage"},"thumbnailUrl":"https:\/\/exceladvisor.org\/wp-content\/uploads\/2023\/08\/1-benefice-brut.png","datePublished":"2023-11-05T06:43:42+00:00","dateModified":"2023-12-25T10:23:46+00:00","breadcrumb":{"@id":"https:\/\/exceladvisor.org\/es\/margen-de-beneficio\/#breadcrumb"},"inLanguage":"es","potentialAction":[{"@type":"ReadAction","target":["https:\/\/exceladvisor.org\/es\/margen-de-beneficio\/"]}]},{"@type":"ImageObject","inLanguage":"es","@id":"https:\/\/exceladvisor.org\/es\/margen-de-beneficio\/#primaryimage","url":"https:\/\/exceladvisor.org\/wp-content\/uploads\/2023\/08\/1-benefice-brut.png","contentUrl":"https:\/\/exceladvisor.org\/wp-content\/uploads\/2023\/08\/1-benefice-brut.png"},{"@type":"BreadcrumbList","@id":"https:\/\/exceladvisor.org\/es\/margen-de-beneficio\/#breadcrumb","itemListElement":[{"@type":"ListItem","position":1,"name":"Hogar","item":"https:\/\/exceladvisor.org\/es\/"},{"@type":"ListItem","position":2,"name":"\u00bfc\u00f3mo calcular el margen bruto en excel?"}]},{"@type":"WebSite","@id":"https:\/\/exceladvisor.org\/es\/#website","url":"https:\/\/exceladvisor.org\/es\/","name":"Excel Advisor","description":"Su gu\u00eda para la dominaci\u00f3n de datos!","publisher":{"@id":"https:\/\/exceladvisor.org\/es\/#organization"},"potentialAction":[{"@type":"SearchAction","target":{"@type":"EntryPoint","urlTemplate":"https:\/\/exceladvisor.org\/es\/?s={search_term_string}"},"query-input":{"@type":"PropertyValueSpecification","valueRequired":true,"valueName":"search_term_string"}}],"inLanguage":"es"},{"@type":"Organization","@id":"https:\/\/exceladvisor.org\/es\/#organization","name":"Excel Advisor","url":"https:\/\/exceladvisor.org\/es\/","logo":{"@type":"ImageObject","inLanguage":"es","@id":"https:\/\/exceladvisor.org\/es\/#\/schema\/logo\/image\/","url":"https:\/\/exceladvisor.org\/es\/wp-content\/uploads\/2023\/12\/exceladvisor.org_.png","contentUrl":"https:\/\/exceladvisor.org\/es\/wp-content\/uploads\/2023\/12\/exceladvisor.org_.png","width":105,"height":36,"caption":"Excel Advisor"},"image":{"@id":"https:\/\/exceladvisor.org\/es\/#\/schema\/logo\/image\/"}}]}},"yoast_meta":{"yoast_wpseo_title":"","yoast_wpseo_metadesc":"","yoast_wpseo_canonical":""},"_links":{"self":[{"href":"https:\/\/exceladvisor.org\/es\/wp-json\/wp\/v2\/pages\/310","targetHints":{"allow":["GET"]}}],"collection":[{"href":"https:\/\/exceladvisor.org\/es\/wp-json\/wp\/v2\/pages"}],"about":[{"href":"https:\/\/exceladvisor.org\/es\/wp-json\/wp\/v2\/types\/page"}],"author":[{"embeddable":true,"href":"https:\/\/exceladvisor.org\/es\/wp-json\/wp\/v2\/users\/1"}],"replies":[{"embeddable":true,"href":"https:\/\/exceladvisor.org\/es\/wp-json\/wp\/v2\/comments?post=310"}],"version-history":[{"count":1,"href":"https:\/\/exceladvisor.org\/es\/wp-json\/wp\/v2\/pages\/310\/revisions"}],"predecessor-version":[{"id":872,"href":"https:\/\/exceladvisor.org\/es\/wp-json\/wp\/v2\/pages\/310\/revisions\/872"}],"wp:attachment":[{"href":"https:\/\/exceladvisor.org\/es\/wp-json\/wp\/v2\/media?parent=310"}],"curies":[{"name":"wp","href":"https:\/\/api.w.org\/{rel}","templated":true}]}}