{"id":311,"date":"2023-11-05T06:20:08","date_gmt":"2023-11-05T06:20:08","guid":{"rendered":"https:\/\/exceladvisor.org\/es\/encontrar-el-ultimo-valor-2\/"},"modified":"2023-12-25T10:32:59","modified_gmt":"2023-12-25T10:32:59","slug":"encontrar-el-ultimo-valor-2","status":"publish","type":"page","link":"https:\/\/exceladvisor.org\/es\/encontrar-el-ultimo-valor-2\/","title":{"rendered":"Encuentra el \u00faltimo valor en una columna o fila"},"content":{"rendered":"<div class=\"excel-antes-del-contenido\" id=\"excel-4198416218\"><script type=\"text\/javascript\">\r\n\tatOptions = {\r\n\t\t'key' : 'c1158f160081d6540a8409e6925dab94',\r\n\t\t'format' : 'iframe',\r\n\t\t'height' : 250,\r\n\t\t'width' : 300,\r\n\t\t'params' : {}\r\n\t};\r\n<\/script>\r\n<script type=\"text\/javascript\" src=\"\/\/www.highperformanceformat.com\/c1158f160081d6540a8409e6925dab94\/invoke.js\"><\/script><\/div><p>En Excel, hay dos formas de encontrar un valor en una columna o fila. En este tutorial, aprenderemos a utilizar ambos tipos de f\u00f3rmulas y trataremos de cubrirlas en diferentes situaciones.<\/p>\n<h2 class=\"wp-block-heading\"> Buscar el \u00faltimo valor (cuando el \u00faltimo valor est\u00e1 en la \u00faltima celda)<\/h2>\n<p> Siga estos pasos para escribir esta f\u00f3rmula:<\/p>\n<ol type=\"1\">\n<li> Primero ingrese la funci\u00f3n \u00cdNDICE en una celda.<\/li>\n<li> Despu\u00e9s de eso, en el argumento <strong>de la matriz<\/strong> , consulte el rango de valores.<\/li>\n<li> Luego, en el argumento <strong>de filas<\/strong> , ingrese la funci\u00f3n FILAS.<\/li>\n<li> En la funci\u00f3n FILAS, consulte el rango en el que tiene valores.<\/li>\n<li> Al final, ingrese el par\u00e9ntesis de cierre y presione Enter para obtener el resultado. <\/li>\n<\/ol>\n<div class=\"wp-block-image\">\n<figure class=\"aligncenter size-full is-resized\"><img loading=\"lazy\" decoding=\"async\" class=\"wp-image-82465\" src=\"https:\/\/exceladvisor.org\/wp-content\/uploads\/2023\/08\/1-recherche-de-la-derniere-valeur-dune-cellule-ou-dune-ligne.png\" sizes=\"auto, \" srcset=\"\" alt=\"buscar-\u00faltimo-valor-de-una-celda-o-fila\" width=\"440\" height=\"139\"><\/figure>\n<\/div>\n<pre class=\"wp-block-code\"> <code class=\"language-excel-formula\" lang=\"excel-formula\">=INDEX(A1:A4,ROWS(A1:A4))<\/code><\/pre>\n<p> En el momento en que presiona Enter, devuelve el valor de la \u00faltima celda del rango. <\/p>\n<div class=\"wp-block-image\">\n<figure class=\"aligncenter size-full is-resized\"><img loading=\"lazy\" decoding=\"async\" class=\"wp-image-82454\" src=\"https:\/\/exceladvisor.org\/wp-content\/uploads\/2023\/08\/2-valeur-de-la-derniere-cellule-de-la-plage.png\" sizes=\"auto, \" srcset=\"\" alt=\"valor de la \u00faltima celda en el rango\" width=\"439\" height=\"243\"><\/figure>\n<\/div>\n<p> El <strong>\u00fanico problema con esta f\u00f3rmula<\/strong> es cuando no tienes un valor en la \u00faltima celda del rango. <\/p>\n<div class=\"wp-block-image\">\n<figure class=\"aligncenter size-full is-resized\"><img loading=\"lazy\" decoding=\"async\" class=\"wp-image-82456\" src=\"https:\/\/exceladvisor.org\/wp-content\/uploads\/2023\/08\/3-aucune-valeur-dans-la-derniere-cellule-de-la-plage.png\" sizes=\"auto, \" srcset=\"\" alt=\"no hay valor en la \u00faltima celda del rango\" width=\"402\" height=\"205\"><\/figure>\n<\/div>\n<p> Por tanto, podemos pasar a la f\u00f3rmula de la que hablaremos a continuaci\u00f3n.<\/p>\n<h2 class=\"wp-block-heading\"> Encuentra el \u00faltimo valor en la columna.<\/h2>\n<p> Tambi\u00e9n puede utilizar la funci\u00f3n B\u00daSQUEDA. Y la f\u00f3rmula ser\u00e1:<\/p>\n<pre class=\"wp-block-code\"> <code class=\"language-excel-formula\" lang=\"excel-formula\">=LOOKUP(2,1\/(A:A&lt;&gt;\"\"),A:A)<\/code><\/pre>\n<p> LOOKUP tiene dos sintaxis a seguir y nosotros usamos sintaxis vectorial. <\/p>\n<div class=\"wp-block-image\">\n<figure class=\"aligncenter size-full is-resized\"><img loading=\"lazy\" decoding=\"async\" class=\"wp-image-82457\" src=\"https:\/\/exceladvisor.org\/wp-content\/uploads\/2023\/08\/4-rechercher-la-derniere-valeur-dans-la-colonne.png\" sizes=\"auto, \" srcset=\"\" alt=\"buscar-\u00faltimo-valor-en-columna\" width=\"287\" height=\"103\"><\/figure>\n<\/div>\n<h3 class=\"wp-block-heading\"> (A:A&lt;&gt;\u00bb)<\/h3>\n<p> Esta parte de la f\u00f3rmula devuelve una matriz despu\u00e9s de probar si una celda tiene un valor.<\/p>\n<p> Aqu\u00ed nos referimos a la columna completa y es por eso que devolvi\u00f3 una matriz grande. Pero en los primeros tres valores puedes ver que tenemos VERDADERO, esto se debe a que tenemos los valores en las primeras tres celdas de la columna A. <\/p>\n<div class=\"wp-block-image\">\n<figure class=\"aligncenter size-full is-resized\"><img loading=\"lazy\" decoding=\"async\" class=\"wp-image-82458\" src=\"https:\/\/exceladvisor.org\/wp-content\/uploads\/2023\/08\/5-fait-reference-a-la-colonne-entiere.png\" sizes=\"auto, \" srcset=\"\" alt=\"referencia a toda la columna\" width=\"523\" height=\"151\"><\/figure>\n<\/div>\n<h3 class=\"wp-block-heading\"> 1\/(A:A&lt;&gt; \u00bb \u00bb)<\/h3>\n<p> Y cuando divides 1 con toda la matriz devuelta por la parte anterior de la f\u00f3rmula, obtienes 1 para VERDADERO y ;#DIV\/0. para todos los valores FALDOS. <\/p>\n<div class=\"wp-block-image\">\n<figure class=\"aligncenter size-full is-resized\"><img loading=\"lazy\" decoding=\"async\" class=\"wp-image-82460\" src=\"https:\/\/exceladvisor.org\/wp-content\/uploads\/2023\/08\/6-renvoye-par-la-partie-precedente-de-la-formule.png\" sizes=\"auto, \" srcset=\"\" alt=\"devuelto por la parte anterior de la f\u00f3rmula\" width=\"350\" height=\"124\"><\/figure>\n<\/div>\n<h3 class=\"wp-block-heading\"> ARKANSAS<\/h3>\n<p> En esta parte de la f\u00f3rmula, tiene la referencia a la columna A. Y devuelve una matriz completa de valores de columna. Cuando la celda est\u00e1 vac\u00eda, tiene un 0 y el valor real donde la celda no est\u00e1 vac\u00eda. <\/p>\n<div class=\"wp-block-image\">\n<figure class=\"aligncenter size-full is-resized\"><img loading=\"lazy\" decoding=\"async\" class=\"wp-image-82461\" src=\"https:\/\/exceladvisor.org\/wp-content\/uploads\/2023\/08\/7-la-cellule-est-vide.png\" sizes=\"auto, \" srcset=\"\" alt=\"la celda esta vacia\" width=\"398\" height=\"94\"><\/figure>\n<\/div>\n<h3 class=\"wp-block-heading\"> B\u00daSQUEDA(2,1\/(A:A&lt;&gt;\u201d\u201d),A:A)<\/h3>\n<p> Como mencion\u00e9 anteriormente, utilizamos la sintaxis vectorial de la funci\u00f3n BUSCAR. <\/p>\n<div class=\"wp-block-image\">\n<figure class=\"aligncenter size-full is-resized\"><img loading=\"lazy\" decoding=\"async\" class=\"wp-image-82462\" src=\"https:\/\/exceladvisor.org\/wp-content\/uploads\/2023\/08\/8-syntaxe-de-vecteur-de-fonction-de-recherche1.png\" sizes=\"auto, \" srcset=\"\" alt=\"funci\u00f3n-de-b\u00fasqueda-sintaxis-vectorial\" width=\"351\" height=\"205\"><\/figure>\n<\/div>\n<ul>\n<li> En el vector BUSCAR, tenemos todos los valores como 1 y 0. 1 donde tenemos los valores en el vector RESULTADO y 0 donde no tenemos valores en el vector resultado.<\/li>\n<li> Cuando busca 2 en el rango donde tiene 1 en todos los valores, la funci\u00f3n B\u00daSQUEDA se refiere al \u00faltimo 1 en el vector B\u00daSQUEDA.<\/li>\n<li> Luego devuelve el valor correspondiente del vector resultado. Este \u00faltimo valor es el \u00faltimo valor exacto de la columna A. <\/li>\n<\/ul>\n<div class=\"wp-block-image\">\n<figure class=\"aligncenter size-full is-resized\"><img loading=\"lazy\" decoding=\"async\" class=\"wp-image-82463\" src=\"https:\/\/exceladvisor.org\/wp-content\/uploads\/2023\/08\/9-valeur-correspondante-du-vecteur-de-resultat.png\" sizes=\"auto, \" srcset=\"\" alt=\"valor-correspondiente-del-vector-resultado\" width=\"488\" height=\"269\"><\/figure>\n<\/div>\n<h2 class=\"wp-block-heading\"> Encontrar el \u00faltimo valor de una fila<\/h2>\n<p> Se puede utilizar para obtener el valor de la \u00faltima celda de una fila que no est\u00e9 en blanco. Entonces solo necesitas cambiar la referencia que tienes. <\/p>\n<div class=\"wp-block-image\">\n<figure class=\"aligncenter size-full is-resized\"><img loading=\"lazy\" decoding=\"async\" class=\"wp-image-82464\" src=\"https:\/\/exceladvisor.org\/wp-content\/uploads\/2023\/08\/10-recherche-de-la-valeur-de-la-derniere-ligne1.png\" sizes=\"auto, \" srcset=\"\" alt=\"encontrar el valor de la \u00faltima fila\" width=\"512\" height=\"231\"><\/figure>\n<\/div>\n<pre class=\"wp-block-code\"> <code class=\"language-excel-formula\" lang=\"excel-formula\">=LOOKUP(2,1\/(1:1&lt;&gt;\"\"),1:1)<\/code><\/pre>\n<p> En esta f\u00f3rmula, nos hemos referido a la fila completa (Fila 1) para el vector de b\u00fasqueda y a la del vector de resultado. Y cuando presiona Enter, devuelve el valor de la celda D1, que es la \u00faltima celda no vac\u00eda de la fila. <\/p>\n<div class=\"gb-container gb-container-52dfcee1 gb-container-sample-file\">\n<h2 class=\"gb-headline gb-headline-e289c143 gb-headline-text gb-headline-4f7959c2\"> Obtener el archivo Excel<\/h2>\n<p> <a class=\"gb-button gb-button-e88d6bee gb-button-text gb-button-button1\" href=\"https:\/\/exceladvisor.org\/wp-content\/uploads\/2023\/08\/rechercher-la-derniere-valeur.xlsx\" rel=\"nofollow\">Descargar<\/a><\/div>\n<div class=\"gb-container gb-container-0df56012 gb-container-mt\"> <a class=\"gb-button gb-button-f9f432f4 gb-button-text gb-button-mt-button\" href=\"https:\/\/exceladvisor.org\/es\/formulas\/\">Lista de f\u00f3rmulas de Excel<\/a><\/p>\n<h2 class=\"gb-headline gb-headline-233444e8 gb-headline-text gb-headline-mt-heading\"> F\u00f3rmulas relacionadas <\/h2>\n<div class=\"gb-grid-wrapper gb-grid-wrapper-a16fa65c gb-grid-wrapper-mt-grid\">\n<div class=\"gb-grid-column gb-grid-column-50d07e0d\">\n<div class=\"gb-container gb-container-50d07e0d\">\n<ul>\n<li> <a href=\"https:\/\/exceladvisor.org\/es\/si-error-busqueda-virtual\/\">IFERROR con BUSCARV en Excel para reemplazar #N\/A en Excel<\/a><\/li>\n<li> <a href=\"https:\/\/exceladvisor.org\/es\/busqueda-bidireccional\/\">Realizar una b\u00fasqueda bidireccional en Excel<\/a><\/li>\n<li> <a href=\"https:\/\/exceladvisor.org\/es\/busqueda-inversa\/\">BUSCARV inversa (hacia atr\u00e1s: de derecha a izquierda) en Excel<\/a><\/li>\n<li> <a href=\"https:\/\/exceladvisor.org\/es\/coincidencia-de-vsearch\/\">Combinando BUSCARV COINCIDIR en Excel<\/a><\/li>\n<li> <a href=\"https:\/\/exceladvisor.org\/es\/vlookup-varios-criterios\/\">BUSCARV con m\u00faltiples criterios en Excel<\/a><\/li>\n<\/ul>\n<\/div>\n<\/div>\n<\/div>\n<\/div>\n","protected":false},"excerpt":{"rendered":"<p>En Excel, hay dos formas de encontrar un valor en una columna o fila. En este tutorial, aprenderemos a utilizar ambos tipos de f\u00f3rmulas y trataremos de cubrirlas en diferentes situaciones. Buscar el \u00faltimo valor (cuando el \u00faltimo valor est\u00e1 en la \u00faltima celda) Siga estos pasos para escribir esta f\u00f3rmula: Primero ingrese la funci\u00f3n [&hellip;]<\/p>\n","protected":false},"author":1,"featured_media":0,"parent":0,"menu_order":0,"comment_status":"open","ping_status":"closed","template":"","meta":{"ub_ctt_via":"","footnotes":""},"class_list":["post-311","page","type-page","status-publish","hentry"],"featured_image_src":null,"yoast_head":"<!-- This site is optimized with the Yoast SEO plugin v25.4 - https:\/\/yoast.com\/wordpress\/plugins\/seo\/ -->\n<title>Encuentra el \u00faltimo valor en una columna o fila<\/title>\n<meta name=\"robots\" content=\"index, follow, max-snippet:-1, max-image-preview:large, max-video-preview:-1\" \/>\n<link rel=\"canonical\" href=\"https:\/\/exceladvisor.org\/es\/encontrar-el-ultimo-valor-2\/\" \/>\n<meta property=\"og:locale\" content=\"es_ES\" \/>\n<meta property=\"og:type\" content=\"article\" \/>\n<meta property=\"og:title\" content=\"Encuentra el \u00faltimo valor en una columna o fila\" \/>\n<meta property=\"og:description\" content=\"En Excel, hay dos formas de encontrar un valor en una columna o fila. En este tutorial, aprenderemos a utilizar ambos tipos de f\u00f3rmulas y trataremos de cubrirlas en diferentes situaciones. Buscar el \u00faltimo valor (cuando el \u00faltimo valor est\u00e1 en la \u00faltima celda) Siga estos pasos para escribir esta f\u00f3rmula: Primero ingrese la funci\u00f3n [&hellip;]\" \/>\n<meta property=\"og:url\" content=\"https:\/\/exceladvisor.org\/es\/encontrar-el-ultimo-valor-2\/\" \/>\n<meta property=\"og:site_name\" content=\"Excel Advisor\" \/>\n<meta property=\"article:modified_time\" content=\"2023-12-25T10:32:59+00:00\" \/>\n<meta property=\"og:image\" content=\"https:\/\/exceladvisor.org\/wp-content\/uploads\/2023\/08\/1-recherche-de-la-derniere-valeur-dune-cellule-ou-dune-ligne.png\" \/>\n<meta name=\"twitter:card\" content=\"summary_large_image\" \/>\n<meta name=\"twitter:label1\" content=\"Tiempo de lectura\" \/>\n\t<meta name=\"twitter:data1\" content=\"3 minutos\" \/>\n<script type=\"application\/ld+json\" class=\"yoast-schema-graph\">{\"@context\":\"https:\/\/schema.org\",\"@graph\":[{\"@type\":\"WebPage\",\"@id\":\"https:\/\/exceladvisor.org\/es\/encontrar-el-ultimo-valor-2\/\",\"url\":\"https:\/\/exceladvisor.org\/es\/encontrar-el-ultimo-valor-2\/\",\"name\":\"Encuentra el \u00faltimo valor en una columna o fila\",\"isPartOf\":{\"@id\":\"https:\/\/exceladvisor.org\/es\/#website\"},\"primaryImageOfPage\":{\"@id\":\"https:\/\/exceladvisor.org\/es\/encontrar-el-ultimo-valor-2\/#primaryimage\"},\"image\":{\"@id\":\"https:\/\/exceladvisor.org\/es\/encontrar-el-ultimo-valor-2\/#primaryimage\"},\"thumbnailUrl\":\"https:\/\/exceladvisor.org\/wp-content\/uploads\/2023\/08\/1-recherche-de-la-derniere-valeur-dune-cellule-ou-dune-ligne.png\",\"datePublished\":\"2023-11-05T06:20:08+00:00\",\"dateModified\":\"2023-12-25T10:32:59+00:00\",\"breadcrumb\":{\"@id\":\"https:\/\/exceladvisor.org\/es\/encontrar-el-ultimo-valor-2\/#breadcrumb\"},\"inLanguage\":\"es\",\"potentialAction\":[{\"@type\":\"ReadAction\",\"target\":[\"https:\/\/exceladvisor.org\/es\/encontrar-el-ultimo-valor-2\/\"]}]},{\"@type\":\"ImageObject\",\"inLanguage\":\"es\",\"@id\":\"https:\/\/exceladvisor.org\/es\/encontrar-el-ultimo-valor-2\/#primaryimage\",\"url\":\"https:\/\/exceladvisor.org\/wp-content\/uploads\/2023\/08\/1-recherche-de-la-derniere-valeur-dune-cellule-ou-dune-ligne.png\",\"contentUrl\":\"https:\/\/exceladvisor.org\/wp-content\/uploads\/2023\/08\/1-recherche-de-la-derniere-valeur-dune-cellule-ou-dune-ligne.png\"},{\"@type\":\"BreadcrumbList\",\"@id\":\"https:\/\/exceladvisor.org\/es\/encontrar-el-ultimo-valor-2\/#breadcrumb\",\"itemListElement\":[{\"@type\":\"ListItem\",\"position\":1,\"name\":\"Hogar\",\"item\":\"https:\/\/exceladvisor.org\/es\/\"},{\"@type\":\"ListItem\",\"position\":2,\"name\":\"Encuentra el \u00faltimo valor en una columna o fila\"}]},{\"@type\":\"WebSite\",\"@id\":\"https:\/\/exceladvisor.org\/es\/#website\",\"url\":\"https:\/\/exceladvisor.org\/es\/\",\"name\":\"Excel Advisor\",\"description\":\"Su gu\u00eda para la dominaci\u00f3n de datos!\",\"publisher\":{\"@id\":\"https:\/\/exceladvisor.org\/es\/#organization\"},\"potentialAction\":[{\"@type\":\"SearchAction\",\"target\":{\"@type\":\"EntryPoint\",\"urlTemplate\":\"https:\/\/exceladvisor.org\/es\/?s={search_term_string}\"},\"query-input\":{\"@type\":\"PropertyValueSpecification\",\"valueRequired\":true,\"valueName\":\"search_term_string\"}}],\"inLanguage\":\"es\"},{\"@type\":\"Organization\",\"@id\":\"https:\/\/exceladvisor.org\/es\/#organization\",\"name\":\"Excel Advisor\",\"url\":\"https:\/\/exceladvisor.org\/es\/\",\"logo\":{\"@type\":\"ImageObject\",\"inLanguage\":\"es\",\"@id\":\"https:\/\/exceladvisor.org\/es\/#\/schema\/logo\/image\/\",\"url\":\"https:\/\/exceladvisor.org\/es\/wp-content\/uploads\/2023\/12\/exceladvisor.org_.png\",\"contentUrl\":\"https:\/\/exceladvisor.org\/es\/wp-content\/uploads\/2023\/12\/exceladvisor.org_.png\",\"width\":105,\"height\":36,\"caption\":\"Excel Advisor\"},\"image\":{\"@id\":\"https:\/\/exceladvisor.org\/es\/#\/schema\/logo\/image\/\"}}]}<\/script>\n<!-- \/ Yoast SEO plugin. -->","yoast_head_json":{"title":"Encuentra el \u00faltimo valor en una columna o fila","robots":{"index":"index","follow":"follow","max-snippet":"max-snippet:-1","max-image-preview":"max-image-preview:large","max-video-preview":"max-video-preview:-1"},"canonical":"https:\/\/exceladvisor.org\/es\/encontrar-el-ultimo-valor-2\/","og_locale":"es_ES","og_type":"article","og_title":"Encuentra el \u00faltimo valor en una columna o fila","og_description":"En Excel, hay dos formas de encontrar un valor en una columna o fila. En este tutorial, aprenderemos a utilizar ambos tipos de f\u00f3rmulas y trataremos de cubrirlas en diferentes situaciones. Buscar el \u00faltimo valor (cuando el \u00faltimo valor est\u00e1 en la \u00faltima celda) Siga estos pasos para escribir esta f\u00f3rmula: Primero ingrese la funci\u00f3n [&hellip;]","og_url":"https:\/\/exceladvisor.org\/es\/encontrar-el-ultimo-valor-2\/","og_site_name":"Excel Advisor","article_modified_time":"2023-12-25T10:32:59+00:00","og_image":[{"url":"https:\/\/exceladvisor.org\/wp-content\/uploads\/2023\/08\/1-recherche-de-la-derniere-valeur-dune-cellule-ou-dune-ligne.png","type":"","width":"","height":""}],"twitter_card":"summary_large_image","twitter_misc":{"Tiempo de lectura":"3 minutos"},"schema":{"@context":"https:\/\/schema.org","@graph":[{"@type":"WebPage","@id":"https:\/\/exceladvisor.org\/es\/encontrar-el-ultimo-valor-2\/","url":"https:\/\/exceladvisor.org\/es\/encontrar-el-ultimo-valor-2\/","name":"Encuentra el \u00faltimo valor en una columna o fila","isPartOf":{"@id":"https:\/\/exceladvisor.org\/es\/#website"},"primaryImageOfPage":{"@id":"https:\/\/exceladvisor.org\/es\/encontrar-el-ultimo-valor-2\/#primaryimage"},"image":{"@id":"https:\/\/exceladvisor.org\/es\/encontrar-el-ultimo-valor-2\/#primaryimage"},"thumbnailUrl":"https:\/\/exceladvisor.org\/wp-content\/uploads\/2023\/08\/1-recherche-de-la-derniere-valeur-dune-cellule-ou-dune-ligne.png","datePublished":"2023-11-05T06:20:08+00:00","dateModified":"2023-12-25T10:32:59+00:00","breadcrumb":{"@id":"https:\/\/exceladvisor.org\/es\/encontrar-el-ultimo-valor-2\/#breadcrumb"},"inLanguage":"es","potentialAction":[{"@type":"ReadAction","target":["https:\/\/exceladvisor.org\/es\/encontrar-el-ultimo-valor-2\/"]}]},{"@type":"ImageObject","inLanguage":"es","@id":"https:\/\/exceladvisor.org\/es\/encontrar-el-ultimo-valor-2\/#primaryimage","url":"https:\/\/exceladvisor.org\/wp-content\/uploads\/2023\/08\/1-recherche-de-la-derniere-valeur-dune-cellule-ou-dune-ligne.png","contentUrl":"https:\/\/exceladvisor.org\/wp-content\/uploads\/2023\/08\/1-recherche-de-la-derniere-valeur-dune-cellule-ou-dune-ligne.png"},{"@type":"BreadcrumbList","@id":"https:\/\/exceladvisor.org\/es\/encontrar-el-ultimo-valor-2\/#breadcrumb","itemListElement":[{"@type":"ListItem","position":1,"name":"Hogar","item":"https:\/\/exceladvisor.org\/es\/"},{"@type":"ListItem","position":2,"name":"Encuentra el \u00faltimo valor en una columna o fila"}]},{"@type":"WebSite","@id":"https:\/\/exceladvisor.org\/es\/#website","url":"https:\/\/exceladvisor.org\/es\/","name":"Excel Advisor","description":"Su gu\u00eda para la dominaci\u00f3n de datos!","publisher":{"@id":"https:\/\/exceladvisor.org\/es\/#organization"},"potentialAction":[{"@type":"SearchAction","target":{"@type":"EntryPoint","urlTemplate":"https:\/\/exceladvisor.org\/es\/?s={search_term_string}"},"query-input":{"@type":"PropertyValueSpecification","valueRequired":true,"valueName":"search_term_string"}}],"inLanguage":"es"},{"@type":"Organization","@id":"https:\/\/exceladvisor.org\/es\/#organization","name":"Excel Advisor","url":"https:\/\/exceladvisor.org\/es\/","logo":{"@type":"ImageObject","inLanguage":"es","@id":"https:\/\/exceladvisor.org\/es\/#\/schema\/logo\/image\/","url":"https:\/\/exceladvisor.org\/es\/wp-content\/uploads\/2023\/12\/exceladvisor.org_.png","contentUrl":"https:\/\/exceladvisor.org\/es\/wp-content\/uploads\/2023\/12\/exceladvisor.org_.png","width":105,"height":36,"caption":"Excel Advisor"},"image":{"@id":"https:\/\/exceladvisor.org\/es\/#\/schema\/logo\/image\/"}}]}},"yoast_meta":{"yoast_wpseo_title":"","yoast_wpseo_metadesc":"","yoast_wpseo_canonical":""},"_links":{"self":[{"href":"https:\/\/exceladvisor.org\/es\/wp-json\/wp\/v2\/pages\/311","targetHints":{"allow":["GET"]}}],"collection":[{"href":"https:\/\/exceladvisor.org\/es\/wp-json\/wp\/v2\/pages"}],"about":[{"href":"https:\/\/exceladvisor.org\/es\/wp-json\/wp\/v2\/types\/page"}],"author":[{"embeddable":true,"href":"https:\/\/exceladvisor.org\/es\/wp-json\/wp\/v2\/users\/1"}],"replies":[{"embeddable":true,"href":"https:\/\/exceladvisor.org\/es\/wp-json\/wp\/v2\/comments?post=311"}],"version-history":[{"count":1,"href":"https:\/\/exceladvisor.org\/es\/wp-json\/wp\/v2\/pages\/311\/revisions"}],"predecessor-version":[{"id":1450,"href":"https:\/\/exceladvisor.org\/es\/wp-json\/wp\/v2\/pages\/311\/revisions\/1450"}],"wp:attachment":[{"href":"https:\/\/exceladvisor.org\/es\/wp-json\/wp\/v2\/media?parent=311"}],"curies":[{"name":"wp","href":"https:\/\/api.w.org\/{rel}","templated":true}]}}