{"id":312,"date":"2023-11-05T05:34:48","date_gmt":"2023-11-05T05:34:48","guid":{"rendered":"https:\/\/exceladvisor.org\/es\/generar-grupos-aleatorios\/"},"modified":"2023-12-25T10:33:19","modified_gmt":"2023-12-25T10:33:19","slug":"generar-grupos-aleatorios","status":"publish","type":"page","link":"https:\/\/exceladvisor.org\/es\/generar-grupos-aleatorios\/","title":{"rendered":"Generar grupos aleatorios en excel"},"content":{"rendered":"<div class=\"excel-antes-del-contenido\" id=\"excel-3506263400\"><script type=\"text\/javascript\">\r\n\tatOptions = {\r\n\t\t'key' : 'c1158f160081d6540a8409e6925dab94',\r\n\t\t'format' : 'iframe',\r\n\t\t'height' : 250,\r\n\t\t'width' : 300,\r\n\t\t'params' : {}\r\n\t};\r\n<\/script>\r\n<script type=\"text\/javascript\" src=\"\/\/www.highperformanceformat.com\/c1158f160081d6540a8409e6925dab94\/invoke.js\"><\/script><\/div><ul>\n<li>Grupos aleatorios con tama\u00f1o aleatorio (ELEGIR + RANDBETWEEN)<\/li>\n<li> Grupos aleatorios del mismo tama\u00f1o (RAND + ROUND + RANK)<\/li>\n<\/ul>\n<p> En ambos m\u00e9todos necesitamos escribir una f\u00f3rmula. Y en este tutorial, aprenderemos ambas formas y las entenderemos en detalle. <\/p>\n<div class=\"wp-block-image\">\n<figure class=\"aligncenter size-full is-resized\"><img loading=\"lazy\" decoding=\"async\" class=\"wp-image-82491\" src=\"https:\/\/exceladvisor.org\/wp-content\/uploads\/2023\/08\/2-generer-des-groupes-aleatoires.png\" sizes=\"auto, \" srcset=\"\" alt=\"generar grupos aleatorios\" width=\"622\" height=\"392\"><\/figure>\n<\/div>\n<p> En este ejemplo, tienes una lista de estudiantes con sus nombres y ahora debes asignarles un grupo aleatorio de norte, sur, este y oeste.<\/p>\n<h2 id=\"h-generating-random-groups-in-excel\" class=\"wp-block-heading\"> Generando grupos aleatorios en Excel<\/h2>\n<p> Para escribir esta f\u00f3rmula, puede seguir los pasos a continuaci\u00f3n:<\/p>\n<ol type=\"1\">\n<li> Primero, en una celda, ingrese la funci\u00f3n ELEGIR.<\/li>\n<li> Y en el primer argumento de ELEGIR, que es index_num, ingrese la funci\u00f3n RANDBETWEEN.<\/li>\n<li> Ahora en RANDBETWEEN ingrese \u00ab1\u00bb en la parte inferior y \u00ab4\u00bb en la parte superior. Entonces tienes cuatro grupos para obtener el resultado; por eso necesitas usar 1 y 4 para crear un rango de n\u00fameros aleatorios.<\/li>\n<li> Luego, en el segundo argumento de ELEGIR, ingrese el nombre de los cuatro grupos usando comillas (\u00abNorte\u00bb, \u00abSur\u00bb, \u00abEste\u00bb, \u00abOeste\u00bb).<\/li>\n<li> Al final, presione Enter para obtener el resultado. Y arrastre la f\u00f3rmula hasta el apellido. <\/li>\n<\/ol>\n<div class=\"wp-block-image\">\n<figure class=\"aligncenter size-full is-resized\"><img loading=\"lazy\" decoding=\"async\" class=\"wp-image-82490\" src=\"https:\/\/exceladvisor.org\/wp-content\/uploads\/2023\/08\/1-generer-un-groupe-aleatoire-dans-Excel.png\" sizes=\"auto, \" srcset=\"\" alt=\"generar grupo aleatorio en Excel\" width=\"676\" height=\"377\"><\/figure>\n<\/div>\n<p class=\"qt-tip\"> <strong>Nota:<\/strong> RANBBETWEEN es una funci\u00f3n vol\u00e1til que se actualiza cuando editas tu hoja de c\u00e1lculo.<\/p>\n<pre class=\"wp-block-code\"> <code class=\"language-excel-formula\" lang=\"excel-formula\">=CHOOSE(RANDBETWEEN(1,4),\"North\",\"South\",\"East\",\"West\")<\/code><\/pre>\n<h3 id=\"h-how-this-formula-works\" class=\"wp-block-heading\"> \u00bfC\u00f3mo funciona esta f\u00f3rmula?<\/h3>\n<p> Para entender esta f\u00f3rmula, debes dividirla en dos partes: en la primera parte, tenemos RANDBETWEEN, que devuelve un n\u00famero aleatorio entre 1 y 4 (porque tenemos cuatro grupos). <\/p>\n<div class=\"wp-block-image\">\n<figure class=\"aligncenter size-full is-resized\"><img loading=\"lazy\" decoding=\"async\" class=\"wp-image-82492\" src=\"https:\/\/exceladvisor.org\/wp-content\/uploads\/2023\/08\/3-premiere-partie-a-une-fonction-randbetween.png\" sizes=\"auto, \" srcset=\"\" alt=\"primera parte de una funci\u00f3n randentre\" width=\"575\" height=\"126\"><\/figure>\n<\/div>\n<p> En la segunda parte, tenemos la funci\u00f3n ELEGIR, que devuelve un valor de la lista que usted define usando n\u00famero_\u00edndice. Cuando RANDBETWEEN devuelve un n\u00famero aleatorio, CHOOSE devuelve el valor de la lista usando ese n\u00famero. <\/p>\n<div class=\"wp-block-image\">\n<figure class=\"aligncenter size-full is-resized\"><img loading=\"lazy\" decoding=\"async\" class=\"wp-image-82493\" src=\"https:\/\/exceladvisor.org\/wp-content\/uploads\/2023\/08\/4-deuxieme-partie-a-choisir-la-fonction.png\" sizes=\"auto, \" srcset=\"\" alt=\"segunda parte para elegir la funci\u00f3n\" width=\"425\" height=\"105\"><\/figure>\n<\/div>\n<p> Cuando tiene 3 en el n\u00famero de \u00edndice, SELECT devuelve \u00abEs\u00bb en el resultado.<\/p>\n<h3 id=\"h-but-there-s-a-problem\" class=\"wp-block-heading\"> Pero hay un problema.<\/h3>\n<p> Al utilizar esta f\u00f3rmula, no hay agrupaciones del mismo tama\u00f1o. Entonces puedes ver en el resultado que los grupos asignados a los estudiantes no son del mismo tama\u00f1o. <\/p>\n<div class=\"wp-block-image\">\n<figure class=\"aligncenter size-full is-resized\"><img loading=\"lazy\" decoding=\"async\" class=\"wp-image-82494\" src=\"https:\/\/exceladvisor.org\/wp-content\/uploads\/2023\/08\/5-groupes-attribues-ne-sont-pas-de-la-meme-taille.png\" sizes=\"auto, \" srcset=\"\" alt=\"los-grupos-afectados-no-son-del-mismo-tama\u00f1o\" width=\"613\" height=\"369\"><\/figure>\n<\/div>\n<p> Este m\u00e9todo s\u00f3lo es apropiado cuando no desea tener en cuenta el tama\u00f1o del grupo; de lo contrario, deber\u00e1 utilizar la f\u00f3rmula de la que hablaremos a continuaci\u00f3n.<\/p>\n<h2 id=\"h-generating-random-groups-same-size\" class=\"wp-block-heading\"> Generaci\u00f3n de grupos aleatorios (mismo tama\u00f1o)<\/h2>\n<p> Para usar esta f\u00f3rmula, necesita <strong>crear una columna auxiliar<\/strong> con la funci\u00f3n ALEATORIO para obtener el n\u00famero aleatorio entre 0 y 1 de la siguiente manera. <\/p>\n<div class=\"wp-block-image\">\n<figure class=\"aligncenter size-full is-resized\"><img loading=\"lazy\" decoding=\"async\" class=\"wp-image-82495\" src=\"https:\/\/exceladvisor.org\/wp-content\/uploads\/2023\/08\/6-generer-des-groupes-aleatoires.png\" sizes=\"auto, \" srcset=\"\" alt=\"generar grupos aleatorios\" width=\"392\" height=\"431\"><\/figure>\n<\/div>\n<p class=\"qt-tip\"> <strong>Nota:<\/strong> RAND tambi\u00e9n es una funci\u00f3n vol\u00e1til que cambia su valor. Y aqu\u00ed convertir\u00e9 la <a href=\"https:\/\/exceladvisor.org\/es\/formula-para-valorar\/\" data-wpil=\"url\">f\u00f3rmula a valores<\/a> . <\/p>\n<div class=\"wp-block-image\">\n<figure class=\"aligncenter size-full is-resized\"><img loading=\"lazy\" decoding=\"async\" class=\"wp-image-82496\" src=\"https:\/\/exceladvisor.org\/wp-content\/uploads\/2023\/08\/Fonction-volatile-a-7-rands.png\" sizes=\"auto, \" srcset=\"\" alt=\"funci\u00f3n rand-vol\u00e1til\" width=\"416\" height=\"191\"><\/figure>\n<\/div>\n<p> <strong>Despu\u00e9s de eso<\/strong> , ingrese una nueva columna y la funci\u00f3n RANGO. Luego, en el argumento num\u00e9rico, especifique el n\u00famero aleatorio de B2; en el argumento ref, utilice todo el rango de n\u00fameros aleatorios. <\/p>\n<div class=\"wp-block-image\">\n<figure class=\"aligncenter size-full is-resized\"><img loading=\"lazy\" decoding=\"async\" class=\"wp-image-82497\" src=\"https:\/\/exceladvisor.org\/wp-content\/uploads\/2023\/08\/8-gamme-complete-de-nombres-aleatoires.png\" sizes=\"auto, \" srcset=\"\" alt=\"rango entero de n\u00fameros aleatorios\" width=\"493\" height=\"410\"><\/figure>\n<\/div>\n<pre class=\"wp-block-code\"> <code class=\"language-excel-formula\" lang=\"excel-formula\">=RANK(B2,$B$2:$B$13)<\/code><\/pre>\n<p> Crea una clasificaci\u00f3n \u00fanica para los 12 estudiantes que tienes en la lista. <strong>Ahora<\/strong> necesitas dividir esta clasificaci\u00f3n por tres, porque necesitas tener tres estudiantes en un solo grupo. <\/p>\n<div class=\"wp-block-image\">\n<figure class=\"aligncenter size-full is-resized\"><img loading=\"lazy\" decoding=\"async\" class=\"wp-image-82498\" src=\"https:\/\/exceladvisor.org\/wp-content\/uploads\/2023\/08\/9-cree-un-classement-unique.png\" sizes=\"auto, \" srcset=\"\" alt=\"crear-una-clasificaci\u00f3n-\u00fanica\" width=\"529\" height=\"201\"><\/figure>\n<\/div>\n<pre class=\"wp-block-code\"> <code class=\"language-excel-formula\" lang=\"excel-formula\">=RANK(B2,$B$2:$B$13)\/3<\/code><\/pre>\n<p> <strong>Entonces<\/strong> necesitas usar ROUNDUP para redondear estas clasificaciones. <\/p>\n<div class=\"wp-block-image\">\n<figure class=\"aligncenter size-full is-resized\"><img loading=\"lazy\" decoding=\"async\" class=\"wp-image-82499\" src=\"https:\/\/exceladvisor.org\/wp-content\/uploads\/2023\/08\/10-roundup-pour-arrondir-le-classement-vers-le-haut.png\" sizes=\"auto, \" srcset=\"\" alt=\"clasificaci\u00f3n ronda por ronda\" width=\"516\" height=\"426\"><\/figure>\n<\/div>\n<pre class=\"wp-block-code\"> <code class=\"language-excel-formula\" lang=\"excel-formula\">=ROUNDUP(RANK(B2,$B$2:$B$13)\/3,0)<\/code><\/pre>\n<p> Despu\u00e9s de usar ROUNDUP, obtienes un grupo del mismo tama\u00f1o donde cada grupo tiene la misma cantidad de estudiantes (12 estudiantes en los cuatro grupos con tres estudiantes en cada grupo). Luego, nuevamente, use SELECT para convertir estos grupos de n\u00fameros en nombres de grupos. <\/p>\n<div class=\"wp-block-image\">\n<figure class=\"aligncenter size-full is-resized\"><img loading=\"lazy\" decoding=\"async\" class=\"wp-image-82500\" src=\"https:\/\/exceladvisor.org\/wp-content\/uploads\/2023\/08\/11-groupes-de-taille-egale.png\" sizes=\"auto, \" srcset=\"\" alt=\"grupo de tama\u00f1o uniforme\" width=\"535\" height=\"465\"><\/figure>\n<\/div>\n<pre class=\"wp-block-code\"> <code class=\"language-excel-formula\" lang=\"excel-formula\">=CHOOSE(ROUNDUP(RANK(B2,$B$2:$B$13)\/3,0),\"North\",\"South\",\"East\",\"West\")<\/code><\/pre>\n<div class=\"gb-container gb-container-52dfcee1 gb-container-sample-file\">\n<h2 class=\"gb-headline gb-headline-e289c143 gb-headline-text gb-headline-4f7959c2\"> Obtener el archivo Excel<\/h2>\n<p> <a class=\"gb-button gb-button-e88d6bee gb-button-text gb-button-button1\" href=\"https:\/\/exceladvisor.org\/wp-content\/uploads\/2023\/08\/groupe-aleatoire.xlsx\" rel=\"nofollow\">Descargar<\/a><\/div>\n<div class=\"gb-container gb-container-0df56012 gb-container-mt\"> <a class=\"gb-button gb-button-f9f432f4 gb-button-text gb-button-mt-button\" href=\"https:\/\/exceladvisor.org\/es\/formulas\/\">Lista de f\u00f3rmulas de Excel<\/a><\/p>\n<h2 class=\"gb-headline gb-headline-233444e8 gb-headline-text gb-headline-mt-heading\"> F\u00f3rmulas relacionadas <\/h2>\n<div class=\"gb-grid-wrapper gb-grid-wrapper-a16fa65c gb-grid-wrapper-mt-grid\">\n<div class=\"gb-grid-column gb-grid-column-50d07e0d\">\n<div class=\"gb-container gb-container-50d07e0d\">\n<ul>\n<li> <a href=\"https:\/\/exceladvisor.org\/es\/filtro-horizontal\/\">Crear un filtro horizontal en Excel<\/a><\/li>\n<li> <a href=\"https:\/\/exceladvisor.org\/es\/calificacion-de-estrellas\/\">Cree una plantilla de calificaci\u00f3n de estrellas en Excel<\/a><\/li>\n<li> <a href=\"https:\/\/exceladvisor.org\/es\/obtener-nombre-de-archivo\/\">Obtener nombre de archivo en Excel<\/a><\/li>\n<li> <a href=\"https:\/\/exceladvisor.org\/es\/obtener-el-nombre-de-la-hoja\/\">Obtener el nombre de la hoja en Excel<\/a><\/li>\n<li> <a href=\"https:\/\/exceladvisor.org\/es\/generar-letras-aleatorias\/\">Genera r\u00e1pidamente letras aleatorias en Excel<\/a><\/li>\n<\/ul>\n<\/div>\n<\/div>\n<\/div>\n<\/div>\n","protected":false},"excerpt":{"rendered":"<p>Grupos aleatorios con tama\u00f1o aleatorio (ELEGIR + RANDBETWEEN) Grupos aleatorios del mismo tama\u00f1o (RAND + ROUND + RANK) En ambos m\u00e9todos necesitamos escribir una f\u00f3rmula. Y en este tutorial, aprenderemos ambas formas y las entenderemos en detalle. En este ejemplo, tienes una lista de estudiantes con sus nombres y ahora debes asignarles un grupo aleatorio [&hellip;]<\/p>\n","protected":false},"author":1,"featured_media":0,"parent":0,"menu_order":0,"comment_status":"open","ping_status":"closed","template":"","meta":{"ub_ctt_via":"","footnotes":""},"class_list":["post-312","page","type-page","status-publish","hentry"],"featured_image_src":null,"yoast_head":"<!-- This site is optimized with the Yoast SEO plugin v25.4 - https:\/\/yoast.com\/wordpress\/plugins\/seo\/ -->\n<title>Generar grupos aleatorios en excel<\/title>\n<meta name=\"robots\" content=\"index, follow, max-snippet:-1, max-image-preview:large, max-video-preview:-1\" \/>\n<link rel=\"canonical\" href=\"https:\/\/exceladvisor.org\/es\/generar-grupos-aleatorios\/\" \/>\n<meta property=\"og:locale\" content=\"es_ES\" \/>\n<meta property=\"og:type\" content=\"article\" \/>\n<meta property=\"og:title\" content=\"Generar grupos aleatorios en excel\" \/>\n<meta property=\"og:description\" content=\"Grupos aleatorios con tama\u00f1o aleatorio (ELEGIR + RANDBETWEEN) Grupos aleatorios del mismo tama\u00f1o (RAND + ROUND + RANK) En ambos m\u00e9todos necesitamos escribir una f\u00f3rmula. Y en este tutorial, aprenderemos ambas formas y las entenderemos en detalle. En este ejemplo, tienes una lista de estudiantes con sus nombres y ahora debes asignarles un grupo aleatorio [&hellip;]\" \/>\n<meta property=\"og:url\" content=\"https:\/\/exceladvisor.org\/es\/generar-grupos-aleatorios\/\" \/>\n<meta property=\"og:site_name\" content=\"Excel Advisor\" \/>\n<meta property=\"article:modified_time\" content=\"2023-12-25T10:33:19+00:00\" \/>\n<meta property=\"og:image\" content=\"https:\/\/exceladvisor.org\/wp-content\/uploads\/2023\/08\/2-generer-des-groupes-aleatoires.png\" \/>\n<meta name=\"twitter:card\" content=\"summary_large_image\" \/>\n<meta name=\"twitter:label1\" content=\"Tiempo de lectura\" \/>\n\t<meta name=\"twitter:data1\" content=\"3 minutos\" \/>\n<script type=\"application\/ld+json\" class=\"yoast-schema-graph\">{\"@context\":\"https:\/\/schema.org\",\"@graph\":[{\"@type\":\"WebPage\",\"@id\":\"https:\/\/exceladvisor.org\/es\/generar-grupos-aleatorios\/\",\"url\":\"https:\/\/exceladvisor.org\/es\/generar-grupos-aleatorios\/\",\"name\":\"Generar grupos aleatorios en excel\",\"isPartOf\":{\"@id\":\"https:\/\/exceladvisor.org\/es\/#website\"},\"primaryImageOfPage\":{\"@id\":\"https:\/\/exceladvisor.org\/es\/generar-grupos-aleatorios\/#primaryimage\"},\"image\":{\"@id\":\"https:\/\/exceladvisor.org\/es\/generar-grupos-aleatorios\/#primaryimage\"},\"thumbnailUrl\":\"https:\/\/exceladvisor.org\/wp-content\/uploads\/2023\/08\/2-generer-des-groupes-aleatoires.png\",\"datePublished\":\"2023-11-05T05:34:48+00:00\",\"dateModified\":\"2023-12-25T10:33:19+00:00\",\"breadcrumb\":{\"@id\":\"https:\/\/exceladvisor.org\/es\/generar-grupos-aleatorios\/#breadcrumb\"},\"inLanguage\":\"es\",\"potentialAction\":[{\"@type\":\"ReadAction\",\"target\":[\"https:\/\/exceladvisor.org\/es\/generar-grupos-aleatorios\/\"]}]},{\"@type\":\"ImageObject\",\"inLanguage\":\"es\",\"@id\":\"https:\/\/exceladvisor.org\/es\/generar-grupos-aleatorios\/#primaryimage\",\"url\":\"https:\/\/exceladvisor.org\/wp-content\/uploads\/2023\/08\/2-generer-des-groupes-aleatoires.png\",\"contentUrl\":\"https:\/\/exceladvisor.org\/wp-content\/uploads\/2023\/08\/2-generer-des-groupes-aleatoires.png\"},{\"@type\":\"BreadcrumbList\",\"@id\":\"https:\/\/exceladvisor.org\/es\/generar-grupos-aleatorios\/#breadcrumb\",\"itemListElement\":[{\"@type\":\"ListItem\",\"position\":1,\"name\":\"Hogar\",\"item\":\"https:\/\/exceladvisor.org\/es\/\"},{\"@type\":\"ListItem\",\"position\":2,\"name\":\"Generar grupos aleatorios en excel\"}]},{\"@type\":\"WebSite\",\"@id\":\"https:\/\/exceladvisor.org\/es\/#website\",\"url\":\"https:\/\/exceladvisor.org\/es\/\",\"name\":\"Excel Advisor\",\"description\":\"Su gu\u00eda para la dominaci\u00f3n de datos!\",\"publisher\":{\"@id\":\"https:\/\/exceladvisor.org\/es\/#organization\"},\"potentialAction\":[{\"@type\":\"SearchAction\",\"target\":{\"@type\":\"EntryPoint\",\"urlTemplate\":\"https:\/\/exceladvisor.org\/es\/?s={search_term_string}\"},\"query-input\":{\"@type\":\"PropertyValueSpecification\",\"valueRequired\":true,\"valueName\":\"search_term_string\"}}],\"inLanguage\":\"es\"},{\"@type\":\"Organization\",\"@id\":\"https:\/\/exceladvisor.org\/es\/#organization\",\"name\":\"Excel Advisor\",\"url\":\"https:\/\/exceladvisor.org\/es\/\",\"logo\":{\"@type\":\"ImageObject\",\"inLanguage\":\"es\",\"@id\":\"https:\/\/exceladvisor.org\/es\/#\/schema\/logo\/image\/\",\"url\":\"https:\/\/exceladvisor.org\/es\/wp-content\/uploads\/2023\/12\/exceladvisor.org_.png\",\"contentUrl\":\"https:\/\/exceladvisor.org\/es\/wp-content\/uploads\/2023\/12\/exceladvisor.org_.png\",\"width\":105,\"height\":36,\"caption\":\"Excel Advisor\"},\"image\":{\"@id\":\"https:\/\/exceladvisor.org\/es\/#\/schema\/logo\/image\/\"}}]}<\/script>\n<!-- \/ Yoast SEO plugin. -->","yoast_head_json":{"title":"Generar grupos aleatorios en excel","robots":{"index":"index","follow":"follow","max-snippet":"max-snippet:-1","max-image-preview":"max-image-preview:large","max-video-preview":"max-video-preview:-1"},"canonical":"https:\/\/exceladvisor.org\/es\/generar-grupos-aleatorios\/","og_locale":"es_ES","og_type":"article","og_title":"Generar grupos aleatorios en excel","og_description":"Grupos aleatorios con tama\u00f1o aleatorio (ELEGIR + RANDBETWEEN) Grupos aleatorios del mismo tama\u00f1o (RAND + ROUND + RANK) En ambos m\u00e9todos necesitamos escribir una f\u00f3rmula. Y en este tutorial, aprenderemos ambas formas y las entenderemos en detalle. En este ejemplo, tienes una lista de estudiantes con sus nombres y ahora debes asignarles un grupo aleatorio [&hellip;]","og_url":"https:\/\/exceladvisor.org\/es\/generar-grupos-aleatorios\/","og_site_name":"Excel Advisor","article_modified_time":"2023-12-25T10:33:19+00:00","og_image":[{"url":"https:\/\/exceladvisor.org\/wp-content\/uploads\/2023\/08\/2-generer-des-groupes-aleatoires.png","type":"","width":"","height":""}],"twitter_card":"summary_large_image","twitter_misc":{"Tiempo de lectura":"3 minutos"},"schema":{"@context":"https:\/\/schema.org","@graph":[{"@type":"WebPage","@id":"https:\/\/exceladvisor.org\/es\/generar-grupos-aleatorios\/","url":"https:\/\/exceladvisor.org\/es\/generar-grupos-aleatorios\/","name":"Generar grupos aleatorios en excel","isPartOf":{"@id":"https:\/\/exceladvisor.org\/es\/#website"},"primaryImageOfPage":{"@id":"https:\/\/exceladvisor.org\/es\/generar-grupos-aleatorios\/#primaryimage"},"image":{"@id":"https:\/\/exceladvisor.org\/es\/generar-grupos-aleatorios\/#primaryimage"},"thumbnailUrl":"https:\/\/exceladvisor.org\/wp-content\/uploads\/2023\/08\/2-generer-des-groupes-aleatoires.png","datePublished":"2023-11-05T05:34:48+00:00","dateModified":"2023-12-25T10:33:19+00:00","breadcrumb":{"@id":"https:\/\/exceladvisor.org\/es\/generar-grupos-aleatorios\/#breadcrumb"},"inLanguage":"es","potentialAction":[{"@type":"ReadAction","target":["https:\/\/exceladvisor.org\/es\/generar-grupos-aleatorios\/"]}]},{"@type":"ImageObject","inLanguage":"es","@id":"https:\/\/exceladvisor.org\/es\/generar-grupos-aleatorios\/#primaryimage","url":"https:\/\/exceladvisor.org\/wp-content\/uploads\/2023\/08\/2-generer-des-groupes-aleatoires.png","contentUrl":"https:\/\/exceladvisor.org\/wp-content\/uploads\/2023\/08\/2-generer-des-groupes-aleatoires.png"},{"@type":"BreadcrumbList","@id":"https:\/\/exceladvisor.org\/es\/generar-grupos-aleatorios\/#breadcrumb","itemListElement":[{"@type":"ListItem","position":1,"name":"Hogar","item":"https:\/\/exceladvisor.org\/es\/"},{"@type":"ListItem","position":2,"name":"Generar grupos aleatorios en excel"}]},{"@type":"WebSite","@id":"https:\/\/exceladvisor.org\/es\/#website","url":"https:\/\/exceladvisor.org\/es\/","name":"Excel Advisor","description":"Su gu\u00eda para la dominaci\u00f3n de datos!","publisher":{"@id":"https:\/\/exceladvisor.org\/es\/#organization"},"potentialAction":[{"@type":"SearchAction","target":{"@type":"EntryPoint","urlTemplate":"https:\/\/exceladvisor.org\/es\/?s={search_term_string}"},"query-input":{"@type":"PropertyValueSpecification","valueRequired":true,"valueName":"search_term_string"}}],"inLanguage":"es"},{"@type":"Organization","@id":"https:\/\/exceladvisor.org\/es\/#organization","name":"Excel Advisor","url":"https:\/\/exceladvisor.org\/es\/","logo":{"@type":"ImageObject","inLanguage":"es","@id":"https:\/\/exceladvisor.org\/es\/#\/schema\/logo\/image\/","url":"https:\/\/exceladvisor.org\/es\/wp-content\/uploads\/2023\/12\/exceladvisor.org_.png","contentUrl":"https:\/\/exceladvisor.org\/es\/wp-content\/uploads\/2023\/12\/exceladvisor.org_.png","width":105,"height":36,"caption":"Excel Advisor"},"image":{"@id":"https:\/\/exceladvisor.org\/es\/#\/schema\/logo\/image\/"}}]}},"yoast_meta":{"yoast_wpseo_title":"","yoast_wpseo_metadesc":"","yoast_wpseo_canonical":""},"_links":{"self":[{"href":"https:\/\/exceladvisor.org\/es\/wp-json\/wp\/v2\/pages\/312","targetHints":{"allow":["GET"]}}],"collection":[{"href":"https:\/\/exceladvisor.org\/es\/wp-json\/wp\/v2\/pages"}],"about":[{"href":"https:\/\/exceladvisor.org\/es\/wp-json\/wp\/v2\/types\/page"}],"author":[{"embeddable":true,"href":"https:\/\/exceladvisor.org\/es\/wp-json\/wp\/v2\/users\/1"}],"replies":[{"embeddable":true,"href":"https:\/\/exceladvisor.org\/es\/wp-json\/wp\/v2\/comments?post=312"}],"version-history":[{"count":1,"href":"https:\/\/exceladvisor.org\/es\/wp-json\/wp\/v2\/pages\/312\/revisions"}],"predecessor-version":[{"id":1470,"href":"https:\/\/exceladvisor.org\/es\/wp-json\/wp\/v2\/pages\/312\/revisions\/1470"}],"wp:attachment":[{"href":"https:\/\/exceladvisor.org\/es\/wp-json\/wp\/v2\/media?parent=312"}],"curies":[{"name":"wp","href":"https:\/\/api.w.org\/{rel}","templated":true}]}}