{"id":313,"date":"2023-11-05T01:44:39","date_gmt":"2023-11-05T01:44:39","guid":{"rendered":"https:\/\/exceladvisor.org\/es\/comprobar-si-existe-un-valor-en-un-rango\/"},"modified":"2023-12-25T10:24:21","modified_gmt":"2023-12-25T10:24:21","slug":"comprobar-si-existe-un-valor-en-un-rango","status":"publish","type":"page","link":"https:\/\/exceladvisor.org\/es\/comprobar-si-existe-un-valor-en-un-rango\/","title":{"rendered":"\u00bfc\u00f3mo comprobar si existe un valor en un rango?"},"content":{"rendered":"<div class=\"excel-antes-del-contenido\" id=\"excel-3340472536\"><script type=\"text\/javascript\">\r\n\tatOptions = {\r\n\t\t'key' : 'c1158f160081d6540a8409e6925dab94',\r\n\t\t'format' : 'iframe',\r\n\t\t'height' : 250,\r\n\t\t'width' : 300,\r\n\t\t'params' : {}\r\n\t};\r\n<\/script>\r\n<script type=\"text\/javascript\" src=\"\/\/www.highperformanceformat.com\/c1158f160081d6540a8409e6925dab94\/invoke.js\"><\/script><\/div><p>En Excel, para verificar si un valor existe en un rango o no, puede usar la funci\u00f3n CONTAR.SI, junto con la funci\u00f3n SI. Con CONTAR.SI puede verificar el valor y con SI puede devolver un valor de resultado para mostr\u00e1rselo al usuario. es decir, s\u00ed o no, encontrado o no encontrado.<\/p>\n<h2 id=\"h-check-for-a-value-in-a-range\" class=\"wp-block-heading\"> Encuentra un valor en un rango<\/h2>\n<p> En el siguiente ejemplo, tiene una lista de nombres donde solo tiene nombres y ahora necesita verificar si \u00abGLEN\u00bb est\u00e1 all\u00ed o no. <\/p>\n<div class=\"wp-block-image\">\n<figure class=\"aligncenter size-full is-resized\"><img loading=\"lazy\" decoding=\"async\" class=\"wp-image-67089\" src=\"https:\/\/exceladvisor.org\/wp-content\/uploads\/2023\/08\/1-liste-de-noms.png\" sizes=\"auto, \" srcset=\"\" alt=\"lista de nombres\" width=\"268\" height=\"296\"><\/figure>\n<\/div>\n<p> Puede utilizar los siguientes pasos:<\/p>\n<ol>\n<li> Primero, debe ingresar la funci\u00f3n SI en la celda B1. <br \/><img loading=\"lazy\" decoding=\"async\" title=\"2-ingresar-funci\u00f3n-si\" src=\"https:\/\/exceladvisor.org\/wp-content\/uploads\/2023\/08\/2-entrez-la-fonction-if.png\" sizes=\"auto, \" srcset=\"\" alt=\"enter-the-if-function\" width=\"538\" height=\"173\"><\/li>\n<li> Despu\u00e9s de eso, en el primer argumento (prueba l\u00f3gica), debe ingresar all\u00ed la funci\u00f3n CONTAR.SI. <br \/><img loading=\"lazy\" decoding=\"async\" title=\"3-ingresar-cuenta-si-funci\u00f3n\" src=\"https:\/\/exceladvisor.org\/wp-content\/uploads\/2023\/08\/3-entrer-le-decompte-si-la-fonction.png\" sizes=\"auto, \" srcset=\"\" alt=\"enter-the-count-if-function\" width=\"481\" height=\"177\"><\/li>\n<li> Ahora en la funci\u00f3n CONTAR.SI, consulte el rango A1:A10. <br \/><img loading=\"lazy\" decoding=\"async\" title=\"4 referencias a un rango\" src=\"https:\/\/exceladvisor.org\/wp-content\/uploads\/2023\/08\/4-font-reference-a-une-gamme.png\" sizes=\"auto, \" srcset=\"\" alt=\"refer-to-a-range\" width=\"533\" height=\"172\"><\/li>\n<li> Luego, en el argumento de criterios, ingrese \u00abGlen\u00bb y cierre los par\u00e9ntesis de la funci\u00f3n CONTAR.SI. <br \/><img loading=\"lazy\" decoding=\"async\" title=\"5-cerrar-las-pretesis\" src=\"https:\/\/exceladvisor.org\/wp-content\/uploads\/2023\/08\/5-fermer-les-parentheses.png\" sizes=\"auto, \" srcset=\"\" alt=\"close-the-prentheses\" width=\"534\" height=\"190\"><\/li>\n<li> Adem\u00e1s, utilice un signo mayor que e ingrese un cero. <br \/><img loading=\"lazy\" decoding=\"async\" title=\"6-uso-signo-mayor-que\" src=\"https:\/\/exceladvisor.org\/wp-content\/uploads\/2023\/08\/6-utiliser-le-signe-superieur-a.png\" sizes=\"auto, \" srcset=\"\" alt=\"use-greater-than-sign\" width=\"559\" height=\"192\"><\/li>\n<li> Desde all\u00ed, ingrese un comando para pasar al siguiente argumento en IF e ingrese \u00abS\u00ed\u00bb en el segundo argumento. <br \/><img loading=\"lazy\" decoding=\"async\" title=\"7-siguiente-argumento-en-si\" src=\"https:\/\/exceladvisor.org\/wp-content\/uploads\/2023\/08\/7-argument-suivant-dans-if.png\" sizes=\"auto, \" srcset=\"\" alt=\"next-argument-in-if\" width=\"638\" height=\"177\"><\/li>\n<li> Al final, ingrese una coma, ingrese \u00abNo\u00bb en el tercer argumento y escriba el par\u00e9ntesis de cierre. <br \/><img loading=\"lazy\" decoding=\"async\" title=\"8-tipo-las-bromas-de-cierre\" src=\"https:\/\/exceladvisor.org\/wp-content\/uploads\/2023\/08\/8-tapez-les-parentheses-finales.png\" sizes=\"auto, \" srcset=\"\" alt=\"type-the-closing-prantheses\" width=\"635\" height=\"188\"><\/li>\n<\/ol>\n<p> En el momento en que presiona Enter, devuelve \u00abS\u00ed\u00bb porque tiene el valor en el rango que busc\u00f3. <\/p>\n<div class=\"wp-block-image\">\n<figure class=\"aligncenter size-full is-resized\"><img loading=\"lazy\" decoding=\"async\" class=\"wp-image-67097\" src=\"https:\/\/exceladvisor.org\/wp-content\/uploads\/2023\/08\/9-renvoie-la-valeur.png\" sizes=\"auto, \" srcset=\"\" alt=\"valor de retorno\" width=\"530\" height=\"311\"><\/figure>\n<\/div>\n<pre class=\"wp-block-code\"> <code class=\"language-excel-formula\" lang=\"excel-formula\">=IF(COUNTIF(A1:A10,\"Glen\")&gt;0,\"Yes\",\"No\")<\/code><\/pre>\n<p> <em>\u00bfDesea saber m\u00e1s? Consulte estos cursos gratuitos: 50 f\u00f3rmulas de Excel para ser m\u00e1s inteligente que sus colegas<\/em><\/p>\n<h2 id=\"h-how-this-formula-works\" class=\"wp-block-heading\"> \u00bfC\u00f3mo funciona esta f\u00f3rmula?<\/h2>\n<p> Esta f\u00f3rmula tiene dos partes. <\/p>\n<div class=\"wp-block-image\">\n<figure class=\"aligncenter size-full is-resized\"><img loading=\"lazy\" decoding=\"async\" class=\"wp-image-67098\" src=\"https:\/\/exceladvisor.org\/wp-content\/uploads\/2023\/08\/10-si-countif-formule.png\" sizes=\"auto, \" srcset=\"\" alt=\"f\u00f3rmula-si-contando\" width=\"583\" height=\"128\"><\/figure>\n<\/div>\n<p> En la primera parte, tenemos CONTAR.SI, que cuenta la aparici\u00f3n del valor en el rango. Y en la segunda parte tienes la funci\u00f3n SI que toma los valores de la funci\u00f3n CONTAR.SI.<\/p>\n<p> Entonces, si CONTAR.SI devuelve un valor mayor que lo que significa que el valor est\u00e1 dentro del rango, SI devuelve S\u00ed. Y si CONTAR.SI devuelve 0, eso significa que el valor no est\u00e1 en el rango y devuelve No.<\/p>\n<h2 id=\"h-check-for-a-value-in-a-range-partially\" class=\"wp-block-heading\"> Buscar parcialmente un valor en un rango<\/h2>\n<p> Existe una situaci\u00f3n en la que desea verificar el valor parcial de un rango. En este caso, deber\u00e1 utilizar comodines (asterisco *).<\/p>\n<p> En el siguiente ejemplo tenemos la misma lista de nombres pero aqu\u00ed est\u00e1 el nombre completo. Pero todav\u00eda tenemos que buscar el nombre \u00abGlen\u00bb. <\/p>\n<div class=\"wp-block-image\">\n<figure class=\"aligncenter size-full is-resized\"><img loading=\"lazy\" decoding=\"async\" class=\"wp-image-67099\" src=\"https:\/\/exceladvisor.org\/wp-content\/uploads\/2023\/08\/11-verifier-la-valeur-dans-la-plage-partiellement.png\" sizes=\"auto, \" srcset=\"\" alt=\"comprobar-valor-en-rango-parcialmente\" width=\"407\" height=\"341\"><\/figure>\n<\/div>\n<p> El valor que desea buscar debe estar rodeado por un asterisco, que utilizamos en el ejemplo anterior. Esto le dice a Excel que verifique el valor de \u00abGlen\u00bb independientemente de lo que haya antes y despu\u00e9s del valor.<\/p>\n<pre class=\"wp-block-code\"> <code class=\"language-excel-formula\" lang=\"excel-formula\">=IF(COUNTIF(C1:C10,\"*\"&amp;\"Glen\"&amp;\"*\")&gt;0,\"Yes\",\"No\")<\/code><\/pre>\n<div class=\"gb-container gb-container-52dfcee1 gb-container-sample-file\">\n<h2 class=\"gb-headline gb-headline-e289c143 gb-headline-text gb-headline-4f7959c2\"> Obtener el archivo Excel<\/h2>\n<p> <a class=\"gb-button gb-button-e88d6bee gb-button-text gb-button-button1\" href=\"https:\/\/exceladvisor.org\/wp-content\/uploads\/2023\/08\/2-verifier-si-la-valeur-existe-dans-une-plage.xlsx\" rel=\"nofollow\">Descargar<\/a><\/div>\n<div class=\"gb-container gb-container-0df56012 gb-container-mt\"> <a class=\"gb-button gb-button-f9f432f4 gb-button-text gb-button-mt-button\" href=\"https:\/\/exceladvisor.org\/es\/formulas\/\">Lista de f\u00f3rmulas de Excel<\/a><\/p>\n<h2 class=\"gb-headline gb-headline-233444e8 gb-headline-text gb-headline-mt-heading\"> F\u00f3rmulas relacionadas <\/h2>\n<div class=\"gb-grid-wrapper gb-grid-wrapper-a16fa65c gb-grid-wrapper-mt-grid\">\n<div class=\"gb-grid-column gb-grid-column-50d07e0d\">\n<div class=\"gb-container gb-container-50d07e0d\">\n<ul>\n<li> Marque IF 0 (cero) y luego en blanco en Excel<\/li>\n<li> <a href=\"https:\/\/exceladvisor.org\/es\/si-y-1\/\">Combina funciones IF y AND en Excel<\/a><\/li>\n<li> <a href=\"https:\/\/exceladvisor.org\/es\/si-o-1\/\">Combina funciones SI y O en Excel<\/a><\/li>\n<li> <a href=\"https:\/\/exceladvisor.org\/es\/si-la-celda-esta-vacia\/\">SI la celda est\u00e1 vac\u00eda usando IF + ESBLANCO en Excel<\/a><\/li>\n<li> <a href=\"https:\/\/exceladvisor.org\/es\/si-es-negativo-entonces-cero\/\">SI es negativo, entonces cero (0) en Excel<\/a> <\/li>\n<\/ul>\n<\/div>\n<\/div>\n<div class=\"gb-grid-column gb-grid-column-5b4a0cf9\">\n<div class=\"gb-container gb-container-5b4a0cf9\"><\/div>\n<\/div>\n<\/div>\n<\/div>\n","protected":false},"excerpt":{"rendered":"<p>En Excel, para verificar si un valor existe en un rango o no, puede usar la funci\u00f3n CONTAR.SI, junto con la funci\u00f3n SI. Con CONTAR.SI puede verificar el valor y con SI puede devolver un valor de resultado para mostr\u00e1rselo al usuario. es decir, s\u00ed o no, encontrado o no encontrado. Encuentra un valor en [&hellip;]<\/p>\n","protected":false},"author":1,"featured_media":0,"parent":0,"menu_order":0,"comment_status":"open","ping_status":"closed","template":"","meta":{"ub_ctt_via":"","footnotes":""},"class_list":["post-313","page","type-page","status-publish","hentry"],"featured_image_src":null,"yoast_head":"<!-- This site is optimized with the Yoast SEO plugin v25.4 - https:\/\/yoast.com\/wordpress\/plugins\/seo\/ -->\n<title>\u00bfc\u00f3mo comprobar si existe un valor en un rango?<\/title>\n<meta name=\"robots\" content=\"index, follow, max-snippet:-1, max-image-preview:large, max-video-preview:-1\" \/>\n<link rel=\"canonical\" href=\"https:\/\/exceladvisor.org\/es\/comprobar-si-existe-un-valor-en-un-rango\/\" \/>\n<meta property=\"og:locale\" content=\"es_ES\" \/>\n<meta property=\"og:type\" content=\"article\" \/>\n<meta property=\"og:title\" content=\"\u00bfc\u00f3mo comprobar si existe un valor en un rango?\" \/>\n<meta property=\"og:description\" content=\"En Excel, para verificar si un valor existe en un rango o no, puede usar la funci\u00f3n CONTAR.SI, junto con la funci\u00f3n SI. Con CONTAR.SI puede verificar el valor y con SI puede devolver un valor de resultado para mostr\u00e1rselo al usuario. es decir, s\u00ed o no, encontrado o no encontrado. Encuentra un valor en [&hellip;]\" \/>\n<meta property=\"og:url\" content=\"https:\/\/exceladvisor.org\/es\/comprobar-si-existe-un-valor-en-un-rango\/\" \/>\n<meta property=\"og:site_name\" content=\"Excel Advisor\" \/>\n<meta property=\"article:modified_time\" content=\"2023-12-25T10:24:21+00:00\" \/>\n<meta property=\"og:image\" content=\"https:\/\/exceladvisor.org\/wp-content\/uploads\/2023\/08\/1-liste-de-noms.png\" \/>\n<meta name=\"twitter:card\" content=\"summary_large_image\" \/>\n<meta name=\"twitter:label1\" content=\"Tiempo de lectura\" \/>\n\t<meta name=\"twitter:data1\" content=\"2 minutos\" \/>\n<script type=\"application\/ld+json\" class=\"yoast-schema-graph\">{\"@context\":\"https:\/\/schema.org\",\"@graph\":[{\"@type\":\"WebPage\",\"@id\":\"https:\/\/exceladvisor.org\/es\/comprobar-si-existe-un-valor-en-un-rango\/\",\"url\":\"https:\/\/exceladvisor.org\/es\/comprobar-si-existe-un-valor-en-un-rango\/\",\"name\":\"\u00bfc\u00f3mo comprobar si existe un valor en un rango?\",\"isPartOf\":{\"@id\":\"https:\/\/exceladvisor.org\/es\/#website\"},\"primaryImageOfPage\":{\"@id\":\"https:\/\/exceladvisor.org\/es\/comprobar-si-existe-un-valor-en-un-rango\/#primaryimage\"},\"image\":{\"@id\":\"https:\/\/exceladvisor.org\/es\/comprobar-si-existe-un-valor-en-un-rango\/#primaryimage\"},\"thumbnailUrl\":\"https:\/\/exceladvisor.org\/wp-content\/uploads\/2023\/08\/1-liste-de-noms.png\",\"datePublished\":\"2023-11-05T01:44:39+00:00\",\"dateModified\":\"2023-12-25T10:24:21+00:00\",\"breadcrumb\":{\"@id\":\"https:\/\/exceladvisor.org\/es\/comprobar-si-existe-un-valor-en-un-rango\/#breadcrumb\"},\"inLanguage\":\"es\",\"potentialAction\":[{\"@type\":\"ReadAction\",\"target\":[\"https:\/\/exceladvisor.org\/es\/comprobar-si-existe-un-valor-en-un-rango\/\"]}]},{\"@type\":\"ImageObject\",\"inLanguage\":\"es\",\"@id\":\"https:\/\/exceladvisor.org\/es\/comprobar-si-existe-un-valor-en-un-rango\/#primaryimage\",\"url\":\"https:\/\/exceladvisor.org\/wp-content\/uploads\/2023\/08\/1-liste-de-noms.png\",\"contentUrl\":\"https:\/\/exceladvisor.org\/wp-content\/uploads\/2023\/08\/1-liste-de-noms.png\"},{\"@type\":\"BreadcrumbList\",\"@id\":\"https:\/\/exceladvisor.org\/es\/comprobar-si-existe-un-valor-en-un-rango\/#breadcrumb\",\"itemListElement\":[{\"@type\":\"ListItem\",\"position\":1,\"name\":\"Hogar\",\"item\":\"https:\/\/exceladvisor.org\/es\/\"},{\"@type\":\"ListItem\",\"position\":2,\"name\":\"\u00bfc\u00f3mo comprobar si existe un valor en un rango?\"}]},{\"@type\":\"WebSite\",\"@id\":\"https:\/\/exceladvisor.org\/es\/#website\",\"url\":\"https:\/\/exceladvisor.org\/es\/\",\"name\":\"Excel Advisor\",\"description\":\"Su gu\u00eda para la dominaci\u00f3n de datos!\",\"publisher\":{\"@id\":\"https:\/\/exceladvisor.org\/es\/#organization\"},\"potentialAction\":[{\"@type\":\"SearchAction\",\"target\":{\"@type\":\"EntryPoint\",\"urlTemplate\":\"https:\/\/exceladvisor.org\/es\/?s={search_term_string}\"},\"query-input\":{\"@type\":\"PropertyValueSpecification\",\"valueRequired\":true,\"valueName\":\"search_term_string\"}}],\"inLanguage\":\"es\"},{\"@type\":\"Organization\",\"@id\":\"https:\/\/exceladvisor.org\/es\/#organization\",\"name\":\"Excel Advisor\",\"url\":\"https:\/\/exceladvisor.org\/es\/\",\"logo\":{\"@type\":\"ImageObject\",\"inLanguage\":\"es\",\"@id\":\"https:\/\/exceladvisor.org\/es\/#\/schema\/logo\/image\/\",\"url\":\"https:\/\/exceladvisor.org\/es\/wp-content\/uploads\/2023\/12\/exceladvisor.org_.png\",\"contentUrl\":\"https:\/\/exceladvisor.org\/es\/wp-content\/uploads\/2023\/12\/exceladvisor.org_.png\",\"width\":105,\"height\":36,\"caption\":\"Excel Advisor\"},\"image\":{\"@id\":\"https:\/\/exceladvisor.org\/es\/#\/schema\/logo\/image\/\"}}]}<\/script>\n<!-- \/ Yoast SEO plugin. -->","yoast_head_json":{"title":"\u00bfc\u00f3mo comprobar si existe un valor en un rango?","robots":{"index":"index","follow":"follow","max-snippet":"max-snippet:-1","max-image-preview":"max-image-preview:large","max-video-preview":"max-video-preview:-1"},"canonical":"https:\/\/exceladvisor.org\/es\/comprobar-si-existe-un-valor-en-un-rango\/","og_locale":"es_ES","og_type":"article","og_title":"\u00bfc\u00f3mo comprobar si existe un valor en un rango?","og_description":"En Excel, para verificar si un valor existe en un rango o no, puede usar la funci\u00f3n CONTAR.SI, junto con la funci\u00f3n SI. Con CONTAR.SI puede verificar el valor y con SI puede devolver un valor de resultado para mostr\u00e1rselo al usuario. es decir, s\u00ed o no, encontrado o no encontrado. Encuentra un valor en [&hellip;]","og_url":"https:\/\/exceladvisor.org\/es\/comprobar-si-existe-un-valor-en-un-rango\/","og_site_name":"Excel Advisor","article_modified_time":"2023-12-25T10:24:21+00:00","og_image":[{"url":"https:\/\/exceladvisor.org\/wp-content\/uploads\/2023\/08\/1-liste-de-noms.png","type":"","width":"","height":""}],"twitter_card":"summary_large_image","twitter_misc":{"Tiempo de lectura":"2 minutos"},"schema":{"@context":"https:\/\/schema.org","@graph":[{"@type":"WebPage","@id":"https:\/\/exceladvisor.org\/es\/comprobar-si-existe-un-valor-en-un-rango\/","url":"https:\/\/exceladvisor.org\/es\/comprobar-si-existe-un-valor-en-un-rango\/","name":"\u00bfc\u00f3mo comprobar si existe un valor en un rango?","isPartOf":{"@id":"https:\/\/exceladvisor.org\/es\/#website"},"primaryImageOfPage":{"@id":"https:\/\/exceladvisor.org\/es\/comprobar-si-existe-un-valor-en-un-rango\/#primaryimage"},"image":{"@id":"https:\/\/exceladvisor.org\/es\/comprobar-si-existe-un-valor-en-un-rango\/#primaryimage"},"thumbnailUrl":"https:\/\/exceladvisor.org\/wp-content\/uploads\/2023\/08\/1-liste-de-noms.png","datePublished":"2023-11-05T01:44:39+00:00","dateModified":"2023-12-25T10:24:21+00:00","breadcrumb":{"@id":"https:\/\/exceladvisor.org\/es\/comprobar-si-existe-un-valor-en-un-rango\/#breadcrumb"},"inLanguage":"es","potentialAction":[{"@type":"ReadAction","target":["https:\/\/exceladvisor.org\/es\/comprobar-si-existe-un-valor-en-un-rango\/"]}]},{"@type":"ImageObject","inLanguage":"es","@id":"https:\/\/exceladvisor.org\/es\/comprobar-si-existe-un-valor-en-un-rango\/#primaryimage","url":"https:\/\/exceladvisor.org\/wp-content\/uploads\/2023\/08\/1-liste-de-noms.png","contentUrl":"https:\/\/exceladvisor.org\/wp-content\/uploads\/2023\/08\/1-liste-de-noms.png"},{"@type":"BreadcrumbList","@id":"https:\/\/exceladvisor.org\/es\/comprobar-si-existe-un-valor-en-un-rango\/#breadcrumb","itemListElement":[{"@type":"ListItem","position":1,"name":"Hogar","item":"https:\/\/exceladvisor.org\/es\/"},{"@type":"ListItem","position":2,"name":"\u00bfc\u00f3mo comprobar si existe un valor en un rango?"}]},{"@type":"WebSite","@id":"https:\/\/exceladvisor.org\/es\/#website","url":"https:\/\/exceladvisor.org\/es\/","name":"Excel Advisor","description":"Su gu\u00eda para la dominaci\u00f3n de datos!","publisher":{"@id":"https:\/\/exceladvisor.org\/es\/#organization"},"potentialAction":[{"@type":"SearchAction","target":{"@type":"EntryPoint","urlTemplate":"https:\/\/exceladvisor.org\/es\/?s={search_term_string}"},"query-input":{"@type":"PropertyValueSpecification","valueRequired":true,"valueName":"search_term_string"}}],"inLanguage":"es"},{"@type":"Organization","@id":"https:\/\/exceladvisor.org\/es\/#organization","name":"Excel Advisor","url":"https:\/\/exceladvisor.org\/es\/","logo":{"@type":"ImageObject","inLanguage":"es","@id":"https:\/\/exceladvisor.org\/es\/#\/schema\/logo\/image\/","url":"https:\/\/exceladvisor.org\/es\/wp-content\/uploads\/2023\/12\/exceladvisor.org_.png","contentUrl":"https:\/\/exceladvisor.org\/es\/wp-content\/uploads\/2023\/12\/exceladvisor.org_.png","width":105,"height":36,"caption":"Excel Advisor"},"image":{"@id":"https:\/\/exceladvisor.org\/es\/#\/schema\/logo\/image\/"}}]}},"yoast_meta":{"yoast_wpseo_title":"","yoast_wpseo_metadesc":"","yoast_wpseo_canonical":""},"_links":{"self":[{"href":"https:\/\/exceladvisor.org\/es\/wp-json\/wp\/v2\/pages\/313","targetHints":{"allow":["GET"]}}],"collection":[{"href":"https:\/\/exceladvisor.org\/es\/wp-json\/wp\/v2\/pages"}],"about":[{"href":"https:\/\/exceladvisor.org\/es\/wp-json\/wp\/v2\/types\/page"}],"author":[{"embeddable":true,"href":"https:\/\/exceladvisor.org\/es\/wp-json\/wp\/v2\/users\/1"}],"replies":[{"embeddable":true,"href":"https:\/\/exceladvisor.org\/es\/wp-json\/wp\/v2\/comments?post=313"}],"version-history":[{"count":1,"href":"https:\/\/exceladvisor.org\/es\/wp-json\/wp\/v2\/pages\/313\/revisions"}],"predecessor-version":[{"id":921,"href":"https:\/\/exceladvisor.org\/es\/wp-json\/wp\/v2\/pages\/313\/revisions\/921"}],"wp:attachment":[{"href":"https:\/\/exceladvisor.org\/es\/wp-json\/wp\/v2\/media?parent=313"}],"curies":[{"name":"wp","href":"https:\/\/api.w.org\/{rel}","templated":true}]}}