{"id":314,"date":"2023-11-05T01:25:09","date_gmt":"2023-11-05T01:25:09","guid":{"rendered":"https:\/\/exceladvisor.org\/es\/contar-celdas-que-no-esten-en-blanco\/"},"modified":"2023-12-25T10:24:38","modified_gmt":"2023-12-25T10:24:38","slug":"contar-celdas-que-no-esten-en-blanco","status":"publish","type":"page","link":"https:\/\/exceladvisor.org\/es\/contar-celdas-que-no-esten-en-blanco\/","title":{"rendered":"\u00bfc\u00f3mo contar celdas que no est\u00e1n vac\u00edas?"},"content":{"rendered":"<div class=\"excel-antes-del-contenido\" id=\"excel-3426872076\"><script type=\"text\/javascript\">\r\n\tatOptions = {\r\n\t\t'key' : 'c1158f160081d6540a8409e6925dab94',\r\n\t\t'format' : 'iframe',\r\n\t\t'height' : 250,\r\n\t\t'width' : 300,\r\n\t\t'params' : {}\r\n\t};\r\n<\/script>\r\n<script type=\"text\/javascript\" src=\"\/\/www.highperformanceformat.com\/c1158f160081d6540a8409e6925dab94\/invoke.js\"><\/script><\/div><p>Para contar celdas que no est\u00e1n vac\u00edas, en Excel puedes usar la funci\u00f3n CONTAR.SI o CONTAR.SI dependiendo de los datos que tengas en tu hoja de c\u00e1lculo. Debe especificar el rango y luego el operador no igual con un valor vac\u00edo para obtener el n\u00famero de celdas no vac\u00edas (vac\u00edas).<\/p>\n<p> En este tutorial, veremos dos formas diferentes de hacer esto.<\/p>\n<h2 class=\"wp-block-heading\"> CONTAR.SI no est\u00e1 vac\u00edo (celdas no vac\u00edas)<\/h2>\n<p> En el siguiente ejemplo tenemos un rango (A1:A10) donde tenemos algunas celdas vac\u00edas. Pero ahora necesitamos contar todas las celdas que no est\u00e1n vac\u00edas en este rango. <\/p>\n<div class=\"wp-block-image\">\n<figure class=\"aligncenter size-full is-resized\"><img loading=\"lazy\" decoding=\"async\" class=\"wp-image-67123\" src=\"https:\/\/exceladvisor.org\/wp-content\/uploads\/2023\/08\/1-plage-de-cellules-avec-des-cellules-vides.png\" sizes=\"auto, \" srcset=\"\" alt=\"rango de celdas con celdas vac\u00edas\" width=\"293\" height=\"317\"><\/figure>\n<\/div>\n<p> Puede utilizar los siguientes pasos para escribir la f\u00f3rmula:<\/p>\n<ol type=\"1\">\n<li> Primero, escriba <strong>=CONTAR.SI(<\/strong> en la celda B1 para comenzar a escribir la funci\u00f3n en la celda donde desea el resultado.<\/li>\n<li> Despu\u00e9s de eso, en el primer argumento, consulte el rango A1:A10. Este es el rango desde el cual desea contar las celdas que no est\u00e1n en blanco.<\/li>\n<li> Luego, en el segundo argumento, ingrese \u201c&lt;&gt;\u201d. Este es un operador distinto de igual que le indica a Excel que cuente las celdas que no est\u00e1n vac\u00edas.<\/li>\n<li> Al final, ingrese el par\u00e9ntesis de cierre y presione Enter para ver el resultado. <\/li>\n<\/ol>\n<div class=\"wp-block-image\">\n<figure class=\"aligncenter size-full is-resized\"><img loading=\"lazy\" decoding=\"async\" class=\"wp-image-67124\" src=\"https:\/\/exceladvisor.org\/wp-content\/uploads\/2023\/08\/2-countif-avec-operateur-non-egal.png\" sizes=\"auto, \" srcset=\"\" alt=\"contar-con-operador-no-igual\" width=\"405\" height=\"292\"><\/figure>\n<\/div>\n<p> En el momento en que presionas Enter, obtienes la cantidad de celdas que no est\u00e1n vac\u00edas. En nuestro ejemplo, tenemos 6 celdas que no est\u00e1n en blanco en el rango.<\/p>\n<p> Pero aparte de eso tambi\u00e9n puedes usar una f\u00f3rmula en la que puedes usar el mismo operador y combinarlo con un valor vac\u00edo. <\/p>\n<pre class=\"wp-block-code\"> <code class=\"language-excel-formula\" lang=\"excel-formula\">=COUNTIF(A1:A10,\"&lt;&gt;\"&amp;\"\")<\/code><\/pre>\n<div class=\"wp-block-image\">\n<figure class=\"aligncenter size-full is-resized\"><img loading=\"lazy\" decoding=\"async\" class=\"wp-image-67125\" src=\"https:\/\/exceladvisor.org\/wp-content\/uploads\/2023\/08\/3-countif-avec-un-resultat-doperateur-non-egal.png\" sizes=\"auto, \" srcset=\"\" alt=\"contar-con-resultado-de-operador-no-igual\" width=\"483\" height=\"298\"><\/figure>\n<\/div>\n<h2 class=\"wp-block-heading\"> COUNTA para contar celdas que no est\u00e1n en blanco<\/h2>\n<p> En Excel puede usar CONTARA (que puede usar para una cierta cantidad de celdas en un rango no vac\u00edo). En los siguientes ejemplos usamos el mismo rango, A1:A10, pero aqu\u00ed usamos la funci\u00f3n CONTAR. <\/p>\n<div class=\"wp-block-image\">\n<figure class=\"aligncenter size-full is-resized\"><img loading=\"lazy\" decoding=\"async\" class=\"wp-image-67126\" src=\"https:\/\/exceladvisor.org\/wp-content\/uploads\/2023\/08\/4-counta-pour-compter-les-cellules-non-vides.png\" sizes=\"auto, \" srcset=\"\" alt=\"contar-para-contar-celdas-no-vac\u00edas\" width=\"454\" height=\"283\"><\/figure>\n<\/div>\n<h2 class=\"wp-block-heading\"> El problema que podr\u00edas enfrentar<\/h2>\n<p> Puede haber una situaci\u00f3n en la que tenga un rango de celdas en el que tenga una o varias celdas con un espacio como valor en la celda que parece una celda vac\u00eda. <\/p>\n<div class=\"wp-block-image\">\n<figure class=\"aligncenter size-full is-resized\"><img loading=\"lazy\" decoding=\"async\" class=\"wp-image-67127\" src=\"https:\/\/exceladvisor.org\/wp-content\/uploads\/2023\/08\/Plage-de-5-cellules-avec-un-espace-comme-valeur.png\" sizes=\"auto, \" srcset=\"\" alt=\"rango-de-celdas-con-espacio-como-valor\" width=\"365\" height=\"291\"><\/figure>\n<\/div>\n<p> En el ejemplo anterior, volvemos a tener la misma lista de valores. Si miras de cerca puedes ver que tenemos 6 celdas que no est\u00e1n vac\u00edas pero en el resultado tenemos 7 en los tres m\u00e9todos.<\/p>\n<p> La raz\u00f3n es que en la celda A3 tenemos un espacio en la celda que hace que la celda no est\u00e9 vac\u00eda. Ahora la soluci\u00f3n a este problema es utilizar CONTAR.SI. Como en el siguiente ejemplo. <\/p>\n<pre class=\"wp-block-code\"> <code class=\"language-excel-formula\" lang=\"excel-formula\">=COUNTIFS(A1:A10,\"&lt;&gt;\"&amp;\"\",A1:A10,\"&lt;&gt;\"&amp;\" \")<\/code><\/pre>\n<div class=\"wp-block-image\">\n<figure class=\"aligncenter size-full is-resized\"><img loading=\"lazy\" decoding=\"async\" class=\"wp-image-67128\" src=\"https:\/\/exceladvisor.org\/wp-content\/uploads\/2023\/08\/formule-6-comtes.png\" sizes=\"auto, \" srcset=\"\" alt=\"f\u00f3rmula de conteo\" width=\"473\" height=\"289\"><\/figure>\n<\/div>\n<p> Aqu\u00ed, utilizando la funci\u00f3n CONTAR.SI, hemos creado dos criterios que le indican a Excel que cuente las celdas que no est\u00e1n en blanco y sin espacios. <\/p>\n<div class=\"gb-container gb-container-52dfcee1 gb-container-sample-file\">\n<h2 class=\"gb-headline gb-headline-e289c143 gb-headline-text gb-headline-4f7959c2\"> Obtener el archivo Excel<\/h2>\n<p> <a class=\"gb-button gb-button-e88d6bee gb-button-text gb-button-button1\" href=\"https:\/\/exceladvisor.org\/wp-content\/uploads\/2023\/08\/compte-si-non-vide.xlsx\" rel=\"nofollow\">Descargar<\/a><\/div>\n<div class=\"gb-container gb-container-0df56012 gb-container-mt\"> <a class=\"gb-button gb-button-f9f432f4 gb-button-text gb-button-mt-button\" href=\"https:\/\/exceladvisor.org\/es\/formulas\/\">Lista de f\u00f3rmulas de Excel<\/a><\/p>\n<h2 class=\"gb-headline gb-headline-233444e8 gb-headline-text gb-headline-mt-heading\"> F\u00f3rmulas relacionadas <\/h2>\n<div class=\"gb-grid-wrapper gb-grid-wrapper-a16fa65c gb-grid-wrapper-mt-grid\">\n<div class=\"gb-grid-column gb-grid-column-50d07e0d\">\n<div class=\"gb-container gb-container-50d07e0d\">\n<ul>\n<li> <a href=\"https:\/\/exceladvisor.org\/es\/contar-entre-dos-numeros\/\">Contar entre dos n\u00fameros (CONTAR.SI) en Excel<\/a><\/li>\n<li> <a href=\"https:\/\/exceladvisor.org\/es\/numero-de-celdas-vacias\/\">Cuente celdas en blanco (en blanco) usando CONTAR.SI en Excel<\/a><\/li>\n<li> <a href=\"https:\/\/exceladvisor.org\/es\/contar-si-es-menor-que\/\">Cuente celdas menores que un valor particular (CONTAR.SI) en Excel<\/a><\/li>\n<li> <a href=\"https:\/\/exceladvisor.org\/es\/contar-celdas-no-iguales-a\/\">Contar celdas distintas a en Excel (CONTAR.SI)<\/a> <\/li>\n<\/ul>\n<\/div>\n<\/div>\n<div class=\"gb-grid-column gb-grid-column-5b4a0cf9\">\n<div class=\"gb-container gb-container-5b4a0cf9\"><\/div>\n<\/div>\n<\/div>\n<\/div>\n","protected":false},"excerpt":{"rendered":"<p>Para contar celdas que no est\u00e1n vac\u00edas, en Excel puedes usar la funci\u00f3n CONTAR.SI o CONTAR.SI dependiendo de los datos que tengas en tu hoja de c\u00e1lculo. Debe especificar el rango y luego el operador no igual con un valor vac\u00edo para obtener el n\u00famero de celdas no vac\u00edas (vac\u00edas). En este tutorial, veremos dos [&hellip;]<\/p>\n","protected":false},"author":1,"featured_media":0,"parent":0,"menu_order":0,"comment_status":"open","ping_status":"closed","template":"","meta":{"ub_ctt_via":"","footnotes":""},"class_list":["post-314","page","type-page","status-publish","hentry"],"featured_image_src":null,"yoast_head":"<!-- This site is optimized with the Yoast SEO plugin v25.4 - https:\/\/yoast.com\/wordpress\/plugins\/seo\/ -->\n<title>\u00bfc\u00f3mo contar celdas que no est\u00e1n vac\u00edas?<\/title>\n<meta name=\"robots\" content=\"index, follow, max-snippet:-1, max-image-preview:large, max-video-preview:-1\" \/>\n<link rel=\"canonical\" href=\"https:\/\/exceladvisor.org\/es\/contar-celdas-que-no-esten-en-blanco\/\" \/>\n<meta property=\"og:locale\" content=\"es_ES\" \/>\n<meta property=\"og:type\" content=\"article\" \/>\n<meta property=\"og:title\" content=\"\u00bfc\u00f3mo contar celdas que no est\u00e1n vac\u00edas?\" \/>\n<meta property=\"og:description\" content=\"Para contar celdas que no est\u00e1n vac\u00edas, en Excel puedes usar la funci\u00f3n CONTAR.SI o CONTAR.SI dependiendo de los datos que tengas en tu hoja de c\u00e1lculo. Debe especificar el rango y luego el operador no igual con un valor vac\u00edo para obtener el n\u00famero de celdas no vac\u00edas (vac\u00edas). En este tutorial, veremos dos [&hellip;]\" \/>\n<meta property=\"og:url\" content=\"https:\/\/exceladvisor.org\/es\/contar-celdas-que-no-esten-en-blanco\/\" \/>\n<meta property=\"og:site_name\" content=\"Excel Advisor\" \/>\n<meta property=\"article:modified_time\" content=\"2023-12-25T10:24:38+00:00\" \/>\n<meta property=\"og:image\" content=\"https:\/\/exceladvisor.org\/wp-content\/uploads\/2023\/08\/1-plage-de-cellules-avec-des-cellules-vides.png\" \/>\n<meta name=\"twitter:card\" content=\"summary_large_image\" \/>\n<meta name=\"twitter:label1\" content=\"Tiempo de lectura\" \/>\n\t<meta name=\"twitter:data1\" content=\"3 minutos\" \/>\n<script type=\"application\/ld+json\" class=\"yoast-schema-graph\">{\"@context\":\"https:\/\/schema.org\",\"@graph\":[{\"@type\":\"WebPage\",\"@id\":\"https:\/\/exceladvisor.org\/es\/contar-celdas-que-no-esten-en-blanco\/\",\"url\":\"https:\/\/exceladvisor.org\/es\/contar-celdas-que-no-esten-en-blanco\/\",\"name\":\"\u00bfc\u00f3mo contar celdas que no est\u00e1n vac\u00edas?\",\"isPartOf\":{\"@id\":\"https:\/\/exceladvisor.org\/es\/#website\"},\"primaryImageOfPage\":{\"@id\":\"https:\/\/exceladvisor.org\/es\/contar-celdas-que-no-esten-en-blanco\/#primaryimage\"},\"image\":{\"@id\":\"https:\/\/exceladvisor.org\/es\/contar-celdas-que-no-esten-en-blanco\/#primaryimage\"},\"thumbnailUrl\":\"https:\/\/exceladvisor.org\/wp-content\/uploads\/2023\/08\/1-plage-de-cellules-avec-des-cellules-vides.png\",\"datePublished\":\"2023-11-05T01:25:09+00:00\",\"dateModified\":\"2023-12-25T10:24:38+00:00\",\"breadcrumb\":{\"@id\":\"https:\/\/exceladvisor.org\/es\/contar-celdas-que-no-esten-en-blanco\/#breadcrumb\"},\"inLanguage\":\"es\",\"potentialAction\":[{\"@type\":\"ReadAction\",\"target\":[\"https:\/\/exceladvisor.org\/es\/contar-celdas-que-no-esten-en-blanco\/\"]}]},{\"@type\":\"ImageObject\",\"inLanguage\":\"es\",\"@id\":\"https:\/\/exceladvisor.org\/es\/contar-celdas-que-no-esten-en-blanco\/#primaryimage\",\"url\":\"https:\/\/exceladvisor.org\/wp-content\/uploads\/2023\/08\/1-plage-de-cellules-avec-des-cellules-vides.png\",\"contentUrl\":\"https:\/\/exceladvisor.org\/wp-content\/uploads\/2023\/08\/1-plage-de-cellules-avec-des-cellules-vides.png\"},{\"@type\":\"BreadcrumbList\",\"@id\":\"https:\/\/exceladvisor.org\/es\/contar-celdas-que-no-esten-en-blanco\/#breadcrumb\",\"itemListElement\":[{\"@type\":\"ListItem\",\"position\":1,\"name\":\"Hogar\",\"item\":\"https:\/\/exceladvisor.org\/es\/\"},{\"@type\":\"ListItem\",\"position\":2,\"name\":\"\u00bfc\u00f3mo contar celdas que no est\u00e1n vac\u00edas?\"}]},{\"@type\":\"WebSite\",\"@id\":\"https:\/\/exceladvisor.org\/es\/#website\",\"url\":\"https:\/\/exceladvisor.org\/es\/\",\"name\":\"Excel Advisor\",\"description\":\"Su gu\u00eda para la dominaci\u00f3n de datos!\",\"publisher\":{\"@id\":\"https:\/\/exceladvisor.org\/es\/#organization\"},\"potentialAction\":[{\"@type\":\"SearchAction\",\"target\":{\"@type\":\"EntryPoint\",\"urlTemplate\":\"https:\/\/exceladvisor.org\/es\/?s={search_term_string}\"},\"query-input\":{\"@type\":\"PropertyValueSpecification\",\"valueRequired\":true,\"valueName\":\"search_term_string\"}}],\"inLanguage\":\"es\"},{\"@type\":\"Organization\",\"@id\":\"https:\/\/exceladvisor.org\/es\/#organization\",\"name\":\"Excel Advisor\",\"url\":\"https:\/\/exceladvisor.org\/es\/\",\"logo\":{\"@type\":\"ImageObject\",\"inLanguage\":\"es\",\"@id\":\"https:\/\/exceladvisor.org\/es\/#\/schema\/logo\/image\/\",\"url\":\"https:\/\/exceladvisor.org\/es\/wp-content\/uploads\/2023\/12\/exceladvisor.org_.png\",\"contentUrl\":\"https:\/\/exceladvisor.org\/es\/wp-content\/uploads\/2023\/12\/exceladvisor.org_.png\",\"width\":105,\"height\":36,\"caption\":\"Excel Advisor\"},\"image\":{\"@id\":\"https:\/\/exceladvisor.org\/es\/#\/schema\/logo\/image\/\"}}]}<\/script>\n<!-- \/ Yoast SEO plugin. -->","yoast_head_json":{"title":"\u00bfc\u00f3mo contar celdas que no est\u00e1n vac\u00edas?","robots":{"index":"index","follow":"follow","max-snippet":"max-snippet:-1","max-image-preview":"max-image-preview:large","max-video-preview":"max-video-preview:-1"},"canonical":"https:\/\/exceladvisor.org\/es\/contar-celdas-que-no-esten-en-blanco\/","og_locale":"es_ES","og_type":"article","og_title":"\u00bfc\u00f3mo contar celdas que no est\u00e1n vac\u00edas?","og_description":"Para contar celdas que no est\u00e1n vac\u00edas, en Excel puedes usar la funci\u00f3n CONTAR.SI o CONTAR.SI dependiendo de los datos que tengas en tu hoja de c\u00e1lculo. Debe especificar el rango y luego el operador no igual con un valor vac\u00edo para obtener el n\u00famero de celdas no vac\u00edas (vac\u00edas). En este tutorial, veremos dos [&hellip;]","og_url":"https:\/\/exceladvisor.org\/es\/contar-celdas-que-no-esten-en-blanco\/","og_site_name":"Excel Advisor","article_modified_time":"2023-12-25T10:24:38+00:00","og_image":[{"url":"https:\/\/exceladvisor.org\/wp-content\/uploads\/2023\/08\/1-plage-de-cellules-avec-des-cellules-vides.png","type":"","width":"","height":""}],"twitter_card":"summary_large_image","twitter_misc":{"Tiempo de lectura":"3 minutos"},"schema":{"@context":"https:\/\/schema.org","@graph":[{"@type":"WebPage","@id":"https:\/\/exceladvisor.org\/es\/contar-celdas-que-no-esten-en-blanco\/","url":"https:\/\/exceladvisor.org\/es\/contar-celdas-que-no-esten-en-blanco\/","name":"\u00bfc\u00f3mo contar celdas que no est\u00e1n vac\u00edas?","isPartOf":{"@id":"https:\/\/exceladvisor.org\/es\/#website"},"primaryImageOfPage":{"@id":"https:\/\/exceladvisor.org\/es\/contar-celdas-que-no-esten-en-blanco\/#primaryimage"},"image":{"@id":"https:\/\/exceladvisor.org\/es\/contar-celdas-que-no-esten-en-blanco\/#primaryimage"},"thumbnailUrl":"https:\/\/exceladvisor.org\/wp-content\/uploads\/2023\/08\/1-plage-de-cellules-avec-des-cellules-vides.png","datePublished":"2023-11-05T01:25:09+00:00","dateModified":"2023-12-25T10:24:38+00:00","breadcrumb":{"@id":"https:\/\/exceladvisor.org\/es\/contar-celdas-que-no-esten-en-blanco\/#breadcrumb"},"inLanguage":"es","potentialAction":[{"@type":"ReadAction","target":["https:\/\/exceladvisor.org\/es\/contar-celdas-que-no-esten-en-blanco\/"]}]},{"@type":"ImageObject","inLanguage":"es","@id":"https:\/\/exceladvisor.org\/es\/contar-celdas-que-no-esten-en-blanco\/#primaryimage","url":"https:\/\/exceladvisor.org\/wp-content\/uploads\/2023\/08\/1-plage-de-cellules-avec-des-cellules-vides.png","contentUrl":"https:\/\/exceladvisor.org\/wp-content\/uploads\/2023\/08\/1-plage-de-cellules-avec-des-cellules-vides.png"},{"@type":"BreadcrumbList","@id":"https:\/\/exceladvisor.org\/es\/contar-celdas-que-no-esten-en-blanco\/#breadcrumb","itemListElement":[{"@type":"ListItem","position":1,"name":"Hogar","item":"https:\/\/exceladvisor.org\/es\/"},{"@type":"ListItem","position":2,"name":"\u00bfc\u00f3mo contar celdas que no est\u00e1n vac\u00edas?"}]},{"@type":"WebSite","@id":"https:\/\/exceladvisor.org\/es\/#website","url":"https:\/\/exceladvisor.org\/es\/","name":"Excel Advisor","description":"Su gu\u00eda para la dominaci\u00f3n de datos!","publisher":{"@id":"https:\/\/exceladvisor.org\/es\/#organization"},"potentialAction":[{"@type":"SearchAction","target":{"@type":"EntryPoint","urlTemplate":"https:\/\/exceladvisor.org\/es\/?s={search_term_string}"},"query-input":{"@type":"PropertyValueSpecification","valueRequired":true,"valueName":"search_term_string"}}],"inLanguage":"es"},{"@type":"Organization","@id":"https:\/\/exceladvisor.org\/es\/#organization","name":"Excel Advisor","url":"https:\/\/exceladvisor.org\/es\/","logo":{"@type":"ImageObject","inLanguage":"es","@id":"https:\/\/exceladvisor.org\/es\/#\/schema\/logo\/image\/","url":"https:\/\/exceladvisor.org\/es\/wp-content\/uploads\/2023\/12\/exceladvisor.org_.png","contentUrl":"https:\/\/exceladvisor.org\/es\/wp-content\/uploads\/2023\/12\/exceladvisor.org_.png","width":105,"height":36,"caption":"Excel Advisor"},"image":{"@id":"https:\/\/exceladvisor.org\/es\/#\/schema\/logo\/image\/"}}]}},"yoast_meta":{"yoast_wpseo_title":"","yoast_wpseo_metadesc":"","yoast_wpseo_canonical":""},"_links":{"self":[{"href":"https:\/\/exceladvisor.org\/es\/wp-json\/wp\/v2\/pages\/314","targetHints":{"allow":["GET"]}}],"collection":[{"href":"https:\/\/exceladvisor.org\/es\/wp-json\/wp\/v2\/pages"}],"about":[{"href":"https:\/\/exceladvisor.org\/es\/wp-json\/wp\/v2\/types\/page"}],"author":[{"embeddable":true,"href":"https:\/\/exceladvisor.org\/es\/wp-json\/wp\/v2\/users\/1"}],"replies":[{"embeddable":true,"href":"https:\/\/exceladvisor.org\/es\/wp-json\/wp\/v2\/comments?post=314"}],"version-history":[{"count":1,"href":"https:\/\/exceladvisor.org\/es\/wp-json\/wp\/v2\/pages\/314\/revisions"}],"predecessor-version":[{"id":942,"href":"https:\/\/exceladvisor.org\/es\/wp-json\/wp\/v2\/pages\/314\/revisions\/942"}],"wp:attachment":[{"href":"https:\/\/exceladvisor.org\/es\/wp-json\/wp\/v2\/media?parent=314"}],"curies":[{"name":"wp","href":"https:\/\/api.w.org\/{rel}","templated":true}]}}