{"id":315,"date":"2023-11-05T01:15:47","date_gmt":"2023-11-05T01:15:47","guid":{"rendered":"https:\/\/exceladvisor.org\/es\/generador-de-fechas-aleatorias\/"},"modified":"2023-12-25T10:33:18","modified_gmt":"2023-12-25T10:33:18","slug":"generador-de-fechas-aleatorias","status":"publish","type":"page","link":"https:\/\/exceladvisor.org\/es\/generador-de-fechas-aleatorias\/","title":{"rendered":"Generador de fechas aleatorias en excel"},"content":{"rendered":"<div class=\"excel-antes-del-contenido\" id=\"excel-2992815704\"><script type=\"text\/javascript\">\r\n\tatOptions = {\r\n\t\t'key' : 'c1158f160081d6540a8409e6925dab94',\r\n\t\t'format' : 'iframe',\r\n\t\t'height' : 250,\r\n\t\t'width' : 300,\r\n\t\t'params' : {}\r\n\t};\r\n<\/script>\r\n<script type=\"text\/javascript\" src=\"\/\/www.highperformanceformat.com\/c1158f160081d6540a8409e6925dab94\/invoke.js\"><\/script><\/div><p>En este tutorial, aprenderemos una forma sencilla de generar fechas aleatorias entre dos fechas (fecha de inicio y fecha de finalizaci\u00f3n). Para ello necesitas utilizar dos funciones diferentes que puedes utilizar en diferentes situaciones.<\/p>\n<ul>\n<li> ALENTENTE<\/li>\n<li> RANDARRAY<\/li>\n<\/ul>\n<h2 class=\"wp-block-heading\"> Genera fechas aleatorias con RANDBETWEEN<\/h2>\n<p> En Excel, tenemos una funci\u00f3n llamada RANDBETWEEN que toma un valor inicial y un valor final para generar valores aleatorios entre ellos, y puedes usar esta funci\u00f3n para generar fechas aleatorias.<\/p>\n<ol type=\"1\">\n<li> Primero, especifique una fecha de inicio a partir de la cual desea comenzar sus fechas aleatorias.<\/li>\n<li> A continuaci\u00f3n, especifique una fecha de finalizaci\u00f3n para tener un l\u00edmite superior para fechas aleatorias.<\/li>\n<li> Despu\u00e9s de eso, ingrese la funci\u00f3n \u00abRANDBETWEEN\u00bb en una celda.<\/li>\n<li> Ahora consulte las celdas donde tiene la fecha de inicio y finalizaci\u00f3n en los argumentos.<\/li>\n<li> Desde all\u00ed, presione Entrar para obtener una \u00fanica fecha aleatoria en la celda.<\/li>\n<li> Al final, explore esta celda hasta la celda donde desea tener las fechas aleatorias. <\/li>\n<\/ol>\n<div class=\"wp-block-image\">\n<figure class=\"aligncenter size-full is-resized\"><img loading=\"lazy\" decoding=\"async\" class=\"wp-image-66816\" src=\"https:\/\/exceladvisor.org\/wp-content\/uploads\/2023\/08\/1-randbeetween-pour-des-dates-aleatoires.png\" sizes=\"auto, \" srcset=\"\" alt=\"randbeetween-para-fechas-aleatorias\" width=\"505\" height=\"330\"><\/figure>\n<\/div>\n<p> generador_de_fecha_aleatoria.xlsx<\/p>\n<pre class=\"wp-block-code\"> <code class=\"language-excel-formula\" lang=\"excel-formula\">=RANDBETWEEN($A$2,$B$2)<\/code><\/pre>\n<p> En la f\u00f3rmula anterior, hemos utilizado la funci\u00f3n RANDBETWEEN con una fecha de inicio y una fecha de finalizaci\u00f3n. Como puede ver, hemos congelado la referencia de celda a las celdas A2 y B2 usando el signo de d\u00f3lar ($). Y despu\u00e9s de eso, debemos profundizar en la f\u00f3rmula hasta la celda C11 para obtener las 10 fechas aleatorias.<\/p>\n<h2 class=\"wp-block-heading\"> Usando RANDARRAY para fechas aleatorias<\/h2>\n<p> Hay otra funci\u00f3n que puedes usar para generar n\u00fameros aleatorios y esa es RANDARRAY. Esta funci\u00f3n tambi\u00e9n toma una fecha de inicio y una fecha de finalizaci\u00f3n.<\/p>\n<p> Al utilizar RANDARRAY, debe especificar la cantidad de fechas que desea generar. Y esto hay que especificarlo en t\u00e9rminos de columnas y filas. <\/p>\n<div class=\"wp-block-image\">\n<figure class=\"aligncenter size-full is-resized\"><img loading=\"lazy\" decoding=\"async\" class=\"wp-image-66817\" src=\"https:\/\/exceladvisor.org\/wp-content\/uploads\/2023\/08\/2-aleatoires-pour-des-dates-aleatoires.png\" sizes=\"auto, \" srcset=\"\" alt=\"fechas-aleatorias-aleatorias\" width=\"542\" height=\"323\"><\/figure>\n<\/div>\n<pre class=\"wp-block-code\"> <code class=\"language-excel-formula\" lang=\"excel-formula\">=RANDARRAY(10,2,A2,B2)<\/code><\/pre>\n<p> En la f\u00f3rmula anterior, especifiqu\u00e9 10 filas y 2 columnas y gener\u00e9 20 fechas aleatorias (10 x 2) en el resultado.<\/p>\n<p class=\"qt-tip\"> <strong>Nota:<\/strong> Ambas funciones que utilizamos anteriormente son vol\u00e1tiles, lo que significa que si vuelve a calcular los c\u00e1lculos de su hoja, se regenerar\u00e1n todas las fechas. <\/p>\n<div class=\"gb-container gb-container-52dfcee1 gb-container-sample-file\">\n<h2 class=\"gb-headline gb-headline-e289c143 gb-headline-text gb-headline-4f7959c2\"> Obtener el archivo Excel<\/h2>\n<p> <a class=\"gb-button gb-button-e88d6bee gb-button-text gb-button-button1\" href=\"https:\/\/exceladvisor.org\/wp-content\/uploads\/2023\/08\/Excel-generateur-de-dates-aleatoires.xlsx\" rel=\"nofollow\">Descargar<\/a><\/div>\n<div class=\"gb-container gb-container-0df56012 gb-container-mt\"> <a class=\"gb-button gb-button-f9f432f4 gb-button-text gb-button-mt-button\" href=\"https:\/\/exceladvisor.org\/es\/formulas\/\">Lista de f\u00f3rmulas de Excel<\/a><\/p>\n<h2 class=\"gb-headline gb-headline-233444e8 gb-headline-text gb-headline-mt-heading\"> F\u00f3rmulas relacionadas <\/h2>\n<div class=\"gb-grid-wrapper gb-grid-wrapper-a16fa65c gb-grid-wrapper-mt-grid\">\n<div class=\"gb-grid-column gb-grid-column-50d07e0d\">\n<div class=\"gb-container gb-container-50d07e0d\">\n<ul>\n<li> <a href=\"https:\/\/exceladvisor.org\/es\/comparar-dos-fechas\/\">Comparar dos fechas en Excel<\/a><\/li>\n<li> <a href=\"https:\/\/exceladvisor.org\/es\/convertir-fecha-a-numero\/\">Convertir fecha a n\u00famero en Excel<\/a><\/li>\n<li> <a href=\"https:\/\/exceladvisor.org\/es\/texto-hasta-la-fecha\/\">Convertir texto a fecha en Excel<\/a><\/li>\n<li> <a href=\"https:\/\/exceladvisor.org\/es\/rango-de-fechas\/\">Crear un rango de fechas en Excel<\/a><\/li>\n<li> <a href=\"https:\/\/exceladvisor.org\/es\/formatos-de-fecha-personalizados\/\">Formatos de fecha personalizados en Excel<\/a><\/li>\n<li> <a href=\"https:\/\/exceladvisor.org\/es\/fecha-si\/\">Funci\u00f3n FECHASI en Excel<\/a> <\/li>\n<\/ul>\n<\/div>\n<\/div>\n<div class=\"gb-grid-column gb-grid-column-5b4a0cf9\">\n<div class=\"gb-container gb-container-5b4a0cf9\"><\/div>\n<\/div>\n<\/div>\n<\/div>\n","protected":false},"excerpt":{"rendered":"<p>En este tutorial, aprenderemos una forma sencilla de generar fechas aleatorias entre dos fechas (fecha de inicio y fecha de finalizaci\u00f3n). Para ello necesitas utilizar dos funciones diferentes que puedes utilizar en diferentes situaciones. ALENTENTE RANDARRAY Genera fechas aleatorias con RANDBETWEEN En Excel, tenemos una funci\u00f3n llamada RANDBETWEEN que toma un valor inicial y un [&hellip;]<\/p>\n","protected":false},"author":1,"featured_media":0,"parent":0,"menu_order":0,"comment_status":"open","ping_status":"closed","template":"","meta":{"ub_ctt_via":"","footnotes":""},"class_list":["post-315","page","type-page","status-publish","hentry"],"featured_image_src":null,"yoast_head":"<!-- This site is optimized with the Yoast SEO plugin v25.4 - https:\/\/yoast.com\/wordpress\/plugins\/seo\/ -->\n<title>Generador de fechas aleatorias en excel<\/title>\n<meta name=\"robots\" content=\"index, follow, max-snippet:-1, max-image-preview:large, max-video-preview:-1\" \/>\n<link rel=\"canonical\" href=\"https:\/\/exceladvisor.org\/es\/generador-de-fechas-aleatorias\/\" \/>\n<meta property=\"og:locale\" content=\"es_ES\" \/>\n<meta property=\"og:type\" content=\"article\" \/>\n<meta property=\"og:title\" content=\"Generador de fechas aleatorias en excel\" \/>\n<meta property=\"og:description\" content=\"En este tutorial, aprenderemos una forma sencilla de generar fechas aleatorias entre dos fechas (fecha de inicio y fecha de finalizaci\u00f3n). Para ello necesitas utilizar dos funciones diferentes que puedes utilizar en diferentes situaciones. ALENTENTE RANDARRAY Genera fechas aleatorias con RANDBETWEEN En Excel, tenemos una funci\u00f3n llamada RANDBETWEEN que toma un valor inicial y un [&hellip;]\" \/>\n<meta property=\"og:url\" content=\"https:\/\/exceladvisor.org\/es\/generador-de-fechas-aleatorias\/\" \/>\n<meta property=\"og:site_name\" content=\"Excel Advisor\" \/>\n<meta property=\"article:modified_time\" content=\"2023-12-25T10:33:18+00:00\" \/>\n<meta property=\"og:image\" content=\"https:\/\/exceladvisor.org\/wp-content\/uploads\/2023\/08\/1-randbeetween-pour-des-dates-aleatoires.png\" \/>\n<meta name=\"twitter:card\" content=\"summary_large_image\" \/>\n<meta name=\"twitter:label1\" content=\"Tiempo de lectura\" \/>\n\t<meta name=\"twitter:data1\" content=\"2 minutos\" \/>\n<script type=\"application\/ld+json\" class=\"yoast-schema-graph\">{\"@context\":\"https:\/\/schema.org\",\"@graph\":[{\"@type\":\"WebPage\",\"@id\":\"https:\/\/exceladvisor.org\/es\/generador-de-fechas-aleatorias\/\",\"url\":\"https:\/\/exceladvisor.org\/es\/generador-de-fechas-aleatorias\/\",\"name\":\"Generador de fechas aleatorias en excel\",\"isPartOf\":{\"@id\":\"https:\/\/exceladvisor.org\/es\/#website\"},\"primaryImageOfPage\":{\"@id\":\"https:\/\/exceladvisor.org\/es\/generador-de-fechas-aleatorias\/#primaryimage\"},\"image\":{\"@id\":\"https:\/\/exceladvisor.org\/es\/generador-de-fechas-aleatorias\/#primaryimage\"},\"thumbnailUrl\":\"https:\/\/exceladvisor.org\/wp-content\/uploads\/2023\/08\/1-randbeetween-pour-des-dates-aleatoires.png\",\"datePublished\":\"2023-11-05T01:15:47+00:00\",\"dateModified\":\"2023-12-25T10:33:18+00:00\",\"breadcrumb\":{\"@id\":\"https:\/\/exceladvisor.org\/es\/generador-de-fechas-aleatorias\/#breadcrumb\"},\"inLanguage\":\"es\",\"potentialAction\":[{\"@type\":\"ReadAction\",\"target\":[\"https:\/\/exceladvisor.org\/es\/generador-de-fechas-aleatorias\/\"]}]},{\"@type\":\"ImageObject\",\"inLanguage\":\"es\",\"@id\":\"https:\/\/exceladvisor.org\/es\/generador-de-fechas-aleatorias\/#primaryimage\",\"url\":\"https:\/\/exceladvisor.org\/wp-content\/uploads\/2023\/08\/1-randbeetween-pour-des-dates-aleatoires.png\",\"contentUrl\":\"https:\/\/exceladvisor.org\/wp-content\/uploads\/2023\/08\/1-randbeetween-pour-des-dates-aleatoires.png\"},{\"@type\":\"BreadcrumbList\",\"@id\":\"https:\/\/exceladvisor.org\/es\/generador-de-fechas-aleatorias\/#breadcrumb\",\"itemListElement\":[{\"@type\":\"ListItem\",\"position\":1,\"name\":\"Hogar\",\"item\":\"https:\/\/exceladvisor.org\/es\/\"},{\"@type\":\"ListItem\",\"position\":2,\"name\":\"Generador de fechas aleatorias en excel\"}]},{\"@type\":\"WebSite\",\"@id\":\"https:\/\/exceladvisor.org\/es\/#website\",\"url\":\"https:\/\/exceladvisor.org\/es\/\",\"name\":\"Excel Advisor\",\"description\":\"Su gu\u00eda para la dominaci\u00f3n de datos!\",\"publisher\":{\"@id\":\"https:\/\/exceladvisor.org\/es\/#organization\"},\"potentialAction\":[{\"@type\":\"SearchAction\",\"target\":{\"@type\":\"EntryPoint\",\"urlTemplate\":\"https:\/\/exceladvisor.org\/es\/?s={search_term_string}\"},\"query-input\":{\"@type\":\"PropertyValueSpecification\",\"valueRequired\":true,\"valueName\":\"search_term_string\"}}],\"inLanguage\":\"es\"},{\"@type\":\"Organization\",\"@id\":\"https:\/\/exceladvisor.org\/es\/#organization\",\"name\":\"Excel Advisor\",\"url\":\"https:\/\/exceladvisor.org\/es\/\",\"logo\":{\"@type\":\"ImageObject\",\"inLanguage\":\"es\",\"@id\":\"https:\/\/exceladvisor.org\/es\/#\/schema\/logo\/image\/\",\"url\":\"https:\/\/exceladvisor.org\/es\/wp-content\/uploads\/2023\/12\/exceladvisor.org_.png\",\"contentUrl\":\"https:\/\/exceladvisor.org\/es\/wp-content\/uploads\/2023\/12\/exceladvisor.org_.png\",\"width\":105,\"height\":36,\"caption\":\"Excel Advisor\"},\"image\":{\"@id\":\"https:\/\/exceladvisor.org\/es\/#\/schema\/logo\/image\/\"}}]}<\/script>\n<!-- \/ Yoast SEO plugin. -->","yoast_head_json":{"title":"Generador de fechas aleatorias en excel","robots":{"index":"index","follow":"follow","max-snippet":"max-snippet:-1","max-image-preview":"max-image-preview:large","max-video-preview":"max-video-preview:-1"},"canonical":"https:\/\/exceladvisor.org\/es\/generador-de-fechas-aleatorias\/","og_locale":"es_ES","og_type":"article","og_title":"Generador de fechas aleatorias en excel","og_description":"En este tutorial, aprenderemos una forma sencilla de generar fechas aleatorias entre dos fechas (fecha de inicio y fecha de finalizaci\u00f3n). Para ello necesitas utilizar dos funciones diferentes que puedes utilizar en diferentes situaciones. ALENTENTE RANDARRAY Genera fechas aleatorias con RANDBETWEEN En Excel, tenemos una funci\u00f3n llamada RANDBETWEEN que toma un valor inicial y un [&hellip;]","og_url":"https:\/\/exceladvisor.org\/es\/generador-de-fechas-aleatorias\/","og_site_name":"Excel Advisor","article_modified_time":"2023-12-25T10:33:18+00:00","og_image":[{"url":"https:\/\/exceladvisor.org\/wp-content\/uploads\/2023\/08\/1-randbeetween-pour-des-dates-aleatoires.png","type":"","width":"","height":""}],"twitter_card":"summary_large_image","twitter_misc":{"Tiempo de lectura":"2 minutos"},"schema":{"@context":"https:\/\/schema.org","@graph":[{"@type":"WebPage","@id":"https:\/\/exceladvisor.org\/es\/generador-de-fechas-aleatorias\/","url":"https:\/\/exceladvisor.org\/es\/generador-de-fechas-aleatorias\/","name":"Generador de fechas aleatorias en excel","isPartOf":{"@id":"https:\/\/exceladvisor.org\/es\/#website"},"primaryImageOfPage":{"@id":"https:\/\/exceladvisor.org\/es\/generador-de-fechas-aleatorias\/#primaryimage"},"image":{"@id":"https:\/\/exceladvisor.org\/es\/generador-de-fechas-aleatorias\/#primaryimage"},"thumbnailUrl":"https:\/\/exceladvisor.org\/wp-content\/uploads\/2023\/08\/1-randbeetween-pour-des-dates-aleatoires.png","datePublished":"2023-11-05T01:15:47+00:00","dateModified":"2023-12-25T10:33:18+00:00","breadcrumb":{"@id":"https:\/\/exceladvisor.org\/es\/generador-de-fechas-aleatorias\/#breadcrumb"},"inLanguage":"es","potentialAction":[{"@type":"ReadAction","target":["https:\/\/exceladvisor.org\/es\/generador-de-fechas-aleatorias\/"]}]},{"@type":"ImageObject","inLanguage":"es","@id":"https:\/\/exceladvisor.org\/es\/generador-de-fechas-aleatorias\/#primaryimage","url":"https:\/\/exceladvisor.org\/wp-content\/uploads\/2023\/08\/1-randbeetween-pour-des-dates-aleatoires.png","contentUrl":"https:\/\/exceladvisor.org\/wp-content\/uploads\/2023\/08\/1-randbeetween-pour-des-dates-aleatoires.png"},{"@type":"BreadcrumbList","@id":"https:\/\/exceladvisor.org\/es\/generador-de-fechas-aleatorias\/#breadcrumb","itemListElement":[{"@type":"ListItem","position":1,"name":"Hogar","item":"https:\/\/exceladvisor.org\/es\/"},{"@type":"ListItem","position":2,"name":"Generador de fechas aleatorias en excel"}]},{"@type":"WebSite","@id":"https:\/\/exceladvisor.org\/es\/#website","url":"https:\/\/exceladvisor.org\/es\/","name":"Excel Advisor","description":"Su gu\u00eda para la dominaci\u00f3n de datos!","publisher":{"@id":"https:\/\/exceladvisor.org\/es\/#organization"},"potentialAction":[{"@type":"SearchAction","target":{"@type":"EntryPoint","urlTemplate":"https:\/\/exceladvisor.org\/es\/?s={search_term_string}"},"query-input":{"@type":"PropertyValueSpecification","valueRequired":true,"valueName":"search_term_string"}}],"inLanguage":"es"},{"@type":"Organization","@id":"https:\/\/exceladvisor.org\/es\/#organization","name":"Excel Advisor","url":"https:\/\/exceladvisor.org\/es\/","logo":{"@type":"ImageObject","inLanguage":"es","@id":"https:\/\/exceladvisor.org\/es\/#\/schema\/logo\/image\/","url":"https:\/\/exceladvisor.org\/es\/wp-content\/uploads\/2023\/12\/exceladvisor.org_.png","contentUrl":"https:\/\/exceladvisor.org\/es\/wp-content\/uploads\/2023\/12\/exceladvisor.org_.png","width":105,"height":36,"caption":"Excel Advisor"},"image":{"@id":"https:\/\/exceladvisor.org\/es\/#\/schema\/logo\/image\/"}}]}},"yoast_meta":{"yoast_wpseo_title":"","yoast_wpseo_metadesc":"","yoast_wpseo_canonical":""},"_links":{"self":[{"href":"https:\/\/exceladvisor.org\/es\/wp-json\/wp\/v2\/pages\/315","targetHints":{"allow":["GET"]}}],"collection":[{"href":"https:\/\/exceladvisor.org\/es\/wp-json\/wp\/v2\/pages"}],"about":[{"href":"https:\/\/exceladvisor.org\/es\/wp-json\/wp\/v2\/types\/page"}],"author":[{"embeddable":true,"href":"https:\/\/exceladvisor.org\/es\/wp-json\/wp\/v2\/users\/1"}],"replies":[{"embeddable":true,"href":"https:\/\/exceladvisor.org\/es\/wp-json\/wp\/v2\/comments?post=315"}],"version-history":[{"count":1,"href":"https:\/\/exceladvisor.org\/es\/wp-json\/wp\/v2\/pages\/315\/revisions"}],"predecessor-version":[{"id":1469,"href":"https:\/\/exceladvisor.org\/es\/wp-json\/wp\/v2\/pages\/315\/revisions\/1469"}],"wp:attachment":[{"href":"https:\/\/exceladvisor.org\/es\/wp-json\/wp\/v2\/media?parent=315"}],"curies":[{"name":"wp","href":"https:\/\/api.w.org\/{rel}","templated":true}]}}