{"id":316,"date":"2023-11-04T19:19:59","date_gmt":"2023-11-04T19:19:59","guid":{"rendered":"https:\/\/exceladvisor.org\/es\/formulas-1\/"},"modified":"2023-12-25T10:32:26","modified_gmt":"2023-12-25T10:32:26","slug":"formulas-1","status":"publish","type":"page","link":"https:\/\/exceladvisor.org\/es\/formulas-1\/","title":{"rendered":"7 f\u00f3rmulas de formato condicional en excel"},"content":{"rendered":"<div class=\"excel-antes-del-contenido\" id=\"excel-1237895838\"><script type=\"text\/javascript\">\r\n\tatOptions = {\r\n\t\t'key' : 'c1158f160081d6540a8409e6925dab94',\r\n\t\t'format' : 'iframe',\r\n\t\t'height' : 250,\r\n\t\t'width' : 300,\r\n\t\t'params' : {}\r\n\t};\r\n<\/script>\r\n<script type=\"text\/javascript\" src=\"\/\/www.highperformanceformat.com\/c1158f160081d6540a8409e6925dab94\/invoke.js\"><\/script><\/div><p>La mejor parte del formato condicional es que puedes usar f\u00f3rmulas en \u00e9l. Y tiene una sensaci\u00f3n muy simple de trabajar con f\u00f3rmulas.<\/p>\n<p> Su f\u00f3rmula debe ser una f\u00f3rmula l\u00f3gica y el resultado debe ser VERDADERO o FALSO. Si la f\u00f3rmula devuelve VERDADERO obtendr\u00e1 el formato, y si FALSO entonces nada. El hecho es que al utilizar f\u00f3rmulas puedes aprovechar al m\u00e1ximo el formato condicional.<\/p>\n<p> S\u00ed, es verdad. En el siguiente ejemplo, hemos utilizado una f\u00f3rmula en CF para comprobar si el valor de la celda es inferior a 1000 o no. <\/p>\n<div class=\"wp-block-image\">\n<figure class=\"aligncenter\"><img decoding=\"async\" src=\"https:\/\/exceladvisor.org\/wp-content\/uploads\/2023\/08\/utiliser-des-formules-dans-la-mise-en-forme-conditionnelle-pour-verifier-si-la-valeur-est-superieure-1.png\" sizes=\"\" srcset=\"\" alt=\"use f\u00f3rmulas en formato condicional para verificar si el valor es mayor\"><\/figure>\n<\/div>\n<p> Y si este valor es menor que 1000 aplicar\u00e1 el formato que especificamos, de lo contrario no. Entonces, hoy en este art\u00edculo, me gustar\u00eda compartir con ustedes pasos simples para aplicar formato condicional usando una f\u00f3rmula. Y algunos de los ejemplos \u00fatiles que puedes utilizar en tu trabajo diario.<\/p>\n<h2 id=\"tab-con-1\" class=\"wp-block-heading\"> Pasos para aplicar formato condicional con f\u00f3rmulas<\/h2>\n<p> Los pasos para aplicar CF con f\u00f3rmulas son bastante sencillos:<\/p>\n<ol>\n<li> Seleccione el rango para aplicar formato condicional.<\/li>\n<li> Agregue una f\u00f3rmula al texto de una condici\u00f3n.<\/li>\n<li> Especifique un formato para aplicar cuando se cumpla la condici\u00f3n. <\/li>\n<\/ol>\n<div class=\"wp-block-image\">\n<figure class=\"aligncenter\"><img decoding=\"async\" src=\"https:\/\/exceladvisor.org\/wp-content\/uploads\/2023\/08\/comment-appliquer-une-mise-en-forme-conditionnelle-a-laide-dune-formule-1.png\" sizes=\"\" srcset=\"\" alt=\"c\u00f3mo aplicar formato condicional usando una f\u00f3rmula\"><\/figure>\n<\/div>\n<p> Para aprender esto correctamente, aseg\u00farese de <a href=\"https:\/\/exceladvisor.org\/wp-content\/uploads\/2023\/08\/mise-en-forme-conditionnelle-avec-fichier-de-donnees-de-formules.xlsx\" rel=\"nofollow\">descargar este archivo de muestra desde aqu\u00ed<\/a> y siga los pasos detallados a continuaci\u00f3n.<\/p>\n<ul>\n<li> Primero, seleccione el rango donde desea aplicar el formato condicional. <\/li>\n<\/ul>\n<div class=\"wp-block-image\">\n<figure class=\"aligncenter\"><img decoding=\"async\" src=\"https:\/\/exceladvisor.org\/wp-content\/uploads\/2023\/08\/pour-appliquer-une-mise-en-forme-conditionnelle-a-laide-de-formules-selectionner-une-plage-1.png\" sizes=\"\" srcset=\"\" alt=\"Para aplicar formato condicional usando f\u00f3rmulas, seleccione un rango\"><\/figure>\n<\/div>\n<ul>\n<li> Despu\u00e9s de eso, vaya a la pesta\u00f1a Inicio \u279c Estilos \u279c Formato condicional \u279c Nueva regla \u279c Utilice una f\u00f3rmula para determinar a qu\u00e9 celda formatear. <\/li>\n<\/ul>\n<div class=\"wp-block-image\">\n<figure class=\"aligncenter\"><img decoding=\"async\" src=\"https:\/\/exceladvisor.org\/wp-content\/uploads\/2023\/08\/pour-appliquer-une-mise-en-forme-conditionnelle-a-laide-de-formules-cliquez-sur-nouvelle-regle-1.png\" sizes=\"\" srcset=\"\" alt=\"Para aplicar formato condicional usando f\u00f3rmulas, haga clic en Nueva regla\"><\/figure>\n<\/div>\n<ul>\n<li> Ahora, en \u201c <strong><span style=\"color: #000000;\">Formato de valores donde la f\u00f3rmula es verdadera<\/span><\/strong> \u201d, ingrese la f\u00f3rmula a continuaci\u00f3n.<\/li>\n<\/ul>\n<p> =E5&lt;1000 <\/p>\n<div class=\"wp-block-image\">\n<figure class=\"aligncenter\"><img decoding=\"async\" src=\"https:\/\/exceladvisor.org\/wp-content\/uploads\/2023\/08\/pour-appliquer-une-mise-en-forme-conditionnelle-a-laide-de-formules-entrez-la-formule-1.png\" sizes=\"\" srcset=\"\" alt=\"Para aplicar formato condicional usando f\u00f3rmulas, ingrese una f\u00f3rmula\"><\/figure>\n<\/div>\n<ul>\n<li> Lo siguiente es especificar el formato a aplicar y para ello hacer clic en el bot\u00f3n de formato y seleccionar el formato. <\/li>\n<\/ul>\n<div class=\"wp-block-image\">\n<figure class=\"aligncenter\"><img decoding=\"async\" src=\"https:\/\/exceladvisor.org\/wp-content\/uploads\/2023\/08\/pour-appliquer-une-mise-en-forme-conditionnelle-a-laide-de-formules-specifier-la-mise-en-forme-1.png\" sizes=\"\" srcset=\"\" alt=\"aplicar formato condicional usando f\u00f3rmulas especificar formato\"><\/figure>\n<\/div>\n<ul>\n<li> Al final, haga clic en Aceptar.<\/li>\n<\/ul>\n<p> Al ingresar una f\u00f3rmula en el cuadro de di\u00e1logo CF, no puede ver su resultado ni si esa f\u00f3rmula es v\u00e1lida o no. Entonces, la mejor pr\u00e1ctica es verificar esta f\u00f3rmula antes de usarla en CF ingres\u00e1ndola en una celda.<\/p>\n<h2 id=\"tab-con-3\" class=\"wp-block-heading\"> 1. Usa una f\u00f3rmula basada en otra celda.<\/h2>\n<p> S\u00ed, puede aplicar formato condicional seg\u00fan el valor de otra celda. Si observa el ejemplo siguiente, agregamos una f\u00f3rmula simple basada en otra celda. Y si el valor de esa celda vinculada cumple con la condici\u00f3n especificada, obtendr\u00e1 formato condicional. <\/p>\n<div class=\"wp-block-image\">\n<figure class=\"aligncenter\"><img decoding=\"async\" src=\"https:\/\/exceladvisor.org\/wp-content\/uploads\/2023\/08\/appliquer-une-mise-en-forme-conditionnelle-avec-une-formule-en-utilisant-une-autre-cellule-2-1.png\" sizes=\"\" srcset=\"\" alt=\"aplicar formato condicional con una f\u00f3rmula usando otra celda\"><\/figure>\n<\/div>\n<p> Cuando el pase sea inferior al 75%, se resaltar\u00e1 en rojo. <\/p>\n<div class=\"wp-block-image\">\n<figure class=\"aligncenter\"><img decoding=\"async\" src=\"https:\/\/exceladvisor.org\/wp-content\/uploads\/2023\/08\/appliquer-une-mise-en-forme-conditionnelle-avec-une-formule-en-utilisant-une-autre-cellule-avec-un-pourcentage-75-1.png\" sizes=\"\" srcset=\"\" alt=\"aplicar formato condicional con una f\u00f3rmula usando otra celda con porcentaje 75\"><\/figure>\n<\/div>\n<h2 id=\"tab-con-4\" class=\"wp-block-heading\"> 2. Formato condicional con IF<\/h2>\n<p> Siempre que pienso en condiciones, lo primero que me viene a la mente es utilizar la funci\u00f3n SI. Y lo mejor de esta funci\u00f3n es que encaja perfectamente en el formato condicional. Dejame mostrarte un ejemplo: <\/p>\n<div class=\"wp-block-image\">\n<figure class=\"aligncenter\"><img decoding=\"async\" src=\"https:\/\/exceladvisor.org\/wp-content\/uploads\/2023\/08\/utiliser-des-formules-pour-appliquer-une-mise-en-forme-conditionnelle-avec-if-1.png\" sizes=\"\" srcset=\"\" alt=\"use f\u00f3rmulas para aplicar formato condicional con if\"><\/figure>\n<\/div>\n<p> Aqu\u00ed hemos utilizado IF para crear una condici\u00f3n y la condici\u00f3n es que cuando el n\u00famero de \u00abListo\u00bb en el rango B3:B9 sea igual al n\u00famero de tareas en el rango A3:A9, entonces aparecer\u00e1 el estado final. <\/p>\n<div class=\"wp-block-image\">\n<figure class=\"aligncenter\"><img decoding=\"async\" src=\"https:\/\/exceladvisor.org\/wp-content\/uploads\/2023\/08\/cette-formule-en-formatage-conditionnel-formatera-la-cellule-lorsque-toutes-les-taches-seront-terminees-1.gif\" sizes=\"\" srcset=\"\" alt=\"esta f\u00f3rmula en formato condicional formatear\u00e1 la celda cuando se completen todas las tareas\"><\/figure>\n<\/div>\n<h2 id=\"tab-con-5\" class=\"wp-block-heading\"> 3. Formato condicional con m\u00faltiples condiciones<\/h2>\n<p> Puede crear m\u00faltiples condiciones de verificaci\u00f3n para aplicarlas al formato. Una vez que se cumplan todas o alguna de las condiciones, se aplicar\u00e1 el formato condicional a la celda. Mire el siguiente ejemplo donde usamos la temperatura promedio de mi ciudad.<\/p>\n<p> Y utilizamos una combinaci\u00f3n simple de SI-AND para resaltar los meses en los que la temperatura es bastante agradable. Los meses en los que la temperatura est\u00e9 entre 15 y 35 grados cent\u00edgrados ser\u00e1n coloridos. <\/p>\n<div class=\"wp-block-image\">\n<figure class=\"aligncenter\"><img decoding=\"async\" src=\"https:\/\/exceladvisor.org\/wp-content\/uploads\/2023\/08\/utiliser-si-et-formule-dans-la-mise-en-forme-conditionnelle-pour-mettre-en-surbrillance-la-cellule-avec-des-tempratures-1.gif\" sizes=\"\" srcset=\"\" alt=\"use if y f\u00f3rmula en formato condicional para resaltar la celda con temperaturas\"><\/figure>\n<\/div>\n<p> De manera similar, tambi\u00e9n puedes usar <a style=\"outline: none;\" href=\"https:\/\/exceladvisor.org\/es\/si-o-1\/\">if con o function<\/a> .<\/p>\n<h2 id=\"tab-con-6\" class=\"wp-block-heading\"> 4. Resalte l\u00edneas alternativas con formato condicional.<\/h2>\n<p> Para resaltar cada fila alternativa, puede utilizar la siguiente f\u00f3rmula nCF.<\/p>\n<p class=\"formula\"> =INT(MOD(FILA(),2))<\/p>\n<p> Usando esta f\u00f3rmula, se resaltar\u00e1 cada fila con un n\u00famero impar. Y, si quieres hacer lo contrario, puedes utilizar la siguiente f\u00f3rmula. <\/p>\n<div class=\"wp-block-image\">\n<figure class=\"aligncenter\"><img decoding=\"async\" src=\"https:\/\/exceladvisor.org\/wp-content\/uploads\/2023\/08\/tableau-avec-des-lignes-alternatives-en-surbrillance-utilisant-une-formule-dans-une-mise-en-forme-conditionnelle-1.png\" sizes=\"\" srcset=\"\" alt=\"tabla con filas alternativas resaltadas usando una f\u00f3rmula en formato condicional\"><\/figure>\n<\/div>\n<p class=\"formula\"> =INT(MOD(FILA()+1,2))<\/p>\n<p> El mismo tipo de f\u00f3rmula tambi\u00e9n se puede utilizar para las columnas (pares e impares).<\/p>\n<p class=\"formula\"> =INT(MOD(COLUMNA(),2))<\/p>\n<p> Y para columnas pares.<\/p>\n<p class=\"formula\"> =INT(MOD(COLUMNA()+1,2)) <\/p>\n<div class=\"wp-block-image\">\n<figure class=\"aligncenter\"><img decoding=\"async\" src=\"https:\/\/exceladvisor.org\/wp-content\/uploads\/2023\/08\/utiliser-la-mise-en-forme-conditionnelle-mettre-en-surbrillance-la-colonne-alternative-1.gif\" sizes=\"\" srcset=\"\" alt=\"utilizar formato condicional resaltar columna alternativa\"><\/figure>\n<\/div>\n<h2 id=\"tab-con-7\" class=\"wp-block-heading\"> 5. Resalte las celdas con errores usando CF<\/h2>\n<p> Ahora pasemos a otro ejemplo en el que comprobaremos si una celda contiene un error o no. Lo que debemos hacer es simplemente insertar una f\u00f3rmula en formato condicional que pueda verificar la condici\u00f3n y devolver el resultado como VERDADERO o FALSO. Incluso puedes comprobar las celdas en busca de n\u00fameros, texto o algunos valores espec\u00edficos. <\/p>\n<div class=\"wp-block-image\">\n<figure class=\"aligncenter\"><img decoding=\"async\" src=\"https:\/\/exceladvisor.org\/wp-content\/uploads\/2023\/08\/mettre-en-evidence-les-erreurs-des-cellules-a-laide-de-la-mise-en-forme-conditionnelle-1.png\" sizes=\"\" srcset=\"\" alt=\"resaltar errores de celda usando formato condicional\"><\/figure>\n<\/div>\n<h2 id=\"tab-con-8\" class=\"wp-block-heading\"> 6. Cree una lista de verificaci\u00f3n con formato condicional<\/h2>\n<p> Ahora agreguemos algo de creatividad a la inteligencia. Ya has aprendido a utilizar una f\u00f3rmula basada en otra celda. Aqu\u00ed hemos <a href=\"https:\/\/exceladvisor.org\/es\/casilla-de-verificacion\/\">vinculado una casilla de verificaci\u00f3n<\/a> con la celda B1 y adem\u00e1s hemos vinculado la B1 con la f\u00f3rmula utilizada en el formato condicional para la celda A1. <\/p>\n<div class=\"wp-block-image\">\n<figure class=\"aligncenter\"><img decoding=\"async\" src=\"https:\/\/exceladvisor.org\/wp-content\/uploads\/2023\/08\/liste-de-controle-utilisant-la-mise-en-forme-conditionnelle-et-la-case-a-cocher-1.png\" sizes=\"\" srcset=\"\" alt=\"lista de verificaci\u00f3n usando formato condicional y casilla de verificaci\u00f3n\"><\/figure>\n<\/div>\n<p> Ahora, si marca la <a href=\"https:\/\/exceladvisor.org\/es\/casilla-de-verificacion\/\">casilla<\/a> , el valor de la celda B1 se volver\u00e1 VERDADERO y la celda A1 recibir\u00e1 su formato condicional [ <a href=\"https:\/\/exceladvisor.org\/es\/vara\/\">tachado<\/a> ]. <\/p>\n<div class=\"wp-block-image\">\n<figure class=\"aligncenter\"><img decoding=\"async\" src=\"https:\/\/exceladvisor.org\/wp-content\/uploads\/2023\/08\/une-liste-de-controle-dynamique-utilisant-des-formules-en-format-conditionnel-1.gif\" sizes=\"\" srcset=\"\" alt=\"una lista de verificaci\u00f3n din\u00e1mica que utiliza f\u00f3rmulas en formato condicional\"><\/figure>\n<\/div>\n<h2 id=\"tab-con-9\" class=\"wp-block-heading\"> Comidas para llevar<\/h2>\n<ol>\n<li> Su f\u00f3rmula debe ser una f\u00f3rmula l\u00f3gica, que conduzca a un resultado VERDADERO o FALSO.<\/li>\n<li> Trate de no sobrecargar sus datos con formato condicional.<\/li>\n<li> Utilice siempre <a href=\"https:\/\/www.deskbright.com\/excel\/absolute-and-relative-cell-references\/\" target=\"_blank\" rel=\"noreferrer noopener\">referencias relativas y absolutas<\/a> en sentido literal.<\/li>\n<\/ol>\n<h2 id=\"tab-con-10\" class=\"wp-block-heading\"> Archivo de ejemplo<\/h2>\n<p> <a href=\"https:\/\/exceladvisor.org\/wp-content\/uploads\/2023\/08\/formules-dans-la-mise-en-forme-conditionnelle-2.xlsx\" rel=\"nofollow\">Descargue este archivo de muestra aqu\u00ed<\/a> para obtener m\u00e1s informaci\u00f3n.<\/p>\n<div class=\"gb-container gb-container-4db6181c gb-container-mt\"> <a class=\"gb-button gb-button-c5897111 gb-button-text gb-button-mt-button\" href=\"https:\/\/exceladvisor.org\/es\/avance-de-excel\/\">Tutoriales avanzados de Excel<\/a><\/p>\n<h2 class=\"gb-headline gb-headline-665e5f6b gb-headline-text gb-headline-mt-heading\"> Tutoriales relacionados <\/h2>\n<div class=\"gb-grid-wrapper gb-grid-wrapper-a20baf7c gb-grid-wrapper-mt-grid\">\n<div class=\"gb-grid-column gb-grid-column-65ddf67e\">\n<div class=\"gb-container gb-container-65ddf67e\">\n<ul>\n<li> <a href=\"https:\/\/exceladvisor.org\/es\/auto-formato\/\">Opci\u00f3n de formato autom\u00e1tico en Excel<\/a><\/li>\n<li> <a href=\"https:\/\/exceladvisor.org\/es\/resaltar-lineas-alternas\/\">Resalte filas alternativas en Excel con muestra de color<\/a><\/li>\n<li> <a href=\"https:\/\/exceladvisor.org\/es\/juegos-de-iconos\/\" data-wpil=\"url\">Utilice conjuntos de iconos en Excel (formato condicional)<\/a> <\/li>\n<\/ul>\n<\/div>\n<\/div>\n<div class=\"gb-grid-column gb-grid-column-50067b57\">\n<div class=\"gb-container gb-container-50067b57\"><\/div>\n<\/div>\n<\/div>\n<\/div>\n","protected":false},"excerpt":{"rendered":"<p>La mejor parte del formato condicional es que puedes usar f\u00f3rmulas en \u00e9l. Y tiene una sensaci\u00f3n muy simple de trabajar con f\u00f3rmulas. Su f\u00f3rmula debe ser una f\u00f3rmula l\u00f3gica y el resultado debe ser VERDADERO o FALSO. Si la f\u00f3rmula devuelve VERDADERO obtendr\u00e1 el formato, y si FALSO entonces nada. El hecho es que [&hellip;]<\/p>\n","protected":false},"author":1,"featured_media":0,"parent":0,"menu_order":0,"comment_status":"open","ping_status":"closed","template":"","meta":{"ub_ctt_via":"","footnotes":""},"class_list":["post-316","page","type-page","status-publish","hentry"],"featured_image_src":null,"yoast_head":"<!-- This site is optimized with the Yoast SEO plugin v25.4 - https:\/\/yoast.com\/wordpress\/plugins\/seo\/ -->\n<title>7 f\u00f3rmulas de formato condicional en excel<\/title>\n<meta name=\"robots\" content=\"index, follow, max-snippet:-1, max-image-preview:large, max-video-preview:-1\" \/>\n<link rel=\"canonical\" href=\"https:\/\/exceladvisor.org\/es\/formulas-1\/\" \/>\n<meta property=\"og:locale\" content=\"es_ES\" \/>\n<meta property=\"og:type\" content=\"article\" \/>\n<meta property=\"og:title\" content=\"7 f\u00f3rmulas de formato condicional en excel\" \/>\n<meta property=\"og:description\" content=\"La mejor parte del formato condicional es que puedes usar f\u00f3rmulas en \u00e9l. Y tiene una sensaci\u00f3n muy simple de trabajar con f\u00f3rmulas. Su f\u00f3rmula debe ser una f\u00f3rmula l\u00f3gica y el resultado debe ser VERDADERO o FALSO. Si la f\u00f3rmula devuelve VERDADERO obtendr\u00e1 el formato, y si FALSO entonces nada. El hecho es que [&hellip;]\" \/>\n<meta property=\"og:url\" content=\"https:\/\/exceladvisor.org\/es\/formulas-1\/\" \/>\n<meta property=\"og:site_name\" content=\"Excel Advisor\" \/>\n<meta property=\"article:modified_time\" content=\"2023-12-25T10:32:26+00:00\" \/>\n<meta property=\"og:image\" content=\"https:\/\/exceladvisor.org\/wp-content\/uploads\/2023\/08\/utiliser-des-formules-dans-la-mise-en-forme-conditionnelle-pour-verifier-si-la-valeur-est-superieure-1.png\" \/>\n<meta name=\"twitter:card\" content=\"summary_large_image\" \/>\n<meta name=\"twitter:label1\" content=\"Tiempo de lectura\" \/>\n\t<meta name=\"twitter:data1\" content=\"5 minutos\" \/>\n<script type=\"application\/ld+json\" class=\"yoast-schema-graph\">{\"@context\":\"https:\/\/schema.org\",\"@graph\":[{\"@type\":\"WebPage\",\"@id\":\"https:\/\/exceladvisor.org\/es\/formulas-1\/\",\"url\":\"https:\/\/exceladvisor.org\/es\/formulas-1\/\",\"name\":\"7 f\u00f3rmulas de formato condicional en excel\",\"isPartOf\":{\"@id\":\"https:\/\/exceladvisor.org\/es\/#website\"},\"primaryImageOfPage\":{\"@id\":\"https:\/\/exceladvisor.org\/es\/formulas-1\/#primaryimage\"},\"image\":{\"@id\":\"https:\/\/exceladvisor.org\/es\/formulas-1\/#primaryimage\"},\"thumbnailUrl\":\"https:\/\/exceladvisor.org\/wp-content\/uploads\/2023\/08\/utiliser-des-formules-dans-la-mise-en-forme-conditionnelle-pour-verifier-si-la-valeur-est-superieure-1.png\",\"datePublished\":\"2023-11-04T19:19:59+00:00\",\"dateModified\":\"2023-12-25T10:32:26+00:00\",\"breadcrumb\":{\"@id\":\"https:\/\/exceladvisor.org\/es\/formulas-1\/#breadcrumb\"},\"inLanguage\":\"es\",\"potentialAction\":[{\"@type\":\"ReadAction\",\"target\":[\"https:\/\/exceladvisor.org\/es\/formulas-1\/\"]}]},{\"@type\":\"ImageObject\",\"inLanguage\":\"es\",\"@id\":\"https:\/\/exceladvisor.org\/es\/formulas-1\/#primaryimage\",\"url\":\"https:\/\/exceladvisor.org\/wp-content\/uploads\/2023\/08\/utiliser-des-formules-dans-la-mise-en-forme-conditionnelle-pour-verifier-si-la-valeur-est-superieure-1.png\",\"contentUrl\":\"https:\/\/exceladvisor.org\/wp-content\/uploads\/2023\/08\/utiliser-des-formules-dans-la-mise-en-forme-conditionnelle-pour-verifier-si-la-valeur-est-superieure-1.png\"},{\"@type\":\"BreadcrumbList\",\"@id\":\"https:\/\/exceladvisor.org\/es\/formulas-1\/#breadcrumb\",\"itemListElement\":[{\"@type\":\"ListItem\",\"position\":1,\"name\":\"Hogar\",\"item\":\"https:\/\/exceladvisor.org\/es\/\"},{\"@type\":\"ListItem\",\"position\":2,\"name\":\"7 f\u00f3rmulas de formato condicional en excel\"}]},{\"@type\":\"WebSite\",\"@id\":\"https:\/\/exceladvisor.org\/es\/#website\",\"url\":\"https:\/\/exceladvisor.org\/es\/\",\"name\":\"Excel Advisor\",\"description\":\"Su gu\u00eda para la dominaci\u00f3n de datos!\",\"publisher\":{\"@id\":\"https:\/\/exceladvisor.org\/es\/#organization\"},\"potentialAction\":[{\"@type\":\"SearchAction\",\"target\":{\"@type\":\"EntryPoint\",\"urlTemplate\":\"https:\/\/exceladvisor.org\/es\/?s={search_term_string}\"},\"query-input\":{\"@type\":\"PropertyValueSpecification\",\"valueRequired\":true,\"valueName\":\"search_term_string\"}}],\"inLanguage\":\"es\"},{\"@type\":\"Organization\",\"@id\":\"https:\/\/exceladvisor.org\/es\/#organization\",\"name\":\"Excel Advisor\",\"url\":\"https:\/\/exceladvisor.org\/es\/\",\"logo\":{\"@type\":\"ImageObject\",\"inLanguage\":\"es\",\"@id\":\"https:\/\/exceladvisor.org\/es\/#\/schema\/logo\/image\/\",\"url\":\"https:\/\/exceladvisor.org\/es\/wp-content\/uploads\/2023\/12\/exceladvisor.org_.png\",\"contentUrl\":\"https:\/\/exceladvisor.org\/es\/wp-content\/uploads\/2023\/12\/exceladvisor.org_.png\",\"width\":105,\"height\":36,\"caption\":\"Excel Advisor\"},\"image\":{\"@id\":\"https:\/\/exceladvisor.org\/es\/#\/schema\/logo\/image\/\"}}]}<\/script>\n<!-- \/ Yoast SEO plugin. -->","yoast_head_json":{"title":"7 f\u00f3rmulas de formato condicional en excel","robots":{"index":"index","follow":"follow","max-snippet":"max-snippet:-1","max-image-preview":"max-image-preview:large","max-video-preview":"max-video-preview:-1"},"canonical":"https:\/\/exceladvisor.org\/es\/formulas-1\/","og_locale":"es_ES","og_type":"article","og_title":"7 f\u00f3rmulas de formato condicional en excel","og_description":"La mejor parte del formato condicional es que puedes usar f\u00f3rmulas en \u00e9l. Y tiene una sensaci\u00f3n muy simple de trabajar con f\u00f3rmulas. Su f\u00f3rmula debe ser una f\u00f3rmula l\u00f3gica y el resultado debe ser VERDADERO o FALSO. Si la f\u00f3rmula devuelve VERDADERO obtendr\u00e1 el formato, y si FALSO entonces nada. El hecho es que [&hellip;]","og_url":"https:\/\/exceladvisor.org\/es\/formulas-1\/","og_site_name":"Excel Advisor","article_modified_time":"2023-12-25T10:32:26+00:00","og_image":[{"url":"https:\/\/exceladvisor.org\/wp-content\/uploads\/2023\/08\/utiliser-des-formules-dans-la-mise-en-forme-conditionnelle-pour-verifier-si-la-valeur-est-superieure-1.png","type":"","width":"","height":""}],"twitter_card":"summary_large_image","twitter_misc":{"Tiempo de lectura":"5 minutos"},"schema":{"@context":"https:\/\/schema.org","@graph":[{"@type":"WebPage","@id":"https:\/\/exceladvisor.org\/es\/formulas-1\/","url":"https:\/\/exceladvisor.org\/es\/formulas-1\/","name":"7 f\u00f3rmulas de formato condicional en excel","isPartOf":{"@id":"https:\/\/exceladvisor.org\/es\/#website"},"primaryImageOfPage":{"@id":"https:\/\/exceladvisor.org\/es\/formulas-1\/#primaryimage"},"image":{"@id":"https:\/\/exceladvisor.org\/es\/formulas-1\/#primaryimage"},"thumbnailUrl":"https:\/\/exceladvisor.org\/wp-content\/uploads\/2023\/08\/utiliser-des-formules-dans-la-mise-en-forme-conditionnelle-pour-verifier-si-la-valeur-est-superieure-1.png","datePublished":"2023-11-04T19:19:59+00:00","dateModified":"2023-12-25T10:32:26+00:00","breadcrumb":{"@id":"https:\/\/exceladvisor.org\/es\/formulas-1\/#breadcrumb"},"inLanguage":"es","potentialAction":[{"@type":"ReadAction","target":["https:\/\/exceladvisor.org\/es\/formulas-1\/"]}]},{"@type":"ImageObject","inLanguage":"es","@id":"https:\/\/exceladvisor.org\/es\/formulas-1\/#primaryimage","url":"https:\/\/exceladvisor.org\/wp-content\/uploads\/2023\/08\/utiliser-des-formules-dans-la-mise-en-forme-conditionnelle-pour-verifier-si-la-valeur-est-superieure-1.png","contentUrl":"https:\/\/exceladvisor.org\/wp-content\/uploads\/2023\/08\/utiliser-des-formules-dans-la-mise-en-forme-conditionnelle-pour-verifier-si-la-valeur-est-superieure-1.png"},{"@type":"BreadcrumbList","@id":"https:\/\/exceladvisor.org\/es\/formulas-1\/#breadcrumb","itemListElement":[{"@type":"ListItem","position":1,"name":"Hogar","item":"https:\/\/exceladvisor.org\/es\/"},{"@type":"ListItem","position":2,"name":"7 f\u00f3rmulas de formato condicional en excel"}]},{"@type":"WebSite","@id":"https:\/\/exceladvisor.org\/es\/#website","url":"https:\/\/exceladvisor.org\/es\/","name":"Excel Advisor","description":"Su gu\u00eda para la dominaci\u00f3n de datos!","publisher":{"@id":"https:\/\/exceladvisor.org\/es\/#organization"},"potentialAction":[{"@type":"SearchAction","target":{"@type":"EntryPoint","urlTemplate":"https:\/\/exceladvisor.org\/es\/?s={search_term_string}"},"query-input":{"@type":"PropertyValueSpecification","valueRequired":true,"valueName":"search_term_string"}}],"inLanguage":"es"},{"@type":"Organization","@id":"https:\/\/exceladvisor.org\/es\/#organization","name":"Excel Advisor","url":"https:\/\/exceladvisor.org\/es\/","logo":{"@type":"ImageObject","inLanguage":"es","@id":"https:\/\/exceladvisor.org\/es\/#\/schema\/logo\/image\/","url":"https:\/\/exceladvisor.org\/es\/wp-content\/uploads\/2023\/12\/exceladvisor.org_.png","contentUrl":"https:\/\/exceladvisor.org\/es\/wp-content\/uploads\/2023\/12\/exceladvisor.org_.png","width":105,"height":36,"caption":"Excel Advisor"},"image":{"@id":"https:\/\/exceladvisor.org\/es\/#\/schema\/logo\/image\/"}}]}},"yoast_meta":{"yoast_wpseo_title":"","yoast_wpseo_metadesc":"","yoast_wpseo_canonical":""},"_links":{"self":[{"href":"https:\/\/exceladvisor.org\/es\/wp-json\/wp\/v2\/pages\/316","targetHints":{"allow":["GET"]}}],"collection":[{"href":"https:\/\/exceladvisor.org\/es\/wp-json\/wp\/v2\/pages"}],"about":[{"href":"https:\/\/exceladvisor.org\/es\/wp-json\/wp\/v2\/types\/page"}],"author":[{"embeddable":true,"href":"https:\/\/exceladvisor.org\/es\/wp-json\/wp\/v2\/users\/1"}],"replies":[{"embeddable":true,"href":"https:\/\/exceladvisor.org\/es\/wp-json\/wp\/v2\/comments?post=316"}],"version-history":[{"count":1,"href":"https:\/\/exceladvisor.org\/es\/wp-json\/wp\/v2\/pages\/316\/revisions"}],"predecessor-version":[{"id":1418,"href":"https:\/\/exceladvisor.org\/es\/wp-json\/wp\/v2\/pages\/316\/revisions\/1418"}],"wp:attachment":[{"href":"https:\/\/exceladvisor.org\/es\/wp-json\/wp\/v2\/media?parent=316"}],"curies":[{"name":"wp","href":"https:\/\/api.w.org\/{rel}","templated":true}]}}