{"id":318,"date":"2023-11-04T16:53:02","date_gmt":"2023-11-04T16:53:02","guid":{"rendered":"https:\/\/exceladvisor.org\/es\/otra-columna\/"},"modified":"2023-12-25T10:33:04","modified_gmt":"2023-12-25T10:33:04","slug":"otra-columna","status":"publish","type":"page","link":"https:\/\/exceladvisor.org\/es\/otra-columna\/","title":{"rendered":"Formato condicional basado en otra columna"},"content":{"rendered":"<div class=\"excel-antes-del-contenido\" id=\"excel-2644096128\"><script type=\"text\/javascript\">\r\n\tatOptions = {\r\n\t\t'key' : 'c1158f160081d6540a8409e6925dab94',\r\n\t\t'format' : 'iframe',\r\n\t\t'height' : 250,\r\n\t\t'width' : 300,\r\n\t\t'params' : {}\r\n\t};\r\n<\/script>\r\n<script type=\"text\/javascript\" src=\"\/\/www.highperformanceformat.com\/c1158f160081d6540a8409e6925dab94\/invoke.js\"><\/script><\/div><p>En Excel, puede aplicar formato condicional basado en otra columna. Por ejemplo, a continuaci\u00f3n tiene una lista de estudiantes con sus puntajes y desea resaltar los nombres de los estudiantes que obtuvieron puntajes superiores a 75.<\/p>\n<p> Ahora, aqu\u00ed debe aplicar formato condicional, que aplica un color a la columna A (Nombres) seg\u00fan los valores de la columna B (Puntuaci\u00f3n). <\/p>\n<div class=\"wp-block-image\">\n<figure class=\"aligncenter size-full is-resized\"><img loading=\"lazy\" decoding=\"async\" class=\"wp-image-90495\" src=\"https:\/\/exceladvisor.org\/wp-content\/uploads\/2023\/08\/1-donnees-avec-des-valeurs-dans-deux-colonnes.png\" sizes=\"auto, \" srcset=\"\" alt=\"datos-con-valores-en-dos-columnas\" width=\"438\" height=\"434\"><\/figure>\n<\/div>\n<h2 class=\"wp-block-heading\"> Pasos para aplicar formato condicional basado en otra columna<\/h2>\n<ol>\n<li> Primero, seleccione la columna de nombres dejando el nombre de la columna. <br \/><img loading=\"lazy\" decoding=\"async\" title=\"2-seleccionar-valores-nombre-excluyendo-encabezado\" src=\"https:\/\/exceladvisor.org\/wp-content\/uploads\/2023\/08\/2-selectionnez-les-valeurs-de-nom-a-lexclusion-de-len-tete.png\" sizes=\"auto, \" srcset=\"\" alt=\"2-select-the-name-values-excluding-header\" width=\"318\" height=\"355\"><\/li>\n<li> A continuaci\u00f3n, vaya a la pesta\u00f1a Inicio &gt; Formato condicional &gt; Nueva regla. <br \/><img loading=\"lazy\" decoding=\"async\" title=\"3-seleccionar-nueva-regla\" src=\"https:\/\/exceladvisor.org\/wp-content\/uploads\/2023\/08\/3-selectionner-une-nouvelle-regle.png\" sizes=\"auto, \" srcset=\"\" alt=\"3-select-new-rule\" width=\"320\" height=\"416\"><\/li>\n<li> Luego, en el cuadro de di\u00e1logo de nueva regla, haga clic en \u00abUsar una f\u00f3rmula para determinar a qu\u00e9 celda formatear\u00bb. <br \/><img loading=\"lazy\" decoding=\"async\" title=\"4-usa-una-f\u00f3rmula-para-determinar\" src=\"https:\/\/exceladvisor.org\/wp-content\/uploads\/2023\/08\/4-utiliser-une-formule-pour-determiner.png\" sizes=\"auto, \" srcset=\"\" alt=\"4-use-a-formula-to-determine\" width=\"539\" height=\"389\"><\/li>\n<li> Ahora, en el cuadro de di\u00e1logo \u00abFormatear valor donde esta f\u00f3rmula es verdadera\u00bb, ingrese esta f\u00f3rmula =$B2&gt;=75. <br \/><img loading=\"lazy\" decoding=\"async\" title=\"5-ingrese-la-f\u00f3rmula\" src=\"https:\/\/exceladvisor.org\/wp-content\/uploads\/2023\/08\/5-entrer-la-formule-2.png\" sizes=\"auto, \" srcset=\"\" alt=\"5-enter-the-formula\" width=\"540\" height=\"200\"><\/li>\n<li> Desde all\u00ed, haga clic en el bot\u00f3n \u00abFormato&#8230;\u00bb para especificar el formato de celda que desea aplicar a la celda del nombre del estudiante y, al final, haga clic en Aceptar para guardar la regla. <br \/><img loading=\"lazy\" decoding=\"async\" title=\"6-especificar-el-formato-a-aplicar\" src=\"https:\/\/exceladvisor.org\/wp-content\/uploads\/2023\/08\/6-preciser-la-mise-en-forme-a-appliquer.png\" sizes=\"auto, \" srcset=\"\" alt=\"6-specify-the-formatting-to-apply\" width=\"539\" height=\"202\"><\/li>\n<li> Al final, haga clic en Aceptar para cerrar el Administrador de reglas de formato condicional.<\/li>\n<\/ol>\n<p> Y en el momento en que haga clic en Aceptar, todos los nombres de los estudiantes cuya puntuaci\u00f3n sea superior a 75 se resaltar\u00e1n en la columna de puntuaci\u00f3n. <\/p>\n<div class=\"wp-block-image\">\n<figure class=\"aligncenter size-full is-resized\"><img loading=\"lazy\" decoding=\"async\" class=\"wp-image-90501\" src=\"https:\/\/exceladvisor.org\/wp-content\/uploads\/2023\/08\/7-noms-mis-en-evidence-selon-la-formule.png\" sizes=\"auto, \" srcset=\"\" alt=\"nombres-resaltados-basados-en-la-f\u00f3rmula\" width=\"488\" height=\"456\"><\/figure>\n<\/div>\n<h2 class=\"wp-block-heading\"> Usando una tabla de Excel<\/h2>\n<p> Una vez que aplique el formato condicional y actualice nuevos datos en la lista, Excel no extender\u00e1 el formato condicional a la nueva entrada. <\/p>\n<div class=\"wp-block-image\">\n<figure class=\"aligncenter size-full is-resized\"><img loading=\"lazy\" decoding=\"async\" class=\"wp-image-90502\" src=\"https:\/\/exceladvisor.org\/wp-content\/uploads\/2023\/08\/8-formatage-non-applique-aux-donnees-etendues.png\" sizes=\"auto, \" srcset=\"\" alt=\"formato-no-aplicado-a-datos-extendidos\" width=\"448\" height=\"358\"><\/figure>\n<\/div>\n<p> La mejor soluci\u00f3n a este problema es utilizar una tabla de Excel con los datos. Una vez que haya aplicado la tabla (Ctrl + T) y luego haya ingresado una nueva entrada de datos en la lista con la puntuaci\u00f3n, apl\u00edquele formato condicional. <\/p>\n<div class=\"wp-block-image\">\n<figure class=\"aligncenter size-full is-resized\"><img loading=\"lazy\" decoding=\"async\" class=\"wp-image-90503\" src=\"https:\/\/exceladvisor.org\/wp-content\/uploads\/2023\/08\/9-convertir-les-donnees-en-tableau.png\" sizes=\"auto, \" srcset=\"\" alt=\"convertir-datos-a-tabla\" width=\"461\" height=\"286\"><\/figure>\n<\/div>\n<p> El uso de una tabla de Excel hace que su regla de formato condicional sea din\u00e1mica, que se expande cuando ingresa un nuevo valor en los datos. <\/p>\n<div class=\"gb-container gb-container-52dfcee1 gb-container-sample-file\">\n<h2 class=\"gb-headline gb-headline-e289c143 gb-headline-text gb-headline-4f7959c2\"> Obtener el archivo Excel<\/h2>\n<p> <a class=\"gb-button gb-button-e88d6bee gb-button-text gb-button-button1\" href=\"https:\/\/exceladvisor.org\/wp-content\/uploads\/2023\/11\/mise-en-forme-conditionnelle-basee-sur-une-autre-colonne.xlsx\" rel=\"nofollow\">Descargar<\/a><\/div>\n<div class=\"gb-container gb-container-6076ba72 gb-container-mt\"> <a class=\"gb-button gb-button-76e6a499 gb-button-text gb-button-mt-button\" href=\"https:\/\/exceladvisor.org\/es\/conceptos-basicos-de-excel\/\">Aprende los conceptos b\u00e1sicos de Excel<\/a><\/p>\n<h2 class=\"gb-headline gb-headline-a9e9e206 gb-headline-text gb-headline-mt-heading\"> Obtenga m\u00e1s informaci\u00f3n sobre <a href=\"https:\/\/exceladvisor.org\/es\/formato-condicional\/\">el formato condicional<\/a> <\/h2>\n<div class=\"gb-grid-wrapper gb-grid-wrapper-790317cb gb-grid-wrapper-mt-grid\">\n<div class=\"gb-grid-column gb-grid-column-a9845ede\">\n<div class=\"gb-container gb-container-a9845ede\">\n<ul>\n<li> <a href=\"https:\/\/exceladvisor.org\/es\/aplicar-formato-condicional\/\">Aplicar formato condicional a una tabla din\u00e1mica<\/a><\/li>\n<li> <a href=\"https:\/\/exceladvisor.org\/es\/retirar\/\">Eliminar formato condicional<\/a><\/li>\n<li> <a href=\"https:\/\/exceladvisor.org\/es\/celdas-vacias\/\">Aplicar formato condicional en celdas en blanco en Excel<\/a><\/li>\n<li> <a href=\"https:\/\/exceladvisor.org\/es\/comparar-columnas\/\">Compare dos columnas usando formato condicional<\/a><\/li>\n<li> <a href=\"https:\/\/exceladvisor.org\/es\/otra-celda\/\">Aplicar formato condicional basado en otra celda<\/a><\/li>\n<\/ul>\n<\/div>\n<\/div>\n<\/div>\n<\/div>\n","protected":false},"excerpt":{"rendered":"<p>En Excel, puede aplicar formato condicional basado en otra columna. Por ejemplo, a continuaci\u00f3n tiene una lista de estudiantes con sus puntajes y desea resaltar los nombres de los estudiantes que obtuvieron puntajes superiores a 75. Ahora, aqu\u00ed debe aplicar formato condicional, que aplica un color a la columna A (Nombres) seg\u00fan los valores de [&hellip;]<\/p>\n","protected":false},"author":1,"featured_media":0,"parent":0,"menu_order":0,"comment_status":"open","ping_status":"closed","template":"","meta":{"ub_ctt_via":"","footnotes":""},"class_list":["post-318","page","type-page","status-publish","hentry"],"featured_image_src":null,"yoast_head":"<!-- This site is optimized with the Yoast SEO plugin v25.4 - https:\/\/yoast.com\/wordpress\/plugins\/seo\/ -->\n<title>Formato condicional basado en otra columna<\/title>\n<meta name=\"robots\" content=\"index, follow, max-snippet:-1, max-image-preview:large, max-video-preview:-1\" \/>\n<link rel=\"canonical\" href=\"https:\/\/exceladvisor.org\/es\/otra-columna\/\" \/>\n<meta property=\"og:locale\" content=\"es_ES\" \/>\n<meta property=\"og:type\" content=\"article\" \/>\n<meta property=\"og:title\" content=\"Formato condicional basado en otra columna\" \/>\n<meta property=\"og:description\" content=\"En Excel, puede aplicar formato condicional basado en otra columna. Por ejemplo, a continuaci\u00f3n tiene una lista de estudiantes con sus puntajes y desea resaltar los nombres de los estudiantes que obtuvieron puntajes superiores a 75. Ahora, aqu\u00ed debe aplicar formato condicional, que aplica un color a la columna A (Nombres) seg\u00fan los valores de [&hellip;]\" \/>\n<meta property=\"og:url\" content=\"https:\/\/exceladvisor.org\/es\/otra-columna\/\" \/>\n<meta property=\"og:site_name\" content=\"Excel Advisor\" \/>\n<meta property=\"article:modified_time\" content=\"2023-12-25T10:33:04+00:00\" \/>\n<meta property=\"og:image\" content=\"https:\/\/exceladvisor.org\/wp-content\/uploads\/2023\/08\/1-donnees-avec-des-valeurs-dans-deux-colonnes.png\" \/>\n<meta name=\"twitter:card\" content=\"summary_large_image\" \/>\n<meta name=\"twitter:label1\" content=\"Tiempo de lectura\" \/>\n\t<meta name=\"twitter:data1\" content=\"2 minutos\" \/>\n<script type=\"application\/ld+json\" class=\"yoast-schema-graph\">{\"@context\":\"https:\/\/schema.org\",\"@graph\":[{\"@type\":\"WebPage\",\"@id\":\"https:\/\/exceladvisor.org\/es\/otra-columna\/\",\"url\":\"https:\/\/exceladvisor.org\/es\/otra-columna\/\",\"name\":\"Formato condicional basado en otra columna\",\"isPartOf\":{\"@id\":\"https:\/\/exceladvisor.org\/es\/#website\"},\"primaryImageOfPage\":{\"@id\":\"https:\/\/exceladvisor.org\/es\/otra-columna\/#primaryimage\"},\"image\":{\"@id\":\"https:\/\/exceladvisor.org\/es\/otra-columna\/#primaryimage\"},\"thumbnailUrl\":\"https:\/\/exceladvisor.org\/wp-content\/uploads\/2023\/08\/1-donnees-avec-des-valeurs-dans-deux-colonnes.png\",\"datePublished\":\"2023-11-04T16:53:02+00:00\",\"dateModified\":\"2023-12-25T10:33:04+00:00\",\"breadcrumb\":{\"@id\":\"https:\/\/exceladvisor.org\/es\/otra-columna\/#breadcrumb\"},\"inLanguage\":\"es\",\"potentialAction\":[{\"@type\":\"ReadAction\",\"target\":[\"https:\/\/exceladvisor.org\/es\/otra-columna\/\"]}]},{\"@type\":\"ImageObject\",\"inLanguage\":\"es\",\"@id\":\"https:\/\/exceladvisor.org\/es\/otra-columna\/#primaryimage\",\"url\":\"https:\/\/exceladvisor.org\/wp-content\/uploads\/2023\/08\/1-donnees-avec-des-valeurs-dans-deux-colonnes.png\",\"contentUrl\":\"https:\/\/exceladvisor.org\/wp-content\/uploads\/2023\/08\/1-donnees-avec-des-valeurs-dans-deux-colonnes.png\"},{\"@type\":\"BreadcrumbList\",\"@id\":\"https:\/\/exceladvisor.org\/es\/otra-columna\/#breadcrumb\",\"itemListElement\":[{\"@type\":\"ListItem\",\"position\":1,\"name\":\"Hogar\",\"item\":\"https:\/\/exceladvisor.org\/es\/\"},{\"@type\":\"ListItem\",\"position\":2,\"name\":\"Formato condicional basado en otra columna\"}]},{\"@type\":\"WebSite\",\"@id\":\"https:\/\/exceladvisor.org\/es\/#website\",\"url\":\"https:\/\/exceladvisor.org\/es\/\",\"name\":\"Excel Advisor\",\"description\":\"Su gu\u00eda para la dominaci\u00f3n de datos!\",\"publisher\":{\"@id\":\"https:\/\/exceladvisor.org\/es\/#organization\"},\"potentialAction\":[{\"@type\":\"SearchAction\",\"target\":{\"@type\":\"EntryPoint\",\"urlTemplate\":\"https:\/\/exceladvisor.org\/es\/?s={search_term_string}\"},\"query-input\":{\"@type\":\"PropertyValueSpecification\",\"valueRequired\":true,\"valueName\":\"search_term_string\"}}],\"inLanguage\":\"es\"},{\"@type\":\"Organization\",\"@id\":\"https:\/\/exceladvisor.org\/es\/#organization\",\"name\":\"Excel Advisor\",\"url\":\"https:\/\/exceladvisor.org\/es\/\",\"logo\":{\"@type\":\"ImageObject\",\"inLanguage\":\"es\",\"@id\":\"https:\/\/exceladvisor.org\/es\/#\/schema\/logo\/image\/\",\"url\":\"https:\/\/exceladvisor.org\/es\/wp-content\/uploads\/2023\/12\/exceladvisor.org_.png\",\"contentUrl\":\"https:\/\/exceladvisor.org\/es\/wp-content\/uploads\/2023\/12\/exceladvisor.org_.png\",\"width\":105,\"height\":36,\"caption\":\"Excel Advisor\"},\"image\":{\"@id\":\"https:\/\/exceladvisor.org\/es\/#\/schema\/logo\/image\/\"}}]}<\/script>\n<!-- \/ Yoast SEO plugin. -->","yoast_head_json":{"title":"Formato condicional basado en otra columna","robots":{"index":"index","follow":"follow","max-snippet":"max-snippet:-1","max-image-preview":"max-image-preview:large","max-video-preview":"max-video-preview:-1"},"canonical":"https:\/\/exceladvisor.org\/es\/otra-columna\/","og_locale":"es_ES","og_type":"article","og_title":"Formato condicional basado en otra columna","og_description":"En Excel, puede aplicar formato condicional basado en otra columna. Por ejemplo, a continuaci\u00f3n tiene una lista de estudiantes con sus puntajes y desea resaltar los nombres de los estudiantes que obtuvieron puntajes superiores a 75. Ahora, aqu\u00ed debe aplicar formato condicional, que aplica un color a la columna A (Nombres) seg\u00fan los valores de [&hellip;]","og_url":"https:\/\/exceladvisor.org\/es\/otra-columna\/","og_site_name":"Excel Advisor","article_modified_time":"2023-12-25T10:33:04+00:00","og_image":[{"url":"https:\/\/exceladvisor.org\/wp-content\/uploads\/2023\/08\/1-donnees-avec-des-valeurs-dans-deux-colonnes.png","type":"","width":"","height":""}],"twitter_card":"summary_large_image","twitter_misc":{"Tiempo de lectura":"2 minutos"},"schema":{"@context":"https:\/\/schema.org","@graph":[{"@type":"WebPage","@id":"https:\/\/exceladvisor.org\/es\/otra-columna\/","url":"https:\/\/exceladvisor.org\/es\/otra-columna\/","name":"Formato condicional basado en otra columna","isPartOf":{"@id":"https:\/\/exceladvisor.org\/es\/#website"},"primaryImageOfPage":{"@id":"https:\/\/exceladvisor.org\/es\/otra-columna\/#primaryimage"},"image":{"@id":"https:\/\/exceladvisor.org\/es\/otra-columna\/#primaryimage"},"thumbnailUrl":"https:\/\/exceladvisor.org\/wp-content\/uploads\/2023\/08\/1-donnees-avec-des-valeurs-dans-deux-colonnes.png","datePublished":"2023-11-04T16:53:02+00:00","dateModified":"2023-12-25T10:33:04+00:00","breadcrumb":{"@id":"https:\/\/exceladvisor.org\/es\/otra-columna\/#breadcrumb"},"inLanguage":"es","potentialAction":[{"@type":"ReadAction","target":["https:\/\/exceladvisor.org\/es\/otra-columna\/"]}]},{"@type":"ImageObject","inLanguage":"es","@id":"https:\/\/exceladvisor.org\/es\/otra-columna\/#primaryimage","url":"https:\/\/exceladvisor.org\/wp-content\/uploads\/2023\/08\/1-donnees-avec-des-valeurs-dans-deux-colonnes.png","contentUrl":"https:\/\/exceladvisor.org\/wp-content\/uploads\/2023\/08\/1-donnees-avec-des-valeurs-dans-deux-colonnes.png"},{"@type":"BreadcrumbList","@id":"https:\/\/exceladvisor.org\/es\/otra-columna\/#breadcrumb","itemListElement":[{"@type":"ListItem","position":1,"name":"Hogar","item":"https:\/\/exceladvisor.org\/es\/"},{"@type":"ListItem","position":2,"name":"Formato condicional basado en otra columna"}]},{"@type":"WebSite","@id":"https:\/\/exceladvisor.org\/es\/#website","url":"https:\/\/exceladvisor.org\/es\/","name":"Excel Advisor","description":"Su gu\u00eda para la dominaci\u00f3n de datos!","publisher":{"@id":"https:\/\/exceladvisor.org\/es\/#organization"},"potentialAction":[{"@type":"SearchAction","target":{"@type":"EntryPoint","urlTemplate":"https:\/\/exceladvisor.org\/es\/?s={search_term_string}"},"query-input":{"@type":"PropertyValueSpecification","valueRequired":true,"valueName":"search_term_string"}}],"inLanguage":"es"},{"@type":"Organization","@id":"https:\/\/exceladvisor.org\/es\/#organization","name":"Excel Advisor","url":"https:\/\/exceladvisor.org\/es\/","logo":{"@type":"ImageObject","inLanguage":"es","@id":"https:\/\/exceladvisor.org\/es\/#\/schema\/logo\/image\/","url":"https:\/\/exceladvisor.org\/es\/wp-content\/uploads\/2023\/12\/exceladvisor.org_.png","contentUrl":"https:\/\/exceladvisor.org\/es\/wp-content\/uploads\/2023\/12\/exceladvisor.org_.png","width":105,"height":36,"caption":"Excel Advisor"},"image":{"@id":"https:\/\/exceladvisor.org\/es\/#\/schema\/logo\/image\/"}}]}},"yoast_meta":{"yoast_wpseo_title":"","yoast_wpseo_metadesc":"","yoast_wpseo_canonical":""},"_links":{"self":[{"href":"https:\/\/exceladvisor.org\/es\/wp-json\/wp\/v2\/pages\/318","targetHints":{"allow":["GET"]}}],"collection":[{"href":"https:\/\/exceladvisor.org\/es\/wp-json\/wp\/v2\/pages"}],"about":[{"href":"https:\/\/exceladvisor.org\/es\/wp-json\/wp\/v2\/types\/page"}],"author":[{"embeddable":true,"href":"https:\/\/exceladvisor.org\/es\/wp-json\/wp\/v2\/users\/1"}],"replies":[{"embeddable":true,"href":"https:\/\/exceladvisor.org\/es\/wp-json\/wp\/v2\/comments?post=318"}],"version-history":[{"count":1,"href":"https:\/\/exceladvisor.org\/es\/wp-json\/wp\/v2\/pages\/318\/revisions"}],"predecessor-version":[{"id":1455,"href":"https:\/\/exceladvisor.org\/es\/wp-json\/wp\/v2\/pages\/318\/revisions\/1455"}],"wp:attachment":[{"href":"https:\/\/exceladvisor.org\/es\/wp-json\/wp\/v2\/media?parent=318"}],"curies":[{"name":"wp","href":"https:\/\/api.w.org\/{rel}","templated":true}]}}