{"id":319,"date":"2023-11-04T16:31:04","date_gmt":"2023-11-04T16:31:04","guid":{"rendered":"https:\/\/exceladvisor.org\/es\/cadena\/"},"modified":"2023-12-25T10:33:44","modified_gmt":"2023-12-25T10:33:44","slug":"cadena","status":"publish","type":"page","link":"https:\/\/exceladvisor.org\/es\/cadena\/","title":{"rendered":"Power query: concatenar valores (texto, n\u00fameros)"},"content":{"rendered":"<div class=\"excel-antes-del-contenido\" id=\"excel-892353511\"><script type=\"text\/javascript\">\r\n\tatOptions = {\r\n\t\t'key' : 'c1158f160081d6540a8409e6925dab94',\r\n\t\t'format' : 'iframe',\r\n\t\t'height' : 250,\r\n\t\t'width' : 300,\r\n\t\t'params' : {}\r\n\t};\r\n<\/script>\r\n<script type=\"text\/javascript\" src=\"\/\/www.highperformanceformat.com\/c1158f160081d6540a8409e6925dab94\/invoke.js\"><\/script><\/div><p>En Power Query, existen varios m\u00e9todos que puede utilizar para concatenar valores (n\u00fameros y texto). Y en este tutorial, aprenderemos c\u00f3mo utilizar estos m\u00e9todos.<\/p>\n<p> A continuaci\u00f3n tenemos una lista de nombres y apellidos en las columnas: <\/p>\n<div class=\"wp-block-image\">\n<figure class=\"aligncenter size-full is-resized\"><img loading=\"lazy\" decoding=\"async\" class=\"wp-image-88734\" src=\"https:\/\/exceladvisor.org\/wp-content\/uploads\/2023\/08\/1-concatener-les-valeurs-dans-la-requete-de-puissance.png\" sizes=\"auto, \" srcset=\"\" alt=\"concatenar-valores-en-una-consulta-poderosa\" width=\"612\" height=\"474\"><\/figure>\n<\/div>\n<h2 class=\"wp-block-heading\"> Concatenar valores de dos columnas en una (combinar columnas)<\/h2>\n<p> Puedes seguir estos pasos:<\/p>\n<ol>\n<li> Primero, cargue sus datos en el potente editor de consultas (Datos &gt; Obtener datos &gt; De otras fuentes &gt; De tabla\/rango. <br \/><img loading=\"lazy\" decoding=\"async\" title=\"2-concatenar-valores-de-dos-columnas\" src=\"https:\/\/exceladvisor.org\/wp-content\/uploads\/2023\/08\/2-valeurs-de-concatenation-de-deux-colonnes.png\" sizes=\"auto, \" srcset=\"\" alt=\"concatenate-values-from-two-columns\" width=\"538\" height=\"378\"><\/li>\n<li> A continuaci\u00f3n, seleccione ambas columnas en el editor y vaya a Transformar &gt; Fusionar columnas. <br \/><img loading=\"lazy\" decoding=\"async\" title=\"3 columnas de transformaci\u00f3n y fusi\u00f3n\" src=\"https:\/\/exceladvisor.org\/wp-content\/uploads\/2023\/08\/3-colonnes-de-transformation-et-de-fusion.png\" sizes=\"auto, \" srcset=\"\" alt=\"transform-and-merge-columns\" width=\"550\" height=\"382\"><\/li>\n<li> Cuando haces clic en \u00abCombinar columnas\u00bb, aparece un cuadro de di\u00e1logo que selecciona el separador y el nombre de la nueva columna. <br \/><img loading=\"lazy\" decoding=\"async\" title=\"4-seleccione-separador-y-nuevo-nombre-de-columna\" src=\"https:\/\/exceladvisor.org\/wp-content\/uploads\/2023\/08\/4-selectionnez-le-separateur-et-le-nouveau-nom-de-colonne.png\" sizes=\"auto, \" srcset=\"\" alt=\"select-separator-and-new-ceolumn-name\" width=\"547\" height=\"291\"><\/li>\n<li> Una vez que haya seleccionado el separador y el nombre de la columna, haga clic en Aceptar. Y presione Enter para obtener la nueva columna. <br \/><img loading=\"lazy\" decoding=\"async\" title=\"5-obtener-nueva-columna\" src=\"https:\/\/exceladvisor.org\/wp-content\/uploads\/2023\/08\/5-obtenir-une-nouvelle-colonne.png\" sizes=\"auto, \" srcset=\"\" alt=\"get-new-column\" width=\"541\" height=\"348\"><\/li>\n<\/ol>\n<p> Ahora tenemos una nueva columna \u00fanica con valores de ambas columnas (nombre y apellido). Mientras utiliza este m\u00e9todo, debe ocuparse de algunas cosas:<\/p>\n<ol>\n<li> Seleccione las columnas en el orden en que desea combinar los valores.<\/li>\n<li> Puede ingresar un separador personalizado en el cuadro de di\u00e1logo.<\/li>\n<\/ol>\n<h2 class=\"wp-block-heading\"> Concatenar columnas agregando una nueva columna<\/h2>\n<p> A diferencia del m\u00e9todo anterior que usamos, tambi\u00e9n puede usar una columna y funci\u00f3n personalizadas para combinar valores.<\/p>\n<ol>\n<li> Vaya a Agregar columna &gt; Columna personalizada. <br \/><img loading=\"lazy\" decoding=\"async\" title=\"6-concatenar-agregando-nueva-columna\" src=\"https:\/\/exceladvisor.org\/wp-content\/uploads\/2023\/08\/6-concatener-en-ajoutant-une-nouvelle-colonne.png\" sizes=\"auto, \" srcset=\"\" alt=\"concatenate-by-adding-new-column\" width=\"421\" height=\"190\"><\/li>\n<li> En el cuadro de di\u00e1logo debe escribir una f\u00f3rmula. <br \/><img loading=\"lazy\" decoding=\"async\" title=\"7-escribe-una-f\u00f3rmula-en-el-cuadro-de-di\u00e1logo\" src=\"https:\/\/exceladvisor.org\/wp-content\/uploads\/2023\/08\/7-ecrire-une-formule-dans-la-boite-de-dialogue.png\" sizes=\"auto, \" srcset=\"\" alt=\"write-a-formula-in-dialog-box\" width=\"533\" height=\"336\"><\/li>\n<li> Ingrese el nombre de la columna, luego ingrese la f\u00f3rmula que usamos en la instant\u00e1nea a continuaci\u00f3n. <br \/><img loading=\"lazy\" decoding=\"async\" title=\"8-primero-ingrese-el-nombre-de-la-columna-luego-la-f\u00f3rmula\" src=\"https:\/\/exceladvisor.org\/wp-content\/uploads\/2023\/08\/8-entrez-dabord-le-nom-de-la-colonne-puis-la-formule.png\" sizes=\"auto, \" srcset=\"\" alt=\"first-enter-column-name-and-then-formula\" width=\"568\" height=\"216\"><\/li>\n<li> Finalmente, haga clic en Aceptar para ingresar la f\u00f3rmula y crear una nueva columna combinada. <br \/><img loading=\"lazy\" decoding=\"async\" title=\"F\u00f3rmula de 9 golpes de entrar y correr\" src=\"https:\/\/exceladvisor.org\/wp-content\/uploads\/2023\/08\/9-appuyez-sur-Entree-pour-executer-la-formule.png\" sizes=\"auto, \" srcset=\"\" alt=\"hit-enter-to-run-formula\" width=\"546\" height=\"276\"><\/li>\n<\/ol>\n<p> En esta f\u00f3rmula, hemos utilizado un signo comercial para combinar los valores de las dos columnas con un espacio entremedio. Es como una f\u00f3rmula que usamos en Excel.<\/p>\n<pre class=\"wp-block-preformatted\"> =[First]&amp;\" \"&amp;[Last]<\/pre>\n<h2 class=\"wp-block-heading\"> Combina texto y n\u00fameros en una sola columna<\/h2>\n<p> En Power Query, si intenta combinar texto con n\u00fameros, obtendr\u00e1 un error en el valor final. <\/p>\n<div class=\"wp-block-image\">\n<figure class=\"aligncenter size-full is-resized\"><img loading=\"lazy\" decoding=\"async\" class=\"wp-image-88743\" src=\"https:\/\/exceladvisor.org\/wp-content\/uploads\/2023\/08\/10-combiner-texte-et-nombre-dans-une-colonne.png\" sizes=\"auto, \" srcset=\"\" alt=\"combinar-texto-y-n\u00famero-en-una-columna\" width=\"580\" height=\"230\"><\/figure>\n<\/div>\n<p> En esta situaci\u00f3n, necesita la funci\u00f3n NumberToText para convertir el n\u00famero en texto. <\/p>\n<div class=\"wp-block-image\">\n<figure class=\"aligncenter size-full is-resized\"><img loading=\"lazy\" decoding=\"async\" class=\"wp-image-88744\" src=\"https:\/\/exceladvisor.org\/wp-content\/uploads\/2023\/08\/11-fonction-de-texte-pour-convertir-un-nombre-en-texte.png\" sizes=\"auto, \" srcset=\"\" alt=\"funci\u00f3n-de-texto-para-convertir-n\u00famero-en-texto\" width=\"668\" height=\"262\"><\/figure>\n<\/div>\n<p> Y una vez que haga clic en Aceptar despu\u00e9s de ingresar la f\u00f3rmula. Obtendr\u00e1 una nueva columna personalizada. <\/p>\n<div class=\"wp-block-image\">\n<figure class=\"aligncenter size-full is-resized\"><img loading=\"lazy\" decoding=\"async\" class=\"wp-image-88745\" src=\"https:\/\/exceladvisor.org\/wp-content\/uploads\/2023\/08\/12-nouvelles-colonnes-avec-texte-et-chiffres-combines.png\" sizes=\"auto, \" srcset=\"\" alt=\"nueva columna con texto y n\u00fameros combinados\" width=\"544\" height=\"282\"><\/figure>\n<\/div>\n<h2 class=\"wp-block-heading\"> Combina valores de una sola columna<\/h2>\n<p> Si tiene valores en una columna y desea colocarlos en una sola celda, primero debe transponerlos. <\/p>\n<div class=\"wp-block-image\">\n<figure class=\"aligncenter size-full is-resized\"><img loading=\"lazy\" decoding=\"async\" class=\"wp-image-88746\" src=\"https:\/\/exceladvisor.org\/wp-content\/uploads\/2023\/08\/13-combiner-les-valeurs-dune-seule-colonne.png\" sizes=\"auto, \" srcset=\"\" alt=\"combinar-valores-de-una-sola-columna\" width=\"736\" height=\"277\"><\/figure>\n<\/div>\n<p> Seleccione la columna y haga clic en \u00abTransponer\u00bb. <\/p>\n<div class=\"wp-block-image\">\n<figure class=\"aligncenter size-full is-resized\"><img loading=\"lazy\" decoding=\"async\" class=\"wp-image-88747\" src=\"https:\/\/exceladvisor.org\/wp-content\/uploads\/2023\/08\/14-selectionnez-la-colonne-puis-cliquez-sur-transposer.png\" sizes=\"auto, \" srcset=\"\" alt=\"seleccionar-columna-luego-hacer clic-transponer\" width=\"742\" height=\"338\"><\/figure>\n<\/div>\n<p> Seleccione el separador en el cuadro de di\u00e1logo Combinar columnas, ingrese el nombre de la columna y luego haga clic en Aceptar. <\/p>\n<div class=\"wp-block-image\">\n<figure class=\"aligncenter size-full is-resized\"><img loading=\"lazy\" decoding=\"async\" class=\"wp-image-88748\" src=\"https:\/\/exceladvisor.org\/wp-content\/uploads\/2023\/08\/15-selectionnez-le-separateur.png\" sizes=\"auto, \" srcset=\"\" alt=\"separador de selecci\u00f3n\" width=\"347\" height=\"207\"><\/figure>\n<\/div>\n<p> Obtendr\u00e1 una nueva columna con los valores combinados cuando haga clic en Aceptar. <\/p>\n<div class=\"wp-block-image\">\n<figure class=\"aligncenter size-full is-resized\"><img loading=\"lazy\" decoding=\"async\" class=\"wp-image-88749\" src=\"https:\/\/exceladvisor.org\/wp-content\/uploads\/2023\/08\/16-nouvelle-colonne-avec-des-valeurs-combinees.png\" sizes=\"auto, \" srcset=\"\" alt=\"nueva columna con valores combinados\" width=\"265\" height=\"136\"><\/figure>\n<\/div>\n<div class=\"gb-container gb-container-52dfcee1 gb-container-sample-file\">\n<h2 class=\"gb-headline gb-headline-e289c143 gb-headline-text gb-headline-4f7959c2\"> Obtener el archivo Excel<\/h2>\n<p> <a class=\"gb-button gb-button-e88d6bee gb-button-text gb-button-button1\" href=\"https:\/\/exceladvisor.org\/wp-content\/uploads\/2023\/11\/concatener-une-requete-de-puissance.xlsx\" rel=\"nofollow\">Descargar<\/a><\/p>\n<\/div>\n<div class=\"gb-container gb-container-9e2850fe gb-container-mt\"> <a class=\"gb-button gb-button-71636faa gb-button-text gb-button-mt-button\" href=\"https:\/\/exceladvisor.org\/es\/solicitud-de-energia\/\">Consulta de energ\u00eda en Excel (Tutorial)<\/a><\/p>\n<h2 class=\"gb-headline gb-headline-c566b2ed gb-headline-text gb-headline-mt-heading\"> Tutoriales relacionados <\/h2>\n<div class=\"gb-grid-wrapper gb-grid-wrapper-b15ed1bf gb-grid-wrapper-mt-grid\">\n<div class=\"gb-grid-column gb-grid-column-6e9de105\">\n<div class=\"gb-container gb-container-6e9de105\">\n<ul>\n<li> Fusionar [Combinar] M\u00faltiples ARCHIVOS de Excel en UN CUADERNO<\/li>\n<li> <a href=\"https:\/\/exceladvisor.org\/es\/buscarv-2\/\">Realizar BUSCARV en Power Query en Excel<\/a><\/li>\n<li> <a href=\"https:\/\/exceladvisor.org\/es\/datos-sin-rotar\/\">Eliminar el pivote de datos en Excel usando Power Query<\/a><\/li>\n<li> <a href=\"https:\/\/exceladvisor.org\/es\/diferencia-de-fechas\/\">Consulta de energ\u00eda: diferencia de fecha<\/a> <\/li>\n<\/ul>\n<\/div>\n<\/div>\n<div class=\"gb-grid-column gb-grid-column-4eaecde3\">\n<div class=\"gb-container gb-container-4eaecde3\"><\/div>\n<\/div>\n<\/div>\n<\/div>\n","protected":false},"excerpt":{"rendered":"<p>En Power Query, existen varios m\u00e9todos que puede utilizar para concatenar valores (n\u00fameros y texto). Y en este tutorial, aprenderemos c\u00f3mo utilizar estos m\u00e9todos. A continuaci\u00f3n tenemos una lista de nombres y apellidos en las columnas: Concatenar valores de dos columnas en una (combinar columnas) Puedes seguir estos pasos: Primero, cargue sus datos en el [&hellip;]<\/p>\n","protected":false},"author":1,"featured_media":0,"parent":0,"menu_order":0,"comment_status":"open","ping_status":"closed","template":"","meta":{"ub_ctt_via":"","footnotes":""},"class_list":["post-319","page","type-page","status-publish","hentry"],"featured_image_src":null,"yoast_head":"<!-- This site is optimized with the Yoast SEO plugin v25.4 - https:\/\/yoast.com\/wordpress\/plugins\/seo\/ -->\n<title>Power query: concatenar valores (texto, n\u00fameros)<\/title>\n<meta name=\"robots\" content=\"index, follow, max-snippet:-1, max-image-preview:large, max-video-preview:-1\" \/>\n<link rel=\"canonical\" href=\"https:\/\/exceladvisor.org\/es\/cadena\/\" \/>\n<meta property=\"og:locale\" content=\"es_ES\" \/>\n<meta property=\"og:type\" content=\"article\" \/>\n<meta property=\"og:title\" content=\"Power query: concatenar valores (texto, n\u00fameros)\" \/>\n<meta property=\"og:description\" content=\"En Power Query, existen varios m\u00e9todos que puede utilizar para concatenar valores (n\u00fameros y texto). Y en este tutorial, aprenderemos c\u00f3mo utilizar estos m\u00e9todos. A continuaci\u00f3n tenemos una lista de nombres y apellidos en las columnas: Concatenar valores de dos columnas en una (combinar columnas) Puedes seguir estos pasos: Primero, cargue sus datos en el [&hellip;]\" \/>\n<meta property=\"og:url\" content=\"https:\/\/exceladvisor.org\/es\/cadena\/\" \/>\n<meta property=\"og:site_name\" content=\"Excel Advisor\" \/>\n<meta property=\"article:modified_time\" content=\"2023-12-25T10:33:44+00:00\" \/>\n<meta property=\"og:image\" content=\"https:\/\/exceladvisor.org\/wp-content\/uploads\/2023\/08\/1-concatener-les-valeurs-dans-la-requete-de-puissance.png\" \/>\n<meta name=\"twitter:card\" content=\"summary_large_image\" \/>\n<meta name=\"twitter:label1\" content=\"Tiempo de lectura\" \/>\n\t<meta name=\"twitter:data1\" content=\"2 minutos\" \/>\n<script type=\"application\/ld+json\" class=\"yoast-schema-graph\">{\"@context\":\"https:\/\/schema.org\",\"@graph\":[{\"@type\":\"WebPage\",\"@id\":\"https:\/\/exceladvisor.org\/es\/cadena\/\",\"url\":\"https:\/\/exceladvisor.org\/es\/cadena\/\",\"name\":\"Power query: concatenar valores (texto, n\u00fameros)\",\"isPartOf\":{\"@id\":\"https:\/\/exceladvisor.org\/es\/#website\"},\"primaryImageOfPage\":{\"@id\":\"https:\/\/exceladvisor.org\/es\/cadena\/#primaryimage\"},\"image\":{\"@id\":\"https:\/\/exceladvisor.org\/es\/cadena\/#primaryimage\"},\"thumbnailUrl\":\"https:\/\/exceladvisor.org\/wp-content\/uploads\/2023\/08\/1-concatener-les-valeurs-dans-la-requete-de-puissance.png\",\"datePublished\":\"2023-11-04T16:31:04+00:00\",\"dateModified\":\"2023-12-25T10:33:44+00:00\",\"breadcrumb\":{\"@id\":\"https:\/\/exceladvisor.org\/es\/cadena\/#breadcrumb\"},\"inLanguage\":\"es\",\"potentialAction\":[{\"@type\":\"ReadAction\",\"target\":[\"https:\/\/exceladvisor.org\/es\/cadena\/\"]}]},{\"@type\":\"ImageObject\",\"inLanguage\":\"es\",\"@id\":\"https:\/\/exceladvisor.org\/es\/cadena\/#primaryimage\",\"url\":\"https:\/\/exceladvisor.org\/wp-content\/uploads\/2023\/08\/1-concatener-les-valeurs-dans-la-requete-de-puissance.png\",\"contentUrl\":\"https:\/\/exceladvisor.org\/wp-content\/uploads\/2023\/08\/1-concatener-les-valeurs-dans-la-requete-de-puissance.png\"},{\"@type\":\"BreadcrumbList\",\"@id\":\"https:\/\/exceladvisor.org\/es\/cadena\/#breadcrumb\",\"itemListElement\":[{\"@type\":\"ListItem\",\"position\":1,\"name\":\"Hogar\",\"item\":\"https:\/\/exceladvisor.org\/es\/\"},{\"@type\":\"ListItem\",\"position\":2,\"name\":\"Power query: concatenar valores (texto, n\u00fameros)\"}]},{\"@type\":\"WebSite\",\"@id\":\"https:\/\/exceladvisor.org\/es\/#website\",\"url\":\"https:\/\/exceladvisor.org\/es\/\",\"name\":\"Excel Advisor\",\"description\":\"Su gu\u00eda para la dominaci\u00f3n de datos!\",\"publisher\":{\"@id\":\"https:\/\/exceladvisor.org\/es\/#organization\"},\"potentialAction\":[{\"@type\":\"SearchAction\",\"target\":{\"@type\":\"EntryPoint\",\"urlTemplate\":\"https:\/\/exceladvisor.org\/es\/?s={search_term_string}\"},\"query-input\":{\"@type\":\"PropertyValueSpecification\",\"valueRequired\":true,\"valueName\":\"search_term_string\"}}],\"inLanguage\":\"es\"},{\"@type\":\"Organization\",\"@id\":\"https:\/\/exceladvisor.org\/es\/#organization\",\"name\":\"Excel Advisor\",\"url\":\"https:\/\/exceladvisor.org\/es\/\",\"logo\":{\"@type\":\"ImageObject\",\"inLanguage\":\"es\",\"@id\":\"https:\/\/exceladvisor.org\/es\/#\/schema\/logo\/image\/\",\"url\":\"https:\/\/exceladvisor.org\/es\/wp-content\/uploads\/2023\/12\/exceladvisor.org_.png\",\"contentUrl\":\"https:\/\/exceladvisor.org\/es\/wp-content\/uploads\/2023\/12\/exceladvisor.org_.png\",\"width\":105,\"height\":36,\"caption\":\"Excel Advisor\"},\"image\":{\"@id\":\"https:\/\/exceladvisor.org\/es\/#\/schema\/logo\/image\/\"}}]}<\/script>\n<!-- \/ Yoast SEO plugin. -->","yoast_head_json":{"title":"Power query: concatenar valores (texto, n\u00fameros)","robots":{"index":"index","follow":"follow","max-snippet":"max-snippet:-1","max-image-preview":"max-image-preview:large","max-video-preview":"max-video-preview:-1"},"canonical":"https:\/\/exceladvisor.org\/es\/cadena\/","og_locale":"es_ES","og_type":"article","og_title":"Power query: concatenar valores (texto, n\u00fameros)","og_description":"En Power Query, existen varios m\u00e9todos que puede utilizar para concatenar valores (n\u00fameros y texto). Y en este tutorial, aprenderemos c\u00f3mo utilizar estos m\u00e9todos. A continuaci\u00f3n tenemos una lista de nombres y apellidos en las columnas: Concatenar valores de dos columnas en una (combinar columnas) Puedes seguir estos pasos: Primero, cargue sus datos en el [&hellip;]","og_url":"https:\/\/exceladvisor.org\/es\/cadena\/","og_site_name":"Excel Advisor","article_modified_time":"2023-12-25T10:33:44+00:00","og_image":[{"url":"https:\/\/exceladvisor.org\/wp-content\/uploads\/2023\/08\/1-concatener-les-valeurs-dans-la-requete-de-puissance.png","type":"","width":"","height":""}],"twitter_card":"summary_large_image","twitter_misc":{"Tiempo de lectura":"2 minutos"},"schema":{"@context":"https:\/\/schema.org","@graph":[{"@type":"WebPage","@id":"https:\/\/exceladvisor.org\/es\/cadena\/","url":"https:\/\/exceladvisor.org\/es\/cadena\/","name":"Power query: concatenar valores (texto, n\u00fameros)","isPartOf":{"@id":"https:\/\/exceladvisor.org\/es\/#website"},"primaryImageOfPage":{"@id":"https:\/\/exceladvisor.org\/es\/cadena\/#primaryimage"},"image":{"@id":"https:\/\/exceladvisor.org\/es\/cadena\/#primaryimage"},"thumbnailUrl":"https:\/\/exceladvisor.org\/wp-content\/uploads\/2023\/08\/1-concatener-les-valeurs-dans-la-requete-de-puissance.png","datePublished":"2023-11-04T16:31:04+00:00","dateModified":"2023-12-25T10:33:44+00:00","breadcrumb":{"@id":"https:\/\/exceladvisor.org\/es\/cadena\/#breadcrumb"},"inLanguage":"es","potentialAction":[{"@type":"ReadAction","target":["https:\/\/exceladvisor.org\/es\/cadena\/"]}]},{"@type":"ImageObject","inLanguage":"es","@id":"https:\/\/exceladvisor.org\/es\/cadena\/#primaryimage","url":"https:\/\/exceladvisor.org\/wp-content\/uploads\/2023\/08\/1-concatener-les-valeurs-dans-la-requete-de-puissance.png","contentUrl":"https:\/\/exceladvisor.org\/wp-content\/uploads\/2023\/08\/1-concatener-les-valeurs-dans-la-requete-de-puissance.png"},{"@type":"BreadcrumbList","@id":"https:\/\/exceladvisor.org\/es\/cadena\/#breadcrumb","itemListElement":[{"@type":"ListItem","position":1,"name":"Hogar","item":"https:\/\/exceladvisor.org\/es\/"},{"@type":"ListItem","position":2,"name":"Power query: concatenar valores (texto, n\u00fameros)"}]},{"@type":"WebSite","@id":"https:\/\/exceladvisor.org\/es\/#website","url":"https:\/\/exceladvisor.org\/es\/","name":"Excel Advisor","description":"Su gu\u00eda para la dominaci\u00f3n de datos!","publisher":{"@id":"https:\/\/exceladvisor.org\/es\/#organization"},"potentialAction":[{"@type":"SearchAction","target":{"@type":"EntryPoint","urlTemplate":"https:\/\/exceladvisor.org\/es\/?s={search_term_string}"},"query-input":{"@type":"PropertyValueSpecification","valueRequired":true,"valueName":"search_term_string"}}],"inLanguage":"es"},{"@type":"Organization","@id":"https:\/\/exceladvisor.org\/es\/#organization","name":"Excel Advisor","url":"https:\/\/exceladvisor.org\/es\/","logo":{"@type":"ImageObject","inLanguage":"es","@id":"https:\/\/exceladvisor.org\/es\/#\/schema\/logo\/image\/","url":"https:\/\/exceladvisor.org\/es\/wp-content\/uploads\/2023\/12\/exceladvisor.org_.png","contentUrl":"https:\/\/exceladvisor.org\/es\/wp-content\/uploads\/2023\/12\/exceladvisor.org_.png","width":105,"height":36,"caption":"Excel Advisor"},"image":{"@id":"https:\/\/exceladvisor.org\/es\/#\/schema\/logo\/image\/"}}]}},"yoast_meta":{"yoast_wpseo_title":"","yoast_wpseo_metadesc":"","yoast_wpseo_canonical":""},"_links":{"self":[{"href":"https:\/\/exceladvisor.org\/es\/wp-json\/wp\/v2\/pages\/319","targetHints":{"allow":["GET"]}}],"collection":[{"href":"https:\/\/exceladvisor.org\/es\/wp-json\/wp\/v2\/pages"}],"about":[{"href":"https:\/\/exceladvisor.org\/es\/wp-json\/wp\/v2\/types\/page"}],"author":[{"embeddable":true,"href":"https:\/\/exceladvisor.org\/es\/wp-json\/wp\/v2\/users\/1"}],"replies":[{"embeddable":true,"href":"https:\/\/exceladvisor.org\/es\/wp-json\/wp\/v2\/comments?post=319"}],"version-history":[{"count":1,"href":"https:\/\/exceladvisor.org\/es\/wp-json\/wp\/v2\/pages\/319\/revisions"}],"predecessor-version":[{"id":1492,"href":"https:\/\/exceladvisor.org\/es\/wp-json\/wp\/v2\/pages\/319\/revisions\/1492"}],"wp:attachment":[{"href":"https:\/\/exceladvisor.org\/es\/wp-json\/wp\/v2\/media?parent=319"}],"curies":[{"name":"wp","href":"https:\/\/api.w.org\/{rel}","templated":true}]}}