{"id":32,"date":"2023-11-20T01:22:18","date_gmt":"2023-11-20T01:22:18","guid":{"rendered":"https:\/\/exceladvisor.org\/es\/acerca-de\/"},"modified":"2023-12-25T10:32:29","modified_gmt":"2023-12-25T10:32:29","slug":"acerca-de","status":"publish","type":"page","link":"https:\/\/exceladvisor.org\/es\/acerca-de\/","title":{"rendered":"Acerca del asesor de excel"},"content":{"rendered":"<div class=\"excel-antes-del-contenido\" id=\"excel-3500442605\"><script type=\"text\/javascript\">\r\n\tatOptions = {\r\n\t\t'key' : 'c1158f160081d6540a8409e6925dab94',\r\n\t\t'format' : 'iframe',\r\n\t\t'height' : 250,\r\n\t\t'width' : 300,\r\n\t\t'params' : {}\r\n\t};\r\n<\/script>\r\n<script type=\"text\/javascript\" src=\"\/\/www.highperformanceformat.com\/c1158f160081d6540a8409e6925dab94\/invoke.js\"><\/script><\/div><p>Bienvenido a Excel Advisor, su destino ideal para desbloquear todo el potencial de Microsoft Excel y Google Sheets. Si es un principiante que busca sumergirse en el mundo de Excel o un profesional experimentado que busca perfeccionar sus habilidades, estamos aqu\u00ed para guiarlo en cada paso del camino.<\/p>\n<h2><strong>\u00bfQuienes somos?<\/strong><\/h2>\n<p>Somos un equipo de entusiastas de Excel comprometidos a ayudarlo a aprovechar todo el potencial de estas herramientas vers\u00e1tiles. Con a\u00f1os de experiencia en an\u00e1lisis de datos, modelos financieros, gesti\u00f3n de proyectos y m\u00e1s; Estamos comprometidos a simplificar conceptos complejos para estudiantes de todos los niveles.<\/p>\n<h2><strong>Lo que ofrecemos:<\/strong><\/h2>\n<p><strong>1.<\/strong> <strong>Consejos y trucos de expertos<\/strong> : nuestro personal dedicado y experimentado recorre el vasto dominio de Excel y Google Sheets para brindarle los mejores y m\u00e1s recientes consejos. Desde atajos para ahorrar tiempo hasta f\u00f3rmulas m\u00e1gicas avanzadas, lo tenemos cubierto.<\/p>\n<p><strong>2. Tutoriales detallados<\/strong> : profundice en las caracter\u00edsticas de estas poderosas herramientas con nuestros tutoriales completos. Aprenda a crear gr\u00e1ficos din\u00e1micos, realizar c\u00e1lculos complejos y automatizar tareas para aumentar su eficiencia.<\/p>\n<p><strong>3. Ejemplos pr\u00e1cticos<\/strong> : comprender los conceptos es esencial, pero verlos en acci\u00f3n es donde ocurre la verdadera magia. Proporcionamos ejemplos pr\u00e1cticos que ilustran c\u00f3mo se pueden aplicar varios consejos a escenarios del mundo real.<\/p>\n<p><strong>4. Comparaciones de productos<\/strong> : \u00bfNo est\u00e1 seguro de si Excel o Google Sheets son mejores para sus necesidades? Ofrecemos comparaciones imparciales, destacando las fortalezas de cada plataforma, para que pueda tomar decisiones informadas.<\/p>\n<p><strong>5. Perspectivas de la industria<\/strong> : mant\u00e9ngase actualizado con las \u00faltimas tendencias y avances en tecnolog\u00eda de hojas de c\u00e1lculo. Nuestros art\u00edculos cubren caracter\u00edsticas emergentes, actualizaciones y mejores pr\u00e1cticas para ayudarlo a mantenerse a la vanguardia.<\/p>\n<p>Si desea que creemos un script o un desarrollo personalizado, no dude en <a href=\"https:\/\/exceladvisor.org\/es\/contactenos\/\">contactarnos<\/a> . \u00a1Mejoremos tu juego de hojas de c\u00e1lculo, un consejo a la vez!<\/p>\n","protected":false},"excerpt":{"rendered":"<p>Bienvenido a Excel Advisor, su destino ideal para desbloquear todo el potencial de Microsoft Excel y Google Sheets. Si es un principiante que busca sumergirse en el mundo de Excel o un profesional experimentado que busca perfeccionar sus habilidades, estamos aqu\u00ed para guiarlo en cada paso del camino. \u00bfQuienes somos? Somos un equipo de entusiastas [&hellip;]<\/p>\n","protected":false},"author":1,"featured_media":0,"parent":0,"menu_order":0,"comment_status":"open","ping_status":"closed","template":"","meta":{"ub_ctt_via":"","footnotes":""},"class_list":["post-32","page","type-page","status-publish","hentry"],"featured_image_src":null,"yoast_head":"<!-- This site is optimized with the Yoast SEO plugin v25.4 - https:\/\/yoast.com\/wordpress\/plugins\/seo\/ -->\n<title>Sobre nosotros - Excel Advisor<\/title>\n<meta name=\"description\" content=\"Bienvenido a Excel Advisor, su destino ideal para desbloquear todo el potencial de Microsoft Excel y Google Sheets. Si es un principiante que\" \/>\n<meta name=\"robots\" content=\"index, follow, max-snippet:-1, max-image-preview:large, max-video-preview:-1\" \/>\n<link rel=\"canonical\" href=\"https:\/\/exceladvisor.org\/es\/acerca-de\/\" \/>\n<meta property=\"og:locale\" content=\"es_ES\" \/>\n<meta property=\"og:type\" content=\"article\" \/>\n<meta property=\"og:title\" content=\"Sobre nosotros - Excel Advisor\" \/>\n<meta property=\"og:description\" content=\"Bienvenido a Excel Advisor, su destino ideal para desbloquear todo el potencial de Microsoft Excel y Google Sheets. Si es un principiante que\" \/>\n<meta property=\"og:url\" content=\"https:\/\/exceladvisor.org\/es\/acerca-de\/\" \/>\n<meta property=\"og:site_name\" content=\"Excel Advisor\" \/>\n<meta property=\"article:modified_time\" content=\"2023-12-25T10:32:29+00:00\" \/>\n<meta name=\"twitter:card\" content=\"summary_large_image\" \/>\n<meta name=\"twitter:label1\" content=\"Tiempo de lectura\" \/>\n\t<meta name=\"twitter:data1\" content=\"2 minutos\" \/>\n<script type=\"application\/ld+json\" class=\"yoast-schema-graph\">{\"@context\":\"https:\/\/schema.org\",\"@graph\":[{\"@type\":\"WebPage\",\"@id\":\"https:\/\/exceladvisor.org\/es\/acerca-de\/\",\"url\":\"https:\/\/exceladvisor.org\/es\/acerca-de\/\",\"name\":\"Sobre nosotros - Excel Advisor\",\"isPartOf\":{\"@id\":\"https:\/\/exceladvisor.org\/es\/#website\"},\"datePublished\":\"2023-11-20T01:22:18+00:00\",\"dateModified\":\"2023-12-25T10:32:29+00:00\",\"description\":\"Bienvenido a Excel Advisor, su destino ideal para desbloquear todo el potencial de Microsoft Excel y Google Sheets. Si es un principiante que\",\"breadcrumb\":{\"@id\":\"https:\/\/exceladvisor.org\/es\/acerca-de\/#breadcrumb\"},\"inLanguage\":\"es\",\"potentialAction\":[{\"@type\":\"ReadAction\",\"target\":[\"https:\/\/exceladvisor.org\/es\/acerca-de\/\"]}]},{\"@type\":\"BreadcrumbList\",\"@id\":\"https:\/\/exceladvisor.org\/es\/acerca-de\/#breadcrumb\",\"itemListElement\":[{\"@type\":\"ListItem\",\"position\":1,\"name\":\"Hogar\",\"item\":\"https:\/\/exceladvisor.org\/es\/\"},{\"@type\":\"ListItem\",\"position\":2,\"name\":\"Acerca del asesor de excel\"}]},{\"@type\":\"WebSite\",\"@id\":\"https:\/\/exceladvisor.org\/es\/#website\",\"url\":\"https:\/\/exceladvisor.org\/es\/\",\"name\":\"Excel Advisor\",\"description\":\"Su gu\u00eda para la dominaci\u00f3n de datos!\",\"publisher\":{\"@id\":\"https:\/\/exceladvisor.org\/es\/#organization\"},\"potentialAction\":[{\"@type\":\"SearchAction\",\"target\":{\"@type\":\"EntryPoint\",\"urlTemplate\":\"https:\/\/exceladvisor.org\/es\/?s={search_term_string}\"},\"query-input\":{\"@type\":\"PropertyValueSpecification\",\"valueRequired\":true,\"valueName\":\"search_term_string\"}}],\"inLanguage\":\"es\"},{\"@type\":\"Organization\",\"@id\":\"https:\/\/exceladvisor.org\/es\/#organization\",\"name\":\"Excel Advisor\",\"url\":\"https:\/\/exceladvisor.org\/es\/\",\"logo\":{\"@type\":\"ImageObject\",\"inLanguage\":\"es\",\"@id\":\"https:\/\/exceladvisor.org\/es\/#\/schema\/logo\/image\/\",\"url\":\"https:\/\/exceladvisor.org\/es\/wp-content\/uploads\/2023\/12\/exceladvisor.org_.png\",\"contentUrl\":\"https:\/\/exceladvisor.org\/es\/wp-content\/uploads\/2023\/12\/exceladvisor.org_.png\",\"width\":105,\"height\":36,\"caption\":\"Excel Advisor\"},\"image\":{\"@id\":\"https:\/\/exceladvisor.org\/es\/#\/schema\/logo\/image\/\"}}]}<\/script>\n<!-- \/ Yoast SEO plugin. -->","yoast_head_json":{"title":"Sobre nosotros - Excel Advisor","description":"Bienvenido a Excel Advisor, su destino ideal para desbloquear todo el potencial de Microsoft Excel y Google Sheets. Si es un principiante que","robots":{"index":"index","follow":"follow","max-snippet":"max-snippet:-1","max-image-preview":"max-image-preview:large","max-video-preview":"max-video-preview:-1"},"canonical":"https:\/\/exceladvisor.org\/es\/acerca-de\/","og_locale":"es_ES","og_type":"article","og_title":"Sobre nosotros - Excel Advisor","og_description":"Bienvenido a Excel Advisor, su destino ideal para desbloquear todo el potencial de Microsoft Excel y Google Sheets. Si es un principiante que","og_url":"https:\/\/exceladvisor.org\/es\/acerca-de\/","og_site_name":"Excel Advisor","article_modified_time":"2023-12-25T10:32:29+00:00","twitter_card":"summary_large_image","twitter_misc":{"Tiempo de lectura":"2 minutos"},"schema":{"@context":"https:\/\/schema.org","@graph":[{"@type":"WebPage","@id":"https:\/\/exceladvisor.org\/es\/acerca-de\/","url":"https:\/\/exceladvisor.org\/es\/acerca-de\/","name":"Sobre nosotros - Excel Advisor","isPartOf":{"@id":"https:\/\/exceladvisor.org\/es\/#website"},"datePublished":"2023-11-20T01:22:18+00:00","dateModified":"2023-12-25T10:32:29+00:00","description":"Bienvenido a Excel Advisor, su destino ideal para desbloquear todo el potencial de Microsoft Excel y Google Sheets. Si es un principiante que","breadcrumb":{"@id":"https:\/\/exceladvisor.org\/es\/acerca-de\/#breadcrumb"},"inLanguage":"es","potentialAction":[{"@type":"ReadAction","target":["https:\/\/exceladvisor.org\/es\/acerca-de\/"]}]},{"@type":"BreadcrumbList","@id":"https:\/\/exceladvisor.org\/es\/acerca-de\/#breadcrumb","itemListElement":[{"@type":"ListItem","position":1,"name":"Hogar","item":"https:\/\/exceladvisor.org\/es\/"},{"@type":"ListItem","position":2,"name":"Acerca del asesor de excel"}]},{"@type":"WebSite","@id":"https:\/\/exceladvisor.org\/es\/#website","url":"https:\/\/exceladvisor.org\/es\/","name":"Excel Advisor","description":"Su gu\u00eda para la dominaci\u00f3n de datos!","publisher":{"@id":"https:\/\/exceladvisor.org\/es\/#organization"},"potentialAction":[{"@type":"SearchAction","target":{"@type":"EntryPoint","urlTemplate":"https:\/\/exceladvisor.org\/es\/?s={search_term_string}"},"query-input":{"@type":"PropertyValueSpecification","valueRequired":true,"valueName":"search_term_string"}}],"inLanguage":"es"},{"@type":"Organization","@id":"https:\/\/exceladvisor.org\/es\/#organization","name":"Excel Advisor","url":"https:\/\/exceladvisor.org\/es\/","logo":{"@type":"ImageObject","inLanguage":"es","@id":"https:\/\/exceladvisor.org\/es\/#\/schema\/logo\/image\/","url":"https:\/\/exceladvisor.org\/es\/wp-content\/uploads\/2023\/12\/exceladvisor.org_.png","contentUrl":"https:\/\/exceladvisor.org\/es\/wp-content\/uploads\/2023\/12\/exceladvisor.org_.png","width":105,"height":36,"caption":"Excel Advisor"},"image":{"@id":"https:\/\/exceladvisor.org\/es\/#\/schema\/logo\/image\/"}}]}},"yoast_meta":{"yoast_wpseo_title":"","yoast_wpseo_metadesc":"","yoast_wpseo_canonical":""},"_links":{"self":[{"href":"https:\/\/exceladvisor.org\/es\/wp-json\/wp\/v2\/pages\/32","targetHints":{"allow":["GET"]}}],"collection":[{"href":"https:\/\/exceladvisor.org\/es\/wp-json\/wp\/v2\/pages"}],"about":[{"href":"https:\/\/exceladvisor.org\/es\/wp-json\/wp\/v2\/types\/page"}],"author":[{"embeddable":true,"href":"https:\/\/exceladvisor.org\/es\/wp-json\/wp\/v2\/users\/1"}],"replies":[{"embeddable":true,"href":"https:\/\/exceladvisor.org\/es\/wp-json\/wp\/v2\/comments?post=32"}],"version-history":[{"count":1,"href":"https:\/\/exceladvisor.org\/es\/wp-json\/wp\/v2\/pages\/32\/revisions"}],"predecessor-version":[{"id":771,"href":"https:\/\/exceladvisor.org\/es\/wp-json\/wp\/v2\/pages\/32\/revisions\/771"}],"wp:attachment":[{"href":"https:\/\/exceladvisor.org\/es\/wp-json\/wp\/v2\/media?parent=32"}],"curies":[{"name":"wp","href":"https:\/\/api.w.org\/{rel}","templated":true}]}}