{"id":320,"date":"2023-11-04T16:18:22","date_gmt":"2023-11-04T16:18:22","guid":{"rendered":"https:\/\/exceladvisor.org\/es\/la-fecha-de-hoy\/"},"modified":"2023-12-25T10:33:45","modified_gmt":"2023-12-25T10:33:45","slug":"la-fecha-de-hoy","status":"publish","type":"page","link":"https:\/\/exceladvisor.org\/es\/la-fecha-de-hoy\/","title":{"rendered":"Power query: obtener la fecha de hoy"},"content":{"rendered":"<div class=\"excel-antes-del-contenido\" id=\"excel-2706815094\"><script type=\"text\/javascript\">\r\n\tatOptions = {\r\n\t\t'key' : 'c1158f160081d6540a8409e6925dab94',\r\n\t\t'format' : 'iframe',\r\n\t\t'height' : 250,\r\n\t\t'width' : 300,\r\n\t\t'params' : {}\r\n\t};\r\n<\/script>\r\n<script type=\"text\/javascript\" src=\"\/\/www.highperformanceformat.com\/c1158f160081d6540a8409e6925dab94\/invoke.js\"><\/script><\/div><p>En Power Query, si desea obtener la fecha de hoy (fecha actual en una columna), debe agregar una columna personalizada usando dos funciones juntas.<\/p>\n<p> Nota: Utilice la f\u00f3rmula DateTime.Date( DateTime.LocalNow() ) para obtener la fecha de hoy mediante Power Query.<\/p>\n<p> A continuaci\u00f3n se muestran algunas fechas en la columna y ahora necesitamos agregar una columna con la fecha de hoy.<\/p>\n<h2 class=\"wp-block-heading\"> Pasos para agregar una columna de fecha actual<\/h2>\n<ol>\n<li> Primero, vaya a la pesta\u00f1a Datos &gt; De otra fuente &gt; De tabla\/rango. <br \/><img loading=\"lazy\" decoding=\"async\" title=\"1-consulta-obtener-fecha-de-hoy-en-power\" src=\"https:\/\/exceladvisor.org\/wp-content\/uploads\/2023\/08\/1-obtenir-la-date-daujourdhui-dans-la-requete-de-puissance.png\" sizes=\"auto, \" srcset=\"\" alt=\"get-today-date-in-power-query\" width=\"487\" height=\"457\"><\/li>\n<li> Ahora, en el Editor de Power Query, debe agregar una nueva columna personalizada, as\u00ed que vaya a Agregar columna &gt; Columna personalizada. <br \/><img loading=\"lazy\" decoding=\"async\" title=\"Columna personalizada de anuncio de 2 en Power Query\" src=\"https:\/\/exceladvisor.org\/wp-content\/uploads\/2023\/08\/2-dans-la-colonne-personnalisee-de-lannonce-Power-Query.png\" sizes=\"auto, \" srcset=\"\" alt=\"in-power-query-ad-custom-column\" width=\"534\" height=\"369\"><\/li>\n<li> Desde all\u00ed, ingrese la f\u00f3rmula DateTime.Date(DateTime.LocalNow()) y asigne un nombre a la nueva columna en el cuadro de di\u00e1logo de columna personalizada. <br \/><img loading=\"lazy\" decoding=\"async\" title=\"3-ingrese la f\u00f3rmula de fecha y hora\" src=\"https:\/\/exceladvisor.org\/wp-content\/uploads\/2023\/08\/3-entrez-la-formule-de-date-et-dheure.png\" sizes=\"auto, \" srcset=\"\" alt=\"enter-date-time-formula\" width=\"576\" height=\"361\"><\/li>\n<li> Al final, haga clic en Aceptar para agregar la columna. <br \/><img loading=\"lazy\" decoding=\"async\" title=\"4-agregar-nueva-columna-con-f\u00f3rmula\" src=\"https:\/\/exceladvisor.org\/wp-content\/uploads\/2023\/08\/4-ajouter-une-nouvelle-colonne-avec-la-formule.png\" sizes=\"auto, \" srcset=\"\" alt=\"add-new-column-with-formula\" width=\"337\" height=\"269\"><\/li>\n<\/ol>\n<pre class=\"wp-block-code\"> <code class=\"language-excel-formula\" lang=\"excel-formula\">=DateTime.Date( DateTime.LocalNow() )<\/code><\/pre>\n<h2 class=\"wp-block-heading\"> \u00bfC\u00f3mo funciona esta f\u00f3rmula?<\/h2>\n<p> En esta f\u00f3rmula, utilizamos dos funciones:<\/p>\n<ul>\n<li> La primera funci\u00f3n (DateTime.LocalNow) devuelve la fecha y hora actuales seg\u00fan la fecha y hora de su sistema.<\/li>\n<li> La segunda funci\u00f3n (DateTime.Date) que rodea a la primera extrae la parte de la fecha y la devuelve como valor final.<\/li>\n<\/ul>\n<h2 class=\"wp-block-heading\"> M\u00e9todo alternativo<\/h2>\n<p> En lugar de la f\u00f3rmula anterior, puede utilizar (DateTime.LocalNow()) en la columna personalizada. <\/p>\n<div class=\"wp-block-image\">\n<figure class=\"aligncenter size-full is-resized\"><img loading=\"lazy\" decoding=\"async\" class=\"wp-image-89011\" src=\"https:\/\/exceladvisor.org\/wp-content\/uploads\/2023\/08\/5-methode-alternative-pour-obtenir-la-date-daujourdhui.png\" sizes=\"auto, \" srcset=\"\" alt=\"m\u00e9todo-alternativo-para-obtener-la-fecha-de-hoy\" width=\"551\" height=\"235\"><\/figure>\n<\/div>\n<p> Y luego vaya a Inicio &gt; Tipo de datos y seleccione la fecha en el men\u00fa desplegable para convertir la columna solo a fecha. <\/p>\n<div class=\"wp-block-image\">\n<figure class=\"aligncenter size-full is-resized\"><img loading=\"lazy\" decoding=\"async\" class=\"wp-image-89012\" src=\"https:\/\/exceladvisor.org\/wp-content\/uploads\/2023\/08\/6-convertir-la-colonne-en-date-uniquement.png\" sizes=\"auto, \" srcset=\"\" alt=\"convertir-columna-a-fecha-solo\" width=\"746\" height=\"418\"><\/figure>\n<\/div>\n<p> Convertir\u00e1 la fecha y la hora \u00fanicamente a la fecha.<\/p>\n<h2 class=\"wp-block-heading\"> Agregar la fecha actual a una sola celda<\/h2>\n<p> Y si desea tener la fecha actual en una sola celda, debe abrir el editor de Power Query con un editor vac\u00edo. <\/p>\n<div class=\"wp-block-image\">\n<figure class=\"aligncenter size-full is-resized\"><img loading=\"lazy\" decoding=\"async\" class=\"wp-image-89013\" src=\"https:\/\/exceladvisor.org\/wp-content\/uploads\/2023\/08\/7-ajouter-la-date-actuelle-dans-une-seule-colonne.png\" sizes=\"auto, \" srcset=\"\" alt=\"agregar fecha-actual-en-una-columna\" width=\"640\" height=\"681\"><\/figure>\n<\/div>\n<p> Despu\u00e9s de eso, en el editor, ingrese la siguiente f\u00f3rmula en la barra de f\u00f3rmulas y presione Entrar. <\/p>\n<pre class=\"wp-block-preformatted\"> = DateTime.Date(DateTime.LocalNow()) <\/pre>\n<div class=\"wp-block-image\">\n<figure class=\"aligncenter size-full is-resized\"><img loading=\"lazy\" decoding=\"async\" class=\"wp-image-89014\" src=\"https:\/\/exceladvisor.org\/wp-content\/uploads\/2023\/08\/8-entrez-la-formule-et-appuyez-sur-Entree.png\" sizes=\"auto, \" srcset=\"\" alt=\"ingresar-f\u00f3rmula-y-presionar-enter\" width=\"690\" height=\"292\"><\/figure>\n<\/div>\n<p> Despu\u00e9s de eso, puede convertir este valor de fecha en una matriz o una lista. <\/p>\n<div class=\"wp-block-image\">\n<figure class=\"aligncenter size-full is-resized\"><img loading=\"lazy\" decoding=\"async\" class=\"wp-image-89015\" src=\"https:\/\/exceladvisor.org\/wp-content\/uploads\/2023\/08\/9-convertir-la-valeur-de-la-date-en-tableau-ou-en-liste.png\" sizes=\"auto, \" srcset=\"\" alt=\"convertir-fecha-valor-a-tabla-o-lista\" width=\"658\" height=\"248\"><\/figure>\n<\/div>\n<div class=\"gb-container gb-container-52dfcee1 gb-container-sample-file\">\n<h2 class=\"gb-headline gb-headline-e289c143 gb-headline-text gb-headline-4f7959c2\"> Obtener el archivo Excel<\/h2>\n<p> <a class=\"gb-button gb-button-e88d6bee gb-button-text gb-button-button1\" href=\"https:\/\/exceladvisor.org\/wp-content\/uploads\/2023\/08\/requete-de-puissance-daujourdhui.xlsx\" rel=\"nofollow\">Descargar<\/a><\/p>\n<\/div>\n<div class=\"gb-container gb-container-9e2850fe gb-container-mt\"> <a class=\"gb-button gb-button-71636faa gb-button-text gb-button-mt-button\" href=\"https:\/\/exceladvisor.org\/es\/solicitud-de-energia\/\">Consulta de energ\u00eda en Excel (Tutorial)<\/a><\/p>\n<h2 class=\"gb-headline gb-headline-c566b2ed gb-headline-text gb-headline-mt-heading\"> Tutoriales relacionados <\/h2>\n<div class=\"gb-grid-wrapper gb-grid-wrapper-b15ed1bf gb-grid-wrapper-mt-grid\">\n<div class=\"gb-grid-column gb-grid-column-6e9de105\">\n<div class=\"gb-container gb-container-6e9de105\">\n<ul>\n<li> Fusionar [Combinar] M\u00faltiples ARCHIVOS de Excel en UN CUADERNO<\/li>\n<li> <a href=\"https:\/\/exceladvisor.org\/es\/buscarv-2\/\">Realizar BUSCARV en Power Query en Excel<\/a><\/li>\n<li> <a href=\"https:\/\/exceladvisor.org\/es\/datos-sin-rotar\/\">Eliminar el pivote de datos en Excel usando Power Query<\/a><\/li>\n<li> <a href=\"https:\/\/exceladvisor.org\/es\/cadena\/\">Power Query: concatenar valores (texto y n\u00fameros)<\/a><\/li>\n<li> <a href=\"https:\/\/exceladvisor.org\/es\/diferencia-de-fechas\/\">Consulta de energ\u00eda: diferencia de fecha<\/a> <\/li>\n<\/ul>\n<\/div>\n<\/div>\n<div class=\"gb-grid-column gb-grid-column-4eaecde3\">\n<div class=\"gb-container gb-container-4eaecde3\"><\/div>\n<\/div>\n<\/div>\n<\/div>\n","protected":false},"excerpt":{"rendered":"<p>En Power Query, si desea obtener la fecha de hoy (fecha actual en una columna), debe agregar una columna personalizada usando dos funciones juntas. Nota: Utilice la f\u00f3rmula DateTime.Date( DateTime.LocalNow() ) para obtener la fecha de hoy mediante Power Query. A continuaci\u00f3n se muestran algunas fechas en la columna y ahora necesitamos agregar una columna [&hellip;]<\/p>\n","protected":false},"author":1,"featured_media":0,"parent":0,"menu_order":0,"comment_status":"open","ping_status":"closed","template":"","meta":{"ub_ctt_via":"","footnotes":""},"class_list":["post-320","page","type-page","status-publish","hentry"],"featured_image_src":null,"yoast_head":"<!-- This site is optimized with the Yoast SEO plugin v25.4 - https:\/\/yoast.com\/wordpress\/plugins\/seo\/ -->\n<title>Power query: obtener la fecha de hoy<\/title>\n<meta name=\"robots\" content=\"index, follow, max-snippet:-1, max-image-preview:large, max-video-preview:-1\" \/>\n<link rel=\"canonical\" href=\"https:\/\/exceladvisor.org\/es\/la-fecha-de-hoy\/\" \/>\n<meta property=\"og:locale\" content=\"es_ES\" \/>\n<meta property=\"og:type\" content=\"article\" \/>\n<meta property=\"og:title\" content=\"Power query: obtener la fecha de hoy\" \/>\n<meta property=\"og:description\" content=\"En Power Query, si desea obtener la fecha de hoy (fecha actual en una columna), debe agregar una columna personalizada usando dos funciones juntas. Nota: Utilice la f\u00f3rmula DateTime.Date( DateTime.LocalNow() ) para obtener la fecha de hoy mediante Power Query. A continuaci\u00f3n se muestran algunas fechas en la columna y ahora necesitamos agregar una columna [&hellip;]\" \/>\n<meta property=\"og:url\" content=\"https:\/\/exceladvisor.org\/es\/la-fecha-de-hoy\/\" \/>\n<meta property=\"og:site_name\" content=\"Excel Advisor\" \/>\n<meta property=\"article:modified_time\" content=\"2023-12-25T10:33:45+00:00\" \/>\n<meta property=\"og:image\" content=\"https:\/\/exceladvisor.org\/wp-content\/uploads\/2023\/08\/1-obtenir-la-date-daujourdhui-dans-la-requete-de-puissance.png\" \/>\n<meta name=\"twitter:card\" content=\"summary_large_image\" \/>\n<meta name=\"twitter:label1\" content=\"Tiempo de lectura\" \/>\n\t<meta name=\"twitter:data1\" content=\"2 minutos\" \/>\n<script type=\"application\/ld+json\" class=\"yoast-schema-graph\">{\"@context\":\"https:\/\/schema.org\",\"@graph\":[{\"@type\":\"WebPage\",\"@id\":\"https:\/\/exceladvisor.org\/es\/la-fecha-de-hoy\/\",\"url\":\"https:\/\/exceladvisor.org\/es\/la-fecha-de-hoy\/\",\"name\":\"Power query: obtener la fecha de hoy\",\"isPartOf\":{\"@id\":\"https:\/\/exceladvisor.org\/es\/#website\"},\"primaryImageOfPage\":{\"@id\":\"https:\/\/exceladvisor.org\/es\/la-fecha-de-hoy\/#primaryimage\"},\"image\":{\"@id\":\"https:\/\/exceladvisor.org\/es\/la-fecha-de-hoy\/#primaryimage\"},\"thumbnailUrl\":\"https:\/\/exceladvisor.org\/wp-content\/uploads\/2023\/08\/1-obtenir-la-date-daujourdhui-dans-la-requete-de-puissance.png\",\"datePublished\":\"2023-11-04T16:18:22+00:00\",\"dateModified\":\"2023-12-25T10:33:45+00:00\",\"breadcrumb\":{\"@id\":\"https:\/\/exceladvisor.org\/es\/la-fecha-de-hoy\/#breadcrumb\"},\"inLanguage\":\"es\",\"potentialAction\":[{\"@type\":\"ReadAction\",\"target\":[\"https:\/\/exceladvisor.org\/es\/la-fecha-de-hoy\/\"]}]},{\"@type\":\"ImageObject\",\"inLanguage\":\"es\",\"@id\":\"https:\/\/exceladvisor.org\/es\/la-fecha-de-hoy\/#primaryimage\",\"url\":\"https:\/\/exceladvisor.org\/wp-content\/uploads\/2023\/08\/1-obtenir-la-date-daujourdhui-dans-la-requete-de-puissance.png\",\"contentUrl\":\"https:\/\/exceladvisor.org\/wp-content\/uploads\/2023\/08\/1-obtenir-la-date-daujourdhui-dans-la-requete-de-puissance.png\"},{\"@type\":\"BreadcrumbList\",\"@id\":\"https:\/\/exceladvisor.org\/es\/la-fecha-de-hoy\/#breadcrumb\",\"itemListElement\":[{\"@type\":\"ListItem\",\"position\":1,\"name\":\"Hogar\",\"item\":\"https:\/\/exceladvisor.org\/es\/\"},{\"@type\":\"ListItem\",\"position\":2,\"name\":\"Power query: obtener la fecha de hoy\"}]},{\"@type\":\"WebSite\",\"@id\":\"https:\/\/exceladvisor.org\/es\/#website\",\"url\":\"https:\/\/exceladvisor.org\/es\/\",\"name\":\"Excel Advisor\",\"description\":\"Su gu\u00eda para la dominaci\u00f3n de datos!\",\"publisher\":{\"@id\":\"https:\/\/exceladvisor.org\/es\/#organization\"},\"potentialAction\":[{\"@type\":\"SearchAction\",\"target\":{\"@type\":\"EntryPoint\",\"urlTemplate\":\"https:\/\/exceladvisor.org\/es\/?s={search_term_string}\"},\"query-input\":{\"@type\":\"PropertyValueSpecification\",\"valueRequired\":true,\"valueName\":\"search_term_string\"}}],\"inLanguage\":\"es\"},{\"@type\":\"Organization\",\"@id\":\"https:\/\/exceladvisor.org\/es\/#organization\",\"name\":\"Excel Advisor\",\"url\":\"https:\/\/exceladvisor.org\/es\/\",\"logo\":{\"@type\":\"ImageObject\",\"inLanguage\":\"es\",\"@id\":\"https:\/\/exceladvisor.org\/es\/#\/schema\/logo\/image\/\",\"url\":\"https:\/\/exceladvisor.org\/es\/wp-content\/uploads\/2023\/12\/exceladvisor.org_.png\",\"contentUrl\":\"https:\/\/exceladvisor.org\/es\/wp-content\/uploads\/2023\/12\/exceladvisor.org_.png\",\"width\":105,\"height\":36,\"caption\":\"Excel Advisor\"},\"image\":{\"@id\":\"https:\/\/exceladvisor.org\/es\/#\/schema\/logo\/image\/\"}}]}<\/script>\n<!-- \/ Yoast SEO plugin. -->","yoast_head_json":{"title":"Power query: obtener la fecha de hoy","robots":{"index":"index","follow":"follow","max-snippet":"max-snippet:-1","max-image-preview":"max-image-preview:large","max-video-preview":"max-video-preview:-1"},"canonical":"https:\/\/exceladvisor.org\/es\/la-fecha-de-hoy\/","og_locale":"es_ES","og_type":"article","og_title":"Power query: obtener la fecha de hoy","og_description":"En Power Query, si desea obtener la fecha de hoy (fecha actual en una columna), debe agregar una columna personalizada usando dos funciones juntas. Nota: Utilice la f\u00f3rmula DateTime.Date( DateTime.LocalNow() ) para obtener la fecha de hoy mediante Power Query. A continuaci\u00f3n se muestran algunas fechas en la columna y ahora necesitamos agregar una columna [&hellip;]","og_url":"https:\/\/exceladvisor.org\/es\/la-fecha-de-hoy\/","og_site_name":"Excel Advisor","article_modified_time":"2023-12-25T10:33:45+00:00","og_image":[{"url":"https:\/\/exceladvisor.org\/wp-content\/uploads\/2023\/08\/1-obtenir-la-date-daujourdhui-dans-la-requete-de-puissance.png","type":"","width":"","height":""}],"twitter_card":"summary_large_image","twitter_misc":{"Tiempo de lectura":"2 minutos"},"schema":{"@context":"https:\/\/schema.org","@graph":[{"@type":"WebPage","@id":"https:\/\/exceladvisor.org\/es\/la-fecha-de-hoy\/","url":"https:\/\/exceladvisor.org\/es\/la-fecha-de-hoy\/","name":"Power query: obtener la fecha de hoy","isPartOf":{"@id":"https:\/\/exceladvisor.org\/es\/#website"},"primaryImageOfPage":{"@id":"https:\/\/exceladvisor.org\/es\/la-fecha-de-hoy\/#primaryimage"},"image":{"@id":"https:\/\/exceladvisor.org\/es\/la-fecha-de-hoy\/#primaryimage"},"thumbnailUrl":"https:\/\/exceladvisor.org\/wp-content\/uploads\/2023\/08\/1-obtenir-la-date-daujourdhui-dans-la-requete-de-puissance.png","datePublished":"2023-11-04T16:18:22+00:00","dateModified":"2023-12-25T10:33:45+00:00","breadcrumb":{"@id":"https:\/\/exceladvisor.org\/es\/la-fecha-de-hoy\/#breadcrumb"},"inLanguage":"es","potentialAction":[{"@type":"ReadAction","target":["https:\/\/exceladvisor.org\/es\/la-fecha-de-hoy\/"]}]},{"@type":"ImageObject","inLanguage":"es","@id":"https:\/\/exceladvisor.org\/es\/la-fecha-de-hoy\/#primaryimage","url":"https:\/\/exceladvisor.org\/wp-content\/uploads\/2023\/08\/1-obtenir-la-date-daujourdhui-dans-la-requete-de-puissance.png","contentUrl":"https:\/\/exceladvisor.org\/wp-content\/uploads\/2023\/08\/1-obtenir-la-date-daujourdhui-dans-la-requete-de-puissance.png"},{"@type":"BreadcrumbList","@id":"https:\/\/exceladvisor.org\/es\/la-fecha-de-hoy\/#breadcrumb","itemListElement":[{"@type":"ListItem","position":1,"name":"Hogar","item":"https:\/\/exceladvisor.org\/es\/"},{"@type":"ListItem","position":2,"name":"Power query: obtener la fecha de hoy"}]},{"@type":"WebSite","@id":"https:\/\/exceladvisor.org\/es\/#website","url":"https:\/\/exceladvisor.org\/es\/","name":"Excel Advisor","description":"Su gu\u00eda para la dominaci\u00f3n de datos!","publisher":{"@id":"https:\/\/exceladvisor.org\/es\/#organization"},"potentialAction":[{"@type":"SearchAction","target":{"@type":"EntryPoint","urlTemplate":"https:\/\/exceladvisor.org\/es\/?s={search_term_string}"},"query-input":{"@type":"PropertyValueSpecification","valueRequired":true,"valueName":"search_term_string"}}],"inLanguage":"es"},{"@type":"Organization","@id":"https:\/\/exceladvisor.org\/es\/#organization","name":"Excel Advisor","url":"https:\/\/exceladvisor.org\/es\/","logo":{"@type":"ImageObject","inLanguage":"es","@id":"https:\/\/exceladvisor.org\/es\/#\/schema\/logo\/image\/","url":"https:\/\/exceladvisor.org\/es\/wp-content\/uploads\/2023\/12\/exceladvisor.org_.png","contentUrl":"https:\/\/exceladvisor.org\/es\/wp-content\/uploads\/2023\/12\/exceladvisor.org_.png","width":105,"height":36,"caption":"Excel Advisor"},"image":{"@id":"https:\/\/exceladvisor.org\/es\/#\/schema\/logo\/image\/"}}]}},"yoast_meta":{"yoast_wpseo_title":"","yoast_wpseo_metadesc":"","yoast_wpseo_canonical":""},"_links":{"self":[{"href":"https:\/\/exceladvisor.org\/es\/wp-json\/wp\/v2\/pages\/320","targetHints":{"allow":["GET"]}}],"collection":[{"href":"https:\/\/exceladvisor.org\/es\/wp-json\/wp\/v2\/pages"}],"about":[{"href":"https:\/\/exceladvisor.org\/es\/wp-json\/wp\/v2\/types\/page"}],"author":[{"embeddable":true,"href":"https:\/\/exceladvisor.org\/es\/wp-json\/wp\/v2\/users\/1"}],"replies":[{"embeddable":true,"href":"https:\/\/exceladvisor.org\/es\/wp-json\/wp\/v2\/comments?post=320"}],"version-history":[{"count":1,"href":"https:\/\/exceladvisor.org\/es\/wp-json\/wp\/v2\/pages\/320\/revisions"}],"predecessor-version":[{"id":1493,"href":"https:\/\/exceladvisor.org\/es\/wp-json\/wp\/v2\/pages\/320\/revisions\/1493"}],"wp:attachment":[{"href":"https:\/\/exceladvisor.org\/es\/wp-json\/wp\/v2\/media?parent=320"}],"curies":[{"name":"wp","href":"https:\/\/api.w.org\/{rel}","templated":true}]}}