{"id":321,"date":"2023-11-04T15:49:03","date_gmt":"2023-11-04T15:49:03","guid":{"rendered":"https:\/\/exceladvisor.org\/es\/basado-en-la-fecha-2\/"},"modified":"2023-12-25T10:32:30","modified_gmt":"2023-12-25T10:32:30","slug":"basado-en-la-fecha-2","status":"publish","type":"page","link":"https:\/\/exceladvisor.org\/es\/basado-en-la-fecha-2\/","title":{"rendered":"Aplicar formato condicional basado en una fecha"},"content":{"rendered":"<div class=\"excel-antes-del-contenido\" id=\"excel-3419015135\"><script type=\"text\/javascript\">\r\n\tatOptions = {\r\n\t\t'key' : 'c1158f160081d6540a8409e6925dab94',\r\n\t\t'format' : 'iframe',\r\n\t\t'height' : 250,\r\n\t\t'width' : 300,\r\n\t\t'params' : {}\r\n\t};\r\n<\/script>\r\n<script type=\"text\/javascript\" src=\"\/\/www.highperformanceformat.com\/c1158f160081d6540a8409e6925dab94\/invoke.js\"><\/script><\/div><p>Con el formato condicional en Excel, puede usar fechas para crear una regla para resaltar celdas. Existen reglas predefinidas que puede utilizar para resaltar celdas r\u00e1pidamente. Y tambi\u00e9n hay una manera de crear una regla personalizada basada en una fecha. En este tutorial, aprendemos c\u00f3mo utilizar ambos m\u00e9todos en detalle.<\/p>\n<h2 class=\"wp-block-heading\"> Pasos para utilizar fechas para el formato condicional<\/h2>\n<ol type=\"1\">\n<li> Selecciona los datos donde tienes fechas.<\/li>\n<li> Vaya a Inicio &gt; Formato condicional &gt; Reglas de resaltado de celdas.<\/li>\n<li> Desde all\u00ed, haga clic en la opci\u00f3n \u00abUna fecha de ocurrencia\u00bb.<\/li>\n<li> En el cuadro de di\u00e1logo, seleccione la regla que desea utilizar.<\/li>\n<li> Al final, haga clic en Aceptar para aplicar. <\/li>\n<\/ol>\n<div class=\"wp-block-image\">\n<figure class=\"aligncenter size-full is-resized\"><img loading=\"lazy\" decoding=\"async\" class=\"wp-image-91249\" src=\"https:\/\/exceladvisor.org\/wp-content\/uploads\/2023\/08\/1-appliquer-une-mise-en-forme-conditionnelle-basee-sur-une-date.png\" sizes=\"auto, \" srcset=\"\" alt=\"aplicar-formato-condicional-basado-en-una-fecha\" width=\"538\" height=\"664\"><\/figure>\n<\/div>\n<p> Y en el momento en que haces clic en Aceptar, se resaltan todas las celdas donde tienes la fecha del mes actual. Con el mismo cuadro de di\u00e1logo, tiene m\u00e1s opciones para usar con fechas. <\/p>\n<div class=\"wp-block-image\">\n<figure class=\"aligncenter size-full is-resized\"><img loading=\"lazy\" decoding=\"async\" class=\"wp-image-91250\" src=\"https:\/\/exceladvisor.org\/wp-content\/uploads\/2023\/08\/2-date-apparaissant-dans-le-mois-en-cours-mise-en-forme-conditionnelle.png\" sizes=\"auto, \" srcset=\"\" alt=\"formato-condicional-de-fecha-que-ocurre-en-el-mes-actual\" width=\"454\" height=\"282\"><\/figure>\n<\/div>\n<h2 class=\"wp-block-heading\"> Crea una regla personalizada basada en fechas<\/h2>\n<p> Puede haber situaciones en las que necesite aplicar una regla de formato condicional, pero dicha regla no existe. Bueno, puedes crear una regla personalizada con una f\u00f3rmula. Vaya a Inicio &gt; Formato condicional &gt; Nueva regla.<\/p>\n<h3 class=\"wp-block-heading\"> Resaltar fechas de m\u00e1s de 30 d\u00edas, 60 d\u00edas y 90 d\u00edas<\/h3>\n<ol type=\"1\">\n<li> Primero, seleccione los datos, abra el cuadro de di\u00e1logo Nueva regla y haga clic en \u00abUsar una f\u00f3rmula para determinar a qu\u00e9 celda formatear\u00bb.\n<ul>\n<li> 30 d\u00edas m\u00e1s: =$A1&lt;=(HOY()-30)<\/li>\n<li> 60 d\u00edas m\u00e1s: =$A1&lt;=(HOY()-60)<\/li>\n<li> 90 d\u00edas m\u00e1s: =$A1&lt;=(HOY()-90)<\/li>\n<\/ul>\n<\/li>\n<li> Despu\u00e9s de eso, para especificar el formato, haga clic en el bot\u00f3n \u00abFormato\u00bb.<\/li>\n<li> Luego especifique el formato, el color de la celda, el color de la fuente o negrita o cursiva.<\/li>\n<li> Al final, haga clic en Aceptar. <\/li>\n<\/ol>\n<div class=\"wp-block-image\">\n<figure class=\"aligncenter size-full is-resized\"><img loading=\"lazy\" decoding=\"async\" class=\"wp-image-91251\" src=\"https:\/\/exceladvisor.org\/wp-content\/uploads\/2023\/08\/3-regles-personnalisees-basees-sur-la-mise-en-forme-conditionnelle-des-dates.png\" sizes=\"auto, \" srcset=\"\" alt=\"formato-condicional-de-regla-personalizada-basado-en-fechas\" width=\"683\" height=\"320\"><\/figure>\n<\/div>\n<p> Puede ver en el ejemplo anterior que utilizamos una f\u00f3rmula para resaltar fechas anteriores a 30 d\u00edas a partir de la fecha actual.<\/p>\n<h3 class=\"wp-block-heading\"> Destacar fines de semana y fechas de fin de semana.<\/h3>\n<p> Y usando una f\u00f3rmula (D\u00eda de la semana), puedes resaltar fechas que sean fines de semana. Puede ver en el siguiente ejemplo que la f\u00f3rmula que utilizamos resalta dos fechas. <\/p>\n<pre class=\"wp-block-code\"> <code class=\"language-excel-formula\" lang=\"excel-formula\">=WEEKDAY($A1,2)&gt;5<\/code><\/pre>\n<div class=\"wp-block-image\">\n<figure class=\"aligncenter size-full is-resized\"><img loading=\"lazy\" decoding=\"async\" class=\"wp-image-91252\" src=\"https:\/\/exceladvisor.org\/wp-content\/uploads\/2023\/08\/4-dates-en-surbrillance-qui-sont-des-week-ends-formatage-conditionnel.png\" sizes=\"auto, \" srcset=\"\" alt=\"resaltar-fechas-que-son-fines-de-semana-formato-condicional\" width=\"694\" height=\"360\"><\/figure>\n<\/div>\n<p> Y si quieres resaltar los d\u00edas de la semana, utiliza la f\u00f3rmula siguiente. <\/p>\n<pre class=\"wp-block-code\"> <code class=\"language-excel-formula\" lang=\"excel-formula\">=WEEKDAY($A1,2)&lt;5<\/code><\/pre>\n<div class=\"wp-block-image\">\n<figure class=\"aligncenter size-full is-resized\"><img loading=\"lazy\" decoding=\"async\" class=\"wp-image-91253\" src=\"https:\/\/exceladvisor.org\/wp-content\/uploads\/2023\/08\/5-mettre-en-evidence-la-mise-en-forme-conditionnelle-des-jours-de-la-semaine.png\" sizes=\"auto, \" srcset=\"\" alt=\"formato condicional de los d\u00edas resaltados de la semana\" width=\"686\" height=\"334\"><\/figure>\n<\/div>\n<h2 class=\"wp-block-heading\"> Rango de fechas<\/h2>\n<p> De manera similar, si desea resaltar celdas seg\u00fan un rango de fechas, puede usar la funci\u00f3n Y para crear una f\u00f3rmula con dos condiciones. <\/p>\n<div class=\"wp-block-image\">\n<figure class=\"aligncenter size-full is-resized\"><img loading=\"lazy\" decoding=\"async\" class=\"wp-image-91254\" src=\"https:\/\/exceladvisor.org\/wp-content\/uploads\/2023\/08\/6-cellules-de-surbrillance-basees-sur-une-mise-en-forme-conditionnelle-de-plage-de-dates.png\" sizes=\"auto, \" srcset=\"\" alt=\"resaltar celdas seg\u00fan el formato condicional del rango de fechas\" width=\"655\" height=\"310\"><\/figure>\n<\/div>\n<pre class=\"wp-block-code\"> <code class=\"language-excel-formula\" lang=\"excel-formula\">=AND(A1&gt;=(TODAY()-45),A1&lt;=(TODAY()-30))<\/code><\/pre>\n<p> En el ejemplo anterior, creamos un rango de 15 d\u00edas. 30 d\u00edas desde la fecha actual y 45 d\u00edas desde la fecha actual.<\/p>\n<h2 class=\"wp-block-heading\"> Usar una fecha de otra celda<\/h2>\n<p> Ahora, si desea utilizar la fecha en una celda, debe hacer referencia a una celda donde tenga esa fecha. Vea el ejemplo a continuaci\u00f3n; especificamos la celda C1, donde tenemos la fecha. <\/p>\n<div class=\"wp-block-image\">\n<figure class=\"aligncenter size-full is-resized\"><img loading=\"lazy\" decoding=\"async\" class=\"wp-image-91255\" src=\"https:\/\/exceladvisor.org\/wp-content\/uploads\/2023\/08\/7-date-dune-autre-mise-en-forme-conditionnelle-de-cellule.png\" sizes=\"auto, \" srcset=\"\" alt=\"fecha-de-otra-celda-formato-condicional\" width=\"675\" height=\"327\"><\/figure>\n<\/div>\n<pre class=\"wp-block-code\"> <code class=\"language-excel-formula\" lang=\"excel-formula\">=IF($C$1&lt;&gt;\"\",$A1&gt;=$C$1,FALSE)<\/code><\/pre>\n<p> De esta manera, puede crear una regla din\u00e1mica y cambiar la fecha en la celda tambi\u00e9n cambiar\u00e1 las celdas resaltadas. <\/p>\n<div class=\"wp-block-image\">\n<figure class=\"aligncenter size-full is-resized\"><img loading=\"lazy\" decoding=\"async\" class=\"wp-image-91256\" src=\"https:\/\/exceladvisor.org\/wp-content\/uploads\/2023\/08\/8-changer-la-date-dans-la-mise-en-forme-conditionnelle-de-la-cellule.png\" sizes=\"auto, \" srcset=\"\" alt=\"cambio-fecha-en-celda-formato-condicional\" width=\"376\" height=\"310\"><\/figure>\n<\/div>\n<div class=\"gb-container gb-container-52dfcee1 gb-container-sample-file\">\n<h2 class=\"gb-headline gb-headline-e289c143 gb-headline-text gb-headline-4f7959c2\"> Obtener el archivo Excel<\/h2>\n<p> <a class=\"gb-button gb-button-e88d6bee gb-button-text gb-button-button1\" href=\"https:\/\/exceladvisor.org\/wp-content\/uploads\/2023\/11\/base-sur-la-date.xlsx\" rel=\"nofollow\">Descargar<\/a><\/div>\n<div class=\"gb-container gb-container-6076ba72 gb-container-mt\"> <a class=\"gb-button gb-button-76e6a499 gb-button-text gb-button-mt-button\" href=\"https:\/\/exceladvisor.org\/es\/conceptos-basicos-de-excel\/\">Aprende los conceptos b\u00e1sicos de Excel<\/a><\/p>\n<h2 class=\"gb-headline gb-headline-a9e9e206 gb-headline-text gb-headline-mt-heading\"> Obtenga m\u00e1s informaci\u00f3n sobre <a href=\"https:\/\/exceladvisor.org\/es\/formato-condicional\/\">el formato condicional<\/a> <\/h2>\n<div class=\"gb-grid-wrapper gb-grid-wrapper-790317cb gb-grid-wrapper-mt-grid\">\n<div class=\"gb-grid-column gb-grid-column-a9845ede\">\n<div class=\"gb-container gb-container-a9845ede\">\n<ul>\n<li> <a href=\"https:\/\/exceladvisor.org\/es\/aplicar-formato-condicional\/\">Aplicar formato condicional a una tabla din\u00e1mica<\/a><\/li>\n<li> <a href=\"https:\/\/exceladvisor.org\/es\/retirar\/\">Eliminar formato condicional<\/a><\/li>\n<li> <a href=\"https:\/\/exceladvisor.org\/es\/celdas-vacias\/\">Aplicar formato condicional en celdas en blanco en Excel<\/a><\/li>\n<li> <a href=\"https:\/\/exceladvisor.org\/es\/comparar-columnas\/\">Compare dos columnas usando formato condicional<\/a><\/li>\n<li> <a href=\"https:\/\/exceladvisor.org\/es\/otra-celda\/\">Aplicar formato condicional basado en otra celda<\/a><\/li>\n<\/ul>\n<\/div>\n<\/div>\n<\/div>\n<\/div>\n","protected":false},"excerpt":{"rendered":"<p>Con el formato condicional en Excel, puede usar fechas para crear una regla para resaltar celdas. Existen reglas predefinidas que puede utilizar para resaltar celdas r\u00e1pidamente. Y tambi\u00e9n hay una manera de crear una regla personalizada basada en una fecha. En este tutorial, aprendemos c\u00f3mo utilizar ambos m\u00e9todos en detalle. Pasos para utilizar fechas para [&hellip;]<\/p>\n","protected":false},"author":1,"featured_media":0,"parent":0,"menu_order":0,"comment_status":"open","ping_status":"closed","template":"","meta":{"ub_ctt_via":"","footnotes":""},"class_list":["post-321","page","type-page","status-publish","hentry"],"featured_image_src":null,"yoast_head":"<!-- This site is optimized with the Yoast SEO plugin v25.4 - https:\/\/yoast.com\/wordpress\/plugins\/seo\/ -->\n<title>Aplicar formato condicional basado en una fecha<\/title>\n<meta name=\"robots\" content=\"index, follow, max-snippet:-1, max-image-preview:large, max-video-preview:-1\" \/>\n<link rel=\"canonical\" href=\"https:\/\/exceladvisor.org\/es\/basado-en-la-fecha-2\/\" \/>\n<meta property=\"og:locale\" content=\"es_ES\" \/>\n<meta property=\"og:type\" content=\"article\" \/>\n<meta property=\"og:title\" content=\"Aplicar formato condicional basado en una fecha\" \/>\n<meta property=\"og:description\" content=\"Con el formato condicional en Excel, puede usar fechas para crear una regla para resaltar celdas. Existen reglas predefinidas que puede utilizar para resaltar celdas r\u00e1pidamente. Y tambi\u00e9n hay una manera de crear una regla personalizada basada en una fecha. En este tutorial, aprendemos c\u00f3mo utilizar ambos m\u00e9todos en detalle. Pasos para utilizar fechas para [&hellip;]\" \/>\n<meta property=\"og:url\" content=\"https:\/\/exceladvisor.org\/es\/basado-en-la-fecha-2\/\" \/>\n<meta property=\"og:site_name\" content=\"Excel Advisor\" \/>\n<meta property=\"article:modified_time\" content=\"2023-12-25T10:32:30+00:00\" \/>\n<meta property=\"og:image\" content=\"https:\/\/exceladvisor.org\/wp-content\/uploads\/2023\/08\/1-appliquer-une-mise-en-forme-conditionnelle-basee-sur-une-date.png\" \/>\n<meta name=\"twitter:card\" content=\"summary_large_image\" \/>\n<meta name=\"twitter:label1\" content=\"Tiempo de lectura\" \/>\n\t<meta name=\"twitter:data1\" content=\"3 minutos\" \/>\n<script type=\"application\/ld+json\" class=\"yoast-schema-graph\">{\"@context\":\"https:\/\/schema.org\",\"@graph\":[{\"@type\":\"WebPage\",\"@id\":\"https:\/\/exceladvisor.org\/es\/basado-en-la-fecha-2\/\",\"url\":\"https:\/\/exceladvisor.org\/es\/basado-en-la-fecha-2\/\",\"name\":\"Aplicar formato condicional basado en una fecha\",\"isPartOf\":{\"@id\":\"https:\/\/exceladvisor.org\/es\/#website\"},\"primaryImageOfPage\":{\"@id\":\"https:\/\/exceladvisor.org\/es\/basado-en-la-fecha-2\/#primaryimage\"},\"image\":{\"@id\":\"https:\/\/exceladvisor.org\/es\/basado-en-la-fecha-2\/#primaryimage\"},\"thumbnailUrl\":\"https:\/\/exceladvisor.org\/wp-content\/uploads\/2023\/08\/1-appliquer-une-mise-en-forme-conditionnelle-basee-sur-une-date.png\",\"datePublished\":\"2023-11-04T15:49:03+00:00\",\"dateModified\":\"2023-12-25T10:32:30+00:00\",\"breadcrumb\":{\"@id\":\"https:\/\/exceladvisor.org\/es\/basado-en-la-fecha-2\/#breadcrumb\"},\"inLanguage\":\"es\",\"potentialAction\":[{\"@type\":\"ReadAction\",\"target\":[\"https:\/\/exceladvisor.org\/es\/basado-en-la-fecha-2\/\"]}]},{\"@type\":\"ImageObject\",\"inLanguage\":\"es\",\"@id\":\"https:\/\/exceladvisor.org\/es\/basado-en-la-fecha-2\/#primaryimage\",\"url\":\"https:\/\/exceladvisor.org\/wp-content\/uploads\/2023\/08\/1-appliquer-une-mise-en-forme-conditionnelle-basee-sur-une-date.png\",\"contentUrl\":\"https:\/\/exceladvisor.org\/wp-content\/uploads\/2023\/08\/1-appliquer-une-mise-en-forme-conditionnelle-basee-sur-une-date.png\"},{\"@type\":\"BreadcrumbList\",\"@id\":\"https:\/\/exceladvisor.org\/es\/basado-en-la-fecha-2\/#breadcrumb\",\"itemListElement\":[{\"@type\":\"ListItem\",\"position\":1,\"name\":\"Hogar\",\"item\":\"https:\/\/exceladvisor.org\/es\/\"},{\"@type\":\"ListItem\",\"position\":2,\"name\":\"Aplicar formato condicional basado en una fecha\"}]},{\"@type\":\"WebSite\",\"@id\":\"https:\/\/exceladvisor.org\/es\/#website\",\"url\":\"https:\/\/exceladvisor.org\/es\/\",\"name\":\"Excel Advisor\",\"description\":\"Su gu\u00eda para la dominaci\u00f3n de datos!\",\"publisher\":{\"@id\":\"https:\/\/exceladvisor.org\/es\/#organization\"},\"potentialAction\":[{\"@type\":\"SearchAction\",\"target\":{\"@type\":\"EntryPoint\",\"urlTemplate\":\"https:\/\/exceladvisor.org\/es\/?s={search_term_string}\"},\"query-input\":{\"@type\":\"PropertyValueSpecification\",\"valueRequired\":true,\"valueName\":\"search_term_string\"}}],\"inLanguage\":\"es\"},{\"@type\":\"Organization\",\"@id\":\"https:\/\/exceladvisor.org\/es\/#organization\",\"name\":\"Excel Advisor\",\"url\":\"https:\/\/exceladvisor.org\/es\/\",\"logo\":{\"@type\":\"ImageObject\",\"inLanguage\":\"es\",\"@id\":\"https:\/\/exceladvisor.org\/es\/#\/schema\/logo\/image\/\",\"url\":\"https:\/\/exceladvisor.org\/es\/wp-content\/uploads\/2023\/12\/exceladvisor.org_.png\",\"contentUrl\":\"https:\/\/exceladvisor.org\/es\/wp-content\/uploads\/2023\/12\/exceladvisor.org_.png\",\"width\":105,\"height\":36,\"caption\":\"Excel Advisor\"},\"image\":{\"@id\":\"https:\/\/exceladvisor.org\/es\/#\/schema\/logo\/image\/\"}}]}<\/script>\n<!-- \/ Yoast SEO plugin. -->","yoast_head_json":{"title":"Aplicar formato condicional basado en una fecha","robots":{"index":"index","follow":"follow","max-snippet":"max-snippet:-1","max-image-preview":"max-image-preview:large","max-video-preview":"max-video-preview:-1"},"canonical":"https:\/\/exceladvisor.org\/es\/basado-en-la-fecha-2\/","og_locale":"es_ES","og_type":"article","og_title":"Aplicar formato condicional basado en una fecha","og_description":"Con el formato condicional en Excel, puede usar fechas para crear una regla para resaltar celdas. Existen reglas predefinidas que puede utilizar para resaltar celdas r\u00e1pidamente. Y tambi\u00e9n hay una manera de crear una regla personalizada basada en una fecha. En este tutorial, aprendemos c\u00f3mo utilizar ambos m\u00e9todos en detalle. Pasos para utilizar fechas para [&hellip;]","og_url":"https:\/\/exceladvisor.org\/es\/basado-en-la-fecha-2\/","og_site_name":"Excel Advisor","article_modified_time":"2023-12-25T10:32:30+00:00","og_image":[{"url":"https:\/\/exceladvisor.org\/wp-content\/uploads\/2023\/08\/1-appliquer-une-mise-en-forme-conditionnelle-basee-sur-une-date.png","type":"","width":"","height":""}],"twitter_card":"summary_large_image","twitter_misc":{"Tiempo de lectura":"3 minutos"},"schema":{"@context":"https:\/\/schema.org","@graph":[{"@type":"WebPage","@id":"https:\/\/exceladvisor.org\/es\/basado-en-la-fecha-2\/","url":"https:\/\/exceladvisor.org\/es\/basado-en-la-fecha-2\/","name":"Aplicar formato condicional basado en una fecha","isPartOf":{"@id":"https:\/\/exceladvisor.org\/es\/#website"},"primaryImageOfPage":{"@id":"https:\/\/exceladvisor.org\/es\/basado-en-la-fecha-2\/#primaryimage"},"image":{"@id":"https:\/\/exceladvisor.org\/es\/basado-en-la-fecha-2\/#primaryimage"},"thumbnailUrl":"https:\/\/exceladvisor.org\/wp-content\/uploads\/2023\/08\/1-appliquer-une-mise-en-forme-conditionnelle-basee-sur-une-date.png","datePublished":"2023-11-04T15:49:03+00:00","dateModified":"2023-12-25T10:32:30+00:00","breadcrumb":{"@id":"https:\/\/exceladvisor.org\/es\/basado-en-la-fecha-2\/#breadcrumb"},"inLanguage":"es","potentialAction":[{"@type":"ReadAction","target":["https:\/\/exceladvisor.org\/es\/basado-en-la-fecha-2\/"]}]},{"@type":"ImageObject","inLanguage":"es","@id":"https:\/\/exceladvisor.org\/es\/basado-en-la-fecha-2\/#primaryimage","url":"https:\/\/exceladvisor.org\/wp-content\/uploads\/2023\/08\/1-appliquer-une-mise-en-forme-conditionnelle-basee-sur-une-date.png","contentUrl":"https:\/\/exceladvisor.org\/wp-content\/uploads\/2023\/08\/1-appliquer-une-mise-en-forme-conditionnelle-basee-sur-une-date.png"},{"@type":"BreadcrumbList","@id":"https:\/\/exceladvisor.org\/es\/basado-en-la-fecha-2\/#breadcrumb","itemListElement":[{"@type":"ListItem","position":1,"name":"Hogar","item":"https:\/\/exceladvisor.org\/es\/"},{"@type":"ListItem","position":2,"name":"Aplicar formato condicional basado en una fecha"}]},{"@type":"WebSite","@id":"https:\/\/exceladvisor.org\/es\/#website","url":"https:\/\/exceladvisor.org\/es\/","name":"Excel Advisor","description":"Su gu\u00eda para la dominaci\u00f3n de datos!","publisher":{"@id":"https:\/\/exceladvisor.org\/es\/#organization"},"potentialAction":[{"@type":"SearchAction","target":{"@type":"EntryPoint","urlTemplate":"https:\/\/exceladvisor.org\/es\/?s={search_term_string}"},"query-input":{"@type":"PropertyValueSpecification","valueRequired":true,"valueName":"search_term_string"}}],"inLanguage":"es"},{"@type":"Organization","@id":"https:\/\/exceladvisor.org\/es\/#organization","name":"Excel Advisor","url":"https:\/\/exceladvisor.org\/es\/","logo":{"@type":"ImageObject","inLanguage":"es","@id":"https:\/\/exceladvisor.org\/es\/#\/schema\/logo\/image\/","url":"https:\/\/exceladvisor.org\/es\/wp-content\/uploads\/2023\/12\/exceladvisor.org_.png","contentUrl":"https:\/\/exceladvisor.org\/es\/wp-content\/uploads\/2023\/12\/exceladvisor.org_.png","width":105,"height":36,"caption":"Excel Advisor"},"image":{"@id":"https:\/\/exceladvisor.org\/es\/#\/schema\/logo\/image\/"}}]}},"yoast_meta":{"yoast_wpseo_title":"","yoast_wpseo_metadesc":"","yoast_wpseo_canonical":""},"_links":{"self":[{"href":"https:\/\/exceladvisor.org\/es\/wp-json\/wp\/v2\/pages\/321","targetHints":{"allow":["GET"]}}],"collection":[{"href":"https:\/\/exceladvisor.org\/es\/wp-json\/wp\/v2\/pages"}],"about":[{"href":"https:\/\/exceladvisor.org\/es\/wp-json\/wp\/v2\/types\/page"}],"author":[{"embeddable":true,"href":"https:\/\/exceladvisor.org\/es\/wp-json\/wp\/v2\/users\/1"}],"replies":[{"embeddable":true,"href":"https:\/\/exceladvisor.org\/es\/wp-json\/wp\/v2\/comments?post=321"}],"version-history":[{"count":1,"href":"https:\/\/exceladvisor.org\/es\/wp-json\/wp\/v2\/pages\/321\/revisions"}],"predecessor-version":[{"id":1421,"href":"https:\/\/exceladvisor.org\/es\/wp-json\/wp\/v2\/pages\/321\/revisions\/1421"}],"wp:attachment":[{"href":"https:\/\/exceladvisor.org\/es\/wp-json\/wp\/v2\/media?parent=321"}],"curies":[{"name":"wp","href":"https:\/\/api.w.org\/{rel}","templated":true}]}}