{"id":324,"date":"2023-11-04T03:17:32","date_gmt":"2023-11-04T03:17:32","guid":{"rendered":"https:\/\/exceladvisor.org\/es\/tiempo-en-decimales-3\/"},"modified":"2023-12-25T10:24:47","modified_gmt":"2023-12-25T10:24:47","slug":"tiempo-en-decimales-3","status":"publish","type":"page","link":"https:\/\/exceladvisor.org\/es\/tiempo-en-decimales-3\/","title":{"rendered":"\u00bfc\u00f3mo convertir el tiempo a decimales en excel?"},"content":{"rendered":"<div class=\"excel-antes-del-contenido\" id=\"excel-3256452896\"><script type=\"text\/javascript\">\r\n\tatOptions = {\r\n\t\t'key' : 'c1158f160081d6540a8409e6925dab94',\r\n\t\t'format' : 'iframe',\r\n\t\t'height' : 250,\r\n\t\t'width' : 300,\r\n\t\t'params' : {}\r\n\t};\r\n<\/script>\r\n<script type=\"text\/javascript\" src=\"\/\/www.highperformanceformat.com\/c1158f160081d6540a8409e6925dab94\/invoke.js\"><\/script><\/div><p>Excel almacena el tiempo en forma decimal; solo format\u00e9elo como una hora. Con la ayuda de f\u00f3rmulas, puedes convertir este tiempo a decimales; Sin embargo, estos decimales tienen significado para el usuario.<\/p>\n<h2 class=\"wp-block-heading\"> Tiempo en decimales (Horas \u2013 Minutos \u2013 Segundos)<\/h2>\n<ol type=\"1\">\n<li> Ingrese (=) en una celda<\/li>\n<li> Consulte la celda donde tiene tiempo.<\/li>\n<li> Escriba un asterisco (*).<\/li>\n<li> Ingrese (24) y presione Enter para obtener el resultado. <\/li>\n<\/ol>\n<div class=\"wp-block-image\">\n<figure class=\"aligncenter size-full is-resized\"><img loading=\"lazy\" decoding=\"async\" class=\"wp-image-83076\" src=\"https:\/\/exceladvisor.org\/wp-content\/uploads\/2023\/08\/1-convertir-le-temps-en-decimales.png\" sizes=\"auto, \" srcset=\"\" alt=\"convertir tiempo a decimales\" width=\"539\" height=\"275\"><\/figure>\n<\/div>\n<p> La celda en la que ingreses esta f\u00f3rmula debe tener el formato de celda \u00abN\u00famero\u00bb con dos decimales. <\/p>\n<div class=\"wp-block-image\">\n<figure class=\"aligncenter size-full is-resized\"><img loading=\"lazy\" decoding=\"async\" class=\"wp-image-83077\" src=\"https:\/\/exceladvisor.org\/wp-content\/uploads\/2023\/08\/Numero-au-format-2-cellules.png\" sizes=\"auto, \" srcset=\"\" alt=\"n\u00famero de formato de celda\" width=\"597\" height=\"311\"><\/figure>\n<\/div>\n<p> Y para:<\/p>\n<ol type=\"1\">\n<li> Horas completas: =INT(A1*24)<\/li>\n<li> Minutos: =A1*1440<\/li>\n<li> Segundos: =A1*86400 <\/li>\n<\/ol>\n<div class=\"wp-block-image\">\n<figure class=\"aligncenter size-full is-resized\"><img loading=\"lazy\" decoding=\"async\" class=\"wp-image-83078\" src=\"https:\/\/exceladvisor.org\/wp-content\/uploads\/2023\/08\/3-heures-entieres-minutes-et-secondes.png\" sizes=\"auto, \" srcset=\"\" alt=\"horas-minutos-y-segundos completos\" width=\"637\" height=\"281\"><\/figure>\n<\/div>\n<h2 class=\"wp-block-heading\"> Eliminar formato para obtener decimal por un tiempo.<\/h2>\n<ol type=\"1\">\n<li> Seleccione la celda.<\/li>\n<li> Abra la opci\u00f3n Formato de celdas.<\/li>\n<li> Haga clic en Generales.<\/li>\n<li> Haga clic en Aceptar para guardar. <\/li>\n<\/ol>\n<div class=\"wp-block-image\">\n<figure class=\"aligncenter size-full is-resized\"><img loading=\"lazy\" decoding=\"async\" class=\"wp-image-83079\" src=\"https:\/\/exceladvisor.org\/wp-content\/uploads\/2023\/08\/Format-4-cellules-en-general.png\" sizes=\"auto, \" srcset=\"\" alt=\"formato-celda-como-general\" width=\"671\" height=\"441\"><\/figure>\n<\/div>\n<p> Cuando hace clic en Aceptar, convierte este valor a un valor decimal. <\/p>\n<div class=\"wp-block-image\">\n<figure class=\"aligncenter size-full is-resized\"><img loading=\"lazy\" decoding=\"async\" class=\"wp-image-83080\" src=\"https:\/\/exceladvisor.org\/wp-content\/uploads\/2023\/08\/5-valeur-de-temps-en-valeur-decimale.png\" sizes=\"auto, \" srcset=\"\" alt=\"valor-tiempo-valor-decimal\" width=\"504\" height=\"291\"><\/figure>\n<\/div>\n<div class=\"gb-container gb-container-52dfcee1 gb-container-sample-file\">\n<h2 class=\"gb-headline gb-headline-e289c143 gb-headline-text gb-headline-4f7959c2\"> Obtener el archivo Excel<\/h2>\n<p> <a class=\"gb-button gb-button-e88d6bee gb-button-text gb-button-button1\" href=\"https:\/\/exceladvisor.org\/wp-content\/uploads\/2023\/08\/temps-en-decimales.xlsx\" rel=\"nofollow\">Descargar<\/a><\/div>\n","protected":false},"excerpt":{"rendered":"<p>Excel almacena el tiempo en forma decimal; solo format\u00e9elo como una hora. Con la ayuda de f\u00f3rmulas, puedes convertir este tiempo a decimales; Sin embargo, estos decimales tienen significado para el usuario. Tiempo en decimales (Horas \u2013 Minutos \u2013 Segundos) Ingrese (=) en una celda Consulte la celda donde tiene tiempo. Escriba un asterisco (*). [&hellip;]<\/p>\n","protected":false},"author":1,"featured_media":0,"parent":0,"menu_order":0,"comment_status":"open","ping_status":"closed","template":"","meta":{"ub_ctt_via":"","footnotes":""},"class_list":["post-324","page","type-page","status-publish","hentry"],"featured_image_src":null,"yoast_head":"<!-- This site is optimized with the Yoast SEO plugin v25.4 - https:\/\/yoast.com\/wordpress\/plugins\/seo\/ -->\n<title>\u00bfc\u00f3mo convertir el tiempo a decimales en excel?<\/title>\n<meta name=\"robots\" content=\"index, follow, max-snippet:-1, max-image-preview:large, max-video-preview:-1\" \/>\n<link rel=\"canonical\" href=\"https:\/\/exceladvisor.org\/es\/tiempo-en-decimales-3\/\" \/>\n<meta property=\"og:locale\" content=\"es_ES\" \/>\n<meta property=\"og:type\" content=\"article\" \/>\n<meta property=\"og:title\" content=\"\u00bfc\u00f3mo convertir el tiempo a decimales en excel?\" \/>\n<meta property=\"og:description\" content=\"Excel almacena el tiempo en forma decimal; solo format\u00e9elo como una hora. Con la ayuda de f\u00f3rmulas, puedes convertir este tiempo a decimales; Sin embargo, estos decimales tienen significado para el usuario. Tiempo en decimales (Horas \u2013 Minutos \u2013 Segundos) Ingrese (=) en una celda Consulte la celda donde tiene tiempo. Escriba un asterisco (*). [&hellip;]\" \/>\n<meta property=\"og:url\" content=\"https:\/\/exceladvisor.org\/es\/tiempo-en-decimales-3\/\" \/>\n<meta property=\"og:site_name\" content=\"Excel Advisor\" \/>\n<meta property=\"article:modified_time\" content=\"2023-12-25T10:24:47+00:00\" \/>\n<meta property=\"og:image\" content=\"https:\/\/exceladvisor.org\/wp-content\/uploads\/2023\/08\/1-convertir-le-temps-en-decimales.png\" \/>\n<meta name=\"twitter:card\" content=\"summary_large_image\" \/>\n<meta name=\"twitter:label1\" content=\"Tiempo de lectura\" \/>\n\t<meta name=\"twitter:data1\" content=\"1 minuto\" \/>\n<script type=\"application\/ld+json\" class=\"yoast-schema-graph\">{\"@context\":\"https:\/\/schema.org\",\"@graph\":[{\"@type\":\"WebPage\",\"@id\":\"https:\/\/exceladvisor.org\/es\/tiempo-en-decimales-3\/\",\"url\":\"https:\/\/exceladvisor.org\/es\/tiempo-en-decimales-3\/\",\"name\":\"\u00bfc\u00f3mo convertir el tiempo a decimales en excel?\",\"isPartOf\":{\"@id\":\"https:\/\/exceladvisor.org\/es\/#website\"},\"primaryImageOfPage\":{\"@id\":\"https:\/\/exceladvisor.org\/es\/tiempo-en-decimales-3\/#primaryimage\"},\"image\":{\"@id\":\"https:\/\/exceladvisor.org\/es\/tiempo-en-decimales-3\/#primaryimage\"},\"thumbnailUrl\":\"https:\/\/exceladvisor.org\/wp-content\/uploads\/2023\/08\/1-convertir-le-temps-en-decimales.png\",\"datePublished\":\"2023-11-04T03:17:32+00:00\",\"dateModified\":\"2023-12-25T10:24:47+00:00\",\"breadcrumb\":{\"@id\":\"https:\/\/exceladvisor.org\/es\/tiempo-en-decimales-3\/#breadcrumb\"},\"inLanguage\":\"es\",\"potentialAction\":[{\"@type\":\"ReadAction\",\"target\":[\"https:\/\/exceladvisor.org\/es\/tiempo-en-decimales-3\/\"]}]},{\"@type\":\"ImageObject\",\"inLanguage\":\"es\",\"@id\":\"https:\/\/exceladvisor.org\/es\/tiempo-en-decimales-3\/#primaryimage\",\"url\":\"https:\/\/exceladvisor.org\/wp-content\/uploads\/2023\/08\/1-convertir-le-temps-en-decimales.png\",\"contentUrl\":\"https:\/\/exceladvisor.org\/wp-content\/uploads\/2023\/08\/1-convertir-le-temps-en-decimales.png\"},{\"@type\":\"BreadcrumbList\",\"@id\":\"https:\/\/exceladvisor.org\/es\/tiempo-en-decimales-3\/#breadcrumb\",\"itemListElement\":[{\"@type\":\"ListItem\",\"position\":1,\"name\":\"Hogar\",\"item\":\"https:\/\/exceladvisor.org\/es\/\"},{\"@type\":\"ListItem\",\"position\":2,\"name\":\"\u00bfc\u00f3mo convertir el tiempo a decimales en excel?\"}]},{\"@type\":\"WebSite\",\"@id\":\"https:\/\/exceladvisor.org\/es\/#website\",\"url\":\"https:\/\/exceladvisor.org\/es\/\",\"name\":\"Excel Advisor\",\"description\":\"Su gu\u00eda para la dominaci\u00f3n de datos!\",\"publisher\":{\"@id\":\"https:\/\/exceladvisor.org\/es\/#organization\"},\"potentialAction\":[{\"@type\":\"SearchAction\",\"target\":{\"@type\":\"EntryPoint\",\"urlTemplate\":\"https:\/\/exceladvisor.org\/es\/?s={search_term_string}\"},\"query-input\":{\"@type\":\"PropertyValueSpecification\",\"valueRequired\":true,\"valueName\":\"search_term_string\"}}],\"inLanguage\":\"es\"},{\"@type\":\"Organization\",\"@id\":\"https:\/\/exceladvisor.org\/es\/#organization\",\"name\":\"Excel Advisor\",\"url\":\"https:\/\/exceladvisor.org\/es\/\",\"logo\":{\"@type\":\"ImageObject\",\"inLanguage\":\"es\",\"@id\":\"https:\/\/exceladvisor.org\/es\/#\/schema\/logo\/image\/\",\"url\":\"https:\/\/exceladvisor.org\/es\/wp-content\/uploads\/2023\/12\/exceladvisor.org_.png\",\"contentUrl\":\"https:\/\/exceladvisor.org\/es\/wp-content\/uploads\/2023\/12\/exceladvisor.org_.png\",\"width\":105,\"height\":36,\"caption\":\"Excel Advisor\"},\"image\":{\"@id\":\"https:\/\/exceladvisor.org\/es\/#\/schema\/logo\/image\/\"}}]}<\/script>\n<!-- \/ Yoast SEO plugin. -->","yoast_head_json":{"title":"\u00bfc\u00f3mo convertir el tiempo a decimales en excel?","robots":{"index":"index","follow":"follow","max-snippet":"max-snippet:-1","max-image-preview":"max-image-preview:large","max-video-preview":"max-video-preview:-1"},"canonical":"https:\/\/exceladvisor.org\/es\/tiempo-en-decimales-3\/","og_locale":"es_ES","og_type":"article","og_title":"\u00bfc\u00f3mo convertir el tiempo a decimales en excel?","og_description":"Excel almacena el tiempo en forma decimal; solo format\u00e9elo como una hora. Con la ayuda de f\u00f3rmulas, puedes convertir este tiempo a decimales; Sin embargo, estos decimales tienen significado para el usuario. Tiempo en decimales (Horas \u2013 Minutos \u2013 Segundos) Ingrese (=) en una celda Consulte la celda donde tiene tiempo. Escriba un asterisco (*). [&hellip;]","og_url":"https:\/\/exceladvisor.org\/es\/tiempo-en-decimales-3\/","og_site_name":"Excel Advisor","article_modified_time":"2023-12-25T10:24:47+00:00","og_image":[{"url":"https:\/\/exceladvisor.org\/wp-content\/uploads\/2023\/08\/1-convertir-le-temps-en-decimales.png","type":"","width":"","height":""}],"twitter_card":"summary_large_image","twitter_misc":{"Tiempo de lectura":"1 minuto"},"schema":{"@context":"https:\/\/schema.org","@graph":[{"@type":"WebPage","@id":"https:\/\/exceladvisor.org\/es\/tiempo-en-decimales-3\/","url":"https:\/\/exceladvisor.org\/es\/tiempo-en-decimales-3\/","name":"\u00bfc\u00f3mo convertir el tiempo a decimales en excel?","isPartOf":{"@id":"https:\/\/exceladvisor.org\/es\/#website"},"primaryImageOfPage":{"@id":"https:\/\/exceladvisor.org\/es\/tiempo-en-decimales-3\/#primaryimage"},"image":{"@id":"https:\/\/exceladvisor.org\/es\/tiempo-en-decimales-3\/#primaryimage"},"thumbnailUrl":"https:\/\/exceladvisor.org\/wp-content\/uploads\/2023\/08\/1-convertir-le-temps-en-decimales.png","datePublished":"2023-11-04T03:17:32+00:00","dateModified":"2023-12-25T10:24:47+00:00","breadcrumb":{"@id":"https:\/\/exceladvisor.org\/es\/tiempo-en-decimales-3\/#breadcrumb"},"inLanguage":"es","potentialAction":[{"@type":"ReadAction","target":["https:\/\/exceladvisor.org\/es\/tiempo-en-decimales-3\/"]}]},{"@type":"ImageObject","inLanguage":"es","@id":"https:\/\/exceladvisor.org\/es\/tiempo-en-decimales-3\/#primaryimage","url":"https:\/\/exceladvisor.org\/wp-content\/uploads\/2023\/08\/1-convertir-le-temps-en-decimales.png","contentUrl":"https:\/\/exceladvisor.org\/wp-content\/uploads\/2023\/08\/1-convertir-le-temps-en-decimales.png"},{"@type":"BreadcrumbList","@id":"https:\/\/exceladvisor.org\/es\/tiempo-en-decimales-3\/#breadcrumb","itemListElement":[{"@type":"ListItem","position":1,"name":"Hogar","item":"https:\/\/exceladvisor.org\/es\/"},{"@type":"ListItem","position":2,"name":"\u00bfc\u00f3mo convertir el tiempo a decimales en excel?"}]},{"@type":"WebSite","@id":"https:\/\/exceladvisor.org\/es\/#website","url":"https:\/\/exceladvisor.org\/es\/","name":"Excel Advisor","description":"Su gu\u00eda para la dominaci\u00f3n de datos!","publisher":{"@id":"https:\/\/exceladvisor.org\/es\/#organization"},"potentialAction":[{"@type":"SearchAction","target":{"@type":"EntryPoint","urlTemplate":"https:\/\/exceladvisor.org\/es\/?s={search_term_string}"},"query-input":{"@type":"PropertyValueSpecification","valueRequired":true,"valueName":"search_term_string"}}],"inLanguage":"es"},{"@type":"Organization","@id":"https:\/\/exceladvisor.org\/es\/#organization","name":"Excel Advisor","url":"https:\/\/exceladvisor.org\/es\/","logo":{"@type":"ImageObject","inLanguage":"es","@id":"https:\/\/exceladvisor.org\/es\/#\/schema\/logo\/image\/","url":"https:\/\/exceladvisor.org\/es\/wp-content\/uploads\/2023\/12\/exceladvisor.org_.png","contentUrl":"https:\/\/exceladvisor.org\/es\/wp-content\/uploads\/2023\/12\/exceladvisor.org_.png","width":105,"height":36,"caption":"Excel Advisor"},"image":{"@id":"https:\/\/exceladvisor.org\/es\/#\/schema\/logo\/image\/"}}]}},"yoast_meta":{"yoast_wpseo_title":"","yoast_wpseo_metadesc":"","yoast_wpseo_canonical":""},"_links":{"self":[{"href":"https:\/\/exceladvisor.org\/es\/wp-json\/wp\/v2\/pages\/324","targetHints":{"allow":["GET"]}}],"collection":[{"href":"https:\/\/exceladvisor.org\/es\/wp-json\/wp\/v2\/pages"}],"about":[{"href":"https:\/\/exceladvisor.org\/es\/wp-json\/wp\/v2\/types\/page"}],"author":[{"embeddable":true,"href":"https:\/\/exceladvisor.org\/es\/wp-json\/wp\/v2\/users\/1"}],"replies":[{"embeddable":true,"href":"https:\/\/exceladvisor.org\/es\/wp-json\/wp\/v2\/comments?post=324"}],"version-history":[{"count":1,"href":"https:\/\/exceladvisor.org\/es\/wp-json\/wp\/v2\/pages\/324\/revisions"}],"predecessor-version":[{"id":955,"href":"https:\/\/exceladvisor.org\/es\/wp-json\/wp\/v2\/pages\/324\/revisions\/955"}],"wp:attachment":[{"href":"https:\/\/exceladvisor.org\/es\/wp-json\/wp\/v2\/media?parent=324"}],"curies":[{"name":"wp","href":"https:\/\/api.w.org\/{rel}","templated":true}]}}