{"id":326,"date":"2023-11-04T02:35:45","date_gmt":"2023-11-04T02:35:45","guid":{"rendered":"https:\/\/exceladvisor.org\/es\/filtro-horizontal\/"},"modified":"2023-12-25T10:25:10","modified_gmt":"2023-12-25T10:25:10","slug":"filtro-horizontal","status":"publish","type":"page","link":"https:\/\/exceladvisor.org\/es\/filtro-horizontal\/","title":{"rendered":"\u00bfc\u00f3mo crear un filtro horizontal en excel?"},"content":{"rendered":"<div class=\"excel-antes-del-contenido\" id=\"excel-2677778484\"><script type=\"text\/javascript\">\r\n\tatOptions = {\r\n\t\t'key' : 'c1158f160081d6540a8409e6925dab94',\r\n\t\t'format' : 'iframe',\r\n\t\t'height' : 250,\r\n\t\t'width' : 300,\r\n\t\t'params' : {}\r\n\t};\r\n<\/script>\r\n<script type=\"text\/javascript\" src=\"\/\/www.highperformanceformat.com\/c1158f160081d6540a8409e6925dab94\/invoke.js\"><\/script><\/div><p>Para usar un filtro horizontalmente en Excel, debe usar la funci\u00f3n FILTRO que le permite filtrar una tabla seg\u00fan los criterios que especifique en la funci\u00f3n. Puede especificar una tabla y luego, utilizando el nombre de la fila, especificar los criterios para filtrar.<\/p>\n<p> En el siguiente ejemplo, tiene un peque\u00f1o conjunto de datos donde tiene el nombre y la edad en forma horizontal (los encabezados est\u00e1n en filas). Ahora necesitamos filtrar los datos seg\u00fan la edad cuando la edad sea superior a 45 a\u00f1os. <\/p>\n<div class=\"wp-block-image\">\n<figure class=\"aligncenter size-full is-resized\"><img loading=\"lazy\" decoding=\"async\" class=\"wp-image-69883\" src=\"https:\/\/exceladvisor.org\/wp-content\/uploads\/2023\/08\/1-donnees-sous-forme-horizontale.png\" sizes=\"auto, \" srcset=\"\" alt=\"datos en forma horizontal\" width=\"740\" height=\"390\"><\/figure>\n<\/div>\n<p> Aqu\u00ed tenemos un total de nombre y edad de 40 personas, lo que significa que el rango que tenemos con nombre y edad es A1:AO2. En las que las celdas A1 y B1 est\u00e1n los encabezados.<\/p>\n<h2 class=\"wp-block-heading\"> Pasos para aplicar filtro horizontal en Excel<\/h2>\n<ol type=\"1\">\n<li> En la celda D2, comience a agregar la funci\u00f3n de filtro.<\/li>\n<li> A partir de aqu\u00ed, en el primer argumento, consulte el rango B2:AO2 donde tenemos los datos reales que necesitamos filtrar.<\/li>\n<li> Ahora en el segundo argumento nos referimos al rango donde tenemos el valor de edad.<\/li>\n<li> A continuaci\u00f3n, ingrese mayor que e igual al operador.<\/li>\n<li> Despu\u00e9s de eso, ingresa los 45 que queremos usar como criterio.<\/li>\n<li> En el tercer argumento, puede usar especificar un valor para usar en las celdas donde no hay ning\u00fan valor.<\/li>\n<li> Al final, ingrese los par\u00e9ntesis de cierre y presione Enter para obtener los datos filtrados. <\/li>\n<\/ol>\n<div class=\"wp-block-image\">\n<figure class=\"aligncenter size-full is-resized\"><img loading=\"lazy\" decoding=\"async\" class=\"wp-image-69884\" src=\"https:\/\/exceladvisor.org\/wp-content\/uploads\/2023\/08\/2-appliquer-le-filtre-horizontal.png\" sizes=\"auto, \" srcset=\"\" alt=\"aplicar-filtro-horizontal\" width=\"734\" height=\"407\"><\/figure>\n<\/div>\n<p> Como puede ver, tenemos datos filtrados de los datos originales que tenemos en forma horizontal.<\/p>\n<pre class=\"wp-block-code\"> <code class=\"language-excel-formula\" lang=\"excel-formula\">=FILTER(B1:AO2,B2:AO2&gt;=45)<\/code><\/pre>\n<h2 class=\"wp-block-heading\"> \u00bfC\u00f3mo funciona esta f\u00f3rmula?<\/h2>\n<p> Antes de intentar comprender esta f\u00f3rmula, debemos saber que FILTRO es una funci\u00f3n DIN\u00c1MICA que le permite trabajar con m\u00faltiples valores al mismo tiempo en una sola f\u00f3rmula y luego devolver valores en m\u00faltiples celdas.<\/p>\n<p> Ahora separemos esta funci\u00f3n en dos partes para entender esto: <\/p>\n<div class=\"wp-block-image\">\n<figure class=\"aligncenter size-full is-resized\"><img loading=\"lazy\" decoding=\"async\" class=\"wp-image-69885\" src=\"https:\/\/exceladvisor.org\/wp-content\/uploads\/2023\/08\/3-comment-fonctionne-le-filtre-horizontal.png\" sizes=\"auto, \" srcset=\"\" alt=\"como-funciona-el-filtro-horizontal\" width=\"713\" height=\"376\"><\/figure>\n<\/div>\n<p> En la primera parte nos referimos a todo el rango donde tenemos el nombre y la edad, que es B1:AO2. Cuando lo consulta, le dice a Excel que tome dos tablas diferentes porque tenemos las filas A y B.<\/p>\n<p> Ahora en la segunda parte nos hemos referido solo a la columna de edad y con eso hemos especificado una condici\u00f3n a probar que es igual y mayor que 45.<\/p>\n<p> Ahora toda la magia de esta funci\u00f3n est\u00e1 en esta parte. Al especificar una condici\u00f3n para filtrar, prueba cada valor en la columna de edad. <\/p>\n<div class=\"wp-block-image\">\n<figure class=\"aligncenter size-full is-resized\"><img loading=\"lazy\" decoding=\"async\" class=\"wp-image-69886\" src=\"https:\/\/exceladvisor.org\/wp-content\/uploads\/2023\/08\/4-tests-de-filtre-horizontaux-pour-chaque-valeur.png\" sizes=\"auto, \" srcset=\"\" alt=\"filtro-horizontal-prueba-cada-valor\" width=\"771\" height=\"303\"><\/figure>\n<\/div>\n<p> Al realizar la prueba, solo encuentra tres valores mayores o iguales a 45 en la columna de edad. Y esto le dice a la funci\u00f3n FILTRO que hay tres valores que necesitamos filtrar.<\/p>\n<p> Como dije, esta es una funci\u00f3n din\u00e1mica al seleccionar cualquiera de las celdas del conjunto de datos filtrados resaltados. <\/p>\n<div class=\"wp-block-image\">\n<figure class=\"aligncenter size-full is-resized\"><img loading=\"lazy\" decoding=\"async\" class=\"wp-image-69887\" src=\"https:\/\/exceladvisor.org\/wp-content\/uploads\/2023\/08\/5-filtres-dynamiques-horizontaux.png\" sizes=\"auto, \" srcset=\"\" alt=\"filtro din\u00e1mico horizontal\" width=\"667\" height=\"280\"><\/figure>\n<\/div>\n<p> Tambi\u00e9n puede ir m\u00e1s all\u00e1 y transponer los datos y filtrar los datos horizontales y transponerlos a datos verticales usando la funci\u00f3n de transposici\u00f3n. <\/p>\n<div class=\"wp-block-image\">\n<figure class=\"aligncenter size-full is-resized\"><img loading=\"lazy\" decoding=\"async\" class=\"wp-image-69888\" src=\"https:\/\/exceladvisor.org\/wp-content\/uploads\/2023\/08\/6-donnees-de-filtrage-et-de-transponse.png\" sizes=\"auto, \" srcset=\"\" alt=\"filtrar y transponer datos\" width=\"641\" height=\"442\"><\/figure>\n<\/div>\n<p> Solo necesita envolver la funci\u00f3n de filtro en la funci\u00f3n de transposici\u00f3n. <\/p>\n<div class=\"gb-container gb-container-52dfcee1 gb-container-sample-file\">\n<h2 class=\"gb-headline gb-headline-e289c143 gb-headline-text gb-headline-4f7959c2\"> Obtener el archivo Excel<\/h2>\n<p> <a class=\"gb-button gb-button-e88d6bee gb-button-text gb-button-button1\" href=\"https:\/\/exceladvisor.org\/wp-content\/uploads\/2023\/11\/filtre-horizontal-2.xlsx\" rel=\"nofollow\">Descargar<\/a><\/div>\n<div class=\"gb-container gb-container-0df56012 gb-container-mt\"> <a class=\"gb-button gb-button-f9f432f4 gb-button-text gb-button-mt-button\" href=\"https:\/\/exceladvisor.org\/es\/formulas\/\">Lista de f\u00f3rmulas de Excel<\/a><\/p>\n<h2 class=\"gb-headline gb-headline-233444e8 gb-headline-text gb-headline-mt-heading\"> F\u00f3rmulas relacionadas <\/h2>\n<div class=\"gb-grid-wrapper gb-grid-wrapper-a16fa65c gb-grid-wrapper-mt-grid\">\n<div class=\"gb-grid-column gb-grid-column-50d07e0d\">\n<div class=\"gb-container gb-container-50d07e0d\">\n<ul>\n<li> <a href=\"https:\/\/exceladvisor.org\/es\/calificacion-de-estrellas\/\">Cree una plantilla de calificaci\u00f3n de estrellas en Excel<\/a><\/li>\n<li> <a href=\"https:\/\/exceladvisor.org\/es\/obtener-nombre-de-archivo\/\">Obtener nombre de archivo en Excel<\/a><\/li>\n<li> <a href=\"https:\/\/exceladvisor.org\/es\/obtener-el-nombre-de-la-hoja\/\">Obtener el nombre de la hoja en Excel<\/a><\/li>\n<li> <a href=\"https:\/\/exceladvisor.org\/es\/generar-letras-aleatorias\/\">Genera r\u00e1pidamente letras aleatorias en Excel<\/a><\/li>\n<li> <a href=\"https:\/\/exceladvisor.org\/es\/aleatorizar-la-lista\/\">Aleatorizar una lista (clasificaci\u00f3n aleatoria) en Excel<\/a><\/li>\n<\/ul>\n<\/div>\n<\/div>\n<\/div>\n<\/div>\n","protected":false},"excerpt":{"rendered":"<p>Para usar un filtro horizontalmente en Excel, debe usar la funci\u00f3n FILTRO que le permite filtrar una tabla seg\u00fan los criterios que especifique en la funci\u00f3n. Puede especificar una tabla y luego, utilizando el nombre de la fila, especificar los criterios para filtrar. En el siguiente ejemplo, tiene un peque\u00f1o conjunto de datos donde tiene [&hellip;]<\/p>\n","protected":false},"author":1,"featured_media":0,"parent":0,"menu_order":0,"comment_status":"open","ping_status":"closed","template":"","meta":{"ub_ctt_via":"","footnotes":""},"class_list":["post-326","page","type-page","status-publish","hentry"],"featured_image_src":null,"yoast_head":"<!-- This site is optimized with the Yoast SEO plugin v25.4 - https:\/\/yoast.com\/wordpress\/plugins\/seo\/ -->\n<title>\u00bfc\u00f3mo crear un filtro horizontal en excel?<\/title>\n<meta name=\"robots\" content=\"index, follow, max-snippet:-1, max-image-preview:large, max-video-preview:-1\" \/>\n<link rel=\"canonical\" href=\"https:\/\/exceladvisor.org\/es\/filtro-horizontal\/\" \/>\n<meta property=\"og:locale\" content=\"es_ES\" \/>\n<meta property=\"og:type\" content=\"article\" \/>\n<meta property=\"og:title\" content=\"\u00bfc\u00f3mo crear un filtro horizontal en excel?\" \/>\n<meta property=\"og:description\" content=\"Para usar un filtro horizontalmente en Excel, debe usar la funci\u00f3n FILTRO que le permite filtrar una tabla seg\u00fan los criterios que especifique en la funci\u00f3n. Puede especificar una tabla y luego, utilizando el nombre de la fila, especificar los criterios para filtrar. En el siguiente ejemplo, tiene un peque\u00f1o conjunto de datos donde tiene [&hellip;]\" \/>\n<meta property=\"og:url\" content=\"https:\/\/exceladvisor.org\/es\/filtro-horizontal\/\" \/>\n<meta property=\"og:site_name\" content=\"Excel Advisor\" \/>\n<meta property=\"article:modified_time\" content=\"2023-12-25T10:25:10+00:00\" \/>\n<meta property=\"og:image\" content=\"https:\/\/exceladvisor.org\/wp-content\/uploads\/2023\/08\/1-donnees-sous-forme-horizontale.png\" \/>\n<meta name=\"twitter:card\" content=\"summary_large_image\" \/>\n<meta name=\"twitter:label1\" content=\"Tiempo de lectura\" \/>\n\t<meta name=\"twitter:data1\" content=\"3 minutos\" \/>\n<script type=\"application\/ld+json\" class=\"yoast-schema-graph\">{\"@context\":\"https:\/\/schema.org\",\"@graph\":[{\"@type\":\"WebPage\",\"@id\":\"https:\/\/exceladvisor.org\/es\/filtro-horizontal\/\",\"url\":\"https:\/\/exceladvisor.org\/es\/filtro-horizontal\/\",\"name\":\"\u00bfc\u00f3mo crear un filtro horizontal en excel?\",\"isPartOf\":{\"@id\":\"https:\/\/exceladvisor.org\/es\/#website\"},\"primaryImageOfPage\":{\"@id\":\"https:\/\/exceladvisor.org\/es\/filtro-horizontal\/#primaryimage\"},\"image\":{\"@id\":\"https:\/\/exceladvisor.org\/es\/filtro-horizontal\/#primaryimage\"},\"thumbnailUrl\":\"https:\/\/exceladvisor.org\/wp-content\/uploads\/2023\/08\/1-donnees-sous-forme-horizontale.png\",\"datePublished\":\"2023-11-04T02:35:45+00:00\",\"dateModified\":\"2023-12-25T10:25:10+00:00\",\"breadcrumb\":{\"@id\":\"https:\/\/exceladvisor.org\/es\/filtro-horizontal\/#breadcrumb\"},\"inLanguage\":\"es\",\"potentialAction\":[{\"@type\":\"ReadAction\",\"target\":[\"https:\/\/exceladvisor.org\/es\/filtro-horizontal\/\"]}]},{\"@type\":\"ImageObject\",\"inLanguage\":\"es\",\"@id\":\"https:\/\/exceladvisor.org\/es\/filtro-horizontal\/#primaryimage\",\"url\":\"https:\/\/exceladvisor.org\/wp-content\/uploads\/2023\/08\/1-donnees-sous-forme-horizontale.png\",\"contentUrl\":\"https:\/\/exceladvisor.org\/wp-content\/uploads\/2023\/08\/1-donnees-sous-forme-horizontale.png\"},{\"@type\":\"BreadcrumbList\",\"@id\":\"https:\/\/exceladvisor.org\/es\/filtro-horizontal\/#breadcrumb\",\"itemListElement\":[{\"@type\":\"ListItem\",\"position\":1,\"name\":\"Hogar\",\"item\":\"https:\/\/exceladvisor.org\/es\/\"},{\"@type\":\"ListItem\",\"position\":2,\"name\":\"\u00bfc\u00f3mo crear un filtro horizontal en excel?\"}]},{\"@type\":\"WebSite\",\"@id\":\"https:\/\/exceladvisor.org\/es\/#website\",\"url\":\"https:\/\/exceladvisor.org\/es\/\",\"name\":\"Excel Advisor\",\"description\":\"Su gu\u00eda para la dominaci\u00f3n de datos!\",\"publisher\":{\"@id\":\"https:\/\/exceladvisor.org\/es\/#organization\"},\"potentialAction\":[{\"@type\":\"SearchAction\",\"target\":{\"@type\":\"EntryPoint\",\"urlTemplate\":\"https:\/\/exceladvisor.org\/es\/?s={search_term_string}\"},\"query-input\":{\"@type\":\"PropertyValueSpecification\",\"valueRequired\":true,\"valueName\":\"search_term_string\"}}],\"inLanguage\":\"es\"},{\"@type\":\"Organization\",\"@id\":\"https:\/\/exceladvisor.org\/es\/#organization\",\"name\":\"Excel Advisor\",\"url\":\"https:\/\/exceladvisor.org\/es\/\",\"logo\":{\"@type\":\"ImageObject\",\"inLanguage\":\"es\",\"@id\":\"https:\/\/exceladvisor.org\/es\/#\/schema\/logo\/image\/\",\"url\":\"https:\/\/exceladvisor.org\/es\/wp-content\/uploads\/2023\/12\/exceladvisor.org_.png\",\"contentUrl\":\"https:\/\/exceladvisor.org\/es\/wp-content\/uploads\/2023\/12\/exceladvisor.org_.png\",\"width\":105,\"height\":36,\"caption\":\"Excel Advisor\"},\"image\":{\"@id\":\"https:\/\/exceladvisor.org\/es\/#\/schema\/logo\/image\/\"}}]}<\/script>\n<!-- \/ Yoast SEO plugin. -->","yoast_head_json":{"title":"\u00bfc\u00f3mo crear un filtro horizontal en excel?","robots":{"index":"index","follow":"follow","max-snippet":"max-snippet:-1","max-image-preview":"max-image-preview:large","max-video-preview":"max-video-preview:-1"},"canonical":"https:\/\/exceladvisor.org\/es\/filtro-horizontal\/","og_locale":"es_ES","og_type":"article","og_title":"\u00bfc\u00f3mo crear un filtro horizontal en excel?","og_description":"Para usar un filtro horizontalmente en Excel, debe usar la funci\u00f3n FILTRO que le permite filtrar una tabla seg\u00fan los criterios que especifique en la funci\u00f3n. Puede especificar una tabla y luego, utilizando el nombre de la fila, especificar los criterios para filtrar. En el siguiente ejemplo, tiene un peque\u00f1o conjunto de datos donde tiene [&hellip;]","og_url":"https:\/\/exceladvisor.org\/es\/filtro-horizontal\/","og_site_name":"Excel Advisor","article_modified_time":"2023-12-25T10:25:10+00:00","og_image":[{"url":"https:\/\/exceladvisor.org\/wp-content\/uploads\/2023\/08\/1-donnees-sous-forme-horizontale.png","type":"","width":"","height":""}],"twitter_card":"summary_large_image","twitter_misc":{"Tiempo de lectura":"3 minutos"},"schema":{"@context":"https:\/\/schema.org","@graph":[{"@type":"WebPage","@id":"https:\/\/exceladvisor.org\/es\/filtro-horizontal\/","url":"https:\/\/exceladvisor.org\/es\/filtro-horizontal\/","name":"\u00bfc\u00f3mo crear un filtro horizontal en excel?","isPartOf":{"@id":"https:\/\/exceladvisor.org\/es\/#website"},"primaryImageOfPage":{"@id":"https:\/\/exceladvisor.org\/es\/filtro-horizontal\/#primaryimage"},"image":{"@id":"https:\/\/exceladvisor.org\/es\/filtro-horizontal\/#primaryimage"},"thumbnailUrl":"https:\/\/exceladvisor.org\/wp-content\/uploads\/2023\/08\/1-donnees-sous-forme-horizontale.png","datePublished":"2023-11-04T02:35:45+00:00","dateModified":"2023-12-25T10:25:10+00:00","breadcrumb":{"@id":"https:\/\/exceladvisor.org\/es\/filtro-horizontal\/#breadcrumb"},"inLanguage":"es","potentialAction":[{"@type":"ReadAction","target":["https:\/\/exceladvisor.org\/es\/filtro-horizontal\/"]}]},{"@type":"ImageObject","inLanguage":"es","@id":"https:\/\/exceladvisor.org\/es\/filtro-horizontal\/#primaryimage","url":"https:\/\/exceladvisor.org\/wp-content\/uploads\/2023\/08\/1-donnees-sous-forme-horizontale.png","contentUrl":"https:\/\/exceladvisor.org\/wp-content\/uploads\/2023\/08\/1-donnees-sous-forme-horizontale.png"},{"@type":"BreadcrumbList","@id":"https:\/\/exceladvisor.org\/es\/filtro-horizontal\/#breadcrumb","itemListElement":[{"@type":"ListItem","position":1,"name":"Hogar","item":"https:\/\/exceladvisor.org\/es\/"},{"@type":"ListItem","position":2,"name":"\u00bfc\u00f3mo crear un filtro horizontal en excel?"}]},{"@type":"WebSite","@id":"https:\/\/exceladvisor.org\/es\/#website","url":"https:\/\/exceladvisor.org\/es\/","name":"Excel Advisor","description":"Su gu\u00eda para la dominaci\u00f3n de datos!","publisher":{"@id":"https:\/\/exceladvisor.org\/es\/#organization"},"potentialAction":[{"@type":"SearchAction","target":{"@type":"EntryPoint","urlTemplate":"https:\/\/exceladvisor.org\/es\/?s={search_term_string}"},"query-input":{"@type":"PropertyValueSpecification","valueRequired":true,"valueName":"search_term_string"}}],"inLanguage":"es"},{"@type":"Organization","@id":"https:\/\/exceladvisor.org\/es\/#organization","name":"Excel Advisor","url":"https:\/\/exceladvisor.org\/es\/","logo":{"@type":"ImageObject","inLanguage":"es","@id":"https:\/\/exceladvisor.org\/es\/#\/schema\/logo\/image\/","url":"https:\/\/exceladvisor.org\/es\/wp-content\/uploads\/2023\/12\/exceladvisor.org_.png","contentUrl":"https:\/\/exceladvisor.org\/es\/wp-content\/uploads\/2023\/12\/exceladvisor.org_.png","width":105,"height":36,"caption":"Excel Advisor"},"image":{"@id":"https:\/\/exceladvisor.org\/es\/#\/schema\/logo\/image\/"}}]}},"yoast_meta":{"yoast_wpseo_title":"","yoast_wpseo_metadesc":"","yoast_wpseo_canonical":""},"_links":{"self":[{"href":"https:\/\/exceladvisor.org\/es\/wp-json\/wp\/v2\/pages\/326","targetHints":{"allow":["GET"]}}],"collection":[{"href":"https:\/\/exceladvisor.org\/es\/wp-json\/wp\/v2\/pages"}],"about":[{"href":"https:\/\/exceladvisor.org\/es\/wp-json\/wp\/v2\/types\/page"}],"author":[{"embeddable":true,"href":"https:\/\/exceladvisor.org\/es\/wp-json\/wp\/v2\/users\/1"}],"replies":[{"embeddable":true,"href":"https:\/\/exceladvisor.org\/es\/wp-json\/wp\/v2\/comments?post=326"}],"version-history":[{"count":1,"href":"https:\/\/exceladvisor.org\/es\/wp-json\/wp\/v2\/pages\/326\/revisions"}],"predecessor-version":[{"id":1015,"href":"https:\/\/exceladvisor.org\/es\/wp-json\/wp\/v2\/pages\/326\/revisions\/1015"}],"wp:attachment":[{"href":"https:\/\/exceladvisor.org\/es\/wp-json\/wp\/v2\/media?parent=326"}],"curies":[{"name":"wp","href":"https:\/\/api.w.org\/{rel}","templated":true}]}}