{"id":327,"date":"2023-11-04T02:16:46","date_gmt":"2023-11-04T02:16:46","guid":{"rendered":"https:\/\/exceladvisor.org\/es\/aleatorizar-la-lista\/"},"modified":"2023-12-25T10:26:05","modified_gmt":"2023-12-25T10:26:05","slug":"aleatorizar-la-lista","status":"publish","type":"page","link":"https:\/\/exceladvisor.org\/es\/aleatorizar-la-lista\/","title":{"rendered":"\u00bfc\u00f3mo mezclar datos en excel?"},"content":{"rendered":"<div class=\"excel-antes-del-contenido\" id=\"excel-3174408845\"><script type=\"text\/javascript\">\r\n\tatOptions = {\r\n\t\t'key' : 'c1158f160081d6540a8409e6925dab94',\r\n\t\t'format' : 'iframe',\r\n\t\t'height' : 250,\r\n\t\t'width' : 300,\r\n\t\t'params' : {}\r\n\t};\r\n<\/script>\r\n<script type=\"text\/javascript\" src=\"\/\/www.highperformanceformat.com\/c1158f160081d6540a8409e6925dab94\/invoke.js\"><\/script><\/div><p>Aleatorizar la lista de valores en Excel significa que puede ordenar los datos de forma aleatoria. Y para eso necesitas usar la funci\u00f3n RAND de Excel y junto con eso necesitas usar la funci\u00f3n de clasificaci\u00f3n que usas para ordenar los datos. RAND proporciona valores aleatorios que ayudan a mezclar estos datos de forma aleatoria.<\/p>\n<p> En el siguiente ejemplo, tenemos una lista de nombres y ahora necesitamos ordenar esta lista en orden aleatorio. <\/p>\n<div class=\"wp-block-image\">\n<figure class=\"aligncenter size-full is-resized\"><img loading=\"lazy\" decoding=\"async\" class=\"wp-image-69862\" src=\"https:\/\/exceladvisor.org\/wp-content\/uploads\/2023\/08\/1-liste-de-noms-2.png\" sizes=\"auto, \" srcset=\"\" alt=\"lista de nombres\" width=\"480\" height=\"444\"><\/figure>\n<\/div>\n<h2 class=\"wp-block-heading\"> Pasos para aleatorizar una lista en Excel (Aleatorizar una lista)<\/h2>\n<ol>\n<li> Primero ingrese RAND() en la celda B1. Esto le dar\u00e1 un n\u00famero aleatorio entre 0 y 1.<\/li>\n<li> Luego debes arrastrar la f\u00f3rmula hasta el apellido que tienes en la lista. <br \/><img loading=\"lazy\" decoding=\"async\" title=\"2-clasificaci\u00f3n-aleatoria-en-una-lista\" src=\"https:\/\/exceladvisor.org\/wp-content\/uploads\/2023\/08\/2-trier-au-hasard-une-liste.png\" sizes=\"auto, \" srcset=\"\" alt=\"random-sort-a-list\" width=\"355\" height=\"374\"><\/li>\n<li> Desde all\u00ed, debe abrir la opci\u00f3n de clasificaci\u00f3n desde DATOS \u279c ORDENAR. O puede utilizar el m\u00e9todo abreviado de teclado (Alt \u279c A \u279c S \u279c S). <br \/><img loading=\"lazy\" decoding=\"async\" title=\"Opci\u00f3n 3: clasificaci\u00f3n abierta\" src=\"https:\/\/exceladvisor.org\/wp-content\/uploads\/2023\/08\/3-ouvrir-loption-de-tri.png\" sizes=\"auto, \" srcset=\"\" alt=\"open-the-sort-option\" width=\"696\" height=\"351\"><\/li>\n<li> En \u00abOrdenar por\u00bb, seleccione el nombre de la columna donde tiene valores aleatorios y seleccione el orden que desee (esto no hace ninguna diferencia porque buscamos una clasificaci\u00f3n aleatoria).<\/li>\n<li> Al final, haga clic en Aceptar.<\/li>\n<\/ol>\n<p> Y una vez que hace clic en Aceptar, tendr\u00e1 una lista aleatoria de nombres (ordenados aleatoriamente). <\/p>\n<div class=\"wp-block-image\">\n<figure class=\"aligncenter size-full is-resized\"><img loading=\"lazy\" decoding=\"async\" class=\"wp-image-69866\" src=\"https:\/\/exceladvisor.org\/wp-content\/uploads\/2023\/08\/Fonction-4-rands.png\" sizes=\"auto, \" srcset=\"\" alt=\"funci\u00f3n rand\" width=\"396\" height=\"369\"><\/figure>\n<\/div>\n<p> Ahora bien, hay una cosa que debemos tener en cuenta aqu\u00ed. La funci\u00f3n ALEATORIO es una funci\u00f3n vol\u00e1til y cambia cada vez que vuelve a calcular en Excel. Puede cambiar estos valores aleatorios a valores reales o, si desea ordenar los nombres nuevamente, puede dejarlos como est\u00e1n.<\/p>\n<h2 class=\"wp-block-heading\"> Ordenar columnas aleatoriamente<\/h2>\n<p> Tambi\u00e9n puedes ordenar las columnas en orden aleatorio usando el mismo m\u00e9todo. En el siguiente ejemplo, tenemos la misma lista de nombres en varias columnas y ahora necesitamos ordenar las columnas en orden aleatorio. <\/p>\n<div class=\"wp-block-image\">\n<figure class=\"aligncenter size-full is-resized\"><img loading=\"lazy\" decoding=\"async\" class=\"wp-image-69867\" src=\"https:\/\/exceladvisor.org\/wp-content\/uploads\/2023\/08\/5-colonnes-de-tri-aleatoire.png\" sizes=\"auto, \" srcset=\"\" alt=\"columnas de clasificaci\u00f3n aleatoria\" width=\"823\" height=\"100\"><\/figure>\n<\/div>\n<p> Primero, necesitas crear una columna de n\u00fameros aleatorios como hicimos en el m\u00e9todo anterior. <\/p>\n<div class=\"wp-block-image\">\n<figure class=\"aligncenter size-full is-resized\"><img loading=\"lazy\" decoding=\"async\" class=\"wp-image-69868\" src=\"https:\/\/exceladvisor.org\/wp-content\/uploads\/2023\/08\/6-creer-une-colonne-de-nombres-aleatoires.png\" sizes=\"auto, \" srcset=\"\" alt=\"crear-una-columna-de-n\u00fameros-aleatorios\" width=\"833\" height=\"117\"><\/figure>\n<\/div>\n<p> Despu\u00e9s de eso, debes seleccionar el rango de datos de ambas filas. <\/p>\n<div class=\"wp-block-image\">\n<figure class=\"aligncenter size-full is-resized\"><img loading=\"lazy\" decoding=\"async\" class=\"wp-image-69869\" src=\"https:\/\/exceladvisor.org\/wp-content\/uploads\/2023\/08\/7-plages-de-donnees-selectionnees.png\" sizes=\"auto, \" srcset=\"\" alt=\"seleccionar rangos de datos\" width=\"827\" height=\"82\"><\/figure>\n<\/div>\n<p> Ahora lo siguiente que hacemos es abrir la opci\u00f3n de ordenar. Y en la opci\u00f3n de ordenar, haga clic en el bot\u00f3n \u201cOPCIONES\u201d y seleccione la opci\u00f3n \u201cORDENAR DE IZQUIERDA A DERECHA\u201d, luego haga clic en Aceptar. <\/p>\n<div class=\"wp-block-image\">\n<figure class=\"aligncenter size-full is-resized\"><img loading=\"lazy\" decoding=\"async\" class=\"wp-image-69870\" src=\"https:\/\/exceladvisor.org\/wp-content\/uploads\/2023\/08\/8-ouvrir-loption-de-tri.png\" sizes=\"auto, \" srcset=\"\" alt=\"opci\u00f3n de clasificaci\u00f3n abierta\" width=\"603\" height=\"308\"><\/figure>\n<\/div>\n<p> Ahora, en el cuadro de di\u00e1logo de opciones de clasificaci\u00f3n, seleccione \u00abFila1\u00bb y al final haga clic en Aceptar. <\/p>\n<div class=\"wp-block-image\">\n<figure class=\"aligncenter size-full is-resized\"><img loading=\"lazy\" decoding=\"async\" class=\"wp-image-69871\" src=\"https:\/\/exceladvisor.org\/wp-content\/uploads\/2023\/08\/9-selectionnez-la-ligne-une.png\" sizes=\"auto, \" srcset=\"\" alt=\"seleccionar-linea-uno\" width=\"599\" height=\"289\"><\/figure>\n<\/div>\n<p> Y en el momento en que haga clic en Aceptar, las columnas se ordenar\u00e1n en orden aleatorio. <\/p>\n<div class=\"wp-block-image\">\n<figure class=\"aligncenter size-full is-resized\"><img loading=\"lazy\" decoding=\"async\" class=\"wp-image-69872\" src=\"https:\/\/exceladvisor.org\/wp-content\/uploads\/2023\/08\/10-obtenir-les-colonnes-triees.png\" sizes=\"auto, \" srcset=\"\" alt=\"ordenar-columnas\" width=\"821\" height=\"117\"><\/figure>\n<\/div>\n<p> As\u00ed es como puedes usar una lista aleatoria de valores en Excel usando un m\u00e9todo de clasificaci\u00f3n aleatoria. <\/p>\n<div class=\"gb-container gb-container-52dfcee1 gb-container-sample-file\">\n<h2 class=\"gb-headline gb-headline-e289c143 gb-headline-text gb-headline-4f7959c2\"> Obtener el archivo Excel<\/h2>\n<p> <a class=\"gb-button gb-button-e88d6bee gb-button-text gb-button-button1\" href=\"https:\/\/exceladvisor.org\/wp-content\/uploads\/2023\/08\/randomiser-la-liste-2.xlsx\" rel=\"nofollow\">Descargar<\/a><\/div>\n<div class=\"gb-container gb-container-0df56012 gb-container-mt\"> <a class=\"gb-button gb-button-f9f432f4 gb-button-text gb-button-mt-button\" href=\"https:\/\/exceladvisor.org\/es\/formulas\/\">Lista de f\u00f3rmulas de Excel<\/a><\/p>\n<h2 class=\"gb-headline gb-headline-233444e8 gb-headline-text gb-headline-mt-heading\"> F\u00f3rmulas relacionadas <\/h2>\n<div class=\"gb-grid-wrapper gb-grid-wrapper-a16fa65c gb-grid-wrapper-mt-grid\">\n<div class=\"gb-grid-column gb-grid-column-50d07e0d\">\n<div class=\"gb-container gb-container-50d07e0d\">\n<ul>\n<li> <a href=\"https:\/\/exceladvisor.org\/es\/filtro-horizontal\/\">Crear un filtro horizontal en Excel<\/a><\/li>\n<li> <a href=\"https:\/\/exceladvisor.org\/es\/calificacion-de-estrellas\/\">Cree una plantilla de calificaci\u00f3n de estrellas en Excel<\/a><\/li>\n<li> <a href=\"https:\/\/exceladvisor.org\/es\/obtener-nombre-de-archivo\/\">Obtener nombre de archivo en Excel<\/a><\/li>\n<li> <a href=\"https:\/\/exceladvisor.org\/es\/obtener-el-nombre-de-la-hoja\/\">Obtener el nombre de la hoja en Excel<\/a><\/li>\n<li> <a href=\"https:\/\/exceladvisor.org\/es\/generar-letras-aleatorias\/\">Genera r\u00e1pidamente letras aleatorias en Excel<\/a> <\/li>\n<\/ul>\n<\/div>\n<\/div>\n<div class=\"gb-grid-column gb-grid-column-5b4a0cf9\">\n<div class=\"gb-container gb-container-5b4a0cf9\"><\/div>\n<\/div>\n<\/div>\n<\/div>\n","protected":false},"excerpt":{"rendered":"<p>Aleatorizar la lista de valores en Excel significa que puede ordenar los datos de forma aleatoria. Y para eso necesitas usar la funci\u00f3n RAND de Excel y junto con eso necesitas usar la funci\u00f3n de clasificaci\u00f3n que usas para ordenar los datos. RAND proporciona valores aleatorios que ayudan a mezclar estos datos de forma aleatoria. [&hellip;]<\/p>\n","protected":false},"author":1,"featured_media":0,"parent":0,"menu_order":0,"comment_status":"open","ping_status":"closed","template":"","meta":{"ub_ctt_via":"","footnotes":""},"class_list":["post-327","page","type-page","status-publish","hentry"],"featured_image_src":null,"yoast_head":"<!-- This site is optimized with the Yoast SEO plugin v25.4 - https:\/\/yoast.com\/wordpress\/plugins\/seo\/ -->\n<title>\u00bfc\u00f3mo mezclar datos en excel?<\/title>\n<meta name=\"robots\" content=\"index, follow, max-snippet:-1, max-image-preview:large, max-video-preview:-1\" \/>\n<link rel=\"canonical\" href=\"https:\/\/exceladvisor.org\/es\/aleatorizar-la-lista\/\" \/>\n<meta property=\"og:locale\" content=\"es_ES\" \/>\n<meta property=\"og:type\" content=\"article\" \/>\n<meta property=\"og:title\" content=\"\u00bfc\u00f3mo mezclar datos en excel?\" \/>\n<meta property=\"og:description\" content=\"Aleatorizar la lista de valores en Excel significa que puede ordenar los datos de forma aleatoria. Y para eso necesitas usar la funci\u00f3n RAND de Excel y junto con eso necesitas usar la funci\u00f3n de clasificaci\u00f3n que usas para ordenar los datos. RAND proporciona valores aleatorios que ayudan a mezclar estos datos de forma aleatoria. [&hellip;]\" \/>\n<meta property=\"og:url\" content=\"https:\/\/exceladvisor.org\/es\/aleatorizar-la-lista\/\" \/>\n<meta property=\"og:site_name\" content=\"Excel Advisor\" \/>\n<meta property=\"article:modified_time\" content=\"2023-12-25T10:26:05+00:00\" \/>\n<meta property=\"og:image\" content=\"https:\/\/exceladvisor.org\/wp-content\/uploads\/2023\/08\/1-liste-de-noms-2.png\" \/>\n<meta name=\"twitter:card\" content=\"summary_large_image\" \/>\n<meta name=\"twitter:label1\" content=\"Tiempo de lectura\" \/>\n\t<meta name=\"twitter:data1\" content=\"2 minutos\" \/>\n<script type=\"application\/ld+json\" class=\"yoast-schema-graph\">{\"@context\":\"https:\/\/schema.org\",\"@graph\":[{\"@type\":\"WebPage\",\"@id\":\"https:\/\/exceladvisor.org\/es\/aleatorizar-la-lista\/\",\"url\":\"https:\/\/exceladvisor.org\/es\/aleatorizar-la-lista\/\",\"name\":\"\u00bfc\u00f3mo mezclar datos en excel?\",\"isPartOf\":{\"@id\":\"https:\/\/exceladvisor.org\/es\/#website\"},\"primaryImageOfPage\":{\"@id\":\"https:\/\/exceladvisor.org\/es\/aleatorizar-la-lista\/#primaryimage\"},\"image\":{\"@id\":\"https:\/\/exceladvisor.org\/es\/aleatorizar-la-lista\/#primaryimage\"},\"thumbnailUrl\":\"https:\/\/exceladvisor.org\/wp-content\/uploads\/2023\/08\/1-liste-de-noms-2.png\",\"datePublished\":\"2023-11-04T02:16:46+00:00\",\"dateModified\":\"2023-12-25T10:26:05+00:00\",\"breadcrumb\":{\"@id\":\"https:\/\/exceladvisor.org\/es\/aleatorizar-la-lista\/#breadcrumb\"},\"inLanguage\":\"es\",\"potentialAction\":[{\"@type\":\"ReadAction\",\"target\":[\"https:\/\/exceladvisor.org\/es\/aleatorizar-la-lista\/\"]}]},{\"@type\":\"ImageObject\",\"inLanguage\":\"es\",\"@id\":\"https:\/\/exceladvisor.org\/es\/aleatorizar-la-lista\/#primaryimage\",\"url\":\"https:\/\/exceladvisor.org\/wp-content\/uploads\/2023\/08\/1-liste-de-noms-2.png\",\"contentUrl\":\"https:\/\/exceladvisor.org\/wp-content\/uploads\/2023\/08\/1-liste-de-noms-2.png\"},{\"@type\":\"BreadcrumbList\",\"@id\":\"https:\/\/exceladvisor.org\/es\/aleatorizar-la-lista\/#breadcrumb\",\"itemListElement\":[{\"@type\":\"ListItem\",\"position\":1,\"name\":\"Hogar\",\"item\":\"https:\/\/exceladvisor.org\/es\/\"},{\"@type\":\"ListItem\",\"position\":2,\"name\":\"\u00bfc\u00f3mo mezclar datos en excel?\"}]},{\"@type\":\"WebSite\",\"@id\":\"https:\/\/exceladvisor.org\/es\/#website\",\"url\":\"https:\/\/exceladvisor.org\/es\/\",\"name\":\"Excel Advisor\",\"description\":\"Su gu\u00eda para la dominaci\u00f3n de datos!\",\"publisher\":{\"@id\":\"https:\/\/exceladvisor.org\/es\/#organization\"},\"potentialAction\":[{\"@type\":\"SearchAction\",\"target\":{\"@type\":\"EntryPoint\",\"urlTemplate\":\"https:\/\/exceladvisor.org\/es\/?s={search_term_string}\"},\"query-input\":{\"@type\":\"PropertyValueSpecification\",\"valueRequired\":true,\"valueName\":\"search_term_string\"}}],\"inLanguage\":\"es\"},{\"@type\":\"Organization\",\"@id\":\"https:\/\/exceladvisor.org\/es\/#organization\",\"name\":\"Excel Advisor\",\"url\":\"https:\/\/exceladvisor.org\/es\/\",\"logo\":{\"@type\":\"ImageObject\",\"inLanguage\":\"es\",\"@id\":\"https:\/\/exceladvisor.org\/es\/#\/schema\/logo\/image\/\",\"url\":\"https:\/\/exceladvisor.org\/es\/wp-content\/uploads\/2023\/12\/exceladvisor.org_.png\",\"contentUrl\":\"https:\/\/exceladvisor.org\/es\/wp-content\/uploads\/2023\/12\/exceladvisor.org_.png\",\"width\":105,\"height\":36,\"caption\":\"Excel Advisor\"},\"image\":{\"@id\":\"https:\/\/exceladvisor.org\/es\/#\/schema\/logo\/image\/\"}}]}<\/script>\n<!-- \/ Yoast SEO plugin. -->","yoast_head_json":{"title":"\u00bfc\u00f3mo mezclar datos en excel?","robots":{"index":"index","follow":"follow","max-snippet":"max-snippet:-1","max-image-preview":"max-image-preview:large","max-video-preview":"max-video-preview:-1"},"canonical":"https:\/\/exceladvisor.org\/es\/aleatorizar-la-lista\/","og_locale":"es_ES","og_type":"article","og_title":"\u00bfc\u00f3mo mezclar datos en excel?","og_description":"Aleatorizar la lista de valores en Excel significa que puede ordenar los datos de forma aleatoria. Y para eso necesitas usar la funci\u00f3n RAND de Excel y junto con eso necesitas usar la funci\u00f3n de clasificaci\u00f3n que usas para ordenar los datos. RAND proporciona valores aleatorios que ayudan a mezclar estos datos de forma aleatoria. [&hellip;]","og_url":"https:\/\/exceladvisor.org\/es\/aleatorizar-la-lista\/","og_site_name":"Excel Advisor","article_modified_time":"2023-12-25T10:26:05+00:00","og_image":[{"url":"https:\/\/exceladvisor.org\/wp-content\/uploads\/2023\/08\/1-liste-de-noms-2.png","type":"","width":"","height":""}],"twitter_card":"summary_large_image","twitter_misc":{"Tiempo de lectura":"2 minutos"},"schema":{"@context":"https:\/\/schema.org","@graph":[{"@type":"WebPage","@id":"https:\/\/exceladvisor.org\/es\/aleatorizar-la-lista\/","url":"https:\/\/exceladvisor.org\/es\/aleatorizar-la-lista\/","name":"\u00bfc\u00f3mo mezclar datos en excel?","isPartOf":{"@id":"https:\/\/exceladvisor.org\/es\/#website"},"primaryImageOfPage":{"@id":"https:\/\/exceladvisor.org\/es\/aleatorizar-la-lista\/#primaryimage"},"image":{"@id":"https:\/\/exceladvisor.org\/es\/aleatorizar-la-lista\/#primaryimage"},"thumbnailUrl":"https:\/\/exceladvisor.org\/wp-content\/uploads\/2023\/08\/1-liste-de-noms-2.png","datePublished":"2023-11-04T02:16:46+00:00","dateModified":"2023-12-25T10:26:05+00:00","breadcrumb":{"@id":"https:\/\/exceladvisor.org\/es\/aleatorizar-la-lista\/#breadcrumb"},"inLanguage":"es","potentialAction":[{"@type":"ReadAction","target":["https:\/\/exceladvisor.org\/es\/aleatorizar-la-lista\/"]}]},{"@type":"ImageObject","inLanguage":"es","@id":"https:\/\/exceladvisor.org\/es\/aleatorizar-la-lista\/#primaryimage","url":"https:\/\/exceladvisor.org\/wp-content\/uploads\/2023\/08\/1-liste-de-noms-2.png","contentUrl":"https:\/\/exceladvisor.org\/wp-content\/uploads\/2023\/08\/1-liste-de-noms-2.png"},{"@type":"BreadcrumbList","@id":"https:\/\/exceladvisor.org\/es\/aleatorizar-la-lista\/#breadcrumb","itemListElement":[{"@type":"ListItem","position":1,"name":"Hogar","item":"https:\/\/exceladvisor.org\/es\/"},{"@type":"ListItem","position":2,"name":"\u00bfc\u00f3mo mezclar datos en excel?"}]},{"@type":"WebSite","@id":"https:\/\/exceladvisor.org\/es\/#website","url":"https:\/\/exceladvisor.org\/es\/","name":"Excel Advisor","description":"Su gu\u00eda para la dominaci\u00f3n de datos!","publisher":{"@id":"https:\/\/exceladvisor.org\/es\/#organization"},"potentialAction":[{"@type":"SearchAction","target":{"@type":"EntryPoint","urlTemplate":"https:\/\/exceladvisor.org\/es\/?s={search_term_string}"},"query-input":{"@type":"PropertyValueSpecification","valueRequired":true,"valueName":"search_term_string"}}],"inLanguage":"es"},{"@type":"Organization","@id":"https:\/\/exceladvisor.org\/es\/#organization","name":"Excel Advisor","url":"https:\/\/exceladvisor.org\/es\/","logo":{"@type":"ImageObject","inLanguage":"es","@id":"https:\/\/exceladvisor.org\/es\/#\/schema\/logo\/image\/","url":"https:\/\/exceladvisor.org\/es\/wp-content\/uploads\/2023\/12\/exceladvisor.org_.png","contentUrl":"https:\/\/exceladvisor.org\/es\/wp-content\/uploads\/2023\/12\/exceladvisor.org_.png","width":105,"height":36,"caption":"Excel Advisor"},"image":{"@id":"https:\/\/exceladvisor.org\/es\/#\/schema\/logo\/image\/"}}]}},"yoast_meta":{"yoast_wpseo_title":"","yoast_wpseo_metadesc":"","yoast_wpseo_canonical":""},"_links":{"self":[{"href":"https:\/\/exceladvisor.org\/es\/wp-json\/wp\/v2\/pages\/327","targetHints":{"allow":["GET"]}}],"collection":[{"href":"https:\/\/exceladvisor.org\/es\/wp-json\/wp\/v2\/pages"}],"about":[{"href":"https:\/\/exceladvisor.org\/es\/wp-json\/wp\/v2\/types\/page"}],"author":[{"embeddable":true,"href":"https:\/\/exceladvisor.org\/es\/wp-json\/wp\/v2\/users\/1"}],"replies":[{"embeddable":true,"href":"https:\/\/exceladvisor.org\/es\/wp-json\/wp\/v2\/comments?post=327"}],"version-history":[{"count":1,"href":"https:\/\/exceladvisor.org\/es\/wp-json\/wp\/v2\/pages\/327\/revisions"}],"predecessor-version":[{"id":1119,"href":"https:\/\/exceladvisor.org\/es\/wp-json\/wp\/v2\/pages\/327\/revisions\/1119"}],"wp:attachment":[{"href":"https:\/\/exceladvisor.org\/es\/wp-json\/wp\/v2\/media?parent=327"}],"curies":[{"name":"wp","href":"https:\/\/api.w.org\/{rel}","templated":true}]}}