{"id":328,"date":"2023-11-04T01:51:44","date_gmt":"2023-11-04T01:51:44","guid":{"rendered":"https:\/\/exceladvisor.org\/es\/mes-entre-dos-fechas\/"},"modified":"2023-12-25T10:24:45","modified_gmt":"2023-12-25T10:24:45","slug":"mes-entre-dos-fechas","status":"publish","type":"page","link":"https:\/\/exceladvisor.org\/es\/mes-entre-dos-fechas\/","title":{"rendered":"\u00bfc\u00f3mo contar meses entre dos fechas en excel?"},"content":{"rendered":"<div class=\"excel-antes-del-contenido\" id=\"excel-4222847280\"><script type=\"text\/javascript\">\r\n\tatOptions = {\r\n\t\t'key' : 'c1158f160081d6540a8409e6925dab94',\r\n\t\t'format' : 'iframe',\r\n\t\t'height' : 250,\r\n\t\t'width' : 300,\r\n\t\t'params' : {}\r\n\t};\r\n<\/script>\r\n<script type=\"text\/javascript\" src=\"\/\/www.highperformanceformat.com\/c1158f160081d6540a8409e6925dab94\/invoke.js\"><\/script><\/div><p>En Excel, para obtener el n\u00famero de meses entre dos fechas, la mejor forma es utilizar la funci\u00f3n DATEDIF. En esta funci\u00f3n debe especificar la fecha de inicio y la fecha de finalizaci\u00f3n. Despu\u00e9s de eso, tambi\u00e9n deber\u00e1 especificar la unidad en la que desea obtener el resultado.<\/p>\n<p> En el siguiente ejemplo, tenemos dos fechas en las celdas A2 y B2. <\/p>\n<div class=\"wp-block-image\">\n<figure class=\"aligncenter size-full is-resized\"><img loading=\"lazy\" decoding=\"async\" class=\"wp-image-69850\" src=\"https:\/\/exceladvisor.org\/wp-content\/uploads\/2023\/08\/1-deux-dates-dans-les-cellules.png\" sizes=\"auto, \" srcset=\"\" alt=\"dos citas en celdas\" width=\"419\" height=\"319\"><\/figure>\n<\/div>\n<h2 class=\"wp-block-heading\"> F\u00f3rmula para obtener meses entre dos fechas (DATEDIF)<\/h2>\n<ol type=\"1\">\n<li> Primero, en la celda C2, ingrese la funci\u00f3n FECHA.SI.<\/li>\n<li> Despu\u00e9s de eso, en el primer argumento, consulte la celda A2 donde tiene la fecha de inicio.<\/li>\n<li> Luego, en el segundo argumento, consulte B2 donde tiene la fecha de finalizaci\u00f3n.<\/li>\n<li> Ahora, en el tercer argumento, ingrese \u00abm\u00bb.<\/li>\n<li> Al final, presione Enter para obtener el resultado. <\/li>\n<\/ol>\n<div class=\"wp-block-image\">\n<figure class=\"aligncenter size-full is-resized\"><img loading=\"lazy\" decoding=\"async\" class=\"wp-image-69851\" src=\"https:\/\/exceladvisor.org\/wp-content\/uploads\/2023\/08\/2-dates-si-formule.png\" sizes=\"auto, \" srcset=\"\" alt=\"f\u00f3rmula-fechada\" width=\"463\" height=\"302\"><\/figure>\n<\/div>\n<p> Aqu\u00ed puedes ver que tienes 11 en el resultado, lo cual es correcto porque tenemos 11 meses entre marzo de 2021 y febrero de 2022.<\/p>\n<pre class=\"wp-block-code\"> <code class=\"language-excel-formula\" lang=\"excel-formula\">=DATEDIF(A2,B2,\"m\")<\/code><\/pre>\n<p> Como vio cuando ingres\u00f3 a la funci\u00f3n DATEDIF, Excel no muestra la funci\u00f3n y no encontrar\u00e1 esta funci\u00f3n en la lista de funciones de la lista. Puede obtener m\u00e1s informaci\u00f3n sobre DATEDIF desde aqu\u00ed. Tambi\u00e9n puedes usar DATEDIF para mostrar meses y d\u00edas por separado, pero en una sola celda. <\/p>\n<div class=\"wp-block-image\">\n<figure class=\"aligncenter size-full is-resized\"><img loading=\"lazy\" decoding=\"async\" class=\"wp-image-69852\" src=\"https:\/\/exceladvisor.org\/wp-content\/uploads\/2023\/08\/3-dates-pour-afficher-les-mois-jours-separement.png\" sizes=\"auto, \" srcset=\"\" alt=\"fechado-para-mostrar-los-d\u00edas-del-mes-por-separado\" width=\"720\" height=\"355\"><\/figure>\n<\/div>\n<p> En la f\u00f3rmula anterior, usamos DATEDIF dos veces para obtener meses, luego d\u00edas y luego concatenamos las dos f\u00f3rmulas para obtener un resultado completo.<\/p>\n<h2 class=\"wp-block-heading\"> Mes entre dos fechas usando YEARFRAC<\/h2>\n<p> Puede haber una situaci\u00f3n en la que necesitemos contar los meses entre 2 fechas, pero tambi\u00e9n debemos considerar los d\u00edas que tenemos despu\u00e9s de que terminaron los meses. En este caso, la mejor forma es utilizar la funci\u00f3n YEARFRAC.<\/p>\n<p> En YEARFRAC, debe especificar la fecha de inicio en el primer argumento y luego debe especificar la fecha de finalizaci\u00f3n en el segundo argumento. Y luego usa el signo de asterisco para multiplicarlo por 12.<\/p>\n<p> Ahora, una vez que presiones Enter, obtendr\u00e1s el n\u00famero total de meses entre estas dos fechas como n\u00fameros enteros y d\u00edas como decimales. <\/p>\n<div class=\"wp-block-image\">\n<figure class=\"aligncenter size-full is-resized\"><img loading=\"lazy\" decoding=\"async\" class=\"wp-image-69853\" src=\"https:\/\/exceladvisor.org\/wp-content\/uploads\/2023\/08\/Fonction-frac-de-4-ans.png\" sizes=\"auto, \" srcset=\"\" alt=\"funci\u00f3n a\u00f1ofrac\" width=\"495\" height=\"266\"><\/figure>\n<\/div>\n<p> En el ejemplo anterior, tenemos el 1 de marzo de 2021 como fecha de inicio y el 23 de febrero de 2022 como fecha de finalizaci\u00f3n. Ahora cuando uso YEARFRAC me devuelve 11,73 donde 11 es el n\u00famero de meses y 0,73 es el valor decimal que representa los 23 d\u00edas que tenemos en el mes de febrero.<\/p>\n<p> Si desea redondear el resultado, puede ajustar esta f\u00f3rmula con la funci\u00f3n redondear. <\/p>\n<div class=\"wp-block-image\">\n<figure class=\"aligncenter size-full is-resized\"><img loading=\"lazy\" decoding=\"async\" class=\"wp-image-69854\" src=\"https:\/\/exceladvisor.org\/wp-content\/uploads\/2023\/08\/5-tours-avec-fonction-yearfrac.png\" sizes=\"auto, \" srcset=\"\" alt=\"funci\u00f3n redondeo con a\u00f1ofracci\u00f3n\" width=\"608\" height=\"287\"><\/figure>\n<\/div>\n<h2 class=\"wp-block-heading\"> Usando la funci\u00f3n A\u00d1O + MES para obtener el mes entre dos fechas<\/h2>\n<p> Existe otro m\u00e9todo que puede utilizar para obtener el recuento de meses entre dos fechas. Al combinar las funciones A\u00d1O y MES, puede crear la siguiente f\u00f3rmula que devuelve meses. <\/p>\n<pre class=\"wp-block-code\"> <code class=\"language-excel-formula\" lang=\"excel-formula\">=(YEAR(B2)-YEAR(A2))*12+MONTH(B2)-MONTH(A2)<\/code><\/pre>\n<div class=\"wp-block-image\">\n<figure class=\"aligncenter size-full is-resized\"><img loading=\"lazy\" decoding=\"async\" class=\"wp-image-69855\" src=\"https:\/\/exceladvisor.org\/wp-content\/uploads\/2023\/08\/Fonction-6-ans-plus-mois.png\" sizes=\"auto, \" srcset=\"\" alt=\"funci\u00f3n a\u00f1o m\u00e1s mes\" width=\"672\" height=\"292\"><\/figure>\n<\/div>\n<p> Para comprender esta funci\u00f3n, debes dividirla en dos partes:<\/p>\n<p> En la primera parte, donde tenemos la funci\u00f3n a\u00f1o, toma el a\u00f1o de la fecha de finalizaci\u00f3n, luego el a\u00f1o de la fecha de inicio y luego lo multiplica por doce. Esta parte devuelve la cantidad de meses que tienes entre fechas. <\/p>\n<div class=\"wp-block-image\">\n<figure class=\"aligncenter size-full is-resized\"><img loading=\"lazy\" decoding=\"async\" class=\"wp-image-69856\" src=\"https:\/\/exceladvisor.org\/wp-content\/uploads\/2023\/08\/7-premiere-partie-de-la-fonction.png\" sizes=\"auto, \" srcset=\"\" alt=\"primera parte de la funci\u00f3n\" width=\"583\" height=\"308\"><\/figure>\n<\/div>\n<p> Esta parte de la f\u00f3rmula solo hace diferencia cuando tienes fechas con a\u00f1os diferentes, ambas fechas tienen los mismos a\u00f1os, entonces esta parte no har\u00e1 ninguna diferencia en el c\u00e1lculo. Como puedes ver tenemos 2021 y 2022 y el resultado que da esta parte de la f\u00f3rmula es 12.<\/p>\n<p> En la segunda parte, restamos el mes de la fecha de finalizaci\u00f3n del mes de la fecha de inicio. Y esta parte tambi\u00e9n ignora los d\u00edas a los que tenemos acceso. <\/p>\n<div class=\"wp-block-image\">\n<figure class=\"aligncenter size-full is-resized\"><img loading=\"lazy\" decoding=\"async\" class=\"wp-image-69857\" src=\"https:\/\/exceladvisor.org\/wp-content\/uploads\/2023\/08\/8-deuxieme-partie-de-fonction.png\" sizes=\"auto, \" srcset=\"\" alt=\"segunda parte de la funci\u00f3n\" width=\"560\" height=\"318\"><\/figure>\n<\/div>\n<p> Entonces, cuando restamos marzo (3) de febrero (2), obtenemos -1 en el resultado.<\/p>\n<p> Luego de eso al final se le resta -1 a 12 y obtenemos 11 que es el n\u00famero total de meses que tenemos entre las dos fechas. Si me preguntas qu\u00e9 m\u00e9todo me gusta m\u00e1s, dir\u00eda DATEDIF que es sencillo de usar y f\u00e1cil de entender por parte del usuario. <\/p>\n<div class=\"gb-container gb-container-52dfcee1 gb-container-sample-file\">\n<h2 class=\"gb-headline gb-headline-e289c143 gb-headline-text gb-headline-4f7959c2\"> Obtener el archivo Excel<\/h2>\n<p> <a class=\"gb-button gb-button-e88d6bee gb-button-text gb-button-button1\" href=\"https:\/\/exceladvisor.org\/wp-content\/uploads\/2023\/08\/mois-entre-les-dates.xlsx\" rel=\"nofollow\">Descargar<\/a><\/p>\n<\/div>\n<div class=\"gb-container gb-container-0df56012 gb-container-mt\"> <a class=\"gb-button gb-button-f9f432f4 gb-button-text gb-button-mt-button\" href=\"https:\/\/exceladvisor.org\/es\/formulas\/\">Lista de f\u00f3rmulas de Excel<\/a><\/p>\n<h2 class=\"gb-headline gb-headline-233444e8 gb-headline-text gb-headline-mt-heading\"> F\u00f3rmulas relacionadas <\/h2>\n<div class=\"gb-grid-wrapper gb-grid-wrapper-a16fa65c gb-grid-wrapper-mt-grid\">\n<div class=\"gb-grid-column gb-grid-column-50d07e0d\">\n<div class=\"gb-container gb-container-50d07e0d\">\n<ul>\n<li> <a href=\"https:\/\/exceladvisor.org\/es\/agregar-un-mes-a-una-fecha-2\/\">Agregar un mes a una fecha en Excel<\/a><\/li>\n<li> <a href=\"https:\/\/exceladvisor.org\/es\/final-de-mes\/\">Obtener fecha de fin de mes en Excel<\/a><\/li>\n<li> <a href=\"https:\/\/exceladvisor.org\/es\/primer-dia-del-mes-2\/\">Obtener el primer d\u00eda del mes en Excel (inicio de mes)<\/a><\/li>\n<li> <a href=\"https:\/\/exceladvisor.org\/es\/nombre-del-mes\/\">Obtener mes a partir de una fecha en Excel (extracto)<\/a><\/li>\n<li> <a href=\"https:\/\/exceladvisor.org\/es\/cuarto\/\">Obtener un trimestre a partir de una fecha [Fiscal + Calendario] en Excel<\/a> <\/li>\n<\/ul>\n<\/div>\n<\/div>\n<div class=\"gb-grid-column gb-grid-column-5b4a0cf9\">\n<div class=\"gb-container gb-container-5b4a0cf9\"><\/div>\n<\/div>\n<\/div>\n<\/div>\n","protected":false},"excerpt":{"rendered":"<p>En Excel, para obtener el n\u00famero de meses entre dos fechas, la mejor forma es utilizar la funci\u00f3n DATEDIF. En esta funci\u00f3n debe especificar la fecha de inicio y la fecha de finalizaci\u00f3n. Despu\u00e9s de eso, tambi\u00e9n deber\u00e1 especificar la unidad en la que desea obtener el resultado. En el siguiente ejemplo, tenemos dos fechas [&hellip;]<\/p>\n","protected":false},"author":1,"featured_media":0,"parent":0,"menu_order":0,"comment_status":"open","ping_status":"closed","template":"","meta":{"ub_ctt_via":"","footnotes":""},"class_list":["post-328","page","type-page","status-publish","hentry"],"featured_image_src":null,"yoast_head":"<!-- This site is optimized with the Yoast SEO plugin v25.4 - https:\/\/yoast.com\/wordpress\/plugins\/seo\/ -->\n<title>\u00bfc\u00f3mo contar meses entre dos fechas en excel?<\/title>\n<meta name=\"robots\" content=\"index, follow, max-snippet:-1, max-image-preview:large, max-video-preview:-1\" \/>\n<link rel=\"canonical\" href=\"https:\/\/exceladvisor.org\/es\/mes-entre-dos-fechas\/\" \/>\n<meta property=\"og:locale\" content=\"es_ES\" \/>\n<meta property=\"og:type\" content=\"article\" \/>\n<meta property=\"og:title\" content=\"\u00bfc\u00f3mo contar meses entre dos fechas en excel?\" \/>\n<meta property=\"og:description\" content=\"En Excel, para obtener el n\u00famero de meses entre dos fechas, la mejor forma es utilizar la funci\u00f3n DATEDIF. En esta funci\u00f3n debe especificar la fecha de inicio y la fecha de finalizaci\u00f3n. Despu\u00e9s de eso, tambi\u00e9n deber\u00e1 especificar la unidad en la que desea obtener el resultado. En el siguiente ejemplo, tenemos dos fechas [&hellip;]\" \/>\n<meta property=\"og:url\" content=\"https:\/\/exceladvisor.org\/es\/mes-entre-dos-fechas\/\" \/>\n<meta property=\"og:site_name\" content=\"Excel Advisor\" \/>\n<meta property=\"article:modified_time\" content=\"2023-12-25T10:24:45+00:00\" \/>\n<meta property=\"og:image\" content=\"https:\/\/exceladvisor.org\/wp-content\/uploads\/2023\/08\/1-deux-dates-dans-les-cellules.png\" \/>\n<meta name=\"twitter:card\" content=\"summary_large_image\" \/>\n<meta name=\"twitter:label1\" content=\"Tiempo de lectura\" \/>\n\t<meta name=\"twitter:data1\" content=\"4 minutos\" \/>\n<script type=\"application\/ld+json\" class=\"yoast-schema-graph\">{\"@context\":\"https:\/\/schema.org\",\"@graph\":[{\"@type\":\"WebPage\",\"@id\":\"https:\/\/exceladvisor.org\/es\/mes-entre-dos-fechas\/\",\"url\":\"https:\/\/exceladvisor.org\/es\/mes-entre-dos-fechas\/\",\"name\":\"\u00bfc\u00f3mo contar meses entre dos fechas en excel?\",\"isPartOf\":{\"@id\":\"https:\/\/exceladvisor.org\/es\/#website\"},\"primaryImageOfPage\":{\"@id\":\"https:\/\/exceladvisor.org\/es\/mes-entre-dos-fechas\/#primaryimage\"},\"image\":{\"@id\":\"https:\/\/exceladvisor.org\/es\/mes-entre-dos-fechas\/#primaryimage\"},\"thumbnailUrl\":\"https:\/\/exceladvisor.org\/wp-content\/uploads\/2023\/08\/1-deux-dates-dans-les-cellules.png\",\"datePublished\":\"2023-11-04T01:51:44+00:00\",\"dateModified\":\"2023-12-25T10:24:45+00:00\",\"breadcrumb\":{\"@id\":\"https:\/\/exceladvisor.org\/es\/mes-entre-dos-fechas\/#breadcrumb\"},\"inLanguage\":\"es\",\"potentialAction\":[{\"@type\":\"ReadAction\",\"target\":[\"https:\/\/exceladvisor.org\/es\/mes-entre-dos-fechas\/\"]}]},{\"@type\":\"ImageObject\",\"inLanguage\":\"es\",\"@id\":\"https:\/\/exceladvisor.org\/es\/mes-entre-dos-fechas\/#primaryimage\",\"url\":\"https:\/\/exceladvisor.org\/wp-content\/uploads\/2023\/08\/1-deux-dates-dans-les-cellules.png\",\"contentUrl\":\"https:\/\/exceladvisor.org\/wp-content\/uploads\/2023\/08\/1-deux-dates-dans-les-cellules.png\"},{\"@type\":\"BreadcrumbList\",\"@id\":\"https:\/\/exceladvisor.org\/es\/mes-entre-dos-fechas\/#breadcrumb\",\"itemListElement\":[{\"@type\":\"ListItem\",\"position\":1,\"name\":\"Hogar\",\"item\":\"https:\/\/exceladvisor.org\/es\/\"},{\"@type\":\"ListItem\",\"position\":2,\"name\":\"\u00bfc\u00f3mo contar meses entre dos fechas en excel?\"}]},{\"@type\":\"WebSite\",\"@id\":\"https:\/\/exceladvisor.org\/es\/#website\",\"url\":\"https:\/\/exceladvisor.org\/es\/\",\"name\":\"Excel Advisor\",\"description\":\"Su gu\u00eda para la dominaci\u00f3n de datos!\",\"publisher\":{\"@id\":\"https:\/\/exceladvisor.org\/es\/#organization\"},\"potentialAction\":[{\"@type\":\"SearchAction\",\"target\":{\"@type\":\"EntryPoint\",\"urlTemplate\":\"https:\/\/exceladvisor.org\/es\/?s={search_term_string}\"},\"query-input\":{\"@type\":\"PropertyValueSpecification\",\"valueRequired\":true,\"valueName\":\"search_term_string\"}}],\"inLanguage\":\"es\"},{\"@type\":\"Organization\",\"@id\":\"https:\/\/exceladvisor.org\/es\/#organization\",\"name\":\"Excel Advisor\",\"url\":\"https:\/\/exceladvisor.org\/es\/\",\"logo\":{\"@type\":\"ImageObject\",\"inLanguage\":\"es\",\"@id\":\"https:\/\/exceladvisor.org\/es\/#\/schema\/logo\/image\/\",\"url\":\"https:\/\/exceladvisor.org\/es\/wp-content\/uploads\/2023\/12\/exceladvisor.org_.png\",\"contentUrl\":\"https:\/\/exceladvisor.org\/es\/wp-content\/uploads\/2023\/12\/exceladvisor.org_.png\",\"width\":105,\"height\":36,\"caption\":\"Excel Advisor\"},\"image\":{\"@id\":\"https:\/\/exceladvisor.org\/es\/#\/schema\/logo\/image\/\"}}]}<\/script>\n<!-- \/ Yoast SEO plugin. -->","yoast_head_json":{"title":"\u00bfc\u00f3mo contar meses entre dos fechas en excel?","robots":{"index":"index","follow":"follow","max-snippet":"max-snippet:-1","max-image-preview":"max-image-preview:large","max-video-preview":"max-video-preview:-1"},"canonical":"https:\/\/exceladvisor.org\/es\/mes-entre-dos-fechas\/","og_locale":"es_ES","og_type":"article","og_title":"\u00bfc\u00f3mo contar meses entre dos fechas en excel?","og_description":"En Excel, para obtener el n\u00famero de meses entre dos fechas, la mejor forma es utilizar la funci\u00f3n DATEDIF. En esta funci\u00f3n debe especificar la fecha de inicio y la fecha de finalizaci\u00f3n. Despu\u00e9s de eso, tambi\u00e9n deber\u00e1 especificar la unidad en la que desea obtener el resultado. En el siguiente ejemplo, tenemos dos fechas [&hellip;]","og_url":"https:\/\/exceladvisor.org\/es\/mes-entre-dos-fechas\/","og_site_name":"Excel Advisor","article_modified_time":"2023-12-25T10:24:45+00:00","og_image":[{"url":"https:\/\/exceladvisor.org\/wp-content\/uploads\/2023\/08\/1-deux-dates-dans-les-cellules.png","type":"","width":"","height":""}],"twitter_card":"summary_large_image","twitter_misc":{"Tiempo de lectura":"4 minutos"},"schema":{"@context":"https:\/\/schema.org","@graph":[{"@type":"WebPage","@id":"https:\/\/exceladvisor.org\/es\/mes-entre-dos-fechas\/","url":"https:\/\/exceladvisor.org\/es\/mes-entre-dos-fechas\/","name":"\u00bfc\u00f3mo contar meses entre dos fechas en excel?","isPartOf":{"@id":"https:\/\/exceladvisor.org\/es\/#website"},"primaryImageOfPage":{"@id":"https:\/\/exceladvisor.org\/es\/mes-entre-dos-fechas\/#primaryimage"},"image":{"@id":"https:\/\/exceladvisor.org\/es\/mes-entre-dos-fechas\/#primaryimage"},"thumbnailUrl":"https:\/\/exceladvisor.org\/wp-content\/uploads\/2023\/08\/1-deux-dates-dans-les-cellules.png","datePublished":"2023-11-04T01:51:44+00:00","dateModified":"2023-12-25T10:24:45+00:00","breadcrumb":{"@id":"https:\/\/exceladvisor.org\/es\/mes-entre-dos-fechas\/#breadcrumb"},"inLanguage":"es","potentialAction":[{"@type":"ReadAction","target":["https:\/\/exceladvisor.org\/es\/mes-entre-dos-fechas\/"]}]},{"@type":"ImageObject","inLanguage":"es","@id":"https:\/\/exceladvisor.org\/es\/mes-entre-dos-fechas\/#primaryimage","url":"https:\/\/exceladvisor.org\/wp-content\/uploads\/2023\/08\/1-deux-dates-dans-les-cellules.png","contentUrl":"https:\/\/exceladvisor.org\/wp-content\/uploads\/2023\/08\/1-deux-dates-dans-les-cellules.png"},{"@type":"BreadcrumbList","@id":"https:\/\/exceladvisor.org\/es\/mes-entre-dos-fechas\/#breadcrumb","itemListElement":[{"@type":"ListItem","position":1,"name":"Hogar","item":"https:\/\/exceladvisor.org\/es\/"},{"@type":"ListItem","position":2,"name":"\u00bfc\u00f3mo contar meses entre dos fechas en excel?"}]},{"@type":"WebSite","@id":"https:\/\/exceladvisor.org\/es\/#website","url":"https:\/\/exceladvisor.org\/es\/","name":"Excel Advisor","description":"Su gu\u00eda para la dominaci\u00f3n de datos!","publisher":{"@id":"https:\/\/exceladvisor.org\/es\/#organization"},"potentialAction":[{"@type":"SearchAction","target":{"@type":"EntryPoint","urlTemplate":"https:\/\/exceladvisor.org\/es\/?s={search_term_string}"},"query-input":{"@type":"PropertyValueSpecification","valueRequired":true,"valueName":"search_term_string"}}],"inLanguage":"es"},{"@type":"Organization","@id":"https:\/\/exceladvisor.org\/es\/#organization","name":"Excel Advisor","url":"https:\/\/exceladvisor.org\/es\/","logo":{"@type":"ImageObject","inLanguage":"es","@id":"https:\/\/exceladvisor.org\/es\/#\/schema\/logo\/image\/","url":"https:\/\/exceladvisor.org\/es\/wp-content\/uploads\/2023\/12\/exceladvisor.org_.png","contentUrl":"https:\/\/exceladvisor.org\/es\/wp-content\/uploads\/2023\/12\/exceladvisor.org_.png","width":105,"height":36,"caption":"Excel Advisor"},"image":{"@id":"https:\/\/exceladvisor.org\/es\/#\/schema\/logo\/image\/"}}]}},"yoast_meta":{"yoast_wpseo_title":"","yoast_wpseo_metadesc":"","yoast_wpseo_canonical":""},"_links":{"self":[{"href":"https:\/\/exceladvisor.org\/es\/wp-json\/wp\/v2\/pages\/328","targetHints":{"allow":["GET"]}}],"collection":[{"href":"https:\/\/exceladvisor.org\/es\/wp-json\/wp\/v2\/pages"}],"about":[{"href":"https:\/\/exceladvisor.org\/es\/wp-json\/wp\/v2\/types\/page"}],"author":[{"embeddable":true,"href":"https:\/\/exceladvisor.org\/es\/wp-json\/wp\/v2\/users\/1"}],"replies":[{"embeddable":true,"href":"https:\/\/exceladvisor.org\/es\/wp-json\/wp\/v2\/comments?post=328"}],"version-history":[{"count":1,"href":"https:\/\/exceladvisor.org\/es\/wp-json\/wp\/v2\/pages\/328\/revisions"}],"predecessor-version":[{"id":951,"href":"https:\/\/exceladvisor.org\/es\/wp-json\/wp\/v2\/pages\/328\/revisions\/951"}],"wp:attachment":[{"href":"https:\/\/exceladvisor.org\/es\/wp-json\/wp\/v2\/media?parent=328"}],"curies":[{"name":"wp","href":"https:\/\/api.w.org\/{rel}","templated":true}]}}