{"id":329,"date":"2023-11-03T20:23:05","date_gmt":"2023-11-03T20:23:05","guid":{"rendered":"https:\/\/exceladvisor.org\/es\/cerrar\/"},"modified":"2023-12-25T10:23:37","modified_gmt":"2023-12-25T10:23:37","slug":"cerrar","status":"publish","type":"page","link":"https:\/\/exceladvisor.org\/es\/cerrar\/","title":{"rendered":"\u00bfc\u00f3mo bloquear r\u00e1pidamente una hoja de c\u00e1lculo en excel?"},"content":{"rendered":"<div class=\"excel-antes-del-contenido\" id=\"excel-1739191785\"><script type=\"text\/javascript\">\r\n\tatOptions = {\r\n\t\t'key' : 'c1158f160081d6540a8409e6925dab94',\r\n\t\t'format' : 'iframe',\r\n\t\t'height' : 250,\r\n\t\t'width' : 300,\r\n\t\t'params' : {}\r\n\t};\r\n<\/script>\r\n<script type=\"text\/javascript\" src=\"\/\/www.highperformanceformat.com\/c1158f160081d6540a8409e6925dab94\/invoke.js\"><\/script><\/div><p>En Excel, existe una opci\u00f3n para bloquear la hoja. Como sabe, tenemos cuatro tipos diferentes de hojas en Excel para usar y puede bloquear todas estas hojas. Este tutorial nos ense\u00f1a c\u00f3mo utilizar la opci\u00f3n \u201cProteger hoja\u201d. <\/p>\n<div class=\"wp-block-image\">\n<figure class=\"aligncenter size-full is-resized\"><img loading=\"lazy\" decoding=\"async\" class=\"wp-image-92692\" src=\"https:\/\/exceladvisor.org\/wp-content\/uploads\/2023\/08\/1-verrouiller-une-feuille.png\" sizes=\"auto, \" srcset=\"\" alt=\"bloquear una hoja\" width=\"764\" height=\"156\"><\/figure>\n<\/div>\n<h2 id=\"h-lock-protect-a-worksheet\" class=\"wp-block-heading\"> Bloquear \u00abProteger\u00bb una hoja de trabajo<\/h2>\n<ol>\n<li> Primero, haga clic derecho en la pesta\u00f1a de la hoja de trabajo, luego haga clic en \u00abProteger hoja\u00bb. <br \/><img loading=\"lazy\" decoding=\"async\" title=\"L\u00e1mina protectora en 2 clics\" src=\"https:\/\/exceladvisor.org\/wp-content\/uploads\/2023\/08\/2-cliquez-sur-la-feuille-de-protection.png\" sizes=\"auto, \" srcset=\"\" alt=\"2-click-on-protect-sheet\" width=\"453\" height=\"348\"><\/li>\n<li> En el <a href=\"https:\/\/exceladvisor.org\/es\/caja-de-dialogo\/\">cuadro de di\u00e1logo<\/a> \u00abProteger hoja\u00bb, seleccione las opciones que desea permitir que el usuario modifique. <br \/><img loading=\"lazy\" decoding=\"async\" title=\"3-elegir-qu\u00e9-opciones-los-usuarios-pueden-cambiar\" src=\"https:\/\/exceladvisor.org\/wp-content\/uploads\/2023\/08\/3-choisissez-les-options-que-les-utilisateurs-peuvent-modifier.png\" sizes=\"auto, \" srcset=\"\" alt=\"3-choose-options-that-users-can-edit\" width=\"247\" height=\"412\"><\/li>\n<li> E ingrese la contrase\u00f1a que desea aplicar y haga clic en Aceptar. <br \/><img loading=\"lazy\" decoding=\"async\" title=\"4-ingrese-contrase\u00f1a\" src=\"https:\/\/exceladvisor.org\/wp-content\/uploads\/2023\/08\/4-entrez-le-mot-de-passe.png\" sizes=\"auto, \" srcset=\"\" alt=\"4-enter-the-password\" width=\"301\" height=\"130\"><\/li>\n<li> Luego ingrese la misma contrase\u00f1a nuevamente para confirmar, luego haga clic en Aceptar para aplicar el bloqueo. <br \/><img loading=\"lazy\" decoding=\"async\" title=\"5-volver a ingresar la contrase\u00f1a para cumplir\" src=\"https:\/\/exceladvisor.org\/wp-content\/uploads\/2023\/08\/5-re-entrer-le-mot-de-passe-pour-se-conformer.png\" sizes=\"auto, \" srcset=\"\" alt=\"5-re-enter-password-to-conform\" width=\"318\" height=\"182\"><\/li>\n<\/ol>\n<p> Cuando hace clic en Aceptar, bloquea la hoja con la contrase\u00f1a especificada (123456). Cuando un usuario intenta editar una celda, se muestra un mensaje: \u00abLa celda o el gr\u00e1fico que est\u00e1 intentando editar est\u00e1 en una hoja protegida. Para realizar un cambio, desproteja una hoja. Es posible que se le solicite que ingrese una contrase\u00f1a. <\/p>\n<div class=\"wp-block-image\">\n<figure class=\"aligncenter size-full is-resized\"><img loading=\"lazy\" decoding=\"async\" class=\"wp-image-92697\" src=\"https:\/\/exceladvisor.org\/wp-content\/uploads\/2023\/08\/6-popup-pour-deproteger-la-feuille.png\" sizes=\"auto, \" srcset=\"\" alt=\"ventana emergente para desproteger hoja\" width=\"796\" height=\"162\"><\/figure>\n<\/div>\n<p> Para desproteger debe seguir los mismos pasos e ingresar la contrase\u00f1a que especific\u00f3 (123456). La protecci\u00f3n de la hoja permanece intacta incluso si mueve o copia la hoja a un libro nuevo o existente.<\/p>\n<p class=\"qt-tip\"> <strong>Nota<\/strong> : Puede omitir la especificaci\u00f3n de la contrase\u00f1a pero bloquear la hoja. En este caso, el usuario no necesita la contrase\u00f1a para desbloquear la hoja. Pero la s\u00e1bana tendr\u00e1 toda la protecci\u00f3n que especificaste.<\/p>\n<h2 id=\"h-lock-a-chart-sheet-macro-sheet-or-dialog-sheet\" class=\"wp-block-heading\"> Bloquear una hoja de gr\u00e1ficos, una hoja de macros o una hoja de di\u00e1logo<\/h2>\n<p> Como dije, puedes bloquear todo tipo de hojas y cada hoja contiene un conjunto de elementos que puedes proteger con el candado.<\/p>\n<h3 id=\"h-chart-sheet\" class=\"wp-block-heading\"> Hoja de gr\u00e1fico <\/h3>\n<div class=\"wp-block-image\">\n<figure class=\"aligncenter size-full is-resized\"><img loading=\"lazy\" decoding=\"async\" class=\"wp-image-92698\" src=\"https:\/\/exceladvisor.org\/wp-content\/uploads\/2023\/08\/7-verrouiller-une-macro-graphique-ou-une-feuille-de-dialogue.png\" sizes=\"auto, \" srcset=\"\" alt=\"bloquear una macro de gr\u00e1fico o una hoja de di\u00e1logo\" width=\"283\" height=\"244\"><\/figure>\n<\/div>\n<h3 id=\"h-macro-sheet\" class=\"wp-block-heading\"> hoja macro <\/h3>\n<div class=\"wp-block-image\">\n<figure class=\"aligncenter size-full is-resized\"><img loading=\"lazy\" decoding=\"async\" class=\"wp-image-92699\" src=\"https:\/\/exceladvisor.org\/wp-content\/uploads\/2023\/08\/Feuille-de-macro-a-8-serrures.png\" sizes=\"auto, \" srcset=\"\" alt=\"bloquear hoja de macros\" width=\"291\" height=\"251\"><\/figure>\n<\/div>\n<h3 id=\"h-dialog-sheet\" class=\"wp-block-heading\"> Hoja de di\u00e1logo <\/h3>\n<div class=\"wp-block-image\">\n<figure class=\"aligncenter size-full is-resized\"><img loading=\"lazy\" decoding=\"async\" class=\"wp-image-92700\" src=\"https:\/\/exceladvisor.org\/wp-content\/uploads\/2023\/08\/9-Verrouiller-la-feuille-de-dialogue.png\" sizes=\"auto, \" srcset=\"\" alt=\"bloquear hoja de di\u00e1logo\" width=\"318\" height=\"186\"><\/figure>\n<\/div>\n<p> Como puede ver en los ejemplos anteriores, especificar la contrase\u00f1a es opcional en las hojas. <\/p>\n<div class=\"gb-container gb-container-52dfcee1 gb-container-sample-file\">\n<h2 class=\"gb-headline gb-headline-e289c143 gb-headline-text gb-headline-4f7959c2\"> Obtener el archivo Excel<\/h2>\n<p> <a class=\"gb-button gb-button-e88d6bee gb-button-text gb-button-button1\" href=\"https:\/\/exceladvisor.org\/wp-content\/uploads\/2023\/08\/feuille-de-verrouillage.xlsx\" rel=\"nofollow\">Descargar<\/a> <\/div>\n<div class=\"gb-container gb-container-3044ba66 gb-container-mt\">\n<p class=\"gb-headline gb-headline-b5bb6270 gb-headline-text\"> <strong><a href=\"https:\/\/exceladvisor.org\/es\/conceptos-basicos-de-excel\/\">Conceptos b\u00e1sicos de Excel<\/a><\/strong> \/ <strong><a href=\"https:\/\/exceladvisor.org\/es\/hoja-de-calculo\/\" data-wpil=\"url\">Hoja de c\u00e1lculo de Excel<\/a><\/strong><\/p>\n<h2 class=\"gb-headline gb-headline-819d540d gb-headline-text gb-headline-mt-heading\"> M\u00e1s tutoriales <\/h2>\n<div class=\"gb-grid-wrapper gb-grid-wrapper-7f3d805a gb-grid-wrapper-mt-grid\">\n<div class=\"gb-grid-column gb-grid-column-7495e031\">\n<div class=\"gb-container gb-container-7495e031\">\n<ul>\n<li> <a href=\"https:\/\/exceladvisor.org\/es\/consolidar\/\">Consolidar datos de m\u00faltiples hojas de c\u00e1lculo<\/a><\/li>\n<li> <a href=\"https:\/\/exceladvisor.org\/es\/rebautizar\/\">Cambiar nombre de hoja en Excel<\/a><\/li>\n<li> <a href=\"https:\/\/exceladvisor.org\/es\/grupo-1\/\">Hojas de trabajo grupales en Excel<\/a><\/li>\n<li> <a href=\"https:\/\/exceladvisor.org\/es\/ver-uno-al-lado-del-otro\/\">Ver dos hojas una al lado de la otra en Excel<\/a> <\/li>\n<\/ul>\n<\/div>\n<\/div>\n<div class=\"gb-grid-column gb-grid-column-530ab33a\">\n<div class=\"gb-container gb-container-530ab33a\">\n<ul>\n<li> <a href=\"https:\/\/exceladvisor.org\/es\/mostrar\/\">Ver una hoja de Excel o todas las hojas (hoja de c\u00e1lculo)<\/a><\/li>\n<li> <a href=\"https:\/\/exceladvisor.org\/es\/eliminar-1\/\">Eliminar una hoja (hoja de trabajo) en Excel<\/a><\/li>\n<li> <a href=\"https:\/\/exceladvisor.org\/es\/duplicar\/\">Duplicar una hoja u hoja de c\u00e1lculo en Excel<\/a><\/li>\n<li> <a href=\"https:\/\/exceladvisor.org\/es\/enlace-a-otra-hoja\/\">Crear un hiperv\u00ednculo (enlace) a otra hoja de c\u00e1lculo<\/a><\/li>\n<\/ul>\n<\/div>\n<\/div>\n<\/div>\n<\/div>\n","protected":false},"excerpt":{"rendered":"<p>En Excel, existe una opci\u00f3n para bloquear la hoja. Como sabe, tenemos cuatro tipos diferentes de hojas en Excel para usar y puede bloquear todas estas hojas. Este tutorial nos ense\u00f1a c\u00f3mo utilizar la opci\u00f3n \u201cProteger hoja\u201d. Bloquear \u00abProteger\u00bb una hoja de trabajo Primero, haga clic derecho en la pesta\u00f1a de la hoja de trabajo, [&hellip;]<\/p>\n","protected":false},"author":1,"featured_media":0,"parent":0,"menu_order":0,"comment_status":"open","ping_status":"closed","template":"","meta":{"ub_ctt_via":"","footnotes":""},"class_list":["post-329","page","type-page","status-publish","hentry"],"featured_image_src":null,"yoast_head":"<!-- This site is optimized with the Yoast SEO plugin v25.4 - https:\/\/yoast.com\/wordpress\/plugins\/seo\/ -->\n<title>\u00bfc\u00f3mo bloquear r\u00e1pidamente una hoja de c\u00e1lculo en excel?<\/title>\n<meta name=\"robots\" content=\"index, follow, max-snippet:-1, max-image-preview:large, max-video-preview:-1\" \/>\n<link rel=\"canonical\" href=\"https:\/\/exceladvisor.org\/es\/cerrar\/\" \/>\n<meta property=\"og:locale\" content=\"es_ES\" \/>\n<meta property=\"og:type\" content=\"article\" \/>\n<meta property=\"og:title\" content=\"\u00bfc\u00f3mo bloquear r\u00e1pidamente una hoja de c\u00e1lculo en excel?\" \/>\n<meta property=\"og:description\" content=\"En Excel, existe una opci\u00f3n para bloquear la hoja. Como sabe, tenemos cuatro tipos diferentes de hojas en Excel para usar y puede bloquear todas estas hojas. Este tutorial nos ense\u00f1a c\u00f3mo utilizar la opci\u00f3n \u201cProteger hoja\u201d. Bloquear \u00abProteger\u00bb una hoja de trabajo Primero, haga clic derecho en la pesta\u00f1a de la hoja de trabajo, [&hellip;]\" \/>\n<meta property=\"og:url\" content=\"https:\/\/exceladvisor.org\/es\/cerrar\/\" \/>\n<meta property=\"og:site_name\" content=\"Excel Advisor\" \/>\n<meta property=\"article:modified_time\" content=\"2023-12-25T10:23:37+00:00\" \/>\n<meta property=\"og:image\" content=\"https:\/\/exceladvisor.org\/wp-content\/uploads\/2023\/08\/1-verrouiller-une-feuille.png\" \/>\n<meta name=\"twitter:card\" content=\"summary_large_image\" \/>\n<meta name=\"twitter:label1\" content=\"Tiempo de lectura\" \/>\n\t<meta name=\"twitter:data1\" content=\"2 minutos\" \/>\n<script type=\"application\/ld+json\" class=\"yoast-schema-graph\">{\"@context\":\"https:\/\/schema.org\",\"@graph\":[{\"@type\":\"WebPage\",\"@id\":\"https:\/\/exceladvisor.org\/es\/cerrar\/\",\"url\":\"https:\/\/exceladvisor.org\/es\/cerrar\/\",\"name\":\"\u00bfc\u00f3mo bloquear r\u00e1pidamente una hoja de c\u00e1lculo en excel?\",\"isPartOf\":{\"@id\":\"https:\/\/exceladvisor.org\/es\/#website\"},\"primaryImageOfPage\":{\"@id\":\"https:\/\/exceladvisor.org\/es\/cerrar\/#primaryimage\"},\"image\":{\"@id\":\"https:\/\/exceladvisor.org\/es\/cerrar\/#primaryimage\"},\"thumbnailUrl\":\"https:\/\/exceladvisor.org\/wp-content\/uploads\/2023\/08\/1-verrouiller-une-feuille.png\",\"datePublished\":\"2023-11-03T20:23:05+00:00\",\"dateModified\":\"2023-12-25T10:23:37+00:00\",\"breadcrumb\":{\"@id\":\"https:\/\/exceladvisor.org\/es\/cerrar\/#breadcrumb\"},\"inLanguage\":\"es\",\"potentialAction\":[{\"@type\":\"ReadAction\",\"target\":[\"https:\/\/exceladvisor.org\/es\/cerrar\/\"]}]},{\"@type\":\"ImageObject\",\"inLanguage\":\"es\",\"@id\":\"https:\/\/exceladvisor.org\/es\/cerrar\/#primaryimage\",\"url\":\"https:\/\/exceladvisor.org\/wp-content\/uploads\/2023\/08\/1-verrouiller-une-feuille.png\",\"contentUrl\":\"https:\/\/exceladvisor.org\/wp-content\/uploads\/2023\/08\/1-verrouiller-une-feuille.png\"},{\"@type\":\"BreadcrumbList\",\"@id\":\"https:\/\/exceladvisor.org\/es\/cerrar\/#breadcrumb\",\"itemListElement\":[{\"@type\":\"ListItem\",\"position\":1,\"name\":\"Hogar\",\"item\":\"https:\/\/exceladvisor.org\/es\/\"},{\"@type\":\"ListItem\",\"position\":2,\"name\":\"\u00bfc\u00f3mo bloquear r\u00e1pidamente una hoja de c\u00e1lculo en excel?\"}]},{\"@type\":\"WebSite\",\"@id\":\"https:\/\/exceladvisor.org\/es\/#website\",\"url\":\"https:\/\/exceladvisor.org\/es\/\",\"name\":\"Excel Advisor\",\"description\":\"Su gu\u00eda para la dominaci\u00f3n de datos!\",\"publisher\":{\"@id\":\"https:\/\/exceladvisor.org\/es\/#organization\"},\"potentialAction\":[{\"@type\":\"SearchAction\",\"target\":{\"@type\":\"EntryPoint\",\"urlTemplate\":\"https:\/\/exceladvisor.org\/es\/?s={search_term_string}\"},\"query-input\":{\"@type\":\"PropertyValueSpecification\",\"valueRequired\":true,\"valueName\":\"search_term_string\"}}],\"inLanguage\":\"es\"},{\"@type\":\"Organization\",\"@id\":\"https:\/\/exceladvisor.org\/es\/#organization\",\"name\":\"Excel Advisor\",\"url\":\"https:\/\/exceladvisor.org\/es\/\",\"logo\":{\"@type\":\"ImageObject\",\"inLanguage\":\"es\",\"@id\":\"https:\/\/exceladvisor.org\/es\/#\/schema\/logo\/image\/\",\"url\":\"https:\/\/exceladvisor.org\/es\/wp-content\/uploads\/2023\/12\/exceladvisor.org_.png\",\"contentUrl\":\"https:\/\/exceladvisor.org\/es\/wp-content\/uploads\/2023\/12\/exceladvisor.org_.png\",\"width\":105,\"height\":36,\"caption\":\"Excel Advisor\"},\"image\":{\"@id\":\"https:\/\/exceladvisor.org\/es\/#\/schema\/logo\/image\/\"}}]}<\/script>\n<!-- \/ Yoast SEO plugin. -->","yoast_head_json":{"title":"\u00bfc\u00f3mo bloquear r\u00e1pidamente una hoja de c\u00e1lculo en excel?","robots":{"index":"index","follow":"follow","max-snippet":"max-snippet:-1","max-image-preview":"max-image-preview:large","max-video-preview":"max-video-preview:-1"},"canonical":"https:\/\/exceladvisor.org\/es\/cerrar\/","og_locale":"es_ES","og_type":"article","og_title":"\u00bfc\u00f3mo bloquear r\u00e1pidamente una hoja de c\u00e1lculo en excel?","og_description":"En Excel, existe una opci\u00f3n para bloquear la hoja. Como sabe, tenemos cuatro tipos diferentes de hojas en Excel para usar y puede bloquear todas estas hojas. Este tutorial nos ense\u00f1a c\u00f3mo utilizar la opci\u00f3n \u201cProteger hoja\u201d. Bloquear \u00abProteger\u00bb una hoja de trabajo Primero, haga clic derecho en la pesta\u00f1a de la hoja de trabajo, [&hellip;]","og_url":"https:\/\/exceladvisor.org\/es\/cerrar\/","og_site_name":"Excel Advisor","article_modified_time":"2023-12-25T10:23:37+00:00","og_image":[{"url":"https:\/\/exceladvisor.org\/wp-content\/uploads\/2023\/08\/1-verrouiller-une-feuille.png","type":"","width":"","height":""}],"twitter_card":"summary_large_image","twitter_misc":{"Tiempo de lectura":"2 minutos"},"schema":{"@context":"https:\/\/schema.org","@graph":[{"@type":"WebPage","@id":"https:\/\/exceladvisor.org\/es\/cerrar\/","url":"https:\/\/exceladvisor.org\/es\/cerrar\/","name":"\u00bfc\u00f3mo bloquear r\u00e1pidamente una hoja de c\u00e1lculo en excel?","isPartOf":{"@id":"https:\/\/exceladvisor.org\/es\/#website"},"primaryImageOfPage":{"@id":"https:\/\/exceladvisor.org\/es\/cerrar\/#primaryimage"},"image":{"@id":"https:\/\/exceladvisor.org\/es\/cerrar\/#primaryimage"},"thumbnailUrl":"https:\/\/exceladvisor.org\/wp-content\/uploads\/2023\/08\/1-verrouiller-une-feuille.png","datePublished":"2023-11-03T20:23:05+00:00","dateModified":"2023-12-25T10:23:37+00:00","breadcrumb":{"@id":"https:\/\/exceladvisor.org\/es\/cerrar\/#breadcrumb"},"inLanguage":"es","potentialAction":[{"@type":"ReadAction","target":["https:\/\/exceladvisor.org\/es\/cerrar\/"]}]},{"@type":"ImageObject","inLanguage":"es","@id":"https:\/\/exceladvisor.org\/es\/cerrar\/#primaryimage","url":"https:\/\/exceladvisor.org\/wp-content\/uploads\/2023\/08\/1-verrouiller-une-feuille.png","contentUrl":"https:\/\/exceladvisor.org\/wp-content\/uploads\/2023\/08\/1-verrouiller-une-feuille.png"},{"@type":"BreadcrumbList","@id":"https:\/\/exceladvisor.org\/es\/cerrar\/#breadcrumb","itemListElement":[{"@type":"ListItem","position":1,"name":"Hogar","item":"https:\/\/exceladvisor.org\/es\/"},{"@type":"ListItem","position":2,"name":"\u00bfc\u00f3mo bloquear r\u00e1pidamente una hoja de c\u00e1lculo en excel?"}]},{"@type":"WebSite","@id":"https:\/\/exceladvisor.org\/es\/#website","url":"https:\/\/exceladvisor.org\/es\/","name":"Excel Advisor","description":"Su gu\u00eda para la dominaci\u00f3n de datos!","publisher":{"@id":"https:\/\/exceladvisor.org\/es\/#organization"},"potentialAction":[{"@type":"SearchAction","target":{"@type":"EntryPoint","urlTemplate":"https:\/\/exceladvisor.org\/es\/?s={search_term_string}"},"query-input":{"@type":"PropertyValueSpecification","valueRequired":true,"valueName":"search_term_string"}}],"inLanguage":"es"},{"@type":"Organization","@id":"https:\/\/exceladvisor.org\/es\/#organization","name":"Excel Advisor","url":"https:\/\/exceladvisor.org\/es\/","logo":{"@type":"ImageObject","inLanguage":"es","@id":"https:\/\/exceladvisor.org\/es\/#\/schema\/logo\/image\/","url":"https:\/\/exceladvisor.org\/es\/wp-content\/uploads\/2023\/12\/exceladvisor.org_.png","contentUrl":"https:\/\/exceladvisor.org\/es\/wp-content\/uploads\/2023\/12\/exceladvisor.org_.png","width":105,"height":36,"caption":"Excel Advisor"},"image":{"@id":"https:\/\/exceladvisor.org\/es\/#\/schema\/logo\/image\/"}}]}},"yoast_meta":{"yoast_wpseo_title":"","yoast_wpseo_metadesc":"","yoast_wpseo_canonical":""},"_links":{"self":[{"href":"https:\/\/exceladvisor.org\/es\/wp-json\/wp\/v2\/pages\/329","targetHints":{"allow":["GET"]}}],"collection":[{"href":"https:\/\/exceladvisor.org\/es\/wp-json\/wp\/v2\/pages"}],"about":[{"href":"https:\/\/exceladvisor.org\/es\/wp-json\/wp\/v2\/types\/page"}],"author":[{"embeddable":true,"href":"https:\/\/exceladvisor.org\/es\/wp-json\/wp\/v2\/users\/1"}],"replies":[{"embeddable":true,"href":"https:\/\/exceladvisor.org\/es\/wp-json\/wp\/v2\/comments?post=329"}],"version-history":[{"count":1,"href":"https:\/\/exceladvisor.org\/es\/wp-json\/wp\/v2\/pages\/329\/revisions"}],"predecessor-version":[{"id":859,"href":"https:\/\/exceladvisor.org\/es\/wp-json\/wp\/v2\/pages\/329\/revisions\/859"}],"wp:attachment":[{"href":"https:\/\/exceladvisor.org\/es\/wp-json\/wp\/v2\/media?parent=329"}],"curies":[{"name":"wp","href":"https:\/\/api.w.org\/{rel}","templated":true}]}}