{"id":332,"date":"2023-11-03T15:54:58","date_gmt":"2023-11-03T15:54:58","guid":{"rendered":"https:\/\/exceladvisor.org\/es\/el-texto-contiene\/"},"modified":"2023-12-25T10:33:46","modified_gmt":"2023-12-25T10:33:46","slug":"el-texto-contiene","status":"publish","type":"page","link":"https:\/\/exceladvisor.org\/es\/el-texto-contiene\/","title":{"rendered":"Power query: si el texto contiene"},"content":{"rendered":"<div class=\"excel-antes-del-contenido\" id=\"excel-1296731332\"><script type=\"text\/javascript\">\r\n\tatOptions = {\r\n\t\t'key' : 'c1158f160081d6540a8409e6925dab94',\r\n\t\t'format' : 'iframe',\r\n\t\t'height' : 250,\r\n\t\t'width' : 300,\r\n\t\t'params' : {}\r\n\t};\r\n<\/script>\r\n<script type=\"text\/javascript\" src=\"\/\/www.highperformanceformat.com\/c1158f160081d6540a8409e6925dab94\/invoke.js\"><\/script><\/div><p>En Power Query, puede usar la funci\u00f3n Text.Contains que puede usar para probar si una subcadena est\u00e1 dentro de la cadena o no. esta funci\u00f3n, tambi\u00e9n podemos usar la declaraci\u00f3n IF para probar una subcadena.<\/p>\n<p> En el siguiente ejemplo, tenemos una lista de sustantivos con el sufijo masculino y femenino. Y debemos comprobar cu\u00e1les son los sustantivos con sufijo femenino. <\/p>\n<div class=\"wp-block-image\">\n<figure class=\"aligncenter size-full is-resized\"><img loading=\"lazy\" decoding=\"async\" class=\"wp-image-88996\" src=\"https:\/\/exceladvisor.org\/wp-content\/uploads\/2023\/08\/1-texte-contient-une-fonction-dans-la-requete-de-puissance.png\" sizes=\"auto, \" srcset=\"\" alt=\"consulta-texto-contiene-funci\u00f3n-en-poder\" width=\"348\" height=\"294\"><\/figure>\n<\/div>\n<h2 class=\"wp-block-heading\"> Uso de TEXT.CONTAINS en Power Query<\/h2>\n<ol>\n<li> Vaya a la pesta\u00f1a Datos &gt; Obtener datos &gt; De otras fuentes &gt; De tabla\/rango. <br \/><img loading=\"lazy\" decoding=\"async\" title=\"2-obtener-datos-del-rango-de-tabla-1\" src=\"https:\/\/exceladvisor.org\/wp-content\/uploads\/2023\/08\/2-obtenir-des-donnees-de-la-plage-de-table-2.png\" sizes=\"auto, \" srcset=\"\" alt=\"get-data-from-table-range\" width=\"495\" height=\"380\"><\/li>\n<li> Ahora vaya a Agregar columna &gt; Columna personalizada en el potente editor de consultas. <br \/><img loading=\"lazy\" decoding=\"async\" title=\"Editor-de-consultas-de-poder-de-3-columnas-personalizadas\" src=\"https:\/\/exceladvisor.org\/wp-content\/uploads\/2023\/08\/3-colonnes-personnalisees-dans-lediteur-de-requete-puissant.png\" sizes=\"auto, \" srcset=\"\" alt=\"custom-column-in-power-query-editor\" width=\"492\" height=\"153\"><\/li>\n<li> Desde all\u00ed, en el cuadro de di\u00e1logo de f\u00f3rmula personalizada, ingrese (=Text.Contains([Nombres], \u00bbSra.\u00bb)). <br \/><img loading=\"lazy\" decoding=\"async\" title=\"4-en-cuadro-de-di\u00e1logo-ingresar-texto-contiene-funci\u00f3n\" src=\"https:\/\/exceladvisor.org\/wp-content\/uploads\/2023\/08\/4-dans-la-boite-de-dialogue-entrez-le-texte-contient-la-fonction.png\" sizes=\"auto, \" srcset=\"\" alt=\"in-dialog-box-enter-text-contains-function\" width=\"635\" height=\"200\"><\/li>\n<li> Al final, haga clic en Aceptar para agregar las columnas.<\/li>\n<\/ol>\n<p> Cuando haga clic en Aceptar, ingresar\u00e1 una nueva columna con VERDADERO y FALSO. VERDADERO donde el Texto contiene \u00abSra.\u00bb y FALSO para el resto. <\/p>\n<div class=\"wp-block-image\">\n<figure class=\"aligncenter size-full is-resized\"><img loading=\"lazy\" decoding=\"async\" class=\"wp-image-89000\" src=\"https:\/\/exceladvisor.org\/wp-content\/uploads\/2023\/08\/5-nouvelle-colonne-ajoutee-avec-vrai-ou-faux.png\" sizes=\"auto, \" srcset=\"\" alt=\"nueva columna agregada con verdadero o falso\" width=\"417\" height=\"309\"><\/figure>\n<\/div>\n<h2 class=\"wp-block-heading\"> \u00bfC\u00f3mo funciona esta caracter\u00edstica?<\/h2>\n<p> En la funci\u00f3n tienes dos argumentos para definir. En el primer argumento (Texto), la columna que contiene el texto principal desde el cual desea verificar la condici\u00f3n.<\/p>\n<p> Y en el segundo argumento (subcadena), debe especificar la subcadena que desea verificar en la cadena principal del primer argumento. <\/p>\n<div class=\"wp-block-image\">\n<figure class=\"aligncenter size-full\"><img loading=\"lazy\" decoding=\"async\" class=\"wp-image-89001\" src=\"https:\/\/exceladvisor.org\/wp-content\/uploads\/2023\/08\/6-comment-le-texte-contient-la-fonction-fonctionne.png\" sizes=\"auto, \" srcset=\"\" alt=\"c\u00f3mo-funciona-la-funci\u00f3n-que-contiene-texto\" width=\"364\" height=\"96\"><\/figure>\n<\/div>\n<h2 class=\"wp-block-heading\"> Utilice IF para comprobar el contenido del texto<\/h2>\n<p> Tambi\u00e9n puede utilizar la declaraci\u00f3n IF para comprobar si alg\u00fan texto contiene otro texto. Al usar IF, puede usar resultados significativos en lugar de VERDADERO y FALSO. Entonces, en el editor de consultas avanzado, debe ir a la columna Agregar y hacer clic en la columna condicional. <\/p>\n<div class=\"wp-block-image\">\n<figure class=\"aligncenter size-full is-resized\"><img loading=\"lazy\" decoding=\"async\" class=\"wp-image-89002\" src=\"https:\/\/exceladvisor.org\/wp-content\/uploads\/2023\/08\/7-si-pour-verifier-le-texte-contient.png\" sizes=\"auto, \" srcset=\"\" alt=\"si-comprobar-texto-contiene\" width=\"618\" height=\"315\"><\/figure>\n<\/div>\n<p> Al hacer clic en la columna condicional, aparece un cuadro de di\u00e1logo para crear una declaraci\u00f3n IF. <\/p>\n<div class=\"wp-block-image\">\n<figure class=\"aligncenter size-full is-resized\"><img loading=\"lazy\" decoding=\"async\" class=\"wp-image-89003\" src=\"https:\/\/exceladvisor.org\/wp-content\/uploads\/2023\/08\/8-colonne-conditionnelle-a-creer-si.png\" sizes=\"auto, \" srcset=\"\" alt=\"columna-condicional-para-crear-si\" width=\"784\" height=\"306\"><\/figure>\n<\/div>\n<p> Aqu\u00ed debes:<\/p>\n<ol type=\"1\">\n<li> Introduzca el nombre de la columna.<\/li>\n<li> Seleccione el nombre de la columna para verificar la condici\u00f3n.<\/li>\n<li> Seleccione el operador \u00abcontiene\u00bb.<\/li>\n<li> Valor a comprobar, \u201cSra.\u201d.<\/li>\n<li> Salida a obtener si la condici\u00f3n es VERDADERA, \u201cMujer\u201d.<\/li>\n<li> Y el resultado para obtener su condici\u00f3n es FALSO, \u201cMasculino\u201d.<\/li>\n<li> Al final, haga clic en Aceptar para ingresar a la columna.<\/li>\n<\/ol>\n<p> En el momento en que haga clic en Aceptar, obtendr\u00e1 una nueva columna que contiene \u00abMujer\u00bb, donde el Texto contiene \u00abSra\u00bb. es cierto, y lo contrario para el \u201cHombre\u201d. <\/p>\n<div class=\"wp-block-image\">\n<figure class=\"aligncenter size-full is-resized\"><img loading=\"lazy\" decoding=\"async\" class=\"wp-image-89004\" src=\"https:\/\/exceladvisor.org\/wp-content\/uploads\/2023\/08\/9-nouvelle-colonne-apres-linstruction-if.png\" sizes=\"auto, \" srcset=\"\" alt=\"nueva columna despu\u00e9s de la declaraci\u00f3n if\" width=\"433\" height=\"321\"><\/figure>\n<\/div>\n<div class=\"gb-container gb-container-52dfcee1 gb-container-sample-file\">\n<h2 class=\"gb-headline gb-headline-e289c143 gb-headline-text gb-headline-4f7959c2\"> Obtener el archivo Excel<\/h2>\n<p> <a class=\"gb-button gb-button-e88d6bee gb-button-text gb-button-button1\" href=\"https:\/\/exceladvisor.org\/wp-content\/uploads\/2023\/08\/le-texte-contient-une-requete-avancee.xlsx\" rel=\"nofollow\">Descargar<\/a><\/p>\n<\/div>\n<div class=\"gb-container gb-container-9e2850fe gb-container-mt\"> <a class=\"gb-button gb-button-71636faa gb-button-text gb-button-mt-button\" href=\"https:\/\/exceladvisor.org\/es\/solicitud-de-energia\/\">Consulta de energ\u00eda en Excel (Tutorial)<\/a><\/p>\n<h2 class=\"gb-headline gb-headline-c566b2ed gb-headline-text gb-headline-mt-heading\"> Tutoriales relacionados <\/h2>\n<div class=\"gb-grid-wrapper gb-grid-wrapper-b15ed1bf gb-grid-wrapper-mt-grid\">\n<div class=\"gb-grid-column gb-grid-column-6e9de105\">\n<div class=\"gb-container gb-container-6e9de105\">\n<ul>\n<li> Fusionar [Combinar] M\u00faltiples ARCHIVOS de Excel en UN CUADERNO<\/li>\n<li> <a href=\"https:\/\/exceladvisor.org\/es\/buscarv-2\/\">Realizar BUSCARV en Power Query en Excel<\/a><\/li>\n<li> <a href=\"https:\/\/exceladvisor.org\/es\/datos-sin-rotar\/\">Eliminar el pivote de datos en Excel usando Power Query<\/a><\/li>\n<li> <a href=\"https:\/\/exceladvisor.org\/es\/cadena\/\">Power Query: concatenar valores (texto y n\u00fameros)<\/a><\/li>\n<li> <a href=\"https:\/\/exceladvisor.org\/es\/diferencia-de-fechas\/\">Consulta de energ\u00eda: diferencia de fecha<\/a> <\/li>\n<\/ul>\n<\/div>\n<\/div>\n<div class=\"gb-grid-column gb-grid-column-4eaecde3\">\n<div class=\"gb-container gb-container-4eaecde3\"><\/div>\n<\/div>\n<\/div>\n<\/div>\n","protected":false},"excerpt":{"rendered":"<p>En Power Query, puede usar la funci\u00f3n Text.Contains que puede usar para probar si una subcadena est\u00e1 dentro de la cadena o no. esta funci\u00f3n, tambi\u00e9n podemos usar la declaraci\u00f3n IF para probar una subcadena. En el siguiente ejemplo, tenemos una lista de sustantivos con el sufijo masculino y femenino. Y debemos comprobar cu\u00e1les son [&hellip;]<\/p>\n","protected":false},"author":1,"featured_media":0,"parent":0,"menu_order":0,"comment_status":"open","ping_status":"closed","template":"","meta":{"ub_ctt_via":"","footnotes":""},"class_list":["post-332","page","type-page","status-publish","hentry"],"featured_image_src":null,"yoast_head":"<!-- This site is optimized with the Yoast SEO plugin v25.4 - https:\/\/yoast.com\/wordpress\/plugins\/seo\/ -->\n<title>Power query: si el texto contiene<\/title>\n<meta name=\"robots\" content=\"index, follow, max-snippet:-1, max-image-preview:large, max-video-preview:-1\" \/>\n<link rel=\"canonical\" href=\"https:\/\/exceladvisor.org\/es\/el-texto-contiene\/\" \/>\n<meta property=\"og:locale\" content=\"es_ES\" \/>\n<meta property=\"og:type\" content=\"article\" \/>\n<meta property=\"og:title\" content=\"Power query: si el texto contiene\" \/>\n<meta property=\"og:description\" content=\"En Power Query, puede usar la funci\u00f3n Text.Contains que puede usar para probar si una subcadena est\u00e1 dentro de la cadena o no. esta funci\u00f3n, tambi\u00e9n podemos usar la declaraci\u00f3n IF para probar una subcadena. En el siguiente ejemplo, tenemos una lista de sustantivos con el sufijo masculino y femenino. Y debemos comprobar cu\u00e1les son [&hellip;]\" \/>\n<meta property=\"og:url\" content=\"https:\/\/exceladvisor.org\/es\/el-texto-contiene\/\" \/>\n<meta property=\"og:site_name\" content=\"Excel Advisor\" \/>\n<meta property=\"article:modified_time\" content=\"2023-12-25T10:33:46+00:00\" \/>\n<meta property=\"og:image\" content=\"https:\/\/exceladvisor.org\/wp-content\/uploads\/2023\/08\/1-texte-contient-une-fonction-dans-la-requete-de-puissance.png\" \/>\n<meta name=\"twitter:card\" content=\"summary_large_image\" \/>\n<meta name=\"twitter:label1\" content=\"Tiempo de lectura\" \/>\n\t<meta name=\"twitter:data1\" content=\"2 minutos\" \/>\n<script type=\"application\/ld+json\" class=\"yoast-schema-graph\">{\"@context\":\"https:\/\/schema.org\",\"@graph\":[{\"@type\":\"WebPage\",\"@id\":\"https:\/\/exceladvisor.org\/es\/el-texto-contiene\/\",\"url\":\"https:\/\/exceladvisor.org\/es\/el-texto-contiene\/\",\"name\":\"Power query: si el texto contiene\",\"isPartOf\":{\"@id\":\"https:\/\/exceladvisor.org\/es\/#website\"},\"primaryImageOfPage\":{\"@id\":\"https:\/\/exceladvisor.org\/es\/el-texto-contiene\/#primaryimage\"},\"image\":{\"@id\":\"https:\/\/exceladvisor.org\/es\/el-texto-contiene\/#primaryimage\"},\"thumbnailUrl\":\"https:\/\/exceladvisor.org\/wp-content\/uploads\/2023\/08\/1-texte-contient-une-fonction-dans-la-requete-de-puissance.png\",\"datePublished\":\"2023-11-03T15:54:58+00:00\",\"dateModified\":\"2023-12-25T10:33:46+00:00\",\"breadcrumb\":{\"@id\":\"https:\/\/exceladvisor.org\/es\/el-texto-contiene\/#breadcrumb\"},\"inLanguage\":\"es\",\"potentialAction\":[{\"@type\":\"ReadAction\",\"target\":[\"https:\/\/exceladvisor.org\/es\/el-texto-contiene\/\"]}]},{\"@type\":\"ImageObject\",\"inLanguage\":\"es\",\"@id\":\"https:\/\/exceladvisor.org\/es\/el-texto-contiene\/#primaryimage\",\"url\":\"https:\/\/exceladvisor.org\/wp-content\/uploads\/2023\/08\/1-texte-contient-une-fonction-dans-la-requete-de-puissance.png\",\"contentUrl\":\"https:\/\/exceladvisor.org\/wp-content\/uploads\/2023\/08\/1-texte-contient-une-fonction-dans-la-requete-de-puissance.png\"},{\"@type\":\"BreadcrumbList\",\"@id\":\"https:\/\/exceladvisor.org\/es\/el-texto-contiene\/#breadcrumb\",\"itemListElement\":[{\"@type\":\"ListItem\",\"position\":1,\"name\":\"Hogar\",\"item\":\"https:\/\/exceladvisor.org\/es\/\"},{\"@type\":\"ListItem\",\"position\":2,\"name\":\"Power query: si el texto contiene\"}]},{\"@type\":\"WebSite\",\"@id\":\"https:\/\/exceladvisor.org\/es\/#website\",\"url\":\"https:\/\/exceladvisor.org\/es\/\",\"name\":\"Excel Advisor\",\"description\":\"Su gu\u00eda para la dominaci\u00f3n de datos!\",\"publisher\":{\"@id\":\"https:\/\/exceladvisor.org\/es\/#organization\"},\"potentialAction\":[{\"@type\":\"SearchAction\",\"target\":{\"@type\":\"EntryPoint\",\"urlTemplate\":\"https:\/\/exceladvisor.org\/es\/?s={search_term_string}\"},\"query-input\":{\"@type\":\"PropertyValueSpecification\",\"valueRequired\":true,\"valueName\":\"search_term_string\"}}],\"inLanguage\":\"es\"},{\"@type\":\"Organization\",\"@id\":\"https:\/\/exceladvisor.org\/es\/#organization\",\"name\":\"Excel Advisor\",\"url\":\"https:\/\/exceladvisor.org\/es\/\",\"logo\":{\"@type\":\"ImageObject\",\"inLanguage\":\"es\",\"@id\":\"https:\/\/exceladvisor.org\/es\/#\/schema\/logo\/image\/\",\"url\":\"https:\/\/exceladvisor.org\/es\/wp-content\/uploads\/2023\/12\/exceladvisor.org_.png\",\"contentUrl\":\"https:\/\/exceladvisor.org\/es\/wp-content\/uploads\/2023\/12\/exceladvisor.org_.png\",\"width\":105,\"height\":36,\"caption\":\"Excel Advisor\"},\"image\":{\"@id\":\"https:\/\/exceladvisor.org\/es\/#\/schema\/logo\/image\/\"}}]}<\/script>\n<!-- \/ Yoast SEO plugin. -->","yoast_head_json":{"title":"Power query: si el texto contiene","robots":{"index":"index","follow":"follow","max-snippet":"max-snippet:-1","max-image-preview":"max-image-preview:large","max-video-preview":"max-video-preview:-1"},"canonical":"https:\/\/exceladvisor.org\/es\/el-texto-contiene\/","og_locale":"es_ES","og_type":"article","og_title":"Power query: si el texto contiene","og_description":"En Power Query, puede usar la funci\u00f3n Text.Contains que puede usar para probar si una subcadena est\u00e1 dentro de la cadena o no. esta funci\u00f3n, tambi\u00e9n podemos usar la declaraci\u00f3n IF para probar una subcadena. En el siguiente ejemplo, tenemos una lista de sustantivos con el sufijo masculino y femenino. Y debemos comprobar cu\u00e1les son [&hellip;]","og_url":"https:\/\/exceladvisor.org\/es\/el-texto-contiene\/","og_site_name":"Excel Advisor","article_modified_time":"2023-12-25T10:33:46+00:00","og_image":[{"url":"https:\/\/exceladvisor.org\/wp-content\/uploads\/2023\/08\/1-texte-contient-une-fonction-dans-la-requete-de-puissance.png","type":"","width":"","height":""}],"twitter_card":"summary_large_image","twitter_misc":{"Tiempo de lectura":"2 minutos"},"schema":{"@context":"https:\/\/schema.org","@graph":[{"@type":"WebPage","@id":"https:\/\/exceladvisor.org\/es\/el-texto-contiene\/","url":"https:\/\/exceladvisor.org\/es\/el-texto-contiene\/","name":"Power query: si el texto contiene","isPartOf":{"@id":"https:\/\/exceladvisor.org\/es\/#website"},"primaryImageOfPage":{"@id":"https:\/\/exceladvisor.org\/es\/el-texto-contiene\/#primaryimage"},"image":{"@id":"https:\/\/exceladvisor.org\/es\/el-texto-contiene\/#primaryimage"},"thumbnailUrl":"https:\/\/exceladvisor.org\/wp-content\/uploads\/2023\/08\/1-texte-contient-une-fonction-dans-la-requete-de-puissance.png","datePublished":"2023-11-03T15:54:58+00:00","dateModified":"2023-12-25T10:33:46+00:00","breadcrumb":{"@id":"https:\/\/exceladvisor.org\/es\/el-texto-contiene\/#breadcrumb"},"inLanguage":"es","potentialAction":[{"@type":"ReadAction","target":["https:\/\/exceladvisor.org\/es\/el-texto-contiene\/"]}]},{"@type":"ImageObject","inLanguage":"es","@id":"https:\/\/exceladvisor.org\/es\/el-texto-contiene\/#primaryimage","url":"https:\/\/exceladvisor.org\/wp-content\/uploads\/2023\/08\/1-texte-contient-une-fonction-dans-la-requete-de-puissance.png","contentUrl":"https:\/\/exceladvisor.org\/wp-content\/uploads\/2023\/08\/1-texte-contient-une-fonction-dans-la-requete-de-puissance.png"},{"@type":"BreadcrumbList","@id":"https:\/\/exceladvisor.org\/es\/el-texto-contiene\/#breadcrumb","itemListElement":[{"@type":"ListItem","position":1,"name":"Hogar","item":"https:\/\/exceladvisor.org\/es\/"},{"@type":"ListItem","position":2,"name":"Power query: si el texto contiene"}]},{"@type":"WebSite","@id":"https:\/\/exceladvisor.org\/es\/#website","url":"https:\/\/exceladvisor.org\/es\/","name":"Excel Advisor","description":"Su gu\u00eda para la dominaci\u00f3n de datos!","publisher":{"@id":"https:\/\/exceladvisor.org\/es\/#organization"},"potentialAction":[{"@type":"SearchAction","target":{"@type":"EntryPoint","urlTemplate":"https:\/\/exceladvisor.org\/es\/?s={search_term_string}"},"query-input":{"@type":"PropertyValueSpecification","valueRequired":true,"valueName":"search_term_string"}}],"inLanguage":"es"},{"@type":"Organization","@id":"https:\/\/exceladvisor.org\/es\/#organization","name":"Excel Advisor","url":"https:\/\/exceladvisor.org\/es\/","logo":{"@type":"ImageObject","inLanguage":"es","@id":"https:\/\/exceladvisor.org\/es\/#\/schema\/logo\/image\/","url":"https:\/\/exceladvisor.org\/es\/wp-content\/uploads\/2023\/12\/exceladvisor.org_.png","contentUrl":"https:\/\/exceladvisor.org\/es\/wp-content\/uploads\/2023\/12\/exceladvisor.org_.png","width":105,"height":36,"caption":"Excel Advisor"},"image":{"@id":"https:\/\/exceladvisor.org\/es\/#\/schema\/logo\/image\/"}}]}},"yoast_meta":{"yoast_wpseo_title":"","yoast_wpseo_metadesc":"","yoast_wpseo_canonical":""},"_links":{"self":[{"href":"https:\/\/exceladvisor.org\/es\/wp-json\/wp\/v2\/pages\/332","targetHints":{"allow":["GET"]}}],"collection":[{"href":"https:\/\/exceladvisor.org\/es\/wp-json\/wp\/v2\/pages"}],"about":[{"href":"https:\/\/exceladvisor.org\/es\/wp-json\/wp\/v2\/types\/page"}],"author":[{"embeddable":true,"href":"https:\/\/exceladvisor.org\/es\/wp-json\/wp\/v2\/users\/1"}],"replies":[{"embeddable":true,"href":"https:\/\/exceladvisor.org\/es\/wp-json\/wp\/v2\/comments?post=332"}],"version-history":[{"count":1,"href":"https:\/\/exceladvisor.org\/es\/wp-json\/wp\/v2\/pages\/332\/revisions"}],"predecessor-version":[{"id":1494,"href":"https:\/\/exceladvisor.org\/es\/wp-json\/wp\/v2\/pages\/332\/revisions\/1494"}],"wp:attachment":[{"href":"https:\/\/exceladvisor.org\/es\/wp-json\/wp\/v2\/media?parent=332"}],"curies":[{"name":"wp","href":"https:\/\/api.w.org\/{rel}","templated":true}]}}