{"id":333,"date":"2023-11-03T07:55:04","date_gmt":"2023-11-03T07:55:04","guid":{"rendered":"https:\/\/exceladvisor.org\/es\/agregar-segundos-al-tiempo\/"},"modified":"2023-12-25T10:27:33","modified_gmt":"2023-12-25T10:27:33","slug":"agregar-segundos-al-tiempo","status":"publish","type":"page","link":"https:\/\/exceladvisor.org\/es\/agregar-segundos-al-tiempo\/","title":{"rendered":"\u00bfc\u00f3mo sumar segundos al tiempo en excel?"},"content":{"rendered":"<div class=\"excel-antes-del-contenido\" id=\"excel-2422615740\"><script type=\"text\/javascript\">\r\n\tatOptions = {\r\n\t\t'key' : 'c1158f160081d6540a8409e6925dab94',\r\n\t\t'format' : 'iframe',\r\n\t\t'height' : 250,\r\n\t\t'width' : 300,\r\n\t\t'params' : {}\r\n\t};\r\n<\/script>\r\n<script type=\"text\/javascript\" src=\"\/\/www.highperformanceformat.com\/c1158f160081d6540a8409e6925dab94\/invoke.js\"><\/script><\/div><p>Para agregar segundos a un valor de tiempo en Excel, puede usar una f\u00f3rmula simple y corta donde necesita hacer referencia al tiempo original de una celda y los segundos que desea agregar despu\u00e9s de haber dividido por 86400 (que son el total de segundos que tenemos en un d\u00eda).<\/p>\n<p> A continuaci\u00f3n tenemos un valor de hora en la celda A1 (11:30:18 a.m.). Y a este tiempo hay que a\u00f1adir 34 segundos. <\/p>\n<div class=\"wp-block-image\">\n<figure class=\"aligncenter size-full is-resized\"><img loading=\"lazy\" decoding=\"async\" class=\"wp-image-79215\" src=\"https:\/\/exceladvisor.org\/wp-content\/uploads\/2023\/08\/1-valeur-de-temps-dans-la-cellule.png\" sizes=\"auto, \" srcset=\"\" alt=\"valor de tiempo en la celda\" width=\"439\" height=\"278\"><\/figure>\n<\/div>\n<h2 class=\"wp-block-heading\"> F\u00f3rmula de Excel para sumar segundos a un valor de tiempo<\/h2>\n<p> Puede utilizar los pasos a continuaci\u00f3n:<\/p>\n<ol type=\"1\">\n<li> Primero, ingresa el operador igual en una celda y consulta la celda donde tienes la hora.<\/li>\n<li> Despu\u00e9s de eso, ingrese el operador de suma y luego ingrese el primer par\u00e9ntesis.<\/li>\n<li> Ahora ingresa el valor de segundos que deseas agregar al tiempo.<\/li>\n<li> Luego, ingrese el operador de divisi\u00f3n e ingrese 86400.<\/li>\n<li> Al final, ingrese el par\u00e9ntesis de cierre y presione Enter para obtener el resultado. <\/li>\n<\/ol>\n<div class=\"wp-block-image\">\n<figure class=\"aligncenter size-full is-resized\"><img loading=\"lazy\" decoding=\"async\" class=\"wp-image-79216\" src=\"https:\/\/exceladvisor.org\/wp-content\/uploads\/2023\/08\/2-ajouter-des-secondes-a-la-valeur-du-temps.png\" sizes=\"auto, \" srcset=\"\" alt=\"agregar segundos al valor del tiempo\" width=\"591\" height=\"254\"><\/figure>\n<\/div>\n<pre class=\"wp-block-code\"> <code class=\"language-excel-formula\" lang=\"excel-formula\">=A1+(34\/86400)<\/code><\/pre>\n<h2 class=\"wp-block-heading\"> Utilice la funci\u00f3n TIEMPO para agregar segundos<\/h2>\n<p> De manera similar, tambi\u00e9n puedes usar la funci\u00f3n TIEMPO de Excel para agregar segundos a una hora. Vea el ejemplo a continuaci\u00f3n. <\/p>\n<div class=\"wp-block-image\">\n<figure class=\"aligncenter size-full is-resized\"><img loading=\"lazy\" decoding=\"async\" class=\"wp-image-79217\" src=\"https:\/\/exceladvisor.org\/wp-content\/uploads\/2023\/08\/Fonction-3-temps-pour-ajouter-des-secondes.png\" sizes=\"auto, \" srcset=\"\" alt=\"funci\u00f3n de tiempo para agregar segundos\" width=\"583\" height=\"249\"><\/figure>\n<\/div>\n<ol type=\"1\">\n<li> En esta f\u00f3rmula debes referirte a la celda donde tienes tiempo.<\/li>\n<li> Despu\u00e9s de eso, use el operador de suma e ingrese a la funci\u00f3n TIEMPO.<\/li>\n<li> En la funci\u00f3n de tiempo, hay tres argumentos para definir: hora, minuto y segundo. Utilice cero para horas y minutos; ingrese los segundos que desea agregar al tiempo original.<\/li>\n<li> Al final, presione Enter para obtener el resultado. <\/li>\n<\/ol>\n<pre class=\"wp-block-code\"> <code class=\"language-excel-formula\" lang=\"excel-formula\">=A1+TIME(0,0,34)<\/code><\/pre>\n<div class=\"gb-container gb-container-52dfcee1 gb-container-sample-file\">\n<h2 class=\"gb-headline gb-headline-e289c143 gb-headline-text gb-headline-4f7959c2\"> Obtener el archivo Excel<\/h2>\n<p> <a class=\"gb-button gb-button-e88d6bee gb-button-text gb-button-button1\" href=\"https:\/\/exceladvisor.org\/wp-content\/uploads\/2023\/11\/ajouter-des-secondes.xlsx\" rel=\"nofollow\">Descargar<\/a> <\/div>\n<div class=\"wp-block-group more-tutorials is-layout-flow\">\n<div class=\"wp-block-group__inner-container\">\n<h2 class=\"wp-block-heading\"> M\u00e1s f\u00f3rmulas<\/h2>\n<ul>\n<li> <a href=\"https:\/\/exceladvisor.org\/es\/agregar-horas-en-el-tiempo\/\">Agregar horas al tiempo en Excel<\/a><\/li>\n<li> <a href=\"https:\/\/exceladvisor.org\/es\/agregar-minutos-al-tiempo\/\">Agregar minutos al tiempo en Excel<\/a><\/li>\n<li> <a href=\"https:\/\/exceladvisor.org\/es\/calcular-la-diferencia-horaria\/\">Calcular la diferencia horaria entre dos horas en Excel<\/a><\/li>\n<li> <a href=\"https:\/\/exceladvisor.org\/es\/cambiar-formato-de-hora\/\">Cambiar formato de hora en Excel<\/a><\/li>\n<li> <a href=\"https:\/\/exceladvisor.org\/es\/tiempo-militar\/\">Hora militar (obtener y restar) en Excel<\/a><\/li>\n<\/ul>\n<\/div>\n<\/div>\n","protected":false},"excerpt":{"rendered":"<p>Para agregar segundos a un valor de tiempo en Excel, puede usar una f\u00f3rmula simple y corta donde necesita hacer referencia al tiempo original de una celda y los segundos que desea agregar despu\u00e9s de haber dividido por 86400 (que son el total de segundos que tenemos en un d\u00eda). A continuaci\u00f3n tenemos un valor [&hellip;]<\/p>\n","protected":false},"author":1,"featured_media":0,"parent":0,"menu_order":0,"comment_status":"open","ping_status":"closed","template":"","meta":{"ub_ctt_via":"","footnotes":""},"class_list":["post-333","page","type-page","status-publish","hentry"],"featured_image_src":null,"yoast_head":"<!-- This site is optimized with the Yoast SEO plugin v25.4 - https:\/\/yoast.com\/wordpress\/plugins\/seo\/ -->\n<title>\u00bfc\u00f3mo sumar segundos al tiempo en excel?<\/title>\n<meta name=\"robots\" content=\"index, follow, max-snippet:-1, max-image-preview:large, max-video-preview:-1\" \/>\n<link rel=\"canonical\" href=\"https:\/\/exceladvisor.org\/es\/agregar-segundos-al-tiempo\/\" \/>\n<meta property=\"og:locale\" content=\"es_ES\" \/>\n<meta property=\"og:type\" content=\"article\" \/>\n<meta property=\"og:title\" content=\"\u00bfc\u00f3mo sumar segundos al tiempo en excel?\" \/>\n<meta property=\"og:description\" content=\"Para agregar segundos a un valor de tiempo en Excel, puede usar una f\u00f3rmula simple y corta donde necesita hacer referencia al tiempo original de una celda y los segundos que desea agregar despu\u00e9s de haber dividido por 86400 (que son el total de segundos que tenemos en un d\u00eda). A continuaci\u00f3n tenemos un valor [&hellip;]\" \/>\n<meta property=\"og:url\" content=\"https:\/\/exceladvisor.org\/es\/agregar-segundos-al-tiempo\/\" \/>\n<meta property=\"og:site_name\" content=\"Excel Advisor\" \/>\n<meta property=\"article:modified_time\" content=\"2023-12-25T10:27:33+00:00\" \/>\n<meta property=\"og:image\" content=\"https:\/\/exceladvisor.org\/wp-content\/uploads\/2023\/08\/1-valeur-de-temps-dans-la-cellule.png\" \/>\n<meta name=\"twitter:card\" content=\"summary_large_image\" \/>\n<meta name=\"twitter:label1\" content=\"Tiempo de lectura\" \/>\n\t<meta name=\"twitter:data1\" content=\"2 minutos\" \/>\n<script type=\"application\/ld+json\" class=\"yoast-schema-graph\">{\"@context\":\"https:\/\/schema.org\",\"@graph\":[{\"@type\":\"WebPage\",\"@id\":\"https:\/\/exceladvisor.org\/es\/agregar-segundos-al-tiempo\/\",\"url\":\"https:\/\/exceladvisor.org\/es\/agregar-segundos-al-tiempo\/\",\"name\":\"\u00bfc\u00f3mo sumar segundos al tiempo en excel?\",\"isPartOf\":{\"@id\":\"https:\/\/exceladvisor.org\/es\/#website\"},\"primaryImageOfPage\":{\"@id\":\"https:\/\/exceladvisor.org\/es\/agregar-segundos-al-tiempo\/#primaryimage\"},\"image\":{\"@id\":\"https:\/\/exceladvisor.org\/es\/agregar-segundos-al-tiempo\/#primaryimage\"},\"thumbnailUrl\":\"https:\/\/exceladvisor.org\/wp-content\/uploads\/2023\/08\/1-valeur-de-temps-dans-la-cellule.png\",\"datePublished\":\"2023-11-03T07:55:04+00:00\",\"dateModified\":\"2023-12-25T10:27:33+00:00\",\"breadcrumb\":{\"@id\":\"https:\/\/exceladvisor.org\/es\/agregar-segundos-al-tiempo\/#breadcrumb\"},\"inLanguage\":\"es\",\"potentialAction\":[{\"@type\":\"ReadAction\",\"target\":[\"https:\/\/exceladvisor.org\/es\/agregar-segundos-al-tiempo\/\"]}]},{\"@type\":\"ImageObject\",\"inLanguage\":\"es\",\"@id\":\"https:\/\/exceladvisor.org\/es\/agregar-segundos-al-tiempo\/#primaryimage\",\"url\":\"https:\/\/exceladvisor.org\/wp-content\/uploads\/2023\/08\/1-valeur-de-temps-dans-la-cellule.png\",\"contentUrl\":\"https:\/\/exceladvisor.org\/wp-content\/uploads\/2023\/08\/1-valeur-de-temps-dans-la-cellule.png\"},{\"@type\":\"BreadcrumbList\",\"@id\":\"https:\/\/exceladvisor.org\/es\/agregar-segundos-al-tiempo\/#breadcrumb\",\"itemListElement\":[{\"@type\":\"ListItem\",\"position\":1,\"name\":\"Hogar\",\"item\":\"https:\/\/exceladvisor.org\/es\/\"},{\"@type\":\"ListItem\",\"position\":2,\"name\":\"\u00bfc\u00f3mo sumar segundos al tiempo en excel?\"}]},{\"@type\":\"WebSite\",\"@id\":\"https:\/\/exceladvisor.org\/es\/#website\",\"url\":\"https:\/\/exceladvisor.org\/es\/\",\"name\":\"Excel Advisor\",\"description\":\"Su gu\u00eda para la dominaci\u00f3n de datos!\",\"publisher\":{\"@id\":\"https:\/\/exceladvisor.org\/es\/#organization\"},\"potentialAction\":[{\"@type\":\"SearchAction\",\"target\":{\"@type\":\"EntryPoint\",\"urlTemplate\":\"https:\/\/exceladvisor.org\/es\/?s={search_term_string}\"},\"query-input\":{\"@type\":\"PropertyValueSpecification\",\"valueRequired\":true,\"valueName\":\"search_term_string\"}}],\"inLanguage\":\"es\"},{\"@type\":\"Organization\",\"@id\":\"https:\/\/exceladvisor.org\/es\/#organization\",\"name\":\"Excel Advisor\",\"url\":\"https:\/\/exceladvisor.org\/es\/\",\"logo\":{\"@type\":\"ImageObject\",\"inLanguage\":\"es\",\"@id\":\"https:\/\/exceladvisor.org\/es\/#\/schema\/logo\/image\/\",\"url\":\"https:\/\/exceladvisor.org\/es\/wp-content\/uploads\/2023\/12\/exceladvisor.org_.png\",\"contentUrl\":\"https:\/\/exceladvisor.org\/es\/wp-content\/uploads\/2023\/12\/exceladvisor.org_.png\",\"width\":105,\"height\":36,\"caption\":\"Excel Advisor\"},\"image\":{\"@id\":\"https:\/\/exceladvisor.org\/es\/#\/schema\/logo\/image\/\"}}]}<\/script>\n<!-- \/ Yoast SEO plugin. -->","yoast_head_json":{"title":"\u00bfc\u00f3mo sumar segundos al tiempo en excel?","robots":{"index":"index","follow":"follow","max-snippet":"max-snippet:-1","max-image-preview":"max-image-preview:large","max-video-preview":"max-video-preview:-1"},"canonical":"https:\/\/exceladvisor.org\/es\/agregar-segundos-al-tiempo\/","og_locale":"es_ES","og_type":"article","og_title":"\u00bfc\u00f3mo sumar segundos al tiempo en excel?","og_description":"Para agregar segundos a un valor de tiempo en Excel, puede usar una f\u00f3rmula simple y corta donde necesita hacer referencia al tiempo original de una celda y los segundos que desea agregar despu\u00e9s de haber dividido por 86400 (que son el total de segundos que tenemos en un d\u00eda). A continuaci\u00f3n tenemos un valor [&hellip;]","og_url":"https:\/\/exceladvisor.org\/es\/agregar-segundos-al-tiempo\/","og_site_name":"Excel Advisor","article_modified_time":"2023-12-25T10:27:33+00:00","og_image":[{"url":"https:\/\/exceladvisor.org\/wp-content\/uploads\/2023\/08\/1-valeur-de-temps-dans-la-cellule.png","type":"","width":"","height":""}],"twitter_card":"summary_large_image","twitter_misc":{"Tiempo de lectura":"2 minutos"},"schema":{"@context":"https:\/\/schema.org","@graph":[{"@type":"WebPage","@id":"https:\/\/exceladvisor.org\/es\/agregar-segundos-al-tiempo\/","url":"https:\/\/exceladvisor.org\/es\/agregar-segundos-al-tiempo\/","name":"\u00bfc\u00f3mo sumar segundos al tiempo en excel?","isPartOf":{"@id":"https:\/\/exceladvisor.org\/es\/#website"},"primaryImageOfPage":{"@id":"https:\/\/exceladvisor.org\/es\/agregar-segundos-al-tiempo\/#primaryimage"},"image":{"@id":"https:\/\/exceladvisor.org\/es\/agregar-segundos-al-tiempo\/#primaryimage"},"thumbnailUrl":"https:\/\/exceladvisor.org\/wp-content\/uploads\/2023\/08\/1-valeur-de-temps-dans-la-cellule.png","datePublished":"2023-11-03T07:55:04+00:00","dateModified":"2023-12-25T10:27:33+00:00","breadcrumb":{"@id":"https:\/\/exceladvisor.org\/es\/agregar-segundos-al-tiempo\/#breadcrumb"},"inLanguage":"es","potentialAction":[{"@type":"ReadAction","target":["https:\/\/exceladvisor.org\/es\/agregar-segundos-al-tiempo\/"]}]},{"@type":"ImageObject","inLanguage":"es","@id":"https:\/\/exceladvisor.org\/es\/agregar-segundos-al-tiempo\/#primaryimage","url":"https:\/\/exceladvisor.org\/wp-content\/uploads\/2023\/08\/1-valeur-de-temps-dans-la-cellule.png","contentUrl":"https:\/\/exceladvisor.org\/wp-content\/uploads\/2023\/08\/1-valeur-de-temps-dans-la-cellule.png"},{"@type":"BreadcrumbList","@id":"https:\/\/exceladvisor.org\/es\/agregar-segundos-al-tiempo\/#breadcrumb","itemListElement":[{"@type":"ListItem","position":1,"name":"Hogar","item":"https:\/\/exceladvisor.org\/es\/"},{"@type":"ListItem","position":2,"name":"\u00bfc\u00f3mo sumar segundos al tiempo en excel?"}]},{"@type":"WebSite","@id":"https:\/\/exceladvisor.org\/es\/#website","url":"https:\/\/exceladvisor.org\/es\/","name":"Excel Advisor","description":"Su gu\u00eda para la dominaci\u00f3n de datos!","publisher":{"@id":"https:\/\/exceladvisor.org\/es\/#organization"},"potentialAction":[{"@type":"SearchAction","target":{"@type":"EntryPoint","urlTemplate":"https:\/\/exceladvisor.org\/es\/?s={search_term_string}"},"query-input":{"@type":"PropertyValueSpecification","valueRequired":true,"valueName":"search_term_string"}}],"inLanguage":"es"},{"@type":"Organization","@id":"https:\/\/exceladvisor.org\/es\/#organization","name":"Excel Advisor","url":"https:\/\/exceladvisor.org\/es\/","logo":{"@type":"ImageObject","inLanguage":"es","@id":"https:\/\/exceladvisor.org\/es\/#\/schema\/logo\/image\/","url":"https:\/\/exceladvisor.org\/es\/wp-content\/uploads\/2023\/12\/exceladvisor.org_.png","contentUrl":"https:\/\/exceladvisor.org\/es\/wp-content\/uploads\/2023\/12\/exceladvisor.org_.png","width":105,"height":36,"caption":"Excel Advisor"},"image":{"@id":"https:\/\/exceladvisor.org\/es\/#\/schema\/logo\/image\/"}}]}},"yoast_meta":{"yoast_wpseo_title":"","yoast_wpseo_metadesc":"","yoast_wpseo_canonical":""},"_links":{"self":[{"href":"https:\/\/exceladvisor.org\/es\/wp-json\/wp\/v2\/pages\/333","targetHints":{"allow":["GET"]}}],"collection":[{"href":"https:\/\/exceladvisor.org\/es\/wp-json\/wp\/v2\/pages"}],"about":[{"href":"https:\/\/exceladvisor.org\/es\/wp-json\/wp\/v2\/types\/page"}],"author":[{"embeddable":true,"href":"https:\/\/exceladvisor.org\/es\/wp-json\/wp\/v2\/users\/1"}],"replies":[{"embeddable":true,"href":"https:\/\/exceladvisor.org\/es\/wp-json\/wp\/v2\/comments?post=333"}],"version-history":[{"count":1,"href":"https:\/\/exceladvisor.org\/es\/wp-json\/wp\/v2\/pages\/333\/revisions"}],"predecessor-version":[{"id":1207,"href":"https:\/\/exceladvisor.org\/es\/wp-json\/wp\/v2\/pages\/333\/revisions\/1207"}],"wp:attachment":[{"href":"https:\/\/exceladvisor.org\/es\/wp-json\/wp\/v2\/media?parent=333"}],"curies":[{"name":"wp","href":"https:\/\/api.w.org\/{rel}","templated":true}]}}