{"id":334,"date":"2023-11-03T04:05:17","date_gmt":"2023-11-03T04:05:17","guid":{"rendered":"https:\/\/exceladvisor.org\/es\/total-acumulado\/"},"modified":"2023-12-25T10:23:17","modified_gmt":"2023-12-25T10:23:17","slug":"total-acumulado","status":"publish","type":"page","link":"https:\/\/exceladvisor.org\/es\/total-acumulado\/","title":{"rendered":"\u00bfc\u00f3mo agrego un total acumulado a una tabla din\u00e1mica?"},"content":{"rendered":"<div class=\"excel-antes-del-contenido\" id=\"excel-3750743802\"><script type=\"text\/javascript\">\r\n\tatOptions = {\r\n\t\t'key' : 'c1158f160081d6540a8409e6925dab94',\r\n\t\t'format' : 'iframe',\r\n\t\t'height' : 250,\r\n\t\t'width' : 300,\r\n\t\t'params' : {}\r\n\t};\r\n<\/script>\r\n<script type=\"text\/javascript\" src=\"\/\/www.highperformanceformat.com\/c1158f160081d6540a8409e6925dab94\/invoke.js\"><\/script><\/div><p>El total acumulado en una tabla din\u00e1mica es un total acumulado que tambi\u00e9n incluye el total anterior. Por ejemplo, si tenemos datos mensuales de enero a diciembre, un total acumulado le mostrar\u00e1 el total hasta la fecha de cada mes. Podemos utilizar un total acumulado para medir el crecimiento completo frente a la meta. <\/p>\n<div class=\"wp-block-image\">\n<figure class=\"aligncenter\"><img decoding=\"async\" src=\"https:\/\/exceladvisor.org\/wp-content\/uploads\/2023\/08\/en-ajoutant-le-total-cumule-dans-le-tableau-croise-dynamique-vous-obtiendrez-la-meme-valeur-pour-le-dernier-et-le-grand-total-1.png\" sizes=\"\" srcset=\"\" alt=\"Al agregar el total acumulado en la tabla din\u00e1mica, obtendr\u00e1 el mismo valor para el \u00faltimo y el total general.\"><\/figure>\n<\/div>\n<h2 id=\"tab-con-1\" class=\"wp-block-heading\"> Total acumulado en la tabla din\u00e1mica<\/h2>\n<p> Agregar un total acumulado o acumulado simplemente requiere unos pocos clics y estos son los pasos para hacerlo.<\/p>\n<ol>\n<li> Una vez que <a href=\"https:\/\/exceladvisor.org\/es\/mesa-pivote-1\/\" data-wpil=\"url\" data-wpel-link=\"internal\">haya creado una tabla din\u00e1mica<\/a> , seleccione una de las celdas en la columna de datos. <br \/><img decoding=\"async\" title=\"seleccione-tabla-pivote-para-agregar-total-en-ejecuci\u00f3n-en-tabla-pivote\" src=\"https:\/\/exceladvisor.org\/wp-content\/uploads\/2023\/08\/selectionnez-le-tableau-croise-dynamique-pour-ajouter-le-total-cumule-dans-le-tableau-croise-dynamique-1.png\" sizes=\"\" srcset=\"\" alt=\"select pivot table to add running total in pivot table\"><\/li>\n<li> Haga clic derecho sobre \u00e9l y haga clic en \u00abConfiguraci\u00f3n de campo de valor\u00bb. <br \/><img decoding=\"async\" title=\"haga clic en la configuraci\u00f3n del campo de valor para agregar el total acumulado en la tabla din\u00e1mica\" src=\"https:\/\/exceladvisor.org\/wp-content\/uploads\/2023\/08\/cliquez-sur-le-parametre-de-champ-de-valeur-pour-ajouter-le-total-cumule-dans-le-tableau-croise-dynamique-1.png\" sizes=\"\" srcset=\"\" alt=\"click on value field setting to add running total in pivot table\"><\/li>\n<li> Ahora tienes la ventana \u00abConfiguraci\u00f3n del campo de valor\u00bb.<\/li>\n<li> Vaya a la pesta\u00f1a \u201cMostrar valores como\u201d.<\/li>\n<li> En la lista desplegable \u00abMostrar valores como\u00bb, seleccione \u00abTotal acumulado en\u00bb. <br \/><img decoding=\"async\" title=\"seleccione el total acumulado en la pesta\u00f1a para agregar el total acumulado en la tabla din\u00e1mica\" src=\"https:\/\/exceladvisor.org\/wp-content\/uploads\/2023\/08\/selectionnez-le-total-cumule-dans-longlet-pour-ajouter-le-total-cumule-dans-le-tableau-croise-dynamique-1.png\" sizes=\"\" srcset=\"\" alt=\"select running total from tab to add running total in pivot table\"><\/li>\n<li> Haga clic en Aceptar.<\/li>\n<\/ol>\n<p> Ahora tenemos un total acumulado en la tabla din\u00e1mica con un total acumulado para cada mes. <\/p>\n<div class=\"wp-block-image\">\n<figure class=\"aligncenter\"><img decoding=\"async\" src=\"https:\/\/exceladvisor.org\/wp-content\/uploads\/2023\/08\/tableau-croise-dynamique-pour-ajouter-le-total-cumule-dans-le-tableau-croise-dynamique-1.png\" sizes=\"\" srcset=\"\" alt=\"tabla din\u00e1mica para agregar el total acumulado en la tabla din\u00e1mica\"><\/figure>\n<\/div>\n<p class=\"qt-tip\"> <strong><span style=\"color: #ea493f;\">Nota:<\/span><\/strong> Al sumar el total acumulado, aseg\u00farese de que la tabla din\u00e1mica est\u00e9 ordenada de la manera correcta. Si queremos agregarlo de enero a diciembre, los valores deben haber sido ordenados de enero a diciembre.<\/p>\n<h2 class=\"wp-block-heading\"> Comience a ejecutar el total desde cero<\/h2>\n<p> Alguien pregunt\u00f3 c\u00f3mo podemos empezar el total desde cero. Bueno, para ello s\u00f3lo necesitamos hacer una peque\u00f1a modificaci\u00f3n en nuestros datos de origen.<\/p>\n<ol>\n<li> Primero, en los datos de origen debemos ingresar una entrada ficticia con un valor cero. <br \/><img decoding=\"async\" title=\"aplicar-el-total-en-ejecuci\u00f3n-en-tabla-din\u00e1mica-comenzando-en-cero-con-una-entrada-ficticia-en-datos-de-fuente\" src=\"https:\/\/exceladvisor.org\/wp-content\/uploads\/2023\/08\/appliquer-le-total-cumule-dans-le-tableau-croise-dynamique-en-partant-de-zero-avec-une-entree-fictive-dans-les-donnees-source-1.png\" sizes=\"\" srcset=\"\" alt=\"apply running total in pivot table with starting from zero with dummy entry in source data\"><\/li>\n<li> Aqu\u00ed nuestros datos comienzan a partir del 15 de enero y es por eso que utilic\u00e9 el 15 de diciembre para la entrada ficticia.<\/li>\n<li> Ahora vaya a la tabla din\u00e1mica y <a href=\"https:\/\/exceladvisor.org\/es\/actualizar-todo\/\" data-wpel-link=\"internal\">actual\u00edcela<\/a> . Y una vez que lo hemos hecho, nos da un total acumulado que comienza desde cero. <br \/><img decoding=\"async\" title=\"agregar-el-total-en-ejecuci\u00f3n-a-la-tabla-comenzando-en-cero\" src=\"https:\/\/exceladvisor.org\/wp-content\/uploads\/2023\/08\/ajouter-le-total-cumule-dans-le-tableau-a-partir-de-zero-1.png\" sizes=\"\" srcset=\"\" alt=\"add running total in table starting from zero\"><\/li>\n<\/ol>\n<h2 class=\"wp-block-heading\"> Porcentaje total acumulado<\/h2>\n<p> Tambi\u00e9n podemos usar el porcentaje del total acumulado en lugar de valores. <\/p>\n<ul id=\"block-d5772274-23b4-48fc-9534-bb507d9ee117\" class=\"block-editor-rich-text__editable block-editor-block-list__block wp-block is-selected rich-text\" tabindex=\"0\" role=\"group\" contenteditable=\"true\" aria-multiline=\"true\" aria-label=\"Block: List\" data-block=\"d5772274-23b4-48fc-9534-bb507d9ee117\" data-type=\"core\/list\" data-title=\"List\">\n<li> Primero, haga clic derecho en la columna total y abra \u00abConfiguraci\u00f3n del campo de valor\u00bb.<\/li>\n<li> Despu\u00e9s de eso, vaya a la pesta\u00f1a \u00abMostrar valores como\u00bb y seleccione \u00ab% del total acumulado\u00bb en el men\u00fa desplegable. <br \/><img decoding=\"async\" title=\"agregar-total-en-ejecuci\u00f3n-en-tabla-din\u00e1mica-con-porcentaje\" src=\"https:\/\/exceladvisor.org\/wp-content\/uploads\/2023\/08\/ajouter-le-total-cumule-dans-le-tableau-croise-dynamique-avec-pourcentage-1.png\" sizes=\"\" srcset=\"\" alt=\"add running total in pivot table with percentage\"><\/li>\n<li> Haga clic en Aceptar. <br \/><img decoding=\"async\" title=\"agregar el total acumulado en la tabla din\u00e1mica como porcentaje acumulado\" src=\"https:\/\/exceladvisor.org\/wp-content\/uploads\/2023\/08\/ajouter-le-total-cumule-dans-le-tableau-croise-dynamique-en-pourcentage-cumule-1.png\" sizes=\"\" srcset=\"\" alt=\"add running total in pivot table as cumulative percentage\"><\/li>\n<\/ul>\n<h2 class=\"wp-block-heading\"> Total acumulado con fechas agrupadas<\/h2>\n<p> Cuando agregamos un total acumulado donde hemos <a href=\"https:\/\/exceladvisor.org\/es\/citas-grupales\/\" data-wpel-link=\"internal\">agrupado fechas,<\/a> puede haber un problema, d\u00e9jame mostr\u00e1rtelo. En la siguiente tabla din\u00e1mica, agrupamos las fechas y creamos etiquetas de dos filas a partir de ellas, \u00abTrimestres\u00bb y \u00abMeses\u00bb.<\/p>\n<p> Y tambi\u00e9n aplicamos el total acumulado en el campo de datos. Ahora, si nos fijamos, despu\u00e9s de un cambio de trimestre, el total acumulado comienza de nuevo. Pero podemos solucionarlo usando una columna auxiliar y estos son los pasos.<\/p>\n<ol>\n<li> Primero, navegue hasta sus datos de origen e ingrese una nueva columna despu\u00e9s de la columna de fecha.<\/li>\n<li> Despu\u00e9s de eso, nombre esta columna \u00abQM\u00bb e ingrese la siguiente f\u00f3rmula:\n<pre> =\"Qtr\"&amp;ROUNDUP(MONTH(A2)\/3,0)&amp;\"-\"&amp;TEXT(A2,\"MM\") <\/pre>\n<p><img decoding=\"async\" title=\"aplicaci\u00f3n-ejecutando-total-en-tabla-din\u00e1mica-usando-columna-ayuda-en-datos-fuente-1\" src=\"https:\/\/exceladvisor.org\/wp-content\/uploads\/2023\/08\/appy-cumulant-le-total-dans-le-tableau-croise-dynamique-a-laide-de-la-colonne-dassistance-dans-les-donnees-source-1-1.png\" sizes=\"\" srcset=\"\" alt=\"apply running total in pivot table using helper column in source data\"><\/li>\n<li> Ahora, actualice su tabla din\u00e1mica y elimine los campos de las columnas \u00abTrimestres\u00bb y \u00abMeses\u00bb y agregue la columna \u00abQM\u00bb. <br \/><img decoding=\"async\" title=\"aplicaci\u00f3n-total-en-ejecuci\u00f3n-en-tabla-din\u00e1mica-cuando-las-fechas-est\u00e1n-agrupadas-agregar-columna-ayudante-1\" src=\"https:\/\/exceladvisor.org\/wp-content\/uploads\/2023\/08\/appy-cumulant-le-total-dans-le-tableau-croise-dynamique-lorsque-les-dates-sont-regroupees-ajouter-la-colonne-daide-1-1.png\" sizes=\"\" srcset=\"\" alt=\"apply running total in pivot table when dates are grouped add helper column 1\"><\/li>\n<\/ol>\n<h2 class=\"wp-block-heading\"> Total acumulado en un gr\u00e1fico din\u00e1mico<\/h2>\n<p> Con un total acumulado, tambi\u00e9n podemos <a href=\"https:\/\/exceladvisor.org\/es\/mesa-pivote-2\/\" data-wpel-link=\"internal\" data-wpil=\"url\">crear una tabla din\u00e1mica<\/a> para mostrar los valores acumulados gr\u00e1ficamente. <\/p>\n<div class=\"wp-block-image\">\n<figure class=\"aligncenter\"><img decoding=\"async\" src=\"https:\/\/exceladvisor.org\/wp-content\/uploads\/2023\/08\/ajouter-le-total-cumule-dans-le-tableau-croise-dynamique-avec-le-tableau-croise-dynamique-1.png\" sizes=\"\" srcset=\"\" alt=\"agregar el total acumulado en la tabla din\u00e1mica con tabla din\u00e1mica\"><\/figure>\n<\/div>\n<p> En el ejemplo anterior, tenemos una tabla din\u00e1mica con la tabla din\u00e1mica para mostrar la tendencia de aumento de los valores mes a mes.<\/p>\n<h2 class=\"wp-block-heading\"> Archivo de ejemplo<\/h2>\n<p> <a href=\"https:\/\/exceladvisor.org\/wp-content\/uploads\/2023\/11\/total-cumule-dans-le-tableau-croise-dynamique.xlsx\" rel=\"nofollow\" data-wpel-link=\"internal\">descargar<\/a><\/p>\n","protected":false},"excerpt":{"rendered":"<p>El total acumulado en una tabla din\u00e1mica es un total acumulado que tambi\u00e9n incluye el total anterior. Por ejemplo, si tenemos datos mensuales de enero a diciembre, un total acumulado le mostrar\u00e1 el total hasta la fecha de cada mes. Podemos utilizar un total acumulado para medir el crecimiento completo frente a la meta. Total [&hellip;]<\/p>\n","protected":false},"author":1,"featured_media":0,"parent":0,"menu_order":0,"comment_status":"open","ping_status":"closed","template":"","meta":{"ub_ctt_via":"","footnotes":""},"class_list":["post-334","page","type-page","status-publish","hentry"],"featured_image_src":null,"yoast_head":"<!-- This site is optimized with the Yoast SEO plugin v25.4 - https:\/\/yoast.com\/wordpress\/plugins\/seo\/ -->\n<title>\u00bfc\u00f3mo agrego un total acumulado a una tabla din\u00e1mica?<\/title>\n<meta name=\"robots\" content=\"index, follow, max-snippet:-1, max-image-preview:large, max-video-preview:-1\" \/>\n<link rel=\"canonical\" href=\"https:\/\/exceladvisor.org\/es\/total-acumulado\/\" \/>\n<meta property=\"og:locale\" content=\"es_ES\" \/>\n<meta property=\"og:type\" content=\"article\" \/>\n<meta property=\"og:title\" content=\"\u00bfc\u00f3mo agrego un total acumulado a una tabla din\u00e1mica?\" \/>\n<meta property=\"og:description\" content=\"El total acumulado en una tabla din\u00e1mica es un total acumulado que tambi\u00e9n incluye el total anterior. Por ejemplo, si tenemos datos mensuales de enero a diciembre, un total acumulado le mostrar\u00e1 el total hasta la fecha de cada mes. Podemos utilizar un total acumulado para medir el crecimiento completo frente a la meta. Total [&hellip;]\" \/>\n<meta property=\"og:url\" content=\"https:\/\/exceladvisor.org\/es\/total-acumulado\/\" \/>\n<meta property=\"og:site_name\" content=\"Excel Advisor\" \/>\n<meta property=\"article:modified_time\" content=\"2023-12-25T10:23:17+00:00\" \/>\n<meta property=\"og:image\" content=\"https:\/\/exceladvisor.org\/wp-content\/uploads\/2023\/08\/en-ajoutant-le-total-cumule-dans-le-tableau-croise-dynamique-vous-obtiendrez-la-meme-valeur-pour-le-dernier-et-le-grand-total-1.png\" \/>\n<meta name=\"twitter:card\" content=\"summary_large_image\" \/>\n<meta name=\"twitter:label1\" content=\"Tiempo de lectura\" \/>\n\t<meta name=\"twitter:data1\" content=\"3 minutos\" \/>\n<script type=\"application\/ld+json\" class=\"yoast-schema-graph\">{\"@context\":\"https:\/\/schema.org\",\"@graph\":[{\"@type\":\"WebPage\",\"@id\":\"https:\/\/exceladvisor.org\/es\/total-acumulado\/\",\"url\":\"https:\/\/exceladvisor.org\/es\/total-acumulado\/\",\"name\":\"\u00bfc\u00f3mo agrego un total acumulado a una tabla din\u00e1mica?\",\"isPartOf\":{\"@id\":\"https:\/\/exceladvisor.org\/es\/#website\"},\"primaryImageOfPage\":{\"@id\":\"https:\/\/exceladvisor.org\/es\/total-acumulado\/#primaryimage\"},\"image\":{\"@id\":\"https:\/\/exceladvisor.org\/es\/total-acumulado\/#primaryimage\"},\"thumbnailUrl\":\"https:\/\/exceladvisor.org\/wp-content\/uploads\/2023\/08\/en-ajoutant-le-total-cumule-dans-le-tableau-croise-dynamique-vous-obtiendrez-la-meme-valeur-pour-le-dernier-et-le-grand-total-1.png\",\"datePublished\":\"2023-11-03T04:05:17+00:00\",\"dateModified\":\"2023-12-25T10:23:17+00:00\",\"breadcrumb\":{\"@id\":\"https:\/\/exceladvisor.org\/es\/total-acumulado\/#breadcrumb\"},\"inLanguage\":\"es\",\"potentialAction\":[{\"@type\":\"ReadAction\",\"target\":[\"https:\/\/exceladvisor.org\/es\/total-acumulado\/\"]}]},{\"@type\":\"ImageObject\",\"inLanguage\":\"es\",\"@id\":\"https:\/\/exceladvisor.org\/es\/total-acumulado\/#primaryimage\",\"url\":\"https:\/\/exceladvisor.org\/wp-content\/uploads\/2023\/08\/en-ajoutant-le-total-cumule-dans-le-tableau-croise-dynamique-vous-obtiendrez-la-meme-valeur-pour-le-dernier-et-le-grand-total-1.png\",\"contentUrl\":\"https:\/\/exceladvisor.org\/wp-content\/uploads\/2023\/08\/en-ajoutant-le-total-cumule-dans-le-tableau-croise-dynamique-vous-obtiendrez-la-meme-valeur-pour-le-dernier-et-le-grand-total-1.png\"},{\"@type\":\"BreadcrumbList\",\"@id\":\"https:\/\/exceladvisor.org\/es\/total-acumulado\/#breadcrumb\",\"itemListElement\":[{\"@type\":\"ListItem\",\"position\":1,\"name\":\"Hogar\",\"item\":\"https:\/\/exceladvisor.org\/es\/\"},{\"@type\":\"ListItem\",\"position\":2,\"name\":\"\u00bfc\u00f3mo agrego un total acumulado a una tabla din\u00e1mica?\"}]},{\"@type\":\"WebSite\",\"@id\":\"https:\/\/exceladvisor.org\/es\/#website\",\"url\":\"https:\/\/exceladvisor.org\/es\/\",\"name\":\"Excel Advisor\",\"description\":\"Su gu\u00eda para la dominaci\u00f3n de datos!\",\"publisher\":{\"@id\":\"https:\/\/exceladvisor.org\/es\/#organization\"},\"potentialAction\":[{\"@type\":\"SearchAction\",\"target\":{\"@type\":\"EntryPoint\",\"urlTemplate\":\"https:\/\/exceladvisor.org\/es\/?s={search_term_string}\"},\"query-input\":{\"@type\":\"PropertyValueSpecification\",\"valueRequired\":true,\"valueName\":\"search_term_string\"}}],\"inLanguage\":\"es\"},{\"@type\":\"Organization\",\"@id\":\"https:\/\/exceladvisor.org\/es\/#organization\",\"name\":\"Excel Advisor\",\"url\":\"https:\/\/exceladvisor.org\/es\/\",\"logo\":{\"@type\":\"ImageObject\",\"inLanguage\":\"es\",\"@id\":\"https:\/\/exceladvisor.org\/es\/#\/schema\/logo\/image\/\",\"url\":\"https:\/\/exceladvisor.org\/es\/wp-content\/uploads\/2023\/12\/exceladvisor.org_.png\",\"contentUrl\":\"https:\/\/exceladvisor.org\/es\/wp-content\/uploads\/2023\/12\/exceladvisor.org_.png\",\"width\":105,\"height\":36,\"caption\":\"Excel Advisor\"},\"image\":{\"@id\":\"https:\/\/exceladvisor.org\/es\/#\/schema\/logo\/image\/\"}}]}<\/script>\n<!-- \/ Yoast SEO plugin. -->","yoast_head_json":{"title":"\u00bfc\u00f3mo agrego un total acumulado a una tabla din\u00e1mica?","robots":{"index":"index","follow":"follow","max-snippet":"max-snippet:-1","max-image-preview":"max-image-preview:large","max-video-preview":"max-video-preview:-1"},"canonical":"https:\/\/exceladvisor.org\/es\/total-acumulado\/","og_locale":"es_ES","og_type":"article","og_title":"\u00bfc\u00f3mo agrego un total acumulado a una tabla din\u00e1mica?","og_description":"El total acumulado en una tabla din\u00e1mica es un total acumulado que tambi\u00e9n incluye el total anterior. Por ejemplo, si tenemos datos mensuales de enero a diciembre, un total acumulado le mostrar\u00e1 el total hasta la fecha de cada mes. Podemos utilizar un total acumulado para medir el crecimiento completo frente a la meta. Total [&hellip;]","og_url":"https:\/\/exceladvisor.org\/es\/total-acumulado\/","og_site_name":"Excel Advisor","article_modified_time":"2023-12-25T10:23:17+00:00","og_image":[{"url":"https:\/\/exceladvisor.org\/wp-content\/uploads\/2023\/08\/en-ajoutant-le-total-cumule-dans-le-tableau-croise-dynamique-vous-obtiendrez-la-meme-valeur-pour-le-dernier-et-le-grand-total-1.png","type":"","width":"","height":""}],"twitter_card":"summary_large_image","twitter_misc":{"Tiempo de lectura":"3 minutos"},"schema":{"@context":"https:\/\/schema.org","@graph":[{"@type":"WebPage","@id":"https:\/\/exceladvisor.org\/es\/total-acumulado\/","url":"https:\/\/exceladvisor.org\/es\/total-acumulado\/","name":"\u00bfc\u00f3mo agrego un total acumulado a una tabla din\u00e1mica?","isPartOf":{"@id":"https:\/\/exceladvisor.org\/es\/#website"},"primaryImageOfPage":{"@id":"https:\/\/exceladvisor.org\/es\/total-acumulado\/#primaryimage"},"image":{"@id":"https:\/\/exceladvisor.org\/es\/total-acumulado\/#primaryimage"},"thumbnailUrl":"https:\/\/exceladvisor.org\/wp-content\/uploads\/2023\/08\/en-ajoutant-le-total-cumule-dans-le-tableau-croise-dynamique-vous-obtiendrez-la-meme-valeur-pour-le-dernier-et-le-grand-total-1.png","datePublished":"2023-11-03T04:05:17+00:00","dateModified":"2023-12-25T10:23:17+00:00","breadcrumb":{"@id":"https:\/\/exceladvisor.org\/es\/total-acumulado\/#breadcrumb"},"inLanguage":"es","potentialAction":[{"@type":"ReadAction","target":["https:\/\/exceladvisor.org\/es\/total-acumulado\/"]}]},{"@type":"ImageObject","inLanguage":"es","@id":"https:\/\/exceladvisor.org\/es\/total-acumulado\/#primaryimage","url":"https:\/\/exceladvisor.org\/wp-content\/uploads\/2023\/08\/en-ajoutant-le-total-cumule-dans-le-tableau-croise-dynamique-vous-obtiendrez-la-meme-valeur-pour-le-dernier-et-le-grand-total-1.png","contentUrl":"https:\/\/exceladvisor.org\/wp-content\/uploads\/2023\/08\/en-ajoutant-le-total-cumule-dans-le-tableau-croise-dynamique-vous-obtiendrez-la-meme-valeur-pour-le-dernier-et-le-grand-total-1.png"},{"@type":"BreadcrumbList","@id":"https:\/\/exceladvisor.org\/es\/total-acumulado\/#breadcrumb","itemListElement":[{"@type":"ListItem","position":1,"name":"Hogar","item":"https:\/\/exceladvisor.org\/es\/"},{"@type":"ListItem","position":2,"name":"\u00bfc\u00f3mo agrego un total acumulado a una tabla din\u00e1mica?"}]},{"@type":"WebSite","@id":"https:\/\/exceladvisor.org\/es\/#website","url":"https:\/\/exceladvisor.org\/es\/","name":"Excel Advisor","description":"Su gu\u00eda para la dominaci\u00f3n de datos!","publisher":{"@id":"https:\/\/exceladvisor.org\/es\/#organization"},"potentialAction":[{"@type":"SearchAction","target":{"@type":"EntryPoint","urlTemplate":"https:\/\/exceladvisor.org\/es\/?s={search_term_string}"},"query-input":{"@type":"PropertyValueSpecification","valueRequired":true,"valueName":"search_term_string"}}],"inLanguage":"es"},{"@type":"Organization","@id":"https:\/\/exceladvisor.org\/es\/#organization","name":"Excel Advisor","url":"https:\/\/exceladvisor.org\/es\/","logo":{"@type":"ImageObject","inLanguage":"es","@id":"https:\/\/exceladvisor.org\/es\/#\/schema\/logo\/image\/","url":"https:\/\/exceladvisor.org\/es\/wp-content\/uploads\/2023\/12\/exceladvisor.org_.png","contentUrl":"https:\/\/exceladvisor.org\/es\/wp-content\/uploads\/2023\/12\/exceladvisor.org_.png","width":105,"height":36,"caption":"Excel Advisor"},"image":{"@id":"https:\/\/exceladvisor.org\/es\/#\/schema\/logo\/image\/"}}]}},"yoast_meta":{"yoast_wpseo_title":"","yoast_wpseo_metadesc":"","yoast_wpseo_canonical":""},"_links":{"self":[{"href":"https:\/\/exceladvisor.org\/es\/wp-json\/wp\/v2\/pages\/334","targetHints":{"allow":["GET"]}}],"collection":[{"href":"https:\/\/exceladvisor.org\/es\/wp-json\/wp\/v2\/pages"}],"about":[{"href":"https:\/\/exceladvisor.org\/es\/wp-json\/wp\/v2\/types\/page"}],"author":[{"embeddable":true,"href":"https:\/\/exceladvisor.org\/es\/wp-json\/wp\/v2\/users\/1"}],"replies":[{"embeddable":true,"href":"https:\/\/exceladvisor.org\/es\/wp-json\/wp\/v2\/comments?post=334"}],"version-history":[{"count":1,"href":"https:\/\/exceladvisor.org\/es\/wp-json\/wp\/v2\/pages\/334\/revisions"}],"predecessor-version":[{"id":832,"href":"https:\/\/exceladvisor.org\/es\/wp-json\/wp\/v2\/pages\/334\/revisions\/832"}],"wp:attachment":[{"href":"https:\/\/exceladvisor.org\/es\/wp-json\/wp\/v2\/media?parent=334"}],"curies":[{"name":"wp","href":"https:\/\/api.w.org\/{rel}","templated":true}]}}