{"id":335,"date":"2023-11-03T04:01:28","date_gmt":"2023-11-03T04:01:28","guid":{"rendered":"https:\/\/exceladvisor.org\/es\/agregar-comas\/"},"modified":"2023-12-25T10:22:53","modified_gmt":"2023-12-25T10:22:53","slug":"agregar-comas","status":"publish","type":"page","link":"https:\/\/exceladvisor.org\/es\/agregar-comas\/","title":{"rendered":"\u00bfc\u00f3mo agregar comas en excel?"},"content":{"rendered":"<div class=\"excel-antes-del-contenido\" id=\"excel-1651536673\"><script type=\"text\/javascript\">\r\n\tatOptions = {\r\n\t\t'key' : 'c1158f160081d6540a8409e6925dab94',\r\n\t\t'format' : 'iframe',\r\n\t\t'height' : 250,\r\n\t\t'width' : 300,\r\n\t\t'params' : {}\r\n\t};\r\n<\/script>\r\n<script type=\"text\/javascript\" src=\"\/\/www.highperformanceformat.com\/c1158f160081d6540a8409e6925dab94\/invoke.js\"><\/script><\/div><p>Si desea agregar una coma antes o despu\u00e9s del valor de una celda, puede escribir diferentes f\u00f3rmulas en Excel. Para ello debes utilizar los m\u00e9todos de concatenaci\u00f3n o la funci\u00f3n que te permite combinar dos o m\u00e1s valores.<\/p>\n<p> En este tutorial, detallaremos estas f\u00f3rmulas.<\/p>\n<h2 class=\"wp-block-heading\"> Usar el signo comercial para agregar una coma<\/h2>\n<p> En el siguiente ejemplo, tiene dos celdas, A1 y B1, con valores de texto. Debes combinar estos valores de estas celdas y agregar una coma entre ellos.<\/p>\n<p> Utilice la siguiente f\u00f3rmula para hacer esto: <\/p>\n<div class=\"wp-block-image\">\n<figure class=\"aligncenter size-full is-resized\"><img loading=\"lazy\" decoding=\"async\" class=\"alignnone  wp-image-13636\" src=\"https:\/\/exceladvisor.org\/wp-content\/uploads\/2023\/11\/formule-a-ajouter-virgules.png\" alt=\"formula-para-agregar-comas\" width=\"514\" height=\"259\" srcset=\"https:\/\/exceladvisor.org\/wp-content\/uploads\/2023\/11\/formule-a-ajouter-virgules.png 582w, https:\/\/exceladvisor.org\/wp-content\/uploads\/2023\/11\/formule-a-ajouter-virgules-300x151.png 300w\" sizes=\"auto, (max-width: 514px) 100vw, 514px\"><\/figure>\n<\/div>\n<pre class=\"wp-block-code\"> <code class=\"language-excel-formula\" lang=\"excel-formula\">=A1&amp;\", \"&amp;B1<\/code><\/pre>\n<p> En esta f\u00f3rmula tienes valores de las celdas A1 y B1. Y con la ayuda de comillas dobles, hay una coma y un espacio entre los dos valores.<\/p>\n<p> O tambi\u00e9n puedes hacer esto usando la funci\u00f3n CONCATENAR. <\/p>\n<pre class=\"wp-block-code\"> <code class=\"language-excel-formula\" lang=\"excel-formula\">=CONCATENATE(A1,\", \",B1)<\/code><\/pre>\n<div class=\"wp-block-image\">\n<figure class=\"aligncenter size-full is-resized\"><img loading=\"lazy\" decoding=\"async\" class=\"alignnone  wp-image-13637\" src=\"https:\/\/exceladvisor.org\/wp-content\/uploads\/2023\/11\/ajouter-une-virgule-en-utilisant-concatenation.png\" alt=\"agregar una coma usando concatenaci\u00f3n\" width=\"512\" height=\"258\" srcset=\"https:\/\/exceladvisor.org\/wp-content\/uploads\/2023\/11\/ajouter-une-virgule-en-utilisant-concatenation.png 582w, https:\/\/exceladvisor.org\/wp-content\/uploads\/2023\/11\/ajouter-une-virgule-en-utilisant-concatenation-300x151.png 300w\" sizes=\"auto, (max-width: 512px) 100vw, 512px\"><\/figure>\n<\/div>\n<p> Y si ya tienes una coma en una celda, puedes usar la funci\u00f3n CONCAT para eso. <\/p>\n<div class=\"wp-block-image\">\n<figure class=\"aligncenter size-full is-resized\"><img loading=\"lazy\" decoding=\"async\" class=\"alignnone  wp-image-13638\" src=\"https:\/\/exceladvisor.org\/wp-content\/uploads\/2023\/11\/concat-si-a-deja-une-virgules.png\" alt=\"concat-si-ya-tiene-una-coma\" width=\"507\" height=\"202\" srcset=\"https:\/\/exceladvisor.org\/wp-content\/uploads\/2023\/11\/concat-si-a-deja-une-virgules.png 736w, https:\/\/exceladvisor.org\/wp-content\/uploads\/2023\/11\/concat-si-a-deja-une-virgules-300x119.png 300w\" sizes=\"auto, (max-width: 507px) 100vw, 507px\"><\/figure>\n<\/div>\n<p class=\"qt-tip\"> <strong>Nota:<\/strong> Puede utilizar este m\u00e9todo en cualquier versi\u00f3n de Excel.<\/p>\n<h2 class=\"wp-block-heading\"> Utilice TEXTJOIN para agregar comas entre m\u00faltiples valores<\/h2>\n<p> Si desea agregar comas entre varios valores en un rango de celdas, TEXTJOIN es la mejor funci\u00f3n. <\/p>\n<div class=\"wp-block-image\">\n<figure class=\"aligncenter size-full is-resized\"><img loading=\"lazy\" decoding=\"async\" class=\"alignnone  wp-image-13639\" src=\"https:\/\/exceladvisor.org\/wp-content\/uploads\/2023\/11\/textjoin-to-add-comma.png\" alt=\"uni\u00f3n de texto para agregar coma\" width=\"447\" height=\"342\" srcset=\"https:\/\/exceladvisor.org\/wp-content\/uploads\/2023\/11\/textjoin-to-add-comma.png 588w, https:\/\/exceladvisor.org\/wp-content\/uploads\/2023\/11\/textjoin-to-add-comma-300x230.png 300w\" sizes=\"auto, (max-width: 447px) 100vw, 447px\"><\/figure>\n<\/div>\n<pre class=\"wp-block-code\"> <code class=\"language-excel-formula\" lang=\"excel-formula\">=TEXTJOIN(\", \",TRUE,A1:A5)<\/code><\/pre>\n<p> Es f\u00e1cil agregar una coma o cualquier otro delimitador con TEXTJOIN. Como se puede ver:<\/p>\n<ul>\n<li> Hemos especificado una coma y un espacio en el primer argumento de la funci\u00f3n.<\/li>\n<li> Y luego VERDADERO para ignorar las celdas vac\u00edas.<\/li>\n<li> Al final nos referimos al rango desde el que quer\u00edamos llegar.<\/li>\n<\/ul>\n<p> Cuando presionas Enter te da todos los valores con una coma y un espacio entre cada palabra. <\/p>\n<div class=\"gb-container gb-container-52dfcee1 gb-container-sample-file\">\n<h2 class=\"gb-headline gb-headline-e289c143 gb-headline-text gb-headline-4f7959c2\"> Obtener el archivo Excel<\/h2>\n<p> <a class=\"gb-button gb-button-e88d6bee gb-button-text gb-button-button1\" href=\"https:\/\/exceladvisor.org\/wp-content\/uploads\/2023\/11\/ajouter-une-virgule.xlsx\" rel=\"nofollow\">Descargar<\/a><\/div>\n<div class=\"gb-container gb-container-0df56012 gb-container-mt\"> <a class=\"gb-button gb-button-f9f432f4 gb-button-text gb-button-mt-button\" href=\"https:\/\/exceladvisor.org\/es\/formulas\/\">Lista de f\u00f3rmulas de Excel<\/a><\/p>\n<h2 class=\"gb-headline gb-headline-233444e8 gb-headline-text gb-headline-mt-heading\"> F\u00f3rmulas relacionadas <\/h2>\n<div class=\"gb-grid-wrapper gb-grid-wrapper-a16fa65c gb-grid-wrapper-mt-grid\">\n<div class=\"gb-grid-column gb-grid-column-50d07e0d\">\n<div class=\"gb-container gb-container-50d07e0d\">\n<ul>\n<li> <a href=\"https:\/\/exceladvisor.org\/es\/nueva-linea-en-la-celda\/\">Agregar una nueva l\u00ednea a una celda en Excel (salto de l\u00ednea)<\/a><\/li>\n<li> <a href=\"https:\/\/exceladvisor.org\/es\/ceros-a-la-izquierda\/\">Agregue ceros a la izquierda en Excel<\/a><\/li>\n<li> <a href=\"https:\/\/exceladvisor.org\/es\/concatenar-celdas-con-una-coma\/\">Concatenar (combinar) celdas con una coma en Excel<\/a><\/li>\n<li> <a href=\"https:\/\/exceladvisor.org\/es\/concatenar-un-rango-de-celdas\/\">Concatenar (combinar) un rango de celdas en Excel<\/a><\/li>\n<li> <a href=\"https:\/\/exceladvisor.org\/es\/concatenar-un-salto-de-linea\/\">Concatenar con salto de l\u00ednea en Excel<\/a><\/li>\n<\/ul>\n<\/div>\n<\/div>\n<\/div>\n<\/div>\n","protected":false},"excerpt":{"rendered":"<p>Si desea agregar una coma antes o despu\u00e9s del valor de una celda, puede escribir diferentes f\u00f3rmulas en Excel. Para ello debes utilizar los m\u00e9todos de concatenaci\u00f3n o la funci\u00f3n que te permite combinar dos o m\u00e1s valores. En este tutorial, detallaremos estas f\u00f3rmulas. Usar el signo comercial para agregar una coma En el siguiente [&hellip;]<\/p>\n","protected":false},"author":1,"featured_media":0,"parent":0,"menu_order":0,"comment_status":"open","ping_status":"closed","template":"","meta":{"ub_ctt_via":"","footnotes":""},"class_list":["post-335","page","type-page","status-publish","hentry"],"featured_image_src":null,"yoast_head":"<!-- This site is optimized with the Yoast SEO plugin v25.4 - https:\/\/yoast.com\/wordpress\/plugins\/seo\/ -->\n<title>\u00bfc\u00f3mo agregar comas en excel?<\/title>\n<meta name=\"robots\" content=\"index, follow, max-snippet:-1, max-image-preview:large, max-video-preview:-1\" \/>\n<link rel=\"canonical\" href=\"https:\/\/exceladvisor.org\/es\/agregar-comas\/\" \/>\n<meta property=\"og:locale\" content=\"es_ES\" \/>\n<meta property=\"og:type\" content=\"article\" \/>\n<meta property=\"og:title\" content=\"\u00bfc\u00f3mo agregar comas en excel?\" \/>\n<meta property=\"og:description\" content=\"Si desea agregar una coma antes o despu\u00e9s del valor de una celda, puede escribir diferentes f\u00f3rmulas en Excel. Para ello debes utilizar los m\u00e9todos de concatenaci\u00f3n o la funci\u00f3n que te permite combinar dos o m\u00e1s valores. En este tutorial, detallaremos estas f\u00f3rmulas. Usar el signo comercial para agregar una coma En el siguiente [&hellip;]\" \/>\n<meta property=\"og:url\" content=\"https:\/\/exceladvisor.org\/es\/agregar-comas\/\" \/>\n<meta property=\"og:site_name\" content=\"Excel Advisor\" \/>\n<meta property=\"article:modified_time\" content=\"2023-12-25T10:22:53+00:00\" \/>\n<meta property=\"og:image\" content=\"https:\/\/exceladvisor.org\/wp-content\/uploads\/2023\/11\/formule-a-ajouter-virgules.png\" \/>\n<meta name=\"twitter:card\" content=\"summary_large_image\" \/>\n<meta name=\"twitter:label1\" content=\"Tiempo de lectura\" \/>\n\t<meta name=\"twitter:data1\" content=\"2 minutos\" \/>\n<script type=\"application\/ld+json\" class=\"yoast-schema-graph\">{\"@context\":\"https:\/\/schema.org\",\"@graph\":[{\"@type\":\"WebPage\",\"@id\":\"https:\/\/exceladvisor.org\/es\/agregar-comas\/\",\"url\":\"https:\/\/exceladvisor.org\/es\/agregar-comas\/\",\"name\":\"\u00bfc\u00f3mo agregar comas en excel?\",\"isPartOf\":{\"@id\":\"https:\/\/exceladvisor.org\/es\/#website\"},\"primaryImageOfPage\":{\"@id\":\"https:\/\/exceladvisor.org\/es\/agregar-comas\/#primaryimage\"},\"image\":{\"@id\":\"https:\/\/exceladvisor.org\/es\/agregar-comas\/#primaryimage\"},\"thumbnailUrl\":\"https:\/\/exceladvisor.org\/wp-content\/uploads\/2023\/11\/formule-a-ajouter-virgules.png\",\"datePublished\":\"2023-11-03T04:01:28+00:00\",\"dateModified\":\"2023-12-25T10:22:53+00:00\",\"breadcrumb\":{\"@id\":\"https:\/\/exceladvisor.org\/es\/agregar-comas\/#breadcrumb\"},\"inLanguage\":\"es\",\"potentialAction\":[{\"@type\":\"ReadAction\",\"target\":[\"https:\/\/exceladvisor.org\/es\/agregar-comas\/\"]}]},{\"@type\":\"ImageObject\",\"inLanguage\":\"es\",\"@id\":\"https:\/\/exceladvisor.org\/es\/agregar-comas\/#primaryimage\",\"url\":\"https:\/\/exceladvisor.org\/wp-content\/uploads\/2023\/11\/formule-a-ajouter-virgules.png\",\"contentUrl\":\"https:\/\/exceladvisor.org\/wp-content\/uploads\/2023\/11\/formule-a-ajouter-virgules.png\"},{\"@type\":\"BreadcrumbList\",\"@id\":\"https:\/\/exceladvisor.org\/es\/agregar-comas\/#breadcrumb\",\"itemListElement\":[{\"@type\":\"ListItem\",\"position\":1,\"name\":\"Hogar\",\"item\":\"https:\/\/exceladvisor.org\/es\/\"},{\"@type\":\"ListItem\",\"position\":2,\"name\":\"\u00bfc\u00f3mo agregar comas en excel?\"}]},{\"@type\":\"WebSite\",\"@id\":\"https:\/\/exceladvisor.org\/es\/#website\",\"url\":\"https:\/\/exceladvisor.org\/es\/\",\"name\":\"Excel Advisor\",\"description\":\"Su gu\u00eda para la dominaci\u00f3n de datos!\",\"publisher\":{\"@id\":\"https:\/\/exceladvisor.org\/es\/#organization\"},\"potentialAction\":[{\"@type\":\"SearchAction\",\"target\":{\"@type\":\"EntryPoint\",\"urlTemplate\":\"https:\/\/exceladvisor.org\/es\/?s={search_term_string}\"},\"query-input\":{\"@type\":\"PropertyValueSpecification\",\"valueRequired\":true,\"valueName\":\"search_term_string\"}}],\"inLanguage\":\"es\"},{\"@type\":\"Organization\",\"@id\":\"https:\/\/exceladvisor.org\/es\/#organization\",\"name\":\"Excel Advisor\",\"url\":\"https:\/\/exceladvisor.org\/es\/\",\"logo\":{\"@type\":\"ImageObject\",\"inLanguage\":\"es\",\"@id\":\"https:\/\/exceladvisor.org\/es\/#\/schema\/logo\/image\/\",\"url\":\"https:\/\/exceladvisor.org\/es\/wp-content\/uploads\/2023\/12\/exceladvisor.org_.png\",\"contentUrl\":\"https:\/\/exceladvisor.org\/es\/wp-content\/uploads\/2023\/12\/exceladvisor.org_.png\",\"width\":105,\"height\":36,\"caption\":\"Excel Advisor\"},\"image\":{\"@id\":\"https:\/\/exceladvisor.org\/es\/#\/schema\/logo\/image\/\"}}]}<\/script>\n<!-- \/ Yoast SEO plugin. -->","yoast_head_json":{"title":"\u00bfc\u00f3mo agregar comas en excel?","robots":{"index":"index","follow":"follow","max-snippet":"max-snippet:-1","max-image-preview":"max-image-preview:large","max-video-preview":"max-video-preview:-1"},"canonical":"https:\/\/exceladvisor.org\/es\/agregar-comas\/","og_locale":"es_ES","og_type":"article","og_title":"\u00bfc\u00f3mo agregar comas en excel?","og_description":"Si desea agregar una coma antes o despu\u00e9s del valor de una celda, puede escribir diferentes f\u00f3rmulas en Excel. Para ello debes utilizar los m\u00e9todos de concatenaci\u00f3n o la funci\u00f3n que te permite combinar dos o m\u00e1s valores. En este tutorial, detallaremos estas f\u00f3rmulas. Usar el signo comercial para agregar una coma En el siguiente [&hellip;]","og_url":"https:\/\/exceladvisor.org\/es\/agregar-comas\/","og_site_name":"Excel Advisor","article_modified_time":"2023-12-25T10:22:53+00:00","og_image":[{"url":"https:\/\/exceladvisor.org\/wp-content\/uploads\/2023\/11\/formule-a-ajouter-virgules.png","type":"","width":"","height":""}],"twitter_card":"summary_large_image","twitter_misc":{"Tiempo de lectura":"2 minutos"},"schema":{"@context":"https:\/\/schema.org","@graph":[{"@type":"WebPage","@id":"https:\/\/exceladvisor.org\/es\/agregar-comas\/","url":"https:\/\/exceladvisor.org\/es\/agregar-comas\/","name":"\u00bfc\u00f3mo agregar comas en excel?","isPartOf":{"@id":"https:\/\/exceladvisor.org\/es\/#website"},"primaryImageOfPage":{"@id":"https:\/\/exceladvisor.org\/es\/agregar-comas\/#primaryimage"},"image":{"@id":"https:\/\/exceladvisor.org\/es\/agregar-comas\/#primaryimage"},"thumbnailUrl":"https:\/\/exceladvisor.org\/wp-content\/uploads\/2023\/11\/formule-a-ajouter-virgules.png","datePublished":"2023-11-03T04:01:28+00:00","dateModified":"2023-12-25T10:22:53+00:00","breadcrumb":{"@id":"https:\/\/exceladvisor.org\/es\/agregar-comas\/#breadcrumb"},"inLanguage":"es","potentialAction":[{"@type":"ReadAction","target":["https:\/\/exceladvisor.org\/es\/agregar-comas\/"]}]},{"@type":"ImageObject","inLanguage":"es","@id":"https:\/\/exceladvisor.org\/es\/agregar-comas\/#primaryimage","url":"https:\/\/exceladvisor.org\/wp-content\/uploads\/2023\/11\/formule-a-ajouter-virgules.png","contentUrl":"https:\/\/exceladvisor.org\/wp-content\/uploads\/2023\/11\/formule-a-ajouter-virgules.png"},{"@type":"BreadcrumbList","@id":"https:\/\/exceladvisor.org\/es\/agregar-comas\/#breadcrumb","itemListElement":[{"@type":"ListItem","position":1,"name":"Hogar","item":"https:\/\/exceladvisor.org\/es\/"},{"@type":"ListItem","position":2,"name":"\u00bfc\u00f3mo agregar comas en excel?"}]},{"@type":"WebSite","@id":"https:\/\/exceladvisor.org\/es\/#website","url":"https:\/\/exceladvisor.org\/es\/","name":"Excel Advisor","description":"Su gu\u00eda para la dominaci\u00f3n de datos!","publisher":{"@id":"https:\/\/exceladvisor.org\/es\/#organization"},"potentialAction":[{"@type":"SearchAction","target":{"@type":"EntryPoint","urlTemplate":"https:\/\/exceladvisor.org\/es\/?s={search_term_string}"},"query-input":{"@type":"PropertyValueSpecification","valueRequired":true,"valueName":"search_term_string"}}],"inLanguage":"es"},{"@type":"Organization","@id":"https:\/\/exceladvisor.org\/es\/#organization","name":"Excel Advisor","url":"https:\/\/exceladvisor.org\/es\/","logo":{"@type":"ImageObject","inLanguage":"es","@id":"https:\/\/exceladvisor.org\/es\/#\/schema\/logo\/image\/","url":"https:\/\/exceladvisor.org\/es\/wp-content\/uploads\/2023\/12\/exceladvisor.org_.png","contentUrl":"https:\/\/exceladvisor.org\/es\/wp-content\/uploads\/2023\/12\/exceladvisor.org_.png","width":105,"height":36,"caption":"Excel Advisor"},"image":{"@id":"https:\/\/exceladvisor.org\/es\/#\/schema\/logo\/image\/"}}]}},"yoast_meta":{"yoast_wpseo_title":"","yoast_wpseo_metadesc":"","yoast_wpseo_canonical":""},"_links":{"self":[{"href":"https:\/\/exceladvisor.org\/es\/wp-json\/wp\/v2\/pages\/335","targetHints":{"allow":["GET"]}}],"collection":[{"href":"https:\/\/exceladvisor.org\/es\/wp-json\/wp\/v2\/pages"}],"about":[{"href":"https:\/\/exceladvisor.org\/es\/wp-json\/wp\/v2\/types\/page"}],"author":[{"embeddable":true,"href":"https:\/\/exceladvisor.org\/es\/wp-json\/wp\/v2\/users\/1"}],"replies":[{"embeddable":true,"href":"https:\/\/exceladvisor.org\/es\/wp-json\/wp\/v2\/comments?post=335"}],"version-history":[{"count":1,"href":"https:\/\/exceladvisor.org\/es\/wp-json\/wp\/v2\/pages\/335\/revisions"}],"predecessor-version":[{"id":799,"href":"https:\/\/exceladvisor.org\/es\/wp-json\/wp\/v2\/pages\/335\/revisions\/799"}],"wp:attachment":[{"href":"https:\/\/exceladvisor.org\/es\/wp-json\/wp\/v2\/media?parent=335"}],"curies":[{"name":"wp","href":"https:\/\/api.w.org\/{rel}","templated":true}]}}