{"id":336,"date":"2023-11-03T03:25:57","date_gmt":"2023-11-03T03:25:57","guid":{"rendered":"https:\/\/exceladvisor.org\/es\/error-de-valor\/"},"modified":"2023-12-25T10:22:34","modified_gmt":"2023-12-25T10:22:34","slug":"error-de-valor","status":"publish","type":"page","link":"https:\/\/exceladvisor.org\/es\/error-de-valor\/","title":{"rendered":"\u00a1c\u00f3mo solucionar el #valor! \u00bferror en excel?"},"content":{"rendered":"<div class=\"excel-antes-del-contenido\" id=\"excel-1044470653\"><script type=\"text\/javascript\">\r\n\tatOptions = {\r\n\t\t'key' : 'c1158f160081d6540a8409e6925dab94',\r\n\t\t'format' : 'iframe',\r\n\t\t'height' : 250,\r\n\t\t'width' : 300,\r\n\t\t'params' : {}\r\n\t};\r\n<\/script>\r\n<script type=\"text\/javascript\" src=\"\/\/www.highperformanceformat.com\/c1158f160081d6540a8409e6925dab94\/invoke.js\"><\/script><\/div><p>En Excel, #\u00a1VALOR! El error ocurre cuando el tipo de valor de entrada no es correcto. Supongamos que desea sumar dos n\u00fameros de dos celdas, pero en la segunda celda el valor es texto. Entonces aqu\u00ed no es posible realizar este c\u00e1lculo porque no puede agregar un n\u00famero o texto. <\/p>\n<div class=\"wp-block-image\">\n<figure class=\"aligncenter size-full is-resized\"><img loading=\"lazy\" decoding=\"async\" class=\"wp-image-70013\" src=\"https:\/\/exceladvisor.org\/wp-content\/uploads\/2023\/08\/1-erreur-de-valeur-de-fixation.png\" sizes=\"auto, \" srcset=\"\" alt=\"error de valor de fijaci\u00f3n\" width=\"503\" height=\"282\"><\/figure>\n<\/div>\n<h2 class=\"wp-block-heading\"> Pasos para arreglar #\u00a1VALOR! error en excel<\/h2>\n<ol type=\"1\">\n<li> \u00a1El primer paso para establecer #VALOR! El error es verificar que los valores que especific\u00f3 en la f\u00f3rmula sean del tipo correcto.<\/li>\n<li> Compruebe si el valor que especific\u00f3 en un argumento es v\u00e1lido o no. Por ejemplo, si quiero extraer el car\u00e1cter <sup>n\u00famero 25<\/sup> de un texto pero este texto solo tiene 20 caracteres.<\/li>\n<li> Despu\u00e9s de eso, aseg\u00farese de verificar las dimensiones de las tablas a las que se refiri\u00f3. Por ejemplo, en una fila tienes 10 celdas y en la segunda celda tienes 12 celdas. \u00a1Esto tambi\u00e9n conduce al #VALOR! error.<\/li>\n<li> \u00a1Compruebe si un valor en sus datos de entrada tiene un #VALOR! error ya. \u00a1Esto tambi\u00e9n puede llevar a tener #VALOR! error en el resultado.<\/li>\n<\/ol>\n<p> A continuaci\u00f3n se muestran algunas de las comprobaciones iniciales que puede realizar para corregir el error. Ahora veremos algunos ejemplos del mundo real para comprenderlos mejor.<\/p>\n<h2 class=\"wp-block-heading\"> #\u00a1VALOR! Error con SUMAPRODUCTO<\/h2>\n<p> En el siguiente ejemplo hemos utilizado la funci\u00f3n SUMAPRODUCTO y en la segunda tabla nos hemos referido al rango de diez celdas, y en el segundo rango nos hemos referido err\u00f3neamente al B1:B9 que tiene 9 celdas. \u00a1Y eso lleva a tener #VALOR! <\/p>\n<div class=\"wp-block-image\">\n<figure class=\"aligncenter size-full is-resized\"><img loading=\"lazy\" decoding=\"async\" class=\"wp-image-70014\" src=\"https:\/\/exceladvisor.org\/wp-content\/uploads\/2023\/08\/2-erreur-de-valeur-avec-sumproduct.png\" sizes=\"auto, \" srcset=\"\" alt=\"valor-error-con-sumaproducto\" width=\"512\" height=\"374\"><\/figure>\n<\/div>\n<p> Esto tambi\u00e9n puede suceder con otras funciones, como SUMAR.SI, SUMAR.SI, PROMEDIO.SI y PROMEDIO.SI.<\/p>\n<h2 class=\"wp-block-heading\"> #\u00a1VALOR! Error al momento de trabajar las fechas<\/h2>\n<p> En el siguiente ejemplo, tenemos una fecha en la celda A1 que est\u00e1 almacenada como texto y en el formato incorrecto. Ahora, si intentamos utilizar esta fecha en un c\u00e1lculo, devolver\u00e1 #\u00a1VALOR! <\/p>\n<div class=\"wp-block-image\">\n<figure class=\"aligncenter size-full is-resized\"><img loading=\"lazy\" decoding=\"async\" class=\"wp-image-70015\" src=\"https:\/\/exceladvisor.org\/wp-content\/uploads\/2023\/08\/3-erreur-de-valeur-pendant-les-dates-de-travail.png\" sizes=\"auto, \" srcset=\"\" alt=\"error-de-valor-durante-las-fechas-laborales\" width=\"508\" height=\"266\"><\/figure>\n<\/div>\n<p> La raz\u00f3n es que cuando intentas hacer un c\u00e1lculo y esa fecha es una prueba, esa funci\u00f3n o incluso esa f\u00f3rmula no pueden identificar esa fecha, aunque ese formato de fecha sea legible por humanos.<\/p>\n<h2 class=\"wp-block-heading\"> #\u00a1VALOR! Al incluir un valor de espacio en un c\u00e1lculo<\/h2>\n<p> En el siguiente ejemplo, cuando intentaba agregar las celdas A1 y A2, obtuve #\u00a1VALOR! error. <\/p>\n<div class=\"wp-block-image\">\n<figure class=\"aligncenter size-full is-resized\"><img loading=\"lazy\" decoding=\"async\" class=\"wp-image-70016\" src=\"https:\/\/exceladvisor.org\/wp-content\/uploads\/2023\/08\/4-valeur-quand-inclure-la-valeur-de-lespace.png\" sizes=\"auto, \" srcset=\"\" alt=\"valor-cuando-incluir-espacio-valor\" width=\"422\" height=\"329\"><\/figure>\n<\/div>\n<p> El motivo es este: en la celda A1 tenemos un espacio invisible para cualquier usuario. Y cuando lo mencion\u00e9 en el c\u00e1lculo me dio #\u00a1VALOR!<\/p>\n<p> \u00a1Estas son algunas de las razones por las que podr\u00edas enfrentar #VALOR! error en Excel. Pero la mejor manera de manejar este error es observar los valores a los que hizo referencia en la f\u00f3rmula. <\/p>\n<div class=\"gb-container gb-container-52dfcee1 gb-container-sample-file\">\n<h2 class=\"gb-headline gb-headline-e289c143 gb-headline-text gb-headline-4f7959c2\"> Obtener el archivo Excel<\/h2>\n<p> <a class=\"gb-button gb-button-e88d6bee gb-button-text gb-button-button1\" href=\"https:\/\/exceladvisor.org\/wp-content\/uploads\/2023\/11\/corriger-lerreur-de-valeur.xlsx\" rel=\"nofollow\">Descargar<\/a><\/div>\n<div class=\"gb-container gb-container-0df56012 gb-container-mt\"> <a class=\"gb-button gb-button-f9f432f4 gb-button-text gb-button-mt-button\" href=\"https:\/\/exceladvisor.org\/es\/formulas\/\">Lista de f\u00f3rmulas de Excel<\/a><\/p>\n<h2 class=\"gb-headline gb-headline-233444e8 gb-headline-text gb-headline-mt-heading\"> F\u00f3rmulas relacionadas <\/h2>\n<div class=\"gb-grid-wrapper gb-grid-wrapper-a16fa65c gb-grid-wrapper-mt-grid\">\n<div class=\"gb-grid-column gb-grid-column-50d07e0d\">\n<div class=\"gb-container gb-container-50d07e0d\">\n<ul>\n<li> <a href=\"https:\/\/exceladvisor.org\/es\/error-de-division\/\">Error #DIV\/0<\/a><\/li>\n<li> <a href=\"https:\/\/exceladvisor.org\/es\/error-de-derrame\/\">#\u00a1DESPARRAMAR! Error<\/a><\/li>\n<li> <a href=\"https:\/\/exceladvisor.org\/es\/ignorar-errores\/\">Ignorar todos los errores en Excel<\/a> <\/li>\n<\/ul>\n<\/div>\n<\/div>\n<div class=\"gb-grid-column gb-grid-column-5b4a0cf9\">\n<div class=\"gb-container gb-container-5b4a0cf9\">\n<ul>\n<li> <a href=\"https:\/\/exceladvisor.org\/es\/sin-error\/\">#N\/A Error en Excel<\/a><\/li>\n<li> <a href=\"https:\/\/exceladvisor.org\/es\/error-de-referencia\/\">#\u00a1\u00c1RBITRO! error en excel<\/a><\/li>\n<\/ul>\n<\/div>\n<\/div>\n<\/div>\n<\/div>\n","protected":false},"excerpt":{"rendered":"<p>En Excel, #\u00a1VALOR! El error ocurre cuando el tipo de valor de entrada no es correcto. Supongamos que desea sumar dos n\u00fameros de dos celdas, pero en la segunda celda el valor es texto. Entonces aqu\u00ed no es posible realizar este c\u00e1lculo porque no puede agregar un n\u00famero o texto. Pasos para arreglar #\u00a1VALOR! error [&hellip;]<\/p>\n","protected":false},"author":1,"featured_media":0,"parent":0,"menu_order":0,"comment_status":"open","ping_status":"closed","template":"","meta":{"ub_ctt_via":"","footnotes":""},"class_list":["post-336","page","type-page","status-publish","hentry"],"featured_image_src":null,"yoast_head":"<!-- This site is optimized with the Yoast SEO plugin v25.4 - https:\/\/yoast.com\/wordpress\/plugins\/seo\/ -->\n<title>\u00a1c\u00f3mo solucionar el #valor! \u00bferror en excel?<\/title>\n<meta name=\"robots\" content=\"index, follow, max-snippet:-1, max-image-preview:large, max-video-preview:-1\" \/>\n<link rel=\"canonical\" href=\"https:\/\/exceladvisor.org\/es\/error-de-valor\/\" \/>\n<meta property=\"og:locale\" content=\"es_ES\" \/>\n<meta property=\"og:type\" content=\"article\" \/>\n<meta property=\"og:title\" content=\"\u00a1c\u00f3mo solucionar el #valor! \u00bferror en excel?\" \/>\n<meta property=\"og:description\" content=\"En Excel, #\u00a1VALOR! El error ocurre cuando el tipo de valor de entrada no es correcto. Supongamos que desea sumar dos n\u00fameros de dos celdas, pero en la segunda celda el valor es texto. Entonces aqu\u00ed no es posible realizar este c\u00e1lculo porque no puede agregar un n\u00famero o texto. Pasos para arreglar #\u00a1VALOR! error [&hellip;]\" \/>\n<meta property=\"og:url\" content=\"https:\/\/exceladvisor.org\/es\/error-de-valor\/\" \/>\n<meta property=\"og:site_name\" content=\"Excel Advisor\" \/>\n<meta property=\"article:modified_time\" content=\"2023-12-25T10:22:34+00:00\" \/>\n<meta property=\"og:image\" content=\"https:\/\/exceladvisor.org\/wp-content\/uploads\/2023\/08\/1-erreur-de-valeur-de-fixation.png\" \/>\n<meta name=\"twitter:card\" content=\"summary_large_image\" \/>\n<meta name=\"twitter:label1\" content=\"Tiempo de lectura\" \/>\n\t<meta name=\"twitter:data1\" content=\"2 minutos\" \/>\n<script type=\"application\/ld+json\" class=\"yoast-schema-graph\">{\"@context\":\"https:\/\/schema.org\",\"@graph\":[{\"@type\":\"WebPage\",\"@id\":\"https:\/\/exceladvisor.org\/es\/error-de-valor\/\",\"url\":\"https:\/\/exceladvisor.org\/es\/error-de-valor\/\",\"name\":\"\u00a1c\u00f3mo solucionar el #valor! \u00bferror en excel?\",\"isPartOf\":{\"@id\":\"https:\/\/exceladvisor.org\/es\/#website\"},\"primaryImageOfPage\":{\"@id\":\"https:\/\/exceladvisor.org\/es\/error-de-valor\/#primaryimage\"},\"image\":{\"@id\":\"https:\/\/exceladvisor.org\/es\/error-de-valor\/#primaryimage\"},\"thumbnailUrl\":\"https:\/\/exceladvisor.org\/wp-content\/uploads\/2023\/08\/1-erreur-de-valeur-de-fixation.png\",\"datePublished\":\"2023-11-03T03:25:57+00:00\",\"dateModified\":\"2023-12-25T10:22:34+00:00\",\"breadcrumb\":{\"@id\":\"https:\/\/exceladvisor.org\/es\/error-de-valor\/#breadcrumb\"},\"inLanguage\":\"es\",\"potentialAction\":[{\"@type\":\"ReadAction\",\"target\":[\"https:\/\/exceladvisor.org\/es\/error-de-valor\/\"]}]},{\"@type\":\"ImageObject\",\"inLanguage\":\"es\",\"@id\":\"https:\/\/exceladvisor.org\/es\/error-de-valor\/#primaryimage\",\"url\":\"https:\/\/exceladvisor.org\/wp-content\/uploads\/2023\/08\/1-erreur-de-valeur-de-fixation.png\",\"contentUrl\":\"https:\/\/exceladvisor.org\/wp-content\/uploads\/2023\/08\/1-erreur-de-valeur-de-fixation.png\"},{\"@type\":\"BreadcrumbList\",\"@id\":\"https:\/\/exceladvisor.org\/es\/error-de-valor\/#breadcrumb\",\"itemListElement\":[{\"@type\":\"ListItem\",\"position\":1,\"name\":\"Hogar\",\"item\":\"https:\/\/exceladvisor.org\/es\/\"},{\"@type\":\"ListItem\",\"position\":2,\"name\":\"\u00a1c\u00f3mo solucionar el #valor! \u00bferror en excel?\"}]},{\"@type\":\"WebSite\",\"@id\":\"https:\/\/exceladvisor.org\/es\/#website\",\"url\":\"https:\/\/exceladvisor.org\/es\/\",\"name\":\"Excel Advisor\",\"description\":\"Su gu\u00eda para la dominaci\u00f3n de datos!\",\"publisher\":{\"@id\":\"https:\/\/exceladvisor.org\/es\/#organization\"},\"potentialAction\":[{\"@type\":\"SearchAction\",\"target\":{\"@type\":\"EntryPoint\",\"urlTemplate\":\"https:\/\/exceladvisor.org\/es\/?s={search_term_string}\"},\"query-input\":{\"@type\":\"PropertyValueSpecification\",\"valueRequired\":true,\"valueName\":\"search_term_string\"}}],\"inLanguage\":\"es\"},{\"@type\":\"Organization\",\"@id\":\"https:\/\/exceladvisor.org\/es\/#organization\",\"name\":\"Excel Advisor\",\"url\":\"https:\/\/exceladvisor.org\/es\/\",\"logo\":{\"@type\":\"ImageObject\",\"inLanguage\":\"es\",\"@id\":\"https:\/\/exceladvisor.org\/es\/#\/schema\/logo\/image\/\",\"url\":\"https:\/\/exceladvisor.org\/es\/wp-content\/uploads\/2023\/12\/exceladvisor.org_.png\",\"contentUrl\":\"https:\/\/exceladvisor.org\/es\/wp-content\/uploads\/2023\/12\/exceladvisor.org_.png\",\"width\":105,\"height\":36,\"caption\":\"Excel Advisor\"},\"image\":{\"@id\":\"https:\/\/exceladvisor.org\/es\/#\/schema\/logo\/image\/\"}}]}<\/script>\n<!-- \/ Yoast SEO plugin. -->","yoast_head_json":{"title":"\u00a1c\u00f3mo solucionar el #valor! \u00bferror en excel?","robots":{"index":"index","follow":"follow","max-snippet":"max-snippet:-1","max-image-preview":"max-image-preview:large","max-video-preview":"max-video-preview:-1"},"canonical":"https:\/\/exceladvisor.org\/es\/error-de-valor\/","og_locale":"es_ES","og_type":"article","og_title":"\u00a1c\u00f3mo solucionar el #valor! \u00bferror en excel?","og_description":"En Excel, #\u00a1VALOR! El error ocurre cuando el tipo de valor de entrada no es correcto. Supongamos que desea sumar dos n\u00fameros de dos celdas, pero en la segunda celda el valor es texto. Entonces aqu\u00ed no es posible realizar este c\u00e1lculo porque no puede agregar un n\u00famero o texto. Pasos para arreglar #\u00a1VALOR! error [&hellip;]","og_url":"https:\/\/exceladvisor.org\/es\/error-de-valor\/","og_site_name":"Excel Advisor","article_modified_time":"2023-12-25T10:22:34+00:00","og_image":[{"url":"https:\/\/exceladvisor.org\/wp-content\/uploads\/2023\/08\/1-erreur-de-valeur-de-fixation.png","type":"","width":"","height":""}],"twitter_card":"summary_large_image","twitter_misc":{"Tiempo de lectura":"2 minutos"},"schema":{"@context":"https:\/\/schema.org","@graph":[{"@type":"WebPage","@id":"https:\/\/exceladvisor.org\/es\/error-de-valor\/","url":"https:\/\/exceladvisor.org\/es\/error-de-valor\/","name":"\u00a1c\u00f3mo solucionar el #valor! \u00bferror en excel?","isPartOf":{"@id":"https:\/\/exceladvisor.org\/es\/#website"},"primaryImageOfPage":{"@id":"https:\/\/exceladvisor.org\/es\/error-de-valor\/#primaryimage"},"image":{"@id":"https:\/\/exceladvisor.org\/es\/error-de-valor\/#primaryimage"},"thumbnailUrl":"https:\/\/exceladvisor.org\/wp-content\/uploads\/2023\/08\/1-erreur-de-valeur-de-fixation.png","datePublished":"2023-11-03T03:25:57+00:00","dateModified":"2023-12-25T10:22:34+00:00","breadcrumb":{"@id":"https:\/\/exceladvisor.org\/es\/error-de-valor\/#breadcrumb"},"inLanguage":"es","potentialAction":[{"@type":"ReadAction","target":["https:\/\/exceladvisor.org\/es\/error-de-valor\/"]}]},{"@type":"ImageObject","inLanguage":"es","@id":"https:\/\/exceladvisor.org\/es\/error-de-valor\/#primaryimage","url":"https:\/\/exceladvisor.org\/wp-content\/uploads\/2023\/08\/1-erreur-de-valeur-de-fixation.png","contentUrl":"https:\/\/exceladvisor.org\/wp-content\/uploads\/2023\/08\/1-erreur-de-valeur-de-fixation.png"},{"@type":"BreadcrumbList","@id":"https:\/\/exceladvisor.org\/es\/error-de-valor\/#breadcrumb","itemListElement":[{"@type":"ListItem","position":1,"name":"Hogar","item":"https:\/\/exceladvisor.org\/es\/"},{"@type":"ListItem","position":2,"name":"\u00a1c\u00f3mo solucionar el #valor! \u00bferror en excel?"}]},{"@type":"WebSite","@id":"https:\/\/exceladvisor.org\/es\/#website","url":"https:\/\/exceladvisor.org\/es\/","name":"Excel Advisor","description":"Su gu\u00eda para la dominaci\u00f3n de datos!","publisher":{"@id":"https:\/\/exceladvisor.org\/es\/#organization"},"potentialAction":[{"@type":"SearchAction","target":{"@type":"EntryPoint","urlTemplate":"https:\/\/exceladvisor.org\/es\/?s={search_term_string}"},"query-input":{"@type":"PropertyValueSpecification","valueRequired":true,"valueName":"search_term_string"}}],"inLanguage":"es"},{"@type":"Organization","@id":"https:\/\/exceladvisor.org\/es\/#organization","name":"Excel Advisor","url":"https:\/\/exceladvisor.org\/es\/","logo":{"@type":"ImageObject","inLanguage":"es","@id":"https:\/\/exceladvisor.org\/es\/#\/schema\/logo\/image\/","url":"https:\/\/exceladvisor.org\/es\/wp-content\/uploads\/2023\/12\/exceladvisor.org_.png","contentUrl":"https:\/\/exceladvisor.org\/es\/wp-content\/uploads\/2023\/12\/exceladvisor.org_.png","width":105,"height":36,"caption":"Excel Advisor"},"image":{"@id":"https:\/\/exceladvisor.org\/es\/#\/schema\/logo\/image\/"}}]}},"yoast_meta":{"yoast_wpseo_title":"","yoast_wpseo_metadesc":"","yoast_wpseo_canonical":""},"_links":{"self":[{"href":"https:\/\/exceladvisor.org\/es\/wp-json\/wp\/v2\/pages\/336","targetHints":{"allow":["GET"]}}],"collection":[{"href":"https:\/\/exceladvisor.org\/es\/wp-json\/wp\/v2\/pages"}],"about":[{"href":"https:\/\/exceladvisor.org\/es\/wp-json\/wp\/v2\/types\/page"}],"author":[{"embeddable":true,"href":"https:\/\/exceladvisor.org\/es\/wp-json\/wp\/v2\/users\/1"}],"replies":[{"embeddable":true,"href":"https:\/\/exceladvisor.org\/es\/wp-json\/wp\/v2\/comments?post=336"}],"version-history":[{"count":1,"href":"https:\/\/exceladvisor.org\/es\/wp-json\/wp\/v2\/pages\/336\/revisions"}],"predecessor-version":[{"id":774,"href":"https:\/\/exceladvisor.org\/es\/wp-json\/wp\/v2\/pages\/336\/revisions\/774"}],"wp:attachment":[{"href":"https:\/\/exceladvisor.org\/es\/wp-json\/wp\/v2\/media?parent=336"}],"curies":[{"name":"wp","href":"https:\/\/api.w.org\/{rel}","templated":true}]}}