{"id":340,"date":"2023-11-02T23:10:23","date_gmt":"2023-11-02T23:10:23","guid":{"rendered":"https:\/\/exceladvisor.org\/es\/consolidar\/"},"modified":"2023-12-25T10:24:34","modified_gmt":"2023-12-25T10:24:34","slug":"consolidar","status":"publish","type":"page","link":"https:\/\/exceladvisor.org\/es\/consolidar\/","title":{"rendered":"\u00bfc\u00f3mo consolidar datos de varias hojas de c\u00e1lculo?"},"content":{"rendered":"<div class=\"excel-antes-del-contenido\" id=\"excel-156121073\"><script type=\"text\/javascript\">\r\n\tatOptions = {\r\n\t\t'key' : 'c1158f160081d6540a8409e6925dab94',\r\n\t\t'format' : 'iframe',\r\n\t\t'height' : 250,\r\n\t\t'width' : 300,\r\n\t\t'params' : {}\r\n\t};\r\n<\/script>\r\n<script type=\"text\/javascript\" src=\"\/\/www.highperformanceformat.com\/c1158f160081d6540a8409e6925dab94\/invoke.js\"><\/script><\/div><p class=\"has-text-align-left\">Cuando comenc\u00e9 a usar Excel, se me daba muy mal consolidar datos. Si me pidieran que capturara datos de ventas para cuatro \u00e1reas diferentes, crear\u00eda cuatro hojas de c\u00e1lculo diferentes para eso.<\/p>\n<p> S\u00ed, as\u00ed de mal estuve. Pero siempre se aprende de los errores. \u00bfEstoy en lo cierto?<\/p>\n<p> Y si est\u00e1s cometiendo los mismos errores que yo, tengo algunos consejos incre\u00edbles para ti. Una de las mejores opciones de Excel que he aprendido sobre la gesti\u00f3n de datos es \u00abconsolidar datos de varias hojas de trabajo en una sola hoja de trabajo\u00bb.<\/p>\n<h2 id=\"h-consolidate-data-in-excel-from-multiple-worksheets-steps\" class=\"wp-block-heading\"> \u00bfC\u00f3mo consolidar datos de varias hojas de c\u00e1lculo? [Pasos]<\/h2>\n<p> Aqu\u00ed tienes estas cuatro hojas de trabajo ( <a href=\"https:\/\/exceladvisor.org\/wp-content\/uploads\/2023\/11\/consolider-plusieurs-feuilles-de-calcul.xlsx\" rel=\"nofollow\">DESCARGA este archivo aqu\u00ed<\/a> ) para cuatro \u00e1reas diferentes que tienen la misma estructura. <\/p>\n<div class=\"wp-block-image\">\n<figure class=\"aligncenter\"><img decoding=\"async\" src=\"https:\/\/exceladvisor.org\/wp-content\/uploads\/2023\/08\/consolider-les-donnees-de-plusieurs-feuilles-de-calcul-dans-une-seule-feuille-de-calcul-quatre-feuilles-avec-les-memes-donnees-1.png\" sizes=\"\" srcset=\"\" alt=\"consolidar datos de varias hojas de trabajo en una sola hoja de trabajo de cuatro hojas con los mismos datos\"><\/figure>\n<\/div>\n<p> Estos son los pasos a seguir para consolidar los datos de estas m\u00faltiples pesta\u00f1as.<\/p>\n<ul>\n<li> Primero, <a href=\"https:\/\/exceladvisor.org\/es\/agregar\/\" data-wpil=\"url\">inserte una nueva hoja de trabajo<\/a> y as\u00edgnele el nombre \u00abTotal\u00bb (o lo que quiera), luego seleccione la celda A1 en esa hoja de trabajo. <\/li>\n<\/ul>\n<div class=\"wp-block-image\">\n<figure class=\"aligncenter\"><img decoding=\"async\" src=\"https:\/\/exceladvisor.org\/wp-content\/uploads\/2023\/08\/consolider-les-donnees-de-plusieurs-feuilles-de-calcul-dans-une-seule-feuille-de-calcul-quatre-feuilles-1.png\" sizes=\"\" srcset=\"\" alt=\"consolidar datos de varias hojas de trabajo en una sola hoja de trabajo de cuatro hojas\"><\/figure>\n<\/div>\n<ul>\n<li> Ahora vaya a la pesta\u00f1a Datos \u279c Herramientas de datos \u279c Consolidar. <\/li>\n<\/ul>\n<div class=\"wp-block-image\">\n<figure class=\"aligncenter\"><img decoding=\"async\" src=\"https:\/\/exceladvisor.org\/wp-content\/uploads\/2023\/08\/consolider-les-donnees-de-plusieurs-feuilles-de-calcul-dans-une-seule-feuille-de-calcul-cliquez-sur-loption-de-consolidation-min-1.png\" sizes=\"\" srcset=\"\" alt=\"consolidar datos de varias hojas de trabajo en una sola hoja de trabajo, haga clic en consolidar\"><\/figure>\n<\/div>\n<ul>\n<li> Una vez que hagas clic en consolidar obtendr\u00e1s una ventana como esta (solo sigue los pasos, por ahora explicar\u00e9 esta ventana en la segunda parte de esta publicaci\u00f3n). <\/li>\n<\/ul>\n<div class=\"wp-block-image\">\n<figure class=\"aligncenter\"><img decoding=\"async\" src=\"https:\/\/exceladvisor.org\/wp-content\/uploads\/2023\/08\/consolider-les-donnees-de-plusieurs-feuilles-de-calcul-dans-une-seule-feuille-de-calcul-fenetre-de-consolidation-min-1.png\" sizes=\"\" srcset=\"\" alt=\"consolidar datos de varias hojas de trabajo en una ventana de consolidaci\u00f3n m\u00ednima de una sola hoja de trabajo\"><\/figure>\n<\/div>\n<ul>\n<li> Ahora, usando el cuadro de entrada \u201cReferencia\u201d, seleccione los datos a extender desde la primera hoja donde tiene datos (zona norte). <\/li>\n<\/ul>\n<div class=\"wp-block-image\">\n<figure class=\"aligncenter\"><img decoding=\"async\" src=\"https:\/\/exceladvisor.org\/wp-content\/uploads\/2023\/08\/consolider-les-donnees-de-plusieurs-feuilles-de-calcul-dans-une-seule-feuille-de-calcul-selectionner-la-reference-1.png\" sizes=\"\" srcset=\"\" alt=\"consolidar datos de varias hojas de trabajo en una sola hoja de trabajo seleccionar referencia\"><\/figure>\n<\/div>\n<ul>\n<li> Despu\u00e9s de eso, haga clic en \u00abAgregar\u00bb. <\/li>\n<\/ul>\n<div class=\"wp-block-image\">\n<figure class=\"aligncenter\"><img decoding=\"async\" src=\"https:\/\/exceladvisor.org\/wp-content\/uploads\/2023\/08\/consolider-les-donnees-de-plusieurs-feuilles-de-calcul-dans-une-seule-feuille-de-calcul-ajouter-une-reference-pour-le-nord-1.png\" sizes=\"\" srcset=\"\" alt=\"consolidar datos de varias hojas de trabajo en una sola hoja de trabajo agregar referencia para el norte\"><\/figure>\n<\/div>\n<ul>\n<li> Usando el mismo m\u00e9todo, agregue referencias de las cuatro hojas de trabajo. <\/li>\n<\/ul>\n<div class=\"wp-block-image\">\n<figure class=\"aligncenter\"><img decoding=\"async\" src=\"https:\/\/exceladvisor.org\/wp-content\/uploads\/2023\/08\/consolider-les-donnees-de-plusieurs-feuilles-de-calcul-dans-une-seule-feuille-de-calcul-ajouter-une-reference-1.png\" sizes=\"\" srcset=\"\" alt=\"consolidar datos de varias hojas de trabajo en una sola hoja de trabajo agregar referencia\"><\/figure>\n<\/div>\n<ul>\n<li> Ahora, desde la parte inferior de la ventana, marque \u00abFila superior\u00bb y \u00abColumna izquierda\u00bb (ya que tenemos etiquetas en la primera fila y la primera columna). <\/li>\n<\/ul>\n<div class=\"wp-block-image\">\n<figure class=\"aligncenter\"><img decoding=\"async\" src=\"https:\/\/exceladvisor.org\/wp-content\/uploads\/2023\/08\/consolider-les-donnees-de-plusieurs-feuilles-de-calcul-dans-une-seule-feuille-de-calcul-avec-loption-de-consolidation-1.png\" sizes=\"\" srcset=\"\" alt=\"\"><\/figure>\n<\/div>\n<ul>\n<li> Haga clic en Aceptar.<\/li>\n<\/ul>\n<p> Una vez que haga clic en Aceptar, obtendr\u00e1 instant\u00e1neamente una tabla de datos consolidada con la misma estructura. <\/p>\n<div class=\"wp-block-image\">\n<figure class=\"aligncenter\"><img decoding=\"async\" src=\"https:\/\/exceladvisor.org\/wp-content\/uploads\/2023\/08\/consolider-les-donnees-de-plusieurs-feuilles-de-calcul-dans-une-seule-feuille-de-calcul-donnees-copiees-1.png\" sizes=\"\" srcset=\"\" alt=\"consolidar datos de varias hojas de trabajo en una sola hoja de trabajo con datos copiados\"><\/figure>\n<\/div>\n<p> Agregue un encabezado de tabla en la celda A1 y tambi\u00e9n podr\u00e1 usar <a href=\"https:\/\/exceladvisor.org\/es\/formato-pintor\/\" target=\"_blank\" rel=\"noopener noreferrer\">el pintor de formato<\/a> para copiar el formato de otras hojas de trabajo. <\/p>\n<div class=\"wp-block-image\">\n<figure class=\"aligncenter\"><img decoding=\"async\" src=\"https:\/\/exceladvisor.org\/wp-content\/uploads\/2023\/08\/consolider-les-donnees-de-plusieurs-feuilles-de-calcul-dans-une-seule-feuille-de-calcul-ajouter-une-mise-en-forme-1.png\" sizes=\"\" srcset=\"\" alt=\"consolidar datos de varias hojas de trabajo en una sola hoja de trabajo agregar formato\"><\/figure>\n<\/div>\n<p> Por \u00faltimo, tienes una hoja de c\u00e1lculo con datos consolidados.<\/p>\n<h2 id=\"h-other-options-in-consolidate\" class=\"wp-block-heading\"> Otras opciones en Consolidar<\/h2>\n<p> Consolidar es una herramienta \u00fatil para consolidar varias hojas de trabajo en una sola, pero tenemos muchas otras cosas ah\u00ed. D\u00e9jame explic\u00e1rtelos uno por uno.<\/p>\n<ol>\n<li> <strong><span style=\"color: #000000;\">Funci\u00f3n<\/span><\/strong> <span style=\"color: #000000;\">:<\/span> Puede seleccionar una funci\u00f3n en este men\u00fa desplegable (suma, recuento, promedio, etc.).<\/li>\n<li> <strong><span style=\"color: #000000;\">Referencia:<\/span><\/strong> seleccione el rango de datos en las hojas de trabajo que desea consolidar.<\/li>\n<li> <strong><span style=\"color: #000000;\">Explorar:<\/span><\/strong> si desea agregar una hoja de trabajo que se encuentra en otro libro de trabajo, puede usar esta opci\u00f3n.<\/li>\n<li> <strong>Agregar y quitar<\/strong> : agregue o elimine referencias seleccionadas de la lista de hojas para fusionar.<\/li>\n<li> <strong>Fila superior<\/strong> : utilice la fila superior como etiqueta.<\/li>\n<li> <strong>Columna izquierda<\/strong> : utilice la columna izquierda como etiqueta.<\/li>\n<li> <strong>Crear enlaces a datos de origen<\/strong> : si desea crear enlaces para sus datos de origen, marque esta opci\u00f3n. Esto es \u00fatil si desea realizar cambios en sus datos de origen despu\u00e9s de crear su hoja consolidada. <\/li>\n<\/ol>\n<div class=\"gb-container gb-container-3044ba66 gb-container-mt\">\n<p class=\"gb-headline gb-headline-b5bb6270 gb-headline-text\"> <strong><a href=\"https:\/\/exceladvisor.org\/es\/conceptos-basicos-de-excel\/\">Conceptos b\u00e1sicos de Excel<\/a><\/strong> \/ <strong><a href=\"https:\/\/exceladvisor.org\/es\/hoja-de-calculo\/\" data-wpil=\"url\">Hoja de c\u00e1lculo de Excel<\/a><\/strong><\/p>\n<h2 class=\"gb-headline gb-headline-819d540d gb-headline-text gb-headline-mt-heading\"> M\u00e1s tutoriales <\/h2>\n<div class=\"gb-grid-wrapper gb-grid-wrapper-7f3d805a gb-grid-wrapper-mt-grid\">\n<div class=\"gb-grid-column gb-grid-column-7495e031\">\n<div class=\"gb-container gb-container-7495e031\">\n<ul>\n<li> <a href=\"https:\/\/exceladvisor.org\/es\/rebautizar\/\">Cambiar el nombre de la hoja en Excel<\/a><\/li>\n<li> <a href=\"https:\/\/exceladvisor.org\/es\/grupo-1\/\">Hojas de trabajo grupales en Excel<\/a><\/li>\n<li> <a href=\"https:\/\/exceladvisor.org\/es\/ver-uno-al-lado-del-otro\/\">Ver dos hojas una al lado de la otra en Excel<\/a><\/li>\n<li> <a href=\"https:\/\/exceladvisor.org\/es\/agregar\/\">Agregar una hoja de c\u00e1lculo en Excel<\/a> <\/li>\n<\/ul>\n<\/div>\n<\/div>\n<div class=\"gb-grid-column gb-grid-column-530ab33a\">\n<div class=\"gb-container gb-container-530ab33a\"><\/div>\n<\/div>\n<\/div>\n<\/div>\n","protected":false},"excerpt":{"rendered":"<p>Cuando comenc\u00e9 a usar Excel, se me daba muy mal consolidar datos. Si me pidieran que capturara datos de ventas para cuatro \u00e1reas diferentes, crear\u00eda cuatro hojas de c\u00e1lculo diferentes para eso. S\u00ed, as\u00ed de mal estuve. Pero siempre se aprende de los errores. \u00bfEstoy en lo cierto? Y si est\u00e1s cometiendo los mismos errores [&hellip;]<\/p>\n","protected":false},"author":1,"featured_media":0,"parent":0,"menu_order":0,"comment_status":"open","ping_status":"closed","template":"","meta":{"ub_ctt_via":"","footnotes":""},"class_list":["post-340","page","type-page","status-publish","hentry"],"featured_image_src":null,"yoast_head":"<!-- This site is optimized with the Yoast SEO plugin v25.4 - https:\/\/yoast.com\/wordpress\/plugins\/seo\/ -->\n<title>\u00bfc\u00f3mo consolidar datos de varias hojas de c\u00e1lculo?<\/title>\n<meta name=\"robots\" content=\"index, follow, max-snippet:-1, max-image-preview:large, max-video-preview:-1\" \/>\n<link rel=\"canonical\" href=\"https:\/\/exceladvisor.org\/es\/consolidar\/\" \/>\n<meta property=\"og:locale\" content=\"es_ES\" \/>\n<meta property=\"og:type\" content=\"article\" \/>\n<meta property=\"og:title\" content=\"\u00bfc\u00f3mo consolidar datos de varias hojas de c\u00e1lculo?\" \/>\n<meta property=\"og:description\" content=\"Cuando comenc\u00e9 a usar Excel, se me daba muy mal consolidar datos. Si me pidieran que capturara datos de ventas para cuatro \u00e1reas diferentes, crear\u00eda cuatro hojas de c\u00e1lculo diferentes para eso. S\u00ed, as\u00ed de mal estuve. Pero siempre se aprende de los errores. \u00bfEstoy en lo cierto? Y si est\u00e1s cometiendo los mismos errores [&hellip;]\" \/>\n<meta property=\"og:url\" content=\"https:\/\/exceladvisor.org\/es\/consolidar\/\" \/>\n<meta property=\"og:site_name\" content=\"Excel Advisor\" \/>\n<meta property=\"article:modified_time\" content=\"2023-12-25T10:24:34+00:00\" \/>\n<meta property=\"og:image\" content=\"https:\/\/exceladvisor.org\/wp-content\/uploads\/2023\/08\/consolider-les-donnees-de-plusieurs-feuilles-de-calcul-dans-une-seule-feuille-de-calcul-quatre-feuilles-avec-les-memes-donnees-1.png\" \/>\n<meta name=\"twitter:card\" content=\"summary_large_image\" \/>\n<meta name=\"twitter:label1\" content=\"Tiempo de lectura\" \/>\n\t<meta name=\"twitter:data1\" content=\"3 minutos\" \/>\n<script type=\"application\/ld+json\" class=\"yoast-schema-graph\">{\"@context\":\"https:\/\/schema.org\",\"@graph\":[{\"@type\":\"WebPage\",\"@id\":\"https:\/\/exceladvisor.org\/es\/consolidar\/\",\"url\":\"https:\/\/exceladvisor.org\/es\/consolidar\/\",\"name\":\"\u00bfc\u00f3mo consolidar datos de varias hojas de c\u00e1lculo?\",\"isPartOf\":{\"@id\":\"https:\/\/exceladvisor.org\/es\/#website\"},\"primaryImageOfPage\":{\"@id\":\"https:\/\/exceladvisor.org\/es\/consolidar\/#primaryimage\"},\"image\":{\"@id\":\"https:\/\/exceladvisor.org\/es\/consolidar\/#primaryimage\"},\"thumbnailUrl\":\"https:\/\/exceladvisor.org\/wp-content\/uploads\/2023\/08\/consolider-les-donnees-de-plusieurs-feuilles-de-calcul-dans-une-seule-feuille-de-calcul-quatre-feuilles-avec-les-memes-donnees-1.png\",\"datePublished\":\"2023-11-02T23:10:23+00:00\",\"dateModified\":\"2023-12-25T10:24:34+00:00\",\"breadcrumb\":{\"@id\":\"https:\/\/exceladvisor.org\/es\/consolidar\/#breadcrumb\"},\"inLanguage\":\"es\",\"potentialAction\":[{\"@type\":\"ReadAction\",\"target\":[\"https:\/\/exceladvisor.org\/es\/consolidar\/\"]}]},{\"@type\":\"ImageObject\",\"inLanguage\":\"es\",\"@id\":\"https:\/\/exceladvisor.org\/es\/consolidar\/#primaryimage\",\"url\":\"https:\/\/exceladvisor.org\/wp-content\/uploads\/2023\/08\/consolider-les-donnees-de-plusieurs-feuilles-de-calcul-dans-une-seule-feuille-de-calcul-quatre-feuilles-avec-les-memes-donnees-1.png\",\"contentUrl\":\"https:\/\/exceladvisor.org\/wp-content\/uploads\/2023\/08\/consolider-les-donnees-de-plusieurs-feuilles-de-calcul-dans-une-seule-feuille-de-calcul-quatre-feuilles-avec-les-memes-donnees-1.png\"},{\"@type\":\"BreadcrumbList\",\"@id\":\"https:\/\/exceladvisor.org\/es\/consolidar\/#breadcrumb\",\"itemListElement\":[{\"@type\":\"ListItem\",\"position\":1,\"name\":\"Hogar\",\"item\":\"https:\/\/exceladvisor.org\/es\/\"},{\"@type\":\"ListItem\",\"position\":2,\"name\":\"\u00bfc\u00f3mo consolidar datos de varias hojas de c\u00e1lculo?\"}]},{\"@type\":\"WebSite\",\"@id\":\"https:\/\/exceladvisor.org\/es\/#website\",\"url\":\"https:\/\/exceladvisor.org\/es\/\",\"name\":\"Excel Advisor\",\"description\":\"Su gu\u00eda para la dominaci\u00f3n de datos!\",\"publisher\":{\"@id\":\"https:\/\/exceladvisor.org\/es\/#organization\"},\"potentialAction\":[{\"@type\":\"SearchAction\",\"target\":{\"@type\":\"EntryPoint\",\"urlTemplate\":\"https:\/\/exceladvisor.org\/es\/?s={search_term_string}\"},\"query-input\":{\"@type\":\"PropertyValueSpecification\",\"valueRequired\":true,\"valueName\":\"search_term_string\"}}],\"inLanguage\":\"es\"},{\"@type\":\"Organization\",\"@id\":\"https:\/\/exceladvisor.org\/es\/#organization\",\"name\":\"Excel Advisor\",\"url\":\"https:\/\/exceladvisor.org\/es\/\",\"logo\":{\"@type\":\"ImageObject\",\"inLanguage\":\"es\",\"@id\":\"https:\/\/exceladvisor.org\/es\/#\/schema\/logo\/image\/\",\"url\":\"https:\/\/exceladvisor.org\/es\/wp-content\/uploads\/2023\/12\/exceladvisor.org_.png\",\"contentUrl\":\"https:\/\/exceladvisor.org\/es\/wp-content\/uploads\/2023\/12\/exceladvisor.org_.png\",\"width\":105,\"height\":36,\"caption\":\"Excel Advisor\"},\"image\":{\"@id\":\"https:\/\/exceladvisor.org\/es\/#\/schema\/logo\/image\/\"}}]}<\/script>\n<!-- \/ Yoast SEO plugin. -->","yoast_head_json":{"title":"\u00bfc\u00f3mo consolidar datos de varias hojas de c\u00e1lculo?","robots":{"index":"index","follow":"follow","max-snippet":"max-snippet:-1","max-image-preview":"max-image-preview:large","max-video-preview":"max-video-preview:-1"},"canonical":"https:\/\/exceladvisor.org\/es\/consolidar\/","og_locale":"es_ES","og_type":"article","og_title":"\u00bfc\u00f3mo consolidar datos de varias hojas de c\u00e1lculo?","og_description":"Cuando comenc\u00e9 a usar Excel, se me daba muy mal consolidar datos. Si me pidieran que capturara datos de ventas para cuatro \u00e1reas diferentes, crear\u00eda cuatro hojas de c\u00e1lculo diferentes para eso. S\u00ed, as\u00ed de mal estuve. Pero siempre se aprende de los errores. \u00bfEstoy en lo cierto? Y si est\u00e1s cometiendo los mismos errores [&hellip;]","og_url":"https:\/\/exceladvisor.org\/es\/consolidar\/","og_site_name":"Excel Advisor","article_modified_time":"2023-12-25T10:24:34+00:00","og_image":[{"url":"https:\/\/exceladvisor.org\/wp-content\/uploads\/2023\/08\/consolider-les-donnees-de-plusieurs-feuilles-de-calcul-dans-une-seule-feuille-de-calcul-quatre-feuilles-avec-les-memes-donnees-1.png","type":"","width":"","height":""}],"twitter_card":"summary_large_image","twitter_misc":{"Tiempo de lectura":"3 minutos"},"schema":{"@context":"https:\/\/schema.org","@graph":[{"@type":"WebPage","@id":"https:\/\/exceladvisor.org\/es\/consolidar\/","url":"https:\/\/exceladvisor.org\/es\/consolidar\/","name":"\u00bfc\u00f3mo consolidar datos de varias hojas de c\u00e1lculo?","isPartOf":{"@id":"https:\/\/exceladvisor.org\/es\/#website"},"primaryImageOfPage":{"@id":"https:\/\/exceladvisor.org\/es\/consolidar\/#primaryimage"},"image":{"@id":"https:\/\/exceladvisor.org\/es\/consolidar\/#primaryimage"},"thumbnailUrl":"https:\/\/exceladvisor.org\/wp-content\/uploads\/2023\/08\/consolider-les-donnees-de-plusieurs-feuilles-de-calcul-dans-une-seule-feuille-de-calcul-quatre-feuilles-avec-les-memes-donnees-1.png","datePublished":"2023-11-02T23:10:23+00:00","dateModified":"2023-12-25T10:24:34+00:00","breadcrumb":{"@id":"https:\/\/exceladvisor.org\/es\/consolidar\/#breadcrumb"},"inLanguage":"es","potentialAction":[{"@type":"ReadAction","target":["https:\/\/exceladvisor.org\/es\/consolidar\/"]}]},{"@type":"ImageObject","inLanguage":"es","@id":"https:\/\/exceladvisor.org\/es\/consolidar\/#primaryimage","url":"https:\/\/exceladvisor.org\/wp-content\/uploads\/2023\/08\/consolider-les-donnees-de-plusieurs-feuilles-de-calcul-dans-une-seule-feuille-de-calcul-quatre-feuilles-avec-les-memes-donnees-1.png","contentUrl":"https:\/\/exceladvisor.org\/wp-content\/uploads\/2023\/08\/consolider-les-donnees-de-plusieurs-feuilles-de-calcul-dans-une-seule-feuille-de-calcul-quatre-feuilles-avec-les-memes-donnees-1.png"},{"@type":"BreadcrumbList","@id":"https:\/\/exceladvisor.org\/es\/consolidar\/#breadcrumb","itemListElement":[{"@type":"ListItem","position":1,"name":"Hogar","item":"https:\/\/exceladvisor.org\/es\/"},{"@type":"ListItem","position":2,"name":"\u00bfc\u00f3mo consolidar datos de varias hojas de c\u00e1lculo?"}]},{"@type":"WebSite","@id":"https:\/\/exceladvisor.org\/es\/#website","url":"https:\/\/exceladvisor.org\/es\/","name":"Excel Advisor","description":"Su gu\u00eda para la dominaci\u00f3n de datos!","publisher":{"@id":"https:\/\/exceladvisor.org\/es\/#organization"},"potentialAction":[{"@type":"SearchAction","target":{"@type":"EntryPoint","urlTemplate":"https:\/\/exceladvisor.org\/es\/?s={search_term_string}"},"query-input":{"@type":"PropertyValueSpecification","valueRequired":true,"valueName":"search_term_string"}}],"inLanguage":"es"},{"@type":"Organization","@id":"https:\/\/exceladvisor.org\/es\/#organization","name":"Excel Advisor","url":"https:\/\/exceladvisor.org\/es\/","logo":{"@type":"ImageObject","inLanguage":"es","@id":"https:\/\/exceladvisor.org\/es\/#\/schema\/logo\/image\/","url":"https:\/\/exceladvisor.org\/es\/wp-content\/uploads\/2023\/12\/exceladvisor.org_.png","contentUrl":"https:\/\/exceladvisor.org\/es\/wp-content\/uploads\/2023\/12\/exceladvisor.org_.png","width":105,"height":36,"caption":"Excel Advisor"},"image":{"@id":"https:\/\/exceladvisor.org\/es\/#\/schema\/logo\/image\/"}}]}},"yoast_meta":{"yoast_wpseo_title":"","yoast_wpseo_metadesc":"","yoast_wpseo_canonical":""},"_links":{"self":[{"href":"https:\/\/exceladvisor.org\/es\/wp-json\/wp\/v2\/pages\/340","targetHints":{"allow":["GET"]}}],"collection":[{"href":"https:\/\/exceladvisor.org\/es\/wp-json\/wp\/v2\/pages"}],"about":[{"href":"https:\/\/exceladvisor.org\/es\/wp-json\/wp\/v2\/types\/page"}],"author":[{"embeddable":true,"href":"https:\/\/exceladvisor.org\/es\/wp-json\/wp\/v2\/users\/1"}],"replies":[{"embeddable":true,"href":"https:\/\/exceladvisor.org\/es\/wp-json\/wp\/v2\/comments?post=340"}],"version-history":[{"count":1,"href":"https:\/\/exceladvisor.org\/es\/wp-json\/wp\/v2\/pages\/340\/revisions"}],"predecessor-version":[{"id":936,"href":"https:\/\/exceladvisor.org\/es\/wp-json\/wp\/v2\/pages\/340\/revisions\/936"}],"wp:attachment":[{"href":"https:\/\/exceladvisor.org\/es\/wp-json\/wp\/v2\/media?parent=340"}],"curies":[{"name":"wp","href":"https:\/\/api.w.org\/{rel}","templated":true}]}}