{"id":341,"date":"2023-11-02T20:51:19","date_gmt":"2023-11-02T20:51:19","guid":{"rendered":"https:\/\/exceladvisor.org\/es\/enlace-a-otra-hoja\/"},"modified":"2023-12-25T10:25:39","modified_gmt":"2023-12-25T10:25:39","slug":"enlace-a-otra-hoja","status":"publish","type":"page","link":"https:\/\/exceladvisor.org\/es\/enlace-a-otra-hoja\/","title":{"rendered":"\u00bfc\u00f3mo creo un hiperv\u00ednculo a otra hoja de c\u00e1lculo?"},"content":{"rendered":"<div class=\"excel-antes-del-contenido\" id=\"excel-4017235032\"><script type=\"text\/javascript\">\r\n\tatOptions = {\r\n\t\t'key' : 'c1158f160081d6540a8409e6925dab94',\r\n\t\t'format' : 'iframe',\r\n\t\t'height' : 250,\r\n\t\t'width' : 300,\r\n\t\t'params' : {}\r\n\t};\r\n<\/script>\r\n<script type=\"text\/javascript\" src=\"\/\/www.highperformanceformat.com\/c1158f160081d6540a8409e6925dab94\/invoke.js\"><\/script><\/div><p>Es fant\u00e1stico crear un hiperv\u00ednculo a otra hoja de trabajo desde dentro de una hoja de trabajo, lo que facilita la navegaci\u00f3n por el libro. En este tutorial, aprenderemos dos m\u00e9todos r\u00e1pidos y sencillos para crear un hiperv\u00ednculo a una hoja.<\/p>\n<h2 id=\"h-use-the-link-option-from-the-menu\" class=\"wp-block-heading\"> Utilice la opci\u00f3n Enlace de men\u00fa<\/h2>\n<ol>\n<li> Primero, ingrese un valor en una celda, haga clic derecho en \u00e9l para abrir el men\u00fa contextual y luego haga clic en Enlace &gt; Insertar enlace. <br \/><img loading=\"lazy\" decoding=\"async\" title=\"1 clic derecho para acceder al enlace\" src=\"https:\/\/exceladvisor.org\/wp-content\/uploads\/2023\/08\/1-clic-droit-pour-acceder-au-lien.png\" sizes=\"auto, \" srcset=\"\" alt=\"1-right-click-to-go-to-link\" width=\"504\" height=\"410\"><\/li>\n<li> Ahora, en el cuadro de di\u00e1logo \u00abInsertar hiperv\u00ednculo\u00bb, haga clic en la pesta\u00f1a \u00abColocar en este documento\u00bb. Y luego haga clic en el nombre de la hoja, \u00abHoja2\u00bb.<\/li>\n<li> Aqu\u00ed tambi\u00e9n puede ingresar la direcci\u00f3n de la celda en la hoja que desea vincular. Y tambi\u00e9n puedes editar el texto en la celda \u00abTexto para mostrar\u00bb. <br \/><img loading=\"lazy\" decoding=\"async\" title=\"2-ingrese-la-direcci\u00f3n-de-la-celda\" src=\"https:\/\/exceladvisor.org\/wp-content\/uploads\/2023\/08\/2-entrez-ladresse-de-la-cellule.png\" sizes=\"auto, \" srcset=\"\" alt=\"2-enter-the-cell-address\" width=\"640\" height=\"301\"><\/li>\n<li> Al final, haga clic en Aceptar para crear el enlace a la hoja que especific\u00f3.<\/li>\n<\/ol>\n<p> Y una vez que haces clic en Aceptar, se crea un hiperv\u00ednculo usando el texto que tienes en la celda. Y cuando haces clic en el enlace, te lleva a la Hoja3. <\/p>\n<div class=\"wp-block-image\">\n<figure class=\"aligncenter size-full is-resized\"><img loading=\"lazy\" decoding=\"async\" class=\"wp-image-92677\" src=\"https:\/\/exceladvisor.org\/wp-content\/uploads\/2023\/08\/3-hyperlien-cree.png\" sizes=\"auto, \" srcset=\"\" alt=\"hiperv\u00ednculo creado\" width=\"466\" height=\"223\"><\/figure>\n<\/div>\n<h2 id=\"h-use-hyperlink-function-to-create-a-link-to-another-sheet\" class=\"wp-block-heading\"> Utilice la funci\u00f3n de hiperv\u00ednculo para vincular a otra hoja<\/h2>\n<ol>\n<li> Ingrese la funci\u00f3n Hiperv\u00ednculo en una celda. Esta funci\u00f3n tiene dos argumentos que debes especificar. <br \/><img loading=\"lazy\" decoding=\"async\" title=\"Funci\u00f3n de 4 hiperv\u00ednculos\" src=\"https:\/\/exceladvisor.org\/wp-content\/uploads\/2023\/08\/4-fonction-de-lien-hypertexte.png\" sizes=\"auto, \" srcset=\"\" alt=\"4-hyperlink-function\" width=\"417\" height=\"201\"><\/li>\n<li> En el primer argumento, debe ingresar la hoja y la direcci\u00f3n de la celda a la que desea vincular.\n<ul>\n<li> Tambi\u00e9n puede usar el mouse para navegar a la celda de la hoja para insertar autom\u00e1ticamente la direcci\u00f3n e ingresar un \u00ab#\u00bb antes de esa direcci\u00f3n.<\/li>\n<li> Y despu\u00e9s de eso, rodee la direcci\u00f3n entre comillas dobles, en el primer argumento debe ingresar la direcci\u00f3n de la hoja y aquella a la que desea vincular. <\/li>\n<\/ul>\n<p><img loading=\"lazy\" decoding=\"async\" title=\"5-ingrese-hoja-y-direccion-de-celda\" src=\"https:\/\/exceladvisor.org\/wp-content\/uploads\/2023\/08\/5-entrez-ladresse-de-la-feuille-et-de-la-cellule.png\" sizes=\"auto, \" srcset=\"\" alt=\"5-enter-sheet-and-cell-address\" width=\"542\" height=\"142\"><\/li>\n<li> A continuaci\u00f3n, debe ingresar un nombre descriptivo para el enlace que se crear\u00e1 en la celda. <br \/><img loading=\"lazy\" decoding=\"async\" title=\"6-ingrese-nombre-para-enlace\" src=\"https:\/\/exceladvisor.org\/wp-content\/uploads\/2023\/08\/6-entrez-le-nom-du-lien.png\" sizes=\"auto, \" srcset=\"\" alt=\"6-enter-name-for-link\" width=\"492\" height=\"100\"><\/li>\n<li> Al final, presione Enter para obtener el resultado en la celda.<\/li>\n<\/ol>\n<p> Y en el momento en que presiones Enter, obtendr\u00e1s un enlace en la celda que te llevar\u00e1 a la Hoja1. <\/p>\n<div class=\"wp-block-image\">\n<figure class=\"aligncenter size-full is-resized\"><img loading=\"lazy\" decoding=\"async\" class=\"wp-image-92681\" src=\"https:\/\/exceladvisor.org\/wp-content\/uploads\/2023\/08\/7-lien-cree-a-laide-de-la-formule-de-lien-hypertexte.png\" sizes=\"auto, \" srcset=\"\" alt=\"enlace-creado-usando-f\u00f3rmula-de-hiperv\u00ednculo\" width=\"536\" height=\"269\"><\/figure>\n<\/div>\n<p> La ventaja del m\u00e9todo es cambiar el enlace simplemente cambiando la direcci\u00f3n en la f\u00f3rmula.<\/p>\n<h2 id=\"h-create-a-link-to-the-sheet-with-drag-and-drop-menu\" class=\"wp-block-heading\"> Cree un enlace a la hoja con el men\u00fa de arrastrar y soltar<\/h2>\n<p> Debes ir a la hoja y celda donde deseas crear un hiperv\u00ednculo. Supongamos que desea vincular a la celda A5 en la Hoja2.<\/p>\n<ol>\n<li> Seleccione la celda A5 en la Hoja2, mantenga presionada la tecla Alt. Despu\u00e9s de eso, coloque el cursor del mouse sobre el borde de la celda. <br \/><img loading=\"lazy\" decoding=\"async\" title=\"8-crear-un-enlace-con-men\u00fa-desplegable\" src=\"https:\/\/exceladvisor.org\/wp-content\/uploads\/2023\/08\/8-creer-un-lien-avec-le-menu-deroulant-drape.png\" sizes=\"auto, \" srcset=\"\" alt=\"8-create-link-with-drap-drop-menu\" width=\"510\" height=\"306\"><\/li>\n<li> A continuaci\u00f3n, coloque el cursor en la pesta\u00f1a Hoja1 manteniendo presionada la tecla Alt y haciendo clic derecho. Con esto se activar\u00e1 la Hoja1. <br \/><img loading=\"lazy\" decoding=\"async\" title=\"9-mant\u00e9n presionada la tecla Alt y haz clic derecho\" src=\"https:\/\/exceladvisor.org\/wp-content\/uploads\/2023\/08\/9-maintenez-la-touche-alt-enfoncee-et-le-bouton-droit-de-la-souris.png\" sizes=\"auto, \" srcset=\"\" alt=\"9-hold-alt-key-and-right-click-button\" width=\"397\" height=\"165\"><\/li>\n<li> Navegue hasta las celdas donde desea crear el hiperv\u00ednculo desde aqu\u00ed, tal como movimos nuestro cursor a la celda A1 en la Hoja1. <br \/><img loading=\"lazy\" decoding=\"async\" title=\"10-crear-enlace-hypler-desde-aqu\u00ed\" src=\"https:\/\/exceladvisor.org\/wp-content\/uploads\/2023\/08\/10-creer-un-lien-hypertexte-a-partir-dici.png\" sizes=\"auto, \" srcset=\"\" alt=\"10-create-hyplerlink-from-here\" width=\"387\" height=\"253\"><\/li>\n<li> Y una vez que sueltas la tecla Alt y haces clic derecho, te muestra un men\u00fa con opciones. Debe hacer clic en \u00abCrear hiperv\u00ednculo aqu\u00ed\u00bb. <br \/><img loading=\"lazy\" decoding=\"async\" title=\"11-haga clic-crear-hiperv\u00ednculo-aqu\u00ed\" src=\"https:\/\/exceladvisor.org\/wp-content\/uploads\/2023\/08\/11-cliquez-sur-creer-un-lien-hypertexte-ici.png\" sizes=\"auto, \" srcset=\"\" alt=\"11-click-on-create-hyperlink-here\" width=\"466\" height=\"363\"><\/li>\n<\/ol>\n<p> En el momento en que hace clic en \u00abCrear hiperv\u00ednculo aqu\u00ed\u00bb, conecta la celda A1 de la Hoja1 con la celda A5 de la Hoja2. <\/p>\n<div class=\"gb-container gb-container-52dfcee1 gb-container-sample-file\">\n<h2 class=\"gb-headline gb-headline-e289c143 gb-headline-text gb-headline-4f7959c2\"> Obtener el archivo Excel<\/h2>\n<p> <a class=\"gb-button gb-button-e88d6bee gb-button-text gb-button-button1\" href=\"https:\/\/exceladvisor.org\/wp-content\/uploads\/2023\/11\/lien-vers-la-fiche.xlsx\" rel=\"nofollow\">Descargar<\/a> <\/div>\n<div class=\"gb-container gb-container-3044ba66 gb-container-mt\">\n<p class=\"gb-headline gb-headline-b5bb6270 gb-headline-text\"> <strong><a href=\"https:\/\/exceladvisor.org\/es\/conceptos-basicos-de-excel\/\">Conceptos b\u00e1sicos de Excel<\/a><\/strong> \/ <strong><a href=\"https:\/\/exceladvisor.org\/es\/hoja-de-calculo\/\" data-wpil=\"url\">Hoja de c\u00e1lculo de Excel<\/a><\/strong><\/p>\n<h2 class=\"gb-headline gb-headline-819d540d gb-headline-text gb-headline-mt-heading\"> M\u00e1s tutoriales <\/h2>\n<div class=\"gb-grid-wrapper gb-grid-wrapper-7f3d805a gb-grid-wrapper-mt-grid\">\n<div class=\"gb-grid-column gb-grid-column-7495e031\">\n<div class=\"gb-container gb-container-7495e031\">\n<ul>\n<li> <a href=\"https:\/\/exceladvisor.org\/es\/consolidar\/\">Consolidar datos de m\u00faltiples hojas de c\u00e1lculo<\/a><\/li>\n<li> <a href=\"https:\/\/exceladvisor.org\/es\/rebautizar\/\">Cambiar nombre de hoja en Excel<\/a><\/li>\n<li> <a href=\"https:\/\/exceladvisor.org\/es\/grupo-1\/\">Hojas de trabajo grupales en Excel<\/a><\/li>\n<li> <a href=\"https:\/\/exceladvisor.org\/es\/ver-uno-al-lado-del-otro\/\">Ver dos hojas una al lado de la otra en Excel<\/a> <\/li>\n<\/ul>\n<\/div>\n<\/div>\n<div class=\"gb-grid-column gb-grid-column-530ab33a\">\n<div class=\"gb-container gb-container-530ab33a\"><\/div>\n<\/div>\n<\/div>\n<\/div>\n","protected":false},"excerpt":{"rendered":"<p>Es fant\u00e1stico crear un hiperv\u00ednculo a otra hoja de trabajo desde dentro de una hoja de trabajo, lo que facilita la navegaci\u00f3n por el libro. En este tutorial, aprenderemos dos m\u00e9todos r\u00e1pidos y sencillos para crear un hiperv\u00ednculo a una hoja. Utilice la opci\u00f3n Enlace de men\u00fa Primero, ingrese un valor en una celda, haga [&hellip;]<\/p>\n","protected":false},"author":1,"featured_media":0,"parent":0,"menu_order":0,"comment_status":"open","ping_status":"closed","template":"","meta":{"ub_ctt_via":"","footnotes":""},"class_list":["post-341","page","type-page","status-publish","hentry"],"featured_image_src":null,"yoast_head":"<!-- This site is optimized with the Yoast SEO plugin v25.4 - https:\/\/yoast.com\/wordpress\/plugins\/seo\/ -->\n<title>\u00bfc\u00f3mo creo un hiperv\u00ednculo a otra hoja de c\u00e1lculo?<\/title>\n<meta name=\"robots\" content=\"index, follow, max-snippet:-1, max-image-preview:large, max-video-preview:-1\" \/>\n<link rel=\"canonical\" href=\"https:\/\/exceladvisor.org\/es\/enlace-a-otra-hoja\/\" \/>\n<meta property=\"og:locale\" content=\"es_ES\" \/>\n<meta property=\"og:type\" content=\"article\" \/>\n<meta property=\"og:title\" content=\"\u00bfc\u00f3mo creo un hiperv\u00ednculo a otra hoja de c\u00e1lculo?\" \/>\n<meta property=\"og:description\" content=\"Es fant\u00e1stico crear un hiperv\u00ednculo a otra hoja de trabajo desde dentro de una hoja de trabajo, lo que facilita la navegaci\u00f3n por el libro. En este tutorial, aprenderemos dos m\u00e9todos r\u00e1pidos y sencillos para crear un hiperv\u00ednculo a una hoja. Utilice la opci\u00f3n Enlace de men\u00fa Primero, ingrese un valor en una celda, haga [&hellip;]\" \/>\n<meta property=\"og:url\" content=\"https:\/\/exceladvisor.org\/es\/enlace-a-otra-hoja\/\" \/>\n<meta property=\"og:site_name\" content=\"Excel Advisor\" \/>\n<meta property=\"article:modified_time\" content=\"2023-12-25T10:25:39+00:00\" \/>\n<meta property=\"og:image\" content=\"https:\/\/exceladvisor.org\/wp-content\/uploads\/2023\/08\/1-clic-droit-pour-acceder-au-lien.png\" \/>\n<meta name=\"twitter:card\" content=\"summary_large_image\" \/>\n<meta name=\"twitter:label1\" content=\"Tiempo de lectura\" \/>\n\t<meta name=\"twitter:data1\" content=\"3 minutos\" \/>\n<script type=\"application\/ld+json\" class=\"yoast-schema-graph\">{\"@context\":\"https:\/\/schema.org\",\"@graph\":[{\"@type\":\"WebPage\",\"@id\":\"https:\/\/exceladvisor.org\/es\/enlace-a-otra-hoja\/\",\"url\":\"https:\/\/exceladvisor.org\/es\/enlace-a-otra-hoja\/\",\"name\":\"\u00bfc\u00f3mo creo un hiperv\u00ednculo a otra hoja de c\u00e1lculo?\",\"isPartOf\":{\"@id\":\"https:\/\/exceladvisor.org\/es\/#website\"},\"primaryImageOfPage\":{\"@id\":\"https:\/\/exceladvisor.org\/es\/enlace-a-otra-hoja\/#primaryimage\"},\"image\":{\"@id\":\"https:\/\/exceladvisor.org\/es\/enlace-a-otra-hoja\/#primaryimage\"},\"thumbnailUrl\":\"https:\/\/exceladvisor.org\/wp-content\/uploads\/2023\/08\/1-clic-droit-pour-acceder-au-lien.png\",\"datePublished\":\"2023-11-02T20:51:19+00:00\",\"dateModified\":\"2023-12-25T10:25:39+00:00\",\"breadcrumb\":{\"@id\":\"https:\/\/exceladvisor.org\/es\/enlace-a-otra-hoja\/#breadcrumb\"},\"inLanguage\":\"es\",\"potentialAction\":[{\"@type\":\"ReadAction\",\"target\":[\"https:\/\/exceladvisor.org\/es\/enlace-a-otra-hoja\/\"]}]},{\"@type\":\"ImageObject\",\"inLanguage\":\"es\",\"@id\":\"https:\/\/exceladvisor.org\/es\/enlace-a-otra-hoja\/#primaryimage\",\"url\":\"https:\/\/exceladvisor.org\/wp-content\/uploads\/2023\/08\/1-clic-droit-pour-acceder-au-lien.png\",\"contentUrl\":\"https:\/\/exceladvisor.org\/wp-content\/uploads\/2023\/08\/1-clic-droit-pour-acceder-au-lien.png\"},{\"@type\":\"BreadcrumbList\",\"@id\":\"https:\/\/exceladvisor.org\/es\/enlace-a-otra-hoja\/#breadcrumb\",\"itemListElement\":[{\"@type\":\"ListItem\",\"position\":1,\"name\":\"Hogar\",\"item\":\"https:\/\/exceladvisor.org\/es\/\"},{\"@type\":\"ListItem\",\"position\":2,\"name\":\"\u00bfc\u00f3mo creo un hiperv\u00ednculo a otra hoja de c\u00e1lculo?\"}]},{\"@type\":\"WebSite\",\"@id\":\"https:\/\/exceladvisor.org\/es\/#website\",\"url\":\"https:\/\/exceladvisor.org\/es\/\",\"name\":\"Excel Advisor\",\"description\":\"Su gu\u00eda para la dominaci\u00f3n de datos!\",\"publisher\":{\"@id\":\"https:\/\/exceladvisor.org\/es\/#organization\"},\"potentialAction\":[{\"@type\":\"SearchAction\",\"target\":{\"@type\":\"EntryPoint\",\"urlTemplate\":\"https:\/\/exceladvisor.org\/es\/?s={search_term_string}\"},\"query-input\":{\"@type\":\"PropertyValueSpecification\",\"valueRequired\":true,\"valueName\":\"search_term_string\"}}],\"inLanguage\":\"es\"},{\"@type\":\"Organization\",\"@id\":\"https:\/\/exceladvisor.org\/es\/#organization\",\"name\":\"Excel Advisor\",\"url\":\"https:\/\/exceladvisor.org\/es\/\",\"logo\":{\"@type\":\"ImageObject\",\"inLanguage\":\"es\",\"@id\":\"https:\/\/exceladvisor.org\/es\/#\/schema\/logo\/image\/\",\"url\":\"https:\/\/exceladvisor.org\/es\/wp-content\/uploads\/2023\/12\/exceladvisor.org_.png\",\"contentUrl\":\"https:\/\/exceladvisor.org\/es\/wp-content\/uploads\/2023\/12\/exceladvisor.org_.png\",\"width\":105,\"height\":36,\"caption\":\"Excel Advisor\"},\"image\":{\"@id\":\"https:\/\/exceladvisor.org\/es\/#\/schema\/logo\/image\/\"}}]}<\/script>\n<!-- \/ Yoast SEO plugin. -->","yoast_head_json":{"title":"\u00bfc\u00f3mo creo un hiperv\u00ednculo a otra hoja de c\u00e1lculo?","robots":{"index":"index","follow":"follow","max-snippet":"max-snippet:-1","max-image-preview":"max-image-preview:large","max-video-preview":"max-video-preview:-1"},"canonical":"https:\/\/exceladvisor.org\/es\/enlace-a-otra-hoja\/","og_locale":"es_ES","og_type":"article","og_title":"\u00bfc\u00f3mo creo un hiperv\u00ednculo a otra hoja de c\u00e1lculo?","og_description":"Es fant\u00e1stico crear un hiperv\u00ednculo a otra hoja de trabajo desde dentro de una hoja de trabajo, lo que facilita la navegaci\u00f3n por el libro. En este tutorial, aprenderemos dos m\u00e9todos r\u00e1pidos y sencillos para crear un hiperv\u00ednculo a una hoja. Utilice la opci\u00f3n Enlace de men\u00fa Primero, ingrese un valor en una celda, haga [&hellip;]","og_url":"https:\/\/exceladvisor.org\/es\/enlace-a-otra-hoja\/","og_site_name":"Excel Advisor","article_modified_time":"2023-12-25T10:25:39+00:00","og_image":[{"url":"https:\/\/exceladvisor.org\/wp-content\/uploads\/2023\/08\/1-clic-droit-pour-acceder-au-lien.png","type":"","width":"","height":""}],"twitter_card":"summary_large_image","twitter_misc":{"Tiempo de lectura":"3 minutos"},"schema":{"@context":"https:\/\/schema.org","@graph":[{"@type":"WebPage","@id":"https:\/\/exceladvisor.org\/es\/enlace-a-otra-hoja\/","url":"https:\/\/exceladvisor.org\/es\/enlace-a-otra-hoja\/","name":"\u00bfc\u00f3mo creo un hiperv\u00ednculo a otra hoja de c\u00e1lculo?","isPartOf":{"@id":"https:\/\/exceladvisor.org\/es\/#website"},"primaryImageOfPage":{"@id":"https:\/\/exceladvisor.org\/es\/enlace-a-otra-hoja\/#primaryimage"},"image":{"@id":"https:\/\/exceladvisor.org\/es\/enlace-a-otra-hoja\/#primaryimage"},"thumbnailUrl":"https:\/\/exceladvisor.org\/wp-content\/uploads\/2023\/08\/1-clic-droit-pour-acceder-au-lien.png","datePublished":"2023-11-02T20:51:19+00:00","dateModified":"2023-12-25T10:25:39+00:00","breadcrumb":{"@id":"https:\/\/exceladvisor.org\/es\/enlace-a-otra-hoja\/#breadcrumb"},"inLanguage":"es","potentialAction":[{"@type":"ReadAction","target":["https:\/\/exceladvisor.org\/es\/enlace-a-otra-hoja\/"]}]},{"@type":"ImageObject","inLanguage":"es","@id":"https:\/\/exceladvisor.org\/es\/enlace-a-otra-hoja\/#primaryimage","url":"https:\/\/exceladvisor.org\/wp-content\/uploads\/2023\/08\/1-clic-droit-pour-acceder-au-lien.png","contentUrl":"https:\/\/exceladvisor.org\/wp-content\/uploads\/2023\/08\/1-clic-droit-pour-acceder-au-lien.png"},{"@type":"BreadcrumbList","@id":"https:\/\/exceladvisor.org\/es\/enlace-a-otra-hoja\/#breadcrumb","itemListElement":[{"@type":"ListItem","position":1,"name":"Hogar","item":"https:\/\/exceladvisor.org\/es\/"},{"@type":"ListItem","position":2,"name":"\u00bfc\u00f3mo creo un hiperv\u00ednculo a otra hoja de c\u00e1lculo?"}]},{"@type":"WebSite","@id":"https:\/\/exceladvisor.org\/es\/#website","url":"https:\/\/exceladvisor.org\/es\/","name":"Excel Advisor","description":"Su gu\u00eda para la dominaci\u00f3n de datos!","publisher":{"@id":"https:\/\/exceladvisor.org\/es\/#organization"},"potentialAction":[{"@type":"SearchAction","target":{"@type":"EntryPoint","urlTemplate":"https:\/\/exceladvisor.org\/es\/?s={search_term_string}"},"query-input":{"@type":"PropertyValueSpecification","valueRequired":true,"valueName":"search_term_string"}}],"inLanguage":"es"},{"@type":"Organization","@id":"https:\/\/exceladvisor.org\/es\/#organization","name":"Excel Advisor","url":"https:\/\/exceladvisor.org\/es\/","logo":{"@type":"ImageObject","inLanguage":"es","@id":"https:\/\/exceladvisor.org\/es\/#\/schema\/logo\/image\/","url":"https:\/\/exceladvisor.org\/es\/wp-content\/uploads\/2023\/12\/exceladvisor.org_.png","contentUrl":"https:\/\/exceladvisor.org\/es\/wp-content\/uploads\/2023\/12\/exceladvisor.org_.png","width":105,"height":36,"caption":"Excel Advisor"},"image":{"@id":"https:\/\/exceladvisor.org\/es\/#\/schema\/logo\/image\/"}}]}},"yoast_meta":{"yoast_wpseo_title":"","yoast_wpseo_metadesc":"","yoast_wpseo_canonical":""},"_links":{"self":[{"href":"https:\/\/exceladvisor.org\/es\/wp-json\/wp\/v2\/pages\/341","targetHints":{"allow":["GET"]}}],"collection":[{"href":"https:\/\/exceladvisor.org\/es\/wp-json\/wp\/v2\/pages"}],"about":[{"href":"https:\/\/exceladvisor.org\/es\/wp-json\/wp\/v2\/types\/page"}],"author":[{"embeddable":true,"href":"https:\/\/exceladvisor.org\/es\/wp-json\/wp\/v2\/users\/1"}],"replies":[{"embeddable":true,"href":"https:\/\/exceladvisor.org\/es\/wp-json\/wp\/v2\/comments?post=341"}],"version-history":[{"count":1,"href":"https:\/\/exceladvisor.org\/es\/wp-json\/wp\/v2\/pages\/341\/revisions"}],"predecessor-version":[{"id":1091,"href":"https:\/\/exceladvisor.org\/es\/wp-json\/wp\/v2\/pages\/341\/revisions\/1091"}],"wp:attachment":[{"href":"https:\/\/exceladvisor.org\/es\/wp-json\/wp\/v2\/media?parent=341"}],"curies":[{"name":"wp","href":"https:\/\/api.w.org\/{rel}","templated":true}]}}