{"id":343,"date":"2023-11-02T14:37:33","date_gmt":"2023-11-02T14:37:33","guid":{"rendered":"https:\/\/exceladvisor.org\/es\/detenerse-si-es-cierto-2\/"},"modified":"2023-12-25T10:24:48","modified_gmt":"2023-12-25T10:24:48","slug":"detenerse-si-es-cierto-2","status":"publish","type":"page","link":"https:\/\/exceladvisor.org\/es\/detenerse-si-es-cierto-2\/","title":{"rendered":"\u00bfc\u00f3mo detener if true en formato condicional?"},"content":{"rendered":"<div class=\"excel-antes-del-contenido\" id=\"excel-1964924049\"><script type=\"text\/javascript\">\r\n\tatOptions = {\r\n\t\t'key' : 'c1158f160081d6540a8409e6925dab94',\r\n\t\t'format' : 'iframe',\r\n\t\t'height' : 250,\r\n\t\t'width' : 300,\r\n\t\t'params' : {}\r\n\t};\r\n<\/script>\r\n<script type=\"text\/javascript\" src=\"\/\/www.highperformanceformat.com\/c1158f160081d6540a8409e6925dab94\/invoke.js\"><\/script><\/div><p>En el formato condicional, es posible que vea una casilla de verificaci\u00f3n \u00abDetener si es verdadero\u00bb al abrir el cuadro de di\u00e1logo de administraci\u00f3n de reglas. Y en este tutorial, aprenderemos c\u00f3mo usar esta casilla de verificaci\u00f3n.<\/p>\n<h2 class=\"wp-block-heading\"> \u00bfPara qu\u00e9 se utiliza Stop IF True en el formato condicional?<\/h2>\n<p> Supongamos que se aplican dos reglas al mismo rango de celdas. Con Stop IF True, puede decirle a Excel que no use la segunda regla en las celdas donde la primera regla es VERDADERA. En este tutorial, tomamos un ejemplo simple para entender esto.<\/p>\n<h2 class=\"wp-block-heading\"> Ejemplo de uso de Detener si es verdadero en formato condicional<\/h2>\n<p> En el siguiente ejemplo, tenemos un icono configurado en un rango que contiene n\u00fameros. <\/p>\n<div class=\"wp-block-image\">\n<figure class=\"aligncenter size-full is-resized\"><img loading=\"lazy\" decoding=\"async\" class=\"wp-image-91394\" src=\"https:\/\/exceladvisor.org\/wp-content\/uploads\/2023\/08\/1-une-icone-definie-sur-un-arret-de-plage-si-vrai.png\" sizes=\"auto, \" srcset=\"\" alt=\"un-icono-establecido-en-una-parada-de-rango-si-verdadero-\" width=\"650\" height=\"312\"><\/figure>\n<\/div>\n<p> En esta regla de conjunto de iconos, tiene puntos verdes para valores superiores a 85, puntos amarillos para valores entre 84 y 45 y puntos rojos para valores inferiores a 45.<\/p>\n<p> Aqu\u00ed solo necesitamos puntos verdes y la marca de verificaci\u00f3n \u00abDetener si es verdadero\u00bb puede ayudarnos. Para hacer esto, creemos una nueva regla. Vaya a Inicio &gt; Formato condicional &gt; Nueva regla. <\/p>\n<div class=\"wp-block-image\">\n<figure class=\"aligncenter size-full is-resized\"><img loading=\"lazy\" decoding=\"async\" class=\"wp-image-91395\" src=\"https:\/\/exceladvisor.org\/wp-content\/uploads\/2023\/08\/2-nous-navons-besoin-que-de-points-verts-sarreter-si-vrai.png\" sizes=\"auto, \" srcset=\"\" alt=\"solo necesitamos puntos verdes parar si es cierto\" width=\"205\" height=\"346\"><\/figure>\n<\/div>\n<p> Ahora, en el cuadro de di\u00e1logo de nueva regla, haga clic en \u00abFormatear s\u00f3lo las celdas que contienen\u00bb y seleccione \u00abno entre\u00bb. Despu\u00e9s de eso, ingresa 85 y 100 para crear un rango de n\u00fameros.<\/p>\n<p> Con esto creas una regla para formatear n\u00fameros que no est\u00e1n en este rango. Recuerde, este es el mismo rango de n\u00fameros que no tienen un \u00edcono verde en la regla de conjunto de \u00edconos ya establecida. <\/p>\n<div class=\"wp-block-image\">\n<figure class=\"aligncenter size-full is-resized\"><img loading=\"lazy\" decoding=\"async\" class=\"wp-image-91396\" src=\"https:\/\/exceladvisor.org\/wp-content\/uploads\/2023\/08\/3-creer-une-plage-de-nombres-stop-si-vrai.png\" sizes=\"auto, \" srcset=\"\" alt=\"crear-un-rango-de-n\u00fameros-detenerse-si-verdadero\" width=\"601\" height=\"372\"><\/figure>\n<\/div>\n<p> En esta regla, no es necesario especificar ning\u00fan formato. Entonces, haga clic en Aceptar para crear la regla. Y cuando haces clic en Aceptar, no har\u00e1 nada.<\/p>\n<p> Nuevamente, vaya a Inicio &gt; Formato condicional &gt; Administrador de reglas. Y desde all\u00ed, marque la casilla \u00abDetener si es verdadero\u00bb y haga clic en Aplicar. <\/p>\n<div class=\"wp-block-image\">\n<figure class=\"aligncenter size-full is-resized\"><img loading=\"lazy\" decoding=\"async\" class=\"wp-image-91397\" src=\"https:\/\/exceladvisor.org\/wp-content\/uploads\/2023\/08\/4-case-a-cocher-et-cliquez-sur-appliquer-stop-si-vrai.png\" sizes=\"auto, \" srcset=\"\" alt=\"casilla de verificaci\u00f3n y clic en aplicar-detener-si-verdadero\" width=\"811\" height=\"498\"><\/figure>\n<\/div>\n<p> Y en el momento en que hagas clic en Aceptar, te mostrar\u00e1 un icono verde en las celdas donde los valores sean mayores o iguales a 85.<\/p>\n<p> Stop IF True funciona seg\u00fan el orden de las reglas que tiene en el Administrador de reglas. Entonces, cuando hay celdas donde la regla es verdadera, no se aplican otras reglas a esas celdas.<\/p>\n<p> Y lo mismo sucede aqu\u00ed cuando la primera regla, que aplicamos a las celdas con valor de 0 a 84, es cierta; no aplica la segunda regla a estas celdas, raz\u00f3n por la cual solo tenemos \u00edconos verdes. <\/p>\n<div class=\"gb-container gb-container-52dfcee1 gb-container-sample-file\">\n<h2 class=\"gb-headline gb-headline-e289c143 gb-headline-text gb-headline-4f7959c2\"> Obtener el archivo Excel<\/h2>\n<p> <a class=\"gb-button gb-button-e88d6bee gb-button-text gb-button-button1\" href=\"https:\/\/exceladvisor.org\/wp-content\/uploads\/2023\/11\/stop-si-vrai.xlsx\" rel=\"nofollow\">Descargar<\/a><\/div>\n<div class=\"gb-container gb-container-6076ba72 gb-container-mt\"> <a class=\"gb-button gb-button-76e6a499 gb-button-text gb-button-mt-button\" href=\"https:\/\/exceladvisor.org\/es\/conceptos-basicos-de-excel\/\">Aprende los conceptos b\u00e1sicos de Excel<\/a><\/p>\n<h2 class=\"gb-headline gb-headline-a9e9e206 gb-headline-text gb-headline-mt-heading\"> Obtenga m\u00e1s informaci\u00f3n sobre <a href=\"https:\/\/exceladvisor.org\/es\/formato-condicional\/\">el formato condicional<\/a> <\/h2>\n<div class=\"gb-grid-wrapper gb-grid-wrapper-790317cb gb-grid-wrapper-mt-grid\">\n<div class=\"gb-grid-column gb-grid-column-a9845ede\">\n<div class=\"gb-container gb-container-a9845ede\">\n<ul>\n<li> <a href=\"https:\/\/exceladvisor.org\/es\/aplicar-formato-condicional\/\">Aplicar formato condicional a una tabla din\u00e1mica<\/a><\/li>\n<li> <a href=\"https:\/\/exceladvisor.org\/es\/retirar\/\">Eliminar formato condicional<\/a><\/li>\n<li> <a href=\"https:\/\/exceladvisor.org\/es\/celdas-vacias\/\">Aplicar formato condicional en celdas en blanco en Excel<\/a><\/li>\n<li> <a href=\"https:\/\/exceladvisor.org\/es\/comparar-columnas\/\">Compare dos columnas usando formato condicional<\/a><\/li>\n<li> <a href=\"https:\/\/exceladvisor.org\/es\/otra-celda\/\">Aplicar formato condicional basado en otra celda<\/a><\/li>\n<\/ul>\n<\/div>\n<\/div>\n<\/div>\n<\/div>\n","protected":false},"excerpt":{"rendered":"<p>En el formato condicional, es posible que vea una casilla de verificaci\u00f3n \u00abDetener si es verdadero\u00bb al abrir el cuadro de di\u00e1logo de administraci\u00f3n de reglas. Y en este tutorial, aprenderemos c\u00f3mo usar esta casilla de verificaci\u00f3n. \u00bfPara qu\u00e9 se utiliza Stop IF True en el formato condicional? Supongamos que se aplican dos reglas al [&hellip;]<\/p>\n","protected":false},"author":1,"featured_media":0,"parent":0,"menu_order":0,"comment_status":"open","ping_status":"closed","template":"","meta":{"ub_ctt_via":"","footnotes":""},"class_list":["post-343","page","type-page","status-publish","hentry"],"featured_image_src":null,"yoast_head":"<!-- This site is optimized with the Yoast SEO plugin v25.4 - https:\/\/yoast.com\/wordpress\/plugins\/seo\/ -->\n<title>\u00bfc\u00f3mo detener if true en formato condicional?<\/title>\n<meta name=\"robots\" content=\"index, follow, max-snippet:-1, max-image-preview:large, max-video-preview:-1\" \/>\n<link rel=\"canonical\" href=\"https:\/\/exceladvisor.org\/es\/detenerse-si-es-cierto-2\/\" \/>\n<meta property=\"og:locale\" content=\"es_ES\" \/>\n<meta property=\"og:type\" content=\"article\" \/>\n<meta property=\"og:title\" content=\"\u00bfc\u00f3mo detener if true en formato condicional?\" \/>\n<meta property=\"og:description\" content=\"En el formato condicional, es posible que vea una casilla de verificaci\u00f3n \u00abDetener si es verdadero\u00bb al abrir el cuadro de di\u00e1logo de administraci\u00f3n de reglas. Y en este tutorial, aprenderemos c\u00f3mo usar esta casilla de verificaci\u00f3n. \u00bfPara qu\u00e9 se utiliza Stop IF True en el formato condicional? Supongamos que se aplican dos reglas al [&hellip;]\" \/>\n<meta property=\"og:url\" content=\"https:\/\/exceladvisor.org\/es\/detenerse-si-es-cierto-2\/\" \/>\n<meta property=\"og:site_name\" content=\"Excel Advisor\" \/>\n<meta property=\"article:modified_time\" content=\"2023-12-25T10:24:48+00:00\" \/>\n<meta property=\"og:image\" content=\"https:\/\/exceladvisor.org\/wp-content\/uploads\/2023\/08\/1-une-icone-definie-sur-un-arret-de-plage-si-vrai.png\" \/>\n<meta name=\"twitter:card\" content=\"summary_large_image\" \/>\n<meta name=\"twitter:label1\" content=\"Tiempo de lectura\" \/>\n\t<meta name=\"twitter:data1\" content=\"2 minutos\" \/>\n<script type=\"application\/ld+json\" class=\"yoast-schema-graph\">{\"@context\":\"https:\/\/schema.org\",\"@graph\":[{\"@type\":\"WebPage\",\"@id\":\"https:\/\/exceladvisor.org\/es\/detenerse-si-es-cierto-2\/\",\"url\":\"https:\/\/exceladvisor.org\/es\/detenerse-si-es-cierto-2\/\",\"name\":\"\u00bfc\u00f3mo detener if true en formato condicional?\",\"isPartOf\":{\"@id\":\"https:\/\/exceladvisor.org\/es\/#website\"},\"primaryImageOfPage\":{\"@id\":\"https:\/\/exceladvisor.org\/es\/detenerse-si-es-cierto-2\/#primaryimage\"},\"image\":{\"@id\":\"https:\/\/exceladvisor.org\/es\/detenerse-si-es-cierto-2\/#primaryimage\"},\"thumbnailUrl\":\"https:\/\/exceladvisor.org\/wp-content\/uploads\/2023\/08\/1-une-icone-definie-sur-un-arret-de-plage-si-vrai.png\",\"datePublished\":\"2023-11-02T14:37:33+00:00\",\"dateModified\":\"2023-12-25T10:24:48+00:00\",\"breadcrumb\":{\"@id\":\"https:\/\/exceladvisor.org\/es\/detenerse-si-es-cierto-2\/#breadcrumb\"},\"inLanguage\":\"es\",\"potentialAction\":[{\"@type\":\"ReadAction\",\"target\":[\"https:\/\/exceladvisor.org\/es\/detenerse-si-es-cierto-2\/\"]}]},{\"@type\":\"ImageObject\",\"inLanguage\":\"es\",\"@id\":\"https:\/\/exceladvisor.org\/es\/detenerse-si-es-cierto-2\/#primaryimage\",\"url\":\"https:\/\/exceladvisor.org\/wp-content\/uploads\/2023\/08\/1-une-icone-definie-sur-un-arret-de-plage-si-vrai.png\",\"contentUrl\":\"https:\/\/exceladvisor.org\/wp-content\/uploads\/2023\/08\/1-une-icone-definie-sur-un-arret-de-plage-si-vrai.png\"},{\"@type\":\"BreadcrumbList\",\"@id\":\"https:\/\/exceladvisor.org\/es\/detenerse-si-es-cierto-2\/#breadcrumb\",\"itemListElement\":[{\"@type\":\"ListItem\",\"position\":1,\"name\":\"Hogar\",\"item\":\"https:\/\/exceladvisor.org\/es\/\"},{\"@type\":\"ListItem\",\"position\":2,\"name\":\"\u00bfc\u00f3mo detener if true en formato condicional?\"}]},{\"@type\":\"WebSite\",\"@id\":\"https:\/\/exceladvisor.org\/es\/#website\",\"url\":\"https:\/\/exceladvisor.org\/es\/\",\"name\":\"Excel Advisor\",\"description\":\"Su gu\u00eda para la dominaci\u00f3n de datos!\",\"publisher\":{\"@id\":\"https:\/\/exceladvisor.org\/es\/#organization\"},\"potentialAction\":[{\"@type\":\"SearchAction\",\"target\":{\"@type\":\"EntryPoint\",\"urlTemplate\":\"https:\/\/exceladvisor.org\/es\/?s={search_term_string}\"},\"query-input\":{\"@type\":\"PropertyValueSpecification\",\"valueRequired\":true,\"valueName\":\"search_term_string\"}}],\"inLanguage\":\"es\"},{\"@type\":\"Organization\",\"@id\":\"https:\/\/exceladvisor.org\/es\/#organization\",\"name\":\"Excel Advisor\",\"url\":\"https:\/\/exceladvisor.org\/es\/\",\"logo\":{\"@type\":\"ImageObject\",\"inLanguage\":\"es\",\"@id\":\"https:\/\/exceladvisor.org\/es\/#\/schema\/logo\/image\/\",\"url\":\"https:\/\/exceladvisor.org\/es\/wp-content\/uploads\/2023\/12\/exceladvisor.org_.png\",\"contentUrl\":\"https:\/\/exceladvisor.org\/es\/wp-content\/uploads\/2023\/12\/exceladvisor.org_.png\",\"width\":105,\"height\":36,\"caption\":\"Excel Advisor\"},\"image\":{\"@id\":\"https:\/\/exceladvisor.org\/es\/#\/schema\/logo\/image\/\"}}]}<\/script>\n<!-- \/ Yoast SEO plugin. -->","yoast_head_json":{"title":"\u00bfc\u00f3mo detener if true en formato condicional?","robots":{"index":"index","follow":"follow","max-snippet":"max-snippet:-1","max-image-preview":"max-image-preview:large","max-video-preview":"max-video-preview:-1"},"canonical":"https:\/\/exceladvisor.org\/es\/detenerse-si-es-cierto-2\/","og_locale":"es_ES","og_type":"article","og_title":"\u00bfc\u00f3mo detener if true en formato condicional?","og_description":"En el formato condicional, es posible que vea una casilla de verificaci\u00f3n \u00abDetener si es verdadero\u00bb al abrir el cuadro de di\u00e1logo de administraci\u00f3n de reglas. Y en este tutorial, aprenderemos c\u00f3mo usar esta casilla de verificaci\u00f3n. \u00bfPara qu\u00e9 se utiliza Stop IF True en el formato condicional? Supongamos que se aplican dos reglas al [&hellip;]","og_url":"https:\/\/exceladvisor.org\/es\/detenerse-si-es-cierto-2\/","og_site_name":"Excel Advisor","article_modified_time":"2023-12-25T10:24:48+00:00","og_image":[{"url":"https:\/\/exceladvisor.org\/wp-content\/uploads\/2023\/08\/1-une-icone-definie-sur-un-arret-de-plage-si-vrai.png","type":"","width":"","height":""}],"twitter_card":"summary_large_image","twitter_misc":{"Tiempo de lectura":"2 minutos"},"schema":{"@context":"https:\/\/schema.org","@graph":[{"@type":"WebPage","@id":"https:\/\/exceladvisor.org\/es\/detenerse-si-es-cierto-2\/","url":"https:\/\/exceladvisor.org\/es\/detenerse-si-es-cierto-2\/","name":"\u00bfc\u00f3mo detener if true en formato condicional?","isPartOf":{"@id":"https:\/\/exceladvisor.org\/es\/#website"},"primaryImageOfPage":{"@id":"https:\/\/exceladvisor.org\/es\/detenerse-si-es-cierto-2\/#primaryimage"},"image":{"@id":"https:\/\/exceladvisor.org\/es\/detenerse-si-es-cierto-2\/#primaryimage"},"thumbnailUrl":"https:\/\/exceladvisor.org\/wp-content\/uploads\/2023\/08\/1-une-icone-definie-sur-un-arret-de-plage-si-vrai.png","datePublished":"2023-11-02T14:37:33+00:00","dateModified":"2023-12-25T10:24:48+00:00","breadcrumb":{"@id":"https:\/\/exceladvisor.org\/es\/detenerse-si-es-cierto-2\/#breadcrumb"},"inLanguage":"es","potentialAction":[{"@type":"ReadAction","target":["https:\/\/exceladvisor.org\/es\/detenerse-si-es-cierto-2\/"]}]},{"@type":"ImageObject","inLanguage":"es","@id":"https:\/\/exceladvisor.org\/es\/detenerse-si-es-cierto-2\/#primaryimage","url":"https:\/\/exceladvisor.org\/wp-content\/uploads\/2023\/08\/1-une-icone-definie-sur-un-arret-de-plage-si-vrai.png","contentUrl":"https:\/\/exceladvisor.org\/wp-content\/uploads\/2023\/08\/1-une-icone-definie-sur-un-arret-de-plage-si-vrai.png"},{"@type":"BreadcrumbList","@id":"https:\/\/exceladvisor.org\/es\/detenerse-si-es-cierto-2\/#breadcrumb","itemListElement":[{"@type":"ListItem","position":1,"name":"Hogar","item":"https:\/\/exceladvisor.org\/es\/"},{"@type":"ListItem","position":2,"name":"\u00bfc\u00f3mo detener if true en formato condicional?"}]},{"@type":"WebSite","@id":"https:\/\/exceladvisor.org\/es\/#website","url":"https:\/\/exceladvisor.org\/es\/","name":"Excel Advisor","description":"Su gu\u00eda para la dominaci\u00f3n de datos!","publisher":{"@id":"https:\/\/exceladvisor.org\/es\/#organization"},"potentialAction":[{"@type":"SearchAction","target":{"@type":"EntryPoint","urlTemplate":"https:\/\/exceladvisor.org\/es\/?s={search_term_string}"},"query-input":{"@type":"PropertyValueSpecification","valueRequired":true,"valueName":"search_term_string"}}],"inLanguage":"es"},{"@type":"Organization","@id":"https:\/\/exceladvisor.org\/es\/#organization","name":"Excel Advisor","url":"https:\/\/exceladvisor.org\/es\/","logo":{"@type":"ImageObject","inLanguage":"es","@id":"https:\/\/exceladvisor.org\/es\/#\/schema\/logo\/image\/","url":"https:\/\/exceladvisor.org\/es\/wp-content\/uploads\/2023\/12\/exceladvisor.org_.png","contentUrl":"https:\/\/exceladvisor.org\/es\/wp-content\/uploads\/2023\/12\/exceladvisor.org_.png","width":105,"height":36,"caption":"Excel Advisor"},"image":{"@id":"https:\/\/exceladvisor.org\/es\/#\/schema\/logo\/image\/"}}]}},"yoast_meta":{"yoast_wpseo_title":"","yoast_wpseo_metadesc":"","yoast_wpseo_canonical":""},"_links":{"self":[{"href":"https:\/\/exceladvisor.org\/es\/wp-json\/wp\/v2\/pages\/343","targetHints":{"allow":["GET"]}}],"collection":[{"href":"https:\/\/exceladvisor.org\/es\/wp-json\/wp\/v2\/pages"}],"about":[{"href":"https:\/\/exceladvisor.org\/es\/wp-json\/wp\/v2\/types\/page"}],"author":[{"embeddable":true,"href":"https:\/\/exceladvisor.org\/es\/wp-json\/wp\/v2\/users\/1"}],"replies":[{"embeddable":true,"href":"https:\/\/exceladvisor.org\/es\/wp-json\/wp\/v2\/comments?post=343"}],"version-history":[{"count":1,"href":"https:\/\/exceladvisor.org\/es\/wp-json\/wp\/v2\/pages\/343\/revisions"}],"predecessor-version":[{"id":958,"href":"https:\/\/exceladvisor.org\/es\/wp-json\/wp\/v2\/pages\/343\/revisions\/958"}],"wp:attachment":[{"href":"https:\/\/exceladvisor.org\/es\/wp-json\/wp\/v2\/media?parent=343"}],"curies":[{"name":"wp","href":"https:\/\/api.w.org\/{rel}","templated":true}]}}