{"id":344,"date":"2023-11-02T14:35:11","date_gmt":"2023-11-02T14:35:11","guid":{"rendered":"https:\/\/exceladvisor.org\/es\/informe\/"},"modified":"2023-12-25T10:23:55","modified_gmt":"2023-12-25T10:23:55","slug":"informe","status":"publish","type":"page","link":"https:\/\/exceladvisor.org\/es\/informe\/","title":{"rendered":"\u00bfc\u00f3mo calcular r\u00e1pidamente la proporci\u00f3n en excel?"},"content":{"rendered":"<div class=\"excel-antes-del-contenido\" id=\"excel-1467194164\"><script type=\"text\/javascript\">\r\n\tatOptions = {\r\n\t\t'key' : 'c1158f160081d6540a8409e6925dab94',\r\n\t\t'format' : 'iframe',\r\n\t\t'height' : 250,\r\n\t\t'width' : 300,\r\n\t\t'params' : {}\r\n\t};\r\n<\/script>\r\n<script type=\"text\/javascript\" src=\"\/\/www.highperformanceformat.com\/c1158f160081d6540a8409e6925dab94\/invoke.js\"><\/script><\/div><p>Una raz\u00f3n es uno de los m\u00e9todos comunes para comparar dos valores entre s\u00ed. Y esto puede ayudarte a comparar las variaciones entre estos dos valores.<\/p>\n<p> Incluso en nuestra vida diaria utilizamos la palabra RATIO para definir la comparaci\u00f3n entre dos cosas diferentes. Cuando se trata de Excel, no tenemos ninguna funci\u00f3n espec\u00edfica que pueda ayudarnos a calcular una proporci\u00f3n.<\/p>\n<p> Pero puedes calcularlo usando f\u00f3rmulas personalizadas. Por eso, hoy en este art\u00edculo me gustar\u00eda mostrarte c\u00f3mo calcular proporciones de 4 formas diferentes.<\/p>\n<p> Comencemos y asegur\u00e9monos de <a style=\"outline: none;\" href=\"https:\/\/exceladvisor.org\/wp-content\/uploads\/2023\/11\/calculer-le-ratio-dans-des-exemples-de-donnees-Excel.xlsx\" rel=\"nofollow\">descargar este archivo de muestra<\/a> desde aqu\u00ed para seguirlo.<\/p>\n<h2 class=\"wp-block-heading\"> 1. Calcula la raz\u00f3n usando el m\u00e9todo de divisi\u00f3n simple.<\/h2>\n<p> Podemos utilizar este m\u00e9todo cuando el valor m\u00e1s grande es divisible por el valor m\u00e1s peque\u00f1o. En el siguiente ejemplo tenemos los valores 10 y 2, donde 10 es divisible por 2. <\/p>\n<div class=\"wp-block-image\">\n<figure class=\"aligncenter\"><img decoding=\"async\" src=\"https:\/\/exceladvisor.org\/wp-content\/uploads\/2023\/08\/calculer-le-rapport-dans-excel-avec-des-valeurs-de-division-simples-1.png\" sizes=\"\" srcset=\"\" alt=\"calcular la proporci\u00f3n en excel con valores de divisi\u00f3n simples\"><\/figure>\n<\/div>\n<p> Entonces puedes usar este m\u00e9todo aqu\u00ed. Inserte la siguiente f\u00f3rmula en la celda y presione Entrar. <\/p>\n<pre class=\"wp-block-code\"> <code class=\"language-excel-formula\" lang=\"excel-formula\">=A2\/B2&amp;\":\"&amp;\"1\"<\/code><\/pre>\n<div class=\"wp-block-image\">\n<figure class=\"aligncenter\"><img decoding=\"async\" src=\"https:\/\/exceladvisor.org\/wp-content\/uploads\/2023\/08\/calculer-le-rapport-dans-excel-avec-des-valeurs-de-division-simples-entrer-la-formule-1.png\" sizes=\"\" srcset=\"\" alt=\"calcular la proporci\u00f3n en excel con valores de divisi\u00f3n simples ingresar la f\u00f3rmula\"><\/figure>\n<\/div>\n<h4 class=\"wp-block-heading\"> As\u00ed es como funciona esta f\u00f3rmula&#8230;<\/h4>\n<p> En esta f\u00f3rmula, dividimos 10 entre 2, lo que da como resultado 5. Entonces ahora tenemos 5 en lugar de 10 al dividir por 2. Y en el otro lado usamos 1 en lugar de 2. <\/p>\n<div class=\"wp-block-image\">\n<figure class=\"aligncenter\"><img decoding=\"async\" src=\"https:\/\/exceladvisor.org\/wp-content\/uploads\/2023\/08\/comprendre-comment-utiliser-une-division-simple-pour-calculer-le-rapport-dans-Excel-1.png\" sizes=\"\" srcset=\"\" alt=\"comprender c\u00f3mo utilizar la divisi\u00f3n simple para calcular la proporci\u00f3n en Excel\"><\/figure>\n<\/div>\n<ul>\n<li> <strong>PRO<\/strong> : #1. Sencillo de aplicar. #2. F\u00e1cil de comprender.<\/li>\n<li> <strong>EN CONTRA:<\/strong> #1. Uso limitado. #2. No aplica si el valor mayor no es divisible por el valor menor.<\/li>\n<\/ul>\n<h2 class=\"wp-block-heading\"> 2. Funci\u00f3n MCD para calcular la proporci\u00f3n en Excel<\/h2>\n<p> Como dije, no existe una funci\u00f3n \u00fanica en Excel para calcular la proporci\u00f3n por usted. Pero la funci\u00f3n GCD est\u00e1 bastante cerca.<\/p>\n<p> Esto puede ayudarle a obtener un nombre com\u00fan para los dos valores y luego, usando un poco de concatenaci\u00f3n, puede calcular la proporci\u00f3n. <\/p>\n<div class=\"wp-block-image\">\n<figure class=\"aligncenter\"><img decoding=\"async\" src=\"https:\/\/exceladvisor.org\/wp-content\/uploads\/2023\/08\/calculer-la-ration-dans-excel-avec-les-valeurs-de-la-fonction-pgcd-1.png\" sizes=\"\" srcset=\"\" alt=\"calcular el informe en Excel con los valores de la funci\u00f3n gcd\"><\/figure>\n<\/div>\n<p> Y para calcular la proporci\u00f3n, inserte la siguiente f\u00f3rmula en la celda y presione Entrar. <\/p>\n<pre class=\"wp-block-code\"> <code class=\"language-excel-formula\" lang=\"excel-formula\">=A2\/GCD(A2,B2)&amp;\":\"&amp;B2\/GCD(A2,B2)<\/code><\/pre>\n<div class=\"wp-block-image\">\n<figure class=\"aligncenter\"><img decoding=\"async\" src=\"https:\/\/exceladvisor.org\/wp-content\/uploads\/2023\/08\/calculer-le-rapport-dans-excel-avec-simple-avec-les-valeurs-de-la-fonction-pgcd-entrer-la-formule-1.png\" sizes=\"\" srcset=\"\" alt=\"calcular la proporci\u00f3n en Excel con valores de funci\u00f3n simples con mcd ingresar la f\u00f3rmula\"><\/figure>\n<\/div>\n<h4 id=\"tab-con-7\" class=\"wp-block-heading\"> As\u00ed es como funciona esta f\u00f3rmula&#8230;<\/h4>\n<p> Quiz\u00e1s esto te parezca complejo, pero en realidad es sencillo. D\u00e9jame explicar esto en dos partes. <\/p>\n<div class=\"wp-block-image\">\n<figure class=\"aligncenter\"><img decoding=\"async\" src=\"https:\/\/exceladvisor.org\/wp-content\/uploads\/2023\/08\/comprendre-comment-utiliser-pgcd-pour-calculer-le-ratio-dans-excel-1.png\" sizes=\"\" srcset=\"\" alt=\"entender c\u00f3mo usar gcd para calcular la proporci\u00f3n en excel\"><\/figure>\n<\/div>\n<p> Como dije, MCD puede darte un denominador com\u00fan para ambos valores. Entonces aqu\u00ed necesitas usar MCD en ambas partes de la f\u00f3rmula para obtener un denominador com\u00fan.<\/p>\n<p> Despu\u00e9s de eso, debes dividir ambos valores con este denominador com\u00fan. Y, al final, una peque\u00f1a concatenaci\u00f3n para unir los dos valores mediante dos puntos.<\/p>\n<ul>\n<li> <strong>PRO<\/strong> : #1. Es una f\u00f3rmula din\u00e1mica, ni siquiera importa si cambias los valores. #2 F\u00e1cil de aplicar.<\/li>\n<li> <strong>EN CONTRA:<\/strong> #1. La funci\u00f3n MCD s\u00f3lo funciona con n\u00fameros enteros y si tienes decimales en tus valores no funcionar\u00e1.<\/li>\n<\/ul>\n<h2 id=\"tab-con-3\" class=\"wp-block-heading\"> 3. REEMPLAZAR y TEXTO para el c\u00e1lculo de la proporci\u00f3n<\/h2>\n<p> Una combinaci\u00f3n de dos funciones impresionantes. S\u00ed, puedes usar las funciones REEMPLAZAR y TEXTO para calcular la proporci\u00f3n. Este m\u00e9todo funciona de maravilla, al igual que la funci\u00f3n GCD. Aqu\u00ed tenemos los valores a continuaci\u00f3n para calcular el ratio. <\/p>\n<div class=\"wp-block-image\">\n<figure class=\"aligncenter\"><img decoding=\"async\" src=\"https:\/\/exceladvisor.org\/wp-content\/uploads\/2023\/08\/calculer-la-ration-dans-Excel-avec-des-valeurs-de-substitution-de-texte-1.png\" sizes=\"\" srcset=\"\" alt=\"calcular la raci\u00f3n en Excel con valores de sustituci\u00f3n de texto\"><\/figure>\n<\/div>\n<p> En una celda, inserte la siguiente f\u00f3rmula y presione Entrar. <\/p>\n<pre class=\"wp-block-code\"> <code class=\"language-excel-formula\" lang=\"excel-formula\">=SUBSTITUTE(TEXT(A2\/B2,\"#####\/#####\"),\"\/\",\":\")<\/code><\/pre>\n<div class=\"wp-block-image\">\n<figure class=\"aligncenter\"><img decoding=\"async\" src=\"https:\/\/exceladvisor.org\/wp-content\/uploads\/2023\/08\/calculer-le-rapport-dans-excel-avec-la-formule-des-valeurs-de-remplacement-de-texte-1.png\" sizes=\"\" srcset=\"\" alt=\"calcular informe en excel con f\u00f3rmula de valores de reemplazo de texto\"><\/figure>\n<\/div>\n<h4 id=\"tab-con-9\" class=\"wp-block-heading\"> As\u00ed es como funciona esta f\u00f3rmula&#8230;<\/h4>\n<p> Esta f\u00f3rmula tambi\u00e9n funciona en dos partes de trabajo diferentes TEXTO y REEMPLAZO. <\/p>\n<div class=\"wp-block-image\">\n<figure class=\"aligncenter\"><img decoding=\"async\" src=\"https:\/\/exceladvisor.org\/wp-content\/uploads\/2023\/08\/comprendre-comment-utiliser-le-texte-de-remplacement-pour-calculer-le-ratio-dans-Excel-1.png\" sizes=\"\" srcset=\"\" alt=\"entender c\u00f3mo usar texto alternativo para calcular la proporci\u00f3n en Excel\"><\/figure>\n<\/div>\n<p> Primero, debe usar la funci\u00f3n de texto para dividir los dos n\u00fameros y luego formatear el valor de retorno en un formato fraccionario.<\/p>\n<p> En segundo lugar, al dividir los dos valores obtienes 10 y al convertir este valor a parte fraccionaria obtienes 10\/1.<\/p>\n<p> En tercer lugar, reemplace la barra con dos puntos. Y tenemos una funci\u00f3n de sustituci\u00f3n para esto.<\/p>\n<ul>\n<li> <strong>Ventajas:<\/strong> #1. Una f\u00f3rmula din\u00e1mica no importa incluso si cambia los valores. #2. F\u00e1cil de usar y entender.<\/li>\n<li> <strong>Desventajas:<\/strong> Si tienes valores simples para calcular una relaci\u00f3n, no es bueno utilizar este m\u00e9todo.<\/li>\n<\/ul>\n<h2 id=\"tab-con-4\" class=\"wp-block-heading\"> 4. Calcula la proporci\u00f3n con la funci\u00f3n Ronda.<\/h2>\n<p> Usar la funci\u00f3n de redondeo para calcular una proporci\u00f3n tambi\u00e9n es un m\u00e9todo \u00fatil. Esto es especialmente \u00fatil cuando desea calcular proporciones con decimales para una comparaci\u00f3n precisa.<\/p>\n<p> Aqu\u00ed tenemos valores en los que el valor mayor no es divisible por el valor menor. Entonces, en esta situaci\u00f3n, en lugar de usarlos como est\u00e1n, puedes dividirlos y mostrar la proporci\u00f3n final con decimales. <\/p>\n<div class=\"wp-block-image\">\n<figure class=\"aligncenter\"><img decoding=\"async\" src=\"https:\/\/exceladvisor.org\/wp-content\/uploads\/2023\/08\/calculer-le-ratio-dans-excel-avec-des-valeurs-rondes-1.png\" sizes=\"\" srcset=\"\" alt=\"calcular la proporci\u00f3n en excel con valores redondos\"><\/figure>\n<\/div>\n<p> Simplemente inserte la siguiente f\u00f3rmula en la celda y presione Entrar. <\/p>\n<pre class=\"wp-block-code\"> <code class=\"language-excel-formula\" lang=\"excel-formula\">=ROUND(A2\/B2,1)&amp;\":\"&amp;1<\/code><\/pre>\n<div class=\"wp-block-image\">\n<figure class=\"aligncenter\"><img decoding=\"async\" src=\"https:\/\/exceladvisor.org\/wp-content\/uploads\/2023\/08\/calculer-le-ratio-dans-excel-avec-des-valeurs-rondes-1.png\" sizes=\"\" srcset=\"\" alt=\"calcular la proporci\u00f3n en excel con f\u00f3rmula de valores redondos\"><\/figure>\n<\/div>\n<p> Y aqu\u00ed ten\u00e9is un informe con decimales.<\/p>\n<h4 id=\"tab-con-10\" class=\"wp-block-heading\"> As\u00ed es como funciona esta f\u00f3rmula&#8230;<\/h4>\n<p> Puedes dividir esta f\u00f3rmula en dos partes diferentes para entenderla. <strong>Primero<\/strong> , debe usar la funci\u00f3n de ronda para dividir el valor mayor por el valor menor y obtener el resultado con un decimal. <strong>En segundo lugar<\/strong> , debe utilizar dos puntos y \u00ab1\u00bb al final.<\/p>\n<ul>\n<li> <strong>Ventajas:<\/strong> #1. \u00datil cuando desea obtener resultados con decimales. #2. El valor final ser\u00e1 m\u00e1s preciso.<\/li>\n<li> <strong>EN CONTRA:<\/strong> #1. No aplicable en todas las situaciones. <\/li>\n<\/ul>\n<div class=\"gb-container gb-container-52dfcee1 gb-container-sample-file\">\n<h2 class=\"gb-headline gb-headline-e289c143 gb-headline-text gb-headline-4f7959c2\"> Obtener el archivo Excel<\/h2>\n<p> <a class=\"gb-button gb-button-e88d6bee gb-button-text gb-button-button1\" href=\"https:\/\/exceladvisor.org\/wp-content\/uploads\/2023\/11\/calculer-le-ratio-dans-des-exemples-de-donnees-Excel.xlsx\" rel=\"nofollow\">Descargar<\/a><\/p>\n<\/div>\n<h2 class=\"wp-block-heading\"> Conclusi\u00f3n<\/h2>\n<p> Como dije, una raz\u00f3n es un m\u00e9todo \u00fatil para comparar dos valores entre s\u00ed. Y ahora tienes diferentes m\u00e9todos para calcularlo en tu aplicaci\u00f3n favorita, eso s\u00ed, en Excel.<\/p>\n<p> Todos los m\u00e9todos que utilizamos anteriormente pueden ayudarle a calcular proporciones en diferentes situaciones con diferentes tipos de valores.<\/p>\n<p> Espero que esto te ayude en tu trabajo. Ahora dime una cosa. \u00bfTiene otro m\u00e9todo para calcular la proporci\u00f3n? Por favor comp\u00e1rtelo conmigo en la secci\u00f3n de comentarios, me encantar\u00eda saber de ti.<\/p>\n<p> Y no olvides compartir este consejo con tus amigos. Estoy seguro de que lo apreciar\u00e1n. <\/p>\n<div class=\"wp-block-group more-tutorials is-layout-flow\">\n<div class=\"wp-block-group__inner-container\">\n<h2 class=\"wp-block-heading\"> M\u00e1s f\u00f3rmulas<\/h2>\n<ul>\n<li> <a href=\"https:\/\/exceladvisor.org\/es\/valores-maximos-promedio\/\">Los 5 valores principales en Excel<\/a><\/li>\n<li> <a href=\"https:\/\/exceladvisor.org\/es\/coeficiente-de-variacion\/\">Coeficiente de variaci\u00f3n (CV) en Excel<\/a><\/li>\n<li> <a href=\"https:\/\/exceladvisor.org\/es\/maximo-si\/\">MAX SI en Excel<\/a><\/li>\n<li> <a href=\"https:\/\/exceladvisor.org\/es\/valor-mas-bajo\/\">Encuentre el valor m\u00e1s bajo de una lista de n\u00fameros (N)<\/a><\/li>\n<li> <a href=\"https:\/\/exceladvisor.org\/es\/valor-mas-pequeno-2\/\">Encuentre el valor m\u00e1s peque\u00f1o en un rango de celdas (n\u00famero m\u00e1s peque\u00f1o)<\/a><\/li>\n<\/ul>\n<\/div>\n<\/div>\n","protected":false},"excerpt":{"rendered":"<p>Una raz\u00f3n es uno de los m\u00e9todos comunes para comparar dos valores entre s\u00ed. Y esto puede ayudarte a comparar las variaciones entre estos dos valores. Incluso en nuestra vida diaria utilizamos la palabra RATIO para definir la comparaci\u00f3n entre dos cosas diferentes. Cuando se trata de Excel, no tenemos ninguna funci\u00f3n espec\u00edfica que pueda [&hellip;]<\/p>\n","protected":false},"author":1,"featured_media":0,"parent":0,"menu_order":0,"comment_status":"open","ping_status":"closed","template":"","meta":{"ub_ctt_via":"","footnotes":""},"class_list":["post-344","page","type-page","status-publish","hentry"],"featured_image_src":null,"yoast_head":"<!-- This site is optimized with the Yoast SEO plugin v25.4 - https:\/\/yoast.com\/wordpress\/plugins\/seo\/ -->\n<title>\u00bfc\u00f3mo calcular r\u00e1pidamente la proporci\u00f3n en excel?<\/title>\n<meta name=\"robots\" content=\"index, follow, max-snippet:-1, max-image-preview:large, max-video-preview:-1\" \/>\n<link rel=\"canonical\" href=\"https:\/\/exceladvisor.org\/es\/informe\/\" \/>\n<meta property=\"og:locale\" content=\"es_ES\" \/>\n<meta property=\"og:type\" content=\"article\" \/>\n<meta property=\"og:title\" content=\"\u00bfc\u00f3mo calcular r\u00e1pidamente la proporci\u00f3n en excel?\" \/>\n<meta property=\"og:description\" content=\"Una raz\u00f3n es uno de los m\u00e9todos comunes para comparar dos valores entre s\u00ed. Y esto puede ayudarte a comparar las variaciones entre estos dos valores. Incluso en nuestra vida diaria utilizamos la palabra RATIO para definir la comparaci\u00f3n entre dos cosas diferentes. Cuando se trata de Excel, no tenemos ninguna funci\u00f3n espec\u00edfica que pueda [&hellip;]\" \/>\n<meta property=\"og:url\" content=\"https:\/\/exceladvisor.org\/es\/informe\/\" \/>\n<meta property=\"og:site_name\" content=\"Excel Advisor\" \/>\n<meta property=\"article:modified_time\" content=\"2023-12-25T10:23:55+00:00\" \/>\n<meta property=\"og:image\" content=\"https:\/\/exceladvisor.org\/wp-content\/uploads\/2023\/08\/calculer-le-rapport-dans-excel-avec-des-valeurs-de-division-simples-1.png\" \/>\n<meta name=\"twitter:card\" content=\"summary_large_image\" \/>\n<meta name=\"twitter:label1\" content=\"Tiempo de lectura\" \/>\n\t<meta name=\"twitter:data1\" content=\"5 minutos\" \/>\n<script type=\"application\/ld+json\" class=\"yoast-schema-graph\">{\"@context\":\"https:\/\/schema.org\",\"@graph\":[{\"@type\":\"WebPage\",\"@id\":\"https:\/\/exceladvisor.org\/es\/informe\/\",\"url\":\"https:\/\/exceladvisor.org\/es\/informe\/\",\"name\":\"\u00bfc\u00f3mo calcular r\u00e1pidamente la proporci\u00f3n en excel?\",\"isPartOf\":{\"@id\":\"https:\/\/exceladvisor.org\/es\/#website\"},\"primaryImageOfPage\":{\"@id\":\"https:\/\/exceladvisor.org\/es\/informe\/#primaryimage\"},\"image\":{\"@id\":\"https:\/\/exceladvisor.org\/es\/informe\/#primaryimage\"},\"thumbnailUrl\":\"https:\/\/exceladvisor.org\/wp-content\/uploads\/2023\/08\/calculer-le-rapport-dans-excel-avec-des-valeurs-de-division-simples-1.png\",\"datePublished\":\"2023-11-02T14:35:11+00:00\",\"dateModified\":\"2023-12-25T10:23:55+00:00\",\"breadcrumb\":{\"@id\":\"https:\/\/exceladvisor.org\/es\/informe\/#breadcrumb\"},\"inLanguage\":\"es\",\"potentialAction\":[{\"@type\":\"ReadAction\",\"target\":[\"https:\/\/exceladvisor.org\/es\/informe\/\"]}]},{\"@type\":\"ImageObject\",\"inLanguage\":\"es\",\"@id\":\"https:\/\/exceladvisor.org\/es\/informe\/#primaryimage\",\"url\":\"https:\/\/exceladvisor.org\/wp-content\/uploads\/2023\/08\/calculer-le-rapport-dans-excel-avec-des-valeurs-de-division-simples-1.png\",\"contentUrl\":\"https:\/\/exceladvisor.org\/wp-content\/uploads\/2023\/08\/calculer-le-rapport-dans-excel-avec-des-valeurs-de-division-simples-1.png\"},{\"@type\":\"BreadcrumbList\",\"@id\":\"https:\/\/exceladvisor.org\/es\/informe\/#breadcrumb\",\"itemListElement\":[{\"@type\":\"ListItem\",\"position\":1,\"name\":\"Hogar\",\"item\":\"https:\/\/exceladvisor.org\/es\/\"},{\"@type\":\"ListItem\",\"position\":2,\"name\":\"\u00bfc\u00f3mo calcular r\u00e1pidamente la proporci\u00f3n en excel?\"}]},{\"@type\":\"WebSite\",\"@id\":\"https:\/\/exceladvisor.org\/es\/#website\",\"url\":\"https:\/\/exceladvisor.org\/es\/\",\"name\":\"Excel Advisor\",\"description\":\"Su gu\u00eda para la dominaci\u00f3n de datos!\",\"publisher\":{\"@id\":\"https:\/\/exceladvisor.org\/es\/#organization\"},\"potentialAction\":[{\"@type\":\"SearchAction\",\"target\":{\"@type\":\"EntryPoint\",\"urlTemplate\":\"https:\/\/exceladvisor.org\/es\/?s={search_term_string}\"},\"query-input\":{\"@type\":\"PropertyValueSpecification\",\"valueRequired\":true,\"valueName\":\"search_term_string\"}}],\"inLanguage\":\"es\"},{\"@type\":\"Organization\",\"@id\":\"https:\/\/exceladvisor.org\/es\/#organization\",\"name\":\"Excel Advisor\",\"url\":\"https:\/\/exceladvisor.org\/es\/\",\"logo\":{\"@type\":\"ImageObject\",\"inLanguage\":\"es\",\"@id\":\"https:\/\/exceladvisor.org\/es\/#\/schema\/logo\/image\/\",\"url\":\"https:\/\/exceladvisor.org\/es\/wp-content\/uploads\/2023\/12\/exceladvisor.org_.png\",\"contentUrl\":\"https:\/\/exceladvisor.org\/es\/wp-content\/uploads\/2023\/12\/exceladvisor.org_.png\",\"width\":105,\"height\":36,\"caption\":\"Excel Advisor\"},\"image\":{\"@id\":\"https:\/\/exceladvisor.org\/es\/#\/schema\/logo\/image\/\"}}]}<\/script>\n<!-- \/ Yoast SEO plugin. -->","yoast_head_json":{"title":"\u00bfc\u00f3mo calcular r\u00e1pidamente la proporci\u00f3n en excel?","robots":{"index":"index","follow":"follow","max-snippet":"max-snippet:-1","max-image-preview":"max-image-preview:large","max-video-preview":"max-video-preview:-1"},"canonical":"https:\/\/exceladvisor.org\/es\/informe\/","og_locale":"es_ES","og_type":"article","og_title":"\u00bfc\u00f3mo calcular r\u00e1pidamente la proporci\u00f3n en excel?","og_description":"Una raz\u00f3n es uno de los m\u00e9todos comunes para comparar dos valores entre s\u00ed. Y esto puede ayudarte a comparar las variaciones entre estos dos valores. Incluso en nuestra vida diaria utilizamos la palabra RATIO para definir la comparaci\u00f3n entre dos cosas diferentes. Cuando se trata de Excel, no tenemos ninguna funci\u00f3n espec\u00edfica que pueda [&hellip;]","og_url":"https:\/\/exceladvisor.org\/es\/informe\/","og_site_name":"Excel Advisor","article_modified_time":"2023-12-25T10:23:55+00:00","og_image":[{"url":"https:\/\/exceladvisor.org\/wp-content\/uploads\/2023\/08\/calculer-le-rapport-dans-excel-avec-des-valeurs-de-division-simples-1.png","type":"","width":"","height":""}],"twitter_card":"summary_large_image","twitter_misc":{"Tiempo de lectura":"5 minutos"},"schema":{"@context":"https:\/\/schema.org","@graph":[{"@type":"WebPage","@id":"https:\/\/exceladvisor.org\/es\/informe\/","url":"https:\/\/exceladvisor.org\/es\/informe\/","name":"\u00bfc\u00f3mo calcular r\u00e1pidamente la proporci\u00f3n en excel?","isPartOf":{"@id":"https:\/\/exceladvisor.org\/es\/#website"},"primaryImageOfPage":{"@id":"https:\/\/exceladvisor.org\/es\/informe\/#primaryimage"},"image":{"@id":"https:\/\/exceladvisor.org\/es\/informe\/#primaryimage"},"thumbnailUrl":"https:\/\/exceladvisor.org\/wp-content\/uploads\/2023\/08\/calculer-le-rapport-dans-excel-avec-des-valeurs-de-division-simples-1.png","datePublished":"2023-11-02T14:35:11+00:00","dateModified":"2023-12-25T10:23:55+00:00","breadcrumb":{"@id":"https:\/\/exceladvisor.org\/es\/informe\/#breadcrumb"},"inLanguage":"es","potentialAction":[{"@type":"ReadAction","target":["https:\/\/exceladvisor.org\/es\/informe\/"]}]},{"@type":"ImageObject","inLanguage":"es","@id":"https:\/\/exceladvisor.org\/es\/informe\/#primaryimage","url":"https:\/\/exceladvisor.org\/wp-content\/uploads\/2023\/08\/calculer-le-rapport-dans-excel-avec-des-valeurs-de-division-simples-1.png","contentUrl":"https:\/\/exceladvisor.org\/wp-content\/uploads\/2023\/08\/calculer-le-rapport-dans-excel-avec-des-valeurs-de-division-simples-1.png"},{"@type":"BreadcrumbList","@id":"https:\/\/exceladvisor.org\/es\/informe\/#breadcrumb","itemListElement":[{"@type":"ListItem","position":1,"name":"Hogar","item":"https:\/\/exceladvisor.org\/es\/"},{"@type":"ListItem","position":2,"name":"\u00bfc\u00f3mo calcular r\u00e1pidamente la proporci\u00f3n en excel?"}]},{"@type":"WebSite","@id":"https:\/\/exceladvisor.org\/es\/#website","url":"https:\/\/exceladvisor.org\/es\/","name":"Excel Advisor","description":"Su gu\u00eda para la dominaci\u00f3n de datos!","publisher":{"@id":"https:\/\/exceladvisor.org\/es\/#organization"},"potentialAction":[{"@type":"SearchAction","target":{"@type":"EntryPoint","urlTemplate":"https:\/\/exceladvisor.org\/es\/?s={search_term_string}"},"query-input":{"@type":"PropertyValueSpecification","valueRequired":true,"valueName":"search_term_string"}}],"inLanguage":"es"},{"@type":"Organization","@id":"https:\/\/exceladvisor.org\/es\/#organization","name":"Excel Advisor","url":"https:\/\/exceladvisor.org\/es\/","logo":{"@type":"ImageObject","inLanguage":"es","@id":"https:\/\/exceladvisor.org\/es\/#\/schema\/logo\/image\/","url":"https:\/\/exceladvisor.org\/es\/wp-content\/uploads\/2023\/12\/exceladvisor.org_.png","contentUrl":"https:\/\/exceladvisor.org\/es\/wp-content\/uploads\/2023\/12\/exceladvisor.org_.png","width":105,"height":36,"caption":"Excel Advisor"},"image":{"@id":"https:\/\/exceladvisor.org\/es\/#\/schema\/logo\/image\/"}}]}},"yoast_meta":{"yoast_wpseo_title":"","yoast_wpseo_metadesc":"","yoast_wpseo_canonical":""},"_links":{"self":[{"href":"https:\/\/exceladvisor.org\/es\/wp-json\/wp\/v2\/pages\/344","targetHints":{"allow":["GET"]}}],"collection":[{"href":"https:\/\/exceladvisor.org\/es\/wp-json\/wp\/v2\/pages"}],"about":[{"href":"https:\/\/exceladvisor.org\/es\/wp-json\/wp\/v2\/types\/page"}],"author":[{"embeddable":true,"href":"https:\/\/exceladvisor.org\/es\/wp-json\/wp\/v2\/users\/1"}],"replies":[{"embeddable":true,"href":"https:\/\/exceladvisor.org\/es\/wp-json\/wp\/v2\/comments?post=344"}],"version-history":[{"count":1,"href":"https:\/\/exceladvisor.org\/es\/wp-json\/wp\/v2\/pages\/344\/revisions"}],"predecessor-version":[{"id":883,"href":"https:\/\/exceladvisor.org\/es\/wp-json\/wp\/v2\/pages\/344\/revisions\/883"}],"wp:attachment":[{"href":"https:\/\/exceladvisor.org\/es\/wp-json\/wp\/v2\/media?parent=344"}],"curies":[{"name":"wp","href":"https:\/\/api.w.org\/{rel}","templated":true}]}}