{"id":345,"date":"2023-11-02T05:46:50","date_gmt":"2023-11-02T05:46:50","guid":{"rendered":"https:\/\/exceladvisor.org\/es\/sin-error\/"},"modified":"2023-12-25T10:27:16","modified_gmt":"2023-12-25T10:27:16","slug":"sin-error","status":"publish","type":"page","link":"https:\/\/exceladvisor.org\/es\/sin-error\/","title":{"rendered":"\u00bfc\u00f3mo solucionar el error #n\/a en excel?"},"content":{"rendered":"<div class=\"excel-antes-del-contenido\" id=\"excel-3850251711\"><script type=\"text\/javascript\">\r\n\tatOptions = {\r\n\t\t'key' : 'c1158f160081d6540a8409e6925dab94',\r\n\t\t'format' : 'iframe',\r\n\t\t'height' : 250,\r\n\t\t'width' : 300,\r\n\t\t'params' : {}\r\n\t};\r\n<\/script>\r\n<script type=\"text\/javascript\" src=\"\/\/www.highperformanceformat.com\/c1158f160081d6540a8409e6925dab94\/invoke.js\"><\/script><\/div><p>Hay dos situaciones cuando se trata de #N\/A:<\/p>\n<ol type=\"1\">\n<li> No desea recibir el error #N\/A.<\/li>\n<li> No desea mostr\u00e1rselo al usuario.<\/li>\n<\/ol>\n<p> Este tutorial le ayudar\u00e1 a afrontar estas situaciones.<\/p>\n<h2 id=\"h-n-a-error-what-does-it-mean\" class=\"wp-block-heading\"> Error #N\/A \u2013 \u00bfQu\u00e9 significa esto?<\/h2>\n<p> Como sugiere el nombre, \u00abNo disponible\u00bb. En Excel, cuando busca un valor usando las funciones de b\u00fasqueda y ese valor no se encuentra en la lista o rango, su f\u00f3rmula probablemente devolver\u00e1 el resultado como un error #N\/A. <\/p>\n<div class=\"wp-block-image\">\n<figure class=\"aligncenter size-full is-resized\"><img loading=\"lazy\" decoding=\"async\" class=\"wp-image-82470\" src=\"https:\/\/exceladvisor.org\/wp-content\/uploads\/2023\/08\/1-na-erreur.png\" sizes=\"auto, \" srcset=\"\" alt=\"error na\" width=\"522\" height=\"307\"><\/figure>\n<\/div>\n<h2 id=\"h-when-you-get-the-n-a\" class=\"wp-block-heading\"> \u00bfCu\u00e1ndo recibir\u00e1s el #N\/A?<\/h2>\n<p> En el ejemplo anterior, usamos BUSCARV para encontrar el valor 7 en la columna A. Pero como puede ver, \u00ab7\u00bb no est\u00e1 en el rango y la f\u00f3rmula devuelve #N\/A en el resultado. <\/p>\n<div class=\"wp-block-image\">\n<figure class=\"aligncenter size-full is-resized\"><img loading=\"lazy\" decoding=\"async\" class=\"wp-image-82472\" src=\"https:\/\/exceladvisor.org\/wp-content\/uploads\/2023\/08\/2-quand-tu-recois-na.png\" sizes=\"auto, \" srcset=\"\" alt=\"cuando-llegas-na\" width=\"555\" height=\"325\"><\/figure>\n<\/div>\n<p> De manera similar, cuando usa la funci\u00f3n COINCIDIR e intenta obtener una coincidencia para \u00ab7\u00bb, la f\u00f3rmula devuelve #N\/A en el resultado. <\/p>\n<div class=\"wp-block-image\">\n<figure class=\"aligncenter size-full is-resized\"><img loading=\"lazy\" decoding=\"async\" class=\"wp-image-82473\" src=\"https:\/\/exceladvisor.org\/wp-content\/uploads\/2023\/08\/3-utiliser-la-fonction-match.png\" sizes=\"auto, \" srcset=\"\" alt=\"usar la funci\u00f3n de coincidencia\" width=\"544\" height=\"346\"><\/figure>\n<\/div>\n<p> Aparte de eso, si utiliza cualquier otra f\u00f3rmula de B\u00daSQUEDA como BUSCARH, B\u00daSQUEDA e \u00cdNDICE+COINCIDIR, tambi\u00e9n obtendr\u00e1 el mismo error.<\/p>\n<p class=\"qt-tip\"> <strong>Nota:<\/strong> Con BUSCARX, tiene un argumento incorporado que le permite establecer los valores a obtener si el valor que est\u00e1 buscando no est\u00e1 en el rango de b\u00fasqueda.<\/p>\n<h2 id=\"h-how-to-deal-with-n-a\" class=\"wp-block-heading\"> \u00bfC\u00f3mo gestionar #N\/A?<\/h2>\n<p> Puedes utilizar dos funciones espec\u00edficas.<\/p>\n<h3 id=\"h-ifna-only-for-n-a-error\" class=\"wp-block-heading\"> IFNA: S\u00f3lo para error #N\/A<\/h3>\n<p> En el siguiente ejemplo, usamos MATCH envolvi\u00e9ndolo con IFNA. En IFNA, el primer argumento utiliza la funci\u00f3n COINCIDIR y un valor a devolver si MATCH devuelve #N\/A. <\/p>\n<div class=\"wp-block-image\">\n<figure class=\"aligncenter size-full is-resized\"><img loading=\"lazy\" decoding=\"async\" class=\"wp-image-82475\" src=\"https:\/\/exceladvisor.org\/wp-content\/uploads\/2023\/08\/4-match-avec-ifna.png\" sizes=\"auto, \" srcset=\"\" alt=\"partido-con-ifna\" width=\"525\" height=\"309\"><\/figure>\n<\/div>\n<h3 id=\"h-iferror-for-all-errors\" class=\"wp-block-heading\"> IFERROR: para todos los errores<\/h3>\n<p> Tambi\u00e9n en el siguiente ejemplo hemos utilizado IFERROR con BUSCARV. Ajustamos BUSCARV con IFERROR y especificamos el valor a devolver si hay un error en el resultado. <\/p>\n<div class=\"wp-block-image\">\n<figure class=\"aligncenter size-full is-resized\"><img loading=\"lazy\" decoding=\"async\" class=\"wp-image-82476\" src=\"https:\/\/exceladvisor.org\/wp-content\/uploads\/2023\/08\/5-iferror-avec-vlookup.png\" sizes=\"auto, \" srcset=\"\" alt=\"iferror-con-vlookup\" width=\"577\" height=\"310\"><\/figure>\n<\/div>\n<h2 id=\"h-other-points-to-remember\" class=\"wp-block-heading\"> Otros puntos para recordar<\/h2>\n<ol>\n<li> Lo mejor es comprobar el valor que busca con cualquier funci\u00f3n de b\u00fasqueda. Si tiene un valor mal escrito, pero el valor correcto est\u00e1 ah\u00ed, le resultar\u00e1 dif\u00edcil saberlo.<\/li>\n<li> En ocasiones puedes obtener el error #N\/A cuando los valores que buscas est\u00e1n en un formato diferente a los que tienes en el rango de b\u00fasqueda. Por ejemplo, si busca un n\u00famero pero ese n\u00famero se guarda como texto en el rango de b\u00fasqueda, seguir\u00e1 recibiendo el error #N\/A.<\/li>\n<li> La presencia de espacios adicionales en el valor de b\u00fasqueda o en los valores de la tabla de b\u00fasqueda tambi\u00e9n puede generar un error #N\/A. <\/li>\n<\/ol>\n<div class=\"gb-container gb-container-bafb25cc\">\n<div class=\"gb-grid-wrapper gb-grid-wrapper-91201309\">\n<div class=\"gb-grid-column gb-grid-column-15a917ef\">\n<div class=\"gb-container gb-container-15a917ef\">\n<h2 class=\"gb-headline gb-headline-f2deb261 gb-headline-text\"> ARCHIVO DE EJEMPLO <\/h2>\n<\/div>\n<\/div>\n<div class=\"gb-grid-column gb-grid-column-18357188\">\n<div class=\"gb-container gb-container-18357188\">\n<div class=\"gb-container gb-container-76cbe15e\"> <a class=\"gb-button gb-button-509e8e50 gb-button-lead-button\" href=\"https:\/\/exceladvisor.org\/wp-content\/uploads\/2023\/11\/na-2.xlsx\" rel=\"nofollow\"><span class=\"gb-button-text\">Descargar<\/span><\/a><\/div>\n<\/div>\n<\/div>\n<\/div>\n<\/div>\n<div class=\"gb-container gb-container-0df56012 gb-container-mt\"> <a class=\"gb-button gb-button-f9f432f4 gb-button-text gb-button-mt-button\" href=\"https:\/\/exceladvisor.org\/es\/formulas\/\">Lista de f\u00f3rmulas de Excel<\/a><\/p>\n<h2 class=\"gb-headline gb-headline-233444e8 gb-headline-text gb-headline-mt-heading\"> F\u00f3rmulas relacionadas <\/h2>\n<div class=\"gb-grid-wrapper gb-grid-wrapper-a16fa65c gb-grid-wrapper-mt-grid\">\n<div class=\"gb-grid-column gb-grid-column-50d07e0d\">\n<div class=\"gb-container gb-container-50d07e0d\">\n<ul>\n<li> <a href=\"https:\/\/exceladvisor.org\/es\/error-de-division\/\">Error #DIV\/0<\/a><\/li>\n<li> <a href=\"https:\/\/exceladvisor.org\/es\/error-de-derrame\/\">#\u00a1DESPARRAMAR! Error<\/a><\/li>\n<li> <a href=\"https:\/\/exceladvisor.org\/es\/error-de-valor\/\">#VALORError<\/a><\/li>\n<li> <a href=\"https:\/\/exceladvisor.org\/es\/ignorar-errores\/\">Ignorar todos los errores en Excel<\/a><\/li>\n<li> <a href=\"https:\/\/exceladvisor.org\/es\/error-de-referencia\/\">#\u00a1\u00c1RBITRO! Error<\/a> <\/li>\n<\/ul>\n<\/div>\n<\/div>\n<div class=\"gb-grid-column gb-grid-column-5b4a0cf9\">\n<div class=\"gb-container gb-container-5b4a0cf9\"><\/div>\n<\/div>\n<\/div>\n<\/div>\n","protected":false},"excerpt":{"rendered":"<p>Hay dos situaciones cuando se trata de #N\/A: No desea recibir el error #N\/A. No desea mostr\u00e1rselo al usuario. Este tutorial le ayudar\u00e1 a afrontar estas situaciones. Error #N\/A \u2013 \u00bfQu\u00e9 significa esto? Como sugiere el nombre, \u00abNo disponible\u00bb. En Excel, cuando busca un valor usando las funciones de b\u00fasqueda y ese valor no se [&hellip;]<\/p>\n","protected":false},"author":1,"featured_media":0,"parent":0,"menu_order":0,"comment_status":"open","ping_status":"closed","template":"","meta":{"ub_ctt_via":"","footnotes":""},"class_list":["post-345","page","type-page","status-publish","hentry"],"featured_image_src":null,"yoast_head":"<!-- This site is optimized with the Yoast SEO plugin v25.4 - https:\/\/yoast.com\/wordpress\/plugins\/seo\/ -->\n<title>\u00bfc\u00f3mo solucionar el error #n\/a en excel?<\/title>\n<meta name=\"robots\" content=\"index, follow, max-snippet:-1, max-image-preview:large, max-video-preview:-1\" \/>\n<link rel=\"canonical\" href=\"https:\/\/exceladvisor.org\/es\/sin-error\/\" \/>\n<meta property=\"og:locale\" content=\"es_ES\" \/>\n<meta property=\"og:type\" content=\"article\" \/>\n<meta property=\"og:title\" content=\"\u00bfc\u00f3mo solucionar el error #n\/a en excel?\" \/>\n<meta property=\"og:description\" content=\"Hay dos situaciones cuando se trata de #N\/A: No desea recibir el error #N\/A. No desea mostr\u00e1rselo al usuario. Este tutorial le ayudar\u00e1 a afrontar estas situaciones. Error #N\/A \u2013 \u00bfQu\u00e9 significa esto? Como sugiere el nombre, \u00abNo disponible\u00bb. En Excel, cuando busca un valor usando las funciones de b\u00fasqueda y ese valor no se [&hellip;]\" \/>\n<meta property=\"og:url\" content=\"https:\/\/exceladvisor.org\/es\/sin-error\/\" \/>\n<meta property=\"og:site_name\" content=\"Excel Advisor\" \/>\n<meta property=\"article:modified_time\" content=\"2023-12-25T10:27:16+00:00\" \/>\n<meta property=\"og:image\" content=\"https:\/\/exceladvisor.org\/wp-content\/uploads\/2023\/08\/1-na-erreur.png\" \/>\n<meta name=\"twitter:card\" content=\"summary_large_image\" \/>\n<meta name=\"twitter:label1\" content=\"Tiempo de lectura\" \/>\n\t<meta name=\"twitter:data1\" content=\"2 minutos\" \/>\n<script type=\"application\/ld+json\" class=\"yoast-schema-graph\">{\"@context\":\"https:\/\/schema.org\",\"@graph\":[{\"@type\":\"WebPage\",\"@id\":\"https:\/\/exceladvisor.org\/es\/sin-error\/\",\"url\":\"https:\/\/exceladvisor.org\/es\/sin-error\/\",\"name\":\"\u00bfc\u00f3mo solucionar el error #n\/a en excel?\",\"isPartOf\":{\"@id\":\"https:\/\/exceladvisor.org\/es\/#website\"},\"primaryImageOfPage\":{\"@id\":\"https:\/\/exceladvisor.org\/es\/sin-error\/#primaryimage\"},\"image\":{\"@id\":\"https:\/\/exceladvisor.org\/es\/sin-error\/#primaryimage\"},\"thumbnailUrl\":\"https:\/\/exceladvisor.org\/wp-content\/uploads\/2023\/08\/1-na-erreur.png\",\"datePublished\":\"2023-11-02T05:46:50+00:00\",\"dateModified\":\"2023-12-25T10:27:16+00:00\",\"breadcrumb\":{\"@id\":\"https:\/\/exceladvisor.org\/es\/sin-error\/#breadcrumb\"},\"inLanguage\":\"es\",\"potentialAction\":[{\"@type\":\"ReadAction\",\"target\":[\"https:\/\/exceladvisor.org\/es\/sin-error\/\"]}]},{\"@type\":\"ImageObject\",\"inLanguage\":\"es\",\"@id\":\"https:\/\/exceladvisor.org\/es\/sin-error\/#primaryimage\",\"url\":\"https:\/\/exceladvisor.org\/wp-content\/uploads\/2023\/08\/1-na-erreur.png\",\"contentUrl\":\"https:\/\/exceladvisor.org\/wp-content\/uploads\/2023\/08\/1-na-erreur.png\"},{\"@type\":\"BreadcrumbList\",\"@id\":\"https:\/\/exceladvisor.org\/es\/sin-error\/#breadcrumb\",\"itemListElement\":[{\"@type\":\"ListItem\",\"position\":1,\"name\":\"Hogar\",\"item\":\"https:\/\/exceladvisor.org\/es\/\"},{\"@type\":\"ListItem\",\"position\":2,\"name\":\"\u00bfc\u00f3mo solucionar el error #n\/a en excel?\"}]},{\"@type\":\"WebSite\",\"@id\":\"https:\/\/exceladvisor.org\/es\/#website\",\"url\":\"https:\/\/exceladvisor.org\/es\/\",\"name\":\"Excel Advisor\",\"description\":\"Su gu\u00eda para la dominaci\u00f3n de datos!\",\"publisher\":{\"@id\":\"https:\/\/exceladvisor.org\/es\/#organization\"},\"potentialAction\":[{\"@type\":\"SearchAction\",\"target\":{\"@type\":\"EntryPoint\",\"urlTemplate\":\"https:\/\/exceladvisor.org\/es\/?s={search_term_string}\"},\"query-input\":{\"@type\":\"PropertyValueSpecification\",\"valueRequired\":true,\"valueName\":\"search_term_string\"}}],\"inLanguage\":\"es\"},{\"@type\":\"Organization\",\"@id\":\"https:\/\/exceladvisor.org\/es\/#organization\",\"name\":\"Excel Advisor\",\"url\":\"https:\/\/exceladvisor.org\/es\/\",\"logo\":{\"@type\":\"ImageObject\",\"inLanguage\":\"es\",\"@id\":\"https:\/\/exceladvisor.org\/es\/#\/schema\/logo\/image\/\",\"url\":\"https:\/\/exceladvisor.org\/es\/wp-content\/uploads\/2023\/12\/exceladvisor.org_.png\",\"contentUrl\":\"https:\/\/exceladvisor.org\/es\/wp-content\/uploads\/2023\/12\/exceladvisor.org_.png\",\"width\":105,\"height\":36,\"caption\":\"Excel Advisor\"},\"image\":{\"@id\":\"https:\/\/exceladvisor.org\/es\/#\/schema\/logo\/image\/\"}}]}<\/script>\n<!-- \/ Yoast SEO plugin. -->","yoast_head_json":{"title":"\u00bfc\u00f3mo solucionar el error #n\/a en excel?","robots":{"index":"index","follow":"follow","max-snippet":"max-snippet:-1","max-image-preview":"max-image-preview:large","max-video-preview":"max-video-preview:-1"},"canonical":"https:\/\/exceladvisor.org\/es\/sin-error\/","og_locale":"es_ES","og_type":"article","og_title":"\u00bfc\u00f3mo solucionar el error #n\/a en excel?","og_description":"Hay dos situaciones cuando se trata de #N\/A: No desea recibir el error #N\/A. No desea mostr\u00e1rselo al usuario. Este tutorial le ayudar\u00e1 a afrontar estas situaciones. Error #N\/A \u2013 \u00bfQu\u00e9 significa esto? Como sugiere el nombre, \u00abNo disponible\u00bb. En Excel, cuando busca un valor usando las funciones de b\u00fasqueda y ese valor no se [&hellip;]","og_url":"https:\/\/exceladvisor.org\/es\/sin-error\/","og_site_name":"Excel Advisor","article_modified_time":"2023-12-25T10:27:16+00:00","og_image":[{"url":"https:\/\/exceladvisor.org\/wp-content\/uploads\/2023\/08\/1-na-erreur.png","type":"","width":"","height":""}],"twitter_card":"summary_large_image","twitter_misc":{"Tiempo de lectura":"2 minutos"},"schema":{"@context":"https:\/\/schema.org","@graph":[{"@type":"WebPage","@id":"https:\/\/exceladvisor.org\/es\/sin-error\/","url":"https:\/\/exceladvisor.org\/es\/sin-error\/","name":"\u00bfc\u00f3mo solucionar el error #n\/a en excel?","isPartOf":{"@id":"https:\/\/exceladvisor.org\/es\/#website"},"primaryImageOfPage":{"@id":"https:\/\/exceladvisor.org\/es\/sin-error\/#primaryimage"},"image":{"@id":"https:\/\/exceladvisor.org\/es\/sin-error\/#primaryimage"},"thumbnailUrl":"https:\/\/exceladvisor.org\/wp-content\/uploads\/2023\/08\/1-na-erreur.png","datePublished":"2023-11-02T05:46:50+00:00","dateModified":"2023-12-25T10:27:16+00:00","breadcrumb":{"@id":"https:\/\/exceladvisor.org\/es\/sin-error\/#breadcrumb"},"inLanguage":"es","potentialAction":[{"@type":"ReadAction","target":["https:\/\/exceladvisor.org\/es\/sin-error\/"]}]},{"@type":"ImageObject","inLanguage":"es","@id":"https:\/\/exceladvisor.org\/es\/sin-error\/#primaryimage","url":"https:\/\/exceladvisor.org\/wp-content\/uploads\/2023\/08\/1-na-erreur.png","contentUrl":"https:\/\/exceladvisor.org\/wp-content\/uploads\/2023\/08\/1-na-erreur.png"},{"@type":"BreadcrumbList","@id":"https:\/\/exceladvisor.org\/es\/sin-error\/#breadcrumb","itemListElement":[{"@type":"ListItem","position":1,"name":"Hogar","item":"https:\/\/exceladvisor.org\/es\/"},{"@type":"ListItem","position":2,"name":"\u00bfc\u00f3mo solucionar el error #n\/a en excel?"}]},{"@type":"WebSite","@id":"https:\/\/exceladvisor.org\/es\/#website","url":"https:\/\/exceladvisor.org\/es\/","name":"Excel Advisor","description":"Su gu\u00eda para la dominaci\u00f3n de datos!","publisher":{"@id":"https:\/\/exceladvisor.org\/es\/#organization"},"potentialAction":[{"@type":"SearchAction","target":{"@type":"EntryPoint","urlTemplate":"https:\/\/exceladvisor.org\/es\/?s={search_term_string}"},"query-input":{"@type":"PropertyValueSpecification","valueRequired":true,"valueName":"search_term_string"}}],"inLanguage":"es"},{"@type":"Organization","@id":"https:\/\/exceladvisor.org\/es\/#organization","name":"Excel Advisor","url":"https:\/\/exceladvisor.org\/es\/","logo":{"@type":"ImageObject","inLanguage":"es","@id":"https:\/\/exceladvisor.org\/es\/#\/schema\/logo\/image\/","url":"https:\/\/exceladvisor.org\/es\/wp-content\/uploads\/2023\/12\/exceladvisor.org_.png","contentUrl":"https:\/\/exceladvisor.org\/es\/wp-content\/uploads\/2023\/12\/exceladvisor.org_.png","width":105,"height":36,"caption":"Excel Advisor"},"image":{"@id":"https:\/\/exceladvisor.org\/es\/#\/schema\/logo\/image\/"}}]}},"yoast_meta":{"yoast_wpseo_title":"","yoast_wpseo_metadesc":"","yoast_wpseo_canonical":""},"_links":{"self":[{"href":"https:\/\/exceladvisor.org\/es\/wp-json\/wp\/v2\/pages\/345","targetHints":{"allow":["GET"]}}],"collection":[{"href":"https:\/\/exceladvisor.org\/es\/wp-json\/wp\/v2\/pages"}],"about":[{"href":"https:\/\/exceladvisor.org\/es\/wp-json\/wp\/v2\/types\/page"}],"author":[{"embeddable":true,"href":"https:\/\/exceladvisor.org\/es\/wp-json\/wp\/v2\/users\/1"}],"replies":[{"embeddable":true,"href":"https:\/\/exceladvisor.org\/es\/wp-json\/wp\/v2\/comments?post=345"}],"version-history":[{"count":1,"href":"https:\/\/exceladvisor.org\/es\/wp-json\/wp\/v2\/pages\/345\/revisions"}],"predecessor-version":[{"id":1190,"href":"https:\/\/exceladvisor.org\/es\/wp-json\/wp\/v2\/pages\/345\/revisions\/1190"}],"wp:attachment":[{"href":"https:\/\/exceladvisor.org\/es\/wp-json\/wp\/v2\/media?parent=345"}],"curies":[{"name":"wp","href":"https:\/\/api.w.org\/{rel}","templated":true}]}}