{"id":347,"date":"2023-11-02T03:51:32","date_gmt":"2023-11-02T03:51:32","guid":{"rendered":"https:\/\/exceladvisor.org\/es\/contar-los-anos-entre-dos-fechas\/"},"modified":"2023-12-25T10:24:42","modified_gmt":"2023-12-25T10:24:42","slug":"contar-los-anos-entre-dos-fechas","status":"publish","type":"page","link":"https:\/\/exceladvisor.org\/es\/contar-los-anos-entre-dos-fechas\/","title":{"rendered":"\u00bfc\u00f3mo contar los a\u00f1os entre dos fechas?"},"content":{"rendered":"<div class=\"excel-antes-del-contenido\" id=\"excel-106324746\"><script type=\"text\/javascript\">\r\n\tatOptions = {\r\n\t\t'key' : 'c1158f160081d6540a8409e6925dab94',\r\n\t\t'format' : 'iframe',\r\n\t\t'height' : 250,\r\n\t\t'width' : 300,\r\n\t\t'params' : {}\r\n\t};\r\n<\/script>\r\n<script type=\"text\/javascript\" src=\"\/\/www.highperformanceformat.com\/c1158f160081d6540a8409e6925dab94\/invoke.js\"><\/script><\/div><p>En Excel, puede utilizar la funci\u00f3n DADOSI para contar el n\u00famero de a\u00f1os entre dos fechas. Y en este tutorial, aprenderemos c\u00f3mo obtener este recuento.<\/p>\n<h2 class=\"wp-block-heading\"> A\u00f1os entre dos fechas<\/h2>\n<p> En el siguiente ejemplo, tiene una fecha de inicio y una fecha de finalizaci\u00f3n. Ahora, en la celda C1, usaremos la funci\u00f3n DADOSI para obtener los a\u00f1os entre estas dos fechas. <\/p>\n<div class=\"wp-block-image\">\n<figure class=\"aligncenter size-full is-resized\"><img loading=\"lazy\" decoding=\"async\" class=\"wp-image-64904\" src=\"https:\/\/exceladvisor.org\/wp-content\/uploads\/2023\/08\/1-ans-entre-deux-dates.png\" sizes=\"auto, \" srcset=\"\" alt=\"a\u00f1os entre fechas\" width=\"483\" height=\"263\"><\/figure>\n<\/div>\n<p> Utilice los siguientes pasos para escribir una f\u00f3rmula para esto:<\/p>\n<ol type=\"1\">\n<li> En la celda C1, ingrese \u00ab=FECHASI(\u00bb para iniciar la funci\u00f3n.<\/li>\n<li> Consulte la celda A1, donde tiene la fecha de inicio.<\/li>\n<li> Ahora ingrese una coma y consulte la celda B1 donde tiene la fecha de finalizaci\u00f3n.<\/li>\n<li> Despu\u00e9s de eso, escriba una coma e ingrese \u00aby\u00bb.<\/li>\n<li> Al final, ingrese un par\u00e9ntesis de cierre y presione Entrar. <\/li>\n<\/ol>\n<div class=\"wp-block-image\">\n<figure class=\"aligncenter size-full is-resized\"><img loading=\"lazy\" decoding=\"async\" class=\"wp-image-64905\" src=\"https:\/\/exceladvisor.org\/wp-content\/uploads\/2023\/08\/2-formules-pour-gagner-des-annees.png\" sizes=\"auto, \" srcset=\"\" alt=\"f\u00f3rmula para obtener a\u00f1os\" width=\"508\" height=\"276\"><\/figure>\n<\/div>\n<p> En la instant\u00e1nea de arriba puede ver que tenemos 8 en el resultado, que es la <strong>cantidad de a\u00f1os completados<\/strong> entre las fechas que especific\u00f3.<\/p>\n<pre class=\"wp-block-code\"> <code class=\"language-excel-formula\" lang=\"excel-formula\">=DATEDIF(A1,B1,\"y\")<\/code><\/pre>\n<p> Pero si quieres tener una imagen completa de los a\u00f1os entre estas dos fechas, puedes utilizar la siguiente f\u00f3rmula. <\/p>\n<pre class=\"wp-block-code\"> <code class=\"language-excel-formula\" lang=\"excel-formula\">=DATEDIF(A1,B1,\"y\")&amp;\" Year(s), \"&amp; DATEDIF(A1,B1,\"ym\")&amp; \"month(s)\"<\/code><\/pre>\n<div class=\"wp-block-image\">\n<figure class=\"aligncenter size-full is-resized\"><img loading=\"lazy\" decoding=\"async\" class=\"wp-image-64906\" src=\"https:\/\/exceladvisor.org\/wp-content\/uploads\/2023\/08\/3-formules-pour-obtenir-des-annees-et-des-mois.png\" sizes=\"auto, \" srcset=\"\" alt=\"f\u00f3rmula para obtener a\u00f1os y meses\" width=\"651\" height=\"327\"><\/figure>\n<\/div>\n<p> La primera parte de esta f\u00f3rmula obtiene el n\u00famero total de a\u00f1os y la segunda parte obtiene el n\u00famero de meses del a\u00f1o incompleto restante. <\/p>\n<div class=\"gb-container gb-container-52dfcee1 gb-container-sample-file\">\n<h2 class=\"gb-headline gb-headline-e289c143 gb-headline-text gb-headline-4f7959c2\"> Obtener el archivo Excel<\/h2>\n<p> <a class=\"gb-button gb-button-e88d6bee gb-button-text gb-button-button1\" href=\"https:\/\/exceladvisor.org\/wp-content\/uploads\/2023\/08\/compter-les-annees-entre-deux-dates-3.xlsx\" rel=\"nofollow\">Descargar<\/a><\/p>\n<\/div>\n<div class=\"gb-container gb-container-0df56012 gb-container-mt\"> <a class=\"gb-button gb-button-f9f432f4 gb-button-text gb-button-mt-button\" href=\"https:\/\/exceladvisor.org\/es\/formulas\/\">Lista de f\u00f3rmulas de Excel<\/a><\/p>\n<h2 class=\"gb-headline gb-headline-233444e8 gb-headline-text gb-headline-mt-heading\"> F\u00f3rmulas relacionadas <\/h2>\n<div class=\"gb-grid-wrapper gb-grid-wrapper-a16fa65c gb-grid-wrapper-mt-grid\">\n<div class=\"gb-grid-column gb-grid-column-50d07e0d\">\n<div class=\"gb-container gb-container-50d07e0d\">\n<ul>\n<li> <a href=\"https:\/\/exceladvisor.org\/es\/agregar-anos-hasta-la-fecha\/\">Agregar a\u00f1os hasta la fecha en Excel<\/a><\/li>\n<li> <a href=\"https:\/\/exceladvisor.org\/es\/obtener-el-numero-del-dia-del-ano\/\">Obtener el n\u00famero de d\u00edas del a\u00f1o en Excel.<\/a><\/li>\n<li> <a href=\"https:\/\/exceladvisor.org\/es\/obtenga-2-anos-de-servicio\/\">Obtenga a\u00f1os de servicio en Excel<\/a><\/li>\n<li> <a href=\"https:\/\/exceladvisor.org\/es\/anos-entre-fechas\/\">A\u00f1os entre fechas en Excel<\/a><\/li>\n<li> <a href=\"https:\/\/exceladvisor.org\/es\/extraer-ano-mes\/\">Extraer (Obtener) el a\u00f1o o mes de una fecha en Excel<\/a> <\/li>\n<\/ul>\n<\/div>\n<\/div>\n<div class=\"gb-grid-column gb-grid-column-5b4a0cf9\">\n<div class=\"gb-container gb-container-5b4a0cf9\"><\/div>\n<\/div>\n<\/div>\n<\/div>\n","protected":false},"excerpt":{"rendered":"<p>En Excel, puede utilizar la funci\u00f3n DADOSI para contar el n\u00famero de a\u00f1os entre dos fechas. Y en este tutorial, aprenderemos c\u00f3mo obtener este recuento. A\u00f1os entre dos fechas En el siguiente ejemplo, tiene una fecha de inicio y una fecha de finalizaci\u00f3n. Ahora, en la celda C1, usaremos la funci\u00f3n DADOSI para obtener los [&hellip;]<\/p>\n","protected":false},"author":1,"featured_media":0,"parent":0,"menu_order":0,"comment_status":"open","ping_status":"closed","template":"","meta":{"ub_ctt_via":"","footnotes":""},"class_list":["post-347","page","type-page","status-publish","hentry"],"featured_image_src":null,"yoast_head":"<!-- This site is optimized with the Yoast SEO plugin v25.4 - https:\/\/yoast.com\/wordpress\/plugins\/seo\/ -->\n<title>\u00bfc\u00f3mo contar los a\u00f1os entre dos fechas?<\/title>\n<meta name=\"robots\" content=\"index, follow, max-snippet:-1, max-image-preview:large, max-video-preview:-1\" \/>\n<link rel=\"canonical\" href=\"https:\/\/exceladvisor.org\/es\/contar-los-anos-entre-dos-fechas\/\" \/>\n<meta property=\"og:locale\" content=\"es_ES\" \/>\n<meta property=\"og:type\" content=\"article\" \/>\n<meta property=\"og:title\" content=\"\u00bfc\u00f3mo contar los a\u00f1os entre dos fechas?\" \/>\n<meta property=\"og:description\" content=\"En Excel, puede utilizar la funci\u00f3n DADOSI para contar el n\u00famero de a\u00f1os entre dos fechas. Y en este tutorial, aprenderemos c\u00f3mo obtener este recuento. A\u00f1os entre dos fechas En el siguiente ejemplo, tiene una fecha de inicio y una fecha de finalizaci\u00f3n. Ahora, en la celda C1, usaremos la funci\u00f3n DADOSI para obtener los [&hellip;]\" \/>\n<meta property=\"og:url\" content=\"https:\/\/exceladvisor.org\/es\/contar-los-anos-entre-dos-fechas\/\" \/>\n<meta property=\"og:site_name\" content=\"Excel Advisor\" \/>\n<meta property=\"article:modified_time\" content=\"2023-12-25T10:24:42+00:00\" \/>\n<meta property=\"og:image\" content=\"https:\/\/exceladvisor.org\/wp-content\/uploads\/2023\/08\/1-ans-entre-deux-dates.png\" \/>\n<meta name=\"twitter:card\" content=\"summary_large_image\" \/>\n<meta name=\"twitter:label1\" content=\"Tiempo de lectura\" \/>\n\t<meta name=\"twitter:data1\" content=\"1 minuto\" \/>\n<script type=\"application\/ld+json\" class=\"yoast-schema-graph\">{\"@context\":\"https:\/\/schema.org\",\"@graph\":[{\"@type\":\"WebPage\",\"@id\":\"https:\/\/exceladvisor.org\/es\/contar-los-anos-entre-dos-fechas\/\",\"url\":\"https:\/\/exceladvisor.org\/es\/contar-los-anos-entre-dos-fechas\/\",\"name\":\"\u00bfc\u00f3mo contar los a\u00f1os entre dos fechas?\",\"isPartOf\":{\"@id\":\"https:\/\/exceladvisor.org\/es\/#website\"},\"primaryImageOfPage\":{\"@id\":\"https:\/\/exceladvisor.org\/es\/contar-los-anos-entre-dos-fechas\/#primaryimage\"},\"image\":{\"@id\":\"https:\/\/exceladvisor.org\/es\/contar-los-anos-entre-dos-fechas\/#primaryimage\"},\"thumbnailUrl\":\"https:\/\/exceladvisor.org\/wp-content\/uploads\/2023\/08\/1-ans-entre-deux-dates.png\",\"datePublished\":\"2023-11-02T03:51:32+00:00\",\"dateModified\":\"2023-12-25T10:24:42+00:00\",\"breadcrumb\":{\"@id\":\"https:\/\/exceladvisor.org\/es\/contar-los-anos-entre-dos-fechas\/#breadcrumb\"},\"inLanguage\":\"es\",\"potentialAction\":[{\"@type\":\"ReadAction\",\"target\":[\"https:\/\/exceladvisor.org\/es\/contar-los-anos-entre-dos-fechas\/\"]}]},{\"@type\":\"ImageObject\",\"inLanguage\":\"es\",\"@id\":\"https:\/\/exceladvisor.org\/es\/contar-los-anos-entre-dos-fechas\/#primaryimage\",\"url\":\"https:\/\/exceladvisor.org\/wp-content\/uploads\/2023\/08\/1-ans-entre-deux-dates.png\",\"contentUrl\":\"https:\/\/exceladvisor.org\/wp-content\/uploads\/2023\/08\/1-ans-entre-deux-dates.png\"},{\"@type\":\"BreadcrumbList\",\"@id\":\"https:\/\/exceladvisor.org\/es\/contar-los-anos-entre-dos-fechas\/#breadcrumb\",\"itemListElement\":[{\"@type\":\"ListItem\",\"position\":1,\"name\":\"Hogar\",\"item\":\"https:\/\/exceladvisor.org\/es\/\"},{\"@type\":\"ListItem\",\"position\":2,\"name\":\"\u00bfc\u00f3mo contar los a\u00f1os entre dos fechas?\"}]},{\"@type\":\"WebSite\",\"@id\":\"https:\/\/exceladvisor.org\/es\/#website\",\"url\":\"https:\/\/exceladvisor.org\/es\/\",\"name\":\"Excel Advisor\",\"description\":\"Su gu\u00eda para la dominaci\u00f3n de datos!\",\"publisher\":{\"@id\":\"https:\/\/exceladvisor.org\/es\/#organization\"},\"potentialAction\":[{\"@type\":\"SearchAction\",\"target\":{\"@type\":\"EntryPoint\",\"urlTemplate\":\"https:\/\/exceladvisor.org\/es\/?s={search_term_string}\"},\"query-input\":{\"@type\":\"PropertyValueSpecification\",\"valueRequired\":true,\"valueName\":\"search_term_string\"}}],\"inLanguage\":\"es\"},{\"@type\":\"Organization\",\"@id\":\"https:\/\/exceladvisor.org\/es\/#organization\",\"name\":\"Excel Advisor\",\"url\":\"https:\/\/exceladvisor.org\/es\/\",\"logo\":{\"@type\":\"ImageObject\",\"inLanguage\":\"es\",\"@id\":\"https:\/\/exceladvisor.org\/es\/#\/schema\/logo\/image\/\",\"url\":\"https:\/\/exceladvisor.org\/es\/wp-content\/uploads\/2023\/12\/exceladvisor.org_.png\",\"contentUrl\":\"https:\/\/exceladvisor.org\/es\/wp-content\/uploads\/2023\/12\/exceladvisor.org_.png\",\"width\":105,\"height\":36,\"caption\":\"Excel Advisor\"},\"image\":{\"@id\":\"https:\/\/exceladvisor.org\/es\/#\/schema\/logo\/image\/\"}}]}<\/script>\n<!-- \/ Yoast SEO plugin. -->","yoast_head_json":{"title":"\u00bfc\u00f3mo contar los a\u00f1os entre dos fechas?","robots":{"index":"index","follow":"follow","max-snippet":"max-snippet:-1","max-image-preview":"max-image-preview:large","max-video-preview":"max-video-preview:-1"},"canonical":"https:\/\/exceladvisor.org\/es\/contar-los-anos-entre-dos-fechas\/","og_locale":"es_ES","og_type":"article","og_title":"\u00bfc\u00f3mo contar los a\u00f1os entre dos fechas?","og_description":"En Excel, puede utilizar la funci\u00f3n DADOSI para contar el n\u00famero de a\u00f1os entre dos fechas. Y en este tutorial, aprenderemos c\u00f3mo obtener este recuento. A\u00f1os entre dos fechas En el siguiente ejemplo, tiene una fecha de inicio y una fecha de finalizaci\u00f3n. Ahora, en la celda C1, usaremos la funci\u00f3n DADOSI para obtener los [&hellip;]","og_url":"https:\/\/exceladvisor.org\/es\/contar-los-anos-entre-dos-fechas\/","og_site_name":"Excel Advisor","article_modified_time":"2023-12-25T10:24:42+00:00","og_image":[{"url":"https:\/\/exceladvisor.org\/wp-content\/uploads\/2023\/08\/1-ans-entre-deux-dates.png","type":"","width":"","height":""}],"twitter_card":"summary_large_image","twitter_misc":{"Tiempo de lectura":"1 minuto"},"schema":{"@context":"https:\/\/schema.org","@graph":[{"@type":"WebPage","@id":"https:\/\/exceladvisor.org\/es\/contar-los-anos-entre-dos-fechas\/","url":"https:\/\/exceladvisor.org\/es\/contar-los-anos-entre-dos-fechas\/","name":"\u00bfc\u00f3mo contar los a\u00f1os entre dos fechas?","isPartOf":{"@id":"https:\/\/exceladvisor.org\/es\/#website"},"primaryImageOfPage":{"@id":"https:\/\/exceladvisor.org\/es\/contar-los-anos-entre-dos-fechas\/#primaryimage"},"image":{"@id":"https:\/\/exceladvisor.org\/es\/contar-los-anos-entre-dos-fechas\/#primaryimage"},"thumbnailUrl":"https:\/\/exceladvisor.org\/wp-content\/uploads\/2023\/08\/1-ans-entre-deux-dates.png","datePublished":"2023-11-02T03:51:32+00:00","dateModified":"2023-12-25T10:24:42+00:00","breadcrumb":{"@id":"https:\/\/exceladvisor.org\/es\/contar-los-anos-entre-dos-fechas\/#breadcrumb"},"inLanguage":"es","potentialAction":[{"@type":"ReadAction","target":["https:\/\/exceladvisor.org\/es\/contar-los-anos-entre-dos-fechas\/"]}]},{"@type":"ImageObject","inLanguage":"es","@id":"https:\/\/exceladvisor.org\/es\/contar-los-anos-entre-dos-fechas\/#primaryimage","url":"https:\/\/exceladvisor.org\/wp-content\/uploads\/2023\/08\/1-ans-entre-deux-dates.png","contentUrl":"https:\/\/exceladvisor.org\/wp-content\/uploads\/2023\/08\/1-ans-entre-deux-dates.png"},{"@type":"BreadcrumbList","@id":"https:\/\/exceladvisor.org\/es\/contar-los-anos-entre-dos-fechas\/#breadcrumb","itemListElement":[{"@type":"ListItem","position":1,"name":"Hogar","item":"https:\/\/exceladvisor.org\/es\/"},{"@type":"ListItem","position":2,"name":"\u00bfc\u00f3mo contar los a\u00f1os entre dos fechas?"}]},{"@type":"WebSite","@id":"https:\/\/exceladvisor.org\/es\/#website","url":"https:\/\/exceladvisor.org\/es\/","name":"Excel Advisor","description":"Su gu\u00eda para la dominaci\u00f3n de datos!","publisher":{"@id":"https:\/\/exceladvisor.org\/es\/#organization"},"potentialAction":[{"@type":"SearchAction","target":{"@type":"EntryPoint","urlTemplate":"https:\/\/exceladvisor.org\/es\/?s={search_term_string}"},"query-input":{"@type":"PropertyValueSpecification","valueRequired":true,"valueName":"search_term_string"}}],"inLanguage":"es"},{"@type":"Organization","@id":"https:\/\/exceladvisor.org\/es\/#organization","name":"Excel Advisor","url":"https:\/\/exceladvisor.org\/es\/","logo":{"@type":"ImageObject","inLanguage":"es","@id":"https:\/\/exceladvisor.org\/es\/#\/schema\/logo\/image\/","url":"https:\/\/exceladvisor.org\/es\/wp-content\/uploads\/2023\/12\/exceladvisor.org_.png","contentUrl":"https:\/\/exceladvisor.org\/es\/wp-content\/uploads\/2023\/12\/exceladvisor.org_.png","width":105,"height":36,"caption":"Excel Advisor"},"image":{"@id":"https:\/\/exceladvisor.org\/es\/#\/schema\/logo\/image\/"}}]}},"yoast_meta":{"yoast_wpseo_title":"","yoast_wpseo_metadesc":"","yoast_wpseo_canonical":""},"_links":{"self":[{"href":"https:\/\/exceladvisor.org\/es\/wp-json\/wp\/v2\/pages\/347","targetHints":{"allow":["GET"]}}],"collection":[{"href":"https:\/\/exceladvisor.org\/es\/wp-json\/wp\/v2\/pages"}],"about":[{"href":"https:\/\/exceladvisor.org\/es\/wp-json\/wp\/v2\/types\/page"}],"author":[{"embeddable":true,"href":"https:\/\/exceladvisor.org\/es\/wp-json\/wp\/v2\/users\/1"}],"replies":[{"embeddable":true,"href":"https:\/\/exceladvisor.org\/es\/wp-json\/wp\/v2\/comments?post=347"}],"version-history":[{"count":1,"href":"https:\/\/exceladvisor.org\/es\/wp-json\/wp\/v2\/pages\/347\/revisions"}],"predecessor-version":[{"id":948,"href":"https:\/\/exceladvisor.org\/es\/wp-json\/wp\/v2\/pages\/347\/revisions\/948"}],"wp:attachment":[{"href":"https:\/\/exceladvisor.org\/es\/wp-json\/wp\/v2\/media?parent=347"}],"curies":[{"name":"wp","href":"https:\/\/api.w.org\/{rel}","templated":true}]}}