{"id":348,"date":"2023-11-02T03:40:46","date_gmt":"2023-11-02T03:40:46","guid":{"rendered":"https:\/\/exceladvisor.org\/es\/convertir-fecha-a-numero\/"},"modified":"2023-12-25T10:24:54","modified_gmt":"2023-12-25T10:24:54","slug":"convertir-fecha-a-numero","status":"publish","type":"page","link":"https:\/\/exceladvisor.org\/es\/convertir-fecha-a-numero\/","title":{"rendered":"\u00bfc\u00f3mo convertir una fecha a un n\u00famero en excel?"},"content":{"rendered":"<div class=\"excel-antes-del-contenido\" id=\"excel-394245499\"><script type=\"text\/javascript\">\r\n\tatOptions = {\r\n\t\t'key' : 'c1158f160081d6540a8409e6925dab94',\r\n\t\t'format' : 'iframe',\r\n\t\t'height' : 250,\r\n\t\t'width' : 300,\r\n\t\t'params' : {}\r\n\t};\r\n<\/script>\r\n<script type=\"text\/javascript\" src=\"\/\/www.highperformanceformat.com\/c1158f160081d6540a8409e6925dab94\/invoke.js\"><\/script><\/div><p>Excel almacena una fecha como un n\u00famero. Cada fecha tiene un valor de n\u00famero de serie que es \u00fanico. Si ve en el siguiente ejemplo, tiene una fecha en la celda A1 \u00ab1 de enero de 2022\u00bb. <\/p>\n<div class=\"wp-block-image\">\n<figure class=\"aligncenter size-full is-resized\"><img loading=\"lazy\" decoding=\"async\" class=\"wp-image-64897\" src=\"https:\/\/exceladvisor.org\/wp-content\/uploads\/2023\/08\/1-date-dans-la-barre-de-formule-2.png\" sizes=\"auto, \" srcset=\"\" alt=\"fecha en la barra de f\u00f3rmulas\" width=\"355\" height=\"222\"><\/figure>\n<\/div>\n<p> Pero si miras la barra de f\u00f3rmulas, muestra la fecha, no el n\u00famero de serie. Entonces, en este tutorial, aprender\u00e1 c\u00f3mo convertir la fecha en un n\u00famero de serie. <\/p>\n<div class=\"gb-container gb-container-52dfcee1 gb-container-sample-file\">\n<h2 class=\"gb-headline gb-headline-e289c143 gb-headline-text gb-headline-4f7959c2\"> Obtener el archivo Excel<\/h2>\n<p> <a class=\"gb-button gb-button-e88d6bee gb-button-text gb-button-button1\" href=\"https:\/\/exceladvisor.org\/wp-content\/uploads\/2023\/11\/convertir-la-date-en-nombre-2.xlsx\" rel=\"nofollow\">Descargar<\/a><\/div>\n<h2 class=\"wp-block-heading\"> Convertir fecha a n\u00famero<\/h2>\n<p> Como dije al principio, Excel almacena las fechas como n\u00fameros de serie y puedes convertir una fecha en un n\u00famero de serie simplemente cambiando su formato. <\/p>\n<div class=\"wp-block-image\">\n<figure class=\"aligncenter size-full is-resized\"><img loading=\"lazy\" decoding=\"async\" class=\"wp-image-64898\" src=\"https:\/\/exceladvisor.org\/wp-content\/uploads\/2023\/08\/2-convertir-la-date-en-nombre-2.png\" sizes=\"auto, \" srcset=\"\" alt=\"convertir fecha en n\u00famero\" width=\"595\" height=\"473\"><\/figure>\n<\/div>\n<ol>\n<li> Primero, seleccione la celda donde desea convertir la fecha en n\u00famero.<\/li>\n<li> A continuaci\u00f3n, abra el formato personalizado usando el <a href=\"https:\/\/exceladvisor.org\/es\/opciones-de-celda-de-formato-abierto\/\">m\u00e9todo abreviado de teclado Ctrl + 1<\/a> .<\/li>\n<li> Ahora, en las opciones de categor\u00eda, seleccione el formato de n\u00famero.<\/li>\n<li> Finalmente, especifique los decimales como cero y haga clic en Aceptar.<\/li>\n<\/ol>\n<p> Una vez que cambie el formato, obtendr\u00e1 el n\u00famero de la siguiente manera, donde tendr\u00e1 el n\u00famero en lugar de la fecha. <\/p>\n<div class=\"wp-block-image\">\n<figure class=\"aligncenter size-full is-resized\"><img loading=\"lazy\" decoding=\"async\" class=\"wp-image-64899\" src=\"https:\/\/exceladvisor.org\/wp-content\/uploads\/2023\/08\/3-date-comme-numero-2.png\" sizes=\"auto, \" srcset=\"\" alt=\"fecha como n\u00famero\" width=\"381\" height=\"237\"><\/figure>\n<\/div>\n<h2 class=\"wp-block-heading\"> Convertir fecha de texto a n\u00famero<\/h2>\n<p> Puede suceder que tengas una fecha en una celda que est\u00e1 almacenada como texto y ahora quieras convertirla a un n\u00famero. En este caso, debe utilizar DATEVALUE que convierte una fecha en una serie de fechas. <\/p>\n<div class=\"wp-block-image\">\n<figure class=\"aligncenter size-full is-resized\"><img loading=\"lazy\" decoding=\"async\" class=\"wp-image-64900\" src=\"https:\/\/exceladvisor.org\/wp-content\/uploads\/2023\/08\/4-texter-la-date-dans-le-numero-2.png\" sizes=\"auto, \" srcset=\"\" alt=\"fecha-texto-como-n\u00famero\" width=\"402\" height=\"264\"><\/figure>\n<\/div>\n<ol type=\"1\">\n<li> Ingrese \u201c=FECHAVALUE\u201d en una celda.<\/li>\n<li> Luego ingrese los par\u00e9ntesis iniciales.<\/li>\n<li> Consulta la celda donde tienes la fecha.<\/li>\n<li> Ahora ingrese los par\u00e9ntesis de cierre y presione Enter. <\/li>\n<\/ol>\n<div class=\"gb-container gb-container-d3fcd064 gb-container-sample-file\">\n<h2 class=\"gb-headline gb-headline-025a630b gb-headline-text gb-headline-4f7959c2\"> Obtener el archivo Excel<\/h2>\n<p> <a class=\"gb-button gb-button-be33d2c2 gb-button-text gb-button-button1\" href=\"https:\/\/exceladvisor.org\/wp-content\/uploads\/2023\/11\/convertir-la-date-en-nombre-2.xlsx\" rel=\"nofollow\">Descargar<\/a><\/div>\n<div class=\"gb-container gb-container-0df56012 gb-container-mt\"> <a class=\"gb-button gb-button-f9f432f4 gb-button-text gb-button-mt-button\" href=\"https:\/\/exceladvisor.org\/es\/formulas\/\">Lista de f\u00f3rmulas de Excel<\/a><\/p>\n<h2 class=\"gb-headline gb-headline-233444e8 gb-headline-text gb-headline-mt-heading\"> F\u00f3rmulas relacionadas <\/h2>\n<div class=\"gb-grid-wrapper gb-grid-wrapper-a16fa65c gb-grid-wrapper-mt-grid\">\n<div class=\"gb-grid-column gb-grid-column-50d07e0d\">\n<div class=\"gb-container gb-container-50d07e0d\">\n<ul>\n<li> <a href=\"https:\/\/exceladvisor.org\/es\/comparar-dos-fechas\/\">Comparar dos fechas en Excel<\/a><\/li>\n<li> <a href=\"https:\/\/exceladvisor.org\/es\/texto-hasta-la-fecha\/\">Convertir texto a fecha en Excel<\/a><\/li>\n<li> <a href=\"https:\/\/exceladvisor.org\/es\/rango-de-fechas\/\">Crear un rango de fechas en Excel<\/a><\/li>\n<li> <a href=\"https:\/\/exceladvisor.org\/es\/formatos-de-fecha-personalizados\/\">Formatos de fecha personalizados en Excel<\/a><\/li>\n<li> <a href=\"https:\/\/exceladvisor.org\/es\/fecha-si\/\">Funci\u00f3n FECHASI en Excel<\/a> <\/li>\n<\/ul>\n<\/div>\n<\/div>\n<div class=\"gb-grid-column gb-grid-column-5b4a0cf9\">\n<div class=\"gb-container gb-container-5b4a0cf9\"><\/div>\n<\/div>\n<\/div>\n<\/div>\n","protected":false},"excerpt":{"rendered":"<p>Excel almacena una fecha como un n\u00famero. Cada fecha tiene un valor de n\u00famero de serie que es \u00fanico. Si ve en el siguiente ejemplo, tiene una fecha en la celda A1 \u00ab1 de enero de 2022\u00bb. Pero si miras la barra de f\u00f3rmulas, muestra la fecha, no el n\u00famero de serie. Entonces, en este [&hellip;]<\/p>\n","protected":false},"author":1,"featured_media":0,"parent":0,"menu_order":0,"comment_status":"open","ping_status":"closed","template":"","meta":{"ub_ctt_via":"","footnotes":""},"class_list":["post-348","page","type-page","status-publish","hentry"],"featured_image_src":null,"yoast_head":"<!-- This site is optimized with the Yoast SEO plugin v25.4 - https:\/\/yoast.com\/wordpress\/plugins\/seo\/ -->\n<title>\u00bfc\u00f3mo convertir una fecha a un n\u00famero en excel?<\/title>\n<meta name=\"robots\" content=\"index, follow, max-snippet:-1, max-image-preview:large, max-video-preview:-1\" \/>\n<link rel=\"canonical\" href=\"https:\/\/exceladvisor.org\/es\/convertir-fecha-a-numero\/\" \/>\n<meta property=\"og:locale\" content=\"es_ES\" \/>\n<meta property=\"og:type\" content=\"article\" \/>\n<meta property=\"og:title\" content=\"\u00bfc\u00f3mo convertir una fecha a un n\u00famero en excel?\" \/>\n<meta property=\"og:description\" content=\"Excel almacena una fecha como un n\u00famero. Cada fecha tiene un valor de n\u00famero de serie que es \u00fanico. Si ve en el siguiente ejemplo, tiene una fecha en la celda A1 \u00ab1 de enero de 2022\u00bb. Pero si miras la barra de f\u00f3rmulas, muestra la fecha, no el n\u00famero de serie. Entonces, en este [&hellip;]\" \/>\n<meta property=\"og:url\" content=\"https:\/\/exceladvisor.org\/es\/convertir-fecha-a-numero\/\" \/>\n<meta property=\"og:site_name\" content=\"Excel Advisor\" \/>\n<meta property=\"article:modified_time\" content=\"2023-12-25T10:24:54+00:00\" \/>\n<meta property=\"og:image\" content=\"https:\/\/exceladvisor.org\/wp-content\/uploads\/2023\/08\/1-date-dans-la-barre-de-formule-2.png\" \/>\n<meta name=\"twitter:card\" content=\"summary_large_image\" \/>\n<meta name=\"twitter:label1\" content=\"Tiempo de lectura\" \/>\n\t<meta name=\"twitter:data1\" content=\"1 minuto\" \/>\n<script type=\"application\/ld+json\" class=\"yoast-schema-graph\">{\"@context\":\"https:\/\/schema.org\",\"@graph\":[{\"@type\":\"WebPage\",\"@id\":\"https:\/\/exceladvisor.org\/es\/convertir-fecha-a-numero\/\",\"url\":\"https:\/\/exceladvisor.org\/es\/convertir-fecha-a-numero\/\",\"name\":\"\u00bfc\u00f3mo convertir una fecha a un n\u00famero en excel?\",\"isPartOf\":{\"@id\":\"https:\/\/exceladvisor.org\/es\/#website\"},\"primaryImageOfPage\":{\"@id\":\"https:\/\/exceladvisor.org\/es\/convertir-fecha-a-numero\/#primaryimage\"},\"image\":{\"@id\":\"https:\/\/exceladvisor.org\/es\/convertir-fecha-a-numero\/#primaryimage\"},\"thumbnailUrl\":\"https:\/\/exceladvisor.org\/wp-content\/uploads\/2023\/08\/1-date-dans-la-barre-de-formule-2.png\",\"datePublished\":\"2023-11-02T03:40:46+00:00\",\"dateModified\":\"2023-12-25T10:24:54+00:00\",\"breadcrumb\":{\"@id\":\"https:\/\/exceladvisor.org\/es\/convertir-fecha-a-numero\/#breadcrumb\"},\"inLanguage\":\"es\",\"potentialAction\":[{\"@type\":\"ReadAction\",\"target\":[\"https:\/\/exceladvisor.org\/es\/convertir-fecha-a-numero\/\"]}]},{\"@type\":\"ImageObject\",\"inLanguage\":\"es\",\"@id\":\"https:\/\/exceladvisor.org\/es\/convertir-fecha-a-numero\/#primaryimage\",\"url\":\"https:\/\/exceladvisor.org\/wp-content\/uploads\/2023\/08\/1-date-dans-la-barre-de-formule-2.png\",\"contentUrl\":\"https:\/\/exceladvisor.org\/wp-content\/uploads\/2023\/08\/1-date-dans-la-barre-de-formule-2.png\"},{\"@type\":\"BreadcrumbList\",\"@id\":\"https:\/\/exceladvisor.org\/es\/convertir-fecha-a-numero\/#breadcrumb\",\"itemListElement\":[{\"@type\":\"ListItem\",\"position\":1,\"name\":\"Hogar\",\"item\":\"https:\/\/exceladvisor.org\/es\/\"},{\"@type\":\"ListItem\",\"position\":2,\"name\":\"\u00bfc\u00f3mo convertir una fecha a un n\u00famero en excel?\"}]},{\"@type\":\"WebSite\",\"@id\":\"https:\/\/exceladvisor.org\/es\/#website\",\"url\":\"https:\/\/exceladvisor.org\/es\/\",\"name\":\"Excel Advisor\",\"description\":\"Su gu\u00eda para la dominaci\u00f3n de datos!\",\"publisher\":{\"@id\":\"https:\/\/exceladvisor.org\/es\/#organization\"},\"potentialAction\":[{\"@type\":\"SearchAction\",\"target\":{\"@type\":\"EntryPoint\",\"urlTemplate\":\"https:\/\/exceladvisor.org\/es\/?s={search_term_string}\"},\"query-input\":{\"@type\":\"PropertyValueSpecification\",\"valueRequired\":true,\"valueName\":\"search_term_string\"}}],\"inLanguage\":\"es\"},{\"@type\":\"Organization\",\"@id\":\"https:\/\/exceladvisor.org\/es\/#organization\",\"name\":\"Excel Advisor\",\"url\":\"https:\/\/exceladvisor.org\/es\/\",\"logo\":{\"@type\":\"ImageObject\",\"inLanguage\":\"es\",\"@id\":\"https:\/\/exceladvisor.org\/es\/#\/schema\/logo\/image\/\",\"url\":\"https:\/\/exceladvisor.org\/es\/wp-content\/uploads\/2023\/12\/exceladvisor.org_.png\",\"contentUrl\":\"https:\/\/exceladvisor.org\/es\/wp-content\/uploads\/2023\/12\/exceladvisor.org_.png\",\"width\":105,\"height\":36,\"caption\":\"Excel Advisor\"},\"image\":{\"@id\":\"https:\/\/exceladvisor.org\/es\/#\/schema\/logo\/image\/\"}}]}<\/script>\n<!-- \/ Yoast SEO plugin. -->","yoast_head_json":{"title":"\u00bfc\u00f3mo convertir una fecha a un n\u00famero en excel?","robots":{"index":"index","follow":"follow","max-snippet":"max-snippet:-1","max-image-preview":"max-image-preview:large","max-video-preview":"max-video-preview:-1"},"canonical":"https:\/\/exceladvisor.org\/es\/convertir-fecha-a-numero\/","og_locale":"es_ES","og_type":"article","og_title":"\u00bfc\u00f3mo convertir una fecha a un n\u00famero en excel?","og_description":"Excel almacena una fecha como un n\u00famero. Cada fecha tiene un valor de n\u00famero de serie que es \u00fanico. Si ve en el siguiente ejemplo, tiene una fecha en la celda A1 \u00ab1 de enero de 2022\u00bb. Pero si miras la barra de f\u00f3rmulas, muestra la fecha, no el n\u00famero de serie. Entonces, en este [&hellip;]","og_url":"https:\/\/exceladvisor.org\/es\/convertir-fecha-a-numero\/","og_site_name":"Excel Advisor","article_modified_time":"2023-12-25T10:24:54+00:00","og_image":[{"url":"https:\/\/exceladvisor.org\/wp-content\/uploads\/2023\/08\/1-date-dans-la-barre-de-formule-2.png","type":"","width":"","height":""}],"twitter_card":"summary_large_image","twitter_misc":{"Tiempo de lectura":"1 minuto"},"schema":{"@context":"https:\/\/schema.org","@graph":[{"@type":"WebPage","@id":"https:\/\/exceladvisor.org\/es\/convertir-fecha-a-numero\/","url":"https:\/\/exceladvisor.org\/es\/convertir-fecha-a-numero\/","name":"\u00bfc\u00f3mo convertir una fecha a un n\u00famero en excel?","isPartOf":{"@id":"https:\/\/exceladvisor.org\/es\/#website"},"primaryImageOfPage":{"@id":"https:\/\/exceladvisor.org\/es\/convertir-fecha-a-numero\/#primaryimage"},"image":{"@id":"https:\/\/exceladvisor.org\/es\/convertir-fecha-a-numero\/#primaryimage"},"thumbnailUrl":"https:\/\/exceladvisor.org\/wp-content\/uploads\/2023\/08\/1-date-dans-la-barre-de-formule-2.png","datePublished":"2023-11-02T03:40:46+00:00","dateModified":"2023-12-25T10:24:54+00:00","breadcrumb":{"@id":"https:\/\/exceladvisor.org\/es\/convertir-fecha-a-numero\/#breadcrumb"},"inLanguage":"es","potentialAction":[{"@type":"ReadAction","target":["https:\/\/exceladvisor.org\/es\/convertir-fecha-a-numero\/"]}]},{"@type":"ImageObject","inLanguage":"es","@id":"https:\/\/exceladvisor.org\/es\/convertir-fecha-a-numero\/#primaryimage","url":"https:\/\/exceladvisor.org\/wp-content\/uploads\/2023\/08\/1-date-dans-la-barre-de-formule-2.png","contentUrl":"https:\/\/exceladvisor.org\/wp-content\/uploads\/2023\/08\/1-date-dans-la-barre-de-formule-2.png"},{"@type":"BreadcrumbList","@id":"https:\/\/exceladvisor.org\/es\/convertir-fecha-a-numero\/#breadcrumb","itemListElement":[{"@type":"ListItem","position":1,"name":"Hogar","item":"https:\/\/exceladvisor.org\/es\/"},{"@type":"ListItem","position":2,"name":"\u00bfc\u00f3mo convertir una fecha a un n\u00famero en excel?"}]},{"@type":"WebSite","@id":"https:\/\/exceladvisor.org\/es\/#website","url":"https:\/\/exceladvisor.org\/es\/","name":"Excel Advisor","description":"Su gu\u00eda para la dominaci\u00f3n de datos!","publisher":{"@id":"https:\/\/exceladvisor.org\/es\/#organization"},"potentialAction":[{"@type":"SearchAction","target":{"@type":"EntryPoint","urlTemplate":"https:\/\/exceladvisor.org\/es\/?s={search_term_string}"},"query-input":{"@type":"PropertyValueSpecification","valueRequired":true,"valueName":"search_term_string"}}],"inLanguage":"es"},{"@type":"Organization","@id":"https:\/\/exceladvisor.org\/es\/#organization","name":"Excel Advisor","url":"https:\/\/exceladvisor.org\/es\/","logo":{"@type":"ImageObject","inLanguage":"es","@id":"https:\/\/exceladvisor.org\/es\/#\/schema\/logo\/image\/","url":"https:\/\/exceladvisor.org\/es\/wp-content\/uploads\/2023\/12\/exceladvisor.org_.png","contentUrl":"https:\/\/exceladvisor.org\/es\/wp-content\/uploads\/2023\/12\/exceladvisor.org_.png","width":105,"height":36,"caption":"Excel Advisor"},"image":{"@id":"https:\/\/exceladvisor.org\/es\/#\/schema\/logo\/image\/"}}]}},"yoast_meta":{"yoast_wpseo_title":"","yoast_wpseo_metadesc":"","yoast_wpseo_canonical":""},"_links":{"self":[{"href":"https:\/\/exceladvisor.org\/es\/wp-json\/wp\/v2\/pages\/348","targetHints":{"allow":["GET"]}}],"collection":[{"href":"https:\/\/exceladvisor.org\/es\/wp-json\/wp\/v2\/pages"}],"about":[{"href":"https:\/\/exceladvisor.org\/es\/wp-json\/wp\/v2\/types\/page"}],"author":[{"embeddable":true,"href":"https:\/\/exceladvisor.org\/es\/wp-json\/wp\/v2\/users\/1"}],"replies":[{"embeddable":true,"href":"https:\/\/exceladvisor.org\/es\/wp-json\/wp\/v2\/comments?post=348"}],"version-history":[{"count":1,"href":"https:\/\/exceladvisor.org\/es\/wp-json\/wp\/v2\/pages\/348\/revisions"}],"predecessor-version":[{"id":975,"href":"https:\/\/exceladvisor.org\/es\/wp-json\/wp\/v2\/pages\/348\/revisions\/975"}],"wp:attachment":[{"href":"https:\/\/exceladvisor.org\/es\/wp-json\/wp\/v2\/media?parent=348"}],"curies":[{"name":"wp","href":"https:\/\/api.w.org\/{rel}","templated":true}]}}