{"id":349,"date":"2023-11-02T02:49:26","date_gmt":"2023-11-02T02:49:26","guid":{"rendered":"https:\/\/exceladvisor.org\/es\/dividir-texto-usando-un-espacio\/"},"modified":"2023-12-25T10:32:54","modified_gmt":"2023-12-25T10:32:54","slug":"dividir-texto-usando-un-espacio","status":"publish","type":"page","link":"https:\/\/exceladvisor.org\/es\/dividir-texto-usando-un-espacio\/","title":{"rendered":"Dividir texto usando un espacio entre"},"content":{"rendered":"<div class=\"excel-antes-del-contenido\" id=\"excel-561566505\"><script type=\"text\/javascript\">\r\n\tatOptions = {\r\n\t\t'key' : 'c1158f160081d6540a8409e6925dab94',\r\n\t\t'format' : 'iframe',\r\n\t\t'height' : 250,\r\n\t\t'width' : 300,\r\n\t\t'params' : {}\r\n\t};\r\n<\/script>\r\n<script type=\"text\/javascript\" src=\"\/\/www.highperformanceformat.com\/c1158f160081d6540a8409e6925dab94\/invoke.js\"><\/script><\/div><p>Hay dos formas r\u00e1pidas de separar un valor de texto de una celda utilizando el espacio entre palabras. La primera es usar TEXTO a COLUMNA, y la segunda es usar una f\u00f3rmula usando la funci\u00f3n TEXTSPLIT. En este tutorial, aprenderemos ambos m\u00e9todos en detalle.<\/p>\n<h2 id=\"h-formula-to-split-cells-text-using-the-space\" class=\"wp-block-heading\"> F\u00f3rmula para dividir el texto de una celda usando el espacio<\/h2>\n<p> Debes seguir los pasos a continuaci\u00f3n:<\/p>\n<ol type=\"1\">\n<li> Primero ingrese la funci\u00f3n TEXTSPLIT en una celda.<\/li>\n<li> Despu\u00e9s de eso, en el primer argumento, consulte la celda donde tiene el valor.<\/li>\n<li> En el segundo argumento, especifique un espacio utilizando comillas dobles.<\/li>\n<li> Al final, ingrese los par\u00e9ntesis de cierre y presione Entrar para obtener el resultado en varias celdas horizontalmente. <\/li>\n<\/ol>\n<div class=\"wp-block-image\">\n<figure class=\"aligncenter size-full is-resized\"><img loading=\"lazy\" decoding=\"async\" class=\"wp-image-82589\" src=\"https:\/\/exceladvisor.org\/wp-content\/uploads\/2023\/08\/1-fractionner-le-texte-en-utilisant-un-espace-entre.png\" sizes=\"auto, \" srcset=\"\" alt=\"dividir-texto-usando-espacio-entre\" width=\"519\" height=\"196\"><\/figure>\n<\/div>\n<pre class=\"wp-block-code\"> <code class=\"language-excel-formula\" lang=\"excel-formula\">=TEXTSPLIT(A1,\" \")<\/code><\/pre>\n<p> En el momento en que presiona Enter, divide el valor en dos celdas, como se muestra a continuaci\u00f3n: <\/p>\n<div class=\"wp-block-image\">\n<figure class=\"aligncenter size-full is-resized\"><img loading=\"lazy\" decoding=\"async\" class=\"wp-image-82590\" src=\"https:\/\/exceladvisor.org\/wp-content\/uploads\/2023\/08\/2-textsplit-pour-diviser-les-valeurs.png\" sizes=\"auto, \" srcset=\"\" alt=\"divisi\u00f3n de texto para dividir valores\" width=\"577\" height=\"182\"><\/figure>\n<\/div>\n<p> Esto funcionar\u00e1 si tiene un valor de texto que contenga las tres palabras. <\/p>\n<div class=\"wp-block-image\">\n<figure class=\"aligncenter size-full is-resized\"><img loading=\"lazy\" decoding=\"async\" class=\"wp-image-82591\" src=\"https:\/\/exceladvisor.org\/wp-content\/uploads\/2023\/08\/3-valeur-de-texte-avec-trois-mots.png\" sizes=\"auto, \" srcset=\"\" alt=\"valor-de-texto-con-tres-palabras\" width=\"761\" height=\"118\"><\/figure>\n<\/div>\n<p> Y si desea dividir los valores en filas en lugar de en varias columnas, debe especificar un espacio en el argumento [row_delimer]. <\/p>\n<div class=\"wp-block-image\">\n<figure class=\"aligncenter size-full is-resized\"><img loading=\"lazy\" decoding=\"async\" class=\"wp-image-82593\" src=\"https:\/\/exceladvisor.org\/wp-content\/uploads\/2023\/08\/4-valeurs-fractionnees-en-lignes.png\" sizes=\"auto, \" srcset=\"\" alt=\"dividir valores en filas\" width=\"455\" height=\"261\"><\/figure>\n<\/div>\n<pre class=\"wp-block-code\"> <code class=\"language-excel-formula\" lang=\"excel-formula\">=TEXTSPLIT(A1,,\" \")<\/code><\/pre>\n<p class=\"qt-tip\"> TEXTSPLIT solo est\u00e1 disponible con OFFICE 365.<\/p>\n<h2 id=\"h-split-cell-value-with-text-to-column-using-a-space\" class=\"wp-block-heading\"> Divida el valor de la celda con texto en una columna usando el espacio<\/h2>\n<p> La mejor manera de hacerlo es utilizar la opci\u00f3n TEXTO a COLUMNA. Con esta opci\u00f3n puedes dividir una sola celda o hacerlo para toda la columna.<\/p>\n<ol>\n<li> Selecciona la celda con los valores que deseas analizar (dividir). <br \/><img loading=\"lazy\" decoding=\"async\" title=\"-dividir-valor-de-celda-con-texto-en-columna\" src=\"https:\/\/exceladvisor.org\/wp-content\/uploads\/2023\/08\/5-valeurs-de-cellule-fractionnees-avec-du-texte-dans-la-colonne.png\" sizes=\"auto, \" srcset=\"\" alt=\"split-cell-value-with-text-to-column\" width=\"328\" height=\"279\"><\/li>\n<li> Luego vaya a Datos \u2192 Herramientas de datos \u2192 Texto a columna. Haz click en eso. <br \/><img loading=\"lazy\" decoding=\"async\" title=\"-ir-a-texto-a-columna\" src=\"https:\/\/exceladvisor.org\/wp-content\/uploads\/2023\/08\/6-aller-du-texte-a-la-colonne.png\" sizes=\"auto, \" srcset=\"\" alt=\"go-to-text-to-column\" width=\"561\" height=\"147\"><\/li>\n<li> Ahora, seleccionando \u201cDelimitado\u201d, haz clic en el bot\u00f3n \u201cSiguiente\u201d. <br \/><img loading=\"lazy\" decoding=\"async\" title=\"-seleccionar-delimitado\" src=\"https:\/\/exceladvisor.org\/wp-content\/uploads\/2023\/08\/7-selectionner-delimite.png\" sizes=\"auto, \" srcset=\"\" alt=\"select-delimited\" width=\"554\" height=\"437\"><\/li>\n<li> A continuaci\u00f3n, marque la casilla \u00abEspacio\u00bb de los delimitadores y haga clic en el bot\u00f3n \u00abSiguiente\u00bb. <br \/><img loading=\"lazy\" decoding=\"async\" title=\"-seleccionar-espacio-como-delimitador\" src=\"https:\/\/exceladvisor.org\/wp-content\/uploads\/2023\/08\/8-selectionnez-lespace-comme-delimiteur.png\" sizes=\"auto, \" srcset=\"\" alt=\"select-space-as-delimiter\" width=\"514\" height=\"428\"><\/li>\n<li> Al final, haga clic en el bot\u00f3n Finalizar para dividir el texto. <br \/><img loading=\"lazy\" decoding=\"async\" title=\"-haga clic en finalizar para dividir el texto\" src=\"https:\/\/exceladvisor.org\/wp-content\/uploads\/2023\/08\/9-cliquez-sur-terminer-pour-diviser-le-texte.png\" sizes=\"auto, \" srcset=\"\" alt=\"click-finish-to-split-text\" width=\"519\" height=\"379\"><\/li>\n<li> En el momento en que hagas clic en \u00abFinalizar\u00bb, dividir\u00e1 los valores de una sola celda en varias celdas seg\u00fan las palabras que tengas all\u00ed. <br \/><img loading=\"lazy\" decoding=\"async\" title=\"0-dividir-valores-en-m\u00faltiples-celdas\" src=\"https:\/\/exceladvisor.org\/wp-content\/uploads\/2023\/08\/10-valeurs-fractionnees-en-plusieurs-cellules.png\" sizes=\"auto, \" srcset=\"\" alt=\"split-values-into-multiple-cells\" width=\"543\" height=\"136\"><\/li>\n<\/ol>\n<h2 id=\"h-split-a-text-using-spaces-with-find-left-mid-and-right\" class=\"wp-block-heading\"> Divida el texto usando espacios con FIND, LEFT, MID y RIGHT<\/h2>\n<p> Si tiene una cantidad espec\u00edfica de palabras en una celda y necesita dividirlas usando un espacio, puede crear la f\u00f3rmula para eso. Para ello, debes escribir tres f\u00f3rmulas diferentes: <\/p>\n<div class=\"wp-block-image\">\n<figure class=\"aligncenter size-full is-resized\"><img loading=\"lazy\" decoding=\"async\" class=\"wp-image-82600\" src=\"https:\/\/exceladvisor.org\/wp-content\/uploads\/2023\/08\/11-diviser-le-texte-en-utilisant-des-espaces.png\" sizes=\"auto, \" srcset=\"\" alt=\"dividir-texto-usando-espacios\" width=\"399\" height=\"243\"><\/figure>\n<\/div>\n<h3 id=\"h-formula-1-to-get-the-first-word\" class=\"wp-block-heading\"> F\u00f3rmula 1: Para tener la primera palabra: <\/h3>\n<pre class=\"wp-block-code\"> <code class=\"language-excel-formula\" lang=\"excel-formula\">=LEFT(A1, SEARCH(\" \", A1))<\/code><\/pre>\n<div class=\"wp-block-image\">\n<figure class=\"aligncenter size-full is-resized\"><img loading=\"lazy\" decoding=\"async\" class=\"wp-image-82601\" src=\"https:\/\/exceladvisor.org\/wp-content\/uploads\/2023\/08\/12-a-gauche-pour-obtenir-le-premier-mot.png\" sizes=\"auto, \" srcset=\"\" alt=\"queda para obtener la primera palabra\" width=\"477\" height=\"240\"><\/figure>\n<\/div>\n<p> Esta es la primera f\u00f3rmula que debes ingresar en una celda para obtener la primera palabra del valor. Luego usa IZQUIERDA para obtener el texto y BUSCAR para ubicar el primer espacio.<\/p>\n<h3 id=\"h-formula-2-to-get-the-middle-word\" class=\"wp-block-heading\"> F\u00f3rmula 2: Para conseguir la palabra del medio<\/h3>\n<p> Despu\u00e9s de eso, debes usar la siguiente f\u00f3rmula para obtener la palabra del medio. <\/p>\n<div class=\"wp-block-image\">\n<figure class=\"aligncenter size-full is-resized\"><img loading=\"lazy\" decoding=\"async\" class=\"wp-image-82602\" src=\"https:\/\/exceladvisor.org\/wp-content\/uploads\/2023\/08\/13-mi-pour-obtenir-le-mot-du-milieu.png\" sizes=\"auto, \" srcset=\"\" alt=\"medio-para-obtener-la-palabra-del-medio\" width=\"757\" height=\"180\"><\/figure>\n<\/div>\n<p> En esta f\u00f3rmula, usamos MID y SEARCH para ubicar el primer espacio. Y luego calcula el n\u00famero de caracteres de la palabra.<\/p>\n<h3 id=\"h-formula-3-to-get-the-last-word\" class=\"wp-block-heading\"> F\u00f3rmula 3: Para tener la \u00faltima palabra<\/h3>\n<p> Finalmente, use la siguiente f\u00f3rmula para obtener la \u00faltima palabra de la celda. <\/p>\n<div class=\"wp-block-image\">\n<figure class=\"aligncenter size-full is-resized\"><img loading=\"lazy\" decoding=\"async\" class=\"wp-image-82603\" src=\"https:\/\/exceladvisor.org\/wp-content\/uploads\/2023\/08\/14-droit-davoir-le-dernier-mot.png\" sizes=\"auto, \" srcset=\"\" alt=\"derecho a tener la \u00faltima palabra\" width=\"689\" height=\"215\"><\/figure>\n<\/div>\n<pre class=\"wp-block-code\"> <code class=\"language-excel-formula\" lang=\"excel-formula\">=RIGHT(A1, LEN(A1)-SEARCH(\" \", A1,SEARCH(\" \",A1)+1))<\/code><\/pre>\n<p> Esta f\u00f3rmula usa BUSCAR dos veces para obtener el segundo espacio en la celda, luego usa DERECHA para obtener la palabra en el lado derecho de la celda, que es la \u00faltima palabra. <\/p>\n<div class=\"gb-container gb-container-52dfcee1 gb-container-sample-file\">\n<h2 class=\"gb-headline gb-headline-e289c143 gb-headline-text gb-headline-4f7959c2\"> Obtener el archivo Excel<\/h2>\n<p> <a class=\"gb-button gb-button-e88d6bee gb-button-text gb-button-button1\" href=\"https:\/\/exceladvisor.org\/wp-content\/uploads\/2023\/11\/divise-par-espace-2.xlsx\" rel=\"nofollow\">Descargar<\/a><\/p>\n<\/div>\n<div class=\"gb-container gb-container-4db6181c gb-container-mt\"> <a class=\"gb-button gb-button-c5897111 gb-button-text gb-button-mt-button\" href=\"https:\/\/exceladvisor.org\/es\/vba\/\">\u00bfQu\u00e9 es VBA?<\/a><\/p>\n<h2 class=\"gb-headline gb-headline-665e5f6b gb-headline-text gb-headline-mt-heading\"> Tutoriales relacionados <\/h2>\n<div class=\"gb-grid-wrapper gb-grid-wrapper-a20baf7c gb-grid-wrapper-mt-grid\">\n<div class=\"gb-grid-column gb-grid-column-65ddf67e\">\n<div class=\"gb-container gb-container-65ddf67e\">\n<ul>\n<li> Eliminar el primer car\u00e1cter de una celda en Excel<\/li>\n<li> <a href=\"https:\/\/exceladvisor.org\/es\/eliminar-espacios-adicionales\/\">Eliminar espacios adicionales en Excel<\/a><\/li>\n<li> <a href=\"https:\/\/exceladvisor.org\/es\/obtener-la-primera-ultima-palabra\/\">Separar nombres en Excel \u2013 (Nombre y apellido)<\/a><\/li>\n<li> <a href=\"https:\/\/exceladvisor.org\/es\/extraer-la-ultima-palabra-2\/\">Extraer la \u00faltima palabra de una celda.<\/a><\/li>\n<li> <a href=\"https:\/\/exceladvisor.org\/es\/eliminar-salto-de-linea-2\/\">Eliminar salto de l\u00ednea de una celda<\/a><\/li>\n<\/ul>\n<\/div>\n<\/div>\n<\/div>\n<\/div>\n","protected":false},"excerpt":{"rendered":"<p>Hay dos formas r\u00e1pidas de separar un valor de texto de una celda utilizando el espacio entre palabras. La primera es usar TEXTO a COLUMNA, y la segunda es usar una f\u00f3rmula usando la funci\u00f3n TEXTSPLIT. En este tutorial, aprenderemos ambos m\u00e9todos en detalle. F\u00f3rmula para dividir el texto de una celda usando el espacio [&hellip;]<\/p>\n","protected":false},"author":1,"featured_media":0,"parent":0,"menu_order":0,"comment_status":"open","ping_status":"closed","template":"","meta":{"ub_ctt_via":"","footnotes":""},"class_list":["post-349","page","type-page","status-publish","hentry"],"featured_image_src":null,"yoast_head":"<!-- This site is optimized with the Yoast SEO plugin v25.4 - https:\/\/yoast.com\/wordpress\/plugins\/seo\/ -->\n<title>Dividir texto usando un espacio entre<\/title>\n<meta name=\"robots\" content=\"index, follow, max-snippet:-1, max-image-preview:large, max-video-preview:-1\" \/>\n<link rel=\"canonical\" href=\"https:\/\/exceladvisor.org\/es\/dividir-texto-usando-un-espacio\/\" \/>\n<meta property=\"og:locale\" content=\"es_ES\" \/>\n<meta property=\"og:type\" content=\"article\" \/>\n<meta property=\"og:title\" content=\"Dividir texto usando un espacio entre\" \/>\n<meta property=\"og:description\" content=\"Hay dos formas r\u00e1pidas de separar un valor de texto de una celda utilizando el espacio entre palabras. La primera es usar TEXTO a COLUMNA, y la segunda es usar una f\u00f3rmula usando la funci\u00f3n TEXTSPLIT. En este tutorial, aprenderemos ambos m\u00e9todos en detalle. F\u00f3rmula para dividir el texto de una celda usando el espacio [&hellip;]\" \/>\n<meta property=\"og:url\" content=\"https:\/\/exceladvisor.org\/es\/dividir-texto-usando-un-espacio\/\" \/>\n<meta property=\"og:site_name\" content=\"Excel Advisor\" \/>\n<meta property=\"article:modified_time\" content=\"2023-12-25T10:32:54+00:00\" \/>\n<meta property=\"og:image\" content=\"https:\/\/exceladvisor.org\/wp-content\/uploads\/2023\/08\/1-fractionner-le-texte-en-utilisant-un-espace-entre.png\" \/>\n<meta name=\"twitter:card\" content=\"summary_large_image\" \/>\n<meta name=\"twitter:label1\" content=\"Tiempo de lectura\" \/>\n\t<meta name=\"twitter:data1\" content=\"3 minutos\" \/>\n<script type=\"application\/ld+json\" class=\"yoast-schema-graph\">{\"@context\":\"https:\/\/schema.org\",\"@graph\":[{\"@type\":\"WebPage\",\"@id\":\"https:\/\/exceladvisor.org\/es\/dividir-texto-usando-un-espacio\/\",\"url\":\"https:\/\/exceladvisor.org\/es\/dividir-texto-usando-un-espacio\/\",\"name\":\"Dividir texto usando un espacio entre\",\"isPartOf\":{\"@id\":\"https:\/\/exceladvisor.org\/es\/#website\"},\"primaryImageOfPage\":{\"@id\":\"https:\/\/exceladvisor.org\/es\/dividir-texto-usando-un-espacio\/#primaryimage\"},\"image\":{\"@id\":\"https:\/\/exceladvisor.org\/es\/dividir-texto-usando-un-espacio\/#primaryimage\"},\"thumbnailUrl\":\"https:\/\/exceladvisor.org\/wp-content\/uploads\/2023\/08\/1-fractionner-le-texte-en-utilisant-un-espace-entre.png\",\"datePublished\":\"2023-11-02T02:49:26+00:00\",\"dateModified\":\"2023-12-25T10:32:54+00:00\",\"breadcrumb\":{\"@id\":\"https:\/\/exceladvisor.org\/es\/dividir-texto-usando-un-espacio\/#breadcrumb\"},\"inLanguage\":\"es\",\"potentialAction\":[{\"@type\":\"ReadAction\",\"target\":[\"https:\/\/exceladvisor.org\/es\/dividir-texto-usando-un-espacio\/\"]}]},{\"@type\":\"ImageObject\",\"inLanguage\":\"es\",\"@id\":\"https:\/\/exceladvisor.org\/es\/dividir-texto-usando-un-espacio\/#primaryimage\",\"url\":\"https:\/\/exceladvisor.org\/wp-content\/uploads\/2023\/08\/1-fractionner-le-texte-en-utilisant-un-espace-entre.png\",\"contentUrl\":\"https:\/\/exceladvisor.org\/wp-content\/uploads\/2023\/08\/1-fractionner-le-texte-en-utilisant-un-espace-entre.png\"},{\"@type\":\"BreadcrumbList\",\"@id\":\"https:\/\/exceladvisor.org\/es\/dividir-texto-usando-un-espacio\/#breadcrumb\",\"itemListElement\":[{\"@type\":\"ListItem\",\"position\":1,\"name\":\"Hogar\",\"item\":\"https:\/\/exceladvisor.org\/es\/\"},{\"@type\":\"ListItem\",\"position\":2,\"name\":\"Dividir texto usando un espacio entre\"}]},{\"@type\":\"WebSite\",\"@id\":\"https:\/\/exceladvisor.org\/es\/#website\",\"url\":\"https:\/\/exceladvisor.org\/es\/\",\"name\":\"Excel Advisor\",\"description\":\"Su gu\u00eda para la dominaci\u00f3n de datos!\",\"publisher\":{\"@id\":\"https:\/\/exceladvisor.org\/es\/#organization\"},\"potentialAction\":[{\"@type\":\"SearchAction\",\"target\":{\"@type\":\"EntryPoint\",\"urlTemplate\":\"https:\/\/exceladvisor.org\/es\/?s={search_term_string}\"},\"query-input\":{\"@type\":\"PropertyValueSpecification\",\"valueRequired\":true,\"valueName\":\"search_term_string\"}}],\"inLanguage\":\"es\"},{\"@type\":\"Organization\",\"@id\":\"https:\/\/exceladvisor.org\/es\/#organization\",\"name\":\"Excel Advisor\",\"url\":\"https:\/\/exceladvisor.org\/es\/\",\"logo\":{\"@type\":\"ImageObject\",\"inLanguage\":\"es\",\"@id\":\"https:\/\/exceladvisor.org\/es\/#\/schema\/logo\/image\/\",\"url\":\"https:\/\/exceladvisor.org\/es\/wp-content\/uploads\/2023\/12\/exceladvisor.org_.png\",\"contentUrl\":\"https:\/\/exceladvisor.org\/es\/wp-content\/uploads\/2023\/12\/exceladvisor.org_.png\",\"width\":105,\"height\":36,\"caption\":\"Excel Advisor\"},\"image\":{\"@id\":\"https:\/\/exceladvisor.org\/es\/#\/schema\/logo\/image\/\"}}]}<\/script>\n<!-- \/ Yoast SEO plugin. -->","yoast_head_json":{"title":"Dividir texto usando un espacio entre","robots":{"index":"index","follow":"follow","max-snippet":"max-snippet:-1","max-image-preview":"max-image-preview:large","max-video-preview":"max-video-preview:-1"},"canonical":"https:\/\/exceladvisor.org\/es\/dividir-texto-usando-un-espacio\/","og_locale":"es_ES","og_type":"article","og_title":"Dividir texto usando un espacio entre","og_description":"Hay dos formas r\u00e1pidas de separar un valor de texto de una celda utilizando el espacio entre palabras. La primera es usar TEXTO a COLUMNA, y la segunda es usar una f\u00f3rmula usando la funci\u00f3n TEXTSPLIT. En este tutorial, aprenderemos ambos m\u00e9todos en detalle. F\u00f3rmula para dividir el texto de una celda usando el espacio [&hellip;]","og_url":"https:\/\/exceladvisor.org\/es\/dividir-texto-usando-un-espacio\/","og_site_name":"Excel Advisor","article_modified_time":"2023-12-25T10:32:54+00:00","og_image":[{"url":"https:\/\/exceladvisor.org\/wp-content\/uploads\/2023\/08\/1-fractionner-le-texte-en-utilisant-un-espace-entre.png","type":"","width":"","height":""}],"twitter_card":"summary_large_image","twitter_misc":{"Tiempo de lectura":"3 minutos"},"schema":{"@context":"https:\/\/schema.org","@graph":[{"@type":"WebPage","@id":"https:\/\/exceladvisor.org\/es\/dividir-texto-usando-un-espacio\/","url":"https:\/\/exceladvisor.org\/es\/dividir-texto-usando-un-espacio\/","name":"Dividir texto usando un espacio entre","isPartOf":{"@id":"https:\/\/exceladvisor.org\/es\/#website"},"primaryImageOfPage":{"@id":"https:\/\/exceladvisor.org\/es\/dividir-texto-usando-un-espacio\/#primaryimage"},"image":{"@id":"https:\/\/exceladvisor.org\/es\/dividir-texto-usando-un-espacio\/#primaryimage"},"thumbnailUrl":"https:\/\/exceladvisor.org\/wp-content\/uploads\/2023\/08\/1-fractionner-le-texte-en-utilisant-un-espace-entre.png","datePublished":"2023-11-02T02:49:26+00:00","dateModified":"2023-12-25T10:32:54+00:00","breadcrumb":{"@id":"https:\/\/exceladvisor.org\/es\/dividir-texto-usando-un-espacio\/#breadcrumb"},"inLanguage":"es","potentialAction":[{"@type":"ReadAction","target":["https:\/\/exceladvisor.org\/es\/dividir-texto-usando-un-espacio\/"]}]},{"@type":"ImageObject","inLanguage":"es","@id":"https:\/\/exceladvisor.org\/es\/dividir-texto-usando-un-espacio\/#primaryimage","url":"https:\/\/exceladvisor.org\/wp-content\/uploads\/2023\/08\/1-fractionner-le-texte-en-utilisant-un-espace-entre.png","contentUrl":"https:\/\/exceladvisor.org\/wp-content\/uploads\/2023\/08\/1-fractionner-le-texte-en-utilisant-un-espace-entre.png"},{"@type":"BreadcrumbList","@id":"https:\/\/exceladvisor.org\/es\/dividir-texto-usando-un-espacio\/#breadcrumb","itemListElement":[{"@type":"ListItem","position":1,"name":"Hogar","item":"https:\/\/exceladvisor.org\/es\/"},{"@type":"ListItem","position":2,"name":"Dividir texto usando un espacio entre"}]},{"@type":"WebSite","@id":"https:\/\/exceladvisor.org\/es\/#website","url":"https:\/\/exceladvisor.org\/es\/","name":"Excel Advisor","description":"Su gu\u00eda para la dominaci\u00f3n de datos!","publisher":{"@id":"https:\/\/exceladvisor.org\/es\/#organization"},"potentialAction":[{"@type":"SearchAction","target":{"@type":"EntryPoint","urlTemplate":"https:\/\/exceladvisor.org\/es\/?s={search_term_string}"},"query-input":{"@type":"PropertyValueSpecification","valueRequired":true,"valueName":"search_term_string"}}],"inLanguage":"es"},{"@type":"Organization","@id":"https:\/\/exceladvisor.org\/es\/#organization","name":"Excel Advisor","url":"https:\/\/exceladvisor.org\/es\/","logo":{"@type":"ImageObject","inLanguage":"es","@id":"https:\/\/exceladvisor.org\/es\/#\/schema\/logo\/image\/","url":"https:\/\/exceladvisor.org\/es\/wp-content\/uploads\/2023\/12\/exceladvisor.org_.png","contentUrl":"https:\/\/exceladvisor.org\/es\/wp-content\/uploads\/2023\/12\/exceladvisor.org_.png","width":105,"height":36,"caption":"Excel Advisor"},"image":{"@id":"https:\/\/exceladvisor.org\/es\/#\/schema\/logo\/image\/"}}]}},"yoast_meta":{"yoast_wpseo_title":"","yoast_wpseo_metadesc":"","yoast_wpseo_canonical":""},"_links":{"self":[{"href":"https:\/\/exceladvisor.org\/es\/wp-json\/wp\/v2\/pages\/349","targetHints":{"allow":["GET"]}}],"collection":[{"href":"https:\/\/exceladvisor.org\/es\/wp-json\/wp\/v2\/pages"}],"about":[{"href":"https:\/\/exceladvisor.org\/es\/wp-json\/wp\/v2\/types\/page"}],"author":[{"embeddable":true,"href":"https:\/\/exceladvisor.org\/es\/wp-json\/wp\/v2\/users\/1"}],"replies":[{"embeddable":true,"href":"https:\/\/exceladvisor.org\/es\/wp-json\/wp\/v2\/comments?post=349"}],"version-history":[{"count":1,"href":"https:\/\/exceladvisor.org\/es\/wp-json\/wp\/v2\/pages\/349\/revisions"}],"predecessor-version":[{"id":1445,"href":"https:\/\/exceladvisor.org\/es\/wp-json\/wp\/v2\/pages\/349\/revisions\/1445"}],"wp:attachment":[{"href":"https:\/\/exceladvisor.org\/es\/wp-json\/wp\/v2\/media?parent=349"}],"curies":[{"name":"wp","href":"https:\/\/api.w.org\/{rel}","templated":true}]}}