{"id":35,"date":"2023-11-19T17:43:07","date_gmt":"2023-11-19T17:43:07","guid":{"rendered":"https:\/\/exceladvisor.org\/es\/sumif-sumifs-o-logica\/"},"modified":"2023-12-25T10:31:46","modified_gmt":"2023-12-25T10:31:46","slug":"sumif-sumifs-o-logica","status":"publish","type":"page","link":"https:\/\/exceladvisor.org\/es\/sumif-sumifs-o-logica\/","title":{"rendered":"\u00bfc\u00f3mo utilizar sumif\/sumifs con l\u00f3gica or?"},"content":{"rendered":"<div class=\"excel-antes-del-contenido\" id=\"excel-4195975965\"><script type=\"text\/javascript\">\r\n\tatOptions = {\r\n\t\t'key' : 'c1158f160081d6540a8409e6925dab94',\r\n\t\t'format' : 'iframe',\r\n\t\t'height' : 250,\r\n\t\t'width' : 300,\r\n\t\t'params' : {}\r\n\t};\r\n<\/script>\r\n<script type=\"text\/javascript\" src=\"\/\/www.highperformanceformat.com\/c1158f160081d6540a8409e6925dab94\/invoke.js\"><\/script><\/div><p>A veces necesitamos hacer peque\u00f1os cambios en las f\u00f3rmulas para que sean efectivas.<\/p>\n<p> As\u00ed de simple, SUMAR.O. Es una f\u00f3rmula avanzada que te ayuda a aumentar la flexibilidad de SUMIF. S\u00ed, tambi\u00e9n puedes hacer SUMIFS. Pero antes de usarlo, d\u00e9jame decirte una cosa sobre SUMIF.<\/p>\n<p> En SUMIFS solo puedes usar un criterio y en SUMIFS puedes usar m\u00faltiples criterios para obtener una suma.<\/p>\n<p> S\u00f3lo una cosa as\u00ed. Digamos que en SUMIFS, si especifica dos criterios diferentes, solo se sumar\u00e1n las celdas que cumplan ambos criterios.<\/p>\n<p> Debido a que funciona con l\u00f3gica AND, se deben cumplir todos los criterios para que se incluya una celda. Cuando combinas la l\u00f3gica OR con SUMIF\/SUMIFS, puedes agregar valores usando dos criterios diferentes al mismo tiempo.<\/p>\n<p> Sin m\u00e1s pre\u00e1mbulos, aprendamos esta asombrosa f\u00f3rmula.<\/p>\n<h2 class=\"wp-block-heading\"> \u00bfRealmente necesitamos l\u00f3gica OR? \u00bfUn ejemplo?<\/h2>\n<p> Perm\u00edtanme mostrarles un ejemplo en el que necesitamos agregar l\u00f3gica OR en SUMIFS o SUMIF.<\/p>\n<p> Echa un vistazo a la tabla de datos a continuaci\u00f3n donde tienes una lista de productos con su cantidad y estado de env\u00edo actual. <\/p>\n<div class=\"wp-block-image\">\n<figure class=\"aligncenter\"><img decoding=\"async\" src=\"https:\/\/exceladvisor.org\/wp-content\/uploads\/2023\/08\/table-de-donnees-a-utiliser-ou-logique-a-utiliser-dans-sumifs-sumif-1.png\" sizes=\"\" srcset=\"\" alt=\"tabla de datos a usar o l\u00f3gica a usar en sumifs sumif\"><\/figure>\n<\/div>\n<p> En estos datos tienes dos tipos de productos (defectuosos y da\u00f1ados) que debes devolver a nuestro proveedor.<\/p>\n<p> Pero antes de eso, desea calcular la cantidad total de ambos tipos de productos. Si eliges el m\u00e9todo normal, debes aplicar SUMAR.SI dos veces para obtener este total.<\/p>\n<p> Pero si usas una condici\u00f3n OR en SUMAR.SI, puedes obtener el total de ambos productos con una sola f\u00f3rmula.<\/p>\n<h2 class=\"wp-block-heading\"> OK, apliquemos OR con SUMIFS<\/h2>\n<p> Antes de comenzar, <a href=\"https:\/\/exceladvisor.org\/wp-content\/uploads\/2023\/08\/somme-si-ou.zip\" rel=\"nofollow\"><span style=\"color: #0000ee;\">descargue este archivo de muestra desde aqu\u00ed<\/span><\/a> <span style=\"color: #0000ee;\">&nbsp;<\/span> continuar\u00e1.<\/p>\n<p> En cualquier otra celda de su hoja de c\u00e1lculo donde desee calcular el total, inserte la f\u00f3rmula a continuaci\u00f3n y presione Entrar. <\/p>\n<pre class=\"wp-block-code\"> <code class=\"language-excel-formula\" lang=\"excel-formula\">=SUM(SUMIFS(C2:C21,B2:B21,{\"Damage\",\"Faulty\"}))<\/code><\/pre>\n<div class=\"wp-block-image\">\n<figure class=\"aligncenter\"><img decoding=\"async\" src=\"https:\/\/exceladvisor.org\/wp-content\/uploads\/2023\/08\/appliquer-la-formule-pour-obtenir-ou-la-logique-dans-les-sumifs-1.png\" sizes=\"\" srcset=\"\" alt=\"aplicar f\u00f3rmula para obtener o l\u00f3gica en sumifs\"><\/figure>\n<\/div>\n<p> En la f\u00f3rmula anterior ha utilizado SUMIFS pero si desea utilizar SUMIFS, puede insertar la siguiente f\u00f3rmula en la celda.<\/p>\n<pre class=\"wp-block-code\"> <code class=\"language-excel-formula\" lang=\"excel-formula\">=SUM(SUMIF(B2:B21,{\"Damage\",\"Faulty\"},C2:C21))<\/code><\/pre>\n<p> Usando las dos f\u00f3rmulas anteriores obtendr\u00e1s 540 en el resultado. Para volver a verificar, simplemente verifique el total manualmente. <\/p>\n<div class=\"wp-block-image\">\n<figure class=\"aligncenter\"><img decoding=\"async\" src=\"https:\/\/exceladvisor.org\/wp-content\/uploads\/2023\/08\/verifier-le-total-des-dommages-et-defectueux-en-utilisant-sumif-ou.png\" sizes=\"\" srcset=\"\" alt=\"comprobar da\u00f1os totales y defectuosos utilizando sumif o\"><\/figure>\n<\/div>\n<h3 class=\"wp-block-heading\"> \u00bfC\u00f3mo funciona esta f\u00f3rmula?<\/h3>\n<p> Como dije, la funci\u00f3n SUMIFS usa la l\u00f3gica AND para sumar los valores. Pero la f\u00f3rmula que us\u00f3 anteriormente incluye l\u00f3gica OR.<\/p>\n<p> Para entender esta f\u00f3rmula, es necesario dividirla en tres partes diferentes. <\/p>\n<div class=\"wp-block-image\">\n<figure class=\"aligncenter\"><img decoding=\"async\" src=\"https:\/\/exceladvisor.org\/wp-content\/uploads\/2023\/08\/trois-parties-de-formule-a-utiliser-ou-logique-dans-les-sumifs-sumif-1.png\" sizes=\"\" srcset=\"\" alt=\"tres partes de f\u00f3rmula para usar o l\u00f3gica en sumifs sumif\"><\/figure>\n<\/div>\n<ol>\n<li> Lo <strong>primero<\/strong> es entender que has utilizado dos criterios diferentes en esta f\u00f3rmula utilizando el concepto de matriz. Obtenga m\u00e1s informaci\u00f3n sobre el <a href=\"https:\/\/support.office.com\/en-us\/article\/Guidelines-and-examples-of-array-formulas-7D94A64E-3FF3-4686-9372-ECFD5CAA57C7?ui=en-US&amp;rs=en-US&amp;ad=US&amp;fromAR=1\" target=\"_blank\" rel=\"noreferrer noopener nofollow\">tablero desde aqu\u00ed<\/a> .<\/li>\n<li> Lo <strong>segundo<\/strong> es que cuando especificas dos valores diferentes usando una matriz, SUMIFS debe buscar los dos valores por separado.<\/li>\n<li> La <strong>tercera<\/strong> cosa es que incluso despu\u00e9s de usar una f\u00f3rmula matricial, SUMIFS no puede devolver la suma de los dos valores en una sola celda. Por eso es necesario unirlo a la funci\u00f3n SUMA.<\/li>\n<\/ol>\n<p> Con el concepto anterior, puedes obtener un total para ambos tipos de productos en una sola celda.<\/p>\n<p> Esto funcionar\u00e1 igual con SUMIF y SUMIFS.<\/p>\n<p> Y tambi\u00e9n puede ampliar su f\u00f3rmula especificando el nombre del producto en el segundo criterio en SUMIFS para obtener el total de un solo producto. <\/p>\n<div class=\"gb-container gb-container-52dfcee1 gb-container-sample-file\">\n<h2 class=\"gb-headline gb-headline-e289c143 gb-headline-text gb-headline-4f7959c2\"> Obtener el archivo Excel<\/h2>\n<p> <a class=\"gb-button gb-button-e88d6bee gb-button-text gb-button-button1\" href=\"https:\/\/exceladvisor.org\/wp-content\/uploads\/2023\/08\/somme-si-ou.zip\" rel=\"nofollow\">Descargar<\/a><\/div>\n<h2 class=\"wp-block-heading\"> Usando rango de criterios din\u00e1micos<\/h2>\n<p> En la secci\u00f3n de comentarios, alguien me pidi\u00f3 que usara una referencia de celda para agregar m\u00faltiples criterios en lugar de insertarlos directamente en la f\u00f3rmula.<\/p>\n<p> Bueno, esa es una pregunta s\u00faper v\u00e1lida y puedes hacerlo usando un rango din\u00e1mico con nombre en lugar de valores estrictos.<\/p>\n<p> Y para ello, s\u00f3lo necesitas hacer dos peque\u00f1os cambios en tu f\u00f3rmula.<\/p>\n<ol>\n<li> La primera es que en lugar de usar llaves, debes usar un rango con nombre (la mejor manera es usar una matriz) de tu valor.<\/li>\n<li> Y despu\u00e9s de eso, debe ingresar esta f\u00f3rmula usando Ctrl+Shift+Enter como f\u00f3rmula matricial adecuada.<\/li>\n<\/ol>\n<p> Entonces ahora tu f\u00f3rmula ser\u00e1: <\/p>\n<div class=\"wp-block-image\">\n<figure class=\"aligncenter\"><img decoding=\"async\" src=\"https:\/\/exceladvisor.org\/wp-content\/uploads\/2023\/08\/en-utilisant-la-plage-nommee-dans-sumif-ou.png\" sizes=\"\" srcset=\"\" alt=\"usando el rango nombrado en sumif o\"><\/figure>\n<\/div>\n<h2 class=\"wp-block-heading\"> M\u00faltiples criterios con diferentes columnas.<\/h2>\n<p> D\u00e9jame llevarte al siguiente nivel de esta f\u00f3rmula. Basta con mirar la tabla de datos a continuaci\u00f3n. <\/p>\n<div class=\"wp-block-image\">\n<figure class=\"aligncenter\"><img decoding=\"async\" src=\"https:\/\/exceladvisor.org\/wp-content\/uploads\/2023\/08\/sumifs-sumif-ou-avec-plusieurs-colonnes-de-donnees.png\" sizes=\"\" srcset=\"\" alt=\"sumifs sumif o con m\u00faltiples columnas de datos\"><\/figure>\n<\/div>\n<p> En esta tabla tiene dos columnas diferentes con dos tipos de estado diferentes. Ahora, a partir de esta tabla de datos, debe sumar la cantidad en la que el producto est\u00e1 da\u00f1ado; el estado de devoluci\u00f3n es \u00abNo\u00bb.<\/p>\n<p> Esto s\u00f3lo se refiere a productos da\u00f1ados y defectuosos que a\u00fan no han sido devueltos. Y la f\u00f3rmula para esto ser\u00e1. <\/p>\n<pre class=\"wp-block-code\"> <code class=\"language-excel-formula\" lang=\"excel-formula\">=SUM(SUMIFS(D2:D21,B2:B21,{\"Damage\",\"Faulty\"},C2:C21,\"No\"))<\/code><\/pre>\n<div class=\"wp-block-image\">\n<figure class=\"aligncenter size-full\"><img loading=\"lazy\" decoding=\"async\" class=\"wp-image-14789\" src=\"https:\/\/exceladvisor.org\/wp-content\/uploads\/2023\/08\/sumifs-sumif-ou-avec-plusieurs-formules-de-criteres-de-colonne-differents.png\" sizes=\"auto, \" srcset=\"\" alt=\"sumifs sumif o con varias f\u00f3rmulas de criterios de columna diferentes\" width=\"558\" height=\"178\"><\/figure>\n<\/div>\n<div class=\"gb-container gb-container-9631f970 gb-container-sample-file\">\n<h2 class=\"gb-headline gb-headline-c605ba20 gb-headline-text gb-headline-4f7959c2\"> Obtener el archivo Excel<\/h2>\n<p> <a class=\"gb-button gb-button-fdc4a95a gb-button-text gb-button-button1\" href=\"https:\/\/exceladvisor.org\/wp-content\/uploads\/2023\/08\/somme-si-ou.zip\" rel=\"nofollow\">Descargar<\/a><\/div>\n<h2 id=\"tab-con-7\" class=\"wp-block-heading\"> Conclusi\u00f3n<\/h2>\n<p> La mejor parte de utilizar la t\u00e9cnica OR es que puedes agregarle muchos criterios. Si desea utilizar s\u00f3lo la l\u00f3gica OR, puede utilizar SUMAR.SI. Y si desea crear una condici\u00f3n OR y una condici\u00f3n AND en una sola f\u00f3rmula, puede usar SUMIFS para eso.<\/p>\n<p> Sabes, este es uno de mis consejos de f\u00f3rmulas favoritos y espero que te haya resultado \u00fatil.<\/p>\n<p> Ahora dime una cosa. \u00bfHab\u00edas usado alguna vez este tipo de f\u00f3rmula? Comparte tus pensamientos conmigo en la secci\u00f3n de comentarios, me encantar\u00eda saber de ti y no olvides compartir este consejo con tus amigos.<\/p>\n<div class=\"gb-container gb-container-0df56012 gb-container-mt\"> <a class=\"gb-button gb-button-f9f432f4 gb-button-text gb-button-mt-button\" href=\"https:\/\/exceladvisor.org\/es\/formulas\/\">Lista de f\u00f3rmulas de Excel<\/a><\/p>\n<h2 class=\"gb-headline gb-headline-233444e8 gb-headline-text gb-headline-mt-heading\"> F\u00f3rmulas relacionadas <\/h2>\n<div class=\"gb-grid-wrapper gb-grid-wrapper-a16fa65c gb-grid-wrapper-mt-grid\">\n<div class=\"gb-grid-column gb-grid-column-50d07e0d\">\n<div class=\"gb-container gb-container-50d07e0d\">\n<ul>\n<li> <a href=\"https:\/\/exceladvisor.org\/es\/suma-si-es-mayor-que\/\">Suma mayor que valores usando SUMAR.SI<\/a><\/li>\n<li> <a href=\"https:\/\/exceladvisor.org\/es\/sumos-no-iguales\/\">Suma de valores no iguales (SUMIFS) en Excel<\/a><\/li>\n<li> <a href=\"https:\/\/exceladvisor.org\/es\/sumif-con-comodines\/\">SUMAR.SI con comodines en Excel<\/a><\/li>\n<li> <a href=\"https:\/\/exceladvisor.org\/es\/suma-de-valores-entre-dos-fechas\/\">Rango de fechas SUMIFS (suma de valores entre dos matrices de fechas)<\/a><\/li>\n<\/ul>\n<\/div>\n<\/div>\n<\/div>\n<\/div>\n","protected":false},"excerpt":{"rendered":"<p>A veces necesitamos hacer peque\u00f1os cambios en las f\u00f3rmulas para que sean efectivas. As\u00ed de simple, SUMAR.O. Es una f\u00f3rmula avanzada que te ayuda a aumentar la flexibilidad de SUMIF. S\u00ed, tambi\u00e9n puedes hacer SUMIFS. Pero antes de usarlo, d\u00e9jame decirte una cosa sobre SUMIF. En SUMIFS solo puedes usar un criterio y en SUMIFS [&hellip;]<\/p>\n","protected":false},"author":1,"featured_media":0,"parent":0,"menu_order":0,"comment_status":"open","ping_status":"closed","template":"","meta":{"ub_ctt_via":"","footnotes":""},"class_list":["post-35","page","type-page","status-publish","hentry"],"featured_image_src":null,"yoast_head":"<!-- This site is optimized with the Yoast SEO plugin v25.4 - https:\/\/yoast.com\/wordpress\/plugins\/seo\/ -->\n<title>\u00bfc\u00f3mo utilizar sumif\/sumifs con l\u00f3gica or?<\/title>\n<meta name=\"robots\" content=\"index, follow, max-snippet:-1, max-image-preview:large, max-video-preview:-1\" \/>\n<link rel=\"canonical\" href=\"https:\/\/exceladvisor.org\/es\/sumif-sumifs-o-logica\/\" \/>\n<meta property=\"og:locale\" content=\"es_ES\" \/>\n<meta property=\"og:type\" content=\"article\" \/>\n<meta property=\"og:title\" content=\"\u00bfc\u00f3mo utilizar sumif\/sumifs con l\u00f3gica or?\" \/>\n<meta property=\"og:description\" content=\"A veces necesitamos hacer peque\u00f1os cambios en las f\u00f3rmulas para que sean efectivas. As\u00ed de simple, SUMAR.O. Es una f\u00f3rmula avanzada que te ayuda a aumentar la flexibilidad de SUMIF. S\u00ed, tambi\u00e9n puedes hacer SUMIFS. Pero antes de usarlo, d\u00e9jame decirte una cosa sobre SUMIF. En SUMIFS solo puedes usar un criterio y en SUMIFS [&hellip;]\" \/>\n<meta property=\"og:url\" content=\"https:\/\/exceladvisor.org\/es\/sumif-sumifs-o-logica\/\" \/>\n<meta property=\"og:site_name\" content=\"Excel Advisor\" \/>\n<meta property=\"article:modified_time\" content=\"2023-12-25T10:31:46+00:00\" \/>\n<meta property=\"og:image\" content=\"https:\/\/exceladvisor.org\/wp-content\/uploads\/2023\/08\/table-de-donnees-a-utiliser-ou-logique-a-utiliser-dans-sumifs-sumif-1.png\" \/>\n<meta name=\"twitter:card\" content=\"summary_large_image\" \/>\n<meta name=\"twitter:label1\" content=\"Tiempo de lectura\" \/>\n\t<meta name=\"twitter:data1\" content=\"5 minutos\" \/>\n<script type=\"application\/ld+json\" class=\"yoast-schema-graph\">{\"@context\":\"https:\/\/schema.org\",\"@graph\":[{\"@type\":\"WebPage\",\"@id\":\"https:\/\/exceladvisor.org\/es\/sumif-sumifs-o-logica\/\",\"url\":\"https:\/\/exceladvisor.org\/es\/sumif-sumifs-o-logica\/\",\"name\":\"\u00bfc\u00f3mo utilizar sumif\/sumifs con l\u00f3gica or?\",\"isPartOf\":{\"@id\":\"https:\/\/exceladvisor.org\/es\/#website\"},\"primaryImageOfPage\":{\"@id\":\"https:\/\/exceladvisor.org\/es\/sumif-sumifs-o-logica\/#primaryimage\"},\"image\":{\"@id\":\"https:\/\/exceladvisor.org\/es\/sumif-sumifs-o-logica\/#primaryimage\"},\"thumbnailUrl\":\"https:\/\/exceladvisor.org\/wp-content\/uploads\/2023\/08\/table-de-donnees-a-utiliser-ou-logique-a-utiliser-dans-sumifs-sumif-1.png\",\"datePublished\":\"2023-11-19T17:43:07+00:00\",\"dateModified\":\"2023-12-25T10:31:46+00:00\",\"breadcrumb\":{\"@id\":\"https:\/\/exceladvisor.org\/es\/sumif-sumifs-o-logica\/#breadcrumb\"},\"inLanguage\":\"es\",\"potentialAction\":[{\"@type\":\"ReadAction\",\"target\":[\"https:\/\/exceladvisor.org\/es\/sumif-sumifs-o-logica\/\"]}]},{\"@type\":\"ImageObject\",\"inLanguage\":\"es\",\"@id\":\"https:\/\/exceladvisor.org\/es\/sumif-sumifs-o-logica\/#primaryimage\",\"url\":\"https:\/\/exceladvisor.org\/wp-content\/uploads\/2023\/08\/table-de-donnees-a-utiliser-ou-logique-a-utiliser-dans-sumifs-sumif-1.png\",\"contentUrl\":\"https:\/\/exceladvisor.org\/wp-content\/uploads\/2023\/08\/table-de-donnees-a-utiliser-ou-logique-a-utiliser-dans-sumifs-sumif-1.png\"},{\"@type\":\"BreadcrumbList\",\"@id\":\"https:\/\/exceladvisor.org\/es\/sumif-sumifs-o-logica\/#breadcrumb\",\"itemListElement\":[{\"@type\":\"ListItem\",\"position\":1,\"name\":\"Hogar\",\"item\":\"https:\/\/exceladvisor.org\/es\/\"},{\"@type\":\"ListItem\",\"position\":2,\"name\":\"\u00bfc\u00f3mo utilizar sumif\/sumifs con l\u00f3gica or?\"}]},{\"@type\":\"WebSite\",\"@id\":\"https:\/\/exceladvisor.org\/es\/#website\",\"url\":\"https:\/\/exceladvisor.org\/es\/\",\"name\":\"Excel Advisor\",\"description\":\"Su gu\u00eda para la dominaci\u00f3n de datos!\",\"publisher\":{\"@id\":\"https:\/\/exceladvisor.org\/es\/#organization\"},\"potentialAction\":[{\"@type\":\"SearchAction\",\"target\":{\"@type\":\"EntryPoint\",\"urlTemplate\":\"https:\/\/exceladvisor.org\/es\/?s={search_term_string}\"},\"query-input\":{\"@type\":\"PropertyValueSpecification\",\"valueRequired\":true,\"valueName\":\"search_term_string\"}}],\"inLanguage\":\"es\"},{\"@type\":\"Organization\",\"@id\":\"https:\/\/exceladvisor.org\/es\/#organization\",\"name\":\"Excel Advisor\",\"url\":\"https:\/\/exceladvisor.org\/es\/\",\"logo\":{\"@type\":\"ImageObject\",\"inLanguage\":\"es\",\"@id\":\"https:\/\/exceladvisor.org\/es\/#\/schema\/logo\/image\/\",\"url\":\"https:\/\/exceladvisor.org\/es\/wp-content\/uploads\/2023\/12\/exceladvisor.org_.png\",\"contentUrl\":\"https:\/\/exceladvisor.org\/es\/wp-content\/uploads\/2023\/12\/exceladvisor.org_.png\",\"width\":105,\"height\":36,\"caption\":\"Excel Advisor\"},\"image\":{\"@id\":\"https:\/\/exceladvisor.org\/es\/#\/schema\/logo\/image\/\"}}]}<\/script>\n<!-- \/ Yoast SEO plugin. -->","yoast_head_json":{"title":"\u00bfc\u00f3mo utilizar sumif\/sumifs con l\u00f3gica or?","robots":{"index":"index","follow":"follow","max-snippet":"max-snippet:-1","max-image-preview":"max-image-preview:large","max-video-preview":"max-video-preview:-1"},"canonical":"https:\/\/exceladvisor.org\/es\/sumif-sumifs-o-logica\/","og_locale":"es_ES","og_type":"article","og_title":"\u00bfc\u00f3mo utilizar sumif\/sumifs con l\u00f3gica or?","og_description":"A veces necesitamos hacer peque\u00f1os cambios en las f\u00f3rmulas para que sean efectivas. As\u00ed de simple, SUMAR.O. Es una f\u00f3rmula avanzada que te ayuda a aumentar la flexibilidad de SUMIF. S\u00ed, tambi\u00e9n puedes hacer SUMIFS. Pero antes de usarlo, d\u00e9jame decirte una cosa sobre SUMIF. En SUMIFS solo puedes usar un criterio y en SUMIFS [&hellip;]","og_url":"https:\/\/exceladvisor.org\/es\/sumif-sumifs-o-logica\/","og_site_name":"Excel Advisor","article_modified_time":"2023-12-25T10:31:46+00:00","og_image":[{"url":"https:\/\/exceladvisor.org\/wp-content\/uploads\/2023\/08\/table-de-donnees-a-utiliser-ou-logique-a-utiliser-dans-sumifs-sumif-1.png","type":"","width":"","height":""}],"twitter_card":"summary_large_image","twitter_misc":{"Tiempo de lectura":"5 minutos"},"schema":{"@context":"https:\/\/schema.org","@graph":[{"@type":"WebPage","@id":"https:\/\/exceladvisor.org\/es\/sumif-sumifs-o-logica\/","url":"https:\/\/exceladvisor.org\/es\/sumif-sumifs-o-logica\/","name":"\u00bfc\u00f3mo utilizar sumif\/sumifs con l\u00f3gica or?","isPartOf":{"@id":"https:\/\/exceladvisor.org\/es\/#website"},"primaryImageOfPage":{"@id":"https:\/\/exceladvisor.org\/es\/sumif-sumifs-o-logica\/#primaryimage"},"image":{"@id":"https:\/\/exceladvisor.org\/es\/sumif-sumifs-o-logica\/#primaryimage"},"thumbnailUrl":"https:\/\/exceladvisor.org\/wp-content\/uploads\/2023\/08\/table-de-donnees-a-utiliser-ou-logique-a-utiliser-dans-sumifs-sumif-1.png","datePublished":"2023-11-19T17:43:07+00:00","dateModified":"2023-12-25T10:31:46+00:00","breadcrumb":{"@id":"https:\/\/exceladvisor.org\/es\/sumif-sumifs-o-logica\/#breadcrumb"},"inLanguage":"es","potentialAction":[{"@type":"ReadAction","target":["https:\/\/exceladvisor.org\/es\/sumif-sumifs-o-logica\/"]}]},{"@type":"ImageObject","inLanguage":"es","@id":"https:\/\/exceladvisor.org\/es\/sumif-sumifs-o-logica\/#primaryimage","url":"https:\/\/exceladvisor.org\/wp-content\/uploads\/2023\/08\/table-de-donnees-a-utiliser-ou-logique-a-utiliser-dans-sumifs-sumif-1.png","contentUrl":"https:\/\/exceladvisor.org\/wp-content\/uploads\/2023\/08\/table-de-donnees-a-utiliser-ou-logique-a-utiliser-dans-sumifs-sumif-1.png"},{"@type":"BreadcrumbList","@id":"https:\/\/exceladvisor.org\/es\/sumif-sumifs-o-logica\/#breadcrumb","itemListElement":[{"@type":"ListItem","position":1,"name":"Hogar","item":"https:\/\/exceladvisor.org\/es\/"},{"@type":"ListItem","position":2,"name":"\u00bfc\u00f3mo utilizar sumif\/sumifs con l\u00f3gica or?"}]},{"@type":"WebSite","@id":"https:\/\/exceladvisor.org\/es\/#website","url":"https:\/\/exceladvisor.org\/es\/","name":"Excel Advisor","description":"Su gu\u00eda para la dominaci\u00f3n de datos!","publisher":{"@id":"https:\/\/exceladvisor.org\/es\/#organization"},"potentialAction":[{"@type":"SearchAction","target":{"@type":"EntryPoint","urlTemplate":"https:\/\/exceladvisor.org\/es\/?s={search_term_string}"},"query-input":{"@type":"PropertyValueSpecification","valueRequired":true,"valueName":"search_term_string"}}],"inLanguage":"es"},{"@type":"Organization","@id":"https:\/\/exceladvisor.org\/es\/#organization","name":"Excel Advisor","url":"https:\/\/exceladvisor.org\/es\/","logo":{"@type":"ImageObject","inLanguage":"es","@id":"https:\/\/exceladvisor.org\/es\/#\/schema\/logo\/image\/","url":"https:\/\/exceladvisor.org\/es\/wp-content\/uploads\/2023\/12\/exceladvisor.org_.png","contentUrl":"https:\/\/exceladvisor.org\/es\/wp-content\/uploads\/2023\/12\/exceladvisor.org_.png","width":105,"height":36,"caption":"Excel Advisor"},"image":{"@id":"https:\/\/exceladvisor.org\/es\/#\/schema\/logo\/image\/"}}]}},"yoast_meta":{"yoast_wpseo_title":"","yoast_wpseo_metadesc":"","yoast_wpseo_canonical":""},"_links":{"self":[{"href":"https:\/\/exceladvisor.org\/es\/wp-json\/wp\/v2\/pages\/35","targetHints":{"allow":["GET"]}}],"collection":[{"href":"https:\/\/exceladvisor.org\/es\/wp-json\/wp\/v2\/pages"}],"about":[{"href":"https:\/\/exceladvisor.org\/es\/wp-json\/wp\/v2\/types\/page"}],"author":[{"embeddable":true,"href":"https:\/\/exceladvisor.org\/es\/wp-json\/wp\/v2\/users\/1"}],"replies":[{"embeddable":true,"href":"https:\/\/exceladvisor.org\/es\/wp-json\/wp\/v2\/comments?post=35"}],"version-history":[{"count":1,"href":"https:\/\/exceladvisor.org\/es\/wp-json\/wp\/v2\/pages\/35\/revisions"}],"predecessor-version":[{"id":1380,"href":"https:\/\/exceladvisor.org\/es\/wp-json\/wp\/v2\/pages\/35\/revisions\/1380"}],"wp:attachment":[{"href":"https:\/\/exceladvisor.org\/es\/wp-json\/wp\/v2\/media?parent=35"}],"curies":[{"name":"wp","href":"https:\/\/api.w.org\/{rel}","templated":true}]}}