{"id":350,"date":"2023-11-01T23:34:59","date_gmt":"2023-11-01T23:34:59","guid":{"rendered":"https:\/\/exceladvisor.org\/es\/nueva-linea-en-la-celda\/"},"modified":"2023-12-25T10:23:12","modified_gmt":"2023-12-25T10:23:12","slug":"nueva-linea-en-la-celda","status":"publish","type":"page","link":"https:\/\/exceladvisor.org\/es\/nueva-linea-en-la-celda\/","title":{"rendered":"\u00bfc\u00f3mo agregar una nueva l\u00ednea a una celda?"},"content":{"rendered":"<div class=\"excel-antes-del-contenido\" id=\"excel-2891446471\"><script type=\"text\/javascript\">\r\n\tatOptions = {\r\n\t\t'key' : 'c1158f160081d6540a8409e6925dab94',\r\n\t\t'format' : 'iframe',\r\n\t\t'height' : 250,\r\n\t\t'width' : 300,\r\n\t\t'params' : {}\r\n\t};\r\n<\/script>\r\n<script type=\"text\/javascript\" src=\"\/\/www.highperformanceformat.com\/c1158f160081d6540a8409e6925dab94\/invoke.js\"><\/script><\/div><p>Para iniciar o insertar una nueva fila en una celda en Excel, puede utilizar varios m\u00e9todos. Pero lo m\u00e1s f\u00e1cil es usar el <strong><a href=\"https:\/\/exceladvisor.org\/es\/atajos-de-teclado\/\">m\u00e9todo abreviado de teclado<\/a> Alt + Enter<\/strong> que puedes usar al ingresar valores y, aparte de eso, puedes usarlo con una f\u00f3rmula, como TEXTJOIN y CONCATENATE.<\/p>\n<p> En este tutorial, veremos todos estos m\u00e9todos y podr\u00e1s elegir cualquiera de ellos seg\u00fan tus necesidades. <\/p>\n<div class=\"gb-container gb-container-52dfcee1 gb-container-sample-file\">\n<h2 class=\"gb-headline gb-headline-e289c143 gb-headline-text gb-headline-4f7959c2\"> Obtener el archivo Excel<\/h2>\n<p> <a class=\"gb-button gb-button-e88d6bee gb-button-text gb-button-button1\" href=\"https:\/\/exceladvisor.org\/wp-content\/uploads\/2023\/11\/ajouter-une-nouvelle-ligne.xlsx\" rel=\"nofollow\">Descargar<\/a><\/div>\n<h2 class=\"wp-block-heading\"> Pasos para iniciar una nueva fila en Excel en una celda (manualmente)<\/h2>\n<p> En el siguiente ejemplo, quiero agregar mi apellido a la celda A1, pero quiero agregar mi apellido a una nueva l\u00ednea solo dentro de la celda. Entonces, usemos los siguientes pasos para hacer esto: <\/p>\n<div class=\"wp-block-image\">\n<figure class=\"aligncenter size-full is-resized\"><img loading=\"lazy\" decoding=\"async\" class=\"wp-image-72328\" src=\"https:\/\/exceladvisor.org\/wp-content\/uploads\/2023\/08\/1-ajouter-une-nouvelle-ligne.png\" sizes=\"auto, \" srcset=\"\" alt=\"agregar una nueva l\u00ednea\" width=\"468\" height=\"436\"><\/figure>\n<\/div>\n<ol>\n<li> Lo primero que debes hacer es <a href=\"https:\/\/exceladvisor.org\/es\/editar-celda\/\">editar la celda<\/a> e ingresar el primer valor escribi\u00e9ndolo normalmente. <br \/><img loading=\"lazy\" decoding=\"async\" title=\"2-ingresar-texto\" src=\"https:\/\/exceladvisor.org\/wp-content\/uploads\/2023\/08\/2-saisir-le-texte.png\" sizes=\"auto, \" srcset=\"\" alt=\"enter-the-text\" width=\"419\" height=\"197\"><\/li>\n<li> Despu\u00e9s de eso, debes mantener presionada la tecla ALT en tu teclado.<\/li>\n<li> A continuaci\u00f3n, debe presionar la tecla Enter mientras mantiene presionada la tecla ALT. Esto mover\u00e1 el cursor a la nueva l\u00ednea. <br \/><img loading=\"lazy\" decoding=\"async\" title=\"3 pulsaciones de las teclas Enter y Alt\" src=\"https:\/\/exceladvisor.org\/wp-content\/uploads\/2023\/08\/3-appuyez-sur-les-touches-entree-et-alt.png\" sizes=\"auto, \" srcset=\"\" alt=\"press-enter-and-alt-keys\" width=\"426\" height=\"166\"><\/li>\n<li> Ahora puedes ingresar el apellido en la segunda l\u00ednea, simplemente escribi\u00e9ndolo. <br \/><img loading=\"lazy\" decoding=\"async\" title=\"4-entrar-en-segunda-l\u00ednea\" src=\"https:\/\/exceladvisor.org\/wp-content\/uploads\/2023\/08\/4-entrer-en-deuxieme-ligne.png\" sizes=\"auto, \" srcset=\"\" alt=\"enter-in-second-line\" width=\"422\" height=\"203\"><\/li>\n<li> Al final, presione Enter para salir del modo de edici\u00f3n de celda. <br \/><img loading=\"lazy\" decoding=\"async\" title=\"5-presione enter\" src=\"https:\/\/exceladvisor.org\/wp-content\/uploads\/2023\/08\/5-appuyez-sur-entree.png\" sizes=\"auto, \" srcset=\"\" alt=\"hit-the-enter\" width=\"425\" height=\"158\"><\/li>\n<\/ol>\n<p> Entonces aqu\u00ed tienes una celda donde tienes un valor en la nueva fila (segunda fila) de la celda.<\/p>\n<p> Pero hay una cosa que debes saber cuando insertas una nueva fila en la celda usando el m\u00e9todo abreviado de teclado: <strong>Excel <a href=\"https:\/\/exceladvisor.org\/es\/ajustar-texto\/\">habilita autom\u00e1ticamente el ajuste de texto<\/a> para esa celda.<\/strong> <\/p>\n<div class=\"wp-block-image\">\n<figure class=\"aligncenter size-full is-resized\"><img loading=\"lazy\" decoding=\"async\" class=\"wp-image-72333\" src=\"https:\/\/exceladvisor.org\/wp-content\/uploads\/2023\/08\/6-habillage-du-texte-active.png\" sizes=\"auto, \" srcset=\"\" alt=\"habilitado para ajustar texto\" width=\"592\" height=\"347\"><\/figure>\n<\/div>\n<p> Ahora, si elimina este formato de texto envolvente de la celda, tambi\u00e9n eliminar\u00e1 la nueva l\u00ednea de la celda que agreg\u00f3 al ingresar los valores. <\/p>\n<div class=\"wp-block-image\">\n<figure class=\"aligncenter size-full is-resized\"><img loading=\"lazy\" decoding=\"async\" class=\"wp-image-72334\" src=\"https:\/\/exceladvisor.org\/wp-content\/uploads\/2023\/08\/7-supprimer-le-texte-dhabillage.png\" sizes=\"auto, \" srcset=\"\" alt=\"eliminar el texto envolvente\" width=\"591\" height=\"360\"><\/figure>\n<\/div>\n<h2 class=\"wp-block-heading\"> F\u00f3rmula para agregar una nueva fila a una celda en Excel<\/h2>\n<p> Si necesita insertar una nueva fila en varias celdas a la vez, la mejor manera es utilizar una f\u00f3rmula. En el siguiente ejemplo, tiene <a href=\"https:\/\/exceladvisor.org\/es\/obtener-la-primera-ultima-palabra\/\">nombres y apellidos<\/a> en las columnas A y B. <\/p>\n<div class=\"wp-block-image\">\n<figure class=\"aligncenter size-full is-resized\"><img loading=\"lazy\" decoding=\"async\" class=\"wp-image-72335\" src=\"https:\/\/exceladvisor.org\/wp-content\/uploads\/2023\/08\/8-ajouter-une-nouvelle-ligne-dans-les-cellules.png\" sizes=\"auto, \" srcset=\"\" alt=\"agregar nueva l\u00ednea en las celdas\" width=\"506\" height=\"331\"><\/figure>\n<\/div>\n<p> Ahora necesita CONCATENAR ambos para obtener el nombre completo en la columna C. Y aqu\u00ed tambi\u00e9n necesita usar la funci\u00f3n CHAR para ingresar una nueva fila en la celda. <\/p>\n<div class=\"wp-block-image\">\n<figure class=\"aligncenter size-full is-resized\"><img loading=\"lazy\" decoding=\"async\" class=\"wp-image-72336\" src=\"https:\/\/exceladvisor.org\/wp-content\/uploads\/2023\/08\/9-concatenation-et-fonction-char.png\" sizes=\"auto, \" srcset=\"\" alt=\"funci\u00f3n de concatenaci\u00f3n y car\u00e1cter\" width=\"610\" height=\"552\"><\/figure>\n<\/div>\n<ol type=\"1\">\n<li> Lo primero que debemos hacer es ingresar la funci\u00f3n de concatenaci\u00f3n en la celda C2.<\/li>\n<li> Despu\u00e9s de eso, en el primer argumento, consulte la celda A2 donde tiene el nombre.<\/li>\n<li> Luego, en el segundo argumento, ingrese la funci\u00f3n CHAR y use 10 como valor del argumento.<\/li>\n<li> A partir de ah\u00ed, en el tercer argumento, consulte la celda B2 donde tiene el apellido.<\/li>\n<li> Ahora presiona la tecla Enter y aplica esta f\u00f3rmula a todos los nombres que tienes en la columna.<\/li>\n<li> En \u00faltima instancia, para obtener el salto de l\u00ednea, debe aplicar el texto ajustado a toda la columna C.<\/li>\n<\/ol>\n<pre class=\"wp-block-code\"> <code class=\"language-excel-formula\" lang=\"excel-formula\">=CONCATENATE(A2,CHAR(10),B2)<\/code><\/pre>\n<p> De la misma manera tambi\u00e9n puedes usar el TEXTJOIN que tambi\u00e9n te ayuda a combinar dos valores de la celda y luego usando la funci\u00f3n CHAR puedes agregar una nueva l\u00ednea (salto de l\u00ednea) en la celda. <\/p>\n<div class=\"wp-block-image\">\n<figure class=\"aligncenter size-full is-resized\"><img loading=\"lazy\" decoding=\"async\" class=\"wp-image-72337\" src=\"https:\/\/exceladvisor.org\/wp-content\/uploads\/2023\/08\/10-fonction-textjoin-et-char.png\" sizes=\"auto, \" srcset=\"\" alt=\"funci\u00f3n de uni\u00f3n de texto y car\u00e1cter\" width=\"599\" height=\"581\"><\/figure>\n<\/div>\n<pre class=\"wp-block-code\"> <code class=\"language-excel-formula\" lang=\"excel-formula\">=TEXTJOIN(CHAR(10),TRUE,A2:B2)<\/code><\/pre>\n<p> Una vez que haya creado una f\u00f3rmula usando TEXTJOIN y CHAR, tambi\u00e9n debe aplicar formato de texto ajustado a la celda, para que muestre los dos valores en dos l\u00edneas diferentes mediante un <a href=\"https:\/\/exceladvisor.org\/es\/concatenar-un-salto-de-linea\/\">salto de l\u00ednea<\/a> .<\/p>\n<h2 class=\"wp-block-heading\"> Truco de rango con nombre para insertar una nueva fila en una celda<\/h2>\n<p> Tambi\u00e9n puede crear un rango con nombre en Excel y agregar una funci\u00f3n CHAR dentro de este rango con nombre. Vaya a la pesta\u00f1a F\u00f3rmula \u21e2 Administrador de nombres \u21e2 Nuevo. <\/p>\n<div class=\"wp-block-image\">\n<figure class=\"aligncenter size-full is-resized\"><img loading=\"lazy\" decoding=\"async\" class=\"wp-image-72338\" src=\"https:\/\/exceladvisor.org\/wp-content\/uploads\/2023\/08\/11-plage-nommee-pour-inserer-une-ligne.png\" sizes=\"auto, \" srcset=\"\" alt=\"rango-nombrado-para-insertar-l\u00ednea\" width=\"453\" height=\"301\"><\/figure>\n<\/div>\n<p> Ahora, si desea agregar una nueva fila en una celda mientras combina dos valores, simplemente puede usar una f\u00f3rmula como la siguiente. <\/p>\n<div class=\"wp-block-image\">\n<figure class=\"aligncenter size-full is-resized\"><img loading=\"lazy\" decoding=\"async\" class=\"wp-image-72339\" src=\"https:\/\/exceladvisor.org\/wp-content\/uploads\/2023\/08\/12-formules-pour-combiner-des-valeurs-dans-des-lignes.png\" sizes=\"auto, \" srcset=\"\" alt=\"f\u00f3rmula-para-combinar-valores-en-filas\" width=\"600\" height=\"589\"><\/figure>\n<\/div>\n<p> En este m\u00e9todo, tambi\u00e9n necesita aplicar texto ajustado a la celda para obtener el segundo valor en la nueva fila.<\/p>\n<div class=\"gb-container gb-container-0df56012 gb-container-mt\"> <a class=\"gb-button gb-button-f9f432f4 gb-button-text gb-button-mt-button\" href=\"https:\/\/exceladvisor.org\/es\/formulas\/\">Lista de f\u00f3rmulas de Excel<\/a><\/p>\n<h2 class=\"gb-headline gb-headline-233444e8 gb-headline-text gb-headline-mt-heading\"> F\u00f3rmulas relacionadas <\/h2>\n<div class=\"gb-grid-wrapper gb-grid-wrapper-a16fa65c gb-grid-wrapper-mt-grid\">\n<div class=\"gb-grid-column gb-grid-column-50d07e0d\">\n<div class=\"gb-container gb-container-50d07e0d\">\n<ul>\n<li> <a href=\"https:\/\/exceladvisor.org\/es\/ceros-a-la-izquierda\/\">Agregue ceros a la izquierda en Excel<\/a><\/li>\n<li> <a href=\"https:\/\/exceladvisor.org\/es\/concatenar-celdas-con-una-coma\/\">Concatenar (combinar) celdas con una coma en Excel<\/a><\/li>\n<li> <a href=\"https:\/\/exceladvisor.org\/es\/concatenar-un-rango-de-celdas\/\">Concatenar (combinar) un rango de celdas en Excel<\/a><\/li>\n<li> <a href=\"https:\/\/exceladvisor.org\/es\/concatenar-un-salto-de-linea\/\">Concatenar con salto de l\u00ednea en Excel<\/a><\/li>\n<\/ul>\n<\/div>\n<\/div>\n<\/div>\n<\/div>\n","protected":false},"excerpt":{"rendered":"<p>Para iniciar o insertar una nueva fila en una celda en Excel, puede utilizar varios m\u00e9todos. Pero lo m\u00e1s f\u00e1cil es usar el m\u00e9todo abreviado de teclado Alt + Enter que puedes usar al ingresar valores y, aparte de eso, puedes usarlo con una f\u00f3rmula, como TEXTJOIN y CONCATENATE. En este tutorial, veremos todos estos [&hellip;]<\/p>\n","protected":false},"author":1,"featured_media":0,"parent":0,"menu_order":0,"comment_status":"open","ping_status":"closed","template":"","meta":{"ub_ctt_via":"","footnotes":""},"class_list":["post-350","page","type-page","status-publish","hentry"],"featured_image_src":null,"yoast_head":"<!-- This site is optimized with the Yoast SEO plugin v25.4 - https:\/\/yoast.com\/wordpress\/plugins\/seo\/ -->\n<title>\u00bfc\u00f3mo agregar una nueva l\u00ednea a una celda?<\/title>\n<meta name=\"robots\" content=\"index, follow, max-snippet:-1, max-image-preview:large, max-video-preview:-1\" \/>\n<link rel=\"canonical\" href=\"https:\/\/exceladvisor.org\/es\/nueva-linea-en-la-celda\/\" \/>\n<meta property=\"og:locale\" content=\"es_ES\" \/>\n<meta property=\"og:type\" content=\"article\" \/>\n<meta property=\"og:title\" content=\"\u00bfc\u00f3mo agregar una nueva l\u00ednea a una celda?\" \/>\n<meta property=\"og:description\" content=\"Para iniciar o insertar una nueva fila en una celda en Excel, puede utilizar varios m\u00e9todos. Pero lo m\u00e1s f\u00e1cil es usar el m\u00e9todo abreviado de teclado Alt + Enter que puedes usar al ingresar valores y, aparte de eso, puedes usarlo con una f\u00f3rmula, como TEXTJOIN y CONCATENATE. En este tutorial, veremos todos estos [&hellip;]\" \/>\n<meta property=\"og:url\" content=\"https:\/\/exceladvisor.org\/es\/nueva-linea-en-la-celda\/\" \/>\n<meta property=\"og:site_name\" content=\"Excel Advisor\" \/>\n<meta property=\"article:modified_time\" content=\"2023-12-25T10:23:12+00:00\" \/>\n<meta property=\"og:image\" content=\"https:\/\/exceladvisor.org\/wp-content\/uploads\/2023\/08\/1-ajouter-une-nouvelle-ligne.png\" \/>\n<meta name=\"twitter:card\" content=\"summary_large_image\" \/>\n<meta name=\"twitter:label1\" content=\"Tiempo de lectura\" \/>\n\t<meta name=\"twitter:data1\" content=\"3 minutos\" \/>\n<script type=\"application\/ld+json\" class=\"yoast-schema-graph\">{\"@context\":\"https:\/\/schema.org\",\"@graph\":[{\"@type\":\"WebPage\",\"@id\":\"https:\/\/exceladvisor.org\/es\/nueva-linea-en-la-celda\/\",\"url\":\"https:\/\/exceladvisor.org\/es\/nueva-linea-en-la-celda\/\",\"name\":\"\u00bfc\u00f3mo agregar una nueva l\u00ednea a una celda?\",\"isPartOf\":{\"@id\":\"https:\/\/exceladvisor.org\/es\/#website\"},\"primaryImageOfPage\":{\"@id\":\"https:\/\/exceladvisor.org\/es\/nueva-linea-en-la-celda\/#primaryimage\"},\"image\":{\"@id\":\"https:\/\/exceladvisor.org\/es\/nueva-linea-en-la-celda\/#primaryimage\"},\"thumbnailUrl\":\"https:\/\/exceladvisor.org\/wp-content\/uploads\/2023\/08\/1-ajouter-une-nouvelle-ligne.png\",\"datePublished\":\"2023-11-01T23:34:59+00:00\",\"dateModified\":\"2023-12-25T10:23:12+00:00\",\"breadcrumb\":{\"@id\":\"https:\/\/exceladvisor.org\/es\/nueva-linea-en-la-celda\/#breadcrumb\"},\"inLanguage\":\"es\",\"potentialAction\":[{\"@type\":\"ReadAction\",\"target\":[\"https:\/\/exceladvisor.org\/es\/nueva-linea-en-la-celda\/\"]}]},{\"@type\":\"ImageObject\",\"inLanguage\":\"es\",\"@id\":\"https:\/\/exceladvisor.org\/es\/nueva-linea-en-la-celda\/#primaryimage\",\"url\":\"https:\/\/exceladvisor.org\/wp-content\/uploads\/2023\/08\/1-ajouter-une-nouvelle-ligne.png\",\"contentUrl\":\"https:\/\/exceladvisor.org\/wp-content\/uploads\/2023\/08\/1-ajouter-une-nouvelle-ligne.png\"},{\"@type\":\"BreadcrumbList\",\"@id\":\"https:\/\/exceladvisor.org\/es\/nueva-linea-en-la-celda\/#breadcrumb\",\"itemListElement\":[{\"@type\":\"ListItem\",\"position\":1,\"name\":\"Hogar\",\"item\":\"https:\/\/exceladvisor.org\/es\/\"},{\"@type\":\"ListItem\",\"position\":2,\"name\":\"\u00bfc\u00f3mo agregar una nueva l\u00ednea a una celda?\"}]},{\"@type\":\"WebSite\",\"@id\":\"https:\/\/exceladvisor.org\/es\/#website\",\"url\":\"https:\/\/exceladvisor.org\/es\/\",\"name\":\"Excel Advisor\",\"description\":\"Su gu\u00eda para la dominaci\u00f3n de datos!\",\"publisher\":{\"@id\":\"https:\/\/exceladvisor.org\/es\/#organization\"},\"potentialAction\":[{\"@type\":\"SearchAction\",\"target\":{\"@type\":\"EntryPoint\",\"urlTemplate\":\"https:\/\/exceladvisor.org\/es\/?s={search_term_string}\"},\"query-input\":{\"@type\":\"PropertyValueSpecification\",\"valueRequired\":true,\"valueName\":\"search_term_string\"}}],\"inLanguage\":\"es\"},{\"@type\":\"Organization\",\"@id\":\"https:\/\/exceladvisor.org\/es\/#organization\",\"name\":\"Excel Advisor\",\"url\":\"https:\/\/exceladvisor.org\/es\/\",\"logo\":{\"@type\":\"ImageObject\",\"inLanguage\":\"es\",\"@id\":\"https:\/\/exceladvisor.org\/es\/#\/schema\/logo\/image\/\",\"url\":\"https:\/\/exceladvisor.org\/es\/wp-content\/uploads\/2023\/12\/exceladvisor.org_.png\",\"contentUrl\":\"https:\/\/exceladvisor.org\/es\/wp-content\/uploads\/2023\/12\/exceladvisor.org_.png\",\"width\":105,\"height\":36,\"caption\":\"Excel Advisor\"},\"image\":{\"@id\":\"https:\/\/exceladvisor.org\/es\/#\/schema\/logo\/image\/\"}}]}<\/script>\n<!-- \/ Yoast SEO plugin. -->","yoast_head_json":{"title":"\u00bfc\u00f3mo agregar una nueva l\u00ednea a una celda?","robots":{"index":"index","follow":"follow","max-snippet":"max-snippet:-1","max-image-preview":"max-image-preview:large","max-video-preview":"max-video-preview:-1"},"canonical":"https:\/\/exceladvisor.org\/es\/nueva-linea-en-la-celda\/","og_locale":"es_ES","og_type":"article","og_title":"\u00bfc\u00f3mo agregar una nueva l\u00ednea a una celda?","og_description":"Para iniciar o insertar una nueva fila en una celda en Excel, puede utilizar varios m\u00e9todos. Pero lo m\u00e1s f\u00e1cil es usar el m\u00e9todo abreviado de teclado Alt + Enter que puedes usar al ingresar valores y, aparte de eso, puedes usarlo con una f\u00f3rmula, como TEXTJOIN y CONCATENATE. En este tutorial, veremos todos estos [&hellip;]","og_url":"https:\/\/exceladvisor.org\/es\/nueva-linea-en-la-celda\/","og_site_name":"Excel Advisor","article_modified_time":"2023-12-25T10:23:12+00:00","og_image":[{"url":"https:\/\/exceladvisor.org\/wp-content\/uploads\/2023\/08\/1-ajouter-une-nouvelle-ligne.png","type":"","width":"","height":""}],"twitter_card":"summary_large_image","twitter_misc":{"Tiempo de lectura":"3 minutos"},"schema":{"@context":"https:\/\/schema.org","@graph":[{"@type":"WebPage","@id":"https:\/\/exceladvisor.org\/es\/nueva-linea-en-la-celda\/","url":"https:\/\/exceladvisor.org\/es\/nueva-linea-en-la-celda\/","name":"\u00bfc\u00f3mo agregar una nueva l\u00ednea a una celda?","isPartOf":{"@id":"https:\/\/exceladvisor.org\/es\/#website"},"primaryImageOfPage":{"@id":"https:\/\/exceladvisor.org\/es\/nueva-linea-en-la-celda\/#primaryimage"},"image":{"@id":"https:\/\/exceladvisor.org\/es\/nueva-linea-en-la-celda\/#primaryimage"},"thumbnailUrl":"https:\/\/exceladvisor.org\/wp-content\/uploads\/2023\/08\/1-ajouter-une-nouvelle-ligne.png","datePublished":"2023-11-01T23:34:59+00:00","dateModified":"2023-12-25T10:23:12+00:00","breadcrumb":{"@id":"https:\/\/exceladvisor.org\/es\/nueva-linea-en-la-celda\/#breadcrumb"},"inLanguage":"es","potentialAction":[{"@type":"ReadAction","target":["https:\/\/exceladvisor.org\/es\/nueva-linea-en-la-celda\/"]}]},{"@type":"ImageObject","inLanguage":"es","@id":"https:\/\/exceladvisor.org\/es\/nueva-linea-en-la-celda\/#primaryimage","url":"https:\/\/exceladvisor.org\/wp-content\/uploads\/2023\/08\/1-ajouter-une-nouvelle-ligne.png","contentUrl":"https:\/\/exceladvisor.org\/wp-content\/uploads\/2023\/08\/1-ajouter-une-nouvelle-ligne.png"},{"@type":"BreadcrumbList","@id":"https:\/\/exceladvisor.org\/es\/nueva-linea-en-la-celda\/#breadcrumb","itemListElement":[{"@type":"ListItem","position":1,"name":"Hogar","item":"https:\/\/exceladvisor.org\/es\/"},{"@type":"ListItem","position":2,"name":"\u00bfc\u00f3mo agregar una nueva l\u00ednea a una celda?"}]},{"@type":"WebSite","@id":"https:\/\/exceladvisor.org\/es\/#website","url":"https:\/\/exceladvisor.org\/es\/","name":"Excel Advisor","description":"Su gu\u00eda para la dominaci\u00f3n de datos!","publisher":{"@id":"https:\/\/exceladvisor.org\/es\/#organization"},"potentialAction":[{"@type":"SearchAction","target":{"@type":"EntryPoint","urlTemplate":"https:\/\/exceladvisor.org\/es\/?s={search_term_string}"},"query-input":{"@type":"PropertyValueSpecification","valueRequired":true,"valueName":"search_term_string"}}],"inLanguage":"es"},{"@type":"Organization","@id":"https:\/\/exceladvisor.org\/es\/#organization","name":"Excel Advisor","url":"https:\/\/exceladvisor.org\/es\/","logo":{"@type":"ImageObject","inLanguage":"es","@id":"https:\/\/exceladvisor.org\/es\/#\/schema\/logo\/image\/","url":"https:\/\/exceladvisor.org\/es\/wp-content\/uploads\/2023\/12\/exceladvisor.org_.png","contentUrl":"https:\/\/exceladvisor.org\/es\/wp-content\/uploads\/2023\/12\/exceladvisor.org_.png","width":105,"height":36,"caption":"Excel Advisor"},"image":{"@id":"https:\/\/exceladvisor.org\/es\/#\/schema\/logo\/image\/"}}]}},"yoast_meta":{"yoast_wpseo_title":"","yoast_wpseo_metadesc":"","yoast_wpseo_canonical":""},"_links":{"self":[{"href":"https:\/\/exceladvisor.org\/es\/wp-json\/wp\/v2\/pages\/350","targetHints":{"allow":["GET"]}}],"collection":[{"href":"https:\/\/exceladvisor.org\/es\/wp-json\/wp\/v2\/pages"}],"about":[{"href":"https:\/\/exceladvisor.org\/es\/wp-json\/wp\/v2\/types\/page"}],"author":[{"embeddable":true,"href":"https:\/\/exceladvisor.org\/es\/wp-json\/wp\/v2\/users\/1"}],"replies":[{"embeddable":true,"href":"https:\/\/exceladvisor.org\/es\/wp-json\/wp\/v2\/comments?post=350"}],"version-history":[{"count":1,"href":"https:\/\/exceladvisor.org\/es\/wp-json\/wp\/v2\/pages\/350\/revisions"}],"predecessor-version":[{"id":825,"href":"https:\/\/exceladvisor.org\/es\/wp-json\/wp\/v2\/pages\/350\/revisions\/825"}],"wp:attachment":[{"href":"https:\/\/exceladvisor.org\/es\/wp-json\/wp\/v2\/media?parent=350"}],"curies":[{"name":"wp","href":"https:\/\/api.w.org\/{rel}","templated":true}]}}