{"id":351,"date":"2023-11-01T18:30:27","date_gmt":"2023-11-01T18:30:27","guid":{"rendered":"https:\/\/exceladvisor.org\/es\/anadir-a-tu-curriculum\/"},"modified":"2023-12-25T10:26:09","modified_gmt":"2023-12-25T10:26:09","slug":"anadir-a-tu-curriculum","status":"publish","type":"page","link":"https:\/\/exceladvisor.org\/es\/anadir-a-tu-curriculum\/","title":{"rendered":"\u00bfc\u00f3mo mostrar tu experiencia en excel en un cv?"},"content":{"rendered":"<div class=\"excel-antes-del-contenido\" id=\"excel-2729514931\"><script type=\"text\/javascript\">\r\n\tatOptions = {\r\n\t\t'key' : 'c1158f160081d6540a8409e6925dab94',\r\n\t\t'format' : 'iframe',\r\n\t\t'height' : 250,\r\n\t\t'width' : 300,\r\n\t\t'params' : {}\r\n\t};\r\n<\/script>\r\n<script type=\"text\/javascript\" src=\"\/\/www.highperformanceformat.com\/c1158f160081d6540a8409e6925dab94\/invoke.js\"><\/script><\/div><p><img loading=\"lazy\" decoding=\"async\" class=\"aligncenter\" style=\"aspect-ratio: auto 500 \/ 500;\" title=\"agregue-habilidades-a-su-curr\u00edculum\" src=\"https:\/\/exceladvisor.org\/wp-content\/uploads\/2023\/08\/1-ajouter-des-competences-a-votre-CV.png\" sizes=\"auto, \" srcset=\"\" alt=\"add-skills-to-your-resume\" width=\"195\" height=\"195\" data-id=\"90027\" data-init-width=\"500\" data-init-height=\"500\" data-width=\"195\" data-height=\"195\"><\/p>\n<p> Excel es una aplicaci\u00f3n que tiene una amplia gama de usos y una vez que comiences a aprenderla, comprender\u00e1s que hay cientos de funciones que puedes aprender.<\/p>\n<p> Ahora la pregunta m\u00e1s importante es, cuando lo aprendas y domines algunas de sus principales caracter\u00edsticas y opciones, \u00bfc\u00f3mo puedes mostrarlo en tu curr\u00edculum o CV? Hay tres niveles principales de habilidad en Excel que puede alcanzar:<\/p>\n<ul>\n<li> <span data-preserver-spaces=\"true\">B\u00e1sico<\/span><\/li>\n<li> <span data-preserver-spaces=\"true\">Intermedio<\/span><\/li>\n<li> <span data-preserver-spaces=\"true\">Avance<\/span><\/li>\n<\/ul>\n<p> La mayor\u00eda de los usuarios de Excel utilizan estos tres niveles para definir sus habilidades en sus curr\u00edculums. Pero, si considera la comprensi\u00f3n, estos niveles no representan con precisi\u00f3n sus habilidades.<\/p>\n<h2> Entonces, \u00bfcu\u00e1l es la forma correcta de mencionar mis habilidades en Excel en el CV?<\/h2>\n<p> <em>No se trata de qu\u00e9 tan bien conoce Microsoft Excel, sino de c\u00f3mo puede ayudar a su empresa y a sus negocios con \u00e9l.<\/em><\/p>\n<p> Y a continuaci\u00f3n se presentan cinco formas importantes en las que puede utilizar Excel para ayudar a su empresa y que puede mencionar en su curr\u00edculum. <\/p>\n<p><img loading=\"lazy\" decoding=\"async\" style=\"aspect-ratio: auto 944 \/ 306;\" title=\"medidor-de-habilidades-para-agregar-habilidades-a-su-curr\u00edculum\" src=\"https:\/\/exceladvisor.org\/wp-content\/uploads\/2023\/08\/compteur-de-competences-pour-ajouter-des-competences-a-votre-CV.png\" sizes=\"auto, \" srcset=\"\" alt=\"skill-meter-to-add-skills-to-your-resume\" width=\"607\" height=\"197\" data-id=\"90609\" data-init-width=\"944\" data-init-height=\"306\" data-width=\"607\" data-height=\"197\"><\/p>\n<p> <a style=\"outline: none;\" href=\"https:\/\/exceladvisor.org\/wp-content\/uploads\/2023\/11\/modele-de-competences-excel.xlsx\" rel=\"nofollow\">plantilla-de-habilidades-de-excel.xlsx<\/a><\/p>\n<h3> (1). S\u00e9 gestionar y estructurar datos.<\/h3>\n<p> Todo comienza con los datos. Y por eso es importante saber gestionar datos con Excel. Puede describir qu\u00e9 tan bien puede administrar los datos de su CV.<\/p>\n<p> Digamos que tiene muchos archivos de Excel con datos y ahora necesita combinar los datos de todos estos archivos. Ahora bien, esto requiere que sepas c\u00f3mo hacer esto con Excel. La mejor manera de lograrlo es utilizar Power Query o VBA.<\/p>\n<ul>\n<li> Fusionar varios archivos de Excel<\/li>\n<li> <a style=\"outline: none;\" href=\"https:\/\/exceladvisor.org\/es\/combinar-libros-de-trabajo\/\">Combine libros de Excel con VBA<\/a><\/li>\n<\/ul>\n<h3> (2). Puedo limpiar y transformar datos para su uso posterior.<\/h3>\n<p> Una de las necesidades importantes de una empresa es tener datos limpios y listos para usar. Y estas son habilidades que debes dominar y mencionar en tu CV al respecto.<\/p>\n<p> Para ello es necesario conocer la f\u00f3rmula, funciones y consulta de potencia. Ambos pueden ayudarle a transformar datos sin procesar en datos listos para usar para informes y paneles.<\/p>\n<ul>\n<li> <a href=\"https:\/\/exceladvisor.org\/es\/formulas\/\">Lista de f\u00f3rmulas de Excel (B\u00e1sico + Avanzado)<\/a><\/li>\n<li> <a href=\"https:\/\/exceladvisor.org\/es\/solicitud-de-energia\/\">Utilice Power Query para transformar datos<\/a><\/li>\n<\/ul>\n<h3> (3). Puedo presentar datos de forma visual con gr\u00e1ficos e infograf\u00edas.<\/h3>\n<p> Crear gr\u00e1ficos es una de las mejores y m\u00e1s poderosas formas de presentar sus datos. En Excel, tienes una larga lista de gr\u00e1ficos predefinidos e incluso infograf\u00edas que puedes crear.<\/p>\n<p> Tambi\u00e9n hay muchas opciones en Excel para personalizar gr\u00e1ficos, como cambiar estilos y agregar y eliminar elementos del gr\u00e1fico. Excel tambi\u00e9n le permite copiar y pegar su gr\u00e1fico en otra aplicaci\u00f3n y guardarlo como una imagen.<\/p>\n<ul>\n<li> <a href=\"https:\/\/exceladvisor.org\/es\/graficos-de-excel\/\"><strong>Tipos de gr\u00e1ficos en Excel<\/strong><\/a><\/li>\n<li> <a href=\"https:\/\/exceladvisor.org\/es\/graficos-avanzados\/\"><strong>Gr\u00e1ficos avanzados de Excel<\/strong><\/a><\/li>\n<\/ul>\n<h3> (4). Puedo crear informes y paneles para ayudar a tomar mejores decisiones.<\/h3>\n<p> Una de las habilidades m\u00e1s esenciales que podr\u00eda tener es la creaci\u00f3n de informes y paneles a partir de los datos que tiene en Excel. Con informes y paneles, puede ayudar a otros a obtener informaci\u00f3n y ayudar a la empresa a tomar mejores decisiones.<\/p>\n<p> Las tablas din\u00e1micas son una parte esencial de la creaci\u00f3n de un informe en Excel. Le ayuda a resumir datos en poco tiempo y es din\u00e1mico, lo que significa que una vez que agrega nuevos datos a la fuente, puede actualizarlos de forma din\u00e1mica con solo un clic.<\/p>\n<ul>\n<li> Aprenda a utilizar tablas din\u00e1micas en Excel<\/li>\n<li> <a href=\"https:\/\/exceladvisor.org\/es\/reporte-de-ventas\/\"><strong>Crear un informe de ventas en Excel<\/strong><\/a><\/li>\n<\/ul>\n<h3> (5). Puedo automatizar actividades de Excel con VBA para ahorrar tiempo.<\/h3>\n<p> En Excel, puedes escribir c\u00f3digos y automatizar tus actividades. Por ejemplo, puedes crear una tabla din\u00e1mica con solo un clic. Y si sabes escribir c\u00f3digos y automatizar cosas, puedes mencionarlo en tu CV.<\/p>\n<p> La automatizaci\u00f3n con VBA puede ayudar a su empresa a ahorrar mucho dinero porque no necesita contratar a un programador ni a un experto en automatizaci\u00f3n. Saber VBA es una gran habilidad que puedes agregar a tus conocimientos de Excel.<\/p>\n<ul>\n<li> <strong><a style=\"outline: none;\" href=\"https:\/\/exceladvisor.org\/es\/vba\/\">VBA en Excel: la mejor manera de aprender a programar<\/a><\/strong><\/li>\n<li> Ejemplos \u00fatiles de macros de Excel<\/li>\n<\/ul>\n","protected":false},"excerpt":{"rendered":"<p>Excel es una aplicaci\u00f3n que tiene una amplia gama de usos y una vez que comiences a aprenderla, comprender\u00e1s que hay cientos de funciones que puedes aprender. Ahora la pregunta m\u00e1s importante es, cuando lo aprendas y domines algunas de sus principales caracter\u00edsticas y opciones, \u00bfc\u00f3mo puedes mostrarlo en tu curr\u00edculum o CV? Hay tres [&hellip;]<\/p>\n","protected":false},"author":1,"featured_media":0,"parent":0,"menu_order":0,"comment_status":"open","ping_status":"closed","template":"","meta":{"ub_ctt_via":"","footnotes":""},"class_list":["post-351","page","type-page","status-publish","hentry"],"featured_image_src":null,"yoast_head":"<!-- This site is optimized with the Yoast SEO plugin v25.4 - https:\/\/yoast.com\/wordpress\/plugins\/seo\/ -->\n<title>\u00bfc\u00f3mo mostrar tu experiencia en excel en un cv?<\/title>\n<meta name=\"robots\" content=\"index, follow, max-snippet:-1, max-image-preview:large, max-video-preview:-1\" \/>\n<link rel=\"canonical\" href=\"https:\/\/exceladvisor.org\/es\/anadir-a-tu-curriculum\/\" \/>\n<meta property=\"og:locale\" content=\"es_ES\" \/>\n<meta property=\"og:type\" content=\"article\" \/>\n<meta property=\"og:title\" content=\"\u00bfc\u00f3mo mostrar tu experiencia en excel en un cv?\" \/>\n<meta property=\"og:description\" content=\"Excel es una aplicaci\u00f3n que tiene una amplia gama de usos y una vez que comiences a aprenderla, comprender\u00e1s que hay cientos de funciones que puedes aprender. Ahora la pregunta m\u00e1s importante es, cuando lo aprendas y domines algunas de sus principales caracter\u00edsticas y opciones, \u00bfc\u00f3mo puedes mostrarlo en tu curr\u00edculum o CV? Hay tres [&hellip;]\" \/>\n<meta property=\"og:url\" content=\"https:\/\/exceladvisor.org\/es\/anadir-a-tu-curriculum\/\" \/>\n<meta property=\"og:site_name\" content=\"Excel Advisor\" \/>\n<meta property=\"article:modified_time\" content=\"2023-12-25T10:26:09+00:00\" \/>\n<meta property=\"og:image\" content=\"https:\/\/exceladvisor.org\/wp-content\/uploads\/2023\/08\/1-ajouter-des-competences-a-votre-CV.png\" \/>\n<meta name=\"twitter:card\" content=\"summary_large_image\" \/>\n<meta name=\"twitter:label1\" content=\"Tiempo de lectura\" \/>\n\t<meta name=\"twitter:data1\" content=\"3 minutos\" \/>\n<script type=\"application\/ld+json\" class=\"yoast-schema-graph\">{\"@context\":\"https:\/\/schema.org\",\"@graph\":[{\"@type\":\"WebPage\",\"@id\":\"https:\/\/exceladvisor.org\/es\/anadir-a-tu-curriculum\/\",\"url\":\"https:\/\/exceladvisor.org\/es\/anadir-a-tu-curriculum\/\",\"name\":\"\u00bfc\u00f3mo mostrar tu experiencia en excel en un cv?\",\"isPartOf\":{\"@id\":\"https:\/\/exceladvisor.org\/es\/#website\"},\"primaryImageOfPage\":{\"@id\":\"https:\/\/exceladvisor.org\/es\/anadir-a-tu-curriculum\/#primaryimage\"},\"image\":{\"@id\":\"https:\/\/exceladvisor.org\/es\/anadir-a-tu-curriculum\/#primaryimage\"},\"thumbnailUrl\":\"https:\/\/exceladvisor.org\/wp-content\/uploads\/2023\/08\/1-ajouter-des-competences-a-votre-CV.png\",\"datePublished\":\"2023-11-01T18:30:27+00:00\",\"dateModified\":\"2023-12-25T10:26:09+00:00\",\"breadcrumb\":{\"@id\":\"https:\/\/exceladvisor.org\/es\/anadir-a-tu-curriculum\/#breadcrumb\"},\"inLanguage\":\"es\",\"potentialAction\":[{\"@type\":\"ReadAction\",\"target\":[\"https:\/\/exceladvisor.org\/es\/anadir-a-tu-curriculum\/\"]}]},{\"@type\":\"ImageObject\",\"inLanguage\":\"es\",\"@id\":\"https:\/\/exceladvisor.org\/es\/anadir-a-tu-curriculum\/#primaryimage\",\"url\":\"https:\/\/exceladvisor.org\/wp-content\/uploads\/2023\/08\/1-ajouter-des-competences-a-votre-CV.png\",\"contentUrl\":\"https:\/\/exceladvisor.org\/wp-content\/uploads\/2023\/08\/1-ajouter-des-competences-a-votre-CV.png\"},{\"@type\":\"BreadcrumbList\",\"@id\":\"https:\/\/exceladvisor.org\/es\/anadir-a-tu-curriculum\/#breadcrumb\",\"itemListElement\":[{\"@type\":\"ListItem\",\"position\":1,\"name\":\"Hogar\",\"item\":\"https:\/\/exceladvisor.org\/es\/\"},{\"@type\":\"ListItem\",\"position\":2,\"name\":\"\u00bfc\u00f3mo mostrar tu experiencia en excel en un cv?\"}]},{\"@type\":\"WebSite\",\"@id\":\"https:\/\/exceladvisor.org\/es\/#website\",\"url\":\"https:\/\/exceladvisor.org\/es\/\",\"name\":\"Excel Advisor\",\"description\":\"Su gu\u00eda para la dominaci\u00f3n de datos!\",\"publisher\":{\"@id\":\"https:\/\/exceladvisor.org\/es\/#organization\"},\"potentialAction\":[{\"@type\":\"SearchAction\",\"target\":{\"@type\":\"EntryPoint\",\"urlTemplate\":\"https:\/\/exceladvisor.org\/es\/?s={search_term_string}\"},\"query-input\":{\"@type\":\"PropertyValueSpecification\",\"valueRequired\":true,\"valueName\":\"search_term_string\"}}],\"inLanguage\":\"es\"},{\"@type\":\"Organization\",\"@id\":\"https:\/\/exceladvisor.org\/es\/#organization\",\"name\":\"Excel Advisor\",\"url\":\"https:\/\/exceladvisor.org\/es\/\",\"logo\":{\"@type\":\"ImageObject\",\"inLanguage\":\"es\",\"@id\":\"https:\/\/exceladvisor.org\/es\/#\/schema\/logo\/image\/\",\"url\":\"https:\/\/exceladvisor.org\/es\/wp-content\/uploads\/2023\/12\/exceladvisor.org_.png\",\"contentUrl\":\"https:\/\/exceladvisor.org\/es\/wp-content\/uploads\/2023\/12\/exceladvisor.org_.png\",\"width\":105,\"height\":36,\"caption\":\"Excel Advisor\"},\"image\":{\"@id\":\"https:\/\/exceladvisor.org\/es\/#\/schema\/logo\/image\/\"}}]}<\/script>\n<!-- \/ Yoast SEO plugin. -->","yoast_head_json":{"title":"\u00bfc\u00f3mo mostrar tu experiencia en excel en un cv?","robots":{"index":"index","follow":"follow","max-snippet":"max-snippet:-1","max-image-preview":"max-image-preview:large","max-video-preview":"max-video-preview:-1"},"canonical":"https:\/\/exceladvisor.org\/es\/anadir-a-tu-curriculum\/","og_locale":"es_ES","og_type":"article","og_title":"\u00bfc\u00f3mo mostrar tu experiencia en excel en un cv?","og_description":"Excel es una aplicaci\u00f3n que tiene una amplia gama de usos y una vez que comiences a aprenderla, comprender\u00e1s que hay cientos de funciones que puedes aprender. Ahora la pregunta m\u00e1s importante es, cuando lo aprendas y domines algunas de sus principales caracter\u00edsticas y opciones, \u00bfc\u00f3mo puedes mostrarlo en tu curr\u00edculum o CV? Hay tres [&hellip;]","og_url":"https:\/\/exceladvisor.org\/es\/anadir-a-tu-curriculum\/","og_site_name":"Excel Advisor","article_modified_time":"2023-12-25T10:26:09+00:00","og_image":[{"url":"https:\/\/exceladvisor.org\/wp-content\/uploads\/2023\/08\/1-ajouter-des-competences-a-votre-CV.png","type":"","width":"","height":""}],"twitter_card":"summary_large_image","twitter_misc":{"Tiempo de lectura":"3 minutos"},"schema":{"@context":"https:\/\/schema.org","@graph":[{"@type":"WebPage","@id":"https:\/\/exceladvisor.org\/es\/anadir-a-tu-curriculum\/","url":"https:\/\/exceladvisor.org\/es\/anadir-a-tu-curriculum\/","name":"\u00bfc\u00f3mo mostrar tu experiencia en excel en un cv?","isPartOf":{"@id":"https:\/\/exceladvisor.org\/es\/#website"},"primaryImageOfPage":{"@id":"https:\/\/exceladvisor.org\/es\/anadir-a-tu-curriculum\/#primaryimage"},"image":{"@id":"https:\/\/exceladvisor.org\/es\/anadir-a-tu-curriculum\/#primaryimage"},"thumbnailUrl":"https:\/\/exceladvisor.org\/wp-content\/uploads\/2023\/08\/1-ajouter-des-competences-a-votre-CV.png","datePublished":"2023-11-01T18:30:27+00:00","dateModified":"2023-12-25T10:26:09+00:00","breadcrumb":{"@id":"https:\/\/exceladvisor.org\/es\/anadir-a-tu-curriculum\/#breadcrumb"},"inLanguage":"es","potentialAction":[{"@type":"ReadAction","target":["https:\/\/exceladvisor.org\/es\/anadir-a-tu-curriculum\/"]}]},{"@type":"ImageObject","inLanguage":"es","@id":"https:\/\/exceladvisor.org\/es\/anadir-a-tu-curriculum\/#primaryimage","url":"https:\/\/exceladvisor.org\/wp-content\/uploads\/2023\/08\/1-ajouter-des-competences-a-votre-CV.png","contentUrl":"https:\/\/exceladvisor.org\/wp-content\/uploads\/2023\/08\/1-ajouter-des-competences-a-votre-CV.png"},{"@type":"BreadcrumbList","@id":"https:\/\/exceladvisor.org\/es\/anadir-a-tu-curriculum\/#breadcrumb","itemListElement":[{"@type":"ListItem","position":1,"name":"Hogar","item":"https:\/\/exceladvisor.org\/es\/"},{"@type":"ListItem","position":2,"name":"\u00bfc\u00f3mo mostrar tu experiencia en excel en un cv?"}]},{"@type":"WebSite","@id":"https:\/\/exceladvisor.org\/es\/#website","url":"https:\/\/exceladvisor.org\/es\/","name":"Excel Advisor","description":"Su gu\u00eda para la dominaci\u00f3n de datos!","publisher":{"@id":"https:\/\/exceladvisor.org\/es\/#organization"},"potentialAction":[{"@type":"SearchAction","target":{"@type":"EntryPoint","urlTemplate":"https:\/\/exceladvisor.org\/es\/?s={search_term_string}"},"query-input":{"@type":"PropertyValueSpecification","valueRequired":true,"valueName":"search_term_string"}}],"inLanguage":"es"},{"@type":"Organization","@id":"https:\/\/exceladvisor.org\/es\/#organization","name":"Excel Advisor","url":"https:\/\/exceladvisor.org\/es\/","logo":{"@type":"ImageObject","inLanguage":"es","@id":"https:\/\/exceladvisor.org\/es\/#\/schema\/logo\/image\/","url":"https:\/\/exceladvisor.org\/es\/wp-content\/uploads\/2023\/12\/exceladvisor.org_.png","contentUrl":"https:\/\/exceladvisor.org\/es\/wp-content\/uploads\/2023\/12\/exceladvisor.org_.png","width":105,"height":36,"caption":"Excel Advisor"},"image":{"@id":"https:\/\/exceladvisor.org\/es\/#\/schema\/logo\/image\/"}}]}},"yoast_meta":{"yoast_wpseo_title":"","yoast_wpseo_metadesc":"","yoast_wpseo_canonical":""},"_links":{"self":[{"href":"https:\/\/exceladvisor.org\/es\/wp-json\/wp\/v2\/pages\/351","targetHints":{"allow":["GET"]}}],"collection":[{"href":"https:\/\/exceladvisor.org\/es\/wp-json\/wp\/v2\/pages"}],"about":[{"href":"https:\/\/exceladvisor.org\/es\/wp-json\/wp\/v2\/types\/page"}],"author":[{"embeddable":true,"href":"https:\/\/exceladvisor.org\/es\/wp-json\/wp\/v2\/users\/1"}],"replies":[{"embeddable":true,"href":"https:\/\/exceladvisor.org\/es\/wp-json\/wp\/v2\/comments?post=351"}],"version-history":[{"count":1,"href":"https:\/\/exceladvisor.org\/es\/wp-json\/wp\/v2\/pages\/351\/revisions"}],"predecessor-version":[{"id":1123,"href":"https:\/\/exceladvisor.org\/es\/wp-json\/wp\/v2\/pages\/351\/revisions\/1123"}],"wp:attachment":[{"href":"https:\/\/exceladvisor.org\/es\/wp-json\/wp\/v2\/media?parent=351"}],"curies":[{"name":"wp","href":"https:\/\/api.w.org\/{rel}","templated":true}]}}