{"id":354,"date":"2023-11-01T00:43:37","date_gmt":"2023-11-01T00:43:37","guid":{"rendered":"https:\/\/exceladvisor.org\/es\/pulgas\/"},"modified":"2023-12-25T10:26:02","modified_gmt":"2023-12-25T10:26:02","slug":"pulgas","status":"publish","type":"page","link":"https:\/\/exceladvisor.org\/es\/pulgas\/","title":{"rendered":"\u00bfc\u00f3mo insertar vi\u00f1etas en excel?"},"content":{"rendered":"<div class=\"excel-antes-del-contenido\" id=\"excel-1084948369\"><script type=\"text\/javascript\">\r\n\tatOptions = {\r\n\t\t'key' : 'c1158f160081d6540a8409e6925dab94',\r\n\t\t'format' : 'iframe',\r\n\t\t'height' : 250,\r\n\t\t'width' : 300,\r\n\t\t'params' : {}\r\n\t};\r\n<\/script>\r\n<script type=\"text\/javascript\" src=\"\/\/www.highperformanceformat.com\/c1158f160081d6540a8409e6925dab94\/invoke.js\"><\/script><\/div><p>Es importante capturar datos de la manera correcta.<\/p>\n<p> En Excel, usamos n\u00fameros de serie la mayor parte del tiempo, pero cuando trabajamos en listas, la mejor manera es usar vi\u00f1etas. Utilizo principalmente listas con vi\u00f1etas para capturar mi trabajo diario (listas de tareas pendientes, puntos importantes).<\/p>\n<p> Ahora la mala noticia es. En Excel, no existe una forma predeterminada de insertar una vi\u00f1eta como la que tenemos en Microsoft Word.<\/p>\n<p> Pero aqu\u00ed est\u00e1n las buenas noticias. Hace unos d\u00edas me di cuenta de que en realidad podemos usar 8 formas diferentes de insertar vi\u00f1etas en Excel.<\/p>\n<p> Y todos estos m\u00e9todos pueden resultar \u00fatiles en diferentes situaciones. Por eso hoy en este art\u00edculo me gustar\u00eda compartir con ustedes todos estos m\u00e9todos.<\/p>\n<p> <strong>[icon name=\u201dbell\u201d unprefixed_]<\/strong> Este tutorial es parte de nuestras <a href=\"https:\/\/exceladvisor.org\/es\/habilidades-de-sobresalir\/\">Habilidades b\u00e1sicas de Excel<\/a> y, si desea mejorar sus habilidades existentes en Excel, consulte estos <a href=\"https:\/\/exceladvisor.org\/es\/consejo\/\" data-wpil=\"url\">consejos y trucos de Excel<\/a> .<\/p>\n<h2 id=\"t-1588503264726\" class=\"wp-block-heading\"> Agregar una vi\u00f1eta desde el cuadro de di\u00e1logo de s\u00edmbolo<\/h2>\n<p> Estoy seguro de que has utilizado este m\u00e9todo antes.<\/p>\n<ol>\n<li> Seleccione la celda a la que desea agregar una vi\u00f1eta<\/li>\n<li> Vaya a la pesta\u00f1a Insertar \u279c Haga clic en S\u00edmbolo. <br \/><img decoding=\"async\" title=\"Haga clic en el s\u00edmbolo para insertar una vi\u00f1eta en Excel\" src=\"https:\/\/exceladvisor.org\/wp-content\/uploads\/2023\/08\/Cliquez-sur-le-symbole-pour-inserer-une-puce-dans-Excel.png\" sizes=\"\" srcset=\"\" alt=\"Click On Symbol To Insert Bullet Point In Excel\"><\/li>\n<li> Una vez que haga clic en el bot\u00f3n del s\u00edmbolo, obtendr\u00e1 un cuadro de di\u00e1logo de s\u00edmbolo.<\/li>\n<li> En el cuadro de di\u00e1logo de s\u00edmbolos, tiene muchos s\u00edmbolos inteligentes para usar como vi\u00f1eta o simplemente puede usar un punto negro.<\/li>\n<li> Una vez que haya elegido su vi\u00f1eta, simplemente haga clic en el inserto para agregarla en la celda. <br \/><img decoding=\"async\" title=\"Abrir-cuadro-de-di\u00e1logo-de-s\u00edmbolo-para-insertar-punto-de-vi\u00f1eta-en-Excel-1\" src=\"https:\/\/exceladvisor.org\/wp-content\/uploads\/2023\/08\/Ouvrir-la-boite-de-dialogue-Symbole-pour-inserer-une-puce-dans-Excel-1.png\" sizes=\"\" srcset=\"\" alt=\"Open Symbol Dialog Box To Insert Bullet Point In Excel\"><\/li>\n<\/ol>\n<p> Aqu\u00ed hay algunos s\u00edmbolos que puede usar para una lista con vi\u00f1etas en Excel. <\/p>\n<div class=\"wp-block-image\">\n<figure class=\"aligncenter is-resized\"><img loading=\"lazy\" decoding=\"async\" src=\"https:\/\/exceladvisor.org\/wp-content\/uploads\/2023\/08\/Utiliser-un-symbole-different-de-la-boite-de-dialogue-pour-inserer-une-puce-dans-Excel-1.png\" sizes=\"auto, \" srcset=\"\" alt=\"Utilice un s\u00edmbolo de cuadro de di\u00e1logo diferente para insertar una vi\u00f1eta en Excel\" width=\"99\" height=\"238\"><\/figure>\n<\/div>\n<h2 id=\"t-1588503264727\" class=\"wp-block-heading\"> Insertar vi\u00f1etas con una tecla de m\u00e9todo abreviado<\/h2>\n<p> Las teclas de m\u00e9todo abreviado son la mejor manera de insertar una vi\u00f1eta si no tienes tiempo para jugar con un cuadro de di\u00e1logo de s\u00edmbolos. Tenemos dos <a href=\"https:\/\/exceladvisor.org\/es\/atajos-de-teclado\/\">teclas de acceso directo<\/a> diferentes y puedes usar cualquiera de ellas. <\/p>\n<div class=\"wp-block-image\">\n<figure class=\"aligncenter\"><img decoding=\"async\" src=\"https:\/\/exceladvisor.org\/wp-content\/uploads\/2023\/08\/Utilisez-les-touches-de-raccourci-pour-inserer-une-puce-dans-Excel.png\" sizes=\"\" srcset=\"\" alt=\"Utilice teclas de m\u00e9todo abreviado para insertar una vi\u00f1eta en Excel\"><\/figure>\n<\/div>\n<ol>\n<li> Seleccione la celda en la que desea agregar una vi\u00f1eta.<\/li>\n<li> Presione F2 para <a href=\"https:\/\/exceladvisor.org\/es\/editar-celda\/\">editar la celda<\/a> .<\/li>\n<li> Mantenga presionada la tecla Alt y presione 7 o 9 para insertar una vi\u00f1eta.<\/li>\n<\/ol>\n<p> Las dos teclas de acceso r\u00e1pido te dar\u00e1n diferentes tipos de balas. Si desea agregar un punto negro para las vi\u00f1etas, puede usar Alt+7 o si desea agregar un c\u00edrculo, puede usar Alt+9.<\/p>\n<h2 id=\"t-1588503264728\" class=\"wp-block-heading\"> Utilice la funci\u00f3n CHAR para vi\u00f1etas<\/h2>\n<p> Tambi\u00e9n puedes usar CHAR(149) para agregar una vi\u00f1eta a una celda. Este m\u00e9todo es \u00fatil si desea insertar una vi\u00f1eta en todas las celdas usando una f\u00f3rmula en la <a href=\"https:\/\/exceladvisor.org\/es\/barra-de-formulas-de-excel\/\">barra de f\u00f3rmulas de la celda<\/a> donde necesita insertarla.<\/p>\n<ol>\n<li> Seleccione la celda en la que desea agregar una vi\u00f1eta.<\/li>\n<li> Ingrese =COCHE(149)&amp; \u00bb \u00ab &amp;A1 <br \/><img decoding=\"async\" title=\"Utilice-CHAR-para-insertar-vi\u00f1eta-en-Excel-1\" src=\"https:\/\/exceladvisor.org\/wp-content\/uploads\/2023\/08\/Utilisez-CHAR-pour-inserer-une-puce-dans-Excel-1.png\" sizes=\"\" srcset=\"\" alt=\"Use CHAR To Insert Bullet Point In Excel\"><\/li>\n<li> Ahora arrastre la f\u00f3rmula a la celda donde desea agregar la vi\u00f1eta. <br \/><img decoding=\"async\" title=\"Utilice-CHAR-FUNCTION-para-insertar-una-vi\u00f1eta-en-Excel.gif\" src=\"https:\/\/exceladvisor.org\/wp-content\/uploads\/2023\/08\/Utilisez-CHAR-FUNCTION-pour-inserer-une-puce-dans-Excel.gif\" sizes=\"\" srcset=\"\" alt=\"Use CHAR Function To Insert Bullet Point In Excel\"><\/li>\n<\/ol>\n<h2 id=\"t-1588503264729\" class=\"wp-block-heading\"> Formato personalizado para vi\u00f1etas<\/h2>\n<p> Es una configuraci\u00f3n \u00fanica. Todo lo que necesita hacer es crear un formato personalizado para insertar vi\u00f1etas. Simplemente siga estos sencillos pasos. <\/p>\n<div class=\"wp-block-image\">\n<figure class=\"aligncenter\"><img decoding=\"async\" src=\"https:\/\/exceladvisor.org\/wp-content\/uploads\/2023\/08\/Utiliser-le-formatage-personnalise-pour-inserer-une-puce-dans-Excel.gif\" sizes=\"\" srcset=\"\" alt=\"Utilice formato personalizado para insertar una vi\u00f1eta en Excel\"><\/figure>\n<\/div>\n<ul>\n<li> Presione Ctrl+1 y aparecer\u00e1 un <a href=\"https:\/\/exceladvisor.org\/es\/opciones-de-celda-de-formato-abierto\/\">cuadro de di\u00e1logo Formato<\/a> .<\/li>\n<li> En la pesta\u00f1a N\u00famero, seleccione Personalizado.<\/li>\n<li> En la barra de entrada de texto, ingrese el siguiente formato.\n<ul>\n<li> <em><mark class=\"has-inline-color\" style=\"background-color: var(--base);\">\u25cf General; \u25cf General; \u25cf General; \u25cf General<\/mark><\/em><\/li>\n<\/ul>\n<\/li>\n<li> En la barra de entrada de texto, ingrese el siguiente formato.<\/li>\n<\/ul>\n<h3 class=\"wp-block-heading\"> C\u00f3mo funciona<\/h3>\n<p> Perm\u00edtame darle una nota r\u00e1pida sobre el uso de formato personalizado para vi\u00f1etas.<\/p>\n<p> En el formato personalizado debes mencionar 4 formatos diferentes: positivo, negativo, cero y texto. Us\u00e9 un punto negro para estos cuatro tipos.<\/p>\n<p> Y ahora, cuando insertes cualquier texto o n\u00famero, ya sea positivo o negativo, se agregar\u00e1 una vi\u00f1eta delante.<\/p>\n<h2 id=\"tab-con-5\" class=\"wp-block-heading\"> Agregar vi\u00f1etas a un cuadro de texto<\/h2>\n<p> Insertar vi\u00f1etas en el <a href=\"https:\/\/exceladvisor.org\/es\/zona-de-texto\/\">cuadro de texto<\/a> es la forma m\u00e1s r\u00e1pida. No tienes que correr de aqu\u00ed para all\u00e1 por las pelotas. Siga estos sencillos pasos.<\/p>\n<ol>\n<li> Primero, inserte un cuadro de texto.<\/li>\n<li> Edite el cuadro de texto y haga clic derecho<\/li>\n<li> Haga clic en la opci\u00f3n de vi\u00f1eta y seleccione el estilo de vi\u00f1eta que desea aplicar. <br \/><img decoding=\"async\" title=\"Utilice un cuadro de texto para insertar vi\u00f1etas en Excel\" src=\"https:\/\/exceladvisor.org\/wp-content\/uploads\/2023\/08\/Utiliser-la-zone-de-texte-pour-inserer-une-puce-dans-Excel-1.png\" sizes=\"\" srcset=\"\" alt=\"use text box to insert bullet point in excel\"><\/li>\n<li> Una vez que seleccione su estilo de vi\u00f1eta, autom\u00e1ticamente insertar\u00e1 una vi\u00f1eta al comienzo de cada l\u00ednea. <br \/><img decoding=\"async\" title=\"Lista de cuadros de texto para insertar vi\u00f1etas en Excel\" src=\"https:\/\/exceladvisor.org\/wp-content\/uploads\/2023\/08\/Liste-des-zones-de-texte-pour-inserer-une-puce-dans-Excel.png\" sizes=\"\" srcset=\"\" alt=\"text box list to insert bullet point in excel\"><\/li>\n<\/ol>\n<p> Tambi\u00e9n puedes usar n\u00fameros en un cuadro de texto usando el mismo m\u00e9todo.<\/p>\n<h2 id=\"tab-con-6\" class=\"wp-block-heading\"> Utilice fuentes Wingdings y Webdings para vi\u00f1etas<\/h2>\n<p> Ambos estilos de fuente mostrar\u00e1n un icono en lugar de un alfabeto o un n\u00famero. Si ingresas un n\u00famero o un alfabeto, obtendr\u00e1s un \u00edcono genial.<\/p>\n<p> Incluso obtendr\u00e1s un s\u00edmbolo diferente para una letra may\u00fascula y una letra min\u00fascula. Para insertar un punto negro simple, use la \u201cl\u201d peque\u00f1a y la \u201cn\u201d peque\u00f1a respectivamente en Webdings &amp; Wingdings. <\/p>\n<div class=\"wp-block-image\">\n<figure class=\"aligncenter\"><img decoding=\"async\" src=\"https:\/\/exceladvisor.org\/wp-content\/uploads\/2023\/08\/Utilisez-le-style-de-police-Wingdings-Webdings-pour-inserer-une-puce-dans-Excel.png\" sizes=\"\" srcset=\"\" alt=\"Utilice el estilo de fuente Wingdings &amp; Webdings para insertar vi\u00f1etas en Excel\"><\/figure>\n<\/div>\n<h2 id=\"t-1588503264730\" class=\"wp-block-heading\"> Vi\u00f1etas en un comentario de celda<\/h2>\n<p> Tambi\u00e9n puedes usar vi\u00f1etas en los comentarios de las celdas usando s\u00edmbolos.<\/p>\n<ol>\n<li> Primero, inserte un comentario en una celda.<\/li>\n<li> Edite este comentario de celda.<\/li>\n<li> Vaya a la pesta\u00f1a Insertar \u25ba Haga clic en S\u00edmbolo.<\/li>\n<li> Agregue cualquier s\u00edmbolo que desee agregar.<\/li>\n<li> Copie este s\u00edmbolo antes del inicio de cada l\u00ednea. <\/li>\n<\/ol>\n<div class=\"wp-block-image\">\n<figure class=\"aligncenter\"><img decoding=\"async\" src=\"https:\/\/exceladvisor.org\/wp-content\/uploads\/2023\/08\/Utiliser-le-commentaire-de-cellule-pour-inserer-une-puce-dans-Excel-1.png\" sizes=\"\" srcset=\"\" alt=\"Utilice un comentario de celda para insertar una vi\u00f1eta en Excel\"><\/figure>\n<\/div>\n<h2 id=\"t-1588503264731\" class=\"wp-block-heading\"> Utilice Smart Art para crear una lista con vi\u00f1etas<\/h2>\n<p> El arte inteligente tambi\u00e9n es una forma eficaz de crear una lista organizada de vi\u00f1etas.<\/p>\n<ol>\n<li> Vaya a la pesta\u00f1a Insertar \u25ba Gr\u00e1ficos Smart Art.<\/li>\n<li> En categor\u00edas, seleccione la lista.<\/li>\n<li> Seleccione el tipo de arte inteligente que desee y haga clic en Aceptar. <\/li>\n<\/ol>\n<div class=\"wp-block-image\">\n<figure class=\"aligncenter\"><img decoding=\"async\" src=\"https:\/\/exceladvisor.org\/wp-content\/uploads\/2023\/08\/comment-inserer-des-puces-dans-excel-en-utilisant-smart-art-1.png\" sizes=\"\" srcset=\"\" alt=\"c\u00f3mo insertar vi\u00f1etas en Excel usando Smart Art\"><\/figure>\n<\/div>\n<div class=\"gb-container gb-container-4db6181c gb-container-mt\"> <a class=\"gb-button gb-button-c5897111 gb-button-text gb-button-mt-button\" href=\"https:\/\/exceladvisor.org\/es\/conceptos-basicos-de-excel\/\">Conceptos b\u00e1sicos de Microsoft Excel (componentes, piezas y notas de conocimiento)<\/a><\/p>\n<h2 class=\"gb-headline gb-headline-665e5f6b gb-headline-text gb-headline-mt-heading\"> Tutoriales relacionados <\/h2>\n<div class=\"gb-grid-wrapper gb-grid-wrapper-a20baf7c gb-grid-wrapper-mt-grid\">\n<div class=\"gb-grid-column gb-grid-column-65ddf67e\">\n<div class=\"gb-container gb-container-65ddf67e\">\n<ul>\n<li> <a href=\"https:\/\/exceladvisor.org\/es\/cambiar-numero-negativo-a-positivo\/\">Convertir un n\u00famero negativo a positivo en Excel<\/a><\/li>\n<li> <a href=\"https:\/\/exceladvisor.org\/es\/marca-de-tiempo\/\">Insertar una marca de tiempo en Excel<\/a><\/li>\n<li> <a href=\"https:\/\/exceladvisor.org\/es\/insertar-una-flecha\/\">Insertar una flecha en una celda en Excel<\/a><\/li>\n<li> Agregar autom\u00e1ticamente n\u00fameros de serie en Excel <\/li>\n<\/ul>\n<\/div>\n<\/div>\n<div class=\"gb-grid-column gb-grid-column-50067b57\">\n<div class=\"gb-container gb-container-50067b57\"><\/div>\n<\/div>\n<\/div>\n<\/div>\n","protected":false},"excerpt":{"rendered":"<p>Es importante capturar datos de la manera correcta. En Excel, usamos n\u00fameros de serie la mayor parte del tiempo, pero cuando trabajamos en listas, la mejor manera es usar vi\u00f1etas. Utilizo principalmente listas con vi\u00f1etas para capturar mi trabajo diario (listas de tareas pendientes, puntos importantes). Ahora la mala noticia es. En Excel, no existe [&hellip;]<\/p>\n","protected":false},"author":1,"featured_media":0,"parent":0,"menu_order":0,"comment_status":"open","ping_status":"closed","template":"","meta":{"ub_ctt_via":"","footnotes":""},"class_list":["post-354","page","type-page","status-publish","hentry"],"featured_image_src":null,"yoast_head":"<!-- This site is optimized with the Yoast SEO plugin v25.4 - https:\/\/yoast.com\/wordpress\/plugins\/seo\/ -->\n<title>\u00bfc\u00f3mo insertar vi\u00f1etas en excel?<\/title>\n<meta name=\"robots\" content=\"index, follow, max-snippet:-1, max-image-preview:large, max-video-preview:-1\" \/>\n<link rel=\"canonical\" href=\"https:\/\/exceladvisor.org\/es\/pulgas\/\" \/>\n<meta property=\"og:locale\" content=\"es_ES\" \/>\n<meta property=\"og:type\" content=\"article\" \/>\n<meta property=\"og:title\" content=\"\u00bfc\u00f3mo insertar vi\u00f1etas en excel?\" \/>\n<meta property=\"og:description\" content=\"Es importante capturar datos de la manera correcta. En Excel, usamos n\u00fameros de serie la mayor parte del tiempo, pero cuando trabajamos en listas, la mejor manera es usar vi\u00f1etas. Utilizo principalmente listas con vi\u00f1etas para capturar mi trabajo diario (listas de tareas pendientes, puntos importantes). Ahora la mala noticia es. En Excel, no existe [&hellip;]\" \/>\n<meta property=\"og:url\" content=\"https:\/\/exceladvisor.org\/es\/pulgas\/\" \/>\n<meta property=\"og:site_name\" content=\"Excel Advisor\" \/>\n<meta property=\"article:modified_time\" content=\"2023-12-25T10:26:02+00:00\" \/>\n<meta property=\"og:image\" content=\"https:\/\/exceladvisor.org\/wp-content\/uploads\/2023\/08\/Cliquez-sur-le-symbole-pour-inserer-une-puce-dans-Excel.png\" \/>\n<meta name=\"twitter:card\" content=\"summary_large_image\" \/>\n<meta name=\"twitter:label1\" content=\"Tiempo de lectura\" \/>\n\t<meta name=\"twitter:data1\" content=\"5 minutos\" \/>\n<script type=\"application\/ld+json\" class=\"yoast-schema-graph\">{\"@context\":\"https:\/\/schema.org\",\"@graph\":[{\"@type\":\"WebPage\",\"@id\":\"https:\/\/exceladvisor.org\/es\/pulgas\/\",\"url\":\"https:\/\/exceladvisor.org\/es\/pulgas\/\",\"name\":\"\u00bfc\u00f3mo insertar vi\u00f1etas en excel?\",\"isPartOf\":{\"@id\":\"https:\/\/exceladvisor.org\/es\/#website\"},\"primaryImageOfPage\":{\"@id\":\"https:\/\/exceladvisor.org\/es\/pulgas\/#primaryimage\"},\"image\":{\"@id\":\"https:\/\/exceladvisor.org\/es\/pulgas\/#primaryimage\"},\"thumbnailUrl\":\"https:\/\/exceladvisor.org\/wp-content\/uploads\/2023\/08\/Cliquez-sur-le-symbole-pour-inserer-une-puce-dans-Excel.png\",\"datePublished\":\"2023-11-01T00:43:37+00:00\",\"dateModified\":\"2023-12-25T10:26:02+00:00\",\"breadcrumb\":{\"@id\":\"https:\/\/exceladvisor.org\/es\/pulgas\/#breadcrumb\"},\"inLanguage\":\"es\",\"potentialAction\":[{\"@type\":\"ReadAction\",\"target\":[\"https:\/\/exceladvisor.org\/es\/pulgas\/\"]}]},{\"@type\":\"ImageObject\",\"inLanguage\":\"es\",\"@id\":\"https:\/\/exceladvisor.org\/es\/pulgas\/#primaryimage\",\"url\":\"https:\/\/exceladvisor.org\/wp-content\/uploads\/2023\/08\/Cliquez-sur-le-symbole-pour-inserer-une-puce-dans-Excel.png\",\"contentUrl\":\"https:\/\/exceladvisor.org\/wp-content\/uploads\/2023\/08\/Cliquez-sur-le-symbole-pour-inserer-une-puce-dans-Excel.png\"},{\"@type\":\"BreadcrumbList\",\"@id\":\"https:\/\/exceladvisor.org\/es\/pulgas\/#breadcrumb\",\"itemListElement\":[{\"@type\":\"ListItem\",\"position\":1,\"name\":\"Hogar\",\"item\":\"https:\/\/exceladvisor.org\/es\/\"},{\"@type\":\"ListItem\",\"position\":2,\"name\":\"\u00bfc\u00f3mo insertar vi\u00f1etas en excel?\"}]},{\"@type\":\"WebSite\",\"@id\":\"https:\/\/exceladvisor.org\/es\/#website\",\"url\":\"https:\/\/exceladvisor.org\/es\/\",\"name\":\"Excel Advisor\",\"description\":\"Su gu\u00eda para la dominaci\u00f3n de datos!\",\"publisher\":{\"@id\":\"https:\/\/exceladvisor.org\/es\/#organization\"},\"potentialAction\":[{\"@type\":\"SearchAction\",\"target\":{\"@type\":\"EntryPoint\",\"urlTemplate\":\"https:\/\/exceladvisor.org\/es\/?s={search_term_string}\"},\"query-input\":{\"@type\":\"PropertyValueSpecification\",\"valueRequired\":true,\"valueName\":\"search_term_string\"}}],\"inLanguage\":\"es\"},{\"@type\":\"Organization\",\"@id\":\"https:\/\/exceladvisor.org\/es\/#organization\",\"name\":\"Excel Advisor\",\"url\":\"https:\/\/exceladvisor.org\/es\/\",\"logo\":{\"@type\":\"ImageObject\",\"inLanguage\":\"es\",\"@id\":\"https:\/\/exceladvisor.org\/es\/#\/schema\/logo\/image\/\",\"url\":\"https:\/\/exceladvisor.org\/es\/wp-content\/uploads\/2023\/12\/exceladvisor.org_.png\",\"contentUrl\":\"https:\/\/exceladvisor.org\/es\/wp-content\/uploads\/2023\/12\/exceladvisor.org_.png\",\"width\":105,\"height\":36,\"caption\":\"Excel Advisor\"},\"image\":{\"@id\":\"https:\/\/exceladvisor.org\/es\/#\/schema\/logo\/image\/\"}}]}<\/script>\n<!-- \/ Yoast SEO plugin. -->","yoast_head_json":{"title":"\u00bfc\u00f3mo insertar vi\u00f1etas en excel?","robots":{"index":"index","follow":"follow","max-snippet":"max-snippet:-1","max-image-preview":"max-image-preview:large","max-video-preview":"max-video-preview:-1"},"canonical":"https:\/\/exceladvisor.org\/es\/pulgas\/","og_locale":"es_ES","og_type":"article","og_title":"\u00bfc\u00f3mo insertar vi\u00f1etas en excel?","og_description":"Es importante capturar datos de la manera correcta. En Excel, usamos n\u00fameros de serie la mayor parte del tiempo, pero cuando trabajamos en listas, la mejor manera es usar vi\u00f1etas. Utilizo principalmente listas con vi\u00f1etas para capturar mi trabajo diario (listas de tareas pendientes, puntos importantes). Ahora la mala noticia es. En Excel, no existe [&hellip;]","og_url":"https:\/\/exceladvisor.org\/es\/pulgas\/","og_site_name":"Excel Advisor","article_modified_time":"2023-12-25T10:26:02+00:00","og_image":[{"url":"https:\/\/exceladvisor.org\/wp-content\/uploads\/2023\/08\/Cliquez-sur-le-symbole-pour-inserer-une-puce-dans-Excel.png","type":"","width":"","height":""}],"twitter_card":"summary_large_image","twitter_misc":{"Tiempo de lectura":"5 minutos"},"schema":{"@context":"https:\/\/schema.org","@graph":[{"@type":"WebPage","@id":"https:\/\/exceladvisor.org\/es\/pulgas\/","url":"https:\/\/exceladvisor.org\/es\/pulgas\/","name":"\u00bfc\u00f3mo insertar vi\u00f1etas en excel?","isPartOf":{"@id":"https:\/\/exceladvisor.org\/es\/#website"},"primaryImageOfPage":{"@id":"https:\/\/exceladvisor.org\/es\/pulgas\/#primaryimage"},"image":{"@id":"https:\/\/exceladvisor.org\/es\/pulgas\/#primaryimage"},"thumbnailUrl":"https:\/\/exceladvisor.org\/wp-content\/uploads\/2023\/08\/Cliquez-sur-le-symbole-pour-inserer-une-puce-dans-Excel.png","datePublished":"2023-11-01T00:43:37+00:00","dateModified":"2023-12-25T10:26:02+00:00","breadcrumb":{"@id":"https:\/\/exceladvisor.org\/es\/pulgas\/#breadcrumb"},"inLanguage":"es","potentialAction":[{"@type":"ReadAction","target":["https:\/\/exceladvisor.org\/es\/pulgas\/"]}]},{"@type":"ImageObject","inLanguage":"es","@id":"https:\/\/exceladvisor.org\/es\/pulgas\/#primaryimage","url":"https:\/\/exceladvisor.org\/wp-content\/uploads\/2023\/08\/Cliquez-sur-le-symbole-pour-inserer-une-puce-dans-Excel.png","contentUrl":"https:\/\/exceladvisor.org\/wp-content\/uploads\/2023\/08\/Cliquez-sur-le-symbole-pour-inserer-une-puce-dans-Excel.png"},{"@type":"BreadcrumbList","@id":"https:\/\/exceladvisor.org\/es\/pulgas\/#breadcrumb","itemListElement":[{"@type":"ListItem","position":1,"name":"Hogar","item":"https:\/\/exceladvisor.org\/es\/"},{"@type":"ListItem","position":2,"name":"\u00bfc\u00f3mo insertar vi\u00f1etas en excel?"}]},{"@type":"WebSite","@id":"https:\/\/exceladvisor.org\/es\/#website","url":"https:\/\/exceladvisor.org\/es\/","name":"Excel Advisor","description":"Su gu\u00eda para la dominaci\u00f3n de datos!","publisher":{"@id":"https:\/\/exceladvisor.org\/es\/#organization"},"potentialAction":[{"@type":"SearchAction","target":{"@type":"EntryPoint","urlTemplate":"https:\/\/exceladvisor.org\/es\/?s={search_term_string}"},"query-input":{"@type":"PropertyValueSpecification","valueRequired":true,"valueName":"search_term_string"}}],"inLanguage":"es"},{"@type":"Organization","@id":"https:\/\/exceladvisor.org\/es\/#organization","name":"Excel Advisor","url":"https:\/\/exceladvisor.org\/es\/","logo":{"@type":"ImageObject","inLanguage":"es","@id":"https:\/\/exceladvisor.org\/es\/#\/schema\/logo\/image\/","url":"https:\/\/exceladvisor.org\/es\/wp-content\/uploads\/2023\/12\/exceladvisor.org_.png","contentUrl":"https:\/\/exceladvisor.org\/es\/wp-content\/uploads\/2023\/12\/exceladvisor.org_.png","width":105,"height":36,"caption":"Excel Advisor"},"image":{"@id":"https:\/\/exceladvisor.org\/es\/#\/schema\/logo\/image\/"}}]}},"yoast_meta":{"yoast_wpseo_title":"","yoast_wpseo_metadesc":"","yoast_wpseo_canonical":""},"_links":{"self":[{"href":"https:\/\/exceladvisor.org\/es\/wp-json\/wp\/v2\/pages\/354","targetHints":{"allow":["GET"]}}],"collection":[{"href":"https:\/\/exceladvisor.org\/es\/wp-json\/wp\/v2\/pages"}],"about":[{"href":"https:\/\/exceladvisor.org\/es\/wp-json\/wp\/v2\/types\/page"}],"author":[{"embeddable":true,"href":"https:\/\/exceladvisor.org\/es\/wp-json\/wp\/v2\/users\/1"}],"replies":[{"embeddable":true,"href":"https:\/\/exceladvisor.org\/es\/wp-json\/wp\/v2\/comments?post=354"}],"version-history":[{"count":1,"href":"https:\/\/exceladvisor.org\/es\/wp-json\/wp\/v2\/pages\/354\/revisions"}],"predecessor-version":[{"id":1115,"href":"https:\/\/exceladvisor.org\/es\/wp-json\/wp\/v2\/pages\/354\/revisions\/1115"}],"wp:attachment":[{"href":"https:\/\/exceladvisor.org\/es\/wp-json\/wp\/v2\/media?parent=354"}],"curies":[{"name":"wp","href":"https:\/\/api.w.org\/{rel}","templated":true}]}}