{"id":355,"date":"2023-10-31T23:56:12","date_gmt":"2023-10-31T23:56:12","guid":{"rendered":"https:\/\/exceladvisor.org\/es\/grupo-1\/"},"modified":"2023-12-25T10:23:19","modified_gmt":"2023-12-25T10:23:19","slug":"grupo-1","status":"publish","type":"page","link":"https:\/\/exceladvisor.org\/es\/grupo-1\/","title":{"rendered":"\u00bfc\u00f3mo agrupar\/desagrupar hojas de c\u00e1lculo?"},"content":{"rendered":"<div class=\"excel-antes-del-contenido\" id=\"excel-3972965583\"><script type=\"text\/javascript\">\r\n\tatOptions = {\r\n\t\t'key' : 'c1158f160081d6540a8409e6925dab94',\r\n\t\t'format' : 'iframe',\r\n\t\t'height' : 250,\r\n\t\t'width' : 300,\r\n\t\t'params' : {}\r\n\t};\r\n<\/script>\r\n<script type=\"text\/javascript\" src=\"\/\/www.highperformanceformat.com\/c1158f160081d6540a8409e6925dab94\/invoke.js\"><\/script><\/div><p>La agrupaci\u00f3n de hojas de trabajo en Excel se usa a menudo cuando tienes un conjunto de hojas estructuradas id\u00e9nticamente y deseas editarlas al mismo tiempo. Para ello, la mejor opci\u00f3n para editar estas varias hojas a la vez es agrupar hojas de trabajo.<\/p>\n<p> Agrupar hojas de trabajo cuando edita, elimina, agrega o hace algo en una hoja que sucede de la misma manera en otras hojas agrupadas al mismo tiempo le ahorra mucho tiempo. <\/p>\n<div class=\"wp-block-image\">\n<figure class=\"aligncenter size-full is-resized\"><img loading=\"lazy\" decoding=\"async\" class=\"wp-image-63503\" src=\"https:\/\/exceladvisor.org\/wp-content\/uploads\/2023\/08\/feuilles-de-groupe-exemple-excel.png\" sizes=\"auto, \" srcset=\"\" alt=\"\" width=\"548\" height=\"570\"><\/figure>\n<\/div>\n<p class=\"has-small-font-size\"> <em>Por ejemplo, supongamos que tiene una empresa que fabrica accesorios para el interior de autom\u00f3viles y su costo variable var\u00eda ligeramente cada mes. En este caso, si el formato de su conjunto de datos es constante para cada mes y despu\u00e9s de unos meses desea ver el costo total de cada mes, simplemente agrupe estas hojas y una vez que ingrese la f\u00f3rmula en una de las hojas, encuentre el costo total, la f\u00f3rmula se copia en todas las hojas agrupadas al mismo tiempo, por lo que ahorrar\u00e1 tiempo ingresando o copiando la f\u00f3rmula en cada hoja una por una.<\/em><\/p>\n<p> Tambi\u00e9n puede utilizar la opci\u00f3n de agrupar hojas de trabajo para ocultar varias hojas a la vez en lugar de ocultarlas una por una.<\/p>\n<h2 id=\"h-steps-to-group-worksheets-in-excel\" class=\"wp-block-heading\"> Pasos para agrupar hojas de trabajo en Excel<\/h2>\n<ol>\n<li> Primero, mantenga presionada la tecla de control en su teclado.<\/li>\n<li> Despu\u00e9s de eso, haga clic en las pesta\u00f1as de la hoja (una por una para seleccionar) que desea agrupar. <br \/><img loading=\"lazy\" decoding=\"async\" title=\"pesta\u00f1as\" src=\"https:\/\/exceladvisor.org\/wp-content\/uploads\/2023\/08\/3-onglets-de-feuille-de-calcul-selectionnes.png\" sizes=\"auto, \" srcset=\"\" alt=\"select-worksheet-tabs\" width=\"382\" height=\"111\"><\/li>\n<li> Ahora necesitas soltar la tecla de control.<\/li>\n<li> En este punto, todas las hojas seleccionadas est\u00e1n agrupadas. <br \/><img loading=\"lazy\" decoding=\"async\" title=\"png\" src=\"https:\/\/exceladvisor.org\/wp-content\/uploads\/2023\/08\/4-feuilles-groupees-2.png\" sizes=\"auto, \" srcset=\"\" alt=\"\" width=\"416\" height=\"251\"><\/li>\n<\/ol>\n<p class=\"mytip\"> Si las hojas de trabajo que desea agrupar son adyacentes, haga clic en la pesta\u00f1a de la primera hoja, mantenga presionada la tecla May\u00fas y haga clic en la pesta\u00f1a de la \u00faltima hoja.<\/p>\n<h2 id=\"h-group-all-worksheets\" class=\"wp-block-heading\"> Agrupar todas las hojas de c\u00e1lculo<\/h2>\n<ol>\n<li> Primero, haga clic derecho en cualquier pesta\u00f1a de la hoja del libro. <br \/><img decoding=\"async\" title=\"gramo\" src=\"https:\/\/exceladvisor.org\/wp-content\/uploads\/2023\/08\/5-onglets-de-feuille-de-calcul.png\" sizes=\"\" srcset=\"\" alt=\"worksheet-tabs\"><\/li>\n<li> Despu\u00e9s de eso, aparecer\u00e1 una ventana emergente con varias opciones.<\/li>\n<li> Ahora elija la opci\u00f3n <strong>\u00abSeleccionar todas las hojas\u00bb<\/strong> . <br \/><img loading=\"lazy\" decoding=\"async\" title=\"\" src=\"https:\/\/exceladvisor.org\/wp-content\/uploads\/2023\/08\/6-selectionner-toutes-les-feuilles.png\" sizes=\"auto, \" srcset=\"\" alt=\"select-all-sheets\" width=\"304\" height=\"321\"><\/li>\n<li> En este punto, todas las hojas del libro de trabajo est\u00e1n agrupadas. <br \/><img loading=\"lazy\" decoding=\"async\" title=\"hojas\" src=\"https:\/\/exceladvisor.org\/wp-content\/uploads\/2023\/08\/7-toutes-les-feuilles-de-travail-groupees.png\" sizes=\"auto, \" srcset=\"\" alt=\"all-grouped-worksheets\" width=\"447\" height=\"228\"><\/li>\n<\/ol>\n<h2 id=\"h-ungroup-worksheets\" class=\"wp-block-heading\"> Desagrupar hojas de c\u00e1lculo<\/h2>\n<ol>\n<li> Primero, haga clic derecho en cualquier pesta\u00f1a de hoja del grupo. <br \/><img decoding=\"async\" title=\"pesta\u00f1as\" src=\"https:\/\/exceladvisor.org\/wp-content\/uploads\/2023\/08\/8-onglets-de-feuille-de-calcul-selectionnes.png\" sizes=\"\" srcset=\"\" alt=\"select-worksheet-tabs\"><\/li>\n<li> Despu\u00e9s de eso, aparecer\u00e1 una ventana emergente con varias opciones.<\/li>\n<li> Ahora elija la opci\u00f3n <strong>\u00abDesagrupar hojas\u00bb<\/strong> . <br \/><img loading=\"lazy\" decoding=\"async\" title=\"gramo\" src=\"https:\/\/exceladvisor.org\/wp-content\/uploads\/2023\/08\/9-feuilles-de-degroupage.png\" sizes=\"auto, \" srcset=\"\" alt=\"ungroup-sheets\" width=\"295\" height=\"329\"><\/li>\n<li> Finalmente, su libro de trabajo est\u00e1 desagrupado. <br \/><img loading=\"lazy\" decoding=\"async\" title=\"remolacha\" src=\"https:\/\/exceladvisor.org\/wp-content\/uploads\/2023\/08\/10-feuilles-de-travail-non-groupees.png\" sizes=\"auto, \" srcset=\"\" alt=\"ungrouped-worksheets\" width=\"457\" height=\"236\"><\/li>\n<\/ol>\n<p class=\"mytip\"> Tambi\u00e9n puede simplemente hacer clic en cualquier pesta\u00f1a de la hoja fuera del grupo y las pesta\u00f1as agrupadas se desagrupar\u00e1n.<\/p>\n<h2 id=\"h-how-to-find-if-worksheets-are-grouped-in-excel\" class=\"wp-block-heading\"> C\u00f3mo saber si las hojas de trabajo est\u00e1n agrupadas en Excel<\/h2>\n<ol type=\"1\">\n<li> Siempre encontrar\u00e1 la palabra \u00abGrupo\u00bb en el nombre del archivo si las hojas est\u00e1n agrupadas en este libro.<\/li>\n<li> Encontrar\u00e1 el color de fondo de todas las pesta\u00f1as agrupadas en blanco, a menos que nadie haya cambiado el color de la pesta\u00f1a de una hoja de trabajo. <\/li>\n<\/ol>\n<div class=\"gb-container gb-container-3044ba66 gb-container-mt\">\n<p class=\"gb-headline gb-headline-b5bb6270 gb-headline-text\"> <strong><a href=\"https:\/\/exceladvisor.org\/es\/conceptos-basicos-de-excel\/\">Conceptos b\u00e1sicos de Excel<\/a><\/strong> \/ <strong><a href=\"https:\/\/exceladvisor.org\/es\/hoja-de-calculo\/\" data-wpil=\"url\">Hoja de c\u00e1lculo de Excel<\/a><\/strong><\/p>\n<h2 class=\"gb-headline gb-headline-819d540d gb-headline-text gb-headline-mt-heading\"> M\u00e1s tutoriales <\/h2>\n<div class=\"gb-grid-wrapper gb-grid-wrapper-7f3d805a gb-grid-wrapper-mt-grid\">\n<div class=\"gb-grid-column gb-grid-column-7495e031\">\n<div class=\"gb-container gb-container-7495e031\">\n<ul>\n<li> <a href=\"https:\/\/exceladvisor.org\/es\/consolidar\/\">Consolidar datos de m\u00faltiples hojas de c\u00e1lculo<\/a><\/li>\n<li> <a href=\"https:\/\/exceladvisor.org\/es\/rebautizar\/\">Cambiar el nombre de la hoja en Excel<\/a><\/li>\n<li> <a href=\"https:\/\/exceladvisor.org\/es\/ver-uno-al-lado-del-otro\/\">Ver dos hojas una al lado de la otra en Excel<\/a><\/li>\n<li> <a href=\"https:\/\/exceladvisor.org\/es\/agregar\/\">Agregar una hoja de c\u00e1lculo en Excel<\/a><\/li>\n<li> <a href=\"https:\/\/exceladvisor.org\/es\/cambiar-color-de-pestana\/\">Cambiar color de pesta\u00f1a en Excel (pesta\u00f1a Hoja de trabajo)<\/a><\/li>\n<\/ul>\n<\/div>\n<\/div>\n<\/div>\n<\/div>\n","protected":false},"excerpt":{"rendered":"<p>La agrupaci\u00f3n de hojas de trabajo en Excel se usa a menudo cuando tienes un conjunto de hojas estructuradas id\u00e9nticamente y deseas editarlas al mismo tiempo. Para ello, la mejor opci\u00f3n para editar estas varias hojas a la vez es agrupar hojas de trabajo. Agrupar hojas de trabajo cuando edita, elimina, agrega o hace algo [&hellip;]<\/p>\n","protected":false},"author":1,"featured_media":0,"parent":0,"menu_order":0,"comment_status":"open","ping_status":"closed","template":"","meta":{"ub_ctt_via":"","footnotes":""},"class_list":["post-355","page","type-page","status-publish","hentry"],"featured_image_src":null,"yoast_head":"<!-- This site is optimized with the Yoast SEO plugin v25.4 - https:\/\/yoast.com\/wordpress\/plugins\/seo\/ -->\n<title>\u00bfc\u00f3mo agrupar\/desagrupar hojas de c\u00e1lculo?<\/title>\n<meta name=\"robots\" content=\"index, follow, max-snippet:-1, max-image-preview:large, max-video-preview:-1\" \/>\n<link rel=\"canonical\" href=\"https:\/\/exceladvisor.org\/es\/grupo-1\/\" \/>\n<meta property=\"og:locale\" content=\"es_ES\" \/>\n<meta property=\"og:type\" content=\"article\" \/>\n<meta property=\"og:title\" content=\"\u00bfc\u00f3mo agrupar\/desagrupar hojas de c\u00e1lculo?\" \/>\n<meta property=\"og:description\" content=\"La agrupaci\u00f3n de hojas de trabajo en Excel se usa a menudo cuando tienes un conjunto de hojas estructuradas id\u00e9nticamente y deseas editarlas al mismo tiempo. Para ello, la mejor opci\u00f3n para editar estas varias hojas a la vez es agrupar hojas de trabajo. Agrupar hojas de trabajo cuando edita, elimina, agrega o hace algo [&hellip;]\" \/>\n<meta property=\"og:url\" content=\"https:\/\/exceladvisor.org\/es\/grupo-1\/\" \/>\n<meta property=\"og:site_name\" content=\"Excel Advisor\" \/>\n<meta property=\"article:modified_time\" content=\"2023-12-25T10:23:19+00:00\" \/>\n<meta property=\"og:image\" content=\"https:\/\/exceladvisor.org\/wp-content\/uploads\/2023\/08\/feuilles-de-groupe-exemple-excel.png\" \/>\n<meta name=\"twitter:card\" content=\"summary_large_image\" \/>\n<meta name=\"twitter:label1\" content=\"Tiempo de lectura\" \/>\n\t<meta name=\"twitter:data1\" content=\"3 minutos\" \/>\n<script type=\"application\/ld+json\" class=\"yoast-schema-graph\">{\"@context\":\"https:\/\/schema.org\",\"@graph\":[{\"@type\":\"WebPage\",\"@id\":\"https:\/\/exceladvisor.org\/es\/grupo-1\/\",\"url\":\"https:\/\/exceladvisor.org\/es\/grupo-1\/\",\"name\":\"\u00bfc\u00f3mo agrupar\/desagrupar hojas de c\u00e1lculo?\",\"isPartOf\":{\"@id\":\"https:\/\/exceladvisor.org\/es\/#website\"},\"primaryImageOfPage\":{\"@id\":\"https:\/\/exceladvisor.org\/es\/grupo-1\/#primaryimage\"},\"image\":{\"@id\":\"https:\/\/exceladvisor.org\/es\/grupo-1\/#primaryimage\"},\"thumbnailUrl\":\"https:\/\/exceladvisor.org\/wp-content\/uploads\/2023\/08\/feuilles-de-groupe-exemple-excel.png\",\"datePublished\":\"2023-10-31T23:56:12+00:00\",\"dateModified\":\"2023-12-25T10:23:19+00:00\",\"breadcrumb\":{\"@id\":\"https:\/\/exceladvisor.org\/es\/grupo-1\/#breadcrumb\"},\"inLanguage\":\"es\",\"potentialAction\":[{\"@type\":\"ReadAction\",\"target\":[\"https:\/\/exceladvisor.org\/es\/grupo-1\/\"]}]},{\"@type\":\"ImageObject\",\"inLanguage\":\"es\",\"@id\":\"https:\/\/exceladvisor.org\/es\/grupo-1\/#primaryimage\",\"url\":\"https:\/\/exceladvisor.org\/wp-content\/uploads\/2023\/08\/feuilles-de-groupe-exemple-excel.png\",\"contentUrl\":\"https:\/\/exceladvisor.org\/wp-content\/uploads\/2023\/08\/feuilles-de-groupe-exemple-excel.png\"},{\"@type\":\"BreadcrumbList\",\"@id\":\"https:\/\/exceladvisor.org\/es\/grupo-1\/#breadcrumb\",\"itemListElement\":[{\"@type\":\"ListItem\",\"position\":1,\"name\":\"Hogar\",\"item\":\"https:\/\/exceladvisor.org\/es\/\"},{\"@type\":\"ListItem\",\"position\":2,\"name\":\"\u00bfc\u00f3mo agrupar\/desagrupar hojas de c\u00e1lculo?\"}]},{\"@type\":\"WebSite\",\"@id\":\"https:\/\/exceladvisor.org\/es\/#website\",\"url\":\"https:\/\/exceladvisor.org\/es\/\",\"name\":\"Excel Advisor\",\"description\":\"Su gu\u00eda para la dominaci\u00f3n de datos!\",\"publisher\":{\"@id\":\"https:\/\/exceladvisor.org\/es\/#organization\"},\"potentialAction\":[{\"@type\":\"SearchAction\",\"target\":{\"@type\":\"EntryPoint\",\"urlTemplate\":\"https:\/\/exceladvisor.org\/es\/?s={search_term_string}\"},\"query-input\":{\"@type\":\"PropertyValueSpecification\",\"valueRequired\":true,\"valueName\":\"search_term_string\"}}],\"inLanguage\":\"es\"},{\"@type\":\"Organization\",\"@id\":\"https:\/\/exceladvisor.org\/es\/#organization\",\"name\":\"Excel Advisor\",\"url\":\"https:\/\/exceladvisor.org\/es\/\",\"logo\":{\"@type\":\"ImageObject\",\"inLanguage\":\"es\",\"@id\":\"https:\/\/exceladvisor.org\/es\/#\/schema\/logo\/image\/\",\"url\":\"https:\/\/exceladvisor.org\/es\/wp-content\/uploads\/2023\/12\/exceladvisor.org_.png\",\"contentUrl\":\"https:\/\/exceladvisor.org\/es\/wp-content\/uploads\/2023\/12\/exceladvisor.org_.png\",\"width\":105,\"height\":36,\"caption\":\"Excel Advisor\"},\"image\":{\"@id\":\"https:\/\/exceladvisor.org\/es\/#\/schema\/logo\/image\/\"}}]}<\/script>\n<!-- \/ Yoast SEO plugin. -->","yoast_head_json":{"title":"\u00bfc\u00f3mo agrupar\/desagrupar hojas de c\u00e1lculo?","robots":{"index":"index","follow":"follow","max-snippet":"max-snippet:-1","max-image-preview":"max-image-preview:large","max-video-preview":"max-video-preview:-1"},"canonical":"https:\/\/exceladvisor.org\/es\/grupo-1\/","og_locale":"es_ES","og_type":"article","og_title":"\u00bfc\u00f3mo agrupar\/desagrupar hojas de c\u00e1lculo?","og_description":"La agrupaci\u00f3n de hojas de trabajo en Excel se usa a menudo cuando tienes un conjunto de hojas estructuradas id\u00e9nticamente y deseas editarlas al mismo tiempo. Para ello, la mejor opci\u00f3n para editar estas varias hojas a la vez es agrupar hojas de trabajo. Agrupar hojas de trabajo cuando edita, elimina, agrega o hace algo [&hellip;]","og_url":"https:\/\/exceladvisor.org\/es\/grupo-1\/","og_site_name":"Excel Advisor","article_modified_time":"2023-12-25T10:23:19+00:00","og_image":[{"url":"https:\/\/exceladvisor.org\/wp-content\/uploads\/2023\/08\/feuilles-de-groupe-exemple-excel.png","type":"","width":"","height":""}],"twitter_card":"summary_large_image","twitter_misc":{"Tiempo de lectura":"3 minutos"},"schema":{"@context":"https:\/\/schema.org","@graph":[{"@type":"WebPage","@id":"https:\/\/exceladvisor.org\/es\/grupo-1\/","url":"https:\/\/exceladvisor.org\/es\/grupo-1\/","name":"\u00bfc\u00f3mo agrupar\/desagrupar hojas de c\u00e1lculo?","isPartOf":{"@id":"https:\/\/exceladvisor.org\/es\/#website"},"primaryImageOfPage":{"@id":"https:\/\/exceladvisor.org\/es\/grupo-1\/#primaryimage"},"image":{"@id":"https:\/\/exceladvisor.org\/es\/grupo-1\/#primaryimage"},"thumbnailUrl":"https:\/\/exceladvisor.org\/wp-content\/uploads\/2023\/08\/feuilles-de-groupe-exemple-excel.png","datePublished":"2023-10-31T23:56:12+00:00","dateModified":"2023-12-25T10:23:19+00:00","breadcrumb":{"@id":"https:\/\/exceladvisor.org\/es\/grupo-1\/#breadcrumb"},"inLanguage":"es","potentialAction":[{"@type":"ReadAction","target":["https:\/\/exceladvisor.org\/es\/grupo-1\/"]}]},{"@type":"ImageObject","inLanguage":"es","@id":"https:\/\/exceladvisor.org\/es\/grupo-1\/#primaryimage","url":"https:\/\/exceladvisor.org\/wp-content\/uploads\/2023\/08\/feuilles-de-groupe-exemple-excel.png","contentUrl":"https:\/\/exceladvisor.org\/wp-content\/uploads\/2023\/08\/feuilles-de-groupe-exemple-excel.png"},{"@type":"BreadcrumbList","@id":"https:\/\/exceladvisor.org\/es\/grupo-1\/#breadcrumb","itemListElement":[{"@type":"ListItem","position":1,"name":"Hogar","item":"https:\/\/exceladvisor.org\/es\/"},{"@type":"ListItem","position":2,"name":"\u00bfc\u00f3mo agrupar\/desagrupar hojas de c\u00e1lculo?"}]},{"@type":"WebSite","@id":"https:\/\/exceladvisor.org\/es\/#website","url":"https:\/\/exceladvisor.org\/es\/","name":"Excel Advisor","description":"Su gu\u00eda para la dominaci\u00f3n de datos!","publisher":{"@id":"https:\/\/exceladvisor.org\/es\/#organization"},"potentialAction":[{"@type":"SearchAction","target":{"@type":"EntryPoint","urlTemplate":"https:\/\/exceladvisor.org\/es\/?s={search_term_string}"},"query-input":{"@type":"PropertyValueSpecification","valueRequired":true,"valueName":"search_term_string"}}],"inLanguage":"es"},{"@type":"Organization","@id":"https:\/\/exceladvisor.org\/es\/#organization","name":"Excel Advisor","url":"https:\/\/exceladvisor.org\/es\/","logo":{"@type":"ImageObject","inLanguage":"es","@id":"https:\/\/exceladvisor.org\/es\/#\/schema\/logo\/image\/","url":"https:\/\/exceladvisor.org\/es\/wp-content\/uploads\/2023\/12\/exceladvisor.org_.png","contentUrl":"https:\/\/exceladvisor.org\/es\/wp-content\/uploads\/2023\/12\/exceladvisor.org_.png","width":105,"height":36,"caption":"Excel Advisor"},"image":{"@id":"https:\/\/exceladvisor.org\/es\/#\/schema\/logo\/image\/"}}]}},"yoast_meta":{"yoast_wpseo_title":"","yoast_wpseo_metadesc":"","yoast_wpseo_canonical":""},"_links":{"self":[{"href":"https:\/\/exceladvisor.org\/es\/wp-json\/wp\/v2\/pages\/355","targetHints":{"allow":["GET"]}}],"collection":[{"href":"https:\/\/exceladvisor.org\/es\/wp-json\/wp\/v2\/pages"}],"about":[{"href":"https:\/\/exceladvisor.org\/es\/wp-json\/wp\/v2\/types\/page"}],"author":[{"embeddable":true,"href":"https:\/\/exceladvisor.org\/es\/wp-json\/wp\/v2\/users\/1"}],"replies":[{"embeddable":true,"href":"https:\/\/exceladvisor.org\/es\/wp-json\/wp\/v2\/comments?post=355"}],"version-history":[{"count":1,"href":"https:\/\/exceladvisor.org\/es\/wp-json\/wp\/v2\/pages\/355\/revisions"}],"predecessor-version":[{"id":834,"href":"https:\/\/exceladvisor.org\/es\/wp-json\/wp\/v2\/pages\/355\/revisions\/834"}],"wp:attachment":[{"href":"https:\/\/exceladvisor.org\/es\/wp-json\/wp\/v2\/media?parent=355"}],"curies":[{"name":"wp","href":"https:\/\/api.w.org\/{rel}","templated":true}]}}