{"id":356,"date":"2023-10-31T23:27:44","date_gmt":"2023-10-31T23:27:44","guid":{"rendered":"https:\/\/exceladvisor.org\/es\/ver-uno-al-lado-del-otro\/"},"modified":"2023-12-25T10:32:43","modified_gmt":"2023-12-25T10:32:43","slug":"ver-uno-al-lado-del-otro","status":"publish","type":"page","link":"https:\/\/exceladvisor.org\/es\/ver-uno-al-lado-del-otro\/","title":{"rendered":"C\u00f3mo ver dos hojas una al lado de la otra en excel"},"content":{"rendered":"<div class=\"excel-antes-del-contenido\" id=\"excel-530414702\"><script type=\"text\/javascript\">\r\n\tatOptions = {\r\n\t\t'key' : 'c1158f160081d6540a8409e6925dab94',\r\n\t\t'format' : 'iframe',\r\n\t\t'height' : 250,\r\n\t\t'width' : 300,\r\n\t\t'params' : {}\r\n\t};\r\n<\/script>\r\n<script type=\"text\/javascript\" src=\"\/\/www.highperformanceformat.com\/c1158f160081d6540a8409e6925dab94\/invoke.js\"><\/script><\/div><p>Excel tiene una funci\u00f3n para dividir y comparar dos hojas de trabajo del mismo o de diferentes libros y con la ayuda de esto, los usuarios pueden comparar r\u00e1pidamente datos de estas hojas sin tener que cambiar entre ellas una y otra vez.<\/p>\n<p> Los usuarios tambi\u00e9n pueden sincronizar el desplazamiento entre estas hojas de c\u00e1lculo, lo que hace que la comparaci\u00f3n sea muy r\u00e1pida y sencilla.<\/p>\n<p> Hemos mencionado algunos pasos r\u00e1pidos y sencillos para dividir dos o m\u00e1s hojas de trabajo del mismo o de diferentes libros.<\/p>\n<h2 id=\"h-split-and-view-two-sheets-side-by-side-of-the-same-workbook\" class=\"wp-block-heading\">Divida y muestre dos hojas una al lado de la otra del mismo libro<\/h2>\n<ol>\n<li> Primero, vaya a la pesta\u00f1a \u00abVer\u00bb y haga clic en el icono \u00abNueva ventana\u00bb debajo del grupo \u00abVentana\u00bb en la cinta. <br \/><img loading=\"lazy\" decoding=\"async\" title=\"1 icono de nueva ventana\" src=\"https:\/\/exceladvisor.org\/wp-content\/uploads\/2023\/08\/1-nouvelle-icone-de-fenetre.png\" sizes=\"auto, \" srcset=\"\" alt=\"new-window-icon\" width=\"495\" height=\"116\"><\/li>\n<li> La cantidad de veces que haga clic en \u00abNueva ventana\u00bb, obtendr\u00e1 las copias del libro actualmente abierto.<\/li>\n<li> Excel agrega autom\u00e1ticamente n\u00fameros como 1, 2, 3, etc. al final del nombre de los libros copiados. <br \/><img loading=\"lazy\" decoding=\"async\" title=\"carpeta de 2 copias\" src=\"https:\/\/exceladvisor.org\/wp-content\/uploads\/2023\/08\/2-cahiers-copies.png\" sizes=\"auto, \" srcset=\"\" alt=\"copied-workbook\" width=\"783\" height=\"152\"><\/li>\n<li> Despu\u00e9s de eso, haga clic en el icono \u00abOrganizar todo\u00bb debajo del grupo \u00abVentana\u00bb en la cinta.<\/li>\n<li> Ahora, seleccione la vista de pantalla dividida (Mosaico, Horizontal, Vertical, Cascada) de la lista desplegable y haga clic en Aceptar.<\/li>\n<li> La opci\u00f3n \u00abVentanas activas del libro\u00bb siempre debe estar marcada al dividir hojas en el mismo libro. <br \/><img loading=\"lazy\" decoding=\"async\" title=\"3-reordenar-todo-icono\" src=\"https:\/\/exceladvisor.org\/wp-content\/uploads\/2023\/08\/3-organiser-toutes-les-icones.png\" sizes=\"auto, \" srcset=\"\" alt=\"arrange-all-icon\" width=\"330\" height=\"306\"><\/li>\n<li> En este punto, su libro de trabajo actual est\u00e1 dividido en dos partes.<\/li>\n<li> Para cambiar de hoja entre estas dos, simplemente haga clic en la pesta\u00f1a de la hoja que desea ver para comparar. <br \/><img loading=\"lazy\" decoding=\"async\" title=\"4 hojas de trabajo divididas\" src=\"https:\/\/exceladvisor.org\/wp-content\/uploads\/2023\/08\/4-feuilles-de-travail-divisees.png\" sizes=\"auto, \" srcset=\"\" alt=\"worksheets-split\" width=\"1152\" height=\"332\"><\/li>\n<\/ol>\n<p> Los usuarios pueden dividir m\u00e1s de dos libros al mismo tiempo simplemente creando m\u00e1s copias del libro desde el \u00edcono \u00abNueva ventana\u00bb debajo del grupo \u00abVentana\u00bb en la cinta. <\/p>\n<h2 id=\"h-split-and-view-two-sheets-side-by-side-of-the-different-workbooks\" class=\"wp-block-heading\"> Divida y muestre dos hojas, una al lado de la otra, de diferentes libros<\/h2>\n<ol>\n<li> Primero, abra los libros que desea dividir y comparar.<\/li>\n<li> Despu\u00e9s de eso, vaya a la pesta\u00f1a \u00abVer\u00bb, luego haga clic en el icono \u00abOrganizar todo\u00bb debajo del grupo \u00abVentana\u00bb en la cinta.<\/li>\n<li> Ahora seleccione la vista de pantalla dividida (Mosaico, Horizontal, Vertical, Cascada) de la lista desplegable.<\/li>\n<li> Al final, desmarque la opci\u00f3n \u00abWindows en el libro activo\u00bb y haga clic en Aceptar. <br \/><img loading=\"lazy\" decoding=\"async\" title=\"5-organizar-todo-desplegable\" src=\"https:\/\/exceladvisor.org\/wp-content\/uploads\/2023\/08\/5-organiser-tous-les-menus-deroulants.png\" sizes=\"auto, \" srcset=\"\" alt=\"arrange-all-dropdown\" width=\"348\" height=\"324\"><\/li>\n<li> En este punto, sus libros abiertos se dividen en dos partes. <\/li>\n<\/ol>\n<h2 id=\"h-synchronous-scrolling-between-the-sheets-of-the-same-or-different-workbooks\" class=\"wp-block-heading\"> Desplazamiento sincr\u00f3nico entre hojas en el mismo libro o en diferentes<\/h2>\n<p> La funci\u00f3n de desplazamiento sincr\u00f3nico permite a los usuarios desplazarse por hojas de trabajo entre dos libros al mismo tiempo mediante vistas de pantalla dividida.<\/p>\n<ol>\n<li> Primero, vaya a la pesta\u00f1a \u00abVer\u00bb y haga clic en el icono \u00abMostrar lado a lado\u00bb debajo del grupo \u00abVentana\u00bb en la cinta.<\/li>\n<li> Ahora, seleccione el libro de la lista desplegable que desea comparar en modo de pantalla dividida y haga clic en Aceptar. <br \/><img loading=\"lazy\" decoding=\"async\" title=\"Opci\u00f3n 6 vistas de lado a lado\" src=\"https:\/\/exceladvisor.org\/wp-content\/uploads\/2023\/08\/Option-6-vues-cote-a-cote.png\" sizes=\"auto, \" srcset=\"\" alt=\"view-side-by-side-option\" width=\"470\" height=\"338\"><\/li>\n<li> Una vez que haga clic en Aceptar, obtendr\u00e1 los libros de trabajo en modo escupir y el desplazamiento sincr\u00f3nico se habilitar\u00e1 de forma predeterminada para las hojas de trabajo en modo de pantalla dividida. <br \/><img loading=\"lazy\" decoding=\"async\" title=\"Opci\u00f3n de desplazamiento sincr\u00f3nico de 7\" src=\"https:\/\/exceladvisor.org\/wp-content\/uploads\/2023\/08\/7-option-de-defilement-synchrone.png\" sizes=\"auto, \" srcset=\"\" alt=\"synchronous-scrolling-option\" width=\"557\" height=\"119\"><\/li>\n<\/ol>\n<div class=\"gb-container gb-container-3044ba66 gb-container-mt\">\n<p class=\"gb-headline gb-headline-b5bb6270 gb-headline-text\"> <strong><a href=\"https:\/\/exceladvisor.org\/es\/conceptos-basicos-de-excel\/\">Conceptos b\u00e1sicos de Excel<\/a><\/strong> \/ <strong><a href=\"https:\/\/exceladvisor.org\/es\/hoja-de-calculo\/\" data-wpil=\"url\">Hoja de c\u00e1lculo de Excel<\/a><\/strong><\/p>\n<h2 class=\"gb-headline gb-headline-819d540d gb-headline-text gb-headline-mt-heading\"> M\u00e1s tutoriales <\/h2>\n<div class=\"gb-grid-wrapper gb-grid-wrapper-7f3d805a gb-grid-wrapper-mt-grid\">\n<div class=\"gb-grid-column gb-grid-column-7495e031\">\n<div class=\"gb-container gb-container-7495e031\">\n<ul>\n<li> <a href=\"https:\/\/exceladvisor.org\/es\/consolidar\/\">Consolidar datos de m\u00faltiples hojas de c\u00e1lculo<\/a><\/li>\n<li> <a href=\"https:\/\/exceladvisor.org\/es\/rebautizar\/\">Cambiar nombre de hoja en Excel<\/a><\/li>\n<li> <a href=\"https:\/\/exceladvisor.org\/es\/grupo-1\/\">Hojas de trabajo grupales en Excel<\/a><\/li>\n<li> <a href=\"https:\/\/exceladvisor.org\/es\/agregar\/\">Agregar una hoja de c\u00e1lculo en Excel<\/a><\/li>\n<li> <a href=\"https:\/\/exceladvisor.org\/es\/cambiar-color-de-pestana\/\">Cambiar color de pesta\u00f1a en Excel (pesta\u00f1a Hoja de trabajo)<\/a><\/li>\n<\/ul>\n<\/div>\n<\/div>\n<\/div>\n<\/div>\n","protected":false},"excerpt":{"rendered":"<p>Excel tiene una funci\u00f3n para dividir y comparar dos hojas de trabajo del mismo o de diferentes libros y con la ayuda de esto, los usuarios pueden comparar r\u00e1pidamente datos de estas hojas sin tener que cambiar entre ellas una y otra vez. Los usuarios tambi\u00e9n pueden sincronizar el desplazamiento entre estas hojas de c\u00e1lculo, [&hellip;]<\/p>\n","protected":false},"author":1,"featured_media":0,"parent":0,"menu_order":0,"comment_status":"open","ping_status":"closed","template":"","meta":{"ub_ctt_via":"","footnotes":""},"class_list":["post-356","page","type-page","status-publish","hentry"],"featured_image_src":null,"yoast_head":"<!-- This site is optimized with the Yoast SEO plugin v25.4 - https:\/\/yoast.com\/wordpress\/plugins\/seo\/ -->\n<title>C\u00f3mo ver dos hojas una al lado de la otra en excel<\/title>\n<meta name=\"robots\" content=\"index, follow, max-snippet:-1, max-image-preview:large, max-video-preview:-1\" \/>\n<link rel=\"canonical\" href=\"https:\/\/exceladvisor.org\/es\/ver-uno-al-lado-del-otro\/\" \/>\n<meta property=\"og:locale\" content=\"es_ES\" \/>\n<meta property=\"og:type\" content=\"article\" \/>\n<meta property=\"og:title\" content=\"C\u00f3mo ver dos hojas una al lado de la otra en excel\" \/>\n<meta property=\"og:description\" content=\"Excel tiene una funci\u00f3n para dividir y comparar dos hojas de trabajo del mismo o de diferentes libros y con la ayuda de esto, los usuarios pueden comparar r\u00e1pidamente datos de estas hojas sin tener que cambiar entre ellas una y otra vez. Los usuarios tambi\u00e9n pueden sincronizar el desplazamiento entre estas hojas de c\u00e1lculo, [&hellip;]\" \/>\n<meta property=\"og:url\" content=\"https:\/\/exceladvisor.org\/es\/ver-uno-al-lado-del-otro\/\" \/>\n<meta property=\"og:site_name\" content=\"Excel Advisor\" \/>\n<meta property=\"article:modified_time\" content=\"2023-12-25T10:32:43+00:00\" \/>\n<meta property=\"og:image\" content=\"https:\/\/exceladvisor.org\/wp-content\/uploads\/2023\/08\/1-nouvelle-icone-de-fenetre.png\" \/>\n<meta name=\"twitter:card\" content=\"summary_large_image\" \/>\n<meta name=\"twitter:label1\" content=\"Tiempo de lectura\" \/>\n\t<meta name=\"twitter:data1\" content=\"3 minutos\" \/>\n<script type=\"application\/ld+json\" class=\"yoast-schema-graph\">{\"@context\":\"https:\/\/schema.org\",\"@graph\":[{\"@type\":\"WebPage\",\"@id\":\"https:\/\/exceladvisor.org\/es\/ver-uno-al-lado-del-otro\/\",\"url\":\"https:\/\/exceladvisor.org\/es\/ver-uno-al-lado-del-otro\/\",\"name\":\"C\u00f3mo ver dos hojas una al lado de la otra en excel\",\"isPartOf\":{\"@id\":\"https:\/\/exceladvisor.org\/es\/#website\"},\"primaryImageOfPage\":{\"@id\":\"https:\/\/exceladvisor.org\/es\/ver-uno-al-lado-del-otro\/#primaryimage\"},\"image\":{\"@id\":\"https:\/\/exceladvisor.org\/es\/ver-uno-al-lado-del-otro\/#primaryimage\"},\"thumbnailUrl\":\"https:\/\/exceladvisor.org\/wp-content\/uploads\/2023\/08\/1-nouvelle-icone-de-fenetre.png\",\"datePublished\":\"2023-10-31T23:27:44+00:00\",\"dateModified\":\"2023-12-25T10:32:43+00:00\",\"breadcrumb\":{\"@id\":\"https:\/\/exceladvisor.org\/es\/ver-uno-al-lado-del-otro\/#breadcrumb\"},\"inLanguage\":\"es\",\"potentialAction\":[{\"@type\":\"ReadAction\",\"target\":[\"https:\/\/exceladvisor.org\/es\/ver-uno-al-lado-del-otro\/\"]}]},{\"@type\":\"ImageObject\",\"inLanguage\":\"es\",\"@id\":\"https:\/\/exceladvisor.org\/es\/ver-uno-al-lado-del-otro\/#primaryimage\",\"url\":\"https:\/\/exceladvisor.org\/wp-content\/uploads\/2023\/08\/1-nouvelle-icone-de-fenetre.png\",\"contentUrl\":\"https:\/\/exceladvisor.org\/wp-content\/uploads\/2023\/08\/1-nouvelle-icone-de-fenetre.png\"},{\"@type\":\"BreadcrumbList\",\"@id\":\"https:\/\/exceladvisor.org\/es\/ver-uno-al-lado-del-otro\/#breadcrumb\",\"itemListElement\":[{\"@type\":\"ListItem\",\"position\":1,\"name\":\"Hogar\",\"item\":\"https:\/\/exceladvisor.org\/es\/\"},{\"@type\":\"ListItem\",\"position\":2,\"name\":\"C\u00f3mo ver dos hojas una al lado de la otra en excel\"}]},{\"@type\":\"WebSite\",\"@id\":\"https:\/\/exceladvisor.org\/es\/#website\",\"url\":\"https:\/\/exceladvisor.org\/es\/\",\"name\":\"Excel Advisor\",\"description\":\"Su gu\u00eda para la dominaci\u00f3n de datos!\",\"publisher\":{\"@id\":\"https:\/\/exceladvisor.org\/es\/#organization\"},\"potentialAction\":[{\"@type\":\"SearchAction\",\"target\":{\"@type\":\"EntryPoint\",\"urlTemplate\":\"https:\/\/exceladvisor.org\/es\/?s={search_term_string}\"},\"query-input\":{\"@type\":\"PropertyValueSpecification\",\"valueRequired\":true,\"valueName\":\"search_term_string\"}}],\"inLanguage\":\"es\"},{\"@type\":\"Organization\",\"@id\":\"https:\/\/exceladvisor.org\/es\/#organization\",\"name\":\"Excel Advisor\",\"url\":\"https:\/\/exceladvisor.org\/es\/\",\"logo\":{\"@type\":\"ImageObject\",\"inLanguage\":\"es\",\"@id\":\"https:\/\/exceladvisor.org\/es\/#\/schema\/logo\/image\/\",\"url\":\"https:\/\/exceladvisor.org\/es\/wp-content\/uploads\/2023\/12\/exceladvisor.org_.png\",\"contentUrl\":\"https:\/\/exceladvisor.org\/es\/wp-content\/uploads\/2023\/12\/exceladvisor.org_.png\",\"width\":105,\"height\":36,\"caption\":\"Excel Advisor\"},\"image\":{\"@id\":\"https:\/\/exceladvisor.org\/es\/#\/schema\/logo\/image\/\"}}]}<\/script>\n<!-- \/ Yoast SEO plugin. -->","yoast_head_json":{"title":"C\u00f3mo ver dos hojas una al lado de la otra en excel","robots":{"index":"index","follow":"follow","max-snippet":"max-snippet:-1","max-image-preview":"max-image-preview:large","max-video-preview":"max-video-preview:-1"},"canonical":"https:\/\/exceladvisor.org\/es\/ver-uno-al-lado-del-otro\/","og_locale":"es_ES","og_type":"article","og_title":"C\u00f3mo ver dos hojas una al lado de la otra en excel","og_description":"Excel tiene una funci\u00f3n para dividir y comparar dos hojas de trabajo del mismo o de diferentes libros y con la ayuda de esto, los usuarios pueden comparar r\u00e1pidamente datos de estas hojas sin tener que cambiar entre ellas una y otra vez. Los usuarios tambi\u00e9n pueden sincronizar el desplazamiento entre estas hojas de c\u00e1lculo, [&hellip;]","og_url":"https:\/\/exceladvisor.org\/es\/ver-uno-al-lado-del-otro\/","og_site_name":"Excel Advisor","article_modified_time":"2023-12-25T10:32:43+00:00","og_image":[{"url":"https:\/\/exceladvisor.org\/wp-content\/uploads\/2023\/08\/1-nouvelle-icone-de-fenetre.png","type":"","width":"","height":""}],"twitter_card":"summary_large_image","twitter_misc":{"Tiempo de lectura":"3 minutos"},"schema":{"@context":"https:\/\/schema.org","@graph":[{"@type":"WebPage","@id":"https:\/\/exceladvisor.org\/es\/ver-uno-al-lado-del-otro\/","url":"https:\/\/exceladvisor.org\/es\/ver-uno-al-lado-del-otro\/","name":"C\u00f3mo ver dos hojas una al lado de la otra en excel","isPartOf":{"@id":"https:\/\/exceladvisor.org\/es\/#website"},"primaryImageOfPage":{"@id":"https:\/\/exceladvisor.org\/es\/ver-uno-al-lado-del-otro\/#primaryimage"},"image":{"@id":"https:\/\/exceladvisor.org\/es\/ver-uno-al-lado-del-otro\/#primaryimage"},"thumbnailUrl":"https:\/\/exceladvisor.org\/wp-content\/uploads\/2023\/08\/1-nouvelle-icone-de-fenetre.png","datePublished":"2023-10-31T23:27:44+00:00","dateModified":"2023-12-25T10:32:43+00:00","breadcrumb":{"@id":"https:\/\/exceladvisor.org\/es\/ver-uno-al-lado-del-otro\/#breadcrumb"},"inLanguage":"es","potentialAction":[{"@type":"ReadAction","target":["https:\/\/exceladvisor.org\/es\/ver-uno-al-lado-del-otro\/"]}]},{"@type":"ImageObject","inLanguage":"es","@id":"https:\/\/exceladvisor.org\/es\/ver-uno-al-lado-del-otro\/#primaryimage","url":"https:\/\/exceladvisor.org\/wp-content\/uploads\/2023\/08\/1-nouvelle-icone-de-fenetre.png","contentUrl":"https:\/\/exceladvisor.org\/wp-content\/uploads\/2023\/08\/1-nouvelle-icone-de-fenetre.png"},{"@type":"BreadcrumbList","@id":"https:\/\/exceladvisor.org\/es\/ver-uno-al-lado-del-otro\/#breadcrumb","itemListElement":[{"@type":"ListItem","position":1,"name":"Hogar","item":"https:\/\/exceladvisor.org\/es\/"},{"@type":"ListItem","position":2,"name":"C\u00f3mo ver dos hojas una al lado de la otra en excel"}]},{"@type":"WebSite","@id":"https:\/\/exceladvisor.org\/es\/#website","url":"https:\/\/exceladvisor.org\/es\/","name":"Excel Advisor","description":"Su gu\u00eda para la dominaci\u00f3n de datos!","publisher":{"@id":"https:\/\/exceladvisor.org\/es\/#organization"},"potentialAction":[{"@type":"SearchAction","target":{"@type":"EntryPoint","urlTemplate":"https:\/\/exceladvisor.org\/es\/?s={search_term_string}"},"query-input":{"@type":"PropertyValueSpecification","valueRequired":true,"valueName":"search_term_string"}}],"inLanguage":"es"},{"@type":"Organization","@id":"https:\/\/exceladvisor.org\/es\/#organization","name":"Excel Advisor","url":"https:\/\/exceladvisor.org\/es\/","logo":{"@type":"ImageObject","inLanguage":"es","@id":"https:\/\/exceladvisor.org\/es\/#\/schema\/logo\/image\/","url":"https:\/\/exceladvisor.org\/es\/wp-content\/uploads\/2023\/12\/exceladvisor.org_.png","contentUrl":"https:\/\/exceladvisor.org\/es\/wp-content\/uploads\/2023\/12\/exceladvisor.org_.png","width":105,"height":36,"caption":"Excel Advisor"},"image":{"@id":"https:\/\/exceladvisor.org\/es\/#\/schema\/logo\/image\/"}}]}},"yoast_meta":{"yoast_wpseo_title":"","yoast_wpseo_metadesc":"","yoast_wpseo_canonical":""},"_links":{"self":[{"href":"https:\/\/exceladvisor.org\/es\/wp-json\/wp\/v2\/pages\/356","targetHints":{"allow":["GET"]}}],"collection":[{"href":"https:\/\/exceladvisor.org\/es\/wp-json\/wp\/v2\/pages"}],"about":[{"href":"https:\/\/exceladvisor.org\/es\/wp-json\/wp\/v2\/types\/page"}],"author":[{"embeddable":true,"href":"https:\/\/exceladvisor.org\/es\/wp-json\/wp\/v2\/users\/1"}],"replies":[{"embeddable":true,"href":"https:\/\/exceladvisor.org\/es\/wp-json\/wp\/v2\/comments?post=356"}],"version-history":[{"count":1,"href":"https:\/\/exceladvisor.org\/es\/wp-json\/wp\/v2\/pages\/356\/revisions"}],"predecessor-version":[{"id":1435,"href":"https:\/\/exceladvisor.org\/es\/wp-json\/wp\/v2\/pages\/356\/revisions\/1435"}],"wp:attachment":[{"href":"https:\/\/exceladvisor.org\/es\/wp-json\/wp\/v2\/media?parent=356"}],"curies":[{"name":"wp","href":"https:\/\/api.w.org\/{rel}","templated":true}]}}