{"id":357,"date":"2023-10-31T23:04:24","date_gmt":"2023-10-31T23:04:24","guid":{"rendered":"https:\/\/exceladvisor.org\/es\/rebautizar\/"},"modified":"2023-12-25T10:24:03","modified_gmt":"2023-12-25T10:24:03","slug":"rebautizar","status":"publish","type":"page","link":"https:\/\/exceladvisor.org\/es\/rebautizar\/","title":{"rendered":"\u00bfc\u00f3mo cambiar el nombre de una hoja en excel?"},"content":{"rendered":"<div class=\"excel-antes-del-contenido\" id=\"excel-1269072926\"><script type=\"text\/javascript\">\r\n\tatOptions = {\r\n\t\t'key' : 'c1158f160081d6540a8409e6925dab94',\r\n\t\t'format' : 'iframe',\r\n\t\t'height' : 250,\r\n\t\t'width' : 300,\r\n\t\t'params' : {}\r\n\t};\r\n<\/script>\r\n<script type=\"text\/javascript\" src=\"\/\/www.highperformanceformat.com\/c1158f160081d6540a8409e6925dab94\/invoke.js\"><\/script><\/div><p>En Excel existen varias formas de cambiar el nombre de una hoja y en este tutorial aprenderemos todos estos m\u00e9todos.<\/p>\n<h2 id=\"h-rename-a-sheet-from-option-menu\" class=\"wp-block-heading\"> Cambiar el nombre de una hoja desde el men\u00fa de opciones<\/h2>\n<p> El m\u00e9todo predeterminado para cambiar el nombre de una hoja es utilizar el men\u00fa de opciones del bot\u00f3n derecho. Vea los pasos a continuaci\u00f3n: <\/p>\n<div class=\"wp-block-image\">\n<figure class=\"aligncenter size-full is-resized\"><img loading=\"lazy\" decoding=\"async\" class=\"wp-image-61147\" src=\"https:\/\/exceladvisor.org\/wp-content\/uploads\/2023\/08\/1-renommer-la-feuille-a-partir-du-menu-doptions.png\" sizes=\"auto, \" srcset=\"\" alt=\"cambiar el nombre de la hoja desde el men\u00fa de opciones\" width=\"347\" height=\"407\"><\/figure>\n<\/div>\n<ol type=\"1\">\n<li> Primero, active la hoja cuyo nombre desea cambiar.<\/li>\n<li> A continuaci\u00f3n, haga clic derecho en la pesta\u00f1a de la hoja.<\/li>\n<li> Despu\u00e9s de eso, haga clic en la opci\u00f3n \u00abCambiar nombre\u00bb de la lista de opciones.<\/li>\n<li> Ahora elimine el nombre anterior y escriba el nuevo nombre que desea corregir.<\/li>\n<li> Al final, presione Entrar.<\/li>\n<\/ol>\n<h2 id=\"h-keyboard-shortcut-to-rename-a-sheet\" class=\"wp-block-heading\"> Atajo de teclado para cambiar el nombre de una hoja<\/h2>\n<p> Tambi\u00e9n hay un m\u00e9todo abreviado de teclado que puede utilizar para cambiar el nombre de una hoja en Excel. Para utilizar este atajo de teclado, primero debes activar la hoja a la que deseas cambiarle el nombre y luego presionar las siguientes teclas:<\/p>\n<p> <kbd>Alt \u21e2 H \u21e2 O \u21e2 R<\/kbd> <\/p>\n<div class=\"wp-block-image\">\n<figure class=\"aligncenter size-full is-resized\"><img loading=\"lazy\" decoding=\"async\" class=\"wp-image-61148\" src=\"https:\/\/exceladvisor.org\/wp-content\/uploads\/2023\/08\/2-raccourci-clavier-pour-renommer-la-feuille.png\" sizes=\"auto, \" srcset=\"\" alt=\"m\u00e9todo abreviado de teclado para cambiar el nombre de la hoja\" width=\"903\" height=\"210\"><\/figure>\n<\/div>\n<p> Cuando presiona esta tecla de acceso directo, se cambia el nombre de la hoja. Luego puede escribir el nuevo nombre que desea especificar y presionar Enter.<\/p>\n<h2 id=\"h-double-click-of-rename-a-sheet\" class=\"wp-block-heading\"> Haga doble clic para cambiar el nombre de una hoja<\/h2>\n<p> Tambi\u00e9n puede utilizar un doble clic del mouse para editar el nombre de la hoja y luego cambiarle el nombre m\u00e1s tarde.<\/p>\n<ol type=\"1\">\n<li> Primero, active la hoja cuyo nombre desea cambiar.<\/li>\n<li> Haga doble clic en la pesta\u00f1a de la hoja para editarla.<\/li>\n<li> Elimina el nombre antiguo que ya tienes all\u00ed.<\/li>\n<li> Escriba el nuevo nombre y luego presione Entrar.<\/li>\n<\/ol>\n<h2 id=\"h-using-the-format-options\" class=\"wp-block-heading\"> Usar opciones de formato<\/h2>\n<p> De manera similar, puede cambiar el nombre de una hoja de trabajo usando la opci\u00f3n de formato en la cinta. <\/p>\n<div class=\"wp-block-image\">\n<figure class=\"aligncenter size-full is-resized\"><img loading=\"lazy\" decoding=\"async\" class=\"wp-image-61149\" src=\"https:\/\/exceladvisor.org\/wp-content\/uploads\/2023\/08\/3-renommer-la-feuille-en-utilisant-loption-de-format.png\" sizes=\"auto, \" srcset=\"\" alt=\"cambiar el nombre de la hoja usando la opci\u00f3n de formato\" width=\"272\" height=\"434\"><\/figure>\n<\/div>\n<ol>\n<li> Primero, vaya a la pesta\u00f1a Inicio y busque la lista desplegable de opciones de formato.<\/li>\n<li> A continuaci\u00f3n, haga clic en el men\u00fa desplegable para obtener la lista de opciones.<\/li>\n<li> Despu\u00e9s de eso, haga clic en la opci\u00f3n \u00abCambiar nombre de hoja\u00bb para cambiar el nombre de la hoja.<\/li>\n<li> Al final, ingrese el nuevo nombre y presione Enter.<\/li>\n<\/ol>\n<p> Como todos los dem\u00e1s m\u00e9todos, primero debes activar la hoja para utilizar este m\u00e9todo.<\/p>\n<p class=\"mytip\"> Tambi\u00e9n puedes usar <a href=\"https:\/\/exceladvisor.org\/es\/cambiar-el-nombre-de-la-hoja\/\">VBA para cambiar el nombre de una hoja<\/a> .<\/p>\n<h2 id=\"h-rules-you-need-to-know-naming-a-sheet\" class=\"wp-block-heading\"> Reglas que necesitas saber (nombra una hoja)<\/h2>\n<p> Hay algunas reglas que debes tener en cuenta al cambiar el nombre de una hoja.<\/p>\n<ol type=\"1\">\n<li> Puedes nombrar dos hojas diferentes con el mismo nombre.<\/li>\n<li> El nombre de una hoja no puede ser un valor vac\u00edo.<\/li>\n<li> Se puede utilizar un m\u00e1ximo de 31 caracteres en el nombre de una hoja.<\/li>\n<li> No se puede utilizar un ap\u00f3strofe (&#8216;) al principio ni al final del nombre, pero se puede utilizar en alg\u00fan punto intermedio.<\/li>\n<li> Algunos caracteres no se pueden utilizar en el nombre, como [ ] \\ \/? :*<\/li>\n<li> No puede utilizar la palabra \u00abHistorial\u00bb como nombre de la hoja, que est\u00e1 reservada por Excel. <\/li>\n<\/ol>\n<div class=\"gb-container gb-container-3044ba66 gb-container-mt\">\n<p class=\"gb-headline gb-headline-b5bb6270 gb-headline-text\"> <strong><a href=\"https:\/\/exceladvisor.org\/es\/conceptos-basicos-de-excel\/\">Conceptos b\u00e1sicos de Excel<\/a><\/strong> \/ <strong><a href=\"https:\/\/exceladvisor.org\/es\/hoja-de-calculo\/\" data-wpil=\"url\">Hoja de c\u00e1lculo de Excel<\/a><\/strong><\/p>\n<h2 class=\"gb-headline gb-headline-819d540d gb-headline-text gb-headline-mt-heading\"> M\u00e1s tutoriales <\/h2>\n<div class=\"gb-grid-wrapper gb-grid-wrapper-7f3d805a gb-grid-wrapper-mt-grid\">\n<div class=\"gb-grid-column gb-grid-column-7495e031\">\n<div class=\"gb-container gb-container-7495e031\">\n<ul>\n<li> <a href=\"https:\/\/exceladvisor.org\/es\/agregar\/\">Agregar una hoja de c\u00e1lculo en Excel<\/a><\/li>\n<li> <a href=\"https:\/\/exceladvisor.org\/es\/cambiar-color-de-pestana\/\">Cambiar color de pesta\u00f1a en Excel (pesta\u00f1a Hoja de trabajo)<\/a><\/li>\n<li> <a href=\"https:\/\/exceladvisor.org\/es\/anade-un-titulo\/\">Agregar un t\u00edtulo a una hoja de trabajo en Excel<\/a><\/li>\n<li> <a href=\"https:\/\/exceladvisor.org\/es\/copia-1\/\">Copiar o mover una hoja (hoja de c\u00e1lculo)<\/a><\/li>\n<li> <a href=\"https:\/\/exceladvisor.org\/es\/seleccionar-todo-1\/\">Seleccionar todas las hojas de trabajo (hojas)<\/a> <\/li>\n<\/ul>\n<\/div>\n<\/div>\n<div class=\"gb-grid-column gb-grid-column-530ab33a\">\n<div class=\"gb-container gb-container-530ab33a\"><\/div>\n<\/div>\n<\/div>\n<\/div>\n","protected":false},"excerpt":{"rendered":"<p>En Excel existen varias formas de cambiar el nombre de una hoja y en este tutorial aprenderemos todos estos m\u00e9todos. Cambiar el nombre de una hoja desde el men\u00fa de opciones El m\u00e9todo predeterminado para cambiar el nombre de una hoja es utilizar el men\u00fa de opciones del bot\u00f3n derecho. Vea los pasos a continuaci\u00f3n: [&hellip;]<\/p>\n","protected":false},"author":1,"featured_media":0,"parent":0,"menu_order":0,"comment_status":"open","ping_status":"closed","template":"","meta":{"ub_ctt_via":"","footnotes":""},"class_list":["post-357","page","type-page","status-publish","hentry"],"featured_image_src":null,"yoast_head":"<!-- This site is optimized with the Yoast SEO plugin v25.4 - https:\/\/yoast.com\/wordpress\/plugins\/seo\/ -->\n<title>\u00bfc\u00f3mo cambiar el nombre de una hoja en excel?<\/title>\n<meta name=\"robots\" content=\"index, follow, max-snippet:-1, max-image-preview:large, max-video-preview:-1\" \/>\n<link rel=\"canonical\" href=\"https:\/\/exceladvisor.org\/es\/rebautizar\/\" \/>\n<meta property=\"og:locale\" content=\"es_ES\" \/>\n<meta property=\"og:type\" content=\"article\" \/>\n<meta property=\"og:title\" content=\"\u00bfc\u00f3mo cambiar el nombre de una hoja en excel?\" \/>\n<meta property=\"og:description\" content=\"En Excel existen varias formas de cambiar el nombre de una hoja y en este tutorial aprenderemos todos estos m\u00e9todos. Cambiar el nombre de una hoja desde el men\u00fa de opciones El m\u00e9todo predeterminado para cambiar el nombre de una hoja es utilizar el men\u00fa de opciones del bot\u00f3n derecho. Vea los pasos a continuaci\u00f3n: [&hellip;]\" \/>\n<meta property=\"og:url\" content=\"https:\/\/exceladvisor.org\/es\/rebautizar\/\" \/>\n<meta property=\"og:site_name\" content=\"Excel Advisor\" \/>\n<meta property=\"article:modified_time\" content=\"2023-12-25T10:24:03+00:00\" \/>\n<meta property=\"og:image\" content=\"https:\/\/exceladvisor.org\/wp-content\/uploads\/2023\/08\/1-renommer-la-feuille-a-partir-du-menu-doptions.png\" \/>\n<meta name=\"twitter:card\" content=\"summary_large_image\" \/>\n<meta name=\"twitter:label1\" content=\"Tiempo de lectura\" \/>\n\t<meta name=\"twitter:data1\" content=\"3 minutos\" \/>\n<script type=\"application\/ld+json\" class=\"yoast-schema-graph\">{\"@context\":\"https:\/\/schema.org\",\"@graph\":[{\"@type\":\"WebPage\",\"@id\":\"https:\/\/exceladvisor.org\/es\/rebautizar\/\",\"url\":\"https:\/\/exceladvisor.org\/es\/rebautizar\/\",\"name\":\"\u00bfc\u00f3mo cambiar el nombre de una hoja en excel?\",\"isPartOf\":{\"@id\":\"https:\/\/exceladvisor.org\/es\/#website\"},\"primaryImageOfPage\":{\"@id\":\"https:\/\/exceladvisor.org\/es\/rebautizar\/#primaryimage\"},\"image\":{\"@id\":\"https:\/\/exceladvisor.org\/es\/rebautizar\/#primaryimage\"},\"thumbnailUrl\":\"https:\/\/exceladvisor.org\/wp-content\/uploads\/2023\/08\/1-renommer-la-feuille-a-partir-du-menu-doptions.png\",\"datePublished\":\"2023-10-31T23:04:24+00:00\",\"dateModified\":\"2023-12-25T10:24:03+00:00\",\"breadcrumb\":{\"@id\":\"https:\/\/exceladvisor.org\/es\/rebautizar\/#breadcrumb\"},\"inLanguage\":\"es\",\"potentialAction\":[{\"@type\":\"ReadAction\",\"target\":[\"https:\/\/exceladvisor.org\/es\/rebautizar\/\"]}]},{\"@type\":\"ImageObject\",\"inLanguage\":\"es\",\"@id\":\"https:\/\/exceladvisor.org\/es\/rebautizar\/#primaryimage\",\"url\":\"https:\/\/exceladvisor.org\/wp-content\/uploads\/2023\/08\/1-renommer-la-feuille-a-partir-du-menu-doptions.png\",\"contentUrl\":\"https:\/\/exceladvisor.org\/wp-content\/uploads\/2023\/08\/1-renommer-la-feuille-a-partir-du-menu-doptions.png\"},{\"@type\":\"BreadcrumbList\",\"@id\":\"https:\/\/exceladvisor.org\/es\/rebautizar\/#breadcrumb\",\"itemListElement\":[{\"@type\":\"ListItem\",\"position\":1,\"name\":\"Hogar\",\"item\":\"https:\/\/exceladvisor.org\/es\/\"},{\"@type\":\"ListItem\",\"position\":2,\"name\":\"\u00bfc\u00f3mo cambiar el nombre de una hoja en excel?\"}]},{\"@type\":\"WebSite\",\"@id\":\"https:\/\/exceladvisor.org\/es\/#website\",\"url\":\"https:\/\/exceladvisor.org\/es\/\",\"name\":\"Excel Advisor\",\"description\":\"Su gu\u00eda para la dominaci\u00f3n de datos!\",\"publisher\":{\"@id\":\"https:\/\/exceladvisor.org\/es\/#organization\"},\"potentialAction\":[{\"@type\":\"SearchAction\",\"target\":{\"@type\":\"EntryPoint\",\"urlTemplate\":\"https:\/\/exceladvisor.org\/es\/?s={search_term_string}\"},\"query-input\":{\"@type\":\"PropertyValueSpecification\",\"valueRequired\":true,\"valueName\":\"search_term_string\"}}],\"inLanguage\":\"es\"},{\"@type\":\"Organization\",\"@id\":\"https:\/\/exceladvisor.org\/es\/#organization\",\"name\":\"Excel Advisor\",\"url\":\"https:\/\/exceladvisor.org\/es\/\",\"logo\":{\"@type\":\"ImageObject\",\"inLanguage\":\"es\",\"@id\":\"https:\/\/exceladvisor.org\/es\/#\/schema\/logo\/image\/\",\"url\":\"https:\/\/exceladvisor.org\/es\/wp-content\/uploads\/2023\/12\/exceladvisor.org_.png\",\"contentUrl\":\"https:\/\/exceladvisor.org\/es\/wp-content\/uploads\/2023\/12\/exceladvisor.org_.png\",\"width\":105,\"height\":36,\"caption\":\"Excel Advisor\"},\"image\":{\"@id\":\"https:\/\/exceladvisor.org\/es\/#\/schema\/logo\/image\/\"}}]}<\/script>\n<!-- \/ Yoast SEO plugin. -->","yoast_head_json":{"title":"\u00bfc\u00f3mo cambiar el nombre de una hoja en excel?","robots":{"index":"index","follow":"follow","max-snippet":"max-snippet:-1","max-image-preview":"max-image-preview:large","max-video-preview":"max-video-preview:-1"},"canonical":"https:\/\/exceladvisor.org\/es\/rebautizar\/","og_locale":"es_ES","og_type":"article","og_title":"\u00bfc\u00f3mo cambiar el nombre de una hoja en excel?","og_description":"En Excel existen varias formas de cambiar el nombre de una hoja y en este tutorial aprenderemos todos estos m\u00e9todos. Cambiar el nombre de una hoja desde el men\u00fa de opciones El m\u00e9todo predeterminado para cambiar el nombre de una hoja es utilizar el men\u00fa de opciones del bot\u00f3n derecho. Vea los pasos a continuaci\u00f3n: [&hellip;]","og_url":"https:\/\/exceladvisor.org\/es\/rebautizar\/","og_site_name":"Excel Advisor","article_modified_time":"2023-12-25T10:24:03+00:00","og_image":[{"url":"https:\/\/exceladvisor.org\/wp-content\/uploads\/2023\/08\/1-renommer-la-feuille-a-partir-du-menu-doptions.png","type":"","width":"","height":""}],"twitter_card":"summary_large_image","twitter_misc":{"Tiempo de lectura":"3 minutos"},"schema":{"@context":"https:\/\/schema.org","@graph":[{"@type":"WebPage","@id":"https:\/\/exceladvisor.org\/es\/rebautizar\/","url":"https:\/\/exceladvisor.org\/es\/rebautizar\/","name":"\u00bfc\u00f3mo cambiar el nombre de una hoja en excel?","isPartOf":{"@id":"https:\/\/exceladvisor.org\/es\/#website"},"primaryImageOfPage":{"@id":"https:\/\/exceladvisor.org\/es\/rebautizar\/#primaryimage"},"image":{"@id":"https:\/\/exceladvisor.org\/es\/rebautizar\/#primaryimage"},"thumbnailUrl":"https:\/\/exceladvisor.org\/wp-content\/uploads\/2023\/08\/1-renommer-la-feuille-a-partir-du-menu-doptions.png","datePublished":"2023-10-31T23:04:24+00:00","dateModified":"2023-12-25T10:24:03+00:00","breadcrumb":{"@id":"https:\/\/exceladvisor.org\/es\/rebautizar\/#breadcrumb"},"inLanguage":"es","potentialAction":[{"@type":"ReadAction","target":["https:\/\/exceladvisor.org\/es\/rebautizar\/"]}]},{"@type":"ImageObject","inLanguage":"es","@id":"https:\/\/exceladvisor.org\/es\/rebautizar\/#primaryimage","url":"https:\/\/exceladvisor.org\/wp-content\/uploads\/2023\/08\/1-renommer-la-feuille-a-partir-du-menu-doptions.png","contentUrl":"https:\/\/exceladvisor.org\/wp-content\/uploads\/2023\/08\/1-renommer-la-feuille-a-partir-du-menu-doptions.png"},{"@type":"BreadcrumbList","@id":"https:\/\/exceladvisor.org\/es\/rebautizar\/#breadcrumb","itemListElement":[{"@type":"ListItem","position":1,"name":"Hogar","item":"https:\/\/exceladvisor.org\/es\/"},{"@type":"ListItem","position":2,"name":"\u00bfc\u00f3mo cambiar el nombre de una hoja en excel?"}]},{"@type":"WebSite","@id":"https:\/\/exceladvisor.org\/es\/#website","url":"https:\/\/exceladvisor.org\/es\/","name":"Excel Advisor","description":"Su gu\u00eda para la dominaci\u00f3n de datos!","publisher":{"@id":"https:\/\/exceladvisor.org\/es\/#organization"},"potentialAction":[{"@type":"SearchAction","target":{"@type":"EntryPoint","urlTemplate":"https:\/\/exceladvisor.org\/es\/?s={search_term_string}"},"query-input":{"@type":"PropertyValueSpecification","valueRequired":true,"valueName":"search_term_string"}}],"inLanguage":"es"},{"@type":"Organization","@id":"https:\/\/exceladvisor.org\/es\/#organization","name":"Excel Advisor","url":"https:\/\/exceladvisor.org\/es\/","logo":{"@type":"ImageObject","inLanguage":"es","@id":"https:\/\/exceladvisor.org\/es\/#\/schema\/logo\/image\/","url":"https:\/\/exceladvisor.org\/es\/wp-content\/uploads\/2023\/12\/exceladvisor.org_.png","contentUrl":"https:\/\/exceladvisor.org\/es\/wp-content\/uploads\/2023\/12\/exceladvisor.org_.png","width":105,"height":36,"caption":"Excel Advisor"},"image":{"@id":"https:\/\/exceladvisor.org\/es\/#\/schema\/logo\/image\/"}}]}},"yoast_meta":{"yoast_wpseo_title":"","yoast_wpseo_metadesc":"","yoast_wpseo_canonical":""},"_links":{"self":[{"href":"https:\/\/exceladvisor.org\/es\/wp-json\/wp\/v2\/pages\/357","targetHints":{"allow":["GET"]}}],"collection":[{"href":"https:\/\/exceladvisor.org\/es\/wp-json\/wp\/v2\/pages"}],"about":[{"href":"https:\/\/exceladvisor.org\/es\/wp-json\/wp\/v2\/types\/page"}],"author":[{"embeddable":true,"href":"https:\/\/exceladvisor.org\/es\/wp-json\/wp\/v2\/users\/1"}],"replies":[{"embeddable":true,"href":"https:\/\/exceladvisor.org\/es\/wp-json\/wp\/v2\/comments?post=357"}],"version-history":[{"count":1,"href":"https:\/\/exceladvisor.org\/es\/wp-json\/wp\/v2\/pages\/357\/revisions"}],"predecessor-version":[{"id":895,"href":"https:\/\/exceladvisor.org\/es\/wp-json\/wp\/v2\/pages\/357\/revisions\/895"}],"wp:attachment":[{"href":"https:\/\/exceladvisor.org\/es\/wp-json\/wp\/v2\/media?parent=357"}],"curies":[{"name":"wp","href":"https:\/\/api.w.org\/{rel}","templated":true}]}}