{"id":358,"date":"2023-10-31T22:52:09","date_gmt":"2023-10-31T22:52:09","guid":{"rendered":"https:\/\/exceladvisor.org\/es\/retiro\/"},"modified":"2023-12-25T10:23:35","modified_gmt":"2023-12-25T10:23:35","slug":"retiro","status":"publish","type":"page","link":"https:\/\/exceladvisor.org\/es\/retiro\/","title":{"rendered":"\u00bfc\u00f3mo aumentar y disminuir sangr\u00eda en excel?"},"content":{"rendered":"<div class=\"excel-antes-del-contenido\" id=\"excel-3375109908\"><script type=\"text\/javascript\">\r\n\tatOptions = {\r\n\t\t'key' : 'c1158f160081d6540a8409e6925dab94',\r\n\t\t'format' : 'iframe',\r\n\t\t'height' : 250,\r\n\t\t'width' : 300,\r\n\t\t'params' : {}\r\n\t};\r\n<\/script>\r\n<script type=\"text\/javascript\" src=\"\/\/www.highperformanceformat.com\/c1158f160081d6540a8409e6925dab94\/invoke.js\"><\/script><\/div><p>En Excel existen varias formas de aumentar y disminuir sangr\u00eda y en este tutorial aprenderemos todos estos m\u00e9todos.<\/p>\n<h2 class=\"wp-block-heading\"> Botones de extracci\u00f3n de cinta<\/h2>\n<p> Hay dos botones que puede utilizar para agregar o eliminar una sangr\u00eda de una celda o rango de celdas. El bot\u00f3n que tiene la flecha hacia la derecha es para agregar sangr\u00eda y fingir que tiene una flecha hacia la izquierda es para eliminar la intenci\u00f3n. <\/p>\n<div class=\"wp-block-image\">\n<figure class=\"aligncenter size-full is-resized\"><img loading=\"lazy\" decoding=\"async\" class=\"wp-image-61140\" src=\"https:\/\/exceladvisor.org\/wp-content\/uploads\/2023\/08\/1-boutons-en-retrait-du-ruban.png\" sizes=\"auto, \" srcset=\"\" alt=\"botones-para-eliminar-la-cinta\" width=\"625\" height=\"180\"><\/figure>\n<\/div>\n<ol>\n<li> Primero, debe <strong>seleccionar la celda o el rango de celdas<\/strong> donde agreg\u00f3 o elimin\u00f3 la sangr\u00eda.<\/li>\n<li> Despu\u00e9s de eso, vaya a la <strong>pesta\u00f1a de inicio y ubique all\u00ed la pesta\u00f1a de alineaci\u00f3n<\/strong> .<\/li>\n<li> Desde aqu\u00ed, en la pesta\u00f1a de alineaci\u00f3n, puedes utilizar <strong>dos botones<\/strong> .<\/li>\n<li> Al final, haga clic en el bot\u00f3n para <strong>agregar o eliminar la sangr\u00eda<\/strong> .<\/li>\n<\/ol>\n<p> Puede ver en el siguiente ejemplo que agregamos una sangr\u00eda en la celda A1. <\/p>\n<div class=\"wp-block-image\">\n<figure class=\"aligncenter size-full is-resized\"><img loading=\"lazy\" decoding=\"async\" class=\"alignnone  wp-image-12941\" src=\"https:\/\/exceladvisor.org\/wp-content\/uploads\/2023\/11\/ajouter-ou-supprimer-retrait.png\" alt=\"agregar o quitar eliminaci\u00f3n\" width=\"628\" height=\"335\" srcset=\"https:\/\/exceladvisor.org\/wp-content\/uploads\/2023\/11\/ajouter-ou-supprimer-retrait.png 821w, https:\/\/exceladvisor.org\/wp-content\/uploads\/2023\/11\/ajouter-ou-supprimer-retrait-300x160.png 300w, https:\/\/exceladvisor.org\/wp-content\/uploads\/2023\/11\/ajouter-ou-supprimer-retrait-768x410.png 768w\" sizes=\"auto, (max-width: 628px) 100vw, 628px\"><\/figure>\n<\/div>\n<p> Si desea agregar varias sangr\u00edas, debe hacer clic en el bot\u00f3n varias veces. Esto significa que si desea agregar una sangr\u00eda tres veces, debe hacer clic en el bot\u00f3n tres veces. Y eliminar una sangr\u00eda ocurre del mismo modo.<\/p>\n<h2 class=\"wp-block-heading\"> Atajo de teclado para agregar una sangr\u00eda<\/h2>\n<p> Tambi\u00e9n puede utilizar un m\u00e9todo abreviado de teclado para agregar o eliminar una sangr\u00eda de la celda. Hay dos atajos diferentes para agregar una sangr\u00eda de eliminaci\u00f3n.<\/p>\n<ul>\n<li> <strong>Aumentar sangr\u00eda:<\/strong> <kbd>Alt \u279c H \u279c 6<\/kbd><\/li>\n<li> <strong>Disminuir sangr\u00eda:<\/strong> <kbd>Alt \u279c H \u279c 5<\/kbd><\/li>\n<\/ul>\n<p> <strong>Relacionado: <a href=\"https:\/\/exceladvisor.org\/es\/atajos-de-teclado\/\">Atajos de teclado (hoja de referencia en PDF)<\/a><\/strong><\/p>\n<h2 class=\"wp-block-heading\"> C\u00f3digo VBA para agregar una sangr\u00eda<\/h2>\n<p> Si <a href=\"https:\/\/exceladvisor.org\/es\/vba\/\">comprende VBA<\/a> , puede escribir c\u00f3digo que pueda agregar una sangr\u00eda a la celda seleccionada, como el siguiente c\u00f3digo.<\/p>\n<pre class=\"wp-block-code\"> <code class=\"language-visual-basic line-numbers\" lang=\"visual-basic\"><strong>Sub<\/strong> Macro1() <strong>Dim<\/strong> myInt <strong>As<\/strong> Integer myInt = InputBox(\"how many indents you want to add?\", \"Add Indent\") Selection.InsertIndent myInt <strong>End<\/strong> <strong>Sub<\/strong><\/code><\/pre>\n<p> Antes <a href=\"https:\/\/exceladvisor.org\/es\/ejecutar-una-macro-2\/\">de ejecutar este c\u00f3digo,<\/a> debe seleccionar las celdas en las que desea aumentar la sangr\u00eda. Le mostrar\u00e1 un cuadro de entrada para ingresar el n\u00famero de retiro que desea agregar. <\/p>\n<div class=\"wp-block-image\">\n<figure class=\"aligncenter size-full is-resized\"><img loading=\"lazy\" decoding=\"async\" class=\"wp-image-61142\" src=\"https:\/\/exceladvisor.org\/wp-content\/uploads\/2023\/08\/3-vba-pour-ajouter-un-retrait.png\" sizes=\"auto, \" srcset=\"\" alt=\"vba-para-agregar-sangr\u00eda\" width=\"474\" height=\"205\"><\/figure>\n<\/div>\n<h2 class=\"wp-block-heading\"> Eliminar sangr\u00eda de una celda<\/h2>\n<p> Como comentamos al principio de este tutorial, puede utilizar el bot\u00f3n de disminuci\u00f3n de sangr\u00eda para eliminar la sangr\u00eda de una celda. <\/p>\n<div class=\"wp-block-image\">\n<figure class=\"aligncenter size-full is-resized\"><img loading=\"lazy\" decoding=\"async\" class=\"wp-image-61143\" src=\"https:\/\/exceladvisor.org\/wp-content\/uploads\/2023\/08\/4-supprimer-lindentation-de-la-cellule.png\" sizes=\"auto, \" srcset=\"\" alt=\"eliminar la sangr\u00eda celular\" width=\"623\" height=\"179\"><\/figure>\n<\/div>\n<p> Aparte de esto, puede borrar el formato de una celda o un rango de celdas para eliminar la sangr\u00eda, ya que es parte del formato de celda. <\/p>\n<div class=\"wp-block-image\">\n<figure class=\"aligncenter size-full is-resized\"><img loading=\"lazy\" decoding=\"async\" class=\"wp-image-61144\" src=\"https:\/\/exceladvisor.org\/wp-content\/uploads\/2023\/08\/5-formatage-clair.png\" sizes=\"auto, \" srcset=\"\" alt=\"eliminar formato\" width=\"582\" height=\"328\"><\/figure>\n<\/div>\n<div class=\"gb-container gb-container-4db6181c gb-container-mt\"> <a class=\"gb-button gb-button-c5897111 gb-button-text gb-button-mt-button\" href=\"https:\/\/exceladvisor.org\/es\/conceptos-basicos-de-excel\/\">Conceptos b\u00e1sicos de Microsoft Excel (componentes, piezas y notas de conocimiento)<\/a><\/p>\n<h2 class=\"gb-headline gb-headline-665e5f6b gb-headline-text gb-headline-mt-heading\"> Tutoriales relacionados <\/h2>\n<div class=\"gb-grid-wrapper gb-grid-wrapper-a20baf7c gb-grid-wrapper-mt-grid\">\n<div class=\"gb-grid-column gb-grid-column-65ddf67e\">\n<div class=\"gb-container gb-container-65ddf67e\">\n<ul>\n<li> <a href=\"https:\/\/exceladvisor.org\/es\/dibuja-una-linea\/\">Dibuja una l\u00ednea en Excel<\/a><\/li>\n<li> <a href=\"https:\/\/exceladvisor.org\/es\/agregar-un-boton\/\">Agregar un bot\u00f3n en Excel<\/a><\/li>\n<li> <a href=\"https:\/\/exceladvisor.org\/es\/fusionar-celulas-disociadas\/\">Fusionar: desagrupar celdas en Excel<\/a><\/li>\n<li> <a href=\"https:\/\/exceladvisor.org\/es\/corrector-ortografico\/\">Corrector ortogr\u00e1fico en Excel<\/a><\/li>\n<li> <a href=\"https:\/\/exceladvisor.org\/es\/rotar-texto\/\">Girar texto en Excel (orientaci\u00f3n del texto)<\/a> <\/li>\n<\/ul>\n<\/div>\n<\/div>\n<div class=\"gb-grid-column gb-grid-column-50067b57\">\n<div class=\"gb-container gb-container-50067b57\"><\/div>\n<\/div>\n<\/div>\n<\/div>\n","protected":false},"excerpt":{"rendered":"<p>En Excel existen varias formas de aumentar y disminuir sangr\u00eda y en este tutorial aprenderemos todos estos m\u00e9todos. Botones de extracci\u00f3n de cinta Hay dos botones que puede utilizar para agregar o eliminar una sangr\u00eda de una celda o rango de celdas. El bot\u00f3n que tiene la flecha hacia la derecha es para agregar sangr\u00eda [&hellip;]<\/p>\n","protected":false},"author":1,"featured_media":0,"parent":0,"menu_order":0,"comment_status":"open","ping_status":"closed","template":"","meta":{"ub_ctt_via":"","footnotes":""},"class_list":["post-358","page","type-page","status-publish","hentry"],"featured_image_src":null,"yoast_head":"<!-- This site is optimized with the Yoast SEO plugin v25.4 - https:\/\/yoast.com\/wordpress\/plugins\/seo\/ -->\n<title>\u00bfc\u00f3mo aumentar y disminuir sangr\u00eda en excel?<\/title>\n<meta name=\"robots\" content=\"index, follow, max-snippet:-1, max-image-preview:large, max-video-preview:-1\" \/>\n<link rel=\"canonical\" href=\"https:\/\/exceladvisor.org\/es\/retiro\/\" \/>\n<meta property=\"og:locale\" content=\"es_ES\" \/>\n<meta property=\"og:type\" content=\"article\" \/>\n<meta property=\"og:title\" content=\"\u00bfc\u00f3mo aumentar y disminuir sangr\u00eda en excel?\" \/>\n<meta property=\"og:description\" content=\"En Excel existen varias formas de aumentar y disminuir sangr\u00eda y en este tutorial aprenderemos todos estos m\u00e9todos. Botones de extracci\u00f3n de cinta Hay dos botones que puede utilizar para agregar o eliminar una sangr\u00eda de una celda o rango de celdas. El bot\u00f3n que tiene la flecha hacia la derecha es para agregar sangr\u00eda [&hellip;]\" \/>\n<meta property=\"og:url\" content=\"https:\/\/exceladvisor.org\/es\/retiro\/\" \/>\n<meta property=\"og:site_name\" content=\"Excel Advisor\" \/>\n<meta property=\"article:modified_time\" content=\"2023-12-25T10:23:35+00:00\" \/>\n<meta property=\"og:image\" content=\"https:\/\/exceladvisor.org\/wp-content\/uploads\/2023\/08\/1-boutons-en-retrait-du-ruban.png\" \/>\n<meta name=\"twitter:card\" content=\"summary_large_image\" \/>\n<meta name=\"twitter:label1\" content=\"Tiempo de lectura\" \/>\n\t<meta name=\"twitter:data1\" content=\"2 minutos\" \/>\n<script type=\"application\/ld+json\" class=\"yoast-schema-graph\">{\"@context\":\"https:\/\/schema.org\",\"@graph\":[{\"@type\":\"WebPage\",\"@id\":\"https:\/\/exceladvisor.org\/es\/retiro\/\",\"url\":\"https:\/\/exceladvisor.org\/es\/retiro\/\",\"name\":\"\u00bfc\u00f3mo aumentar y disminuir sangr\u00eda en excel?\",\"isPartOf\":{\"@id\":\"https:\/\/exceladvisor.org\/es\/#website\"},\"primaryImageOfPage\":{\"@id\":\"https:\/\/exceladvisor.org\/es\/retiro\/#primaryimage\"},\"image\":{\"@id\":\"https:\/\/exceladvisor.org\/es\/retiro\/#primaryimage\"},\"thumbnailUrl\":\"https:\/\/exceladvisor.org\/wp-content\/uploads\/2023\/08\/1-boutons-en-retrait-du-ruban.png\",\"datePublished\":\"2023-10-31T22:52:09+00:00\",\"dateModified\":\"2023-12-25T10:23:35+00:00\",\"breadcrumb\":{\"@id\":\"https:\/\/exceladvisor.org\/es\/retiro\/#breadcrumb\"},\"inLanguage\":\"es\",\"potentialAction\":[{\"@type\":\"ReadAction\",\"target\":[\"https:\/\/exceladvisor.org\/es\/retiro\/\"]}]},{\"@type\":\"ImageObject\",\"inLanguage\":\"es\",\"@id\":\"https:\/\/exceladvisor.org\/es\/retiro\/#primaryimage\",\"url\":\"https:\/\/exceladvisor.org\/wp-content\/uploads\/2023\/08\/1-boutons-en-retrait-du-ruban.png\",\"contentUrl\":\"https:\/\/exceladvisor.org\/wp-content\/uploads\/2023\/08\/1-boutons-en-retrait-du-ruban.png\"},{\"@type\":\"BreadcrumbList\",\"@id\":\"https:\/\/exceladvisor.org\/es\/retiro\/#breadcrumb\",\"itemListElement\":[{\"@type\":\"ListItem\",\"position\":1,\"name\":\"Hogar\",\"item\":\"https:\/\/exceladvisor.org\/es\/\"},{\"@type\":\"ListItem\",\"position\":2,\"name\":\"\u00bfc\u00f3mo aumentar y disminuir sangr\u00eda en excel?\"}]},{\"@type\":\"WebSite\",\"@id\":\"https:\/\/exceladvisor.org\/es\/#website\",\"url\":\"https:\/\/exceladvisor.org\/es\/\",\"name\":\"Excel Advisor\",\"description\":\"Su gu\u00eda para la dominaci\u00f3n de datos!\",\"publisher\":{\"@id\":\"https:\/\/exceladvisor.org\/es\/#organization\"},\"potentialAction\":[{\"@type\":\"SearchAction\",\"target\":{\"@type\":\"EntryPoint\",\"urlTemplate\":\"https:\/\/exceladvisor.org\/es\/?s={search_term_string}\"},\"query-input\":{\"@type\":\"PropertyValueSpecification\",\"valueRequired\":true,\"valueName\":\"search_term_string\"}}],\"inLanguage\":\"es\"},{\"@type\":\"Organization\",\"@id\":\"https:\/\/exceladvisor.org\/es\/#organization\",\"name\":\"Excel Advisor\",\"url\":\"https:\/\/exceladvisor.org\/es\/\",\"logo\":{\"@type\":\"ImageObject\",\"inLanguage\":\"es\",\"@id\":\"https:\/\/exceladvisor.org\/es\/#\/schema\/logo\/image\/\",\"url\":\"https:\/\/exceladvisor.org\/es\/wp-content\/uploads\/2023\/12\/exceladvisor.org_.png\",\"contentUrl\":\"https:\/\/exceladvisor.org\/es\/wp-content\/uploads\/2023\/12\/exceladvisor.org_.png\",\"width\":105,\"height\":36,\"caption\":\"Excel Advisor\"},\"image\":{\"@id\":\"https:\/\/exceladvisor.org\/es\/#\/schema\/logo\/image\/\"}}]}<\/script>\n<!-- \/ Yoast SEO plugin. -->","yoast_head_json":{"title":"\u00bfc\u00f3mo aumentar y disminuir sangr\u00eda en excel?","robots":{"index":"index","follow":"follow","max-snippet":"max-snippet:-1","max-image-preview":"max-image-preview:large","max-video-preview":"max-video-preview:-1"},"canonical":"https:\/\/exceladvisor.org\/es\/retiro\/","og_locale":"es_ES","og_type":"article","og_title":"\u00bfc\u00f3mo aumentar y disminuir sangr\u00eda en excel?","og_description":"En Excel existen varias formas de aumentar y disminuir sangr\u00eda y en este tutorial aprenderemos todos estos m\u00e9todos. Botones de extracci\u00f3n de cinta Hay dos botones que puede utilizar para agregar o eliminar una sangr\u00eda de una celda o rango de celdas. El bot\u00f3n que tiene la flecha hacia la derecha es para agregar sangr\u00eda [&hellip;]","og_url":"https:\/\/exceladvisor.org\/es\/retiro\/","og_site_name":"Excel Advisor","article_modified_time":"2023-12-25T10:23:35+00:00","og_image":[{"url":"https:\/\/exceladvisor.org\/wp-content\/uploads\/2023\/08\/1-boutons-en-retrait-du-ruban.png","type":"","width":"","height":""}],"twitter_card":"summary_large_image","twitter_misc":{"Tiempo de lectura":"2 minutos"},"schema":{"@context":"https:\/\/schema.org","@graph":[{"@type":"WebPage","@id":"https:\/\/exceladvisor.org\/es\/retiro\/","url":"https:\/\/exceladvisor.org\/es\/retiro\/","name":"\u00bfc\u00f3mo aumentar y disminuir sangr\u00eda en excel?","isPartOf":{"@id":"https:\/\/exceladvisor.org\/es\/#website"},"primaryImageOfPage":{"@id":"https:\/\/exceladvisor.org\/es\/retiro\/#primaryimage"},"image":{"@id":"https:\/\/exceladvisor.org\/es\/retiro\/#primaryimage"},"thumbnailUrl":"https:\/\/exceladvisor.org\/wp-content\/uploads\/2023\/08\/1-boutons-en-retrait-du-ruban.png","datePublished":"2023-10-31T22:52:09+00:00","dateModified":"2023-12-25T10:23:35+00:00","breadcrumb":{"@id":"https:\/\/exceladvisor.org\/es\/retiro\/#breadcrumb"},"inLanguage":"es","potentialAction":[{"@type":"ReadAction","target":["https:\/\/exceladvisor.org\/es\/retiro\/"]}]},{"@type":"ImageObject","inLanguage":"es","@id":"https:\/\/exceladvisor.org\/es\/retiro\/#primaryimage","url":"https:\/\/exceladvisor.org\/wp-content\/uploads\/2023\/08\/1-boutons-en-retrait-du-ruban.png","contentUrl":"https:\/\/exceladvisor.org\/wp-content\/uploads\/2023\/08\/1-boutons-en-retrait-du-ruban.png"},{"@type":"BreadcrumbList","@id":"https:\/\/exceladvisor.org\/es\/retiro\/#breadcrumb","itemListElement":[{"@type":"ListItem","position":1,"name":"Hogar","item":"https:\/\/exceladvisor.org\/es\/"},{"@type":"ListItem","position":2,"name":"\u00bfc\u00f3mo aumentar y disminuir sangr\u00eda en excel?"}]},{"@type":"WebSite","@id":"https:\/\/exceladvisor.org\/es\/#website","url":"https:\/\/exceladvisor.org\/es\/","name":"Excel Advisor","description":"Su gu\u00eda para la dominaci\u00f3n de datos!","publisher":{"@id":"https:\/\/exceladvisor.org\/es\/#organization"},"potentialAction":[{"@type":"SearchAction","target":{"@type":"EntryPoint","urlTemplate":"https:\/\/exceladvisor.org\/es\/?s={search_term_string}"},"query-input":{"@type":"PropertyValueSpecification","valueRequired":true,"valueName":"search_term_string"}}],"inLanguage":"es"},{"@type":"Organization","@id":"https:\/\/exceladvisor.org\/es\/#organization","name":"Excel Advisor","url":"https:\/\/exceladvisor.org\/es\/","logo":{"@type":"ImageObject","inLanguage":"es","@id":"https:\/\/exceladvisor.org\/es\/#\/schema\/logo\/image\/","url":"https:\/\/exceladvisor.org\/es\/wp-content\/uploads\/2023\/12\/exceladvisor.org_.png","contentUrl":"https:\/\/exceladvisor.org\/es\/wp-content\/uploads\/2023\/12\/exceladvisor.org_.png","width":105,"height":36,"caption":"Excel Advisor"},"image":{"@id":"https:\/\/exceladvisor.org\/es\/#\/schema\/logo\/image\/"}}]}},"yoast_meta":{"yoast_wpseo_title":"","yoast_wpseo_metadesc":"","yoast_wpseo_canonical":""},"_links":{"self":[{"href":"https:\/\/exceladvisor.org\/es\/wp-json\/wp\/v2\/pages\/358","targetHints":{"allow":["GET"]}}],"collection":[{"href":"https:\/\/exceladvisor.org\/es\/wp-json\/wp\/v2\/pages"}],"about":[{"href":"https:\/\/exceladvisor.org\/es\/wp-json\/wp\/v2\/types\/page"}],"author":[{"embeddable":true,"href":"https:\/\/exceladvisor.org\/es\/wp-json\/wp\/v2\/users\/1"}],"replies":[{"embeddable":true,"href":"https:\/\/exceladvisor.org\/es\/wp-json\/wp\/v2\/comments?post=358"}],"version-history":[{"count":1,"href":"https:\/\/exceladvisor.org\/es\/wp-json\/wp\/v2\/pages\/358\/revisions"}],"predecessor-version":[{"id":857,"href":"https:\/\/exceladvisor.org\/es\/wp-json\/wp\/v2\/pages\/358\/revisions\/857"}],"wp:attachment":[{"href":"https:\/\/exceladvisor.org\/es\/wp-json\/wp\/v2\/media?parent=358"}],"curies":[{"name":"wp","href":"https:\/\/api.w.org\/{rel}","templated":true}]}}