{"id":359,"date":"2023-10-31T22:43:02","date_gmt":"2023-10-31T22:43:02","guid":{"rendered":"https:\/\/exceladvisor.org\/es\/cambiar-color-de-pestana\/"},"modified":"2023-12-25T10:23:59","modified_gmt":"2023-12-25T10:23:59","slug":"cambiar-color-de-pestana","status":"publish","type":"page","link":"https:\/\/exceladvisor.org\/es\/cambiar-color-de-pestana\/","title":{"rendered":"\u00bfc\u00f3mo cambiar el color de la pesta\u00f1a?"},"content":{"rendered":"<div class=\"excel-antes-del-contenido\" id=\"excel-3497505175\"><script type=\"text\/javascript\">\r\n\tatOptions = {\r\n\t\t'key' : 'c1158f160081d6540a8409e6925dab94',\r\n\t\t'format' : 'iframe',\r\n\t\t'height' : 250,\r\n\t\t'width' : 300,\r\n\t\t'params' : {}\r\n\t};\r\n<\/script>\r\n<script type=\"text\/javascript\" src=\"\/\/www.highperformanceformat.com\/c1158f160081d6540a8409e6925dab94\/invoke.js\"><\/script><\/div><p>En Excel, para cada hoja de c\u00e1lculo tienes una pesta\u00f1a en la parte inferior. Para diferenciar una hoja de otras hojas, puede usar la opci\u00f3n de color de pesta\u00f1a para aplicar un color de fondo. En el tutorial, veremos pasos sencillos para aplicar un color de fondo a una pesta\u00f1a. <\/p>\n<div class=\"wp-block-image\">\n<figure class=\"aligncenter size-full is-resized\"><img loading=\"lazy\" decoding=\"async\" class=\"wp-image-75245\" src=\"https:\/\/exceladvisor.org\/wp-content\/uploads\/2023\/08\/1-onglet-de-changement-de-couleur.png\" sizes=\"auto, \" srcset=\"\" alt=\"pesta\u00f1a de cambio de color\" width=\"599\" height=\"125\"><\/figure>\n<\/div>\n<h2 id=\"h-steps-to-change-the-tab-color-in-excel\" class=\"wp-block-heading\"> Pasos para cambiar el color de la pesta\u00f1a en Excel<\/h2>\n<ol type=\"1\">\n<li> Primero, haga clic derecho en la pesta\u00f1a de la hoja donde desea aplicar el color.<\/li>\n<li> En el men\u00fa contextual, haga clic en el color de la pesta\u00f1a.<\/li>\n<li> Despu\u00e9s de eso, elija el color que desea aplicar a la pesta\u00f1a.<\/li>\n<li> Al final, haz clic en el color para aplicarlo. <\/li>\n<\/ol>\n<div class=\"wp-block-image\">\n<figure class=\"aligncenter size-full is-resized\"><img loading=\"lazy\" decoding=\"async\" class=\"wp-image-75246\" src=\"https:\/\/exceladvisor.org\/wp-content\/uploads\/2023\/08\/2-choisir-la-couleur.png\" sizes=\"auto, \" srcset=\"\" alt=\"elige el color\" width=\"445\" height=\"343\"><\/figure>\n<\/div>\n<p> Si est\u00e1 utilizando Excel en Mac, los pasos para cambiar el color de la pesta\u00f1a son los mismos que usamos en Windows. <\/p>\n<div class=\"wp-block-image\">\n<figure class=\"aligncenter size-full is-resized\"><img loading=\"lazy\" decoding=\"async\" class=\"wp-image-75247\" src=\"https:\/\/exceladvisor.org\/wp-content\/uploads\/2023\/08\/3-changer-la-couleur-des-onglets-sur-mac.png\" sizes=\"auto, \" srcset=\"\" alt=\"cambiar-color-de-pesta\u00f1a-en-mac\" width=\"412\" height=\"351\"><\/figure>\n<\/div>\n<h2 id=\"h-use-tab-color-from-the-home-tab\" class=\"wp-block-heading\"> Usar el color de la pesta\u00f1a desde la pesta\u00f1a Inicio<\/h2>\n<ol type=\"1\">\n<li> Primero, active la hoja para la que desea cambiar el color de fondo de la pesta\u00f1a.<\/li>\n<li> Ahora, haga clic en el men\u00fa desplegable \u00abFormato\u00bb.<\/li>\n<li> Despu\u00e9s de eso, vaya a la opci\u00f3n de color de pesta\u00f1a.<\/li>\n<li> Al final, elige el color que deseas aplicar y haz clic para aplicarlo. <\/li>\n<\/ol>\n<div class=\"wp-block-image\">\n<figure class=\"aligncenter size-full is-resized\"><img loading=\"lazy\" decoding=\"async\" class=\"wp-image-75248\" src=\"https:\/\/exceladvisor.org\/wp-content\/uploads\/2023\/08\/Icone-de-format-4-pour-les-couleurs.png\" sizes=\"auto, \" srcset=\"\" alt=\"icono de formato de color\" width=\"424\" height=\"536\"><\/figure>\n<\/div>\n<p> Y en Mac los pasos son los mismos que en Windows. <\/p>\n<div class=\"wp-block-image\">\n<figure class=\"aligncenter size-full is-resized\"><img loading=\"lazy\" decoding=\"async\" class=\"wp-image-75249\" src=\"https:\/\/exceladvisor.org\/wp-content\/uploads\/2023\/08\/Icone-de-format-5-pour-changer-de-couleur-sur-mac.png\" sizes=\"auto, \" srcset=\"\" alt=\"icono de formato para cambiar color en mac\" width=\"397\" height=\"532\"><\/figure>\n<\/div>\n<h2 id=\"h-keyboard-shortcut-to-change-the-worksheet-tab-color\" class=\"wp-block-heading\"> M\u00e9todo abreviado de teclado para cambiar el color de la pesta\u00f1a de la hoja de trabajo<\/h2>\n<p> <kbd>Alt<\/kbd> \u21e2 <kbd>H<\/kbd> \u21e2 <kbd>O<\/kbd> \u21e2 <kbd>T<\/kbd><\/p>\n<p> Debe presionar estas teclas en una secuencia, lo que abrir\u00e1 la opci\u00f3n de color de pesta\u00f1a en la lista desplegable de formato que usamos en el m\u00e9todo anterior.<\/p>\n<p> Una vez que use este m\u00e9todo abreviado de teclado, debe elegir el color usando las teclas de navegaci\u00f3n y al final presionar Enter para aplicar el color.<\/p>\n<p class=\"mytip\"> Cuando activas una hoja, el color de la pesta\u00f1a se vuelve un poco m\u00e1s intenso que su tinte.<\/p>\n<h2 id=\"h-custom-color\" class=\"wp-block-heading\"> Color personalizado<\/h2>\n<p> Si desea utilizar colores distintos al tema y los colores predeterminados, haga clic en la opci\u00f3n \u201cM\u00e1s colores\u2026\u201d. <\/p>\n<div class=\"wp-block-image\">\n<figure class=\"aligncenter size-full is-resized\"><img loading=\"lazy\" decoding=\"async\" class=\"wp-image-84453\" src=\"https:\/\/exceladvisor.org\/wp-content\/uploads\/2023\/08\/4-couleurs-personnalisees.png\" sizes=\"auto, \" srcset=\"\" alt=\"color personalizado\" width=\"505\" height=\"378\"><\/figure>\n<\/div>\n<p> En el cuadro de di\u00e1logo M\u00e1s colores, puede usar c\u00f3digo (HEX) o (RGB) para especificar el color personalizado que desea aplicar a la pesta\u00f1a. <\/p>\n<div class=\"wp-block-image\">\n<figure class=\"aligncenter size-full is-resized\"><img loading=\"lazy\" decoding=\"async\" class=\"wp-image-84454\" src=\"https:\/\/exceladvisor.org\/wp-content\/uploads\/2023\/08\/5-utiliser-hexadecimal-ou-rvb.png\" sizes=\"auto, \" srcset=\"\" alt=\"usar-hex-o-rgb\" width=\"452\" height=\"444\"><\/figure>\n<\/div>\n<h2 id=\"h-remove-sheet-tab-color\" class=\"wp-block-heading\"> Quitar color de pesta\u00f1a de hoja<\/h2>\n<p> Si desea eliminar el color de la pesta\u00f1a de la hoja, puede utilizar cualquiera de los m\u00e9todos anteriores y abrir la opci\u00f3n de color de la pesta\u00f1a. Despu\u00e9s de eso, haga clic en la opci\u00f3n \u00abSin color\u00bb para eliminar el color. <\/p>\n<div class=\"wp-block-image\">\n<figure class=\"aligncenter size-full is-resized\"><img loading=\"lazy\" decoding=\"async\" class=\"wp-image-75250\" src=\"https:\/\/exceladvisor.org\/wp-content\/uploads\/2023\/08\/6-supprimer-la-couleur-de-longlet.png\" sizes=\"auto, \" srcset=\"\" alt=\"eliminar pesta\u00f1a de color\" width=\"388\" height=\"328\"><\/figure>\n<\/div>\n<h2 id=\"h-i-can-t-apply-change-or-remove-the-tab-color\" class=\"wp-block-heading\"> No puedo aplicar, cambiar o eliminar el color de la pesta\u00f1a<\/h2>\n<p> Puede haber una raz\u00f3n por la que abres la opci\u00f3n de color de la pesta\u00f1a y aparece atenuada. <\/p>\n<div class=\"wp-block-image\">\n<figure class=\"aligncenter size-full is-resized\"><img loading=\"lazy\" decoding=\"async\" class=\"wp-image-75251\" src=\"https:\/\/exceladvisor.org\/wp-content\/uploads\/2023\/08\/7-ne-peut-pas-changer-ou-supprimer-la-couleur-de-longlet.png\" sizes=\"auto, \" srcset=\"\" alt=\"no se puede cambiar ni eliminar el color de la pesta\u00f1a\" width=\"307\" height=\"348\"><\/figure>\n<\/div>\n<p> La raz\u00f3n puede ser que su archivo de Excel est\u00e9 protegido. <\/p>\n<div class=\"wp-block-image\">\n<figure class=\"aligncenter size-full is-resized\"><img loading=\"lazy\" decoding=\"async\" class=\"wp-image-75252\" src=\"https:\/\/exceladvisor.org\/wp-content\/uploads\/2023\/08\/8-proteger-le-classeur.png\" sizes=\"auto, \" srcset=\"\" alt=\"carpeta protectora\" width=\"593\" height=\"208\"><\/figure>\n<\/div>\n<h2 id=\"h-vba-code-to-add-tab-color\" class=\"wp-block-heading\"> C\u00f3digo VBA para agregar color de pesta\u00f1a<\/h2>\n<pre class=\"wp-block-code\"> <code class=\"language-visual-basic\" lang=\"visual-basic\"><strong>Sub<\/strong> ColorAllTab() <strong>Dim<\/strong> ws <strong>As<\/strong> Worksheet <strong>Dim<\/strong> wm <strong>As<\/strong> String <strong>Dim<\/strong> i <strong>As<\/strong> Integer wm = InputBox(\"Enter the Sheet Name to Apply the Tab Color\", \"Sheet Name\") <strong>For<\/strong> <strong>Each<\/strong> ws <strong>In<\/strong> ActiveWorkbook.Sheets <strong>If<\/strong> wm = ws.Name <strong>Then<\/strong>        ws.Tab.Color = RGB(237, 87, 60)        MsgBox \"Color Applied\" <strong>Exit<\/strong> <strong>Sub<\/strong> <strong>End<\/strong> <strong>If<\/strong> <strong>Next<\/strong> ws MsgBox \"No Sheet Found.\" <strong>End<\/strong> <strong>Sub<\/strong><\/code><\/pre>\n<p> Usar un c\u00f3digo puede ahorrarle tiempo si desea agregar color a todas las hojas que tiene en el libro.<\/p>\n<p> Cuando <a href=\"https:\/\/exceladvisor.org\/es\/ejecutar-una-macro-2\/\">ejecute este c\u00f3digo<\/a> , le pedir\u00e1 que ingrese el nombre de la hoja en el cuadro de entrada. Y una vez que ingrese el nombre de la hoja, se aplicar\u00e1 un color a la pesta\u00f1a de esa hoja. <\/p>\n<div class=\"wp-block-image\">\n<figure class=\"aligncenter size-full is-resized\"><img loading=\"lazy\" decoding=\"async\" class=\"wp-image-75253\" src=\"https:\/\/exceladvisor.org\/wp-content\/uploads\/2023\/08\/9-entrez-le-nom-de-la-feuille.png\" sizes=\"auto, \" srcset=\"\" alt=\"ingresar el nombre de la hoja\" width=\"453\" height=\"196\"><\/figure>\n<\/div>\n<p> Puede cambiar el color cambiando el c\u00f3digo de color RGB. <\/p>\n<div class=\"wp-block-image\">\n<figure class=\"aligncenter size-full is-resized\"><img loading=\"lazy\" decoding=\"async\" class=\"wp-image-75254\" src=\"https:\/\/exceladvisor.org\/wp-content\/uploads\/2023\/08\/10-vba-pour-changer-de-couleur.png\" sizes=\"auto, \" srcset=\"\" alt=\"vba-para-cambiar-color\" width=\"452\" height=\"197\"><\/figure>\n<\/div>\n<h2 id=\"h-notes\" class=\"wp-block-heading\"> Comentarios<\/h2>\n<ul type=\"1\">\n<li> Cuando <a href=\"https:\/\/exceladvisor.org\/es\/agregar\/\" data-wpil=\"url\">agrega una nueva hoja de trabajo<\/a> , debe agregar un color de fondo. No hay forma de tener una pesta\u00f1a de hoja con un color de fondo al agregarla.<\/li>\n<li> Para agregar el mismo color de pesta\u00f1a a varias hojas a la vez, <a href=\"https:\/\/exceladvisor.org\/es\/grupo-1\/\" data-wpil=\"url\">agr\u00fapelas<\/a> y siga los mismos pasos descritos anteriormente. <\/li>\n<\/ul>\n<div class=\"gb-container gb-container-3044ba66 gb-container-mt\">\n<p class=\"gb-headline gb-headline-b5bb6270 gb-headline-text\"> <strong><a href=\"https:\/\/exceladvisor.org\/es\/conceptos-basicos-de-excel\/\">Conceptos b\u00e1sicos de Excel<\/a><\/strong> \/ <strong><a href=\"https:\/\/exceladvisor.org\/es\/hoja-de-calculo\/\" data-wpil=\"url\">Hoja de c\u00e1lculo de Excel<\/a><\/strong><\/p>\n<h2 class=\"gb-headline gb-headline-819d540d gb-headline-text gb-headline-mt-heading\"> M\u00e1s tutoriales <\/h2>\n<div class=\"gb-grid-wrapper gb-grid-wrapper-7f3d805a gb-grid-wrapper-mt-grid\">\n<div class=\"gb-grid-column gb-grid-column-7495e031\">\n<div class=\"gb-container gb-container-7495e031\">\n<ul>\n<li> <a href=\"https:\/\/exceladvisor.org\/es\/consolidar\/\">Consolidar datos de m\u00faltiples hojas de c\u00e1lculo<\/a><\/li>\n<li> <a href=\"https:\/\/exceladvisor.org\/es\/rebautizar\/\">Cambiar nombre de hoja en Excel<\/a><\/li>\n<li> <a href=\"https:\/\/exceladvisor.org\/es\/grupo-1\/\">Hojas de trabajo grupales en Excel<\/a><\/li>\n<li> <a href=\"https:\/\/exceladvisor.org\/es\/ver-uno-al-lado-del-otro\/\">Ver dos hojas una al lado de la otra en Excel<\/a><\/li>\n<li> <a href=\"https:\/\/exceladvisor.org\/es\/agregar\/\">Agregar una hoja de c\u00e1lculo en Excel<\/a><\/li>\n<\/ul>\n<\/div>\n<\/div>\n<\/div>\n<\/div>\n","protected":false},"excerpt":{"rendered":"<p>En Excel, para cada hoja de c\u00e1lculo tienes una pesta\u00f1a en la parte inferior. Para diferenciar una hoja de otras hojas, puede usar la opci\u00f3n de color de pesta\u00f1a para aplicar un color de fondo. En el tutorial, veremos pasos sencillos para aplicar un color de fondo a una pesta\u00f1a. Pasos para cambiar el color [&hellip;]<\/p>\n","protected":false},"author":1,"featured_media":0,"parent":0,"menu_order":0,"comment_status":"open","ping_status":"closed","template":"","meta":{"ub_ctt_via":"","footnotes":""},"class_list":["post-359","page","type-page","status-publish","hentry"],"featured_image_src":null,"yoast_head":"<!-- This site is optimized with the Yoast SEO plugin v25.4 - https:\/\/yoast.com\/wordpress\/plugins\/seo\/ -->\n<title>\u00bfc\u00f3mo cambiar el color de la pesta\u00f1a?<\/title>\n<meta name=\"robots\" content=\"index, follow, max-snippet:-1, max-image-preview:large, max-video-preview:-1\" \/>\n<link rel=\"canonical\" href=\"https:\/\/exceladvisor.org\/es\/cambiar-color-de-pestana\/\" \/>\n<meta property=\"og:locale\" content=\"es_ES\" \/>\n<meta property=\"og:type\" content=\"article\" \/>\n<meta property=\"og:title\" content=\"\u00bfc\u00f3mo cambiar el color de la pesta\u00f1a?\" \/>\n<meta property=\"og:description\" content=\"En Excel, para cada hoja de c\u00e1lculo tienes una pesta\u00f1a en la parte inferior. Para diferenciar una hoja de otras hojas, puede usar la opci\u00f3n de color de pesta\u00f1a para aplicar un color de fondo. En el tutorial, veremos pasos sencillos para aplicar un color de fondo a una pesta\u00f1a. Pasos para cambiar el color [&hellip;]\" \/>\n<meta property=\"og:url\" content=\"https:\/\/exceladvisor.org\/es\/cambiar-color-de-pestana\/\" \/>\n<meta property=\"og:site_name\" content=\"Excel Advisor\" \/>\n<meta property=\"article:modified_time\" content=\"2023-12-25T10:23:59+00:00\" \/>\n<meta property=\"og:image\" content=\"https:\/\/exceladvisor.org\/wp-content\/uploads\/2023\/08\/1-onglet-de-changement-de-couleur.png\" \/>\n<meta name=\"twitter:card\" content=\"summary_large_image\" \/>\n<meta name=\"twitter:label1\" content=\"Tiempo de lectura\" \/>\n\t<meta name=\"twitter:data1\" content=\"4 minutos\" \/>\n<script type=\"application\/ld+json\" class=\"yoast-schema-graph\">{\"@context\":\"https:\/\/schema.org\",\"@graph\":[{\"@type\":\"WebPage\",\"@id\":\"https:\/\/exceladvisor.org\/es\/cambiar-color-de-pestana\/\",\"url\":\"https:\/\/exceladvisor.org\/es\/cambiar-color-de-pestana\/\",\"name\":\"\u00bfc\u00f3mo cambiar el color de la pesta\u00f1a?\",\"isPartOf\":{\"@id\":\"https:\/\/exceladvisor.org\/es\/#website\"},\"primaryImageOfPage\":{\"@id\":\"https:\/\/exceladvisor.org\/es\/cambiar-color-de-pestana\/#primaryimage\"},\"image\":{\"@id\":\"https:\/\/exceladvisor.org\/es\/cambiar-color-de-pestana\/#primaryimage\"},\"thumbnailUrl\":\"https:\/\/exceladvisor.org\/wp-content\/uploads\/2023\/08\/1-onglet-de-changement-de-couleur.png\",\"datePublished\":\"2023-10-31T22:43:02+00:00\",\"dateModified\":\"2023-12-25T10:23:59+00:00\",\"breadcrumb\":{\"@id\":\"https:\/\/exceladvisor.org\/es\/cambiar-color-de-pestana\/#breadcrumb\"},\"inLanguage\":\"es\",\"potentialAction\":[{\"@type\":\"ReadAction\",\"target\":[\"https:\/\/exceladvisor.org\/es\/cambiar-color-de-pestana\/\"]}]},{\"@type\":\"ImageObject\",\"inLanguage\":\"es\",\"@id\":\"https:\/\/exceladvisor.org\/es\/cambiar-color-de-pestana\/#primaryimage\",\"url\":\"https:\/\/exceladvisor.org\/wp-content\/uploads\/2023\/08\/1-onglet-de-changement-de-couleur.png\",\"contentUrl\":\"https:\/\/exceladvisor.org\/wp-content\/uploads\/2023\/08\/1-onglet-de-changement-de-couleur.png\"},{\"@type\":\"BreadcrumbList\",\"@id\":\"https:\/\/exceladvisor.org\/es\/cambiar-color-de-pestana\/#breadcrumb\",\"itemListElement\":[{\"@type\":\"ListItem\",\"position\":1,\"name\":\"Hogar\",\"item\":\"https:\/\/exceladvisor.org\/es\/\"},{\"@type\":\"ListItem\",\"position\":2,\"name\":\"\u00bfc\u00f3mo cambiar el color de la pesta\u00f1a?\"}]},{\"@type\":\"WebSite\",\"@id\":\"https:\/\/exceladvisor.org\/es\/#website\",\"url\":\"https:\/\/exceladvisor.org\/es\/\",\"name\":\"Excel Advisor\",\"description\":\"Su gu\u00eda para la dominaci\u00f3n de datos!\",\"publisher\":{\"@id\":\"https:\/\/exceladvisor.org\/es\/#organization\"},\"potentialAction\":[{\"@type\":\"SearchAction\",\"target\":{\"@type\":\"EntryPoint\",\"urlTemplate\":\"https:\/\/exceladvisor.org\/es\/?s={search_term_string}\"},\"query-input\":{\"@type\":\"PropertyValueSpecification\",\"valueRequired\":true,\"valueName\":\"search_term_string\"}}],\"inLanguage\":\"es\"},{\"@type\":\"Organization\",\"@id\":\"https:\/\/exceladvisor.org\/es\/#organization\",\"name\":\"Excel Advisor\",\"url\":\"https:\/\/exceladvisor.org\/es\/\",\"logo\":{\"@type\":\"ImageObject\",\"inLanguage\":\"es\",\"@id\":\"https:\/\/exceladvisor.org\/es\/#\/schema\/logo\/image\/\",\"url\":\"https:\/\/exceladvisor.org\/es\/wp-content\/uploads\/2023\/12\/exceladvisor.org_.png\",\"contentUrl\":\"https:\/\/exceladvisor.org\/es\/wp-content\/uploads\/2023\/12\/exceladvisor.org_.png\",\"width\":105,\"height\":36,\"caption\":\"Excel Advisor\"},\"image\":{\"@id\":\"https:\/\/exceladvisor.org\/es\/#\/schema\/logo\/image\/\"}}]}<\/script>\n<!-- \/ Yoast SEO plugin. -->","yoast_head_json":{"title":"\u00bfc\u00f3mo cambiar el color de la pesta\u00f1a?","robots":{"index":"index","follow":"follow","max-snippet":"max-snippet:-1","max-image-preview":"max-image-preview:large","max-video-preview":"max-video-preview:-1"},"canonical":"https:\/\/exceladvisor.org\/es\/cambiar-color-de-pestana\/","og_locale":"es_ES","og_type":"article","og_title":"\u00bfc\u00f3mo cambiar el color de la pesta\u00f1a?","og_description":"En Excel, para cada hoja de c\u00e1lculo tienes una pesta\u00f1a en la parte inferior. Para diferenciar una hoja de otras hojas, puede usar la opci\u00f3n de color de pesta\u00f1a para aplicar un color de fondo. En el tutorial, veremos pasos sencillos para aplicar un color de fondo a una pesta\u00f1a. Pasos para cambiar el color [&hellip;]","og_url":"https:\/\/exceladvisor.org\/es\/cambiar-color-de-pestana\/","og_site_name":"Excel Advisor","article_modified_time":"2023-12-25T10:23:59+00:00","og_image":[{"url":"https:\/\/exceladvisor.org\/wp-content\/uploads\/2023\/08\/1-onglet-de-changement-de-couleur.png","type":"","width":"","height":""}],"twitter_card":"summary_large_image","twitter_misc":{"Tiempo de lectura":"4 minutos"},"schema":{"@context":"https:\/\/schema.org","@graph":[{"@type":"WebPage","@id":"https:\/\/exceladvisor.org\/es\/cambiar-color-de-pestana\/","url":"https:\/\/exceladvisor.org\/es\/cambiar-color-de-pestana\/","name":"\u00bfc\u00f3mo cambiar el color de la pesta\u00f1a?","isPartOf":{"@id":"https:\/\/exceladvisor.org\/es\/#website"},"primaryImageOfPage":{"@id":"https:\/\/exceladvisor.org\/es\/cambiar-color-de-pestana\/#primaryimage"},"image":{"@id":"https:\/\/exceladvisor.org\/es\/cambiar-color-de-pestana\/#primaryimage"},"thumbnailUrl":"https:\/\/exceladvisor.org\/wp-content\/uploads\/2023\/08\/1-onglet-de-changement-de-couleur.png","datePublished":"2023-10-31T22:43:02+00:00","dateModified":"2023-12-25T10:23:59+00:00","breadcrumb":{"@id":"https:\/\/exceladvisor.org\/es\/cambiar-color-de-pestana\/#breadcrumb"},"inLanguage":"es","potentialAction":[{"@type":"ReadAction","target":["https:\/\/exceladvisor.org\/es\/cambiar-color-de-pestana\/"]}]},{"@type":"ImageObject","inLanguage":"es","@id":"https:\/\/exceladvisor.org\/es\/cambiar-color-de-pestana\/#primaryimage","url":"https:\/\/exceladvisor.org\/wp-content\/uploads\/2023\/08\/1-onglet-de-changement-de-couleur.png","contentUrl":"https:\/\/exceladvisor.org\/wp-content\/uploads\/2023\/08\/1-onglet-de-changement-de-couleur.png"},{"@type":"BreadcrumbList","@id":"https:\/\/exceladvisor.org\/es\/cambiar-color-de-pestana\/#breadcrumb","itemListElement":[{"@type":"ListItem","position":1,"name":"Hogar","item":"https:\/\/exceladvisor.org\/es\/"},{"@type":"ListItem","position":2,"name":"\u00bfc\u00f3mo cambiar el color de la pesta\u00f1a?"}]},{"@type":"WebSite","@id":"https:\/\/exceladvisor.org\/es\/#website","url":"https:\/\/exceladvisor.org\/es\/","name":"Excel Advisor","description":"Su gu\u00eda para la dominaci\u00f3n de datos!","publisher":{"@id":"https:\/\/exceladvisor.org\/es\/#organization"},"potentialAction":[{"@type":"SearchAction","target":{"@type":"EntryPoint","urlTemplate":"https:\/\/exceladvisor.org\/es\/?s={search_term_string}"},"query-input":{"@type":"PropertyValueSpecification","valueRequired":true,"valueName":"search_term_string"}}],"inLanguage":"es"},{"@type":"Organization","@id":"https:\/\/exceladvisor.org\/es\/#organization","name":"Excel Advisor","url":"https:\/\/exceladvisor.org\/es\/","logo":{"@type":"ImageObject","inLanguage":"es","@id":"https:\/\/exceladvisor.org\/es\/#\/schema\/logo\/image\/","url":"https:\/\/exceladvisor.org\/es\/wp-content\/uploads\/2023\/12\/exceladvisor.org_.png","contentUrl":"https:\/\/exceladvisor.org\/es\/wp-content\/uploads\/2023\/12\/exceladvisor.org_.png","width":105,"height":36,"caption":"Excel Advisor"},"image":{"@id":"https:\/\/exceladvisor.org\/es\/#\/schema\/logo\/image\/"}}]}},"yoast_meta":{"yoast_wpseo_title":"","yoast_wpseo_metadesc":"","yoast_wpseo_canonical":""},"_links":{"self":[{"href":"https:\/\/exceladvisor.org\/es\/wp-json\/wp\/v2\/pages\/359","targetHints":{"allow":["GET"]}}],"collection":[{"href":"https:\/\/exceladvisor.org\/es\/wp-json\/wp\/v2\/pages"}],"about":[{"href":"https:\/\/exceladvisor.org\/es\/wp-json\/wp\/v2\/types\/page"}],"author":[{"embeddable":true,"href":"https:\/\/exceladvisor.org\/es\/wp-json\/wp\/v2\/users\/1"}],"replies":[{"embeddable":true,"href":"https:\/\/exceladvisor.org\/es\/wp-json\/wp\/v2\/comments?post=359"}],"version-history":[{"count":1,"href":"https:\/\/exceladvisor.org\/es\/wp-json\/wp\/v2\/pages\/359\/revisions"}],"predecessor-version":[{"id":889,"href":"https:\/\/exceladvisor.org\/es\/wp-json\/wp\/v2\/pages\/359\/revisions\/889"}],"wp:attachment":[{"href":"https:\/\/exceladvisor.org\/es\/wp-json\/wp\/v2\/media?parent=359"}],"curies":[{"name":"wp","href":"https:\/\/api.w.org\/{rel}","templated":true}]}}