{"id":36,"date":"2023-11-19T15:15:07","date_gmt":"2023-11-19T15:15:07","guid":{"rendered":"https:\/\/exceladvisor.org\/es\/sumif-con-comodines\/"},"modified":"2023-12-25T10:31:45","modified_gmt":"2023-12-25T10:31:45","slug":"sumif-con-comodines","status":"publish","type":"page","link":"https:\/\/exceladvisor.org\/es\/sumif-con-comodines\/","title":{"rendered":"\u00bfc\u00f3mo utilizar sumif con comodines?"},"content":{"rendered":"<div class=\"excel-antes-del-contenido\" id=\"excel-2909224330\"><script type=\"text\/javascript\">\r\n\tatOptions = {\r\n\t\t'key' : 'c1158f160081d6540a8409e6925dab94',\r\n\t\t'format' : 'iframe',\r\n\t\t'height' : 250,\r\n\t\t'width' : 300,\r\n\t\t'params' : {}\r\n\t};\r\n<\/script>\r\n<script type=\"text\/javascript\" src=\"\/\/www.highperformanceformat.com\/c1158f160081d6540a8409e6925dab94\/invoke.js\"><\/script><\/div><p>SUMAR.SI es una de <a style=\"outline: none; display: inline-block;\" href=\"https:\/\/exceladvisor.org\/es\/funciones-de-excel\/\">mis funciones favoritas de Excel<\/a> y estoy seguro de que tambi\u00e9n es la tuya. Pero una cosa que siempre me preocupa es que s\u00f3lo podemos sumar los valores cuando los criterios coinciden perfectamente con los valores.<\/p>\n<p> Digamos que tu nombre es John Martin.<\/p>\n<p> En este caso, si queremos agregar valores usando tu nombre, deber\u00edamos tener tu nombre completo. Y, si solo tenemos su nombre, no podemos usarlo.<\/p>\n<p> S\u00ed, eso es un problema. Pero tambi\u00e9n tengo una soluci\u00f3n para eso. \u00bfRecuerdas <a href=\"https:\/\/exceladvisor.org\/es\/comodines-2\/\" data-wpil=\"url\">los comodines de Excel<\/a> ? S\u00ed, tiene usted raz\u00f3n.<\/p>\n<p> Si usamos <strong><span style=\"color: #ea493f;\">comodines con SUMAR.SI<\/span><\/strong> , podemos sumar valores usando criterios parciales. La buena noticia es que podemos usar los tres caracteres (asterisco [*], signo de interrogaci\u00f3n [?], tilde [~]) con SUMIF\/SUMIFS.<\/p>\n<p> Hoy en este art\u00edculo me gustar\u00eda compartir con ustedes una forma sencilla de usar SUMIF con comodines que explica el uso de los tres caracteres con ejemplos.<\/p>\n<p> Si desea obtener m\u00e1s informaci\u00f3n sobre los comodines, aprender\u00e1 de <a style=\"outline: none;\" href=\"https:\/\/exceladvisor.org\/es\/comodines-2\/\" data-wpil=\"url\">esta gu\u00eda<\/a> y aseg\u00farese de descargar este archivo de datos desde aqu\u00ed para seguirlo.<\/p>\n<p> Y ahora comencemos&#8230;<\/p>\n<h2 id=\"tab-con-5\" class=\"wp-block-heading\"> 1. Asterisco [*] con SUMAR.SI<\/h2>\n<p> El asterisco es el car\u00e1cter comod\u00edn m\u00e1s popular. Y es uno que se puede utilizar perfectamente con SUMIF.<\/p>\n<h3 class=\"wp-block-heading\"> Asterisco: una breve introducci\u00f3n<\/h3>\n<p> Puede utilizar un <a href=\"https:\/\/exceladvisor.org\/es\/comodines-2\/\" data-wpil=\"url\">asterisco<\/a> para presentar uno o m\u00e1s caracteres faltantes al final o al principio de los criterios.<\/p>\n<p> Como dije, si tenemos a John como criterio y necesitamos sumar valores para el nombre John Martin, podemos combinar el texto \u00abJohn\u00bb con un asterisco para presentar el resto del texto. con un asterisco para presentar el resto del texto.<\/p>\n<h3 class=\"wp-block-heading\"> Ejemplo: SUMAR.SI + asterisco<\/h3>\n<p> Aqu\u00ed tengo un mejor ejemplo para que entiendas c\u00f3mo funciona Asterisk con SUMIF.<\/p>\n<p> A continuaci\u00f3n se muestra la tabla donde tenemos una columna donde se adjunta el nombre del producto y el n\u00famero de factura o puede decir que es un n\u00famero de factura por producto. <\/p>\n<div class=\"wp-block-image\">\n<figure class=\"aligncenter\"><img decoding=\"async\" src=\"https:\/\/exceladvisor.org\/wp-content\/uploads\/2023\/08\/donnees-pour-obtenir-les-totaux-de-la-facture-en-utilisant-sumif-avec-des-caracteres-generiques.png\" sizes=\"\" srcset=\"\" alt=\"datos para obtener totales de facturas usando sumif con comodines\"><\/figure>\n<\/div>\n<p> Ahora a partir de esta tabla necesitamos crear un total por producto. Pero si ve, cada nombre de producto es \u00fanico, porque tenemos un n\u00famero de factura con \u00e9l.<\/p>\n<p> A partir de aqu\u00ed, aunque <a href=\"https:\/\/exceladvisor.org\/es\/mesa-pivote-1\/\" data-wpil=\"url\">creemos una tabla din\u00e1mica,<\/a> no podemos obtener un total por producto. Entonces es momento de usar un asterisco y la f\u00f3rmula ser\u00eda: <\/p>\n<pre class=\"wp-block-code\"> <code class=\"language-excel-formula\" lang=\"excel-formula\">=SUMIF(invoice_column,product_name&amp;\"*\",amount_column)<\/code><\/pre>\n<div class=\"wp-block-image\">\n<figure class=\"aligncenter\"><img decoding=\"async\" src=\"https:\/\/exceladvisor.org\/wp-content\/uploads\/2023\/08\/formule-utilisant-le-caractere-generique-asterisque-avec-sumif-pour-obtenir-le-total-de-la-facture.png\" sizes=\"\" srcset=\"\" alt=\"f\u00f3rmula que utiliza el comod\u00edn de asterisco con sumif para obtener el total de la factura\"><\/figure>\n<\/div>\n<p> En la f\u00f3rmula anterior, hemos combinado el nombre del producto con valores de suma comod\u00edn de asterisco para cada producto.<\/p>\n<p> Entonces, cuando SUMIF coincide con los criterios de la columna de factura, toma los caracteres antes del asterisco y reemplaza el resto de los caracteres.<\/p>\n<p> En t\u00e9rminos simples, ignora todos los caracteres despu\u00e9s del nombre del producto de una celda y devuelve la suma de la columna de monto.<\/p>\n<p> De esta manera podemos obtener el total por producto incluso cuando no tengamos un nombre de producto adecuado en la columna.<\/p>\n<h2 id=\"tab-con-1\" class=\"wp-block-heading\"> 2. Signo de interrogaci\u00f3n [?] con SUMAR.SI<\/h2>\n<p> Un <a href=\"https:\/\/exceladvisor.org\/es\/comodines-2\/\" data-wpil=\"url\">signo de interrogaci\u00f3n es<\/a> el siguiente car\u00e1cter importante despu\u00e9s del asterisco. SUMIF\/SUMIFS puede ayudarle a crear criterios de texto parciales.<\/p>\n<h3 class=\"wp-block-heading\"> Signo de interrogaci\u00f3n: una introducci\u00f3n r\u00e1pida<\/h3>\n<p> Puede utilizar un signo de interrogaci\u00f3n para presentar un \u00fanico car\u00e1cter desconocido en una cadena de texto.<\/p>\n<p> Mi nombre es \u201cPUNEET\u201d. \u00bfPero qu\u00e9 pasa si alguien lo escribe como PUNNET y PUNIIT? No puedo SUMAR un valor relacionado con estos dos ni con ning\u00fan otro.<\/p>\n<p> Si uso PUN??T (Dos signos de interrogaci\u00f3n), me ayuda a SUMAR los valores de ambos criterios.<\/p>\n<h3 class=\"wp-block-heading\"> Ejemplo: SUMAR.SI + signo de interrogaci\u00f3n<\/h3>\n<p> Normalmente el uso de un signo de interrogaci\u00f3n no es tan com\u00fan en comparaci\u00f3n con un asterisco, pero aun as\u00ed es importante aprenderlo y puede usarse en algunas situaciones espec\u00edficas.<\/p>\n<p> Eche un vistazo a los datos a continuaci\u00f3n (nuevamente, estoy usando mi nombre). Si miras de cerca, ver\u00e1s que mi nombre aparece varias veces en la lista.<\/p>\n<p> Pero el punto a tener en cuenta es que en lugar de tener un espacio entre el nombre y el apellido, tienes caracteres diferentes.<\/p>\n<p> Y si quieres resumir todas las bonificaciones que hay all\u00ed, no puedes referirte simplemente a mi nombre.<\/p>\n<p> Incluso si el nombre est\u00e1 en varias celdas pero cada una es \u00fanica para resolver este problema y sumar todas las bonificaciones, puedes usar la siguiente f\u00f3rmula.<\/p>\n<pre class=\"wp-block-code\"> <code class=\"language-excel-formula\" lang=\"excel-formula\">=SUMIF(name_column,\"Puneet?Gogia\",amount_column)<\/code><\/pre>\n<p> Ahora aqu\u00ed ha utilizado un signo de interrogaci\u00f3n entre el nombre y el apellido. El caso es que cuando usas un signo de interrogaci\u00f3n, solo reemplaza ese car\u00e1cter con uno de los caracteres disponibles.<\/p>\n<p> Cuando SUMIF usa los criterios que usted especifica, solo coincide con el nombre y apellido e ignora los caracteres en los valores coincidentes para la misma posici\u00f3n donde us\u00f3 un signo de interrogaci\u00f3n.<\/p>\n<p> Entonces, el punto crucial es este: un signo de interrogaci\u00f3n representa un solo car\u00e1cter en una cadena de texto.<\/p>\n<h2 id=\"tab-con-3\" class=\"wp-block-heading\"> 3. Tilde [~] con SUMIFS<\/h2>\n<p> No s\u00e9 si alguna vez necesitar\u00e1s usar una <a href=\"https:\/\/exceladvisor.org\/es\/comodines-2\/\" data-wpil=\"url\">tilde como comod\u00edn<\/a> . Pero si su trabajo incluye manejar los datos m\u00e1s sucios, una tilde podr\u00eda resultarle \u00fatil alg\u00fan d\u00eda.<\/p>\n<h3 class=\"wp-block-heading\"> Tilde: una breve introducci\u00f3n<\/h3>\n<p> En pocas palabras, una tilde anula el efecto de los comodines (asterisco y signo de interrogaci\u00f3n).<\/p>\n<p> Por ejemplo, si intentas agregar valores usando texto en el que tienes un asterisco o un signo de interrogaci\u00f3n como car\u00e1cter real, SUMIF los tratar\u00e1 como un comod\u00edn en lugar de un car\u00e1cter real.<\/p>\n<h3 class=\"wp-block-heading\"> Ejemplo: SUMAR.SI + tilde<\/h3>\n<p> Aqu\u00ed utilizamos los mismos datos que en el ejemplo anterior y en estos datos tienes mi nombre nuevamente. Pero este nombre del tiempo ya tiene consigo un car\u00e1cter gen\u00e9rico.<\/p>\n<p> A partir de estos datos debes sumar los valores de bonificaci\u00f3n con el nombre donde tienes un signo de interrogaci\u00f3n. Eche un vistazo al ejemplo a continuaci\u00f3n donde simplemente usamos los criterios para sumar los valores de bonificaci\u00f3n.<\/p>\n<p> Prop\u00f3sito: si observa el resultado de la f\u00f3rmula, muestra la suma de todos los valores de bonificaci\u00f3n (para el nombre y el nombre completo).<\/p>\n<p> SUMIF considera este signo de interrogaci\u00f3n en los criterios como un comod\u00edn y devuelve la suma de los valores de bonificaci\u00f3n cuando el texto en los criterios es \u00abPuneet\u00bb. Como dije, necesitamos usar una tilde con un asterisco para obtener la suma de los valores. Entonces la f\u00f3rmula ser\u00eda:<\/p>\n<pre class=\"wp-block-code\"> <code class=\"language-excel-formula\" lang=\"excel-formula\">=SUMIF(name_column,\"Puneet*~\",amount_column)<\/code><\/pre>\n<p> Entonces, cuando usas una tilde al lado del asterisco, SUMIF la toma como un car\u00e1cter real en lugar de un comod\u00edn.<\/p>\n<p> Problema resuelto. Ha obtenido la suma correcta de valores.<\/p>\n<h2 id=\"tab-con-4\" class=\"wp-block-heading\"> Conclusi\u00f3n<\/h2>\n<p> Lo que me gusta de usar comodines con SUMIF\/SUMIFS es que ahorra tiempo y puedes agregar valores sin realizar ning\u00fan cambio inicial a los valores originales.<\/p>\n<p> Solo recuerda:<\/p>\n<ol>\n<li> Si tiene datos de los que no est\u00e1 seguro de la cadena de texto completa, puede utilizar un asterisco.<\/li>\n<li> Y, si desea reemplazar una cantidad espec\u00edfica de caracteres, puede usar un signo de interrogaci\u00f3n.<\/li>\n<li> Pero, como dije, tu trabajo incluye manejar la mayor\u00eda de los datos sucios, por lo que una tilde puede resultar \u00fatil.<\/li>\n<\/ol>\n<p> Espero que este consejo te ayude a mejorar en las f\u00f3rmulas. Puede aprender algunas de las f\u00f3rmulas de Excel m\u00e1s sorprendentes desde aqu\u00ed.<\/p>\n<p> Ahora dime una cosa.<\/p>\n<p> \u00bfAlguna vez has usado SUMIF con comodines?<\/p>\n<p> Comparta sus pensamientos conmigo en la secci\u00f3n de comentarios, me encantar\u00eda saber de usted. Y no olvides compartir este consejo con tus amigos.<\/p>\n<div class=\"gb-container gb-container-0df56012 gb-container-mt\"> <a class=\"gb-button gb-button-f9f432f4 gb-button-text gb-button-mt-button\" href=\"https:\/\/exceladvisor.org\/es\/formulas\/\">Lista de f\u00f3rmulas de Excel<\/a><\/p>\n<h2 class=\"gb-headline gb-headline-233444e8 gb-headline-text gb-headline-mt-heading\"> F\u00f3rmulas relacionadas <\/h2>\n<div class=\"gb-grid-wrapper gb-grid-wrapper-a16fa65c gb-grid-wrapper-mt-grid\">\n<div class=\"gb-grid-column gb-grid-column-50d07e0d\">\n<div class=\"gb-container gb-container-50d07e0d\">\n<ul>\n<li> <a href=\"https:\/\/exceladvisor.org\/es\/suma-si-es-mayor-que\/\">Suma mayor que valores usando SUMAR.SI<\/a><\/li>\n<li> <a href=\"https:\/\/exceladvisor.org\/es\/sumos-no-iguales\/\">Suma de valores no iguales (SUMIFS) en Excel<\/a><\/li>\n<li> <a href=\"https:\/\/exceladvisor.org\/es\/sumif-sumifs-o-logica\/\">SUMAR.SI\/SUMAR.SI con l\u00f3gica OR en Excel<\/a><\/li>\n<li> <a href=\"https:\/\/exceladvisor.org\/es\/suma-de-valores-entre-dos-fechas\/\">Rango de fechas SUMIFS (suma de valores entre dos matrices de fechas)<\/a><\/li>\n<li> <a href=\"https:\/\/exceladvisor.org\/es\/busquedasumif\/\">Combina BUSCARV con SUMAR.SI<\/a> <\/li>\n<\/ul>\n<\/div>\n<\/div>\n<div class=\"gb-grid-column gb-grid-column-5b4a0cf9\">\n<div class=\"gb-container gb-container-5b4a0cf9\"><\/div>\n<\/div>\n<\/div>\n<\/div>\n","protected":false},"excerpt":{"rendered":"<p>SUMAR.SI es una de mis funciones favoritas de Excel y estoy seguro de que tambi\u00e9n es la tuya. Pero una cosa que siempre me preocupa es que s\u00f3lo podemos sumar los valores cuando los criterios coinciden perfectamente con los valores. Digamos que tu nombre es John Martin. En este caso, si queremos agregar valores usando [&hellip;]<\/p>\n","protected":false},"author":1,"featured_media":0,"parent":0,"menu_order":0,"comment_status":"open","ping_status":"closed","template":"","meta":{"ub_ctt_via":"","footnotes":""},"class_list":["post-36","page","type-page","status-publish","hentry"],"featured_image_src":null,"yoast_head":"<!-- This site is optimized with the Yoast SEO plugin v25.4 - https:\/\/yoast.com\/wordpress\/plugins\/seo\/ -->\n<title>\u00bfc\u00f3mo utilizar sumif con comodines?<\/title>\n<meta name=\"robots\" content=\"index, follow, max-snippet:-1, max-image-preview:large, max-video-preview:-1\" \/>\n<link rel=\"canonical\" href=\"https:\/\/exceladvisor.org\/es\/sumif-con-comodines\/\" \/>\n<meta property=\"og:locale\" content=\"es_ES\" \/>\n<meta property=\"og:type\" content=\"article\" \/>\n<meta property=\"og:title\" content=\"\u00bfc\u00f3mo utilizar sumif con comodines?\" \/>\n<meta property=\"og:description\" content=\"SUMAR.SI es una de mis funciones favoritas de Excel y estoy seguro de que tambi\u00e9n es la tuya. Pero una cosa que siempre me preocupa es que s\u00f3lo podemos sumar los valores cuando los criterios coinciden perfectamente con los valores. Digamos que tu nombre es John Martin. En este caso, si queremos agregar valores usando [&hellip;]\" \/>\n<meta property=\"og:url\" content=\"https:\/\/exceladvisor.org\/es\/sumif-con-comodines\/\" \/>\n<meta property=\"og:site_name\" content=\"Excel Advisor\" \/>\n<meta property=\"article:modified_time\" content=\"2023-12-25T10:31:45+00:00\" \/>\n<meta property=\"og:image\" content=\"https:\/\/exceladvisor.org\/wp-content\/uploads\/2023\/08\/donnees-pour-obtenir-les-totaux-de-la-facture-en-utilisant-sumif-avec-des-caracteres-generiques.png\" \/>\n<meta name=\"twitter:card\" content=\"summary_large_image\" \/>\n<meta name=\"twitter:label1\" content=\"Tiempo de lectura\" \/>\n\t<meta name=\"twitter:data1\" content=\"7 minutos\" \/>\n<script type=\"application\/ld+json\" class=\"yoast-schema-graph\">{\"@context\":\"https:\/\/schema.org\",\"@graph\":[{\"@type\":\"WebPage\",\"@id\":\"https:\/\/exceladvisor.org\/es\/sumif-con-comodines\/\",\"url\":\"https:\/\/exceladvisor.org\/es\/sumif-con-comodines\/\",\"name\":\"\u00bfc\u00f3mo utilizar sumif con comodines?\",\"isPartOf\":{\"@id\":\"https:\/\/exceladvisor.org\/es\/#website\"},\"primaryImageOfPage\":{\"@id\":\"https:\/\/exceladvisor.org\/es\/sumif-con-comodines\/#primaryimage\"},\"image\":{\"@id\":\"https:\/\/exceladvisor.org\/es\/sumif-con-comodines\/#primaryimage\"},\"thumbnailUrl\":\"https:\/\/exceladvisor.org\/wp-content\/uploads\/2023\/08\/donnees-pour-obtenir-les-totaux-de-la-facture-en-utilisant-sumif-avec-des-caracteres-generiques.png\",\"datePublished\":\"2023-11-19T15:15:07+00:00\",\"dateModified\":\"2023-12-25T10:31:45+00:00\",\"breadcrumb\":{\"@id\":\"https:\/\/exceladvisor.org\/es\/sumif-con-comodines\/#breadcrumb\"},\"inLanguage\":\"es\",\"potentialAction\":[{\"@type\":\"ReadAction\",\"target\":[\"https:\/\/exceladvisor.org\/es\/sumif-con-comodines\/\"]}]},{\"@type\":\"ImageObject\",\"inLanguage\":\"es\",\"@id\":\"https:\/\/exceladvisor.org\/es\/sumif-con-comodines\/#primaryimage\",\"url\":\"https:\/\/exceladvisor.org\/wp-content\/uploads\/2023\/08\/donnees-pour-obtenir-les-totaux-de-la-facture-en-utilisant-sumif-avec-des-caracteres-generiques.png\",\"contentUrl\":\"https:\/\/exceladvisor.org\/wp-content\/uploads\/2023\/08\/donnees-pour-obtenir-les-totaux-de-la-facture-en-utilisant-sumif-avec-des-caracteres-generiques.png\"},{\"@type\":\"BreadcrumbList\",\"@id\":\"https:\/\/exceladvisor.org\/es\/sumif-con-comodines\/#breadcrumb\",\"itemListElement\":[{\"@type\":\"ListItem\",\"position\":1,\"name\":\"Hogar\",\"item\":\"https:\/\/exceladvisor.org\/es\/\"},{\"@type\":\"ListItem\",\"position\":2,\"name\":\"\u00bfc\u00f3mo utilizar sumif con comodines?\"}]},{\"@type\":\"WebSite\",\"@id\":\"https:\/\/exceladvisor.org\/es\/#website\",\"url\":\"https:\/\/exceladvisor.org\/es\/\",\"name\":\"Excel Advisor\",\"description\":\"Su gu\u00eda para la dominaci\u00f3n de datos!\",\"publisher\":{\"@id\":\"https:\/\/exceladvisor.org\/es\/#organization\"},\"potentialAction\":[{\"@type\":\"SearchAction\",\"target\":{\"@type\":\"EntryPoint\",\"urlTemplate\":\"https:\/\/exceladvisor.org\/es\/?s={search_term_string}\"},\"query-input\":{\"@type\":\"PropertyValueSpecification\",\"valueRequired\":true,\"valueName\":\"search_term_string\"}}],\"inLanguage\":\"es\"},{\"@type\":\"Organization\",\"@id\":\"https:\/\/exceladvisor.org\/es\/#organization\",\"name\":\"Excel Advisor\",\"url\":\"https:\/\/exceladvisor.org\/es\/\",\"logo\":{\"@type\":\"ImageObject\",\"inLanguage\":\"es\",\"@id\":\"https:\/\/exceladvisor.org\/es\/#\/schema\/logo\/image\/\",\"url\":\"https:\/\/exceladvisor.org\/es\/wp-content\/uploads\/2023\/12\/exceladvisor.org_.png\",\"contentUrl\":\"https:\/\/exceladvisor.org\/es\/wp-content\/uploads\/2023\/12\/exceladvisor.org_.png\",\"width\":105,\"height\":36,\"caption\":\"Excel Advisor\"},\"image\":{\"@id\":\"https:\/\/exceladvisor.org\/es\/#\/schema\/logo\/image\/\"}}]}<\/script>\n<!-- \/ Yoast SEO plugin. -->","yoast_head_json":{"title":"\u00bfc\u00f3mo utilizar sumif con comodines?","robots":{"index":"index","follow":"follow","max-snippet":"max-snippet:-1","max-image-preview":"max-image-preview:large","max-video-preview":"max-video-preview:-1"},"canonical":"https:\/\/exceladvisor.org\/es\/sumif-con-comodines\/","og_locale":"es_ES","og_type":"article","og_title":"\u00bfc\u00f3mo utilizar sumif con comodines?","og_description":"SUMAR.SI es una de mis funciones favoritas de Excel y estoy seguro de que tambi\u00e9n es la tuya. Pero una cosa que siempre me preocupa es que s\u00f3lo podemos sumar los valores cuando los criterios coinciden perfectamente con los valores. Digamos que tu nombre es John Martin. En este caso, si queremos agregar valores usando [&hellip;]","og_url":"https:\/\/exceladvisor.org\/es\/sumif-con-comodines\/","og_site_name":"Excel Advisor","article_modified_time":"2023-12-25T10:31:45+00:00","og_image":[{"url":"https:\/\/exceladvisor.org\/wp-content\/uploads\/2023\/08\/donnees-pour-obtenir-les-totaux-de-la-facture-en-utilisant-sumif-avec-des-caracteres-generiques.png","type":"","width":"","height":""}],"twitter_card":"summary_large_image","twitter_misc":{"Tiempo de lectura":"7 minutos"},"schema":{"@context":"https:\/\/schema.org","@graph":[{"@type":"WebPage","@id":"https:\/\/exceladvisor.org\/es\/sumif-con-comodines\/","url":"https:\/\/exceladvisor.org\/es\/sumif-con-comodines\/","name":"\u00bfc\u00f3mo utilizar sumif con comodines?","isPartOf":{"@id":"https:\/\/exceladvisor.org\/es\/#website"},"primaryImageOfPage":{"@id":"https:\/\/exceladvisor.org\/es\/sumif-con-comodines\/#primaryimage"},"image":{"@id":"https:\/\/exceladvisor.org\/es\/sumif-con-comodines\/#primaryimage"},"thumbnailUrl":"https:\/\/exceladvisor.org\/wp-content\/uploads\/2023\/08\/donnees-pour-obtenir-les-totaux-de-la-facture-en-utilisant-sumif-avec-des-caracteres-generiques.png","datePublished":"2023-11-19T15:15:07+00:00","dateModified":"2023-12-25T10:31:45+00:00","breadcrumb":{"@id":"https:\/\/exceladvisor.org\/es\/sumif-con-comodines\/#breadcrumb"},"inLanguage":"es","potentialAction":[{"@type":"ReadAction","target":["https:\/\/exceladvisor.org\/es\/sumif-con-comodines\/"]}]},{"@type":"ImageObject","inLanguage":"es","@id":"https:\/\/exceladvisor.org\/es\/sumif-con-comodines\/#primaryimage","url":"https:\/\/exceladvisor.org\/wp-content\/uploads\/2023\/08\/donnees-pour-obtenir-les-totaux-de-la-facture-en-utilisant-sumif-avec-des-caracteres-generiques.png","contentUrl":"https:\/\/exceladvisor.org\/wp-content\/uploads\/2023\/08\/donnees-pour-obtenir-les-totaux-de-la-facture-en-utilisant-sumif-avec-des-caracteres-generiques.png"},{"@type":"BreadcrumbList","@id":"https:\/\/exceladvisor.org\/es\/sumif-con-comodines\/#breadcrumb","itemListElement":[{"@type":"ListItem","position":1,"name":"Hogar","item":"https:\/\/exceladvisor.org\/es\/"},{"@type":"ListItem","position":2,"name":"\u00bfc\u00f3mo utilizar sumif con comodines?"}]},{"@type":"WebSite","@id":"https:\/\/exceladvisor.org\/es\/#website","url":"https:\/\/exceladvisor.org\/es\/","name":"Excel Advisor","description":"Su gu\u00eda para la dominaci\u00f3n de datos!","publisher":{"@id":"https:\/\/exceladvisor.org\/es\/#organization"},"potentialAction":[{"@type":"SearchAction","target":{"@type":"EntryPoint","urlTemplate":"https:\/\/exceladvisor.org\/es\/?s={search_term_string}"},"query-input":{"@type":"PropertyValueSpecification","valueRequired":true,"valueName":"search_term_string"}}],"inLanguage":"es"},{"@type":"Organization","@id":"https:\/\/exceladvisor.org\/es\/#organization","name":"Excel Advisor","url":"https:\/\/exceladvisor.org\/es\/","logo":{"@type":"ImageObject","inLanguage":"es","@id":"https:\/\/exceladvisor.org\/es\/#\/schema\/logo\/image\/","url":"https:\/\/exceladvisor.org\/es\/wp-content\/uploads\/2023\/12\/exceladvisor.org_.png","contentUrl":"https:\/\/exceladvisor.org\/es\/wp-content\/uploads\/2023\/12\/exceladvisor.org_.png","width":105,"height":36,"caption":"Excel Advisor"},"image":{"@id":"https:\/\/exceladvisor.org\/es\/#\/schema\/logo\/image\/"}}]}},"yoast_meta":{"yoast_wpseo_title":"","yoast_wpseo_metadesc":"","yoast_wpseo_canonical":""},"_links":{"self":[{"href":"https:\/\/exceladvisor.org\/es\/wp-json\/wp\/v2\/pages\/36","targetHints":{"allow":["GET"]}}],"collection":[{"href":"https:\/\/exceladvisor.org\/es\/wp-json\/wp\/v2\/pages"}],"about":[{"href":"https:\/\/exceladvisor.org\/es\/wp-json\/wp\/v2\/types\/page"}],"author":[{"embeddable":true,"href":"https:\/\/exceladvisor.org\/es\/wp-json\/wp\/v2\/users\/1"}],"replies":[{"embeddable":true,"href":"https:\/\/exceladvisor.org\/es\/wp-json\/wp\/v2\/comments?post=36"}],"version-history":[{"count":1,"href":"https:\/\/exceladvisor.org\/es\/wp-json\/wp\/v2\/pages\/36\/revisions"}],"predecessor-version":[{"id":1379,"href":"https:\/\/exceladvisor.org\/es\/wp-json\/wp\/v2\/pages\/36\/revisions\/1379"}],"wp:attachment":[{"href":"https:\/\/exceladvisor.org\/es\/wp-json\/wp\/v2\/media?parent=36"}],"curies":[{"name":"wp","href":"https:\/\/api.w.org\/{rel}","templated":true}]}}