{"id":360,"date":"2023-10-31T22:33:40","date_gmt":"2023-10-31T22:33:40","guid":{"rendered":"https:\/\/exceladvisor.org\/es\/signo-de-dolar\/"},"modified":"2023-12-25T10:23:04","modified_gmt":"2023-12-25T10:23:04","slug":"signo-de-dolar","status":"publish","type":"page","link":"https:\/\/exceladvisor.org\/es\/signo-de-dolar\/","title":{"rendered":"\u00bfc\u00f3mo agregar un signo de d\u00f3lar en excel?"},"content":{"rendered":"<div class=\"excel-antes-del-contenido\" id=\"excel-900893267\"><script type=\"text\/javascript\">\r\n\tatOptions = {\r\n\t\t'key' : 'c1158f160081d6540a8409e6925dab94',\r\n\t\t'format' : 'iframe',\r\n\t\t'height' : 250,\r\n\t\t'width' : 300,\r\n\t\t'params' : {}\r\n\t};\r\n<\/script>\r\n<script type=\"text\/javascript\" src=\"\/\/www.highperformanceformat.com\/c1158f160081d6540a8409e6925dab94\/invoke.js\"><\/script><\/div><p>En Excel, los usuarios agregan el signo de d\u00f3lar $ al comienzo del valor, representando el valor como un valor monetario. Tambi\u00e9n puede convertir valores num\u00e9ricos est\u00e1ndar en valores monetarios agregando el signo $ delante de ellos.<\/p>\n<p> Hay varias formas de agregar el signo $D\u00f3lar en Excel, como agregar manualmente el signo $ en las celdas o cambiar el formato de las celdas a moneda o formato contable. <\/p>\n<div class=\"wp-block-image\">\n<figure class=\"aligncenter size-full\"><img loading=\"lazy\" decoding=\"async\" class=\"wp-image-80373\" src=\"https:\/\/exceladvisor.org\/wp-content\/uploads\/2023\/08\/1-ajouter-un-signe.png\" sizes=\"auto, \" srcset=\"\" alt=\"agregar-$-signo\" width=\"315\" height=\"227\"><\/figure>\n<\/div>\n<p> Este tutorial le mostrar\u00e1 c\u00f3mo agregar el signo $Dollar en las celdas de varias maneras.<\/p>\n<h2 class=\"wp-block-heading\"> Agregue el signo de d\u00f3lar escribiendo el signo $<\/h2>\n<ol>\n<li> Primero, vaya a la celda y haga doble clic en la celda o presione las teclas \u00abFn+F2\u00bb para poner la celda en modo de edici\u00f3n.<\/li>\n<li> Despu\u00e9s de eso, mueva el cursor hacia la izquierda frente al valor y presione las teclas \u00abShift + $\u00bb simult\u00e1neamente, y el signo $ se agregar\u00e1 delante del valor. <br \/><img loading=\"lazy\" decoding=\"async\" title=\"2-teclas-de-teclado-para-agregar-un-signo\" src=\"https:\/\/exceladvisor.org\/wp-content\/uploads\/2023\/08\/2-touches-de-clavier-pour-ajouter-un-signe.png\" sizes=\"auto, \" srcset=\"\" alt=\"keyboard-keys-to-add-$-sign\" width=\"746\" height=\"294\"><\/li>\n<li> Una vez que se agrega el signo $ a la celda, use el <a href=\"https:\/\/exceladvisor.org\/es\/formato-pintor\/\">Copiar formato<\/a> para copiar y pegar el formato en el resto de las celdas para agregar autom\u00e1ticamente el signo $ all\u00ed. <br \/><img loading=\"lazy\" decoding=\"async\" title=\"3-copiar-pegar-valores-min.gif\" src=\"https:\/\/exceladvisor.org\/wp-content\/uploads\/2023\/08\/3-valeurs-copier-coller-min.gif\" sizes=\"auto, \" srcset=\"\" alt=\"copy-paste-values\" width=\"241\" height=\"302\"><\/li>\n<\/ol>\n<h2 class=\"wp-block-heading\"> Agregue un signo de d\u00f3lar usando la funci\u00f3n de concatenar<\/h2>\n<p> Puede utilizar la funci\u00f3n CONCATENAR para agregar el signo $ a los valores de la celda siguiendo los pasos a continuaci\u00f3n:<\/p>\n<ol>\n<li> Primero, ve a la celda y escribe la f\u00f3rmula \u201cConcatenaci\u00f3n\u201d.<\/li>\n<li> En la f\u00f3rmula como se muestra en la imagen a continuaci\u00f3n, despu\u00e9s del par\u00e9ntesis abierto, ingrese el signo de d\u00f3lar \u201c$\u201d e ingrese una coma, luego seleccione la referencia de celda (B2) donde tiene el valor, luego cierre los par\u00e9ntesis y presione Enter. <br \/><img loading=\"lazy\" decoding=\"async\" title=\"4-concatenar-para-agregar-signo\" src=\"https:\/\/exceladvisor.org\/wp-content\/uploads\/2023\/08\/4-concatener-pour-ajouter-un-signe.png\" sizes=\"auto, \" srcset=\"\" alt=\"concatenate-to-add-$-sign\" width=\"597\" height=\"236\"><\/li>\n<li> Despu\u00e9s de eso, coloque el cursor sobre la esquina inferior derecha de la celda y haga doble clic derecho para copiar la f\u00f3rmula al resto de las celdas. <br \/><img loading=\"lazy\" decoding=\"async\" title=\"5-rellenar-controlador-para-copiar-formato-min.gif\" src=\"https:\/\/exceladvisor.org\/wp-content\/uploads\/2023\/08\/5-poignee-de-remplissage-pour-copier-le-format-min.gif\" sizes=\"auto, \" srcset=\"\" alt=\"fill-handle-to-copy-format\" width=\"415\" height=\"215\"><\/li>\n<li> Copie el rango de celdas con f\u00f3rmula y p\u00e9guelo especial en las celdas donde desea tener el signo $ con valores y luego convi\u00e9rtalos a valores num\u00e9ricos como se muestra a continuaci\u00f3n en la imagen. <br \/><img loading=\"lazy\" decoding=\"async\" title=\"6-pegado-especial-y-convertir-a-formato-de-n\u00famero-m\u00ednimo.gif\" src=\"https:\/\/exceladvisor.org\/wp-content\/uploads\/2023\/08\/6-coller-special-et-convertir-au-format-numerique-min.gif\" sizes=\"auto, \" srcset=\"\" alt=\"paste-special-and-convert-to-number-format\" width=\"418\" height=\"205\"><\/li>\n<\/ol>\n<h2 class=\"wp-block-heading\"> Agregue un signo de d\u00f3lar usando la funci\u00f3n de texto<\/h2>\n<p> Tambi\u00e9n puede utilizar la funci\u00f3n de texto para agregar celdas de inicio de sesi\u00f3n $ siguiendo los pasos a continuaci\u00f3n:<\/p>\n<ol>\n<li> Primero, ve a la celda vac\u00eda y escribe la f\u00f3rmula \u201cTEXTO\u201d.<\/li>\n<li> En la f\u00f3rmula, como se muestra en la imagen a continuaci\u00f3n, despu\u00e9s del par\u00e9ntesis abierto, seleccione la referencia de celda (B2) donde tiene el valor con el que desea agregar el signo $ e ingrese una coma, luego escriba el \u201c$ 00\u201d como formato del valor del texto y cierre los par\u00e9ntesis y presione Enter. <br \/><img loading=\"lazy\" decoding=\"async\" title=\"7-texto-para-agregar-signo\" src=\"https:\/\/exceladvisor.org\/wp-content\/uploads\/2023\/08\/7-texte-pour-ajouter-un-signe.png\" sizes=\"auto, \" srcset=\"\" alt=\"text-to-add-$-sign\" width=\"474\" height=\"222\"><\/li>\n<li> Despu\u00e9s de eso, coloque el cursor sobre la esquina inferior derecha de la celda y haga doble clic derecho para copiar la f\u00f3rmula al resto de las celdas.<\/li>\n<li> Copie el rango de celdas con f\u00f3rmula y p\u00e9guelo especial en las celdas donde desea tener el signo $ con valores y luego convi\u00e9rtalos a valores num\u00e9ricos como se muestra a continuaci\u00f3n en la imagen. <br \/><img loading=\"lazy\" decoding=\"async\" title=\"8-pegado-especial-y-formato-numero-min.gif\" src=\"https:\/\/exceladvisor.org\/wp-content\/uploads\/2023\/08\/8-pates-speciales-et-format-numerique-min.gif\" sizes=\"auto, \" srcset=\"\" alt=\"paste-special-and-number-format\" width=\"427\" height=\"209\"><\/li>\n<\/ol>\n<h2 class=\"wp-block-heading\"> Agregue el signo de d\u00f3lar convirtiendo el formato de celda al formato de dinero o contabilidad<\/h2>\n<ol>\n<li> Primero, seleccione el rango de celdas y vaya a la pesta\u00f1a \u00abInicio\u00bb.<\/li>\n<li> Despu\u00e9s de eso, haga clic en la flecha desplegable \u00abFormato\u00bb debajo del grupo \u00abN\u00famero\u00bb y elija la opci\u00f3n \u00abMoneda\u00bb o \u00abContabilidad\u00bb del men\u00fa.<\/li>\n<li> Una vez que elija uno de los dos formatos, agregar\u00e1 un signo $ en las celdas delante de los valores. <\/li>\n<\/ol>\n<div class=\"wp-block-image\">\n<figure class=\"aligncenter size-full is-resized\"><img loading=\"lazy\" decoding=\"async\" class=\"wp-image-80381\" src=\"https:\/\/exceladvisor.org\/wp-content\/uploads\/2023\/08\/9-formats-monetaires-et-comptables.png\" sizes=\"auto, \" srcset=\"\" alt=\"formatos-de-moneda-y-contabilidad\" width=\"620\" height=\"351\"><\/figure>\n<\/div>\n<p> La \u00fanica diferencia entre <a href=\"https:\/\/exceladvisor.org\/es\/formato-del-numero-de-contabilidad\/\">el formato de moneda y el formato de contabilidad<\/a> es que en el formato de moneda, se coloca el signo $ al comienzo del valor. En formato de contabilidad, coloca el signo $ en el extremo izquierdo o, podr\u00eda decirse, al principio de la celda. <\/p>\n<div class=\"wp-block-image\">\n<figure class=\"aligncenter size-full is-resized\"><img loading=\"lazy\" decoding=\"async\" class=\"wp-image-80382\" src=\"https:\/\/exceladvisor.org\/wp-content\/uploads\/2023\/08\/10-devise-vs-format-comptable.png\" sizes=\"auto, \" srcset=\"\" alt=\"moneda-vs-formato-contable\" width=\"461\" height=\"263\"><\/figure>\n<\/div>\n<h2 class=\"wp-block-heading\"> Acceso directo para aplicar formato de moneda y agregar el signo de d\u00f3lar<\/h2>\n<p> Puede convertir el formato de celda al formato de moneda usando el <a href=\"https:\/\/exceladvisor.org\/es\/formato-de-moneda\/\"><strong>m\u00e9todo abreviado de teclado para Formato de moneda<\/strong><\/a> :<\/p>\n<p> <kbd>Ctrl<\/kbd> + <kbd>May\u00fas<\/kbd> + <kbd>$<\/kbd><\/p>\n<div class=\"gb-container gb-container-4db6181c gb-container-mt\"> <a class=\"gb-button gb-button-c5897111 gb-button-text gb-button-mt-button\" href=\"https:\/\/exceladvisor.org\/es\/conceptos-basicos-de-excel\/\">Conceptos b\u00e1sicos de Microsoft Excel (componentes, piezas y notas de conocimiento)<\/a><\/p>\n<h2 class=\"gb-headline gb-headline-665e5f6b gb-headline-text gb-headline-mt-heading\"> Tutoriales relacionados <\/h2>\n<div class=\"gb-grid-wrapper gb-grid-wrapper-a20baf7c gb-grid-wrapper-mt-grid\">\n<div class=\"gb-grid-column gb-grid-column-65ddf67e\">\n<div class=\"gb-container gb-container-65ddf67e\">\n<ul>\n<li> <a href=\"https:\/\/exceladvisor.org\/es\/fusionar-celulas-disociadas\/\">Fusionar: desagrupar celdas en Excel<\/a><\/li>\n<li> <a href=\"https:\/\/exceladvisor.org\/es\/corrector-ortografico\/\">Corrector ortogr\u00e1fico en Excel<\/a><\/li>\n<li> <a href=\"https:\/\/exceladvisor.org\/es\/retiro\/\">Aumentar y disminuir sangr\u00eda en Excel<\/a><\/li>\n<li> <a href=\"https:\/\/exceladvisor.org\/es\/rotar-texto\/\">Girar texto en Excel (orientaci\u00f3n del texto)<\/a> <\/li>\n<\/ul>\n<\/div>\n<\/div>\n<div class=\"gb-grid-column gb-grid-column-50067b57\">\n<div class=\"gb-container gb-container-50067b57\"><\/div>\n<\/div>\n<\/div>\n<\/div>\n","protected":false},"excerpt":{"rendered":"<p>En Excel, los usuarios agregan el signo de d\u00f3lar $ al comienzo del valor, representando el valor como un valor monetario. Tambi\u00e9n puede convertir valores num\u00e9ricos est\u00e1ndar en valores monetarios agregando el signo $ delante de ellos. Hay varias formas de agregar el signo $D\u00f3lar en Excel, como agregar manualmente el signo $ en las [&hellip;]<\/p>\n","protected":false},"author":1,"featured_media":0,"parent":0,"menu_order":0,"comment_status":"open","ping_status":"closed","template":"","meta":{"ub_ctt_via":"","footnotes":""},"class_list":["post-360","page","type-page","status-publish","hentry"],"featured_image_src":null,"yoast_head":"<!-- This site is optimized with the Yoast SEO plugin v25.4 - https:\/\/yoast.com\/wordpress\/plugins\/seo\/ -->\n<title>\u00bfc\u00f3mo agregar un signo de d\u00f3lar en excel?<\/title>\n<meta name=\"robots\" content=\"index, follow, max-snippet:-1, max-image-preview:large, max-video-preview:-1\" \/>\n<link rel=\"canonical\" href=\"https:\/\/exceladvisor.org\/es\/signo-de-dolar\/\" \/>\n<meta property=\"og:locale\" content=\"es_ES\" \/>\n<meta property=\"og:type\" content=\"article\" \/>\n<meta property=\"og:title\" content=\"\u00bfc\u00f3mo agregar un signo de d\u00f3lar en excel?\" \/>\n<meta property=\"og:description\" content=\"En Excel, los usuarios agregan el signo de d\u00f3lar $ al comienzo del valor, representando el valor como un valor monetario. Tambi\u00e9n puede convertir valores num\u00e9ricos est\u00e1ndar en valores monetarios agregando el signo $ delante de ellos. Hay varias formas de agregar el signo $D\u00f3lar en Excel, como agregar manualmente el signo $ en las [&hellip;]\" \/>\n<meta property=\"og:url\" content=\"https:\/\/exceladvisor.org\/es\/signo-de-dolar\/\" \/>\n<meta property=\"og:site_name\" content=\"Excel Advisor\" \/>\n<meta property=\"article:modified_time\" content=\"2023-12-25T10:23:04+00:00\" \/>\n<meta property=\"og:image\" content=\"https:\/\/exceladvisor.org\/wp-content\/uploads\/2023\/08\/1-ajouter-un-signe.png\" \/>\n<meta name=\"twitter:card\" content=\"summary_large_image\" \/>\n<meta name=\"twitter:label1\" content=\"Tiempo de lectura\" \/>\n\t<meta name=\"twitter:data1\" content=\"4 minutos\" \/>\n<script type=\"application\/ld+json\" class=\"yoast-schema-graph\">{\"@context\":\"https:\/\/schema.org\",\"@graph\":[{\"@type\":\"WebPage\",\"@id\":\"https:\/\/exceladvisor.org\/es\/signo-de-dolar\/\",\"url\":\"https:\/\/exceladvisor.org\/es\/signo-de-dolar\/\",\"name\":\"\u00bfc\u00f3mo agregar un signo de d\u00f3lar en excel?\",\"isPartOf\":{\"@id\":\"https:\/\/exceladvisor.org\/es\/#website\"},\"primaryImageOfPage\":{\"@id\":\"https:\/\/exceladvisor.org\/es\/signo-de-dolar\/#primaryimage\"},\"image\":{\"@id\":\"https:\/\/exceladvisor.org\/es\/signo-de-dolar\/#primaryimage\"},\"thumbnailUrl\":\"https:\/\/exceladvisor.org\/wp-content\/uploads\/2023\/08\/1-ajouter-un-signe.png\",\"datePublished\":\"2023-10-31T22:33:40+00:00\",\"dateModified\":\"2023-12-25T10:23:04+00:00\",\"breadcrumb\":{\"@id\":\"https:\/\/exceladvisor.org\/es\/signo-de-dolar\/#breadcrumb\"},\"inLanguage\":\"es\",\"potentialAction\":[{\"@type\":\"ReadAction\",\"target\":[\"https:\/\/exceladvisor.org\/es\/signo-de-dolar\/\"]}]},{\"@type\":\"ImageObject\",\"inLanguage\":\"es\",\"@id\":\"https:\/\/exceladvisor.org\/es\/signo-de-dolar\/#primaryimage\",\"url\":\"https:\/\/exceladvisor.org\/wp-content\/uploads\/2023\/08\/1-ajouter-un-signe.png\",\"contentUrl\":\"https:\/\/exceladvisor.org\/wp-content\/uploads\/2023\/08\/1-ajouter-un-signe.png\"},{\"@type\":\"BreadcrumbList\",\"@id\":\"https:\/\/exceladvisor.org\/es\/signo-de-dolar\/#breadcrumb\",\"itemListElement\":[{\"@type\":\"ListItem\",\"position\":1,\"name\":\"Hogar\",\"item\":\"https:\/\/exceladvisor.org\/es\/\"},{\"@type\":\"ListItem\",\"position\":2,\"name\":\"\u00bfc\u00f3mo agregar un signo de d\u00f3lar en excel?\"}]},{\"@type\":\"WebSite\",\"@id\":\"https:\/\/exceladvisor.org\/es\/#website\",\"url\":\"https:\/\/exceladvisor.org\/es\/\",\"name\":\"Excel Advisor\",\"description\":\"Su gu\u00eda para la dominaci\u00f3n de datos!\",\"publisher\":{\"@id\":\"https:\/\/exceladvisor.org\/es\/#organization\"},\"potentialAction\":[{\"@type\":\"SearchAction\",\"target\":{\"@type\":\"EntryPoint\",\"urlTemplate\":\"https:\/\/exceladvisor.org\/es\/?s={search_term_string}\"},\"query-input\":{\"@type\":\"PropertyValueSpecification\",\"valueRequired\":true,\"valueName\":\"search_term_string\"}}],\"inLanguage\":\"es\"},{\"@type\":\"Organization\",\"@id\":\"https:\/\/exceladvisor.org\/es\/#organization\",\"name\":\"Excel Advisor\",\"url\":\"https:\/\/exceladvisor.org\/es\/\",\"logo\":{\"@type\":\"ImageObject\",\"inLanguage\":\"es\",\"@id\":\"https:\/\/exceladvisor.org\/es\/#\/schema\/logo\/image\/\",\"url\":\"https:\/\/exceladvisor.org\/es\/wp-content\/uploads\/2023\/12\/exceladvisor.org_.png\",\"contentUrl\":\"https:\/\/exceladvisor.org\/es\/wp-content\/uploads\/2023\/12\/exceladvisor.org_.png\",\"width\":105,\"height\":36,\"caption\":\"Excel Advisor\"},\"image\":{\"@id\":\"https:\/\/exceladvisor.org\/es\/#\/schema\/logo\/image\/\"}}]}<\/script>\n<!-- \/ Yoast SEO plugin. -->","yoast_head_json":{"title":"\u00bfc\u00f3mo agregar un signo de d\u00f3lar en excel?","robots":{"index":"index","follow":"follow","max-snippet":"max-snippet:-1","max-image-preview":"max-image-preview:large","max-video-preview":"max-video-preview:-1"},"canonical":"https:\/\/exceladvisor.org\/es\/signo-de-dolar\/","og_locale":"es_ES","og_type":"article","og_title":"\u00bfc\u00f3mo agregar un signo de d\u00f3lar en excel?","og_description":"En Excel, los usuarios agregan el signo de d\u00f3lar $ al comienzo del valor, representando el valor como un valor monetario. Tambi\u00e9n puede convertir valores num\u00e9ricos est\u00e1ndar en valores monetarios agregando el signo $ delante de ellos. Hay varias formas de agregar el signo $D\u00f3lar en Excel, como agregar manualmente el signo $ en las [&hellip;]","og_url":"https:\/\/exceladvisor.org\/es\/signo-de-dolar\/","og_site_name":"Excel Advisor","article_modified_time":"2023-12-25T10:23:04+00:00","og_image":[{"url":"https:\/\/exceladvisor.org\/wp-content\/uploads\/2023\/08\/1-ajouter-un-signe.png","type":"","width":"","height":""}],"twitter_card":"summary_large_image","twitter_misc":{"Tiempo de lectura":"4 minutos"},"schema":{"@context":"https:\/\/schema.org","@graph":[{"@type":"WebPage","@id":"https:\/\/exceladvisor.org\/es\/signo-de-dolar\/","url":"https:\/\/exceladvisor.org\/es\/signo-de-dolar\/","name":"\u00bfc\u00f3mo agregar un signo de d\u00f3lar en excel?","isPartOf":{"@id":"https:\/\/exceladvisor.org\/es\/#website"},"primaryImageOfPage":{"@id":"https:\/\/exceladvisor.org\/es\/signo-de-dolar\/#primaryimage"},"image":{"@id":"https:\/\/exceladvisor.org\/es\/signo-de-dolar\/#primaryimage"},"thumbnailUrl":"https:\/\/exceladvisor.org\/wp-content\/uploads\/2023\/08\/1-ajouter-un-signe.png","datePublished":"2023-10-31T22:33:40+00:00","dateModified":"2023-12-25T10:23:04+00:00","breadcrumb":{"@id":"https:\/\/exceladvisor.org\/es\/signo-de-dolar\/#breadcrumb"},"inLanguage":"es","potentialAction":[{"@type":"ReadAction","target":["https:\/\/exceladvisor.org\/es\/signo-de-dolar\/"]}]},{"@type":"ImageObject","inLanguage":"es","@id":"https:\/\/exceladvisor.org\/es\/signo-de-dolar\/#primaryimage","url":"https:\/\/exceladvisor.org\/wp-content\/uploads\/2023\/08\/1-ajouter-un-signe.png","contentUrl":"https:\/\/exceladvisor.org\/wp-content\/uploads\/2023\/08\/1-ajouter-un-signe.png"},{"@type":"BreadcrumbList","@id":"https:\/\/exceladvisor.org\/es\/signo-de-dolar\/#breadcrumb","itemListElement":[{"@type":"ListItem","position":1,"name":"Hogar","item":"https:\/\/exceladvisor.org\/es\/"},{"@type":"ListItem","position":2,"name":"\u00bfc\u00f3mo agregar un signo de d\u00f3lar en excel?"}]},{"@type":"WebSite","@id":"https:\/\/exceladvisor.org\/es\/#website","url":"https:\/\/exceladvisor.org\/es\/","name":"Excel Advisor","description":"Su gu\u00eda para la dominaci\u00f3n de datos!","publisher":{"@id":"https:\/\/exceladvisor.org\/es\/#organization"},"potentialAction":[{"@type":"SearchAction","target":{"@type":"EntryPoint","urlTemplate":"https:\/\/exceladvisor.org\/es\/?s={search_term_string}"},"query-input":{"@type":"PropertyValueSpecification","valueRequired":true,"valueName":"search_term_string"}}],"inLanguage":"es"},{"@type":"Organization","@id":"https:\/\/exceladvisor.org\/es\/#organization","name":"Excel Advisor","url":"https:\/\/exceladvisor.org\/es\/","logo":{"@type":"ImageObject","inLanguage":"es","@id":"https:\/\/exceladvisor.org\/es\/#\/schema\/logo\/image\/","url":"https:\/\/exceladvisor.org\/es\/wp-content\/uploads\/2023\/12\/exceladvisor.org_.png","contentUrl":"https:\/\/exceladvisor.org\/es\/wp-content\/uploads\/2023\/12\/exceladvisor.org_.png","width":105,"height":36,"caption":"Excel Advisor"},"image":{"@id":"https:\/\/exceladvisor.org\/es\/#\/schema\/logo\/image\/"}}]}},"yoast_meta":{"yoast_wpseo_title":"","yoast_wpseo_metadesc":"","yoast_wpseo_canonical":""},"_links":{"self":[{"href":"https:\/\/exceladvisor.org\/es\/wp-json\/wp\/v2\/pages\/360","targetHints":{"allow":["GET"]}}],"collection":[{"href":"https:\/\/exceladvisor.org\/es\/wp-json\/wp\/v2\/pages"}],"about":[{"href":"https:\/\/exceladvisor.org\/es\/wp-json\/wp\/v2\/types\/page"}],"author":[{"embeddable":true,"href":"https:\/\/exceladvisor.org\/es\/wp-json\/wp\/v2\/users\/1"}],"replies":[{"embeddable":true,"href":"https:\/\/exceladvisor.org\/es\/wp-json\/wp\/v2\/comments?post=360"}],"version-history":[{"count":1,"href":"https:\/\/exceladvisor.org\/es\/wp-json\/wp\/v2\/pages\/360\/revisions"}],"predecessor-version":[{"id":814,"href":"https:\/\/exceladvisor.org\/es\/wp-json\/wp\/v2\/pages\/360\/revisions\/814"}],"wp:attachment":[{"href":"https:\/\/exceladvisor.org\/es\/wp-json\/wp\/v2\/media?parent=360"}],"curies":[{"name":"wp","href":"https:\/\/api.w.org\/{rel}","templated":true}]}}