{"id":361,"date":"2023-10-31T22:32:17","date_gmt":"2023-10-31T22:32:17","guid":{"rendered":"https:\/\/exceladvisor.org\/es\/agregar\/"},"modified":"2023-12-25T10:23:09","modified_gmt":"2023-12-25T10:23:09","slug":"agregar","status":"publish","type":"page","link":"https:\/\/exceladvisor.org\/es\/agregar\/","title":{"rendered":"\u00bfc\u00f3mo agregar una hoja de c\u00e1lculo en excel?"},"content":{"rendered":"<div class=\"excel-antes-del-contenido\" id=\"excel-2736568314\"><script type=\"text\/javascript\">\r\n\tatOptions = {\r\n\t\t'key' : 'c1158f160081d6540a8409e6925dab94',\r\n\t\t'format' : 'iframe',\r\n\t\t'height' : 250,\r\n\t\t'width' : 300,\r\n\t\t'params' : {}\r\n\t};\r\n<\/script>\r\n<script type=\"text\/javascript\" src=\"\/\/www.highperformanceformat.com\/c1158f160081d6540a8409e6925dab94\/invoke.js\"><\/script><\/div><p>Cuando trabajan en Excel, los usuarios a menudo necesitan agregar una nueva hoja de trabajo o eliminar una existente en el libro actual. En este tutorial le mostraremos c\u00f3mo agregar. Disponemos de algunos m\u00e9todos r\u00e1pidos y sencillos para ello.<\/p>\n<h2 id=\"h-add-a-worksheet-using-the-home-tab\" class=\"wp-block-heading\"> Agregue una hoja de c\u00e1lculo usando la pesta\u00f1a Inicio<\/h2>\n<p> Usando la pesta\u00f1a Inicio, puede agregar la hoja de trabajo a la izquierda de la hoja de trabajo seleccionada y para ello debe seguir los pasos a continuaci\u00f3n:<\/p>\n<ol>\n<li> Primero, haga clic en la pesta\u00f1a de la hoja de trabajo a la izquierda a la que desea agregar una nueva hoja de trabajo.<\/li>\n<li> Despu\u00e9s de eso, vaya a la pesta\u00f1a \u00abInicio\u00bb y haga clic en el men\u00fa desplegable del icono \u00abInsertar\u00bb debajo del grupo \u00abCeldas\u00bb en la cinta.<\/li>\n<li> Ahora, seleccione la opci\u00f3n \u00abInsertar hoja\u00bb de la lista desplegable. <br \/><img loading=\"lazy\" decoding=\"async\" title=\"1-insertar-hoja-usando-la-pesta\u00f1a-inicio\" src=\"https:\/\/exceladvisor.org\/wp-content\/uploads\/2023\/08\/1-feuille-dinsertion-a-laide-de-longlet-daccueil.png\" sizes=\"auto, \" srcset=\"\" alt=\"insert-sheet-using-home-tab\" width=\"697\" height=\"236\"><\/li>\n<li> En este punto, se insertar\u00e1 su nueva hoja de trabajo (Hoja2) a la izquierda de la hoja de trabajo \u00abMar_22\u00bb. <br \/><img loading=\"lazy\" decoding=\"async\" title=\"2-nuevas-hojas-insertadas\" src=\"https:\/\/exceladvisor.org\/wp-content\/uploads\/2023\/08\/2-nouvelles-feuilles-inserees.png\" sizes=\"auto, \" srcset=\"\" alt=\"new-sheet-inserted\" width=\"337\" height=\"282\"><\/li>\n<\/ol>\n<h2 id=\"h-add-a-worksheet-using-right-click-option\" class=\"wp-block-heading\"> Agregue una hoja de c\u00e1lculo usando la opci\u00f3n de clic derecho<\/h2>\n<ol>\n<li> Primero, haga clic derecho en la pesta\u00f1a de la hoja de trabajo a la izquierda de la cual desea insertar una nueva hoja de trabajo.<\/li>\n<li> Despu\u00e9s de eso, haga clic en la opci\u00f3n \u00abInsertar\u00bb de la lista. <br \/><img loading=\"lazy\" decoding=\"async\" title=\"3-insertar-hoja-clic derecho\" src=\"https:\/\/exceladvisor.org\/wp-content\/uploads\/2023\/08\/3-inserer-une-feuille-avec-le-clic-droit.png\" sizes=\"auto, \" srcset=\"\" alt=\"insert-sheet-using-right-click\" width=\"348\" height=\"374\"><\/li>\n<li> Una vez que haga clic en la opci\u00f3n \u00abInsertar\u00bb, se abrir\u00e1 un nuevo cuadro de di\u00e1logo \u00abInsertar\u00bb.<\/li>\n<li> Ahora seleccione \u00abHoja de c\u00e1lculo\u00bb y haga clic en Aceptar. <br \/><img loading=\"lazy\" decoding=\"async\" title=\"4 Hoja de trabajo de selecci\u00f3n\" src=\"https:\/\/exceladvisor.org\/wp-content\/uploads\/2023\/08\/4-selectionner-la-feuille-de-calcul.png\" sizes=\"auto, \" srcset=\"\" alt=\"select-worksheet\" width=\"473\" height=\"316\"><\/li>\n<li> En este punto, se insertar\u00e1 su nueva hoja de trabajo (Hoja3) a la izquierda de la hoja de trabajo \u00abMar_22\u00bb. <br \/><img loading=\"lazy\" decoding=\"async\" title=\"5-nuevas-hojas-insertadas-a-la-izquierda\" src=\"https:\/\/exceladvisor.org\/wp-content\/uploads\/2023\/08\/5-nouvelles-feuilles-inserees-a-gauche.png\" sizes=\"auto, \" srcset=\"\" alt=\"new-sheet-inserted-to-the-left\" width=\"394\" height=\"257\"><\/li>\n<\/ol>\n<p> Siguiendo los pasos anteriores, puede agregar varias hojas de trabajo a la vez seleccionando las hojas de trabajo existentes. Excel agregar\u00e1 la misma cantidad de hojas de trabajo nuevas que ha seleccionado actualmente.<\/p>\n<h2 id=\"h-keyboard-shortcut\" class=\"wp-block-heading\"> Atajo de teclado<\/h2>\n<p> Tambi\u00e9n puede agregar un nuevo libro a la izquierda de la hoja de trabajo seleccionada <a href=\"https:\/\/exceladvisor.org\/es\/agregar-una-nueva-hoja\/\">usando la<\/a> tecla de m\u00e9todo abreviado <kbd>Shift<\/kbd> + <kbd>F11<\/kbd> .<\/p>\n<h2 id=\"h-add-a-worksheet-to-the-right-using-plus-sign\" class=\"wp-block-heading\"> Agregue una hoja de trabajo a la derecha usando el signo m\u00e1s (+)<\/h2>\n<p> Con el bot\u00f3n (+) puede agregar la nueva hoja de trabajo a la derecha de la pesta\u00f1a de la hoja de trabajo seleccionada, pero en este caso no puede agregar varias hojas de trabajo simult\u00e1neamente.<\/p>\n<ol>\n<li> Primero, seleccione la pesta\u00f1a de la hoja de trabajo a la derecha a la que desea agregar una nueva hoja de trabajo.<\/li>\n<li> Despu\u00e9s de eso, haga clic en el bot\u00f3n m\u00e1s (+) en la barra de pesta\u00f1as y se agregar\u00e1 una nueva hoja de trabajo a la derecha de la hoja de trabajo seleccionada. <\/li>\n<\/ol>\n<div class=\"wp-block-image\">\n<figure class=\"aligncenter size-full is-resized\"><img loading=\"lazy\" decoding=\"async\" class=\"wp-image-65887\" src=\"https:\/\/exceladvisor.org\/wp-content\/uploads\/2023\/08\/6-ajouter-une-feuille-de-calcul-a-droite.png\" sizes=\"auto, \" srcset=\"\" alt=\"agregar hoja de c\u00e1lculo a la derecha\" width=\"337\" height=\"295\"><\/figure>\n<\/div>\n<div class=\"gb-container gb-container-3044ba66 gb-container-mt\">\n<p class=\"gb-headline gb-headline-b5bb6270 gb-headline-text\"> <strong><a href=\"https:\/\/exceladvisor.org\/es\/conceptos-basicos-de-excel\/\">Conceptos b\u00e1sicos de Excel<\/a><\/strong> \/ <strong><a href=\"https:\/\/exceladvisor.org\/es\/hoja-de-calculo\/\" data-wpil=\"url\">Hoja de c\u00e1lculo de Excel<\/a><\/strong><\/p>\n<h2> M\u00e1s tutoriales<\/h2>\n<ul>\n<li> <a href=\"https:\/\/exceladvisor.org\/es\/duplicar\/\">Duplicar una hoja u hoja de c\u00e1lculo en Excel<\/a><\/li>\n<li> <a href=\"https:\/\/exceladvisor.org\/es\/enlace-a-otra-hoja\/\">Crear un hiperv\u00ednculo (enlace) a otra hoja de c\u00e1lculo<\/a><\/li>\n<li> <a href=\"https:\/\/exceladvisor.org\/es\/cerrar\/\">Bloquear una hoja (hoja de trabajo) en Excel<\/a><\/li>\n<li> <a href=\"https:\/\/exceladvisor.org\/es\/actualizar\/\">Actualizar una hoja (hoja de c\u00e1lculo) en Excel<\/a><\/li>\n<li> <a href=\"https:\/\/exceladvisor.org\/es\/abierto\/\">Desbloquear una hoja con contrase\u00f1a (sin contrase\u00f1a)<\/a><\/li>\n<\/ul>\n<\/div>\n","protected":false},"excerpt":{"rendered":"<p>Cuando trabajan en Excel, los usuarios a menudo necesitan agregar una nueva hoja de trabajo o eliminar una existente en el libro actual. En este tutorial le mostraremos c\u00f3mo agregar. Disponemos de algunos m\u00e9todos r\u00e1pidos y sencillos para ello. Agregue una hoja de c\u00e1lculo usando la pesta\u00f1a Inicio Usando la pesta\u00f1a Inicio, puede agregar la [&hellip;]<\/p>\n","protected":false},"author":1,"featured_media":0,"parent":0,"menu_order":0,"comment_status":"open","ping_status":"closed","template":"","meta":{"ub_ctt_via":"","footnotes":""},"class_list":["post-361","page","type-page","status-publish","hentry"],"featured_image_src":null,"yoast_head":"<!-- This site is optimized with the Yoast SEO plugin v25.4 - https:\/\/yoast.com\/wordpress\/plugins\/seo\/ -->\n<title>\u00bfc\u00f3mo agregar una hoja de c\u00e1lculo en excel?<\/title>\n<meta name=\"robots\" content=\"index, follow, max-snippet:-1, max-image-preview:large, max-video-preview:-1\" \/>\n<link rel=\"canonical\" href=\"https:\/\/exceladvisor.org\/es\/agregar\/\" \/>\n<meta property=\"og:locale\" content=\"es_ES\" \/>\n<meta property=\"og:type\" content=\"article\" \/>\n<meta property=\"og:title\" content=\"\u00bfc\u00f3mo agregar una hoja de c\u00e1lculo en excel?\" \/>\n<meta property=\"og:description\" content=\"Cuando trabajan en Excel, los usuarios a menudo necesitan agregar una nueva hoja de trabajo o eliminar una existente en el libro actual. En este tutorial le mostraremos c\u00f3mo agregar. Disponemos de algunos m\u00e9todos r\u00e1pidos y sencillos para ello. Agregue una hoja de c\u00e1lculo usando la pesta\u00f1a Inicio Usando la pesta\u00f1a Inicio, puede agregar la [&hellip;]\" \/>\n<meta property=\"og:url\" content=\"https:\/\/exceladvisor.org\/es\/agregar\/\" \/>\n<meta property=\"og:site_name\" content=\"Excel Advisor\" \/>\n<meta property=\"article:modified_time\" content=\"2023-12-25T10:23:09+00:00\" \/>\n<meta property=\"og:image\" content=\"https:\/\/exceladvisor.org\/wp-content\/uploads\/2023\/08\/1-feuille-dinsertion-a-laide-de-longlet-daccueil.png\" \/>\n<meta name=\"twitter:card\" content=\"summary_large_image\" \/>\n<meta name=\"twitter:label1\" content=\"Tiempo de lectura\" \/>\n\t<meta name=\"twitter:data1\" content=\"2 minutos\" \/>\n<script type=\"application\/ld+json\" class=\"yoast-schema-graph\">{\"@context\":\"https:\/\/schema.org\",\"@graph\":[{\"@type\":\"WebPage\",\"@id\":\"https:\/\/exceladvisor.org\/es\/agregar\/\",\"url\":\"https:\/\/exceladvisor.org\/es\/agregar\/\",\"name\":\"\u00bfc\u00f3mo agregar una hoja de c\u00e1lculo en excel?\",\"isPartOf\":{\"@id\":\"https:\/\/exceladvisor.org\/es\/#website\"},\"primaryImageOfPage\":{\"@id\":\"https:\/\/exceladvisor.org\/es\/agregar\/#primaryimage\"},\"image\":{\"@id\":\"https:\/\/exceladvisor.org\/es\/agregar\/#primaryimage\"},\"thumbnailUrl\":\"https:\/\/exceladvisor.org\/wp-content\/uploads\/2023\/08\/1-feuille-dinsertion-a-laide-de-longlet-daccueil.png\",\"datePublished\":\"2023-10-31T22:32:17+00:00\",\"dateModified\":\"2023-12-25T10:23:09+00:00\",\"breadcrumb\":{\"@id\":\"https:\/\/exceladvisor.org\/es\/agregar\/#breadcrumb\"},\"inLanguage\":\"es\",\"potentialAction\":[{\"@type\":\"ReadAction\",\"target\":[\"https:\/\/exceladvisor.org\/es\/agregar\/\"]}]},{\"@type\":\"ImageObject\",\"inLanguage\":\"es\",\"@id\":\"https:\/\/exceladvisor.org\/es\/agregar\/#primaryimage\",\"url\":\"https:\/\/exceladvisor.org\/wp-content\/uploads\/2023\/08\/1-feuille-dinsertion-a-laide-de-longlet-daccueil.png\",\"contentUrl\":\"https:\/\/exceladvisor.org\/wp-content\/uploads\/2023\/08\/1-feuille-dinsertion-a-laide-de-longlet-daccueil.png\"},{\"@type\":\"BreadcrumbList\",\"@id\":\"https:\/\/exceladvisor.org\/es\/agregar\/#breadcrumb\",\"itemListElement\":[{\"@type\":\"ListItem\",\"position\":1,\"name\":\"Hogar\",\"item\":\"https:\/\/exceladvisor.org\/es\/\"},{\"@type\":\"ListItem\",\"position\":2,\"name\":\"\u00bfc\u00f3mo agregar una hoja de c\u00e1lculo en excel?\"}]},{\"@type\":\"WebSite\",\"@id\":\"https:\/\/exceladvisor.org\/es\/#website\",\"url\":\"https:\/\/exceladvisor.org\/es\/\",\"name\":\"Excel Advisor\",\"description\":\"Su gu\u00eda para la dominaci\u00f3n de datos!\",\"publisher\":{\"@id\":\"https:\/\/exceladvisor.org\/es\/#organization\"},\"potentialAction\":[{\"@type\":\"SearchAction\",\"target\":{\"@type\":\"EntryPoint\",\"urlTemplate\":\"https:\/\/exceladvisor.org\/es\/?s={search_term_string}\"},\"query-input\":{\"@type\":\"PropertyValueSpecification\",\"valueRequired\":true,\"valueName\":\"search_term_string\"}}],\"inLanguage\":\"es\"},{\"@type\":\"Organization\",\"@id\":\"https:\/\/exceladvisor.org\/es\/#organization\",\"name\":\"Excel Advisor\",\"url\":\"https:\/\/exceladvisor.org\/es\/\",\"logo\":{\"@type\":\"ImageObject\",\"inLanguage\":\"es\",\"@id\":\"https:\/\/exceladvisor.org\/es\/#\/schema\/logo\/image\/\",\"url\":\"https:\/\/exceladvisor.org\/es\/wp-content\/uploads\/2023\/12\/exceladvisor.org_.png\",\"contentUrl\":\"https:\/\/exceladvisor.org\/es\/wp-content\/uploads\/2023\/12\/exceladvisor.org_.png\",\"width\":105,\"height\":36,\"caption\":\"Excel Advisor\"},\"image\":{\"@id\":\"https:\/\/exceladvisor.org\/es\/#\/schema\/logo\/image\/\"}}]}<\/script>\n<!-- \/ Yoast SEO plugin. -->","yoast_head_json":{"title":"\u00bfc\u00f3mo agregar una hoja de c\u00e1lculo en excel?","robots":{"index":"index","follow":"follow","max-snippet":"max-snippet:-1","max-image-preview":"max-image-preview:large","max-video-preview":"max-video-preview:-1"},"canonical":"https:\/\/exceladvisor.org\/es\/agregar\/","og_locale":"es_ES","og_type":"article","og_title":"\u00bfc\u00f3mo agregar una hoja de c\u00e1lculo en excel?","og_description":"Cuando trabajan en Excel, los usuarios a menudo necesitan agregar una nueva hoja de trabajo o eliminar una existente en el libro actual. En este tutorial le mostraremos c\u00f3mo agregar. Disponemos de algunos m\u00e9todos r\u00e1pidos y sencillos para ello. Agregue una hoja de c\u00e1lculo usando la pesta\u00f1a Inicio Usando la pesta\u00f1a Inicio, puede agregar la [&hellip;]","og_url":"https:\/\/exceladvisor.org\/es\/agregar\/","og_site_name":"Excel Advisor","article_modified_time":"2023-12-25T10:23:09+00:00","og_image":[{"url":"https:\/\/exceladvisor.org\/wp-content\/uploads\/2023\/08\/1-feuille-dinsertion-a-laide-de-longlet-daccueil.png","type":"","width":"","height":""}],"twitter_card":"summary_large_image","twitter_misc":{"Tiempo de lectura":"2 minutos"},"schema":{"@context":"https:\/\/schema.org","@graph":[{"@type":"WebPage","@id":"https:\/\/exceladvisor.org\/es\/agregar\/","url":"https:\/\/exceladvisor.org\/es\/agregar\/","name":"\u00bfc\u00f3mo agregar una hoja de c\u00e1lculo en excel?","isPartOf":{"@id":"https:\/\/exceladvisor.org\/es\/#website"},"primaryImageOfPage":{"@id":"https:\/\/exceladvisor.org\/es\/agregar\/#primaryimage"},"image":{"@id":"https:\/\/exceladvisor.org\/es\/agregar\/#primaryimage"},"thumbnailUrl":"https:\/\/exceladvisor.org\/wp-content\/uploads\/2023\/08\/1-feuille-dinsertion-a-laide-de-longlet-daccueil.png","datePublished":"2023-10-31T22:32:17+00:00","dateModified":"2023-12-25T10:23:09+00:00","breadcrumb":{"@id":"https:\/\/exceladvisor.org\/es\/agregar\/#breadcrumb"},"inLanguage":"es","potentialAction":[{"@type":"ReadAction","target":["https:\/\/exceladvisor.org\/es\/agregar\/"]}]},{"@type":"ImageObject","inLanguage":"es","@id":"https:\/\/exceladvisor.org\/es\/agregar\/#primaryimage","url":"https:\/\/exceladvisor.org\/wp-content\/uploads\/2023\/08\/1-feuille-dinsertion-a-laide-de-longlet-daccueil.png","contentUrl":"https:\/\/exceladvisor.org\/wp-content\/uploads\/2023\/08\/1-feuille-dinsertion-a-laide-de-longlet-daccueil.png"},{"@type":"BreadcrumbList","@id":"https:\/\/exceladvisor.org\/es\/agregar\/#breadcrumb","itemListElement":[{"@type":"ListItem","position":1,"name":"Hogar","item":"https:\/\/exceladvisor.org\/es\/"},{"@type":"ListItem","position":2,"name":"\u00bfc\u00f3mo agregar una hoja de c\u00e1lculo en excel?"}]},{"@type":"WebSite","@id":"https:\/\/exceladvisor.org\/es\/#website","url":"https:\/\/exceladvisor.org\/es\/","name":"Excel Advisor","description":"Su gu\u00eda para la dominaci\u00f3n de datos!","publisher":{"@id":"https:\/\/exceladvisor.org\/es\/#organization"},"potentialAction":[{"@type":"SearchAction","target":{"@type":"EntryPoint","urlTemplate":"https:\/\/exceladvisor.org\/es\/?s={search_term_string}"},"query-input":{"@type":"PropertyValueSpecification","valueRequired":true,"valueName":"search_term_string"}}],"inLanguage":"es"},{"@type":"Organization","@id":"https:\/\/exceladvisor.org\/es\/#organization","name":"Excel Advisor","url":"https:\/\/exceladvisor.org\/es\/","logo":{"@type":"ImageObject","inLanguage":"es","@id":"https:\/\/exceladvisor.org\/es\/#\/schema\/logo\/image\/","url":"https:\/\/exceladvisor.org\/es\/wp-content\/uploads\/2023\/12\/exceladvisor.org_.png","contentUrl":"https:\/\/exceladvisor.org\/es\/wp-content\/uploads\/2023\/12\/exceladvisor.org_.png","width":105,"height":36,"caption":"Excel Advisor"},"image":{"@id":"https:\/\/exceladvisor.org\/es\/#\/schema\/logo\/image\/"}}]}},"yoast_meta":{"yoast_wpseo_title":"","yoast_wpseo_metadesc":"","yoast_wpseo_canonical":""},"_links":{"self":[{"href":"https:\/\/exceladvisor.org\/es\/wp-json\/wp\/v2\/pages\/361","targetHints":{"allow":["GET"]}}],"collection":[{"href":"https:\/\/exceladvisor.org\/es\/wp-json\/wp\/v2\/pages"}],"about":[{"href":"https:\/\/exceladvisor.org\/es\/wp-json\/wp\/v2\/types\/page"}],"author":[{"embeddable":true,"href":"https:\/\/exceladvisor.org\/es\/wp-json\/wp\/v2\/users\/1"}],"replies":[{"embeddable":true,"href":"https:\/\/exceladvisor.org\/es\/wp-json\/wp\/v2\/comments?post=361"}],"version-history":[{"count":1,"href":"https:\/\/exceladvisor.org\/es\/wp-json\/wp\/v2\/pages\/361\/revisions"}],"predecessor-version":[{"id":820,"href":"https:\/\/exceladvisor.org\/es\/wp-json\/wp\/v2\/pages\/361\/revisions\/820"}],"wp:attachment":[{"href":"https:\/\/exceladvisor.org\/es\/wp-json\/wp\/v2\/media?parent=361"}],"curies":[{"name":"wp","href":"https:\/\/api.w.org\/{rel}","templated":true}]}}