{"id":362,"date":"2023-10-31T22:06:07","date_gmt":"2023-10-31T22:06:07","guid":{"rendered":"https:\/\/exceladvisor.org\/es\/eliminar-1\/"},"modified":"2023-12-25T10:25:03","modified_gmt":"2023-12-25T10:25:03","slug":"eliminar-1","status":"publish","type":"page","link":"https:\/\/exceladvisor.org\/es\/eliminar-1\/","title":{"rendered":"\u00bfc\u00f3mo eliminar una hoja en excel?"},"content":{"rendered":"<div class=\"excel-antes-del-contenido\" id=\"excel-2434128227\"><script type=\"text\/javascript\">\r\n\tatOptions = {\r\n\t\t'key' : 'c1158f160081d6540a8409e6925dab94',\r\n\t\t'format' : 'iframe',\r\n\t\t'height' : 250,\r\n\t\t'width' : 300,\r\n\t\t'params' : {}\r\n\t};\r\n<\/script>\r\n<script type=\"text\/javascript\" src=\"\/\/www.highperformanceformat.com\/c1158f160081d6540a8409e6925dab94\/invoke.js\"><\/script><\/div><p>En este tutorial, aprenderemos tres m\u00e9todos sencillos para eliminar una hoja en Excel. Todos estos m\u00e9todos son r\u00e1pidos y f\u00e1ciles de seguir. Puede utilizar cualquiera de estos m\u00e9todos que m\u00e1s le convenga.<\/p>\n<h2 id=\"h-delete-a-sheet-using-the-keyboard-shortcut\" class=\"wp-block-heading\"> Eliminar una hoja usando el m\u00e9todo abreviado de teclado<\/h2>\n<ul>\n<li> <kbd>Alt<\/kbd> \u2192 <kbd>H<\/kbd> \u2192 <kbd>D<\/kbd> \u2192 <kbd>S<\/kbd><\/li>\n<li> <kbd>Alt<\/kbd> \u2192 <kbd>E<\/kbd> \u2192 <kbd>L<\/kbd><\/li>\n<\/ul>\n<p> Puede utilizar un m\u00e9todo abreviado de teclado para eliminar r\u00e1pidamente una hoja de un libro. <\/p>\n<div class=\"wp-block-image\">\n<figure class=\"aligncenter size-full is-resized\"><img loading=\"lazy\" decoding=\"async\" class=\"wp-image-92513\" src=\"https:\/\/exceladvisor.org\/wp-content\/uploads\/2023\/08\/raccourci-clavier-supprimer-une-feuille.png\" sizes=\"auto, \" srcset=\"\" alt=\"hoja de eliminaci\u00f3n de teclas de acceso r\u00e1pido\" width=\"303\" height=\"137\"><\/figure>\n<\/div>\n<h2 id=\"h-delete-a-worksheet-using-home-tab\" class=\"wp-block-heading\"> Eliminar una hoja de trabajo usando la pesta\u00f1a Inicio<\/h2>\n<ol>\n<li> Primero, haga clic en la pesta\u00f1a de la hoja de trabajo o seleccione varias pesta\u00f1as de la hoja de trabajo en caso de que desee eliminar varias hojas de trabajo.<\/li>\n<li> Despu\u00e9s de eso, vaya a la pesta\u00f1a \u00abInicio\u00bb y haga clic en el men\u00fa desplegable del icono \u00abEliminar\u00bb debajo del grupo \u00abC\u00e9lulas\u00bb en la cinta.<\/li>\n<li> Ahora, seleccione la opci\u00f3n \u00abEliminar hoja\u00bb de la lista desplegable. <br \/><img loading=\"lazy\" decoding=\"async\" title=\"7-eliminar-hoja-de-trabajo-usando-la-pesta\u00f1a-inicio\" src=\"https:\/\/exceladvisor.org\/wp-content\/uploads\/2023\/08\/7-supprimer-une-feuille-de-calcul-a-laide-de-longlet-daccueil.png\" sizes=\"auto, \" srcset=\"\" alt=\"delete-worksheet-using-home-tab\" width=\"749\" height=\"251\"><\/li>\n<li> En este punto, encontrar\u00e1 las hojas de trabajo seleccionadas eliminadas del libro de trabajo actual. <br \/><img loading=\"lazy\" decoding=\"async\" title=\"8-hoja de trabajo-eliminada1\" src=\"https:\/\/exceladvisor.org\/wp-content\/uploads\/2023\/08\/8-feuille-de-calcul-supprimee1.png\" sizes=\"auto, \" srcset=\"\" alt=\"worksheet-deleted\" width=\"325\" height=\"284\"><\/li>\n<\/ol>\n<h2 id=\"h-delete-a-sheet-using-right-click-option\" class=\"wp-block-heading\"> Eliminar una hoja usando la opci\u00f3n de clic derecho<\/h2>\n<ol>\n<li> Primero, haga clic derecho en la pesta\u00f1a de la hoja de trabajo y haga clic en la opci\u00f3n \u00abEliminar\u00bb de la lista.<\/li>\n<li> Para eliminar varias hojas de trabajo, seleccione las hojas de trabajo m\u00faltiples, luego haga clic derecho y haga clic en la opci\u00f3n \u00abEliminar\u00bb <\/li>\n<\/ol>\n<div class=\"wp-block-image\">\n<figure class=\"aligncenter size-full is-resized\"><img loading=\"lazy\" decoding=\"async\" class=\"wp-image-65890\" src=\"https:\/\/exceladvisor.org\/wp-content\/uploads\/2023\/08\/9-supprimer-une-feuille-de-calcul-en-utilisant-le-clic-droit.png\" sizes=\"auto, \" srcset=\"\" alt=\"eliminar-una-hoja-de-calculo-usando-clic-derecho\" width=\"467\" height=\"477\"><\/figure>\n<\/div>\n<div class=\"gb-container gb-container-3044ba66 gb-container-mt\">\n<p class=\"gb-headline gb-headline-b5bb6270 gb-headline-text\"> <strong><a href=\"https:\/\/exceladvisor.org\/es\/conceptos-basicos-de-excel\/\">Conceptos b\u00e1sicos de Excel<\/a><\/strong> \/ <strong><a href=\"https:\/\/exceladvisor.org\/es\/hoja-de-calculo\/\" data-wpil=\"url\">Hoja de c\u00e1lculo de Excel<\/a><\/strong><\/p>\n<h2 class=\"gb-headline gb-headline-819d540d gb-headline-text gb-headline-mt-heading\"> M\u00e1s tutoriales <\/h2>\n<div class=\"gb-grid-wrapper gb-grid-wrapper-7f3d805a gb-grid-wrapper-mt-grid\">\n<div class=\"gb-grid-column gb-grid-column-7495e031\">\n<div class=\"gb-container gb-container-7495e031\">\n<ul>\n<li> <a href=\"https:\/\/exceladvisor.org\/es\/agregar\/\">Agregar una hoja de c\u00e1lculo en Excel<\/a><\/li>\n<li> <a href=\"https:\/\/exceladvisor.org\/es\/cambiar-color-de-pestana\/\">Cambiar color de pesta\u00f1a en Excel (pesta\u00f1a Hoja de c\u00e1lculo)<\/a><\/li>\n<li> <a href=\"https:\/\/exceladvisor.org\/es\/anade-un-titulo\/\">Agregar un t\u00edtulo a una hoja de trabajo en Excel<\/a><\/li>\n<li> <a href=\"https:\/\/exceladvisor.org\/es\/copia-1\/\">Copiar o mover una hoja (hoja de c\u00e1lculo)<\/a><\/li>\n<li> <a href=\"https:\/\/exceladvisor.org\/es\/seleccionar-todo-1\/\">Seleccionar todas las hojas de trabajo (hojas)<\/a> <\/li>\n<\/ul>\n<\/div>\n<\/div>\n<div class=\"gb-grid-column gb-grid-column-530ab33a\">\n<div class=\"gb-container gb-container-530ab33a\"><\/div>\n<\/div>\n<\/div>\n<\/div>\n","protected":false},"excerpt":{"rendered":"<p>En este tutorial, aprenderemos tres m\u00e9todos sencillos para eliminar una hoja en Excel. Todos estos m\u00e9todos son r\u00e1pidos y f\u00e1ciles de seguir. Puede utilizar cualquiera de estos m\u00e9todos que m\u00e1s le convenga. Eliminar una hoja usando el m\u00e9todo abreviado de teclado Alt \u2192 H \u2192 D \u2192 S Alt \u2192 E \u2192 L Puede utilizar [&hellip;]<\/p>\n","protected":false},"author":1,"featured_media":0,"parent":0,"menu_order":0,"comment_status":"open","ping_status":"closed","template":"","meta":{"ub_ctt_via":"","footnotes":""},"class_list":["post-362","page","type-page","status-publish","hentry"],"featured_image_src":null,"yoast_head":"<!-- This site is optimized with the Yoast SEO plugin v25.4 - https:\/\/yoast.com\/wordpress\/plugins\/seo\/ -->\n<title>\u00bfc\u00f3mo eliminar una hoja en excel?<\/title>\n<meta name=\"robots\" content=\"index, follow, max-snippet:-1, max-image-preview:large, max-video-preview:-1\" \/>\n<link rel=\"canonical\" href=\"https:\/\/exceladvisor.org\/es\/eliminar-1\/\" \/>\n<meta property=\"og:locale\" content=\"es_ES\" \/>\n<meta property=\"og:type\" content=\"article\" \/>\n<meta property=\"og:title\" content=\"\u00bfc\u00f3mo eliminar una hoja en excel?\" \/>\n<meta property=\"og:description\" content=\"En este tutorial, aprenderemos tres m\u00e9todos sencillos para eliminar una hoja en Excel. Todos estos m\u00e9todos son r\u00e1pidos y f\u00e1ciles de seguir. Puede utilizar cualquiera de estos m\u00e9todos que m\u00e1s le convenga. Eliminar una hoja usando el m\u00e9todo abreviado de teclado Alt \u2192 H \u2192 D \u2192 S Alt \u2192 E \u2192 L Puede utilizar [&hellip;]\" \/>\n<meta property=\"og:url\" content=\"https:\/\/exceladvisor.org\/es\/eliminar-1\/\" \/>\n<meta property=\"og:site_name\" content=\"Excel Advisor\" \/>\n<meta property=\"article:modified_time\" content=\"2023-12-25T10:25:03+00:00\" \/>\n<meta property=\"og:image\" content=\"https:\/\/exceladvisor.org\/wp-content\/uploads\/2023\/08\/raccourci-clavier-supprimer-une-feuille.png\" \/>\n<meta name=\"twitter:card\" content=\"summary_large_image\" \/>\n<meta name=\"twitter:label1\" content=\"Tiempo de lectura\" \/>\n\t<meta name=\"twitter:data1\" content=\"1 minuto\" \/>\n<script type=\"application\/ld+json\" class=\"yoast-schema-graph\">{\"@context\":\"https:\/\/schema.org\",\"@graph\":[{\"@type\":\"WebPage\",\"@id\":\"https:\/\/exceladvisor.org\/es\/eliminar-1\/\",\"url\":\"https:\/\/exceladvisor.org\/es\/eliminar-1\/\",\"name\":\"\u00bfc\u00f3mo eliminar una hoja en excel?\",\"isPartOf\":{\"@id\":\"https:\/\/exceladvisor.org\/es\/#website\"},\"primaryImageOfPage\":{\"@id\":\"https:\/\/exceladvisor.org\/es\/eliminar-1\/#primaryimage\"},\"image\":{\"@id\":\"https:\/\/exceladvisor.org\/es\/eliminar-1\/#primaryimage\"},\"thumbnailUrl\":\"https:\/\/exceladvisor.org\/wp-content\/uploads\/2023\/08\/raccourci-clavier-supprimer-une-feuille.png\",\"datePublished\":\"2023-10-31T22:06:07+00:00\",\"dateModified\":\"2023-12-25T10:25:03+00:00\",\"breadcrumb\":{\"@id\":\"https:\/\/exceladvisor.org\/es\/eliminar-1\/#breadcrumb\"},\"inLanguage\":\"es\",\"potentialAction\":[{\"@type\":\"ReadAction\",\"target\":[\"https:\/\/exceladvisor.org\/es\/eliminar-1\/\"]}]},{\"@type\":\"ImageObject\",\"inLanguage\":\"es\",\"@id\":\"https:\/\/exceladvisor.org\/es\/eliminar-1\/#primaryimage\",\"url\":\"https:\/\/exceladvisor.org\/wp-content\/uploads\/2023\/08\/raccourci-clavier-supprimer-une-feuille.png\",\"contentUrl\":\"https:\/\/exceladvisor.org\/wp-content\/uploads\/2023\/08\/raccourci-clavier-supprimer-une-feuille.png\"},{\"@type\":\"BreadcrumbList\",\"@id\":\"https:\/\/exceladvisor.org\/es\/eliminar-1\/#breadcrumb\",\"itemListElement\":[{\"@type\":\"ListItem\",\"position\":1,\"name\":\"Hogar\",\"item\":\"https:\/\/exceladvisor.org\/es\/\"},{\"@type\":\"ListItem\",\"position\":2,\"name\":\"\u00bfc\u00f3mo eliminar una hoja en excel?\"}]},{\"@type\":\"WebSite\",\"@id\":\"https:\/\/exceladvisor.org\/es\/#website\",\"url\":\"https:\/\/exceladvisor.org\/es\/\",\"name\":\"Excel Advisor\",\"description\":\"Su gu\u00eda para la dominaci\u00f3n de datos!\",\"publisher\":{\"@id\":\"https:\/\/exceladvisor.org\/es\/#organization\"},\"potentialAction\":[{\"@type\":\"SearchAction\",\"target\":{\"@type\":\"EntryPoint\",\"urlTemplate\":\"https:\/\/exceladvisor.org\/es\/?s={search_term_string}\"},\"query-input\":{\"@type\":\"PropertyValueSpecification\",\"valueRequired\":true,\"valueName\":\"search_term_string\"}}],\"inLanguage\":\"es\"},{\"@type\":\"Organization\",\"@id\":\"https:\/\/exceladvisor.org\/es\/#organization\",\"name\":\"Excel Advisor\",\"url\":\"https:\/\/exceladvisor.org\/es\/\",\"logo\":{\"@type\":\"ImageObject\",\"inLanguage\":\"es\",\"@id\":\"https:\/\/exceladvisor.org\/es\/#\/schema\/logo\/image\/\",\"url\":\"https:\/\/exceladvisor.org\/es\/wp-content\/uploads\/2023\/12\/exceladvisor.org_.png\",\"contentUrl\":\"https:\/\/exceladvisor.org\/es\/wp-content\/uploads\/2023\/12\/exceladvisor.org_.png\",\"width\":105,\"height\":36,\"caption\":\"Excel Advisor\"},\"image\":{\"@id\":\"https:\/\/exceladvisor.org\/es\/#\/schema\/logo\/image\/\"}}]}<\/script>\n<!-- \/ Yoast SEO plugin. -->","yoast_head_json":{"title":"\u00bfc\u00f3mo eliminar una hoja en excel?","robots":{"index":"index","follow":"follow","max-snippet":"max-snippet:-1","max-image-preview":"max-image-preview:large","max-video-preview":"max-video-preview:-1"},"canonical":"https:\/\/exceladvisor.org\/es\/eliminar-1\/","og_locale":"es_ES","og_type":"article","og_title":"\u00bfc\u00f3mo eliminar una hoja en excel?","og_description":"En este tutorial, aprenderemos tres m\u00e9todos sencillos para eliminar una hoja en Excel. Todos estos m\u00e9todos son r\u00e1pidos y f\u00e1ciles de seguir. Puede utilizar cualquiera de estos m\u00e9todos que m\u00e1s le convenga. Eliminar una hoja usando el m\u00e9todo abreviado de teclado Alt \u2192 H \u2192 D \u2192 S Alt \u2192 E \u2192 L Puede utilizar [&hellip;]","og_url":"https:\/\/exceladvisor.org\/es\/eliminar-1\/","og_site_name":"Excel Advisor","article_modified_time":"2023-12-25T10:25:03+00:00","og_image":[{"url":"https:\/\/exceladvisor.org\/wp-content\/uploads\/2023\/08\/raccourci-clavier-supprimer-une-feuille.png","type":"","width":"","height":""}],"twitter_card":"summary_large_image","twitter_misc":{"Tiempo de lectura":"1 minuto"},"schema":{"@context":"https:\/\/schema.org","@graph":[{"@type":"WebPage","@id":"https:\/\/exceladvisor.org\/es\/eliminar-1\/","url":"https:\/\/exceladvisor.org\/es\/eliminar-1\/","name":"\u00bfc\u00f3mo eliminar una hoja en excel?","isPartOf":{"@id":"https:\/\/exceladvisor.org\/es\/#website"},"primaryImageOfPage":{"@id":"https:\/\/exceladvisor.org\/es\/eliminar-1\/#primaryimage"},"image":{"@id":"https:\/\/exceladvisor.org\/es\/eliminar-1\/#primaryimage"},"thumbnailUrl":"https:\/\/exceladvisor.org\/wp-content\/uploads\/2023\/08\/raccourci-clavier-supprimer-une-feuille.png","datePublished":"2023-10-31T22:06:07+00:00","dateModified":"2023-12-25T10:25:03+00:00","breadcrumb":{"@id":"https:\/\/exceladvisor.org\/es\/eliminar-1\/#breadcrumb"},"inLanguage":"es","potentialAction":[{"@type":"ReadAction","target":["https:\/\/exceladvisor.org\/es\/eliminar-1\/"]}]},{"@type":"ImageObject","inLanguage":"es","@id":"https:\/\/exceladvisor.org\/es\/eliminar-1\/#primaryimage","url":"https:\/\/exceladvisor.org\/wp-content\/uploads\/2023\/08\/raccourci-clavier-supprimer-une-feuille.png","contentUrl":"https:\/\/exceladvisor.org\/wp-content\/uploads\/2023\/08\/raccourci-clavier-supprimer-une-feuille.png"},{"@type":"BreadcrumbList","@id":"https:\/\/exceladvisor.org\/es\/eliminar-1\/#breadcrumb","itemListElement":[{"@type":"ListItem","position":1,"name":"Hogar","item":"https:\/\/exceladvisor.org\/es\/"},{"@type":"ListItem","position":2,"name":"\u00bfc\u00f3mo eliminar una hoja en excel?"}]},{"@type":"WebSite","@id":"https:\/\/exceladvisor.org\/es\/#website","url":"https:\/\/exceladvisor.org\/es\/","name":"Excel Advisor","description":"Su gu\u00eda para la dominaci\u00f3n de datos!","publisher":{"@id":"https:\/\/exceladvisor.org\/es\/#organization"},"potentialAction":[{"@type":"SearchAction","target":{"@type":"EntryPoint","urlTemplate":"https:\/\/exceladvisor.org\/es\/?s={search_term_string}"},"query-input":{"@type":"PropertyValueSpecification","valueRequired":true,"valueName":"search_term_string"}}],"inLanguage":"es"},{"@type":"Organization","@id":"https:\/\/exceladvisor.org\/es\/#organization","name":"Excel Advisor","url":"https:\/\/exceladvisor.org\/es\/","logo":{"@type":"ImageObject","inLanguage":"es","@id":"https:\/\/exceladvisor.org\/es\/#\/schema\/logo\/image\/","url":"https:\/\/exceladvisor.org\/es\/wp-content\/uploads\/2023\/12\/exceladvisor.org_.png","contentUrl":"https:\/\/exceladvisor.org\/es\/wp-content\/uploads\/2023\/12\/exceladvisor.org_.png","width":105,"height":36,"caption":"Excel Advisor"},"image":{"@id":"https:\/\/exceladvisor.org\/es\/#\/schema\/logo\/image\/"}}]}},"yoast_meta":{"yoast_wpseo_title":"","yoast_wpseo_metadesc":"","yoast_wpseo_canonical":""},"_links":{"self":[{"href":"https:\/\/exceladvisor.org\/es\/wp-json\/wp\/v2\/pages\/362","targetHints":{"allow":["GET"]}}],"collection":[{"href":"https:\/\/exceladvisor.org\/es\/wp-json\/wp\/v2\/pages"}],"about":[{"href":"https:\/\/exceladvisor.org\/es\/wp-json\/wp\/v2\/types\/page"}],"author":[{"embeddable":true,"href":"https:\/\/exceladvisor.org\/es\/wp-json\/wp\/v2\/users\/1"}],"replies":[{"embeddable":true,"href":"https:\/\/exceladvisor.org\/es\/wp-json\/wp\/v2\/comments?post=362"}],"version-history":[{"count":1,"href":"https:\/\/exceladvisor.org\/es\/wp-json\/wp\/v2\/pages\/362\/revisions"}],"predecessor-version":[{"id":998,"href":"https:\/\/exceladvisor.org\/es\/wp-json\/wp\/v2\/pages\/362\/revisions\/998"}],"wp:attachment":[{"href":"https:\/\/exceladvisor.org\/es\/wp-json\/wp\/v2\/media?parent=362"}],"curies":[{"name":"wp","href":"https:\/\/api.w.org\/{rel}","templated":true}]}}