{"id":364,"date":"2023-10-31T21:38:48","date_gmt":"2023-10-31T21:38:48","guid":{"rendered":"https:\/\/exceladvisor.org\/es\/seleccionar-todo-1\/"},"modified":"2023-12-25T10:27:12","modified_gmt":"2023-12-25T10:27:12","slug":"seleccionar-todo-1","status":"publish","type":"page","link":"https:\/\/exceladvisor.org\/es\/seleccionar-todo-1\/","title":{"rendered":"\u00bfc\u00f3mo seleccionar todas las hojas de trabajo en excel?"},"content":{"rendered":"<div class=\"excel-antes-del-contenido\" id=\"excel-494353606\"><script type=\"text\/javascript\">\r\n\tatOptions = {\r\n\t\t'key' : 'c1158f160081d6540a8409e6925dab94',\r\n\t\t'format' : 'iframe',\r\n\t\t'height' : 250,\r\n\t\t'width' : 300,\r\n\t\t'params' : {}\r\n\t};\r\n<\/script>\r\n<script type=\"text\/javascript\" src=\"\/\/www.highperformanceformat.com\/c1158f160081d6540a8409e6925dab94\/invoke.js\"><\/script><\/div><p>En Excel, si desea seleccionar todas las hojas de un libro, existen dos formas r\u00e1pidas y sencillas de hacerlo. Y en este tutorial, aprenderemos ambos m\u00e9todos en detalle.<\/p>\n<h2 id=\"h-use-the-shift-key-mouse-to-select-all-sheets\" class=\"wp-block-heading\"> Utilice Shift+rat\u00f3n para seleccionar todas las hojas.<\/h2>\n<ol type=\"1\">\n<li> Activa la primera hoja que tienes en el libro.<\/li>\n<li> Presione la tecla MAY\u00daS.<\/li>\n<li> Mientras mantiene presionada la tecla MAY\u00daS, coloque el cursor sobre la \u00faltima hoja del libro.<\/li>\n<li> Haga clic en la \u00faltima hoja para seleccionar todas las hojas. <\/li>\n<\/ol>\n<div class=\"wp-block-image\">\n<figure class=\"aligncenter size-full is-resized\"><img loading=\"lazy\" decoding=\"async\" class=\"wp-image-92264\" src=\"https:\/\/exceladvisor.org\/wp-content\/uploads\/2023\/08\/1-selectionner-toutes-les-feuilles.png\" sizes=\"auto, \" srcset=\"\" alt=\"seleccionar todas las hojas\" width=\"690\" height=\"146\"><\/figure>\n<\/div>\n<p> Y en el momento en que hagas clic en la pesta\u00f1a de la \u00faltima hoja, seleccionar\u00e1 todas las hojas entre la primera y la \u00faltima.<\/p>\n<h2 id=\"h-use-the-select-all-sheets-option\" class=\"wp-block-heading\"> Utilice la opci\u00f3n Seleccionar todas las hojas<\/h2>\n<p> Ahora tambi\u00e9n existe una opci\u00f3n en Excel para seleccionar todas las hojas. Entonces, cuando hace clic derecho en una de las pesta\u00f1as de la hoja, la opci\u00f3n dice \u00abSeleccionar todas las hojas\u00bb. <\/p>\n<div class=\"wp-block-image\">\n<figure class=\"aligncenter size-full is-resized\"><img loading=\"lazy\" decoding=\"async\" class=\"wp-image-92265\" src=\"https:\/\/exceladvisor.org\/wp-content\/uploads\/2023\/08\/2-selectionnez-loption-toutes-les-feuilles.png\" sizes=\"auto, \" srcset=\"\" alt=\"opci\u00f3n para seleccionar todas las hojas\" width=\"344\" height=\"432\"><\/figure>\n<\/div>\n<p> Y cuando haces clic en la opci\u00f3n, todas las hojas que tienes en el libro actual se seleccionan a la vez. <\/p>\n<div class=\"wp-block-image\">\n<figure class=\"aligncenter size-full is-resized\"><img loading=\"lazy\" decoding=\"async\" class=\"wp-image-92266\" src=\"https:\/\/exceladvisor.org\/wp-content\/uploads\/2023\/08\/3-selectionne-toutes-les-feuilles-du-classeur.png\" sizes=\"auto, \" srcset=\"\" alt=\"seleccionar-todas-las-hojas-del-libro-de-trabajo\" width=\"698\" height=\"167\"><\/figure>\n<\/div>\n<h2 id=\"h-vba-code\" class=\"wp-block-heading\"> c\u00f3digo VBA<\/h2>\n<p> Y tambi\u00e9n puede usar el c\u00f3digo VBA para seleccionar todas las hojas del libro actual. Vaya a la pesta\u00f1a Desarrollador &gt; Visual Basic &gt; Insertar m\u00f3dulo &gt; Pegar c\u00f3digo. <\/p>\n<div class=\"wp-block-image\">\n<figure class=\"aligncenter size-full is-resized\"><img loading=\"lazy\" decoding=\"async\" class=\"wp-image-92267\" src=\"https:\/\/exceladvisor.org\/wp-content\/uploads\/2023\/08\/4-vba-pour-selectionner-toutes-les-feuilles.png\" sizes=\"auto, \" srcset=\"\" alt=\"vba-para-seleccionar-todas-las-hojas\" width=\"505\" height=\"210\"><\/figure>\n<\/div>\n<pre class=\"wp-block-code\"> <code class=\"language-visual-basic\" lang=\"visual-basic\">Sub Select_All_Sheets() Sheets.Select End Sub<\/code><\/pre>\n<div class=\"gb-container gb-container-3044ba66 gb-container-mt\">\n<p class=\"gb-headline gb-headline-b5bb6270 gb-headline-text\"> <strong><a href=\"https:\/\/exceladvisor.org\/es\/conceptos-basicos-de-excel\/\">Conceptos b\u00e1sicos de Excel<\/a><\/strong> \/ <strong><a href=\"https:\/\/exceladvisor.org\/es\/hoja-de-calculo\/\" data-wpil=\"url\">Hoja de c\u00e1lculo de Excel<\/a><\/strong><\/p>\n<h2 class=\"gb-headline gb-headline-819d540d gb-headline-text gb-headline-mt-heading\"> M\u00e1s tutoriales <\/h2>\n<div class=\"gb-grid-wrapper gb-grid-wrapper-7f3d805a gb-grid-wrapper-mt-grid\">\n<div class=\"gb-grid-column gb-grid-column-7495e031\">\n<div class=\"gb-container gb-container-7495e031\">\n<ul>\n<li> <a href=\"https:\/\/exceladvisor.org\/es\/consolidar\/\">Consolidar datos de m\u00faltiples hojas de c\u00e1lculo<\/a><\/li>\n<li> <a href=\"https:\/\/exceladvisor.org\/es\/rebautizar\/\">Cambiar el nombre de la hoja en Excel<\/a><\/li>\n<li> <a href=\"https:\/\/exceladvisor.org\/es\/grupo-1\/\">Hojas de trabajo grupales en Excel<\/a><\/li>\n<li> <a href=\"https:\/\/exceladvisor.org\/es\/ver-uno-al-lado-del-otro\/\">Ver dos hojas una al lado de la otra en Excel<\/a><\/li>\n<li> <a href=\"https:\/\/exceladvisor.org\/es\/agregar\/\">Agregar una hoja de c\u00e1lculo en Excel<\/a><\/li>\n<\/ul>\n<\/div>\n<\/div>\n<\/div>\n<\/div>\n","protected":false},"excerpt":{"rendered":"<p>En Excel, si desea seleccionar todas las hojas de un libro, existen dos formas r\u00e1pidas y sencillas de hacerlo. Y en este tutorial, aprenderemos ambos m\u00e9todos en detalle. Utilice Shift+rat\u00f3n para seleccionar todas las hojas. Activa la primera hoja que tienes en el libro. Presione la tecla MAY\u00daS. Mientras mantiene presionada la tecla MAY\u00daS, coloque [&hellip;]<\/p>\n","protected":false},"author":1,"featured_media":0,"parent":0,"menu_order":0,"comment_status":"open","ping_status":"closed","template":"","meta":{"ub_ctt_via":"","footnotes":""},"class_list":["post-364","page","type-page","status-publish","hentry"],"featured_image_src":null,"yoast_head":"<!-- This site is optimized with the Yoast SEO plugin v25.4 - https:\/\/yoast.com\/wordpress\/plugins\/seo\/ -->\n<title>\u00bfc\u00f3mo seleccionar todas las hojas de trabajo en excel?<\/title>\n<meta name=\"robots\" content=\"index, follow, max-snippet:-1, max-image-preview:large, max-video-preview:-1\" \/>\n<link rel=\"canonical\" href=\"https:\/\/exceladvisor.org\/es\/seleccionar-todo-1\/\" \/>\n<meta property=\"og:locale\" content=\"es_ES\" \/>\n<meta property=\"og:type\" content=\"article\" \/>\n<meta property=\"og:title\" content=\"\u00bfc\u00f3mo seleccionar todas las hojas de trabajo en excel?\" \/>\n<meta property=\"og:description\" content=\"En Excel, si desea seleccionar todas las hojas de un libro, existen dos formas r\u00e1pidas y sencillas de hacerlo. Y en este tutorial, aprenderemos ambos m\u00e9todos en detalle. Utilice Shift+rat\u00f3n para seleccionar todas las hojas. Activa la primera hoja que tienes en el libro. Presione la tecla MAY\u00daS. Mientras mantiene presionada la tecla MAY\u00daS, coloque [&hellip;]\" \/>\n<meta property=\"og:url\" content=\"https:\/\/exceladvisor.org\/es\/seleccionar-todo-1\/\" \/>\n<meta property=\"og:site_name\" content=\"Excel Advisor\" \/>\n<meta property=\"article:modified_time\" content=\"2023-12-25T10:27:12+00:00\" \/>\n<meta property=\"og:image\" content=\"https:\/\/exceladvisor.org\/wp-content\/uploads\/2023\/08\/1-selectionner-toutes-les-feuilles.png\" \/>\n<meta name=\"twitter:card\" content=\"summary_large_image\" \/>\n<meta name=\"twitter:label1\" content=\"Tiempo de lectura\" \/>\n\t<meta name=\"twitter:data1\" content=\"1 minuto\" \/>\n<script type=\"application\/ld+json\" class=\"yoast-schema-graph\">{\"@context\":\"https:\/\/schema.org\",\"@graph\":[{\"@type\":\"WebPage\",\"@id\":\"https:\/\/exceladvisor.org\/es\/seleccionar-todo-1\/\",\"url\":\"https:\/\/exceladvisor.org\/es\/seleccionar-todo-1\/\",\"name\":\"\u00bfc\u00f3mo seleccionar todas las hojas de trabajo en excel?\",\"isPartOf\":{\"@id\":\"https:\/\/exceladvisor.org\/es\/#website\"},\"primaryImageOfPage\":{\"@id\":\"https:\/\/exceladvisor.org\/es\/seleccionar-todo-1\/#primaryimage\"},\"image\":{\"@id\":\"https:\/\/exceladvisor.org\/es\/seleccionar-todo-1\/#primaryimage\"},\"thumbnailUrl\":\"https:\/\/exceladvisor.org\/wp-content\/uploads\/2023\/08\/1-selectionner-toutes-les-feuilles.png\",\"datePublished\":\"2023-10-31T21:38:48+00:00\",\"dateModified\":\"2023-12-25T10:27:12+00:00\",\"breadcrumb\":{\"@id\":\"https:\/\/exceladvisor.org\/es\/seleccionar-todo-1\/#breadcrumb\"},\"inLanguage\":\"es\",\"potentialAction\":[{\"@type\":\"ReadAction\",\"target\":[\"https:\/\/exceladvisor.org\/es\/seleccionar-todo-1\/\"]}]},{\"@type\":\"ImageObject\",\"inLanguage\":\"es\",\"@id\":\"https:\/\/exceladvisor.org\/es\/seleccionar-todo-1\/#primaryimage\",\"url\":\"https:\/\/exceladvisor.org\/wp-content\/uploads\/2023\/08\/1-selectionner-toutes-les-feuilles.png\",\"contentUrl\":\"https:\/\/exceladvisor.org\/wp-content\/uploads\/2023\/08\/1-selectionner-toutes-les-feuilles.png\"},{\"@type\":\"BreadcrumbList\",\"@id\":\"https:\/\/exceladvisor.org\/es\/seleccionar-todo-1\/#breadcrumb\",\"itemListElement\":[{\"@type\":\"ListItem\",\"position\":1,\"name\":\"Hogar\",\"item\":\"https:\/\/exceladvisor.org\/es\/\"},{\"@type\":\"ListItem\",\"position\":2,\"name\":\"\u00bfc\u00f3mo seleccionar todas las hojas de trabajo en excel?\"}]},{\"@type\":\"WebSite\",\"@id\":\"https:\/\/exceladvisor.org\/es\/#website\",\"url\":\"https:\/\/exceladvisor.org\/es\/\",\"name\":\"Excel Advisor\",\"description\":\"Su gu\u00eda para la dominaci\u00f3n de datos!\",\"publisher\":{\"@id\":\"https:\/\/exceladvisor.org\/es\/#organization\"},\"potentialAction\":[{\"@type\":\"SearchAction\",\"target\":{\"@type\":\"EntryPoint\",\"urlTemplate\":\"https:\/\/exceladvisor.org\/es\/?s={search_term_string}\"},\"query-input\":{\"@type\":\"PropertyValueSpecification\",\"valueRequired\":true,\"valueName\":\"search_term_string\"}}],\"inLanguage\":\"es\"},{\"@type\":\"Organization\",\"@id\":\"https:\/\/exceladvisor.org\/es\/#organization\",\"name\":\"Excel Advisor\",\"url\":\"https:\/\/exceladvisor.org\/es\/\",\"logo\":{\"@type\":\"ImageObject\",\"inLanguage\":\"es\",\"@id\":\"https:\/\/exceladvisor.org\/es\/#\/schema\/logo\/image\/\",\"url\":\"https:\/\/exceladvisor.org\/es\/wp-content\/uploads\/2023\/12\/exceladvisor.org_.png\",\"contentUrl\":\"https:\/\/exceladvisor.org\/es\/wp-content\/uploads\/2023\/12\/exceladvisor.org_.png\",\"width\":105,\"height\":36,\"caption\":\"Excel Advisor\"},\"image\":{\"@id\":\"https:\/\/exceladvisor.org\/es\/#\/schema\/logo\/image\/\"}}]}<\/script>\n<!-- \/ Yoast SEO plugin. -->","yoast_head_json":{"title":"\u00bfc\u00f3mo seleccionar todas las hojas de trabajo en excel?","robots":{"index":"index","follow":"follow","max-snippet":"max-snippet:-1","max-image-preview":"max-image-preview:large","max-video-preview":"max-video-preview:-1"},"canonical":"https:\/\/exceladvisor.org\/es\/seleccionar-todo-1\/","og_locale":"es_ES","og_type":"article","og_title":"\u00bfc\u00f3mo seleccionar todas las hojas de trabajo en excel?","og_description":"En Excel, si desea seleccionar todas las hojas de un libro, existen dos formas r\u00e1pidas y sencillas de hacerlo. Y en este tutorial, aprenderemos ambos m\u00e9todos en detalle. Utilice Shift+rat\u00f3n para seleccionar todas las hojas. Activa la primera hoja que tienes en el libro. Presione la tecla MAY\u00daS. Mientras mantiene presionada la tecla MAY\u00daS, coloque [&hellip;]","og_url":"https:\/\/exceladvisor.org\/es\/seleccionar-todo-1\/","og_site_name":"Excel Advisor","article_modified_time":"2023-12-25T10:27:12+00:00","og_image":[{"url":"https:\/\/exceladvisor.org\/wp-content\/uploads\/2023\/08\/1-selectionner-toutes-les-feuilles.png","type":"","width":"","height":""}],"twitter_card":"summary_large_image","twitter_misc":{"Tiempo de lectura":"1 minuto"},"schema":{"@context":"https:\/\/schema.org","@graph":[{"@type":"WebPage","@id":"https:\/\/exceladvisor.org\/es\/seleccionar-todo-1\/","url":"https:\/\/exceladvisor.org\/es\/seleccionar-todo-1\/","name":"\u00bfc\u00f3mo seleccionar todas las hojas de trabajo en excel?","isPartOf":{"@id":"https:\/\/exceladvisor.org\/es\/#website"},"primaryImageOfPage":{"@id":"https:\/\/exceladvisor.org\/es\/seleccionar-todo-1\/#primaryimage"},"image":{"@id":"https:\/\/exceladvisor.org\/es\/seleccionar-todo-1\/#primaryimage"},"thumbnailUrl":"https:\/\/exceladvisor.org\/wp-content\/uploads\/2023\/08\/1-selectionner-toutes-les-feuilles.png","datePublished":"2023-10-31T21:38:48+00:00","dateModified":"2023-12-25T10:27:12+00:00","breadcrumb":{"@id":"https:\/\/exceladvisor.org\/es\/seleccionar-todo-1\/#breadcrumb"},"inLanguage":"es","potentialAction":[{"@type":"ReadAction","target":["https:\/\/exceladvisor.org\/es\/seleccionar-todo-1\/"]}]},{"@type":"ImageObject","inLanguage":"es","@id":"https:\/\/exceladvisor.org\/es\/seleccionar-todo-1\/#primaryimage","url":"https:\/\/exceladvisor.org\/wp-content\/uploads\/2023\/08\/1-selectionner-toutes-les-feuilles.png","contentUrl":"https:\/\/exceladvisor.org\/wp-content\/uploads\/2023\/08\/1-selectionner-toutes-les-feuilles.png"},{"@type":"BreadcrumbList","@id":"https:\/\/exceladvisor.org\/es\/seleccionar-todo-1\/#breadcrumb","itemListElement":[{"@type":"ListItem","position":1,"name":"Hogar","item":"https:\/\/exceladvisor.org\/es\/"},{"@type":"ListItem","position":2,"name":"\u00bfc\u00f3mo seleccionar todas las hojas de trabajo en excel?"}]},{"@type":"WebSite","@id":"https:\/\/exceladvisor.org\/es\/#website","url":"https:\/\/exceladvisor.org\/es\/","name":"Excel Advisor","description":"Su gu\u00eda para la dominaci\u00f3n de datos!","publisher":{"@id":"https:\/\/exceladvisor.org\/es\/#organization"},"potentialAction":[{"@type":"SearchAction","target":{"@type":"EntryPoint","urlTemplate":"https:\/\/exceladvisor.org\/es\/?s={search_term_string}"},"query-input":{"@type":"PropertyValueSpecification","valueRequired":true,"valueName":"search_term_string"}}],"inLanguage":"es"},{"@type":"Organization","@id":"https:\/\/exceladvisor.org\/es\/#organization","name":"Excel Advisor","url":"https:\/\/exceladvisor.org\/es\/","logo":{"@type":"ImageObject","inLanguage":"es","@id":"https:\/\/exceladvisor.org\/es\/#\/schema\/logo\/image\/","url":"https:\/\/exceladvisor.org\/es\/wp-content\/uploads\/2023\/12\/exceladvisor.org_.png","contentUrl":"https:\/\/exceladvisor.org\/es\/wp-content\/uploads\/2023\/12\/exceladvisor.org_.png","width":105,"height":36,"caption":"Excel Advisor"},"image":{"@id":"https:\/\/exceladvisor.org\/es\/#\/schema\/logo\/image\/"}}]}},"yoast_meta":{"yoast_wpseo_title":"","yoast_wpseo_metadesc":"","yoast_wpseo_canonical":""},"_links":{"self":[{"href":"https:\/\/exceladvisor.org\/es\/wp-json\/wp\/v2\/pages\/364","targetHints":{"allow":["GET"]}}],"collection":[{"href":"https:\/\/exceladvisor.org\/es\/wp-json\/wp\/v2\/pages"}],"about":[{"href":"https:\/\/exceladvisor.org\/es\/wp-json\/wp\/v2\/types\/page"}],"author":[{"embeddable":true,"href":"https:\/\/exceladvisor.org\/es\/wp-json\/wp\/v2\/users\/1"}],"replies":[{"embeddable":true,"href":"https:\/\/exceladvisor.org\/es\/wp-json\/wp\/v2\/comments?post=364"}],"version-history":[{"count":1,"href":"https:\/\/exceladvisor.org\/es\/wp-json\/wp\/v2\/pages\/364\/revisions"}],"predecessor-version":[{"id":1186,"href":"https:\/\/exceladvisor.org\/es\/wp-json\/wp\/v2\/pages\/364\/revisions\/1186"}],"wp:attachment":[{"href":"https:\/\/exceladvisor.org\/es\/wp-json\/wp\/v2\/media?parent=364"}],"curies":[{"name":"wp","href":"https:\/\/api.w.org\/{rel}","templated":true}]}}