{"id":365,"date":"2023-10-31T21:28:51","date_gmt":"2023-10-31T21:28:51","guid":{"rendered":"https:\/\/exceladvisor.org\/es\/agregar-un-encabezado-de-pie-de-pagina\/"},"modified":"2023-12-25T10:22:55","modified_gmt":"2023-12-25T10:22:55","slug":"agregar-un-encabezado-de-pie-de-pagina","status":"publish","type":"page","link":"https:\/\/exceladvisor.org\/es\/agregar-un-encabezado-de-pie-de-pagina\/","title":{"rendered":"\u00bfc\u00f3mo agregar encabezado y pie de p\u00e1gina en excel?"},"content":{"rendered":"<div class=\"excel-antes-del-contenido\" id=\"excel-2357666142\"><script type=\"text\/javascript\">\r\n\tatOptions = {\r\n\t\t'key' : 'c1158f160081d6540a8409e6925dab94',\r\n\t\t'format' : 'iframe',\r\n\t\t'height' : 250,\r\n\t\t'width' : 300,\r\n\t\t'params' : {}\r\n\t};\r\n<\/script>\r\n<script type=\"text\/javascript\" src=\"\/\/www.highperformanceformat.com\/c1158f160081d6540a8409e6925dab94\/invoke.js\"><\/script><\/div><p>Para imprimir los datos de su hoja de trabajo, a veces necesita mostrar informaci\u00f3n b\u00e1sica como n\u00fameros de p\u00e1gina, fecha de impresi\u00f3n, nombre del libro, etc. relacionado con su hoja de c\u00e1lculo, utiliza la funci\u00f3n de encabezado y pie de p\u00e1gina de Excel.<\/p>\n<p> Puede utilizar los encabezados y pies de p\u00e1gina predefinidos de Excel o personalizarlos seg\u00fan sus preferencias.<\/p>\n<h2 id=\"steps-to-insert-a-header-in-excel\" class=\"wp-block-heading\"> Pasos para insertar un encabezado en Excel<\/h2>\n<ol>\n<li> Primero, vaya a la pesta\u00f1a \u00abInsertar\u00bb.<\/li>\n<li> Despu\u00e9s de eso, haga clic en el grupo \u00abTexto\u00bb y luego haga clic en la opci\u00f3n \u00abEncabezado y pie de p\u00e1gina\u00bb. <br \/><img loading=\"lazy\" decoding=\"async\" title=\"1 pesta\u00f1a de inserci\u00f3n\" src=\"https:\/\/exceladvisor.org\/wp-content\/uploads\/2023\/08\/1-onglet-dinsertion.png\" sizes=\"auto, \" srcset=\"\" alt=\"insert-tab\" width=\"931\" height=\"156\"><\/li>\n<li> Una vez que hace clic en \u00abEncabezado y pie de p\u00e1gina\u00bb, Excel muestra la secci\u00f3n de encabezado de la hoja de trabajo actual para agregar los elementos del encabezado. <br \/><img loading=\"lazy\" decoding=\"async\" title=\"2-encabezado de Excel\" src=\"https:\/\/exceladvisor.org\/wp-content\/uploads\/2023\/08\/2-en-tete-excel.png\" sizes=\"auto, \" srcset=\"\" alt=\"excel header\" width=\"618\" height=\"304\"><\/li>\n<li> Una vez que haya terminado con el encabezado, simplemente toque en cualquier parte de la hoja y saldr\u00e1 de la secci\u00f3n del encabezado y su encabezado se activar\u00e1.<\/li>\n<\/ol>\n<h2 id=\"steps-to-insert-a-footer-in-excel\" class=\"wp-block-heading\"> Pasos para insertar un pie de p\u00e1gina en Excel<\/h2>\n<ol>\n<li> Primero, vaya a la pesta\u00f1a \u00abInsertar\u00bb.<\/li>\n<li> Despu\u00e9s de eso, haga clic en el grupo \u00abTexto\u00bb y luego haga clic en la opci\u00f3n \u00abEncabezado y pie de p\u00e1gina\u00bb. <br \/><img decoding=\"async\" title=\"grupo de 3 textos\" src=\"https:\/\/exceladvisor.org\/wp-content\/uploads\/2023\/08\/3-groupe-de-texte.png\" sizes=\"\" srcset=\"\" alt=\"text group\"><\/li>\n<li> Ahora obtendr\u00e1 el icono \u00abIr al pie de p\u00e1gina\u00bb en el grupo de navegaci\u00f3n de la cinta y simplemente haga clic en \u00e9l. <br \/><img loading=\"lazy\" decoding=\"async\" title=\"4-ir al pie de p\u00e1gina\" src=\"https:\/\/exceladvisor.org\/wp-content\/uploads\/2023\/08\/4-aller-au-pied-de-page.png\" sizes=\"auto, \" srcset=\"\" alt=\"go-to-footer\" width=\"961\" height=\"136\"><\/li>\n<li> Una vez que hace clic en el icono \u00abIr al pie de p\u00e1gina\u00bb, Excel muestra la secci\u00f3n de pie de p\u00e1gina de la hoja de trabajo actual para agregar los elementos del pie de p\u00e1gina. <br \/><img loading=\"lazy\" decoding=\"async\" title=\"5 pies de p\u00e1gina de Excel\" src=\"https:\/\/exceladvisor.org\/wp-content\/uploads\/2023\/08\/5-pied-de-page-excel.png\" sizes=\"auto, \" srcset=\"\" alt=\"excel-footer\" width=\"711\" height=\"324\"><\/li>\n<li> Una vez que haya terminado con el pie de p\u00e1gina, simplemente toque en cualquier parte de la hoja y saldr\u00e1 de la secci\u00f3n de pie de p\u00e1gina y su pie de p\u00e1gina se activar\u00e1.<\/li>\n<\/ol>\n<p class=\"formula\"> En \u201cEncabezado y pie de p\u00e1gina\u201d siempre tendr\u00e1s tres cuadros (derecha, medio e izquierda) para ingresar texto, valores, im\u00e1genes, etc. para su encabezado y pie de p\u00e1gina. Y dependiendo de su elecci\u00f3n de qu\u00e9 lado desea mostrar los elementos de encabezado y pie de p\u00e1gina, puede ingresar los datos en este cuadro.<\/p>\n<h2 id=\"steps-to-insert-predefined-headers-and-footers-in-excel\" class=\"wp-block-heading\"> Pasos para insertar encabezados y pies de p\u00e1gina predefinidos en Excel<\/h2>\n<p> Excel tiene varios elementos predefinidos de \u00abEncabezados y pies de p\u00e1gina\u00bb que se pueden usar para su documento con tan solo un clic del mouse.<\/p>\n<ol>\n<li> Primero, vaya a la pesta\u00f1a \u00abInsertar\u00bb.<\/li>\n<li> Despu\u00e9s de eso, haga clic en el grupo \u00abTexto\u00bb y luego haga clic en la opci\u00f3n \u00abEncabezado y pie de p\u00e1gina\u00bb. <br \/><img loading=\"lazy\" decoding=\"async\" title=\"Opci\u00f3n 6 encabezados y pies de p\u00e1gina\" src=\"https:\/\/exceladvisor.org\/wp-content\/uploads\/2023\/08\/6-options-den-tete-et-de-pied-de-page.png\" sizes=\"auto, \" srcset=\"\" alt=\"header-and-footer-option\" width=\"1004\" height=\"168\"><\/li>\n<li> En el momento en que hagas clic en la opci\u00f3n \u201cEncabezado y pie de p\u00e1gina\u201d, encontrar\u00e1s la nueva pesta\u00f1a \u201cEncabezado y pie de p\u00e1gina\u201d con varios elementos predefinidos.<\/li>\n<li> Ahora puede seleccionar uno de ellos que desee utilizar como encabezado. <br \/><img loading=\"lazy\" decoding=\"async\" title=\"7 elementos de encabezado y pie de p\u00e1gina\" src=\"https:\/\/exceladvisor.org\/wp-content\/uploads\/2023\/08\/7-elements-den-tete-de-pied-de-page.png\" sizes=\"auto, \" srcset=\"\" alt=\"header-footer-elements\" width=\"1021\" height=\"145\"><\/li>\n<li> Por ejemplo, si desea utilizar el elemento \u00abN\u00famero de p\u00e1ginas\u00bb, simplemente haga clic en \u00e9l y aparecer\u00e1 como encabezado en su hoja de c\u00e1lculo. <br \/><img loading=\"lazy\" decoding=\"async\" title=\"Art\u00edculo de 8 n\u00fameros de p\u00e1ginas\" src=\"https:\/\/exceladvisor.org\/wp-content\/uploads\/2023\/08\/8-element-de-nombre-de-pages.png\" sizes=\"auto, \" srcset=\"\" alt=\"number-of-pages-element\" width=\"756\" height=\"347\"><\/li>\n<li> Tambi\u00e9n puede seleccionar los elementos predefinidos \u201cEncabezado y pie de p\u00e1gina\u201d haciendo clic en las opciones \u201cEncabezado\u201d y \u201cPie de p\u00e1gina\u201d.<\/li>\n<li> Una vez que haga clic en \u00abEncabezado\u00bb y \u00abPie de p\u00e1gina\u00bb, le mostrar\u00e1 la lista de elementos predefinidos para elegir. <br \/><img loading=\"lazy\" decoding=\"async\" title=\"Lista predefinida de 9 pies de p\u00e1gina\" src=\"https:\/\/exceladvisor.org\/wp-content\/uploads\/2023\/08\/Liste-predefinie-de-9-pieds-de-page.png\" sizes=\"auto, \" srcset=\"\" alt=\"footer-predefined-list\" width=\"656\" height=\"438\"><\/li>\n<\/ol>\n<p> Para ver c\u00f3mo se ve su selecci\u00f3n de \u00abEncabezado\u00bb y \u00abPie de p\u00e1gina\u00bb despu\u00e9s de seleccionar un ajuste preestablecido, simplemente haga clic en cualquier lugar de la hoja y saldr\u00e1 de la p\u00e1gina de la secci\u00f3n de encabezado y pie de p\u00e1gina y podr\u00e1 ver el encabezado y pie de p\u00e1gina que ha seleccionado.<\/p>\n<h2 id=\"edit-or-format-the-header-and-footer\" class=\"wp-block-heading\"> Editar o formatear el encabezado y pie de p\u00e1gina<\/h2>\n<p> Excel tiene la capacidad de formatear y personalizar el tama\u00f1o de fuente, el estilo, el color y el efecto de su \u00abencabezado y pie de p\u00e1gina\u00bb seg\u00fan sus preferencias.<\/p>\n<ol>\n<li> Primero, vaya a la pesta\u00f1a \u00abDise\u00f1o de p\u00e1gina\u00bb y haga clic en el icono del cuadro de di\u00e1logo de configuraci\u00f3n de p\u00e1gina. <br \/><img loading=\"lazy\" decoding=\"async\" title=\"Pesta\u00f1a de dise\u00f1o de 10 p\u00e1ginas\" src=\"https:\/\/exceladvisor.org\/wp-content\/uploads\/2023\/08\/Onglet-de-mise-en-page-de-10-pages.png\" sizes=\"auto, \" srcset=\"\" alt=\"page-layout-tab\" width=\"739\" height=\"148\"><\/li>\n<li> Despu\u00e9s de eso, haga clic en la opci\u00f3n \u00abEncabezado\/Pie de p\u00e1gina\u00bb y obtendr\u00e1 las opciones \u00abEncabezado personalizado\u00bb y \u00abPie de p\u00e1gina personalizado\u00bb.<\/li>\n<li> Ahora haga clic en la opci\u00f3n \u201cEncabezado personalizado\u201d o \u201cPie de p\u00e1gina personalizado\u201d, que desea personalizar, editar o editar. <br \/><img loading=\"lazy\" decoding=\"async\" title=\"11 encabezados y pies de p\u00e1gina personalizados\" src=\"https:\/\/exceladvisor.org\/wp-content\/uploads\/2023\/08\/11-pied-de-page-den-tete-personnalise.png\" sizes=\"auto, \" srcset=\"\" alt=\"custom-header-footer\" width=\"502\" height=\"426\"><\/li>\n<li> Ahora, haga clic en el \u00edcono de fuente y obtendr\u00e1 el men\u00fa contextual abierto donde podr\u00e1 cambiar o seleccionar el tama\u00f1o, color, estilo y efectos de fuente para su \u201cEncabezado y pie de p\u00e1gina\u201d. <br \/><img loading=\"lazy\" decoding=\"async\" title=\"12 fuentes de encabezado de pie de p\u00e1gina personalizadas\" src=\"https:\/\/exceladvisor.org\/wp-content\/uploads\/2023\/08\/12-polices-den-tete-de-pied-de-page-personnalisees.png\" sizes=\"auto, \" srcset=\"\" alt=\"custom-header-footer-font\" width=\"613\" height=\"331\"><br \/><img decoding=\"async\" style=\"display: block; margin-left: auto; margin-right: auto;\" title=\"13 opciones personalizadas de fuente para encabezado y pie de p\u00e1gina\" src=\"https:\/\/exceladvisor.org\/wp-content\/uploads\/2023\/08\/13-options-de-police-den-tete-de-pied-de-page-personnalisees.png\" sizes=\"\" srcset=\"\" alt=\"custom-header-footer-font-options\"><\/li>\n<\/ol>\n<h2 id=\"remove-the-header-and-footer-in-excel\" class=\"wp-block-heading\"> Eliminar encabezado y pie de p\u00e1gina en Excel<\/h2>\n<ol>\n<li> Para eliminar el encabezado y pie de p\u00e1gina existentes, vaya a la pesta\u00f1a \u00abVer\u00bb y haga clic en el icono \u00abNormal\u00bb. <br \/><img decoding=\"async\" title=\"Vista de 14 pesta\u00f1as en Excel.\" src=\"https:\/\/exceladvisor.org\/wp-content\/uploads\/2023\/08\/14-onglet-vue-excel.png\" sizes=\"\" srcset=\"\" alt=\"excel-view-tab\"><\/li>\n<li> Tambi\u00e9n puede eliminar el \u00abEncabezado y pie de p\u00e1gina\u00bb simplemente haciendo clic en el icono \u00abNormal\u00bb en la barra de estado. <br \/><img decoding=\"async\" title=\"Barra de estado normal de 15 iconos\" src=\"https:\/\/exceladvisor.org\/wp-content\/uploads\/2023\/08\/15-barre-detat-dicone-normale.png\" sizes=\"\" srcset=\"\" alt=\"normal-icon-status-bar\"><\/li>\n<\/ol>\n<div class=\"gb-container gb-container-4db6181c gb-container-mt\"> <a class=\"gb-button gb-button-c5897111 gb-button-text gb-button-mt-button\" href=\"https:\/\/exceladvisor.org\/es\/conceptos-basicos-de-excel\/\">Conceptos b\u00e1sicos de Microsoft Excel (componentes, piezas y notas de conocimiento)<\/a><\/p>\n<h2 class=\"gb-headline gb-headline-665e5f6b gb-headline-text gb-headline-mt-heading\"> Tutoriales relacionados <\/h2>\n<div class=\"gb-grid-wrapper gb-grid-wrapper-a20baf7c gb-grid-wrapper-mt-grid\">\n<div class=\"gb-grid-column gb-grid-column-65ddf67e\">\n<div class=\"gb-container gb-container-65ddf67e\">\n<ul>\n<li> <a href=\"https:\/\/exceladvisor.org\/es\/justificar-completamente\/\">Llenar justificar en Excel<\/a><\/li>\n<li> <a href=\"https:\/\/exceladvisor.org\/es\/barra-de-formulas-de-excel\/\">Barra de f\u00f3rmulas en Excel<\/a><\/li>\n<li> <a href=\"https:\/\/exceladvisor.org\/es\/gobernante\/\">Mostrar regla en Excel<\/a><\/li>\n<li> <a href=\"https:\/\/exceladvisor.org\/es\/mango-de-llenado\/\">Controlador de relleno en Excel<\/a><\/li>\n<li> <a href=\"https:\/\/exceladvisor.org\/es\/formato-pintor\/\">Copiar formato en Excel<\/a> <\/li>\n<\/ul>\n<\/div>\n<\/div>\n<div class=\"gb-grid-column gb-grid-column-50067b57\">\n<div class=\"gb-container gb-container-50067b57\"><\/div>\n<\/div>\n<\/div>\n<\/div>\n","protected":false},"excerpt":{"rendered":"<p>Para imprimir los datos de su hoja de trabajo, a veces necesita mostrar informaci\u00f3n b\u00e1sica como n\u00fameros de p\u00e1gina, fecha de impresi\u00f3n, nombre del libro, etc. relacionado con su hoja de c\u00e1lculo, utiliza la funci\u00f3n de encabezado y pie de p\u00e1gina de Excel. Puede utilizar los encabezados y pies de p\u00e1gina predefinidos de Excel o [&hellip;]<\/p>\n","protected":false},"author":1,"featured_media":0,"parent":0,"menu_order":0,"comment_status":"open","ping_status":"closed","template":"","meta":{"ub_ctt_via":"","footnotes":""},"class_list":["post-365","page","type-page","status-publish","hentry"],"featured_image_src":null,"yoast_head":"<!-- This site is optimized with the Yoast SEO plugin v25.4 - https:\/\/yoast.com\/wordpress\/plugins\/seo\/ -->\n<title>\u00bfc\u00f3mo agregar encabezado y pie de p\u00e1gina en excel?<\/title>\n<meta name=\"robots\" content=\"index, follow, max-snippet:-1, max-image-preview:large, max-video-preview:-1\" \/>\n<link rel=\"canonical\" href=\"https:\/\/exceladvisor.org\/es\/agregar-un-encabezado-de-pie-de-pagina\/\" \/>\n<meta property=\"og:locale\" content=\"es_ES\" \/>\n<meta property=\"og:type\" content=\"article\" \/>\n<meta property=\"og:title\" content=\"\u00bfc\u00f3mo agregar encabezado y pie de p\u00e1gina en excel?\" \/>\n<meta property=\"og:description\" content=\"Para imprimir los datos de su hoja de trabajo, a veces necesita mostrar informaci\u00f3n b\u00e1sica como n\u00fameros de p\u00e1gina, fecha de impresi\u00f3n, nombre del libro, etc. relacionado con su hoja de c\u00e1lculo, utiliza la funci\u00f3n de encabezado y pie de p\u00e1gina de Excel. Puede utilizar los encabezados y pies de p\u00e1gina predefinidos de Excel o [&hellip;]\" \/>\n<meta property=\"og:url\" content=\"https:\/\/exceladvisor.org\/es\/agregar-un-encabezado-de-pie-de-pagina\/\" \/>\n<meta property=\"og:site_name\" content=\"Excel Advisor\" \/>\n<meta property=\"article:modified_time\" content=\"2023-12-25T10:22:55+00:00\" \/>\n<meta property=\"og:image\" content=\"https:\/\/exceladvisor.org\/wp-content\/uploads\/2023\/08\/1-onglet-dinsertion.png\" \/>\n<meta name=\"twitter:card\" content=\"summary_large_image\" \/>\n<meta name=\"twitter:label1\" content=\"Tiempo de lectura\" \/>\n\t<meta name=\"twitter:data1\" content=\"4 minutos\" \/>\n<script type=\"application\/ld+json\" class=\"yoast-schema-graph\">{\"@context\":\"https:\/\/schema.org\",\"@graph\":[{\"@type\":\"WebPage\",\"@id\":\"https:\/\/exceladvisor.org\/es\/agregar-un-encabezado-de-pie-de-pagina\/\",\"url\":\"https:\/\/exceladvisor.org\/es\/agregar-un-encabezado-de-pie-de-pagina\/\",\"name\":\"\u00bfc\u00f3mo agregar encabezado y pie de p\u00e1gina en excel?\",\"isPartOf\":{\"@id\":\"https:\/\/exceladvisor.org\/es\/#website\"},\"primaryImageOfPage\":{\"@id\":\"https:\/\/exceladvisor.org\/es\/agregar-un-encabezado-de-pie-de-pagina\/#primaryimage\"},\"image\":{\"@id\":\"https:\/\/exceladvisor.org\/es\/agregar-un-encabezado-de-pie-de-pagina\/#primaryimage\"},\"thumbnailUrl\":\"https:\/\/exceladvisor.org\/wp-content\/uploads\/2023\/08\/1-onglet-dinsertion.png\",\"datePublished\":\"2023-10-31T21:28:51+00:00\",\"dateModified\":\"2023-12-25T10:22:55+00:00\",\"breadcrumb\":{\"@id\":\"https:\/\/exceladvisor.org\/es\/agregar-un-encabezado-de-pie-de-pagina\/#breadcrumb\"},\"inLanguage\":\"es\",\"potentialAction\":[{\"@type\":\"ReadAction\",\"target\":[\"https:\/\/exceladvisor.org\/es\/agregar-un-encabezado-de-pie-de-pagina\/\"]}]},{\"@type\":\"ImageObject\",\"inLanguage\":\"es\",\"@id\":\"https:\/\/exceladvisor.org\/es\/agregar-un-encabezado-de-pie-de-pagina\/#primaryimage\",\"url\":\"https:\/\/exceladvisor.org\/wp-content\/uploads\/2023\/08\/1-onglet-dinsertion.png\",\"contentUrl\":\"https:\/\/exceladvisor.org\/wp-content\/uploads\/2023\/08\/1-onglet-dinsertion.png\"},{\"@type\":\"BreadcrumbList\",\"@id\":\"https:\/\/exceladvisor.org\/es\/agregar-un-encabezado-de-pie-de-pagina\/#breadcrumb\",\"itemListElement\":[{\"@type\":\"ListItem\",\"position\":1,\"name\":\"Hogar\",\"item\":\"https:\/\/exceladvisor.org\/es\/\"},{\"@type\":\"ListItem\",\"position\":2,\"name\":\"\u00bfc\u00f3mo agregar encabezado y pie de p\u00e1gina en excel?\"}]},{\"@type\":\"WebSite\",\"@id\":\"https:\/\/exceladvisor.org\/es\/#website\",\"url\":\"https:\/\/exceladvisor.org\/es\/\",\"name\":\"Excel Advisor\",\"description\":\"Su gu\u00eda para la dominaci\u00f3n de datos!\",\"publisher\":{\"@id\":\"https:\/\/exceladvisor.org\/es\/#organization\"},\"potentialAction\":[{\"@type\":\"SearchAction\",\"target\":{\"@type\":\"EntryPoint\",\"urlTemplate\":\"https:\/\/exceladvisor.org\/es\/?s={search_term_string}\"},\"query-input\":{\"@type\":\"PropertyValueSpecification\",\"valueRequired\":true,\"valueName\":\"search_term_string\"}}],\"inLanguage\":\"es\"},{\"@type\":\"Organization\",\"@id\":\"https:\/\/exceladvisor.org\/es\/#organization\",\"name\":\"Excel Advisor\",\"url\":\"https:\/\/exceladvisor.org\/es\/\",\"logo\":{\"@type\":\"ImageObject\",\"inLanguage\":\"es\",\"@id\":\"https:\/\/exceladvisor.org\/es\/#\/schema\/logo\/image\/\",\"url\":\"https:\/\/exceladvisor.org\/es\/wp-content\/uploads\/2023\/12\/exceladvisor.org_.png\",\"contentUrl\":\"https:\/\/exceladvisor.org\/es\/wp-content\/uploads\/2023\/12\/exceladvisor.org_.png\",\"width\":105,\"height\":36,\"caption\":\"Excel Advisor\"},\"image\":{\"@id\":\"https:\/\/exceladvisor.org\/es\/#\/schema\/logo\/image\/\"}}]}<\/script>\n<!-- \/ Yoast SEO plugin. -->","yoast_head_json":{"title":"\u00bfc\u00f3mo agregar encabezado y pie de p\u00e1gina en excel?","robots":{"index":"index","follow":"follow","max-snippet":"max-snippet:-1","max-image-preview":"max-image-preview:large","max-video-preview":"max-video-preview:-1"},"canonical":"https:\/\/exceladvisor.org\/es\/agregar-un-encabezado-de-pie-de-pagina\/","og_locale":"es_ES","og_type":"article","og_title":"\u00bfc\u00f3mo agregar encabezado y pie de p\u00e1gina en excel?","og_description":"Para imprimir los datos de su hoja de trabajo, a veces necesita mostrar informaci\u00f3n b\u00e1sica como n\u00fameros de p\u00e1gina, fecha de impresi\u00f3n, nombre del libro, etc. relacionado con su hoja de c\u00e1lculo, utiliza la funci\u00f3n de encabezado y pie de p\u00e1gina de Excel. Puede utilizar los encabezados y pies de p\u00e1gina predefinidos de Excel o [&hellip;]","og_url":"https:\/\/exceladvisor.org\/es\/agregar-un-encabezado-de-pie-de-pagina\/","og_site_name":"Excel Advisor","article_modified_time":"2023-12-25T10:22:55+00:00","og_image":[{"url":"https:\/\/exceladvisor.org\/wp-content\/uploads\/2023\/08\/1-onglet-dinsertion.png","type":"","width":"","height":""}],"twitter_card":"summary_large_image","twitter_misc":{"Tiempo de lectura":"4 minutos"},"schema":{"@context":"https:\/\/schema.org","@graph":[{"@type":"WebPage","@id":"https:\/\/exceladvisor.org\/es\/agregar-un-encabezado-de-pie-de-pagina\/","url":"https:\/\/exceladvisor.org\/es\/agregar-un-encabezado-de-pie-de-pagina\/","name":"\u00bfc\u00f3mo agregar encabezado y pie de p\u00e1gina en excel?","isPartOf":{"@id":"https:\/\/exceladvisor.org\/es\/#website"},"primaryImageOfPage":{"@id":"https:\/\/exceladvisor.org\/es\/agregar-un-encabezado-de-pie-de-pagina\/#primaryimage"},"image":{"@id":"https:\/\/exceladvisor.org\/es\/agregar-un-encabezado-de-pie-de-pagina\/#primaryimage"},"thumbnailUrl":"https:\/\/exceladvisor.org\/wp-content\/uploads\/2023\/08\/1-onglet-dinsertion.png","datePublished":"2023-10-31T21:28:51+00:00","dateModified":"2023-12-25T10:22:55+00:00","breadcrumb":{"@id":"https:\/\/exceladvisor.org\/es\/agregar-un-encabezado-de-pie-de-pagina\/#breadcrumb"},"inLanguage":"es","potentialAction":[{"@type":"ReadAction","target":["https:\/\/exceladvisor.org\/es\/agregar-un-encabezado-de-pie-de-pagina\/"]}]},{"@type":"ImageObject","inLanguage":"es","@id":"https:\/\/exceladvisor.org\/es\/agregar-un-encabezado-de-pie-de-pagina\/#primaryimage","url":"https:\/\/exceladvisor.org\/wp-content\/uploads\/2023\/08\/1-onglet-dinsertion.png","contentUrl":"https:\/\/exceladvisor.org\/wp-content\/uploads\/2023\/08\/1-onglet-dinsertion.png"},{"@type":"BreadcrumbList","@id":"https:\/\/exceladvisor.org\/es\/agregar-un-encabezado-de-pie-de-pagina\/#breadcrumb","itemListElement":[{"@type":"ListItem","position":1,"name":"Hogar","item":"https:\/\/exceladvisor.org\/es\/"},{"@type":"ListItem","position":2,"name":"\u00bfc\u00f3mo agregar encabezado y pie de p\u00e1gina en excel?"}]},{"@type":"WebSite","@id":"https:\/\/exceladvisor.org\/es\/#website","url":"https:\/\/exceladvisor.org\/es\/","name":"Excel Advisor","description":"Su gu\u00eda para la dominaci\u00f3n de datos!","publisher":{"@id":"https:\/\/exceladvisor.org\/es\/#organization"},"potentialAction":[{"@type":"SearchAction","target":{"@type":"EntryPoint","urlTemplate":"https:\/\/exceladvisor.org\/es\/?s={search_term_string}"},"query-input":{"@type":"PropertyValueSpecification","valueRequired":true,"valueName":"search_term_string"}}],"inLanguage":"es"},{"@type":"Organization","@id":"https:\/\/exceladvisor.org\/es\/#organization","name":"Excel Advisor","url":"https:\/\/exceladvisor.org\/es\/","logo":{"@type":"ImageObject","inLanguage":"es","@id":"https:\/\/exceladvisor.org\/es\/#\/schema\/logo\/image\/","url":"https:\/\/exceladvisor.org\/es\/wp-content\/uploads\/2023\/12\/exceladvisor.org_.png","contentUrl":"https:\/\/exceladvisor.org\/es\/wp-content\/uploads\/2023\/12\/exceladvisor.org_.png","width":105,"height":36,"caption":"Excel Advisor"},"image":{"@id":"https:\/\/exceladvisor.org\/es\/#\/schema\/logo\/image\/"}}]}},"yoast_meta":{"yoast_wpseo_title":"","yoast_wpseo_metadesc":"","yoast_wpseo_canonical":""},"_links":{"self":[{"href":"https:\/\/exceladvisor.org\/es\/wp-json\/wp\/v2\/pages\/365","targetHints":{"allow":["GET"]}}],"collection":[{"href":"https:\/\/exceladvisor.org\/es\/wp-json\/wp\/v2\/pages"}],"about":[{"href":"https:\/\/exceladvisor.org\/es\/wp-json\/wp\/v2\/types\/page"}],"author":[{"embeddable":true,"href":"https:\/\/exceladvisor.org\/es\/wp-json\/wp\/v2\/users\/1"}],"replies":[{"embeddable":true,"href":"https:\/\/exceladvisor.org\/es\/wp-json\/wp\/v2\/comments?post=365"}],"version-history":[{"count":1,"href":"https:\/\/exceladvisor.org\/es\/wp-json\/wp\/v2\/pages\/365\/revisions"}],"predecessor-version":[{"id":802,"href":"https:\/\/exceladvisor.org\/es\/wp-json\/wp\/v2\/pages\/365\/revisions\/802"}],"wp:attachment":[{"href":"https:\/\/exceladvisor.org\/es\/wp-json\/wp\/v2\/media?parent=365"}],"curies":[{"name":"wp","href":"https:\/\/api.w.org\/{rel}","templated":true}]}}