{"id":367,"date":"2023-10-31T20:56:18","date_gmt":"2023-10-31T20:56:18","guid":{"rendered":"https:\/\/exceladvisor.org\/es\/anade-un-titulo\/"},"modified":"2023-12-25T10:23:05","modified_gmt":"2023-12-25T10:23:05","slug":"anade-un-titulo","status":"publish","type":"page","link":"https:\/\/exceladvisor.org\/es\/anade-un-titulo\/","title":{"rendered":"\u00bfc\u00f3mo agregar un t\u00edtulo a una hoja de c\u00e1lculo en excel?"},"content":{"rendered":"<div class=\"excel-antes-del-contenido\" id=\"excel-2450634293\"><script type=\"text\/javascript\">\r\n\tatOptions = {\r\n\t\t'key' : 'c1158f160081d6540a8409e6925dab94',\r\n\t\t'format' : 'iframe',\r\n\t\t'height' : 250,\r\n\t\t'width' : 300,\r\n\t\t'params' : {}\r\n\t};\r\n<\/script>\r\n<script type=\"text\/javascript\" src=\"\/\/www.highperformanceformat.com\/c1158f160081d6540a8409e6925dab94\/invoke.js\"><\/script><\/div><p>En Excel, si desea agregar un t\u00edtulo en una hoja de trabajo, la mejor manera de hacerlo es usar las opciones de Estilos de celda, que son un estilo de t\u00edtulo predefinido para aplicar a una celda. En este tutorial, aprenderemos c\u00f3mo usarlo y modificar su formato.<\/p>\n<h2 id=\"h-steps-to-add-a-title-in-a-worksheet\" class=\"wp-block-heading\"> Pasos para agregar un t\u00edtulo a una hoja de c\u00e1lculo<\/h2>\n<ol type=\"1\">\n<li> Ingrese un valor en una celda que desee convertir en un t\u00edtulo.<\/li>\n<li> Vaya a la pesta\u00f1a Inicio &gt; Estilos de celda.<\/li>\n<li> En Estilos de celda, coloque el cursor sobre el estilo \u00abT\u00edtulo\u00bb.<\/li>\n<li> Haga clic en \u00e9l para aplicarlo a la celda. <\/li>\n<\/ol>\n<div class=\"wp-block-image\">\n<figure class=\"aligncenter size-full is-resized\"><img loading=\"lazy\" decoding=\"async\" class=\"wp-image-92236\" src=\"https:\/\/exceladvisor.org\/wp-content\/uploads\/2023\/08\/1-ajouter-un-titre-a-une-feuille-de-calcul.png\" sizes=\"auto, \" srcset=\"\" alt=\"agregar un t\u00edtulo a una hoja de c\u00e1lculo\" width=\"552\" height=\"395\"><\/figure>\n<\/div>\n<p> Como puede ver en el ejemplo anterior, esto cambiar\u00e1 el estilo de celda de la celda seleccionada a un t\u00edtulo.<\/p>\n<h2 id=\"h-modify-the-formatting-of-the-cell\" class=\"wp-block-heading\"> Cambiar formato de celda<\/h2>\n<p> En lugar de cambiar el formato de la celda, puede cambiar el formato del estilo del encabezado. La ventaja de estas opciones es que no es necesario aplicar el formato una y otra vez. Vaya a Inicio &gt; Estilos de celda &gt; T\u00edtulo y luego haga clic derecho. <\/p>\n<div class=\"wp-block-image\">\n<figure class=\"aligncenter size-full is-resized\"><img loading=\"lazy\" decoding=\"async\" class=\"wp-image-92237\" src=\"https:\/\/exceladvisor.org\/wp-content\/uploads\/2023\/08\/2-formatage-de-la-cellule.png\" sizes=\"auto, \" srcset=\"\" alt=\"formato de celda\" width=\"493\" height=\"405\"><\/figure>\n<\/div>\n<p> Una vez que haces clic en Editar, aparece el cuadro de di\u00e1logo \u00abEstilo\u00bb. <\/p>\n<div class=\"wp-block-image\">\n<figure class=\"aligncenter size-full is-resized\"><img loading=\"lazy\" decoding=\"async\" class=\"wp-image-92238\" src=\"https:\/\/exceladvisor.org\/wp-content\/uploads\/2023\/08\/boite-de-dialogue-style-image3.png\" sizes=\"auto, \" srcset=\"\" alt=\"estilo de di\u00e1logo\" width=\"320\" height=\"401\"><\/figure>\n<\/div>\n<p> Desde este cuadro de di\u00e1logo, puede marcar y desmarcar el formato que desea incluir en el dise\u00f1o. Y cuando haces clic en el bot\u00f3n \u00abFormato\u00bb, aparecer\u00e1 el cuadro de di\u00e1logo de opciones de formato, donde podr\u00e1s cambiar el formato. <\/p>\n<div class=\"gb-container gb-container-3044ba66 gb-container-mt\">\n<p class=\"gb-headline gb-headline-b5bb6270 gb-headline-text\"> <strong><a href=\"https:\/\/exceladvisor.org\/es\/conceptos-basicos-de-excel\/\">Conceptos b\u00e1sicos de Excel<\/a><\/strong> \/ <strong><a href=\"https:\/\/exceladvisor.org\/es\/hoja-de-calculo\/\" data-wpil=\"url\">Hoja de c\u00e1lculo de Excel<\/a><\/strong><\/p>\n<h2 class=\"gb-headline gb-headline-819d540d gb-headline-text gb-headline-mt-heading\"> M\u00e1s tutoriales <\/h2>\n<div class=\"gb-grid-wrapper gb-grid-wrapper-7f3d805a gb-grid-wrapper-mt-grid\">\n<div class=\"gb-grid-column gb-grid-column-7495e031\">\n<div class=\"gb-container gb-container-7495e031\">\n<ul>\n<li> <a href=\"https:\/\/exceladvisor.org\/es\/consolidar\/\">Consolidar datos de m\u00faltiples hojas de c\u00e1lculo<\/a><\/li>\n<li> <a href=\"https:\/\/exceladvisor.org\/es\/rebautizar\/\">Cambiar el nombre de la hoja en Excel<\/a><\/li>\n<li> <a href=\"https:\/\/exceladvisor.org\/es\/grupo-1\/\">Hojas de trabajo grupales en Excel<\/a><\/li>\n<li> <a href=\"https:\/\/exceladvisor.org\/es\/ver-uno-al-lado-del-otro\/\">Ver dos hojas una al lado de la otra en Excel<\/a><\/li>\n<li> <a href=\"https:\/\/exceladvisor.org\/es\/agregar\/\">Agregar una hoja de c\u00e1lculo en Excel<\/a><\/li>\n<\/ul>\n<\/div>\n<\/div>\n<\/div>\n<\/div>\n","protected":false},"excerpt":{"rendered":"<p>En Excel, si desea agregar un t\u00edtulo en una hoja de trabajo, la mejor manera de hacerlo es usar las opciones de Estilos de celda, que son un estilo de t\u00edtulo predefinido para aplicar a una celda. En este tutorial, aprenderemos c\u00f3mo usarlo y modificar su formato. Pasos para agregar un t\u00edtulo a una hoja [&hellip;]<\/p>\n","protected":false},"author":1,"featured_media":0,"parent":0,"menu_order":0,"comment_status":"open","ping_status":"closed","template":"","meta":{"ub_ctt_via":"","footnotes":""},"class_list":["post-367","page","type-page","status-publish","hentry"],"featured_image_src":null,"yoast_head":"<!-- This site is optimized with the Yoast SEO plugin v25.4 - https:\/\/yoast.com\/wordpress\/plugins\/seo\/ -->\n<title>\u00bfc\u00f3mo agregar un t\u00edtulo a una hoja de c\u00e1lculo en excel?<\/title>\n<meta name=\"robots\" content=\"index, follow, max-snippet:-1, max-image-preview:large, max-video-preview:-1\" \/>\n<link rel=\"canonical\" href=\"https:\/\/exceladvisor.org\/es\/anade-un-titulo\/\" \/>\n<meta property=\"og:locale\" content=\"es_ES\" \/>\n<meta property=\"og:type\" content=\"article\" \/>\n<meta property=\"og:title\" content=\"\u00bfc\u00f3mo agregar un t\u00edtulo a una hoja de c\u00e1lculo en excel?\" \/>\n<meta property=\"og:description\" content=\"En Excel, si desea agregar un t\u00edtulo en una hoja de trabajo, la mejor manera de hacerlo es usar las opciones de Estilos de celda, que son un estilo de t\u00edtulo predefinido para aplicar a una celda. En este tutorial, aprenderemos c\u00f3mo usarlo y modificar su formato. Pasos para agregar un t\u00edtulo a una hoja [&hellip;]\" \/>\n<meta property=\"og:url\" content=\"https:\/\/exceladvisor.org\/es\/anade-un-titulo\/\" \/>\n<meta property=\"og:site_name\" content=\"Excel Advisor\" \/>\n<meta property=\"article:modified_time\" content=\"2023-12-25T10:23:05+00:00\" \/>\n<meta property=\"og:image\" content=\"https:\/\/exceladvisor.org\/wp-content\/uploads\/2023\/08\/1-ajouter-un-titre-a-une-feuille-de-calcul.png\" \/>\n<meta name=\"twitter:card\" content=\"summary_large_image\" \/>\n<meta name=\"twitter:label1\" content=\"Tiempo de lectura\" \/>\n\t<meta name=\"twitter:data1\" content=\"1 minuto\" \/>\n<script type=\"application\/ld+json\" class=\"yoast-schema-graph\">{\"@context\":\"https:\/\/schema.org\",\"@graph\":[{\"@type\":\"WebPage\",\"@id\":\"https:\/\/exceladvisor.org\/es\/anade-un-titulo\/\",\"url\":\"https:\/\/exceladvisor.org\/es\/anade-un-titulo\/\",\"name\":\"\u00bfc\u00f3mo agregar un t\u00edtulo a una hoja de c\u00e1lculo en excel?\",\"isPartOf\":{\"@id\":\"https:\/\/exceladvisor.org\/es\/#website\"},\"primaryImageOfPage\":{\"@id\":\"https:\/\/exceladvisor.org\/es\/anade-un-titulo\/#primaryimage\"},\"image\":{\"@id\":\"https:\/\/exceladvisor.org\/es\/anade-un-titulo\/#primaryimage\"},\"thumbnailUrl\":\"https:\/\/exceladvisor.org\/wp-content\/uploads\/2023\/08\/1-ajouter-un-titre-a-une-feuille-de-calcul.png\",\"datePublished\":\"2023-10-31T20:56:18+00:00\",\"dateModified\":\"2023-12-25T10:23:05+00:00\",\"breadcrumb\":{\"@id\":\"https:\/\/exceladvisor.org\/es\/anade-un-titulo\/#breadcrumb\"},\"inLanguage\":\"es\",\"potentialAction\":[{\"@type\":\"ReadAction\",\"target\":[\"https:\/\/exceladvisor.org\/es\/anade-un-titulo\/\"]}]},{\"@type\":\"ImageObject\",\"inLanguage\":\"es\",\"@id\":\"https:\/\/exceladvisor.org\/es\/anade-un-titulo\/#primaryimage\",\"url\":\"https:\/\/exceladvisor.org\/wp-content\/uploads\/2023\/08\/1-ajouter-un-titre-a-une-feuille-de-calcul.png\",\"contentUrl\":\"https:\/\/exceladvisor.org\/wp-content\/uploads\/2023\/08\/1-ajouter-un-titre-a-une-feuille-de-calcul.png\"},{\"@type\":\"BreadcrumbList\",\"@id\":\"https:\/\/exceladvisor.org\/es\/anade-un-titulo\/#breadcrumb\",\"itemListElement\":[{\"@type\":\"ListItem\",\"position\":1,\"name\":\"Hogar\",\"item\":\"https:\/\/exceladvisor.org\/es\/\"},{\"@type\":\"ListItem\",\"position\":2,\"name\":\"\u00bfc\u00f3mo agregar un t\u00edtulo a una hoja de c\u00e1lculo en excel?\"}]},{\"@type\":\"WebSite\",\"@id\":\"https:\/\/exceladvisor.org\/es\/#website\",\"url\":\"https:\/\/exceladvisor.org\/es\/\",\"name\":\"Excel Advisor\",\"description\":\"Su gu\u00eda para la dominaci\u00f3n de datos!\",\"publisher\":{\"@id\":\"https:\/\/exceladvisor.org\/es\/#organization\"},\"potentialAction\":[{\"@type\":\"SearchAction\",\"target\":{\"@type\":\"EntryPoint\",\"urlTemplate\":\"https:\/\/exceladvisor.org\/es\/?s={search_term_string}\"},\"query-input\":{\"@type\":\"PropertyValueSpecification\",\"valueRequired\":true,\"valueName\":\"search_term_string\"}}],\"inLanguage\":\"es\"},{\"@type\":\"Organization\",\"@id\":\"https:\/\/exceladvisor.org\/es\/#organization\",\"name\":\"Excel Advisor\",\"url\":\"https:\/\/exceladvisor.org\/es\/\",\"logo\":{\"@type\":\"ImageObject\",\"inLanguage\":\"es\",\"@id\":\"https:\/\/exceladvisor.org\/es\/#\/schema\/logo\/image\/\",\"url\":\"https:\/\/exceladvisor.org\/es\/wp-content\/uploads\/2023\/12\/exceladvisor.org_.png\",\"contentUrl\":\"https:\/\/exceladvisor.org\/es\/wp-content\/uploads\/2023\/12\/exceladvisor.org_.png\",\"width\":105,\"height\":36,\"caption\":\"Excel Advisor\"},\"image\":{\"@id\":\"https:\/\/exceladvisor.org\/es\/#\/schema\/logo\/image\/\"}}]}<\/script>\n<!-- \/ Yoast SEO plugin. -->","yoast_head_json":{"title":"\u00bfc\u00f3mo agregar un t\u00edtulo a una hoja de c\u00e1lculo en excel?","robots":{"index":"index","follow":"follow","max-snippet":"max-snippet:-1","max-image-preview":"max-image-preview:large","max-video-preview":"max-video-preview:-1"},"canonical":"https:\/\/exceladvisor.org\/es\/anade-un-titulo\/","og_locale":"es_ES","og_type":"article","og_title":"\u00bfc\u00f3mo agregar un t\u00edtulo a una hoja de c\u00e1lculo en excel?","og_description":"En Excel, si desea agregar un t\u00edtulo en una hoja de trabajo, la mejor manera de hacerlo es usar las opciones de Estilos de celda, que son un estilo de t\u00edtulo predefinido para aplicar a una celda. En este tutorial, aprenderemos c\u00f3mo usarlo y modificar su formato. Pasos para agregar un t\u00edtulo a una hoja [&hellip;]","og_url":"https:\/\/exceladvisor.org\/es\/anade-un-titulo\/","og_site_name":"Excel Advisor","article_modified_time":"2023-12-25T10:23:05+00:00","og_image":[{"url":"https:\/\/exceladvisor.org\/wp-content\/uploads\/2023\/08\/1-ajouter-un-titre-a-une-feuille-de-calcul.png","type":"","width":"","height":""}],"twitter_card":"summary_large_image","twitter_misc":{"Tiempo de lectura":"1 minuto"},"schema":{"@context":"https:\/\/schema.org","@graph":[{"@type":"WebPage","@id":"https:\/\/exceladvisor.org\/es\/anade-un-titulo\/","url":"https:\/\/exceladvisor.org\/es\/anade-un-titulo\/","name":"\u00bfc\u00f3mo agregar un t\u00edtulo a una hoja de c\u00e1lculo en excel?","isPartOf":{"@id":"https:\/\/exceladvisor.org\/es\/#website"},"primaryImageOfPage":{"@id":"https:\/\/exceladvisor.org\/es\/anade-un-titulo\/#primaryimage"},"image":{"@id":"https:\/\/exceladvisor.org\/es\/anade-un-titulo\/#primaryimage"},"thumbnailUrl":"https:\/\/exceladvisor.org\/wp-content\/uploads\/2023\/08\/1-ajouter-un-titre-a-une-feuille-de-calcul.png","datePublished":"2023-10-31T20:56:18+00:00","dateModified":"2023-12-25T10:23:05+00:00","breadcrumb":{"@id":"https:\/\/exceladvisor.org\/es\/anade-un-titulo\/#breadcrumb"},"inLanguage":"es","potentialAction":[{"@type":"ReadAction","target":["https:\/\/exceladvisor.org\/es\/anade-un-titulo\/"]}]},{"@type":"ImageObject","inLanguage":"es","@id":"https:\/\/exceladvisor.org\/es\/anade-un-titulo\/#primaryimage","url":"https:\/\/exceladvisor.org\/wp-content\/uploads\/2023\/08\/1-ajouter-un-titre-a-une-feuille-de-calcul.png","contentUrl":"https:\/\/exceladvisor.org\/wp-content\/uploads\/2023\/08\/1-ajouter-un-titre-a-une-feuille-de-calcul.png"},{"@type":"BreadcrumbList","@id":"https:\/\/exceladvisor.org\/es\/anade-un-titulo\/#breadcrumb","itemListElement":[{"@type":"ListItem","position":1,"name":"Hogar","item":"https:\/\/exceladvisor.org\/es\/"},{"@type":"ListItem","position":2,"name":"\u00bfc\u00f3mo agregar un t\u00edtulo a una hoja de c\u00e1lculo en excel?"}]},{"@type":"WebSite","@id":"https:\/\/exceladvisor.org\/es\/#website","url":"https:\/\/exceladvisor.org\/es\/","name":"Excel Advisor","description":"Su gu\u00eda para la dominaci\u00f3n de datos!","publisher":{"@id":"https:\/\/exceladvisor.org\/es\/#organization"},"potentialAction":[{"@type":"SearchAction","target":{"@type":"EntryPoint","urlTemplate":"https:\/\/exceladvisor.org\/es\/?s={search_term_string}"},"query-input":{"@type":"PropertyValueSpecification","valueRequired":true,"valueName":"search_term_string"}}],"inLanguage":"es"},{"@type":"Organization","@id":"https:\/\/exceladvisor.org\/es\/#organization","name":"Excel Advisor","url":"https:\/\/exceladvisor.org\/es\/","logo":{"@type":"ImageObject","inLanguage":"es","@id":"https:\/\/exceladvisor.org\/es\/#\/schema\/logo\/image\/","url":"https:\/\/exceladvisor.org\/es\/wp-content\/uploads\/2023\/12\/exceladvisor.org_.png","contentUrl":"https:\/\/exceladvisor.org\/es\/wp-content\/uploads\/2023\/12\/exceladvisor.org_.png","width":105,"height":36,"caption":"Excel Advisor"},"image":{"@id":"https:\/\/exceladvisor.org\/es\/#\/schema\/logo\/image\/"}}]}},"yoast_meta":{"yoast_wpseo_title":"","yoast_wpseo_metadesc":"","yoast_wpseo_canonical":""},"_links":{"self":[{"href":"https:\/\/exceladvisor.org\/es\/wp-json\/wp\/v2\/pages\/367","targetHints":{"allow":["GET"]}}],"collection":[{"href":"https:\/\/exceladvisor.org\/es\/wp-json\/wp\/v2\/pages"}],"about":[{"href":"https:\/\/exceladvisor.org\/es\/wp-json\/wp\/v2\/types\/page"}],"author":[{"embeddable":true,"href":"https:\/\/exceladvisor.org\/es\/wp-json\/wp\/v2\/users\/1"}],"replies":[{"embeddable":true,"href":"https:\/\/exceladvisor.org\/es\/wp-json\/wp\/v2\/comments?post=367"}],"version-history":[{"count":1,"href":"https:\/\/exceladvisor.org\/es\/wp-json\/wp\/v2\/pages\/367\/revisions"}],"predecessor-version":[{"id":815,"href":"https:\/\/exceladvisor.org\/es\/wp-json\/wp\/v2\/pages\/367\/revisions\/815"}],"wp:attachment":[{"href":"https:\/\/exceladvisor.org\/es\/wp-json\/wp\/v2\/media?parent=367"}],"curies":[{"name":"wp","href":"https:\/\/api.w.org\/{rel}","templated":true}]}}