{"id":368,"date":"2023-10-31T20:37:21","date_gmt":"2023-10-31T20:37:21","guid":{"rendered":"https:\/\/exceladvisor.org\/es\/vista-previa-antes-de-imprimir\/"},"modified":"2023-12-25T10:26:29","modified_gmt":"2023-12-25T10:26:29","slug":"vista-previa-antes-de-imprimir","status":"publish","type":"page","link":"https:\/\/exceladvisor.org\/es\/vista-previa-antes-de-imprimir\/","title":{"rendered":"\u00bfc\u00f3mo obtener una vista previa de impresi\u00f3n en excel?"},"content":{"rendered":"<div class=\"excel-antes-del-contenido\" id=\"excel-2131218247\"><script type=\"text\/javascript\">\r\n\tatOptions = {\r\n\t\t'key' : 'c1158f160081d6540a8409e6925dab94',\r\n\t\t'format' : 'iframe',\r\n\t\t'height' : 250,\r\n\t\t'width' : 300,\r\n\t\t'params' : {}\r\n\t};\r\n<\/script>\r\n<script type=\"text\/javascript\" src=\"\/\/www.highperformanceformat.com\/c1158f160081d6540a8409e6925dab94\/invoke.js\"><\/script><\/div><p>La opci\u00f3n de vista previa de impresi\u00f3n est\u00e1 disponible en Excel 2010 y ahora se llama Imprimir. Para obtener la copia impresa, debe utilizar el m\u00e9todo abreviado de teclado que es Control + P.<\/p>\n<p> Le permite ver la vista previa de la p\u00e1gina actual y puede realizar cambios antes de imprimirla. <\/p>\n<div class=\"wp-block-image\">\n<figure class=\"aligncenter size-full is-resized\"><img loading=\"lazy\" decoding=\"async\" class=\"wp-image-82070\" src=\"https:\/\/exceladvisor.org\/wp-content\/uploads\/2023\/08\/1-page-dapercu-avant-impression.png\" sizes=\"auto, \" srcset=\"\" alt=\"imprimir p\u00e1gina de vista previa\" width=\"719\" height=\"478\"><\/figure>\n<\/div>\n<p> En este tutorial, aprenderemos el uso de la funci\u00f3n de vista previa de impresi\u00f3n y sus configuraciones y opciones en Excel.<\/p>\n<h2 class=\"wp-block-heading\"> Pasos para ver la vista previa de impresi\u00f3n<\/h2>\n<h3 class=\"wp-block-heading\"> <strong>Desde la pesta\u00f1a Archivo<\/strong><\/h3>\n<ul>\n<li> Primero, debe seleccionar todos los datos que desea imprimir. <\/li>\n<\/ul>\n<div class=\"wp-block-image\">\n<figure class=\"aligncenter size-full is-resized\"><img loading=\"lazy\" decoding=\"async\" class=\"wp-image-82071\" src=\"https:\/\/exceladvisor.org\/wp-content\/uploads\/2023\/08\/2-selectionner-les-donnees-a-imprimer.png\" sizes=\"auto, \" srcset=\"\" alt=\"seleccionar datos para imprimir\" width=\"691\" height=\"311\"><\/figure>\n<\/div>\n<ul>\n<li> Despu\u00e9s de eso, haga clic en la pesta\u00f1a Archivo y de la lista de opciones, seleccione la opci\u00f3n Imprimir. <\/li>\n<\/ul>\n<div class=\"wp-block-image\">\n<figure class=\"aligncenter size-full is-resized\"><img loading=\"lazy\" decoding=\"async\" class=\"wp-image-82072\" src=\"https:\/\/exceladvisor.org\/wp-content\/uploads\/2023\/08\/3-cliquez-sur-longlet-fichier-et-selectionnez-imprimer.png\" sizes=\"auto, \" srcset=\"\" alt=\"haga clic en la pesta\u00f1a del archivo y seleccione imprimir\" width=\"543\" height=\"466\"><\/figure>\n<\/div>\n<h3 class=\"wp-block-heading\"> <strong>Usando un atajo de teclado<\/strong><\/h3>\n<p> Tambi\u00e9n puede imprimir los datos presionando las teclas de m\u00e9todo abreviado de teclado CTRL + P. Una vez que presione estas teclas, se abrir\u00e1 directamente la p\u00e1gina de vista previa de impresi\u00f3n.<\/p>\n<h2 class=\"wp-block-heading\"> Configuraci\u00f3n de p\u00e1gina<\/h2>\n<ul>\n<li> Bot\u00f3n Imprimir: Est\u00e1 ubicado en la parte superior izquierda de la p\u00e1gina. Y cuando haga clic, imprimir\u00e1 la p\u00e1gina que vio en el lado derecho. <\/li>\n<\/ul>\n<div class=\"wp-block-image\">\n<figure class=\"aligncenter size-full is-resized\"><img loading=\"lazy\" decoding=\"async\" class=\"wp-image-82073\" src=\"https:\/\/exceladvisor.org\/wp-content\/uploads\/2023\/08\/4-bouton-dimpression.png\" sizes=\"auto, \" srcset=\"\" alt=\"bot\u00f3n imprimir\" width=\"364\" height=\"325\"><\/figure>\n<\/div>\n<ul>\n<li> Copias: Aqu\u00ed puede especificar el n\u00famero de copias que desea imprimir. <\/li>\n<\/ul>\n<div class=\"wp-block-image\">\n<figure class=\"aligncenter size-full is-resized\"><img loading=\"lazy\" decoding=\"async\" class=\"wp-image-82074\" src=\"https:\/\/exceladvisor.org\/wp-content\/uploads\/2023\/08\/5-ajouter-le-nombre-dexemplaires.png\" sizes=\"auto, \" srcset=\"\" alt=\"agregar n\u00famero de copias\" width=\"349\" height=\"312\"><\/figure>\n<\/div>\n<ul>\n<li> Impresora: seleccione la impresora y d\u00e9 el comando para imprimir la p\u00e1gina. Si la impresora no est\u00e1 disponible en la lista, agr\u00e9guela primero. <\/li>\n<\/ul>\n<div class=\"wp-block-image\">\n<figure class=\"aligncenter size-full is-resized\"><img loading=\"lazy\" decoding=\"async\" class=\"wp-image-82114\" src=\"https:\/\/exceladvisor.org\/wp-content\/uploads\/2023\/08\/12-selectionner-limprimante.png\" sizes=\"auto, \" srcset=\"\" alt=\"\" width=\"351\" height=\"559\"><\/figure>\n<\/div>\n<ul>\n<li> Lista desplegable de rango de impresi\u00f3n<\/li>\n<\/ul>\n<p> Hoja activa: para imprimir una hoja activa, seleccione las hojas activas para imprimir en la lista desplegable Rango de impresi\u00f3n y luego haga clic en Imprimir. <\/p>\n<div class=\"wp-block-image\">\n<figure class=\"aligncenter size-full is-resized\"><img loading=\"lazy\" decoding=\"async\" class=\"wp-image-82075\" src=\"https:\/\/exceladvisor.org\/wp-content\/uploads\/2023\/08\/6-selectionnez-imprimer-la-feuille-active.png\" sizes=\"auto, \" srcset=\"\" alt=\"seleccionar-imprimir-hoja-activa\" width=\"328\" height=\"331\"><\/figure>\n<\/div>\n<p> Imprimir todo el libro de trabajo: puede imprimir varias hojas de trabajo desde un solo libro de trabajo. Y para ello, debe seleccionar todo el libro de trabajo de impresi\u00f3n como se ve a continuaci\u00f3n. <\/p>\n<div class=\"wp-block-image\">\n<figure class=\"aligncenter size-full is-resized\"><img loading=\"lazy\" decoding=\"async\" class=\"wp-image-82077\" src=\"https:\/\/exceladvisor.org\/wp-content\/uploads\/2023\/08\/7-clic-lors-de-limpression-du-classeur-entier.png\" sizes=\"auto, \" srcset=\"\" alt=\"hacer clic al imprimir el libro completo\" width=\"335\" height=\"332\"><\/figure>\n<\/div>\n<p> Imprimir selecci\u00f3n: esta opci\u00f3n se utiliza especialmente cuando desea imprimir un rango espec\u00edfico de celdas en lugar de una hoja completa. Para la selecci\u00f3n de impresi\u00f3n, primero debe seleccionar las celdas y luego hacer clic en la selecci\u00f3n de impresi\u00f3n en la lista desplegable. <\/p>\n<div class=\"wp-block-image\">\n<figure class=\"aligncenter size-full is-resized\"><img loading=\"lazy\" decoding=\"async\" class=\"wp-image-82081\" src=\"https:\/\/exceladvisor.org\/wp-content\/uploads\/2023\/08\/8-selectionnez-la-zone-a-imprimer.png\" sizes=\"auto, \" srcset=\"\" alt=\"seleccionar-\u00e1rea-para-imprimir\" width=\"342\" height=\"338\"><\/figure>\n<\/div>\n<ul>\n<li> P\u00e1gina de orientaci\u00f3n<\/li>\n<\/ul>\n<p> Orientaci\u00f3n vertical: cuando tenga datos con m\u00e1s filas en la hoja de trabajo, seleccione la orientaci\u00f3n vertical, ya que esto le ayudar\u00e1 a encajar todas las filas en una p\u00e1gina. <\/p>\n<div class=\"wp-block-image\">\n<figure class=\"aligncenter size-full is-resized\"><img loading=\"lazy\" decoding=\"async\" class=\"wp-image-82082\" src=\"https:\/\/exceladvisor.org\/wp-content\/uploads\/2023\/08\/9-page-dorientation-portrait.png\" sizes=\"auto, \" srcset=\"\" alt=\"orientaci\u00f3n vertical de la p\u00e1gina\" width=\"800\" height=\"444\"><\/figure>\n<\/div>\n<p> Orientaci\u00f3n horizontal: al igual que otras filas, la orientaci\u00f3n horizontal le ayudar\u00e1 a colocar una gran cantidad de columnas en una sola p\u00e1gina. <\/p>\n<div class=\"wp-block-image\">\n<figure class=\"aligncenter size-full is-resized\"><img loading=\"lazy\" decoding=\"async\" class=\"wp-image-82085\" src=\"https:\/\/exceladvisor.org\/wp-content\/uploads\/2023\/08\/10-selectionner-lorientation-paysage-pour-sadapter-aux-colonnes.png\" sizes=\"auto, \" srcset=\"\" alt=\"seleccionar-orientaci\u00f3n-paisaje-para-ajustar-columnas\" width=\"314\" height=\"200\"><\/figure>\n<\/div>\n<ul>\n<li> Tama\u00f1o del papel: Lo siguiente despu\u00e9s de seleccionar la orientaci\u00f3n de la p\u00e1gina es seleccionar el tama\u00f1o del papel. Est\u00e1 en cent\u00edmetros y en diferentes formas como cartas, A4, hojas oficios, sobres, etc. <\/li>\n<\/ul>\n<div class=\"wp-block-image\">\n<figure class=\"aligncenter size-full is-resized\"><img loading=\"lazy\" decoding=\"async\" class=\"wp-image-82086\" src=\"https:\/\/exceladvisor.org\/wp-content\/uploads\/2023\/08\/11-selectionner-le-format-de-papier.png\" sizes=\"auto, \" srcset=\"\" alt=\"seleccionar-tama\u00f1o-de-papel\" width=\"336\" height=\"725\"><\/figure>\n<\/div>\n<ul>\n<li> M\u00e1rgenes: Es \u00fatil para configurar los m\u00e1rgenes de la hoja y los datos superior, inferior, izquierdo, derecho, encabezado y pie de p\u00e1gina. Se divide en tres categor\u00edas normal, ancho y estrecho y adem\u00e1s puedes personalizarlo seg\u00fan tus necesidades. <\/li>\n<\/ul>\n<div class=\"wp-block-image\">\n<figure class=\"aligncenter size-full is-resized\"><img loading=\"lazy\" decoding=\"async\" class=\"wp-image-82087\" src=\"https:\/\/exceladvisor.org\/wp-content\/uploads\/2023\/08\/12-marges-de-la-page.png\" sizes=\"auto, \" srcset=\"\" alt=\"m\u00e1rgenes de p\u00e1gina\" width=\"365\" height=\"410\"><\/figure>\n<\/div>\n<ul>\n<li> Escala: esta funci\u00f3n se utiliza para realizar ciertos ajustes para que los datos se ajusten a la p\u00e1gina de modo que la impresora no los corte al imprimir. En la lista desplegable de escala, puede seleccionar la opci\u00f3n que desee.<\/li>\n<\/ul>\n<p> En el siguiente ejemplo, hemos seleccionado la opci\u00f3n Ajustar hoja en una p\u00e1gina para ajustar todos los datos en una sola p\u00e1gina. Pero, en esto, tus datos han disminuido y son muy dif\u00edciles de leer. <\/p>\n<figure class=\"wp-block-image size-full is-resized\"><img loading=\"lazy\" decoding=\"async\" class=\"wp-image-82088\" src=\"https:\/\/exceladvisor.org\/wp-content\/uploads\/2023\/08\/13-mise-a-lechelle-pour-sadapter-a-la-feuille-sur-une-page.png\" sizes=\"auto, \" srcset=\"\" alt=\"escalar hoja de ajuste en una p\u00e1gina\" width=\"866\" height=\"468\"><\/figure>\n<div class=\"gb-container gb-container-4db6181c gb-container-mt\"> <a class=\"gb-button gb-button-c5897111 gb-button-text gb-button-mt-button\" href=\"https:\/\/exceladvisor.org\/es\/conceptos-basicos-de-excel\/\">Conceptos b\u00e1sicos de Microsoft Excel (componentes, piezas y notas de conocimiento)<\/a><\/p>\n<h2 class=\"gb-headline gb-headline-665e5f6b gb-headline-text gb-headline-mt-heading\"> Tutoriales relacionados <\/h2>\n<div class=\"gb-grid-wrapper gb-grid-wrapper-a20baf7c gb-grid-wrapper-mt-grid\">\n<div class=\"gb-grid-column gb-grid-column-65ddf67e\">\n<div class=\"gb-container gb-container-65ddf67e\">\n<ul>\n<li> <a href=\"https:\/\/exceladvisor.org\/es\/imprimir-titulos\/\">Aplicar t\u00edtulos de impresi\u00f3n en Excel (configure la fila 1 para imprimir en cada p\u00e1gina)<\/a><\/li>\n<li> <a href=\"https:\/\/exceladvisor.org\/es\/papel-cuadriculado\/\">Imprima un papel cuadriculado en Excel (plantilla de cuadr\u00edcula)<\/a><\/li>\n<li> <a href=\"https:\/\/exceladvisor.org\/es\/eliminar-salto-de-pagina\/\">Eliminar salto de p\u00e1gina en Excel<\/a><\/li>\n<li> <a href=\"https:\/\/exceladvisor.org\/es\/establecer-area-de-impresion\/\">Establecer \u00e1rea de impresi\u00f3n en Excel<\/a><\/li>\n<li> <a href=\"https:\/\/exceladvisor.org\/es\/centrar-la-hoja-de-trabajo-horizontalmente\/\">Centrar una hoja de c\u00e1lculo horizontal y verticalmente en Excel<\/a> <\/li>\n<\/ul>\n<\/div>\n<\/div>\n<div class=\"gb-grid-column gb-grid-column-50067b57\">\n<div class=\"gb-container gb-container-50067b57\"><\/div>\n<\/div>\n<\/div>\n<\/div>\n","protected":false},"excerpt":{"rendered":"<p>La opci\u00f3n de vista previa de impresi\u00f3n est\u00e1 disponible en Excel 2010 y ahora se llama Imprimir. Para obtener la copia impresa, debe utilizar el m\u00e9todo abreviado de teclado que es Control + P. Le permite ver la vista previa de la p\u00e1gina actual y puede realizar cambios antes de imprimirla. En este tutorial, aprenderemos [&hellip;]<\/p>\n","protected":false},"author":1,"featured_media":0,"parent":0,"menu_order":0,"comment_status":"open","ping_status":"closed","template":"","meta":{"ub_ctt_via":"","footnotes":""},"class_list":["post-368","page","type-page","status-publish","hentry"],"featured_image_src":null,"yoast_head":"<!-- This site is optimized with the Yoast SEO plugin v25.4 - https:\/\/yoast.com\/wordpress\/plugins\/seo\/ -->\n<title>\u00bfc\u00f3mo obtener una vista previa de impresi\u00f3n en excel?<\/title>\n<meta name=\"robots\" content=\"index, follow, max-snippet:-1, max-image-preview:large, max-video-preview:-1\" \/>\n<link rel=\"canonical\" href=\"https:\/\/exceladvisor.org\/es\/vista-previa-antes-de-imprimir\/\" \/>\n<meta property=\"og:locale\" content=\"es_ES\" \/>\n<meta property=\"og:type\" content=\"article\" \/>\n<meta property=\"og:title\" content=\"\u00bfc\u00f3mo obtener una vista previa de impresi\u00f3n en excel?\" \/>\n<meta property=\"og:description\" content=\"La opci\u00f3n de vista previa de impresi\u00f3n est\u00e1 disponible en Excel 2010 y ahora se llama Imprimir. Para obtener la copia impresa, debe utilizar el m\u00e9todo abreviado de teclado que es Control + P. Le permite ver la vista previa de la p\u00e1gina actual y puede realizar cambios antes de imprimirla. En este tutorial, aprenderemos [&hellip;]\" \/>\n<meta property=\"og:url\" content=\"https:\/\/exceladvisor.org\/es\/vista-previa-antes-de-imprimir\/\" \/>\n<meta property=\"og:site_name\" content=\"Excel Advisor\" \/>\n<meta property=\"article:modified_time\" content=\"2023-12-25T10:26:29+00:00\" \/>\n<meta property=\"og:image\" content=\"https:\/\/exceladvisor.org\/wp-content\/uploads\/2023\/08\/1-page-dapercu-avant-impression.png\" \/>\n<meta name=\"twitter:card\" content=\"summary_large_image\" \/>\n<meta name=\"twitter:label1\" content=\"Tiempo de lectura\" \/>\n\t<meta name=\"twitter:data1\" content=\"3 minutos\" \/>\n<script type=\"application\/ld+json\" class=\"yoast-schema-graph\">{\"@context\":\"https:\/\/schema.org\",\"@graph\":[{\"@type\":\"WebPage\",\"@id\":\"https:\/\/exceladvisor.org\/es\/vista-previa-antes-de-imprimir\/\",\"url\":\"https:\/\/exceladvisor.org\/es\/vista-previa-antes-de-imprimir\/\",\"name\":\"\u00bfc\u00f3mo obtener una vista previa de impresi\u00f3n en excel?\",\"isPartOf\":{\"@id\":\"https:\/\/exceladvisor.org\/es\/#website\"},\"primaryImageOfPage\":{\"@id\":\"https:\/\/exceladvisor.org\/es\/vista-previa-antes-de-imprimir\/#primaryimage\"},\"image\":{\"@id\":\"https:\/\/exceladvisor.org\/es\/vista-previa-antes-de-imprimir\/#primaryimage\"},\"thumbnailUrl\":\"https:\/\/exceladvisor.org\/wp-content\/uploads\/2023\/08\/1-page-dapercu-avant-impression.png\",\"datePublished\":\"2023-10-31T20:37:21+00:00\",\"dateModified\":\"2023-12-25T10:26:29+00:00\",\"breadcrumb\":{\"@id\":\"https:\/\/exceladvisor.org\/es\/vista-previa-antes-de-imprimir\/#breadcrumb\"},\"inLanguage\":\"es\",\"potentialAction\":[{\"@type\":\"ReadAction\",\"target\":[\"https:\/\/exceladvisor.org\/es\/vista-previa-antes-de-imprimir\/\"]}]},{\"@type\":\"ImageObject\",\"inLanguage\":\"es\",\"@id\":\"https:\/\/exceladvisor.org\/es\/vista-previa-antes-de-imprimir\/#primaryimage\",\"url\":\"https:\/\/exceladvisor.org\/wp-content\/uploads\/2023\/08\/1-page-dapercu-avant-impression.png\",\"contentUrl\":\"https:\/\/exceladvisor.org\/wp-content\/uploads\/2023\/08\/1-page-dapercu-avant-impression.png\"},{\"@type\":\"BreadcrumbList\",\"@id\":\"https:\/\/exceladvisor.org\/es\/vista-previa-antes-de-imprimir\/#breadcrumb\",\"itemListElement\":[{\"@type\":\"ListItem\",\"position\":1,\"name\":\"Hogar\",\"item\":\"https:\/\/exceladvisor.org\/es\/\"},{\"@type\":\"ListItem\",\"position\":2,\"name\":\"\u00bfc\u00f3mo obtener una vista previa de impresi\u00f3n en excel?\"}]},{\"@type\":\"WebSite\",\"@id\":\"https:\/\/exceladvisor.org\/es\/#website\",\"url\":\"https:\/\/exceladvisor.org\/es\/\",\"name\":\"Excel Advisor\",\"description\":\"Su gu\u00eda para la dominaci\u00f3n de datos!\",\"publisher\":{\"@id\":\"https:\/\/exceladvisor.org\/es\/#organization\"},\"potentialAction\":[{\"@type\":\"SearchAction\",\"target\":{\"@type\":\"EntryPoint\",\"urlTemplate\":\"https:\/\/exceladvisor.org\/es\/?s={search_term_string}\"},\"query-input\":{\"@type\":\"PropertyValueSpecification\",\"valueRequired\":true,\"valueName\":\"search_term_string\"}}],\"inLanguage\":\"es\"},{\"@type\":\"Organization\",\"@id\":\"https:\/\/exceladvisor.org\/es\/#organization\",\"name\":\"Excel Advisor\",\"url\":\"https:\/\/exceladvisor.org\/es\/\",\"logo\":{\"@type\":\"ImageObject\",\"inLanguage\":\"es\",\"@id\":\"https:\/\/exceladvisor.org\/es\/#\/schema\/logo\/image\/\",\"url\":\"https:\/\/exceladvisor.org\/es\/wp-content\/uploads\/2023\/12\/exceladvisor.org_.png\",\"contentUrl\":\"https:\/\/exceladvisor.org\/es\/wp-content\/uploads\/2023\/12\/exceladvisor.org_.png\",\"width\":105,\"height\":36,\"caption\":\"Excel Advisor\"},\"image\":{\"@id\":\"https:\/\/exceladvisor.org\/es\/#\/schema\/logo\/image\/\"}}]}<\/script>\n<!-- \/ Yoast SEO plugin. -->","yoast_head_json":{"title":"\u00bfc\u00f3mo obtener una vista previa de impresi\u00f3n en excel?","robots":{"index":"index","follow":"follow","max-snippet":"max-snippet:-1","max-image-preview":"max-image-preview:large","max-video-preview":"max-video-preview:-1"},"canonical":"https:\/\/exceladvisor.org\/es\/vista-previa-antes-de-imprimir\/","og_locale":"es_ES","og_type":"article","og_title":"\u00bfc\u00f3mo obtener una vista previa de impresi\u00f3n en excel?","og_description":"La opci\u00f3n de vista previa de impresi\u00f3n est\u00e1 disponible en Excel 2010 y ahora se llama Imprimir. Para obtener la copia impresa, debe utilizar el m\u00e9todo abreviado de teclado que es Control + P. Le permite ver la vista previa de la p\u00e1gina actual y puede realizar cambios antes de imprimirla. En este tutorial, aprenderemos [&hellip;]","og_url":"https:\/\/exceladvisor.org\/es\/vista-previa-antes-de-imprimir\/","og_site_name":"Excel Advisor","article_modified_time":"2023-12-25T10:26:29+00:00","og_image":[{"url":"https:\/\/exceladvisor.org\/wp-content\/uploads\/2023\/08\/1-page-dapercu-avant-impression.png","type":"","width":"","height":""}],"twitter_card":"summary_large_image","twitter_misc":{"Tiempo de lectura":"3 minutos"},"schema":{"@context":"https:\/\/schema.org","@graph":[{"@type":"WebPage","@id":"https:\/\/exceladvisor.org\/es\/vista-previa-antes-de-imprimir\/","url":"https:\/\/exceladvisor.org\/es\/vista-previa-antes-de-imprimir\/","name":"\u00bfc\u00f3mo obtener una vista previa de impresi\u00f3n en excel?","isPartOf":{"@id":"https:\/\/exceladvisor.org\/es\/#website"},"primaryImageOfPage":{"@id":"https:\/\/exceladvisor.org\/es\/vista-previa-antes-de-imprimir\/#primaryimage"},"image":{"@id":"https:\/\/exceladvisor.org\/es\/vista-previa-antes-de-imprimir\/#primaryimage"},"thumbnailUrl":"https:\/\/exceladvisor.org\/wp-content\/uploads\/2023\/08\/1-page-dapercu-avant-impression.png","datePublished":"2023-10-31T20:37:21+00:00","dateModified":"2023-12-25T10:26:29+00:00","breadcrumb":{"@id":"https:\/\/exceladvisor.org\/es\/vista-previa-antes-de-imprimir\/#breadcrumb"},"inLanguage":"es","potentialAction":[{"@type":"ReadAction","target":["https:\/\/exceladvisor.org\/es\/vista-previa-antes-de-imprimir\/"]}]},{"@type":"ImageObject","inLanguage":"es","@id":"https:\/\/exceladvisor.org\/es\/vista-previa-antes-de-imprimir\/#primaryimage","url":"https:\/\/exceladvisor.org\/wp-content\/uploads\/2023\/08\/1-page-dapercu-avant-impression.png","contentUrl":"https:\/\/exceladvisor.org\/wp-content\/uploads\/2023\/08\/1-page-dapercu-avant-impression.png"},{"@type":"BreadcrumbList","@id":"https:\/\/exceladvisor.org\/es\/vista-previa-antes-de-imprimir\/#breadcrumb","itemListElement":[{"@type":"ListItem","position":1,"name":"Hogar","item":"https:\/\/exceladvisor.org\/es\/"},{"@type":"ListItem","position":2,"name":"\u00bfc\u00f3mo obtener una vista previa de impresi\u00f3n en excel?"}]},{"@type":"WebSite","@id":"https:\/\/exceladvisor.org\/es\/#website","url":"https:\/\/exceladvisor.org\/es\/","name":"Excel Advisor","description":"Su gu\u00eda para la dominaci\u00f3n de datos!","publisher":{"@id":"https:\/\/exceladvisor.org\/es\/#organization"},"potentialAction":[{"@type":"SearchAction","target":{"@type":"EntryPoint","urlTemplate":"https:\/\/exceladvisor.org\/es\/?s={search_term_string}"},"query-input":{"@type":"PropertyValueSpecification","valueRequired":true,"valueName":"search_term_string"}}],"inLanguage":"es"},{"@type":"Organization","@id":"https:\/\/exceladvisor.org\/es\/#organization","name":"Excel Advisor","url":"https:\/\/exceladvisor.org\/es\/","logo":{"@type":"ImageObject","inLanguage":"es","@id":"https:\/\/exceladvisor.org\/es\/#\/schema\/logo\/image\/","url":"https:\/\/exceladvisor.org\/es\/wp-content\/uploads\/2023\/12\/exceladvisor.org_.png","contentUrl":"https:\/\/exceladvisor.org\/es\/wp-content\/uploads\/2023\/12\/exceladvisor.org_.png","width":105,"height":36,"caption":"Excel Advisor"},"image":{"@id":"https:\/\/exceladvisor.org\/es\/#\/schema\/logo\/image\/"}}]}},"yoast_meta":{"yoast_wpseo_title":"","yoast_wpseo_metadesc":"","yoast_wpseo_canonical":""},"_links":{"self":[{"href":"https:\/\/exceladvisor.org\/es\/wp-json\/wp\/v2\/pages\/368","targetHints":{"allow":["GET"]}}],"collection":[{"href":"https:\/\/exceladvisor.org\/es\/wp-json\/wp\/v2\/pages"}],"about":[{"href":"https:\/\/exceladvisor.org\/es\/wp-json\/wp\/v2\/types\/page"}],"author":[{"embeddable":true,"href":"https:\/\/exceladvisor.org\/es\/wp-json\/wp\/v2\/users\/1"}],"replies":[{"embeddable":true,"href":"https:\/\/exceladvisor.org\/es\/wp-json\/wp\/v2\/comments?post=368"}],"version-history":[{"count":1,"href":"https:\/\/exceladvisor.org\/es\/wp-json\/wp\/v2\/pages\/368\/revisions"}],"predecessor-version":[{"id":1143,"href":"https:\/\/exceladvisor.org\/es\/wp-json\/wp\/v2\/pages\/368\/revisions\/1143"}],"wp:attachment":[{"href":"https:\/\/exceladvisor.org\/es\/wp-json\/wp\/v2\/media?parent=368"}],"curies":[{"name":"wp","href":"https:\/\/api.w.org\/{rel}","templated":true}]}}