{"id":369,"date":"2023-10-31T18:49:50","date_gmt":"2023-10-31T18:49:50","guid":{"rendered":"https:\/\/exceladvisor.org\/es\/agregar-una-columna\/"},"modified":"2023-12-25T10:23:05","modified_gmt":"2023-12-25T10:23:05","slug":"agregar-una-columna","status":"publish","type":"page","link":"https:\/\/exceladvisor.org\/es\/agregar-una-columna\/","title":{"rendered":"\u00bfc\u00f3mo agregar una columna en excel?"},"content":{"rendered":"<div class=\"excel-antes-del-contenido\" id=\"excel-3723602129\"><script type=\"text\/javascript\">\r\n\tatOptions = {\r\n\t\t'key' : 'c1158f160081d6540a8409e6925dab94',\r\n\t\t'format' : 'iframe',\r\n\t\t'height' : 250,\r\n\t\t'width' : 300,\r\n\t\t'params' : {}\r\n\t};\r\n<\/script>\r\n<script type=\"text\/javascript\" src=\"\/\/www.highperformanceformat.com\/c1158f160081d6540a8409e6925dab94\/invoke.js\"><\/script><\/div><p>Cuando se trabaja en Excel, agregar o eliminar columnas es una tarea com\u00fan y existen varias formas de agregar o insertar columnas en hojas de Excel.<\/p>\n<p> Uno puede elegir una de las formas de agregar o insertar las columnas seg\u00fan sus preferencias.<\/p>\n<h2 id=\"steps-to-insert-a-single-column\" class=\"wp-block-heading\"> Pasos para insertar una sola columna<\/h2>\n<ol>\n<li> Primero, haga clic derecho en cualquier celda de la columna.<\/li>\n<li> Despu\u00e9s de eso, aparecer\u00e1 una ventana emergente con varias opciones.<\/li>\n<li> Ahora haga clic en la opci\u00f3n <strong>\u201cInsertar\u201d<\/strong> . <br \/><img loading=\"lazy\" decoding=\"async\" title=\"\" src=\"https:\/\/exceladvisor.org\/wp-content\/uploads\/2023\/08\/1-option-dinsertion.png\" sizes=\"auto, \" srcset=\"\" alt=\"insert-option\" width=\"599\" height=\"201\"><\/li>\n<li> Despu\u00e9s de eso, haga clic derecho y aparecer\u00e1 una ventana emergente con varias opciones.<\/li>\n<li> Ahora seleccione la opci\u00f3n <strong>\u00abColumna completa\u00bb<\/strong> y haga clic en Aceptar. <br \/><img loading=\"lazy\" decoding=\"async\" title=\"oh\" src=\"https:\/\/exceladvisor.org\/wp-content\/uploads\/2023\/08\/2-selectionner-la-colonne-entiere.png\" sizes=\"auto, \" srcset=\"\" alt=\"select-entire-column\" width=\"192\" height=\"183\"><\/li>\n<li> En este punto, la columna se ha insertado a la izquierda de la celda seleccionada. <br \/><img loading=\"lazy\" decoding=\"async\" title=\"m\u00edn.\" src=\"https:\/\/exceladvisor.org\/wp-content\/uploads\/2023\/08\/3-nouvelle-colonne-inseree.png\" sizes=\"auto, \" srcset=\"\" alt=\"new-inserted-column\" width=\"705\" height=\"162\"><\/li>\n<\/ol>\n<p class=\"qt-tip\"> <strong>Consejo<\/strong> : puede seleccionar todas las columnas, individuales o m\u00faltiples, seleccionando las letras del encabezado de la columna y haciendo clic derecho, luego seleccionando <strong>\u00abInsertar\u00bb<\/strong> en la opci\u00f3n emergente. El n\u00famero de columnas insertadas siempre depende del n\u00famero de columnas que haya seleccionado. <\/p>\n<div class=\"wp-block-image\">\n<figure class=\"aligncenter size-full is-resized\"><img loading=\"lazy\" decoding=\"async\" class=\"wp-image-63688\" src=\"https:\/\/exceladvisor.org\/wp-content\/uploads\/2023\/08\/4-inserer-plusieurs-colonnes-simples.gif\" sizes=\"auto, \" srcset=\"\" alt=\"insertar-una-m\u00faltiples-columnas\" width=\"635\" height=\"223\"><\/figure>\n<\/div>\n<p> Tambi\u00e9n puede insertar la columna de la cinta en la pesta\u00f1a \u00abInicio\u00bb.<\/p>\n<ol>\n<li> Primero, aseg\u00farese de estar en la <strong>pesta\u00f1a \u00abInicio\u00bb<\/strong> , luego haga clic en cualquier celda de la columna. <br \/><img loading=\"lazy\" decoding=\"async\" title=\"pesta\u00f1a de 5 inicios\" src=\"https:\/\/exceladvisor.org\/wp-content\/uploads\/2023\/08\/5-onglet-daccueil.png\" sizes=\"auto, \" srcset=\"\" alt=\"home-tab-sheet\" width=\"554\" height=\"297\"><\/li>\n<li> Aqu\u00ed encontrar\u00e1 el icono <strong>\u00abInsertar\u00bb<\/strong> en el grupo <strong>\u00abceldas\u00bb<\/strong> de la cinta. <br \/><img loading=\"lazy\" decoding=\"async\" title=\"Grupo-de-6-celdas-en-pesta\u00f1a-cinta\" src=\"https:\/\/exceladvisor.org\/wp-content\/uploads\/2023\/08\/Groupe-de-6-cellules-dans-longlet-du-ruban.png\" sizes=\"auto, \" srcset=\"\" alt=\"cells-group-in-ribbon-tab\" width=\"1081\" height=\"110\"><\/li>\n<li> Ahora, haga clic en el icono <strong>\u00abInsertar\u00bb<\/strong> y seleccione <strong>\u00abInsertar columna de hoja\u00bb<\/strong> en el men\u00fa desplegable que aparece. <br \/><img loading=\"lazy\" decoding=\"async\" title=\"7 insertar columnas\" src=\"https:\/\/exceladvisor.org\/wp-content\/uploads\/2023\/08\/7-colonnes-de-feuille-dinsertion.png\" sizes=\"auto, \" srcset=\"\" alt=\"insert-sheet-columns\" width=\"173\" height=\"186\"><\/li>\n<li> En este punto, la columna se ha insertado a la izquierda de la celda de la columna seleccionada. <br \/><img loading=\"lazy\" decoding=\"async\" title=\"8-nuevas-columnas-insertadas\" src=\"https:\/\/exceladvisor.org\/wp-content\/uploads\/2023\/08\/8-nouvelle-colonne-inseree.png\" sizes=\"auto, \" srcset=\"\" alt=\"new-inserted-column\" width=\"657\" height=\"151\"><\/li>\n<\/ol>\n<h2 id=\"add-multiple-columns\" class=\"wp-block-heading\"> Agregar varias columnas<\/h2>\n<ul>\n<li> Para agregar varias columnas, primero debe seleccionar varias celdas en lugar de una sola celda. <br \/><img loading=\"lazy\" decoding=\"async\" title=\"las ells\" src=\"https:\/\/exceladvisor.org\/wp-content\/uploads\/2023\/08\/9-selectionner-plusieurs-cellules.png\" sizes=\"auto, \" srcset=\"\" alt=\"select-multiple-cells\" width=\"603\" height=\"164\"><\/li>\n<li> Despu\u00e9s de eso, haga clic derecho y aparecer\u00e1 una ventana emergente con varias opciones.<\/li>\n<li> Ahora haga clic en la opci\u00f3n <strong>\u201cInsertar\u201d<\/strong> . <br \/><img loading=\"lazy\" decoding=\"async\" title=\"gramo\" src=\"https:\/\/exceladvisor.org\/wp-content\/uploads\/2023\/08\/10-options-dinsertion.png\" sizes=\"auto, \" srcset=\"\" alt=\"insert-option\" width=\"557\" height=\"187\"><\/li>\n<li> Una vez que haga clic en la opci\u00f3n <strong>\u00abInsertar\u00bb<\/strong> , aparecer\u00e1 nuevamente una opci\u00f3n emergente.<\/li>\n<li> Ahora seleccione la opci\u00f3n <strong>\u00abColumna completa\u00bb<\/strong> y haga clic en Aceptar. <br \/><img decoding=\"async\" title=\"luz\" src=\"https:\/\/exceladvisor.org\/wp-content\/uploads\/2023\/08\/11-selectionner-la-colonne-entiere.png\" sizes=\"\" srcset=\"\" alt=\"select-entire-column\"><\/li>\n<li> En este punto, se insertaron tres columnas a la izquierda de las celdas seleccionadas porque ten\u00eda tres celdas seleccionadas. <br \/><img loading=\"lazy\" decoding=\"async\" title=\"columnas d\" src=\"https:\/\/exceladvisor.org\/wp-content\/uploads\/2023\/08\/12-colonnes-inserees-multiples.png\" sizes=\"auto, \" srcset=\"\" alt=\"multiple-inserted-columns\" width=\"917\" height=\"162\"><\/li>\n<li> Para agregar varias columnas \u00abno adyacentes\u00bb, primero debe seleccionar las celdas una por una manteniendo presionada la tecla CTRL en el teclado. <br \/><img loading=\"lazy\" decoding=\"async\" title=\"es\" src=\"https:\/\/exceladvisor.org\/wp-content\/uploads\/2023\/08\/13-cellules-non-adjacentes.png\" sizes=\"auto, \" srcset=\"\" alt=\"non-adjacent-cells\" width=\"613\" height=\"167\"><\/li>\n<li> Una vez que haya seleccionado las celdas, suelte la tecla CTRL<\/li>\n<li> Despu\u00e9s de eso, haga clic derecho y haga clic en la opci\u00f3n <strong>\u00abInsertar\u00bb<\/strong> de las opciones emergentes. <br \/><img loading=\"lazy\" decoding=\"async\" title=\"ion\" src=\"https:\/\/exceladvisor.org\/wp-content\/uploads\/2023\/08\/Option-dinsertion-en-14-clics.png\" sizes=\"auto, \" srcset=\"\" alt=\"click-insert-option\" width=\"586\" height=\"196\"><\/li>\n<li> Ahora seleccione la opci\u00f3n <strong>\u00abColumna completa\u00bb<\/strong> y haga clic en Aceptar.<\/li>\n<li> En este punto, se han insertado columnas \u00abno adyacentes\u00bb a la izquierda de las celdas seleccionadas. <br \/><img loading=\"lazy\" decoding=\"async\" title=\"mmm\" src=\"https:\/\/exceladvisor.org\/wp-content\/uploads\/2023\/08\/16-colonnes-non-adjacentes.png\" sizes=\"auto, \" srcset=\"\" alt=\"non-adjacent-columns\" width=\"863\" height=\"170\"><\/li>\n<\/ul>\n<h2 id=\"insert-a-column-in-excel-table\" class=\"wp-block-heading\"> Insertar una columna en una tabla de Excel<\/h2>\n<p> Cuando convierte su conjunto de datos en un rango de tabla, el m\u00e9todo de inserci\u00f3n de columnas pierde parte de su funcionalidad.<\/p>\n<p> Por ejemplo, no puede insertar columnas no adyacentes todas a la vez como lo har\u00eda en un conjunto de datos normal seleccionando las columnas no adyacentes para insertar columnas a su izquierda.<\/p>\n<p> En el rango de la tabla, si desea insertar varias columnas no adyacentes, debe hacerlo una por una.<\/p>\n<ul>\n<li> Primero, haga clic en cualquier celda de la columna y haga clic derecho.<\/li>\n<li> Ahora, haga clic en la opci\u00f3n <strong>\u00abInsertar\u00bb<\/strong> en la ventana emergente y luego seleccione \u00abColumnas de tabla a la izquierda\u00bb. <br \/><img loading=\"lazy\" decoding=\"async\" title=\"-izquierda\" src=\"https:\/\/exceladvisor.org\/wp-content\/uploads\/2023\/08\/17-colonnes-de-tableau-a-gauche.png\" sizes=\"auto, \" srcset=\"\" alt=\"table-columns-to-the-left\" width=\"688\" height=\"197\"><\/li>\n<li> En este punto, la columna se ha insertado a la izquierda de la celda seleccionada. <br \/><img loading=\"lazy\" decoding=\"async\" title=\"En la imagen\" src=\"https:\/\/exceladvisor.org\/wp-content\/uploads\/2023\/08\/18-colonne-inseree-dans-le-tableau.png\" sizes=\"auto, \" srcset=\"\" alt=\"inserted-column-in-table\" width=\"690\" height=\"192\"><\/li>\n<li> Para insertar varias celdas adyacentes, primero debe seleccionar varias columnas adyacentes.<\/li>\n<li> Ahora, haga clic en la opci\u00f3n <strong>\u00abInsertar\u00bb<\/strong> en la ventana emergente y luego seleccione \u00abColumnas de tabla a la izquierda\u00bb. <br \/><img loading=\"lazy\" decoding=\"async\" title=\"columnas-a-la-izquierda\" src=\"https:\/\/exceladvisor.org\/wp-content\/uploads\/2023\/08\/19-colonnes-de-tableau-multiples-a-gauche.png\" sizes=\"auto, \" srcset=\"\" alt=\"multiple-table-columns-to-the-left\" width=\"814\" height=\"207\"><\/li>\n<li> En este punto, se han insertado dos columnas a la izquierda de las celdas seleccionadas. <br \/><img loading=\"lazy\" decoding=\"async\" title=\"columnas d\" src=\"https:\/\/exceladvisor.org\/wp-content\/uploads\/2023\/08\/20-colonnes-inserees-multiples.png\" sizes=\"auto, \" srcset=\"\" alt=\"multiple-inserted-columns\" width=\"818\" height=\"197\"><\/li>\n<\/ul>\n<h2 id=\"add-a-column-using-a-keyword-shortcut\" class=\"wp-block-heading\"> Agregar una columna usando un atajo de palabra clave<\/h2>\n<ul>\n<li> Primero, haga clic en la celda a la izquierda de la cual desea insertar la columna. <br \/><img loading=\"lazy\" decoding=\"async\" title=\"I\" src=\"https:\/\/exceladvisor.org\/wp-content\/uploads\/2023\/08\/21-cliquez-sur-la-cellule.png\" sizes=\"auto, \" srcset=\"\" alt=\"click-on-the-cell\" width=\"619\" height=\"168\"><\/li>\n<li> Despu\u00e9s de eso, presione el bot\u00f3n CTRL+SHIFT++(m\u00e1s) en su teclado y aparecer\u00e1 una ventana emergente.<\/li>\n<li> Ahora seleccione la opci\u00f3n <strong>\u00abColumna completa\u00bb<\/strong> y haga clic en Aceptar. <br \/><img decoding=\"async\" title=\"opci\u00f3n de luz\" src=\"https:\/\/exceladvisor.org\/wp-content\/uploads\/2023\/08\/22-selectionner-loption-de-colonne-entiere.png\" sizes=\"\" srcset=\"\" alt=\"select-entire-column-option\"><\/li>\n<li> En este punto, la columna se ha insertado a la izquierda de la celda de la columna seleccionada. <br \/><img loading=\"lazy\" decoding=\"async\" title=\"ted\" src=\"https:\/\/exceladvisor.org\/wp-content\/uploads\/2023\/08\/23-nouvelle-colonne-inseree.png\" sizes=\"auto, \" srcset=\"\" alt=\"new-column-inserted\" width=\"741\" height=\"170\"><\/li>\n<\/ul>\n<p> Mi m\u00e9todo abreviado preferido para insertar la(s) columna(s) es seleccionar la columna completa con una tecla de acceso directo a la izquierda de la cual desea insertar la columna.<\/p>\n<ul>\n<li> Para hacer esto, primero haga clic en cualquier celda de la columna y presione CTRL + ESPACIO en el teclado y encontrar\u00e1 que toda la columna ahora est\u00e1 seleccionada. <br \/><img loading=\"lazy\" decoding=\"async\" title=\"luz\" src=\"https:\/\/exceladvisor.org\/wp-content\/uploads\/2023\/08\/24-selectionner-la-colonne-entiere.png\" sizes=\"auto, \" srcset=\"\" alt=\"select-entire-column\" width=\"598\" height=\"208\"><\/li>\n<li> Ahora suelte CTRL + BARRA ESPACIADORA y mantenga presionado SHIFT + CTRL y presione + (signo m\u00e1s) en el teclado.<\/li>\n<li> En este punto, la columna se ha insertado a la izquierda de la celda seleccionada. <br \/><img loading=\"lazy\" decoding=\"async\" title=\"no\" src=\"https:\/\/exceladvisor.org\/wp-content\/uploads\/2023\/08\/25-inserer-une-nouvelle-colonne.png\" sizes=\"auto, \" srcset=\"\" alt=\"insert-new-column\" width=\"712\" height=\"213\"><\/li>\n<\/ul>\n<p class=\"qt-tip\"> <strong>Consejo:<\/strong> Puede presionar + (signo m\u00e1s) varias veces para insertar varias columnas mientras mantiene presionada MAY\u00daS+Control.<\/p>\n<div class=\"gb-container gb-container-4db6181c gb-container-mt\"> <a class=\"gb-button gb-button-c5897111 gb-button-text gb-button-mt-button\" href=\"https:\/\/exceladvisor.org\/es\/conceptos-basicos-de-excel\/\">Conceptos b\u00e1sicos de Microsoft Excel (componentes, piezas y notas de conocimiento)<\/a><\/p>\n<h2 class=\"gb-headline gb-headline-665e5f6b gb-headline-text gb-headline-mt-heading\"> Tutoriales relacionados <\/h2>\n<div class=\"gb-grid-wrapper gb-grid-wrapper-a20baf7c gb-grid-wrapper-mt-grid\">\n<div class=\"gb-grid-column gb-grid-column-65ddf67e\">\n<div class=\"gb-container gb-container-65ddf67e\">\n<ul>\n<li> <a href=\"https:\/\/exceladvisor.org\/es\/agregar-eliminar-hipervinculos\/\">Agregar y eliminar hiperv\u00ednculos en Excel<\/a><\/li>\n<li> <a href=\"https:\/\/exceladvisor.org\/es\/agregar-marca-de-agua\/\">Agregar una marca de agua en Excel<\/a><\/li>\n<li> <a href=\"https:\/\/exceladvisor.org\/es\/eliminar-columnas-de-filas-ocultas\/\">Eliminar filas ocultas en Excel<\/a><\/li>\n<li> <a href=\"https:\/\/exceladvisor.org\/es\/deseleccionar-celdas\/\">Deseleccionar celdas en Excel<\/a> <\/li>\n<\/ul>\n<\/div>\n<\/div>\n<div class=\"gb-grid-column gb-grid-column-50067b57\">\n<div class=\"gb-container gb-container-50067b57\">\n<ul>\n<li> <a href=\"https:\/\/exceladvisor.org\/es\/eliminar-lineas\/\">Eliminar una fila o varias filas en Excel<\/a><\/li>\n<li> <a href=\"https:\/\/exceladvisor.org\/es\/copiar-columna\/\">Copiar y pegar una columna en Excel<\/a><\/li>\n<li> <a href=\"https:\/\/exceladvisor.org\/es\/mover-fila-columna\/\">Mover una fila y columna en Excel<\/a><\/li>\n<li> <a href=\"https:\/\/exceladvisor.org\/es\/ancho-de-columna\/\">C\u00f3mo cambiar el ancho de las columnas en Excel<\/a><\/li>\n<\/ul>\n<\/div>\n<\/div>\n<\/div>\n<\/div>\n","protected":false},"excerpt":{"rendered":"<p>Cuando se trabaja en Excel, agregar o eliminar columnas es una tarea com\u00fan y existen varias formas de agregar o insertar columnas en hojas de Excel. Uno puede elegir una de las formas de agregar o insertar las columnas seg\u00fan sus preferencias. Pasos para insertar una sola columna Primero, haga clic derecho en cualquier celda [&hellip;]<\/p>\n","protected":false},"author":1,"featured_media":0,"parent":0,"menu_order":0,"comment_status":"open","ping_status":"closed","template":"","meta":{"ub_ctt_via":"","footnotes":""},"class_list":["post-369","page","type-page","status-publish","hentry"],"featured_image_src":null,"yoast_head":"<!-- This site is optimized with the Yoast SEO plugin v25.4 - https:\/\/yoast.com\/wordpress\/plugins\/seo\/ -->\n<title>\u00bfc\u00f3mo agregar una columna en excel?<\/title>\n<meta name=\"robots\" content=\"index, follow, max-snippet:-1, max-image-preview:large, max-video-preview:-1\" \/>\n<link rel=\"canonical\" href=\"https:\/\/exceladvisor.org\/es\/agregar-una-columna\/\" \/>\n<meta property=\"og:locale\" content=\"es_ES\" \/>\n<meta property=\"og:type\" content=\"article\" \/>\n<meta property=\"og:title\" content=\"\u00bfc\u00f3mo agregar una columna en excel?\" \/>\n<meta property=\"og:description\" content=\"Cuando se trabaja en Excel, agregar o eliminar columnas es una tarea com\u00fan y existen varias formas de agregar o insertar columnas en hojas de Excel. Uno puede elegir una de las formas de agregar o insertar las columnas seg\u00fan sus preferencias. Pasos para insertar una sola columna Primero, haga clic derecho en cualquier celda [&hellip;]\" \/>\n<meta property=\"og:url\" content=\"https:\/\/exceladvisor.org\/es\/agregar-una-columna\/\" \/>\n<meta property=\"og:site_name\" content=\"Excel Advisor\" \/>\n<meta property=\"article:modified_time\" content=\"2023-12-25T10:23:05+00:00\" \/>\n<meta property=\"og:image\" content=\"https:\/\/exceladvisor.org\/wp-content\/uploads\/2023\/08\/1-option-dinsertion.png\" \/>\n<meta name=\"twitter:card\" content=\"summary_large_image\" \/>\n<meta name=\"twitter:label1\" content=\"Tiempo de lectura\" \/>\n\t<meta name=\"twitter:data1\" content=\"4 minutos\" \/>\n<script type=\"application\/ld+json\" class=\"yoast-schema-graph\">{\"@context\":\"https:\/\/schema.org\",\"@graph\":[{\"@type\":\"WebPage\",\"@id\":\"https:\/\/exceladvisor.org\/es\/agregar-una-columna\/\",\"url\":\"https:\/\/exceladvisor.org\/es\/agregar-una-columna\/\",\"name\":\"\u00bfc\u00f3mo agregar una columna en excel?\",\"isPartOf\":{\"@id\":\"https:\/\/exceladvisor.org\/es\/#website\"},\"primaryImageOfPage\":{\"@id\":\"https:\/\/exceladvisor.org\/es\/agregar-una-columna\/#primaryimage\"},\"image\":{\"@id\":\"https:\/\/exceladvisor.org\/es\/agregar-una-columna\/#primaryimage\"},\"thumbnailUrl\":\"https:\/\/exceladvisor.org\/wp-content\/uploads\/2023\/08\/1-option-dinsertion.png\",\"datePublished\":\"2023-10-31T18:49:50+00:00\",\"dateModified\":\"2023-12-25T10:23:05+00:00\",\"breadcrumb\":{\"@id\":\"https:\/\/exceladvisor.org\/es\/agregar-una-columna\/#breadcrumb\"},\"inLanguage\":\"es\",\"potentialAction\":[{\"@type\":\"ReadAction\",\"target\":[\"https:\/\/exceladvisor.org\/es\/agregar-una-columna\/\"]}]},{\"@type\":\"ImageObject\",\"inLanguage\":\"es\",\"@id\":\"https:\/\/exceladvisor.org\/es\/agregar-una-columna\/#primaryimage\",\"url\":\"https:\/\/exceladvisor.org\/wp-content\/uploads\/2023\/08\/1-option-dinsertion.png\",\"contentUrl\":\"https:\/\/exceladvisor.org\/wp-content\/uploads\/2023\/08\/1-option-dinsertion.png\"},{\"@type\":\"BreadcrumbList\",\"@id\":\"https:\/\/exceladvisor.org\/es\/agregar-una-columna\/#breadcrumb\",\"itemListElement\":[{\"@type\":\"ListItem\",\"position\":1,\"name\":\"Hogar\",\"item\":\"https:\/\/exceladvisor.org\/es\/\"},{\"@type\":\"ListItem\",\"position\":2,\"name\":\"\u00bfc\u00f3mo agregar una columna en excel?\"}]},{\"@type\":\"WebSite\",\"@id\":\"https:\/\/exceladvisor.org\/es\/#website\",\"url\":\"https:\/\/exceladvisor.org\/es\/\",\"name\":\"Excel Advisor\",\"description\":\"Su gu\u00eda para la dominaci\u00f3n de datos!\",\"publisher\":{\"@id\":\"https:\/\/exceladvisor.org\/es\/#organization\"},\"potentialAction\":[{\"@type\":\"SearchAction\",\"target\":{\"@type\":\"EntryPoint\",\"urlTemplate\":\"https:\/\/exceladvisor.org\/es\/?s={search_term_string}\"},\"query-input\":{\"@type\":\"PropertyValueSpecification\",\"valueRequired\":true,\"valueName\":\"search_term_string\"}}],\"inLanguage\":\"es\"},{\"@type\":\"Organization\",\"@id\":\"https:\/\/exceladvisor.org\/es\/#organization\",\"name\":\"Excel Advisor\",\"url\":\"https:\/\/exceladvisor.org\/es\/\",\"logo\":{\"@type\":\"ImageObject\",\"inLanguage\":\"es\",\"@id\":\"https:\/\/exceladvisor.org\/es\/#\/schema\/logo\/image\/\",\"url\":\"https:\/\/exceladvisor.org\/es\/wp-content\/uploads\/2023\/12\/exceladvisor.org_.png\",\"contentUrl\":\"https:\/\/exceladvisor.org\/es\/wp-content\/uploads\/2023\/12\/exceladvisor.org_.png\",\"width\":105,\"height\":36,\"caption\":\"Excel Advisor\"},\"image\":{\"@id\":\"https:\/\/exceladvisor.org\/es\/#\/schema\/logo\/image\/\"}}]}<\/script>\n<!-- \/ Yoast SEO plugin. -->","yoast_head_json":{"title":"\u00bfc\u00f3mo agregar una columna en excel?","robots":{"index":"index","follow":"follow","max-snippet":"max-snippet:-1","max-image-preview":"max-image-preview:large","max-video-preview":"max-video-preview:-1"},"canonical":"https:\/\/exceladvisor.org\/es\/agregar-una-columna\/","og_locale":"es_ES","og_type":"article","og_title":"\u00bfc\u00f3mo agregar una columna en excel?","og_description":"Cuando se trabaja en Excel, agregar o eliminar columnas es una tarea com\u00fan y existen varias formas de agregar o insertar columnas en hojas de Excel. Uno puede elegir una de las formas de agregar o insertar las columnas seg\u00fan sus preferencias. Pasos para insertar una sola columna Primero, haga clic derecho en cualquier celda [&hellip;]","og_url":"https:\/\/exceladvisor.org\/es\/agregar-una-columna\/","og_site_name":"Excel Advisor","article_modified_time":"2023-12-25T10:23:05+00:00","og_image":[{"url":"https:\/\/exceladvisor.org\/wp-content\/uploads\/2023\/08\/1-option-dinsertion.png","type":"","width":"","height":""}],"twitter_card":"summary_large_image","twitter_misc":{"Tiempo de lectura":"4 minutos"},"schema":{"@context":"https:\/\/schema.org","@graph":[{"@type":"WebPage","@id":"https:\/\/exceladvisor.org\/es\/agregar-una-columna\/","url":"https:\/\/exceladvisor.org\/es\/agregar-una-columna\/","name":"\u00bfc\u00f3mo agregar una columna en excel?","isPartOf":{"@id":"https:\/\/exceladvisor.org\/es\/#website"},"primaryImageOfPage":{"@id":"https:\/\/exceladvisor.org\/es\/agregar-una-columna\/#primaryimage"},"image":{"@id":"https:\/\/exceladvisor.org\/es\/agregar-una-columna\/#primaryimage"},"thumbnailUrl":"https:\/\/exceladvisor.org\/wp-content\/uploads\/2023\/08\/1-option-dinsertion.png","datePublished":"2023-10-31T18:49:50+00:00","dateModified":"2023-12-25T10:23:05+00:00","breadcrumb":{"@id":"https:\/\/exceladvisor.org\/es\/agregar-una-columna\/#breadcrumb"},"inLanguage":"es","potentialAction":[{"@type":"ReadAction","target":["https:\/\/exceladvisor.org\/es\/agregar-una-columna\/"]}]},{"@type":"ImageObject","inLanguage":"es","@id":"https:\/\/exceladvisor.org\/es\/agregar-una-columna\/#primaryimage","url":"https:\/\/exceladvisor.org\/wp-content\/uploads\/2023\/08\/1-option-dinsertion.png","contentUrl":"https:\/\/exceladvisor.org\/wp-content\/uploads\/2023\/08\/1-option-dinsertion.png"},{"@type":"BreadcrumbList","@id":"https:\/\/exceladvisor.org\/es\/agregar-una-columna\/#breadcrumb","itemListElement":[{"@type":"ListItem","position":1,"name":"Hogar","item":"https:\/\/exceladvisor.org\/es\/"},{"@type":"ListItem","position":2,"name":"\u00bfc\u00f3mo agregar una columna en excel?"}]},{"@type":"WebSite","@id":"https:\/\/exceladvisor.org\/es\/#website","url":"https:\/\/exceladvisor.org\/es\/","name":"Excel Advisor","description":"Su gu\u00eda para la dominaci\u00f3n de datos!","publisher":{"@id":"https:\/\/exceladvisor.org\/es\/#organization"},"potentialAction":[{"@type":"SearchAction","target":{"@type":"EntryPoint","urlTemplate":"https:\/\/exceladvisor.org\/es\/?s={search_term_string}"},"query-input":{"@type":"PropertyValueSpecification","valueRequired":true,"valueName":"search_term_string"}}],"inLanguage":"es"},{"@type":"Organization","@id":"https:\/\/exceladvisor.org\/es\/#organization","name":"Excel Advisor","url":"https:\/\/exceladvisor.org\/es\/","logo":{"@type":"ImageObject","inLanguage":"es","@id":"https:\/\/exceladvisor.org\/es\/#\/schema\/logo\/image\/","url":"https:\/\/exceladvisor.org\/es\/wp-content\/uploads\/2023\/12\/exceladvisor.org_.png","contentUrl":"https:\/\/exceladvisor.org\/es\/wp-content\/uploads\/2023\/12\/exceladvisor.org_.png","width":105,"height":36,"caption":"Excel Advisor"},"image":{"@id":"https:\/\/exceladvisor.org\/es\/#\/schema\/logo\/image\/"}}]}},"yoast_meta":{"yoast_wpseo_title":"","yoast_wpseo_metadesc":"","yoast_wpseo_canonical":""},"_links":{"self":[{"href":"https:\/\/exceladvisor.org\/es\/wp-json\/wp\/v2\/pages\/369","targetHints":{"allow":["GET"]}}],"collection":[{"href":"https:\/\/exceladvisor.org\/es\/wp-json\/wp\/v2\/pages"}],"about":[{"href":"https:\/\/exceladvisor.org\/es\/wp-json\/wp\/v2\/types\/page"}],"author":[{"embeddable":true,"href":"https:\/\/exceladvisor.org\/es\/wp-json\/wp\/v2\/users\/1"}],"replies":[{"embeddable":true,"href":"https:\/\/exceladvisor.org\/es\/wp-json\/wp\/v2\/comments?post=369"}],"version-history":[{"count":1,"href":"https:\/\/exceladvisor.org\/es\/wp-json\/wp\/v2\/pages\/369\/revisions"}],"predecessor-version":[{"id":816,"href":"https:\/\/exceladvisor.org\/es\/wp-json\/wp\/v2\/pages\/369\/revisions\/816"}],"wp:attachment":[{"href":"https:\/\/exceladvisor.org\/es\/wp-json\/wp\/v2\/media?parent=369"}],"curies":[{"name":"wp","href":"https:\/\/api.w.org\/{rel}","templated":true}]}}